{"id":693,"date":"2023-10-04T19:49:02","date_gmt":"2023-10-04T16:49:02","guid":{"rendered":"https:\/\/minubaltic.ee\/?post_type=product&#038;p=693"},"modified":"2025-03-04T23:56:42","modified_gmt":"2025-03-04T20:56:42","slug":"puuvillane-ratik-70x140","status":"publish","type":"product","link":"https:\/\/minubaltic.ee\/lv\/e-pood\/dvieli\/puuvillane-ratik-70x140\/","title":{"rendered":"Puuvillane r\u00e4tik 70&#215;140"},"content":{"rendered":"<ul>\n<li><span class=\"product-attribute__label\"><strong>Kanga koostis:<\/strong>\u00a0<\/span><span class=\"product-attribute__value\" data-attribute-code=\"fabric_composition\">100% puuvill<\/span><\/li>\n<li><strong>Komplektis:<\/strong> 1 tk<\/li>\n<li><strong>M\u00f5\u00f5dud: <\/strong>70&#215;140 cm<\/li>\n<li><strong>V\u00e4rv:<\/strong> Valge<\/li>\n<li><strong>Kaal:<\/strong> 400g\/m2<\/li>\n<\/ul>\n","protected":false},"excerpt":{"rendered":"<p>Kanga koostis:\u00a0100% puuvill Komplektis: 1 tk M\u00f5\u00f5dud: 70&#215;140 cm V\u00e4rv: Valge Kaal: 400g\/m2<\/p>\n","protected":false},"featured_media":694,"comment_status":"open","ping_status":"closed","template":"","meta":[],"product_brand":[],"product_cat":[24,45],"product_tag":[156,158,162,170,160],"class_list":{"0":"post-693","1":"product","2":"type-product","3":"status-publish","4":"has-post-thumbnail","6":"product_cat-ratikud","7":"product_cat-saunalinad","8":"product_tag-e-kaubandus","9":"product_tag-e-pood","10":"product_tag-kodutekstiilid","11":"product_tag-ratikud","12":"product_tag-e-tekstiil","14":"first","15":"outofstock","16":"shipping-taxable","17":"purchasable","18":"product-type-simple"},"yoast_head":"<!-- This site is optimized with the Yoast SEO plugin v27.6 - https:\/\/yoast.com\/product\/yoast-seo-wordpress\/ -->\n<title>Puuvillane r\u00e4tik 70x140 - R\u00e4tikute ostmine veebis, Kiire tarne<\/title>\n<meta name=\"description\" content=\"Eripakkumised r\u00e4tikutele, Taskukohased r\u00e4tikud, Kaasaegsed kodukaubad, R\u00e4tikute ostmine veebis, Kiire tarne r\u00e4tikutele, R\u00e4tikute hooldusn\u00f5uanded, Saunalinad\" \/>\n<meta name=\"robots\" content=\"index, follow, max-snippet:-1, max-image-preview:large, max-video-preview:-1\" \/>\n<link rel=\"canonical\" href=\"https:\/\/minubaltic.ee\/lv\/e-pood\/dvieli\/puuvillane-ratik-70x140\/\" \/>\n<meta property=\"og:locale\" content=\"lv_LV\" \/>\n<meta property=\"og:type\" content=\"article\" \/>\n<meta property=\"og:title\" content=\"Puuvillane r\u00e4tik 70x140 - R\u00e4tikute ostmine veebis, Kiire tarne\" \/>\n<meta property=\"og:description\" content=\"Eripakkumised r\u00e4tikutele, Taskukohased r\u00e4tikud, Kaasaegsed kodukaubad, R\u00e4tikute ostmine veebis, Kiire tarne r\u00e4tikutele, R\u00e4tikute hooldusn\u00f5uanded, Saunalinad\" \/>\n<meta property=\"og:url\" content=\"https:\/\/minubaltic.ee\/lv\/e-pood\/dvieli\/puuvillane-ratik-70x140\/\" \/>\n<meta property=\"article:publisher\" content=\"https:\/\/www.facebook.com\/minubaltic\" \/>\n<meta property=\"article:modified_time\" content=\"2025-03-04T20:56:42+00:00\" \/>\n<meta property=\"og:image\" content=\"https:\/\/minubaltic.ee\/wp-content\/uploads\/2023\/10\/Ratikud-versa-2.png\" \/>\n\t<meta property=\"og:image:width\" content=\"483\" \/>\n\t<meta property=\"og:image:height\" content=\"497\" \/>\n\t<meta property=\"og:image:type\" content=\"image\/png\" \/>\n<meta name=\"twitter:card\" content=\"summary_large_image\" \/>\n<meta name=\"twitter:label1\" content=\"Est. reading time\" \/>\n\t<meta name=\"twitter:data1\" content=\"1 minute\" \/>\n<script type=\"application\/ld+json\" class=\"yoast-schema-graph\">{\"@context\":\"https:\\\/\\\/schema.org\",\"@graph\":[{\"@type\":\"WebPage\",\"@id\":\"https:\\\/\\\/minubaltic.ee\\\/lv\\\/e-pood\\\/dvieli\\\/puuvillane-ratik-70x140\\\/\",\"url\":\"https:\\\/\\\/minubaltic.ee\\\/lv\\\/e-pood\\\/dvieli\\\/puuvillane-ratik-70x140\\\/\",\"name\":\"Puuvillane r\u00e4tik 70x140 - R\u00e4tikute ostmine veebis, Kiire tarne\",\"isPartOf\":{\"@id\":\"https:\\\/\\\/minubaltic.ee\\\/lv\\\/#website\"},\"primaryImageOfPage\":{\"@id\":\"https:\\\/\\\/minubaltic.ee\\\/lv\\\/e-pood\\\/dvieli\\\/puuvillane-ratik-70x140\\\/#primaryimage\"},\"image\":{\"@id\":\"https:\\\/\\\/minubaltic.ee\\\/lv\\\/e-pood\\\/dvieli\\\/puuvillane-ratik-70x140\\\/#primaryimage\"},\"thumbnailUrl\":\"https:\\\/\\\/minubaltic.ee\\\/wp-content\\\/uploads\\\/2023\\\/10\\\/Ratikud-versa-2.png\",\"datePublished\":\"2023-10-04T16:49:02+00:00\",\"dateModified\":\"2025-03-04T20:56:42+00:00\",\"description\":\"Eripakkumised r\u00e4tikutele, Taskukohased r\u00e4tikud, Kaasaegsed kodukaubad, R\u00e4tikute ostmine veebis, Kiire tarne r\u00e4tikutele, R\u00e4tikute hooldusn\u00f5uanded, Saunalinad\",\"breadcrumb\":{\"@id\":\"https:\\\/\\\/minubaltic.ee\\\/lv\\\/e-pood\\\/dvieli\\\/puuvillane-ratik-70x140\\\/#breadcrumb\"},\"inLanguage\":\"lv-LV\",\"potentialAction\":[{\"@type\":\"ReadAction\",\"target\":[\"https:\\\/\\\/minubaltic.ee\\\/lv\\\/e-pood\\\/dvieli\\\/puuvillane-ratik-70x140\\\/\"]}]},{\"@type\":\"ImageObject\",\"inLanguage\":\"lv-LV\",\"@id\":\"https:\\\/\\\/minubaltic.ee\\\/lv\\\/e-pood\\\/dvieli\\\/puuvillane-ratik-70x140\\\/#primaryimage\",\"url\":\"https:\\\/\\\/minubaltic.ee\\\/wp-content\\\/uploads\\\/2023\\\/10\\\/Ratikud-versa-2.png\",\"contentUrl\":\"https:\\\/\\\/minubaltic.ee\\\/wp-content\\\/uploads\\\/2023\\\/10\\\/Ratikud-versa-2.png\",\"width\":483,\"height\":497},{\"@type\":\"BreadcrumbList\",\"@id\":\"https:\\\/\\\/minubaltic.ee\\\/lv\\\/e-pood\\\/dvieli\\\/puuvillane-ratik-70x140\\\/#breadcrumb\",\"itemListElement\":[{\"@type\":\"ListItem\",\"position\":1,\"name\":\"S\u0101kums\",\"item\":\"https:\\\/\\\/minubaltic.ee\\\/lv\\\/\"},{\"@type\":\"ListItem\",\"position\":2,\"name\":\"E-veikals\",\"item\":\"https:\\\/\\\/minubaltic.ee\\\/lv\\\/e-veikals\\\/\"},{\"@type\":\"ListItem\",\"position\":3,\"name\":\"Puuvillane r\u00e4tik 70&#215;140\"}]},{\"@type\":\"WebSite\",\"@id\":\"https:\\\/\\\/minubaltic.ee\\\/lv\\\/#website\",\"url\":\"https:\\\/\\\/minubaltic.ee\\\/lv\\\/\",\"name\":\"minubaltic.ee\",\"description\":\"\",\"publisher\":{\"@id\":\"https:\\\/\\\/minubaltic.ee\\\/lv\\\/#organization\"},\"potentialAction\":[{\"@type\":\"SearchAction\",\"target\":{\"@type\":\"EntryPoint\",\"urlTemplate\":\"https:\\\/\\\/minubaltic.ee\\\/lv\\\/?s={search_term_string}\"},\"query-input\":{\"@type\":\"PropertyValueSpecification\",\"valueRequired\":true,\"valueName\":\"search_term_string\"}}],\"inLanguage\":\"lv-LV\"},{\"@type\":\"Organization\",\"@id\":\"https:\\\/\\\/minubaltic.ee\\\/lv\\\/#organization\",\"name\":\"Minu Baltic O\u00dc\",\"url\":\"https:\\\/\\\/minubaltic.ee\\\/lv\\\/\",\"logo\":{\"@type\":\"ImageObject\",\"inLanguage\":\"lv-LV\",\"@id\":\"https:\\\/\\\/minubaltic.ee\\\/lv\\\/#\\\/schema\\\/logo\\\/image\\\/\",\"url\":\"https:\\\/\\\/minubaltic.ee\\\/wp-content\\\/uploads\\\/2023\\\/10\\\/cropped-cropped-cropped-logo.png\",\"contentUrl\":\"https:\\\/\\\/minubaltic.ee\\\/wp-content\\\/uploads\\\/2023\\\/10\\\/cropped-cropped-cropped-logo.png\",\"width\":500,\"height\":237,\"caption\":\"Minu Baltic O\u00dc\"},\"image\":{\"@id\":\"https:\\\/\\\/minubaltic.ee\\\/lv\\\/#\\\/schema\\\/logo\\\/image\\\/\"},\"sameAs\":[\"https:\\\/\\\/www.facebook.com\\\/minubaltic\"]}]}<\/script>\n<!-- \/ Yoast SEO plugin. -->","yoast_head_json":{"title":"Puuvillane r\u00e4tik 70x140 - R\u00e4tikute ostmine veebis, Kiire tarne","description":"Eripakkumised r\u00e4tikutele, Taskukohased r\u00e4tikud, Kaasaegsed kodukaubad, R\u00e4tikute ostmine veebis, Kiire tarne r\u00e4tikutele, R\u00e4tikute hooldusn\u00f5uanded, Saunalinad","robots":{"index":"index","follow":"follow","max-snippet":"max-snippet:-1","max-image-preview":"max-image-preview:large","max-video-preview":"max-video-preview:-1"},"canonical":"https:\/\/minubaltic.ee\/lv\/e-pood\/dvieli\/puuvillane-ratik-70x140\/","og_locale":"lv_LV","og_type":"article","og_title":"Puuvillane r\u00e4tik 70x140 - R\u00e4tikute ostmine veebis, Kiire tarne","og_description":"Eripakkumised r\u00e4tikutele, Taskukohased r\u00e4tikud, Kaasaegsed kodukaubad, R\u00e4tikute ostmine veebis, Kiire tarne r\u00e4tikutele, R\u00e4tikute hooldusn\u00f5uanded, Saunalinad","og_url":"https:\/\/minubaltic.ee\/lv\/e-pood\/dvieli\/puuvillane-ratik-70x140\/","article_publisher":"https:\/\/www.facebook.com\/minubaltic","article_modified_time":"2025-03-04T20:56:42+00:00","og_image":[{"width":483,"height":497,"url":"https:\/\/minubaltic.ee\/wp-content\/uploads\/2023\/10\/Ratikud-versa-2.png","type":"image\/png"}],"twitter_card":"summary_large_image","twitter_misc":{"Est. reading time":"1 minute"},"schema":{"@context":"https:\/\/schema.org","@graph":[{"@type":"WebPage","@id":"https:\/\/minubaltic.ee\/lv\/e-pood\/dvieli\/puuvillane-ratik-70x140\/","url":"https:\/\/minubaltic.ee\/lv\/e-pood\/dvieli\/puuvillane-ratik-70x140\/","name":"Puuvillane r\u00e4tik 70x140 - R\u00e4tikute ostmine veebis, Kiire tarne","isPartOf":{"@id":"https:\/\/minubaltic.ee\/lv\/#website"},"primaryImageOfPage":{"@id":"https:\/\/minubaltic.ee\/lv\/e-pood\/dvieli\/puuvillane-ratik-70x140\/#primaryimage"},"image":{"@id":"https:\/\/minubaltic.ee\/lv\/e-pood\/dvieli\/puuvillane-ratik-70x140\/#primaryimage"},"thumbnailUrl":"https:\/\/minubaltic.ee\/wp-content\/uploads\/2023\/10\/Ratikud-versa-2.png","datePublished":"2023-10-04T16:49:02+00:00","dateModified":"2025-03-04T20:56:42+00:00","description":"Eripakkumised r\u00e4tikutele, Taskukohased r\u00e4tikud, Kaasaegsed kodukaubad, R\u00e4tikute ostmine veebis, Kiire tarne r\u00e4tikutele, R\u00e4tikute hooldusn\u00f5uanded, Saunalinad","breadcrumb":{"@id":"https:\/\/minubaltic.ee\/lv\/e-pood\/dvieli\/puuvillane-ratik-70x140\/#breadcrumb"},"inLanguage":"lv-LV","potentialAction":[{"@type":"ReadAction","target":["https:\/\/minubaltic.ee\/lv\/e-pood\/dvieli\/puuvillane-ratik-70x140\/"]}]},{"@type":"ImageObject","inLanguage":"lv-LV","@id":"https:\/\/minubaltic.ee\/lv\/e-pood\/dvieli\/puuvillane-ratik-70x140\/#primaryimage","url":"https:\/\/minubaltic.ee\/wp-content\/uploads\/2023\/10\/Ratikud-versa-2.png","contentUrl":"https:\/\/minubaltic.ee\/wp-content\/uploads\/2023\/10\/Ratikud-versa-2.png","width":483,"height":497},{"@type":"BreadcrumbList","@id":"https:\/\/minubaltic.ee\/lv\/e-pood\/dvieli\/puuvillane-ratik-70x140\/#breadcrumb","itemListElement":[{"@type":"ListItem","position":1,"name":"S\u0101kums","item":"https:\/\/minubaltic.ee\/lv\/"},{"@type":"ListItem","position":2,"name":"E-veikals","item":"https:\/\/minubaltic.ee\/lv\/e-veikals\/"},{"@type":"ListItem","position":3,"name":"Puuvillane r\u00e4tik 70&#215;140"}]},{"@type":"WebSite","@id":"https:\/\/minubaltic.ee\/lv\/#website","url":"https:\/\/minubaltic.ee\/lv\/","name":"minubaltic.ee","description":"","publisher":{"@id":"https:\/\/minubaltic.ee\/lv\/#organization"},"potentialAction":[{"@type":"SearchAction","target":{"@type":"EntryPoint","urlTemplate":"https:\/\/minubaltic.ee\/lv\/?s={search_term_string}"},"query-input":{"@type":"PropertyValueSpecification","valueRequired":true,"valueName":"search_term_string"}}],"inLanguage":"lv-LV"},{"@type":"Organization","@id":"https:\/\/minubaltic.ee\/lv\/#organization","name":"Minu Baltic O\u00dc","url":"https:\/\/minubaltic.ee\/lv\/","logo":{"@type":"ImageObject","inLanguage":"lv-LV","@id":"https:\/\/minubaltic.ee\/lv\/#\/schema\/logo\/image\/","url":"https:\/\/minubaltic.ee\/wp-content\/uploads\/2023\/10\/cropped-cropped-cropped-logo.png","contentUrl":"https:\/\/minubaltic.ee\/wp-content\/uploads\/2023\/10\/cropped-cropped-cropped-logo.png","width":500,"height":237,"caption":"Minu Baltic O\u00dc"},"image":{"@id":"https:\/\/minubaltic.ee\/lv\/#\/schema\/logo\/image\/"},"sameAs":["https:\/\/www.facebook.com\/minubaltic"]}]}},"_links":{"self":[{"href":"https:\/\/minubaltic.ee\/lv\/wp-json\/wp\/v2\/product\/693","targetHints":{"allow":["GET"]}}],"collection":[{"href":"https:\/\/minubaltic.ee\/lv\/wp-json\/wp\/v2\/product"}],"about":[{"href":"https:\/\/minubaltic.ee\/lv\/wp-json\/wp\/v2\/types\/product"}],"replies":[{"embeddable":true,"href":"https:\/\/minubaltic.ee\/lv\/wp-json\/wp\/v2\/comments?post=693"}],"version-history":[{"count":1,"href":"https:\/\/minubaltic.ee\/lv\/wp-json\/wp\/v2\/product\/693\/revisions"}],"predecessor-version":[{"id":43704,"href":"https:\/\/minubaltic.ee\/lv\/wp-json\/wp\/v2\/product\/693\/revisions\/43704"}],"wp:featuredmedia":[{"embeddable":true,"href":"https:\/\/minubaltic.ee\/lv\/wp-json\/wp\/v2\/media\/694"}],"wp:attachment":[{"href":"https:\/\/minubaltic.ee\/lv\/wp-json\/wp\/v2\/media?parent=693"}],"wp:term":[{"taxonomy":"product_brand","embeddable":true,"href":"https:\/\/minubaltic.ee\/lv\/wp-json\/wp\/v2\/product_brand?post=693"},{"taxonomy":"product_cat","embeddable":true,"href":"https:\/\/minubaltic.ee\/lv\/wp-json\/wp\/v2\/product_cat?post=693"},{"taxonomy":"product_tag","embeddable":true,"href":"https:\/\/minubaltic.ee\/lv\/wp-json\/wp\/v2\/product_tag?post=693"}],"curies":[{"name":"wp","href":"https:\/\/api.w.org\/{rel}","templated":true}]}}