{"id":45003,"date":"2025-09-04T10:32:49","date_gmt":"2025-09-04T07:32:49","guid":{"rendered":"https:\/\/minubaltic.ee\/?post_type=product&#038;p=45003"},"modified":"2025-09-04T10:42:36","modified_gmt":"2025-09-04T07:42:36","slug":"kanepju-palags-burgundija","status":"publish","type":"product","link":"https:\/\/minubaltic.ee\/lv\/e-pood\/gultas-vela\/kanepju-palags-burgundija\/","title":{"rendered":"Ka\u0146epju palags &#8211; Burgundija"},"content":{"rendered":"<p>100% ka\u0146epju gultas palags ir hipoaler\u0123isks un antibakteri\u0101ls.<\/p>\n<p><strong>Kr\u0101sa:<\/strong> Burgundija<br \/>\n<strong>Materi\u0101ls:<\/strong> 100% Ka\u0146epes, 180 g\/m2<br \/>\n<strong>Izm\u0113rs:<\/strong> 220\u00d7240<\/p>\n<p>Ka\u0146epju palags ir lieliska izv\u0113le tiem, kas sav\u0101 gu\u013camistab\u0101 augstu v\u0113rt\u0113 dabu, komfortu un stilu. T\u0101 ir videi draudz\u012bga izv\u0113le, kas rada m\u0101j\u012bgu un dabisku atmosf\u0113ru un nodro\u0161ina \u0113rtu un vesel\u012bgu miegu.<\/p>\n","protected":false},"excerpt":{"rendered":"<p>Ka\u0146epju palags ir ne tikai praktiska un iztur\u012bga izv\u0113le, bet ar\u012b stil\u012bgs un moderns jebkuras gu\u013camistabas papildin\u0101jums. Ka\u0146epju unik\u0101l\u0101 tekst\u016bra un dabisk\u0101 kr\u0101sa rada elegantu un lauku atmosf\u0113ru, kas lieliski sader ar da\u017e\u0101diem interjera stiliem. Papildus tam, ka ka\u0146epju gultas palags ir \u0113rts un elpojo\u0161s, tas ir ar\u012b bez aler\u0123ij\u0101m un antibakteri\u0101ls, kas nodro\u0161ina labu un vesel\u012bgu miegu visas nakts garum\u0101.<\/p>\n<p>Ka\u0146epju gultas palagu ir ar\u012b viegli kopt, jo to var mazg\u0101t ve\u013cas ma\u0161\u012bn\u0101 un t\u0101 saglab\u0101 savu kvalit\u0101ti pat p\u0113c vair\u0101kiem mazg\u0101\u0161anas cikliem. Ka\u0146epes ar\u012b \u0101tri iz\u017e\u016bst, kas padara to par ide\u0101lu izv\u0113li tiem, kas nov\u0113rt\u0113 praktiskumu un komfortu. Turkl\u0101t ka\u0146epju audz\u0113\u0161ana ir videi draudz\u012bga izv\u0113le, jo nekait\u0113 dabai.<\/p>\n<p><img loading=\"lazy\" decoding=\"async\" class=\" wd-lazy-fade alignnone wp-image-21480\" src=\"https:\/\/minubaltic.ee\/wp-content\/themes\/woodmart\/images\/lazy.svg\" data-src=\"https:\/\/minubaltic.ee\/wp-content\/uploads\/2024\/03\/image-removebg-preview-70-400x264.png\" alt=\"\" width=\"156\" height=\"103\" srcset=\"\" data-srcset=\"https:\/\/minubaltic.ee\/wp-content\/uploads\/2024\/03\/image-removebg-preview-70-400x264.png 400w, https:\/\/minubaltic.ee\/wp-content\/uploads\/2024\/03\/image-removebg-preview-70-430x284.png 430w, https:\/\/minubaltic.ee\/wp-content\/uploads\/2024\/03\/image-removebg-preview-70-150x99.png 150w, https:\/\/minubaltic.ee\/wp-content\/uploads\/2024\/03\/image-removebg-preview-70.png 615w\" sizes=\"auto, (max-width: 156px) 100vw, 156px\" \/><img loading=\"lazy\" decoding=\"async\" class=\" wd-lazy-fade alignnone wp-image-26543\" src=\"https:\/\/minubaltic.ee\/wp-content\/themes\/woodmart\/images\/lazy.svg\" data-src=\"https:\/\/minubaltic.ee\/wp-content\/uploads\/2024\/05\/hemp-logo-300x300.png\" alt=\"\" width=\"93\" height=\"93\" srcset=\"\" data-srcset=\"https:\/\/minubaltic.ee\/wp-content\/uploads\/2024\/05\/hemp-logo-300x300.png 300w, https:\/\/minubaltic.ee\/wp-content\/uploads\/2024\/05\/hemp-logo-800x800.png 800w, https:\/\/minubaltic.ee\/wp-content\/uploads\/2024\/05\/hemp-logo-150x150.png 150w, https:\/\/minubaltic.ee\/wp-content\/uploads\/2024\/05\/hemp-logo-768x768.png 768w, https:\/\/minubaltic.ee\/wp-content\/uploads\/2024\/05\/hemp-logo-430x430.png 430w, https:\/\/minubaltic.ee\/wp-content\/uploads\/2024\/05\/hemp-logo-700x700.png 700w, https:\/\/minubaltic.ee\/wp-content\/uploads\/2024\/05\/hemp-logo.png 940w\" sizes=\"auto, (max-width: 93px) 100vw, 93px\" \/><\/p>\n","protected":false},"featured_media":45008,"comment_status":"open","ping_status":"closed","template":"","meta":[],"product_brand":[],"product_cat":[455,693,700,767],"product_tag":[460,461],"class_list":{"0":"post-45003","1":"product","2":"type-product","3":"status-publish","4":"has-post-thumbnail","6":"product_cat-gultas-vela","7":"product_cat-kanepju-gultas-vela","8":"product_cat-kanepju-palagi","9":"product_cat-organiska-gultas-vela","10":"product_tag-e-veikals","11":"product_tag-majas-tekstils","13":"first","14":"instock","15":"shipping-taxable","16":"purchasable","17":"product-type-simple"},"yoast_head":"<!-- This site is optimized with the Yoast SEO plugin v27.3 - https:\/\/yoast.com\/product\/yoast-seo-wordpress\/ -->\n<title>Ka\u0146epju palags - Burgundija - 100% dab\u012bgas ka\u0146epes<\/title>\n<meta name=\"description\" content=\"Ka\u0146epju palags ir \u012bpa\u0161i iztur\u012bga un ilgm\u016b\u017e\u012bga, vienlaikus saglab\u0101jot maigumu un elpojam\u012bbu. Vesel\u012bga un dabiska izv\u0113le gu\u013camistabai.\" \/>\n<meta name=\"robots\" content=\"index, follow, max-snippet:-1, max-image-preview:large, max-video-preview:-1\" \/>\n<link rel=\"canonical\" href=\"https:\/\/minubaltic.ee\/lv\/e-pood\/gultas-vela\/kanepju-palags-burgundija\/\" \/>\n<meta property=\"og:locale\" content=\"lv_LV\" \/>\n<meta property=\"og:type\" content=\"article\" \/>\n<meta property=\"og:title\" content=\"Ka\u0146epju palags - Burgundija - 100% dab\u012bgas ka\u0146epes\" \/>\n<meta property=\"og:description\" content=\"Ka\u0146epju palags ir \u012bpa\u0161i iztur\u012bga un ilgm\u016b\u017e\u012bga, vienlaikus saglab\u0101jot maigumu un elpojam\u012bbu. Vesel\u012bga un dabiska izv\u0113le gu\u013camistabai.\" \/>\n<meta property=\"og:url\" content=\"https:\/\/minubaltic.ee\/lv\/e-pood\/gultas-vela\/kanepju-palags-burgundija\/\" \/>\n<meta property=\"article:publisher\" content=\"https:\/\/www.facebook.com\/minubaltic\" \/>\n<meta property=\"article:modified_time\" content=\"2025-09-04T07:42:36+00:00\" \/>\n<meta property=\"og:image\" content=\"https:\/\/minubaltic.ee\/wp-content\/uploads\/2025\/09\/Kanepist-voodilina-Burgundia.jpg\" \/>\n\t<meta property=\"og:image:width\" content=\"800\" \/>\n\t<meta property=\"og:image:height\" content=\"800\" \/>\n\t<meta property=\"og:image:type\" content=\"image\/jpeg\" \/>\n<meta name=\"twitter:card\" content=\"summary_large_image\" \/>\n<meta name=\"twitter:label1\" content=\"Est. reading time\" \/>\n\t<meta name=\"twitter:data1\" content=\"1 minute\" \/>\n<script type=\"application\/ld+json\" class=\"yoast-schema-graph\">{\"@context\":\"https:\\\/\\\/schema.org\",\"@graph\":[{\"@type\":\"WebPage\",\"@id\":\"https:\\\/\\\/minubaltic.ee\\\/lv\\\/e-pood\\\/gultas-vela\\\/kanepju-palags-burgundija\\\/\",\"url\":\"https:\\\/\\\/minubaltic.ee\\\/lv\\\/e-pood\\\/gultas-vela\\\/kanepju-palags-burgundija\\\/\",\"name\":\"Ka\u0146epju palags - Burgundija - 100% dab\u012bgas ka\u0146epes\",\"isPartOf\":{\"@id\":\"https:\\\/\\\/minubaltic.ee\\\/lv\\\/#website\"},\"primaryImageOfPage\":{\"@id\":\"https:\\\/\\\/minubaltic.ee\\\/lv\\\/e-pood\\\/gultas-vela\\\/kanepju-palags-burgundija\\\/#primaryimage\"},\"image\":{\"@id\":\"https:\\\/\\\/minubaltic.ee\\\/lv\\\/e-pood\\\/gultas-vela\\\/kanepju-palags-burgundija\\\/#primaryimage\"},\"thumbnailUrl\":\"https:\\\/\\\/minubaltic.ee\\\/wp-content\\\/uploads\\\/2025\\\/09\\\/Kanepist-voodilina-Burgundia.jpg\",\"datePublished\":\"2025-09-04T07:32:49+00:00\",\"dateModified\":\"2025-09-04T07:42:36+00:00\",\"description\":\"Ka\u0146epju palags ir \u012bpa\u0161i iztur\u012bga un ilgm\u016b\u017e\u012bga, vienlaikus saglab\u0101jot maigumu un elpojam\u012bbu. Vesel\u012bga un dabiska izv\u0113le gu\u013camistabai.\",\"breadcrumb\":{\"@id\":\"https:\\\/\\\/minubaltic.ee\\\/lv\\\/e-pood\\\/gultas-vela\\\/kanepju-palags-burgundija\\\/#breadcrumb\"},\"inLanguage\":\"lv-LV\",\"potentialAction\":[{\"@type\":\"ReadAction\",\"target\":[\"https:\\\/\\\/minubaltic.ee\\\/lv\\\/e-pood\\\/gultas-vela\\\/kanepju-palags-burgundija\\\/\"]}]},{\"@type\":\"ImageObject\",\"inLanguage\":\"lv-LV\",\"@id\":\"https:\\\/\\\/minubaltic.ee\\\/lv\\\/e-pood\\\/gultas-vela\\\/kanepju-palags-burgundija\\\/#primaryimage\",\"url\":\"https:\\\/\\\/minubaltic.ee\\\/wp-content\\\/uploads\\\/2025\\\/09\\\/Kanepist-voodilina-Burgundia.jpg\",\"contentUrl\":\"https:\\\/\\\/minubaltic.ee\\\/wp-content\\\/uploads\\\/2025\\\/09\\\/Kanepist-voodilina-Burgundia.jpg\",\"width\":800,\"height\":800,\"caption\":\"Kanepist voodilina Burgundia\"},{\"@type\":\"BreadcrumbList\",\"@id\":\"https:\\\/\\\/minubaltic.ee\\\/lv\\\/e-pood\\\/gultas-vela\\\/kanepju-palags-burgundija\\\/#breadcrumb\",\"itemListElement\":[{\"@type\":\"ListItem\",\"position\":1,\"name\":\"S\u0101kums\",\"item\":\"https:\\\/\\\/minubaltic.ee\\\/lv\\\/\"},{\"@type\":\"ListItem\",\"position\":2,\"name\":\"E-veikals\",\"item\":\"https:\\\/\\\/minubaltic.ee\\\/lv\\\/e-veikals\\\/\"},{\"@type\":\"ListItem\",\"position\":3,\"name\":\"Ka\u0146epju palags &#8211; Burgundija\"}]},{\"@type\":\"WebSite\",\"@id\":\"https:\\\/\\\/minubaltic.ee\\\/lv\\\/#website\",\"url\":\"https:\\\/\\\/minubaltic.ee\\\/lv\\\/\",\"name\":\"minubaltic.ee\",\"description\":\"\",\"publisher\":{\"@id\":\"https:\\\/\\\/minubaltic.ee\\\/lv\\\/#organization\"},\"potentialAction\":[{\"@type\":\"SearchAction\",\"target\":{\"@type\":\"EntryPoint\",\"urlTemplate\":\"https:\\\/\\\/minubaltic.ee\\\/lv\\\/?s={search_term_string}\"},\"query-input\":{\"@type\":\"PropertyValueSpecification\",\"valueRequired\":true,\"valueName\":\"search_term_string\"}}],\"inLanguage\":\"lv-LV\"},{\"@type\":\"Organization\",\"@id\":\"https:\\\/\\\/minubaltic.ee\\\/lv\\\/#organization\",\"name\":\"Minu Baltic O\u00dc\",\"url\":\"https:\\\/\\\/minubaltic.ee\\\/lv\\\/\",\"logo\":{\"@type\":\"ImageObject\",\"inLanguage\":\"lv-LV\",\"@id\":\"https:\\\/\\\/minubaltic.ee\\\/lv\\\/#\\\/schema\\\/logo\\\/image\\\/\",\"url\":\"https:\\\/\\\/minubaltic.ee\\\/wp-content\\\/uploads\\\/2023\\\/10\\\/cropped-cropped-cropped-logo.png\",\"contentUrl\":\"https:\\\/\\\/minubaltic.ee\\\/wp-content\\\/uploads\\\/2023\\\/10\\\/cropped-cropped-cropped-logo.png\",\"width\":500,\"height\":237,\"caption\":\"Minu Baltic O\u00dc\"},\"image\":{\"@id\":\"https:\\\/\\\/minubaltic.ee\\\/lv\\\/#\\\/schema\\\/logo\\\/image\\\/\"},\"sameAs\":[\"https:\\\/\\\/www.facebook.com\\\/minubaltic\"]}]}<\/script>\n<!-- \/ Yoast SEO plugin. -->","yoast_head_json":{"title":"Ka\u0146epju palags - Burgundija - 100% dab\u012bgas ka\u0146epes","description":"Ka\u0146epju palags ir \u012bpa\u0161i iztur\u012bga un ilgm\u016b\u017e\u012bga, vienlaikus saglab\u0101jot maigumu un elpojam\u012bbu. Vesel\u012bga un dabiska izv\u0113le gu\u013camistabai.","robots":{"index":"index","follow":"follow","max-snippet":"max-snippet:-1","max-image-preview":"max-image-preview:large","max-video-preview":"max-video-preview:-1"},"canonical":"https:\/\/minubaltic.ee\/lv\/e-pood\/gultas-vela\/kanepju-palags-burgundija\/","og_locale":"lv_LV","og_type":"article","og_title":"Ka\u0146epju palags - Burgundija - 100% dab\u012bgas ka\u0146epes","og_description":"Ka\u0146epju palags ir \u012bpa\u0161i iztur\u012bga un ilgm\u016b\u017e\u012bga, vienlaikus saglab\u0101jot maigumu un elpojam\u012bbu. Vesel\u012bga un dabiska izv\u0113le gu\u013camistabai.","og_url":"https:\/\/minubaltic.ee\/lv\/e-pood\/gultas-vela\/kanepju-palags-burgundija\/","article_publisher":"https:\/\/www.facebook.com\/minubaltic","article_modified_time":"2025-09-04T07:42:36+00:00","og_image":[{"width":800,"height":800,"url":"https:\/\/minubaltic.ee\/wp-content\/uploads\/2025\/09\/Kanepist-voodilina-Burgundia.jpg","type":"image\/jpeg"}],"twitter_card":"summary_large_image","twitter_misc":{"Est. reading time":"1 minute"},"schema":{"@context":"https:\/\/schema.org","@graph":[{"@type":"WebPage","@id":"https:\/\/minubaltic.ee\/lv\/e-pood\/gultas-vela\/kanepju-palags-burgundija\/","url":"https:\/\/minubaltic.ee\/lv\/e-pood\/gultas-vela\/kanepju-palags-burgundija\/","name":"Ka\u0146epju palags - Burgundija - 100% dab\u012bgas ka\u0146epes","isPartOf":{"@id":"https:\/\/minubaltic.ee\/lv\/#website"},"primaryImageOfPage":{"@id":"https:\/\/minubaltic.ee\/lv\/e-pood\/gultas-vela\/kanepju-palags-burgundija\/#primaryimage"},"image":{"@id":"https:\/\/minubaltic.ee\/lv\/e-pood\/gultas-vela\/kanepju-palags-burgundija\/#primaryimage"},"thumbnailUrl":"https:\/\/minubaltic.ee\/wp-content\/uploads\/2025\/09\/Kanepist-voodilina-Burgundia.jpg","datePublished":"2025-09-04T07:32:49+00:00","dateModified":"2025-09-04T07:42:36+00:00","description":"Ka\u0146epju palags ir \u012bpa\u0161i iztur\u012bga un ilgm\u016b\u017e\u012bga, vienlaikus saglab\u0101jot maigumu un elpojam\u012bbu. Vesel\u012bga un dabiska izv\u0113le gu\u013camistabai.","breadcrumb":{"@id":"https:\/\/minubaltic.ee\/lv\/e-pood\/gultas-vela\/kanepju-palags-burgundija\/#breadcrumb"},"inLanguage":"lv-LV","potentialAction":[{"@type":"ReadAction","target":["https:\/\/minubaltic.ee\/lv\/e-pood\/gultas-vela\/kanepju-palags-burgundija\/"]}]},{"@type":"ImageObject","inLanguage":"lv-LV","@id":"https:\/\/minubaltic.ee\/lv\/e-pood\/gultas-vela\/kanepju-palags-burgundija\/#primaryimage","url":"https:\/\/minubaltic.ee\/wp-content\/uploads\/2025\/09\/Kanepist-voodilina-Burgundia.jpg","contentUrl":"https:\/\/minubaltic.ee\/wp-content\/uploads\/2025\/09\/Kanepist-voodilina-Burgundia.jpg","width":800,"height":800,"caption":"Kanepist voodilina Burgundia"},{"@type":"BreadcrumbList","@id":"https:\/\/minubaltic.ee\/lv\/e-pood\/gultas-vela\/kanepju-palags-burgundija\/#breadcrumb","itemListElement":[{"@type":"ListItem","position":1,"name":"S\u0101kums","item":"https:\/\/minubaltic.ee\/lv\/"},{"@type":"ListItem","position":2,"name":"E-veikals","item":"https:\/\/minubaltic.ee\/lv\/e-veikals\/"},{"@type":"ListItem","position":3,"name":"Ka\u0146epju palags &#8211; Burgundija"}]},{"@type":"WebSite","@id":"https:\/\/minubaltic.ee\/lv\/#website","url":"https:\/\/minubaltic.ee\/lv\/","name":"minubaltic.ee","description":"","publisher":{"@id":"https:\/\/minubaltic.ee\/lv\/#organization"},"potentialAction":[{"@type":"SearchAction","target":{"@type":"EntryPoint","urlTemplate":"https:\/\/minubaltic.ee\/lv\/?s={search_term_string}"},"query-input":{"@type":"PropertyValueSpecification","valueRequired":true,"valueName":"search_term_string"}}],"inLanguage":"lv-LV"},{"@type":"Organization","@id":"https:\/\/minubaltic.ee\/lv\/#organization","name":"Minu Baltic O\u00dc","url":"https:\/\/minubaltic.ee\/lv\/","logo":{"@type":"ImageObject","inLanguage":"lv-LV","@id":"https:\/\/minubaltic.ee\/lv\/#\/schema\/logo\/image\/","url":"https:\/\/minubaltic.ee\/wp-content\/uploads\/2023\/10\/cropped-cropped-cropped-logo.png","contentUrl":"https:\/\/minubaltic.ee\/wp-content\/uploads\/2023\/10\/cropped-cropped-cropped-logo.png","width":500,"height":237,"caption":"Minu Baltic O\u00dc"},"image":{"@id":"https:\/\/minubaltic.ee\/lv\/#\/schema\/logo\/image\/"},"sameAs":["https:\/\/www.facebook.com\/minubaltic"]}]}},"_links":{"self":[{"href":"https:\/\/minubaltic.ee\/lv\/wp-json\/wp\/v2\/product\/45003","targetHints":{"allow":["GET"]}}],"collection":[{"href":"https:\/\/minubaltic.ee\/lv\/wp-json\/wp\/v2\/product"}],"about":[{"href":"https:\/\/minubaltic.ee\/lv\/wp-json\/wp\/v2\/types\/product"}],"replies":[{"embeddable":true,"href":"https:\/\/minubaltic.ee\/lv\/wp-json\/wp\/v2\/comments?post=45003"}],"version-history":[{"count":2,"href":"https:\/\/minubaltic.ee\/lv\/wp-json\/wp\/v2\/product\/45003\/revisions"}],"predecessor-version":[{"id":45025,"href":"https:\/\/minubaltic.ee\/lv\/wp-json\/wp\/v2\/product\/45003\/revisions\/45025"}],"wp:featuredmedia":[{"embeddable":true,"href":"https:\/\/minubaltic.ee\/lv\/wp-json\/wp\/v2\/media\/45008"}],"wp:attachment":[{"href":"https:\/\/minubaltic.ee\/lv\/wp-json\/wp\/v2\/media?parent=45003"}],"wp:term":[{"taxonomy":"product_brand","embeddable":true,"href":"https:\/\/minubaltic.ee\/lv\/wp-json\/wp\/v2\/product_brand?post=45003"},{"taxonomy":"product_cat","embeddable":true,"href":"https:\/\/minubaltic.ee\/lv\/wp-json\/wp\/v2\/product_cat?post=45003"},{"taxonomy":"product_tag","embeddable":true,"href":"https:\/\/minubaltic.ee\/lv\/wp-json\/wp\/v2\/product_tag?post=45003"}],"curies":[{"name":"wp","href":"https:\/\/api.w.org\/{rel}","templated":true}]}}