{"id":44924,"date":"2025-08-29T08:14:47","date_gmt":"2025-08-29T05:14:47","guid":{"rendered":"https:\/\/minubaltic.ee\/?post_type=product&#038;p=44924"},"modified":"2025-08-29T08:23:12","modified_gmt":"2025-08-29T05:23:12","slug":"kanepju-gultas-velas-komplekt-burgundija","status":"publish","type":"product","link":"https:\/\/minubaltic.ee\/lv\/e-pood\/gultas-vela\/kanepju-gultas-velas-komplekt-burgundija\/","title":{"rendered":"Ka\u0146epju gultas ve\u013cas komplekt &#8211; Burgundija"},"content":{"rendered":"<p>100% ka\u0146epju gultas ve\u013cas komplekts ir hipoaler\u0123isks un antibakteri\u0101ls.<\/p>\n<p><strong>Kr\u0101sa:<\/strong> Burgundija<br \/>\n<strong>Materi\u0101ls:<\/strong> 100% Ka\u0146epes, 180 g\/m2<br \/>\n<strong>Segas p\u0101rvalks:<\/strong> 200\u00d7220<br \/>\n<strong>Spilvendr\u0101na:<\/strong> 50\u00d770 (2gab.)<\/p>\n<p>-Ka\u0146epju pakai\u0161u kop\u0161ana ir vienk\u0101r\u0161a \u2014 ka\u0146epes ir mazg\u0101jamas ma\u0161\u012bn\u0101 un \u0101tri \u017e\u016bst.<br \/>\n-Ka\u0146epju pakai\u0161us vislab\u0101k mazg\u0101t remden\u0101 \u016bden\u012b, t\u0101p\u0113c pakai\u0161i ilg\u0101k saglab\u0101jas svaigi un skaisti. \u016adens temperat\u016brai j\u0101b\u016bt 30-40 \u2103.<br \/>\n-Lai nov\u0113rstu auduma pl\u012bsumu, ieteicams \u017e\u0101v\u0113t ve\u013cas \u017e\u0101v\u0113t\u0101j\u0101 ar mazu \u0101trumu.<br \/>\n-Ka\u0146epju dabiskais izskats ir nedaudz saburz\u012bts. Ta\u010du, ja v\u0113lies gludu gultas ve\u013cu, to var gludin\u0101t uz mazas uguns.<\/p>\n<p>Ka\u0146epju gultas ve\u013cas komplekti ir iepakoti maisi\u0146\u0101, kas izgatavots no t\u0101da pa\u0161a auduma.<\/p>\n","protected":false},"excerpt":{"rendered":"<p>Ka\u0146epju gultas ve\u013cas komplekt ir videi draudz\u012bga un iztur\u012bga izv\u0113le. Tas ir izgatavots no ka\u0146epju auga dabiskaj\u0101m \u0161\u0137iedr\u0101m, kur\u0101m ir vair\u0101kas priek\u0161roc\u012bbas. Ka\u0146epju \u0161\u0137iedras ir \u013coti sp\u0113c\u012bgas un iztur\u012bgas, t\u0101p\u0113c ka\u0146epju gultasve\u013ca kalpo ilg\u0101k nek\u0101 vairums citu audumu, ar katru mazg\u0101\u0161anas reizi k\u013c\u016bstot m\u012bkst\u0101kiem un \u0113rt\u0101kiem.<\/p>\n<p>Ka\u0146ep\u0113m piem\u012bt dabiskas antibakteri\u0101las \u012bpa\u0161\u012bbas, kas padara ka\u0146epju pakai\u0161us higi\u0113niskus un pal\u012bdz samazin\u0101t bakt\u0113riju un alerg\u0113nu daudzumu j\u016bsu gult\u0101. \u0160\u012b gultasve\u013ca ir lieliski piem\u0113rota aler\u0123ij\u0101m vai \u0101das slim\u012bb\u0101m un nodro\u0161ina higi\u0113nisk\u0101ku miegu. Ka\u0146epju pakai\u0161i parasti neizraisa aler\u0123iskas reakcijas, jo ka\u0146epes tiek uzskat\u012btas par hipoaler\u0123isku materi\u0101lu.<\/p>\n<p><img loading=\"lazy\" decoding=\"async\" class=\" wd-lazy-fade alignnone wp-image-21480\" src=\"https:\/\/minubaltic.ee\/wp-content\/themes\/woodmart\/images\/lazy.svg\" data-src=\"https:\/\/minubaltic.ee\/wp-content\/uploads\/2024\/03\/image-removebg-preview-70-400x264.png\" alt=\"\" width=\"156\" height=\"103\" srcset=\"\" data-srcset=\"https:\/\/minubaltic.ee\/wp-content\/uploads\/2024\/03\/image-removebg-preview-70-400x264.png 400w, https:\/\/minubaltic.ee\/wp-content\/uploads\/2024\/03\/image-removebg-preview-70-430x284.png 430w, https:\/\/minubaltic.ee\/wp-content\/uploads\/2024\/03\/image-removebg-preview-70-150x99.png 150w, https:\/\/minubaltic.ee\/wp-content\/uploads\/2024\/03\/image-removebg-preview-70.png 615w\" sizes=\"auto, (max-width: 156px) 100vw, 156px\" \/><img loading=\"lazy\" decoding=\"async\" class=\" wd-lazy-fade alignnone wp-image-26543\" src=\"https:\/\/minubaltic.ee\/wp-content\/themes\/woodmart\/images\/lazy.svg\" data-src=\"https:\/\/minubaltic.ee\/wp-content\/uploads\/2024\/05\/hemp-logo-300x300.png\" alt=\"\" width=\"93\" height=\"93\" srcset=\"\" data-srcset=\"https:\/\/minubaltic.ee\/wp-content\/uploads\/2024\/05\/hemp-logo-300x300.png 300w, https:\/\/minubaltic.ee\/wp-content\/uploads\/2024\/05\/hemp-logo-800x800.png 800w, https:\/\/minubaltic.ee\/wp-content\/uploads\/2024\/05\/hemp-logo-150x150.png 150w, https:\/\/minubaltic.ee\/wp-content\/uploads\/2024\/05\/hemp-logo-768x768.png 768w, https:\/\/minubaltic.ee\/wp-content\/uploads\/2024\/05\/hemp-logo-430x430.png 430w, https:\/\/minubaltic.ee\/wp-content\/uploads\/2024\/05\/hemp-logo-700x700.png 700w, https:\/\/minubaltic.ee\/wp-content\/uploads\/2024\/05\/hemp-logo.png 940w\" sizes=\"auto, (max-width: 93px) 100vw, 93px\" \/><\/p>\n","protected":false},"featured_media":44929,"comment_status":"open","ping_status":"closed","template":"","meta":[],"product_brand":[],"product_cat":[455,457,693,712,767],"product_tag":[460,461],"class_list":{"0":"post-44924","1":"product","2":"type-product","3":"status-publish","4":"has-post-thumbnail","6":"product_cat-gultas-vela","7":"product_cat-gultas-velas-komplekti-200-220","8":"product_cat-kanepju-gultas-vela","9":"product_cat-kanepju-gultas-velas-komplekti","10":"product_cat-organiska-gultas-vela","11":"product_tag-e-veikals","12":"product_tag-majas-tekstils","14":"first","15":"instock","16":"shipping-taxable","17":"purchasable","18":"product-type-simple"},"yoast_head":"<!-- This site is optimized with the Yoast SEO plugin v27.3 - https:\/\/yoast.com\/product\/yoast-seo-wordpress\/ -->\n<title>Ka\u0146epju gultas ve\u013cas komplekts - Burgundija<\/title>\n<meta name=\"description\" content=\"Organisk\u0101s ka\u0146epju gultas ve\u013cas komplekts ir izgatavots no dab\u012bga auduma, apstr\u0101d\u0101ts tikai ar ekolo\u0123isk\u0101m kr\u0101sviel\u0101m, lai nodro\u0161in\u0101tu dro\u0161u un ilgtsp\u0113j\u012bgu risin\u0101jumu \u0101dai.\" \/>\n<meta name=\"robots\" content=\"index, follow, max-snippet:-1, max-image-preview:large, max-video-preview:-1\" \/>\n<link rel=\"canonical\" href=\"https:\/\/minubaltic.ee\/lv\/e-pood\/gultas-vela\/kanepju-gultas-velas-komplekt-burgundija\/\" \/>\n<meta property=\"og:locale\" content=\"lv_LV\" \/>\n<meta property=\"og:type\" content=\"article\" \/>\n<meta property=\"og:title\" content=\"Ka\u0146epju gultas ve\u013cas komplekts - Burgundija\" \/>\n<meta property=\"og:description\" content=\"Organisk\u0101s ka\u0146epju gultas ve\u013cas komplekts ir izgatavots no dab\u012bga auduma, apstr\u0101d\u0101ts tikai ar ekolo\u0123isk\u0101m kr\u0101sviel\u0101m, lai nodro\u0161in\u0101tu dro\u0161u un ilgtsp\u0113j\u012bgu risin\u0101jumu \u0101dai.\" \/>\n<meta property=\"og:url\" content=\"https:\/\/minubaltic.ee\/lv\/e-pood\/gultas-vela\/kanepju-gultas-velas-komplekt-burgundija\/\" \/>\n<meta property=\"article:publisher\" content=\"https:\/\/www.facebook.com\/minubaltic\" \/>\n<meta property=\"article:modified_time\" content=\"2025-08-29T05:23:12+00:00\" \/>\n<meta property=\"og:image\" content=\"https:\/\/minubaltic.ee\/wp-content\/uploads\/2025\/08\/Kanepist-voodipesukomplekt-Burgundia-varv.jpg\" \/>\n\t<meta property=\"og:image:width\" content=\"800\" \/>\n\t<meta property=\"og:image:height\" content=\"800\" \/>\n\t<meta property=\"og:image:type\" content=\"image\/jpeg\" \/>\n<meta name=\"twitter:card\" content=\"summary_large_image\" \/>\n<meta name=\"twitter:label1\" content=\"Est. reading time\" \/>\n\t<meta name=\"twitter:data1\" content=\"1 minute\" \/>\n<script type=\"application\/ld+json\" class=\"yoast-schema-graph\">{\"@context\":\"https:\\\/\\\/schema.org\",\"@graph\":[{\"@type\":\"WebPage\",\"@id\":\"https:\\\/\\\/minubaltic.ee\\\/lv\\\/e-pood\\\/gultas-vela\\\/kanepju-gultas-velas-komplekt-burgundija\\\/\",\"url\":\"https:\\\/\\\/minubaltic.ee\\\/lv\\\/e-pood\\\/gultas-vela\\\/kanepju-gultas-velas-komplekt-burgundija\\\/\",\"name\":\"Ka\u0146epju gultas ve\u013cas komplekts - Burgundija\",\"isPartOf\":{\"@id\":\"https:\\\/\\\/minubaltic.ee\\\/lv\\\/#website\"},\"primaryImageOfPage\":{\"@id\":\"https:\\\/\\\/minubaltic.ee\\\/lv\\\/e-pood\\\/gultas-vela\\\/kanepju-gultas-velas-komplekt-burgundija\\\/#primaryimage\"},\"image\":{\"@id\":\"https:\\\/\\\/minubaltic.ee\\\/lv\\\/e-pood\\\/gultas-vela\\\/kanepju-gultas-velas-komplekt-burgundija\\\/#primaryimage\"},\"thumbnailUrl\":\"https:\\\/\\\/minubaltic.ee\\\/wp-content\\\/uploads\\\/2025\\\/08\\\/Kanepist-voodipesukomplekt-Burgundia-varv.jpg\",\"datePublished\":\"2025-08-29T05:14:47+00:00\",\"dateModified\":\"2025-08-29T05:23:12+00:00\",\"description\":\"Organisk\u0101s ka\u0146epju gultas ve\u013cas komplekts ir izgatavots no dab\u012bga auduma, apstr\u0101d\u0101ts tikai ar ekolo\u0123isk\u0101m kr\u0101sviel\u0101m, lai nodro\u0161in\u0101tu dro\u0161u un ilgtsp\u0113j\u012bgu risin\u0101jumu \u0101dai.\",\"breadcrumb\":{\"@id\":\"https:\\\/\\\/minubaltic.ee\\\/lv\\\/e-pood\\\/gultas-vela\\\/kanepju-gultas-velas-komplekt-burgundija\\\/#breadcrumb\"},\"inLanguage\":\"lv-LV\",\"potentialAction\":[{\"@type\":\"ReadAction\",\"target\":[\"https:\\\/\\\/minubaltic.ee\\\/lv\\\/e-pood\\\/gultas-vela\\\/kanepju-gultas-velas-komplekt-burgundija\\\/\"]}]},{\"@type\":\"ImageObject\",\"inLanguage\":\"lv-LV\",\"@id\":\"https:\\\/\\\/minubaltic.ee\\\/lv\\\/e-pood\\\/gultas-vela\\\/kanepju-gultas-velas-komplekt-burgundija\\\/#primaryimage\",\"url\":\"https:\\\/\\\/minubaltic.ee\\\/wp-content\\\/uploads\\\/2025\\\/08\\\/Kanepist-voodipesukomplekt-Burgundia-varv.jpg\",\"contentUrl\":\"https:\\\/\\\/minubaltic.ee\\\/wp-content\\\/uploads\\\/2025\\\/08\\\/Kanepist-voodipesukomplekt-Burgundia-varv.jpg\",\"width\":800,\"height\":800,\"caption\":\"Kanepist voodipesukomplekt Burgundia v\u00e4rv\"},{\"@type\":\"BreadcrumbList\",\"@id\":\"https:\\\/\\\/minubaltic.ee\\\/lv\\\/e-pood\\\/gultas-vela\\\/kanepju-gultas-velas-komplekt-burgundija\\\/#breadcrumb\",\"itemListElement\":[{\"@type\":\"ListItem\",\"position\":1,\"name\":\"S\u0101kums\",\"item\":\"https:\\\/\\\/minubaltic.ee\\\/lv\\\/\"},{\"@type\":\"ListItem\",\"position\":2,\"name\":\"E-veikals\",\"item\":\"https:\\\/\\\/minubaltic.ee\\\/lv\\\/e-veikals\\\/\"},{\"@type\":\"ListItem\",\"position\":3,\"name\":\"Ka\u0146epju gultas ve\u013cas komplekt &#8211; Burgundija\"}]},{\"@type\":\"WebSite\",\"@id\":\"https:\\\/\\\/minubaltic.ee\\\/lv\\\/#website\",\"url\":\"https:\\\/\\\/minubaltic.ee\\\/lv\\\/\",\"name\":\"minubaltic.ee\",\"description\":\"\",\"publisher\":{\"@id\":\"https:\\\/\\\/minubaltic.ee\\\/lv\\\/#organization\"},\"potentialAction\":[{\"@type\":\"SearchAction\",\"target\":{\"@type\":\"EntryPoint\",\"urlTemplate\":\"https:\\\/\\\/minubaltic.ee\\\/lv\\\/?s={search_term_string}\"},\"query-input\":{\"@type\":\"PropertyValueSpecification\",\"valueRequired\":true,\"valueName\":\"search_term_string\"}}],\"inLanguage\":\"lv-LV\"},{\"@type\":\"Organization\",\"@id\":\"https:\\\/\\\/minubaltic.ee\\\/lv\\\/#organization\",\"name\":\"Minu Baltic O\u00dc\",\"url\":\"https:\\\/\\\/minubaltic.ee\\\/lv\\\/\",\"logo\":{\"@type\":\"ImageObject\",\"inLanguage\":\"lv-LV\",\"@id\":\"https:\\\/\\\/minubaltic.ee\\\/lv\\\/#\\\/schema\\\/logo\\\/image\\\/\",\"url\":\"https:\\\/\\\/minubaltic.ee\\\/wp-content\\\/uploads\\\/2023\\\/10\\\/cropped-cropped-cropped-logo.png\",\"contentUrl\":\"https:\\\/\\\/minubaltic.ee\\\/wp-content\\\/uploads\\\/2023\\\/10\\\/cropped-cropped-cropped-logo.png\",\"width\":500,\"height\":237,\"caption\":\"Minu Baltic O\u00dc\"},\"image\":{\"@id\":\"https:\\\/\\\/minubaltic.ee\\\/lv\\\/#\\\/schema\\\/logo\\\/image\\\/\"},\"sameAs\":[\"https:\\\/\\\/www.facebook.com\\\/minubaltic\"]}]}<\/script>\n<!-- \/ Yoast SEO plugin. -->","yoast_head_json":{"title":"Ka\u0146epju gultas ve\u013cas komplekts - Burgundija","description":"Organisk\u0101s ka\u0146epju gultas ve\u013cas komplekts ir izgatavots no dab\u012bga auduma, apstr\u0101d\u0101ts tikai ar ekolo\u0123isk\u0101m kr\u0101sviel\u0101m, lai nodro\u0161in\u0101tu dro\u0161u un ilgtsp\u0113j\u012bgu risin\u0101jumu \u0101dai.","robots":{"index":"index","follow":"follow","max-snippet":"max-snippet:-1","max-image-preview":"max-image-preview:large","max-video-preview":"max-video-preview:-1"},"canonical":"https:\/\/minubaltic.ee\/lv\/e-pood\/gultas-vela\/kanepju-gultas-velas-komplekt-burgundija\/","og_locale":"lv_LV","og_type":"article","og_title":"Ka\u0146epju gultas ve\u013cas komplekts - Burgundija","og_description":"Organisk\u0101s ka\u0146epju gultas ve\u013cas komplekts ir izgatavots no dab\u012bga auduma, apstr\u0101d\u0101ts tikai ar ekolo\u0123isk\u0101m kr\u0101sviel\u0101m, lai nodro\u0161in\u0101tu dro\u0161u un ilgtsp\u0113j\u012bgu risin\u0101jumu \u0101dai.","og_url":"https:\/\/minubaltic.ee\/lv\/e-pood\/gultas-vela\/kanepju-gultas-velas-komplekt-burgundija\/","article_publisher":"https:\/\/www.facebook.com\/minubaltic","article_modified_time":"2025-08-29T05:23:12+00:00","og_image":[{"width":800,"height":800,"url":"https:\/\/minubaltic.ee\/wp-content\/uploads\/2025\/08\/Kanepist-voodipesukomplekt-Burgundia-varv.jpg","type":"image\/jpeg"}],"twitter_card":"summary_large_image","twitter_misc":{"Est. reading time":"1 minute"},"schema":{"@context":"https:\/\/schema.org","@graph":[{"@type":"WebPage","@id":"https:\/\/minubaltic.ee\/lv\/e-pood\/gultas-vela\/kanepju-gultas-velas-komplekt-burgundija\/","url":"https:\/\/minubaltic.ee\/lv\/e-pood\/gultas-vela\/kanepju-gultas-velas-komplekt-burgundija\/","name":"Ka\u0146epju gultas ve\u013cas komplekts - Burgundija","isPartOf":{"@id":"https:\/\/minubaltic.ee\/lv\/#website"},"primaryImageOfPage":{"@id":"https:\/\/minubaltic.ee\/lv\/e-pood\/gultas-vela\/kanepju-gultas-velas-komplekt-burgundija\/#primaryimage"},"image":{"@id":"https:\/\/minubaltic.ee\/lv\/e-pood\/gultas-vela\/kanepju-gultas-velas-komplekt-burgundija\/#primaryimage"},"thumbnailUrl":"https:\/\/minubaltic.ee\/wp-content\/uploads\/2025\/08\/Kanepist-voodipesukomplekt-Burgundia-varv.jpg","datePublished":"2025-08-29T05:14:47+00:00","dateModified":"2025-08-29T05:23:12+00:00","description":"Organisk\u0101s ka\u0146epju gultas ve\u013cas komplekts ir izgatavots no dab\u012bga auduma, apstr\u0101d\u0101ts tikai ar ekolo\u0123isk\u0101m kr\u0101sviel\u0101m, lai nodro\u0161in\u0101tu dro\u0161u un ilgtsp\u0113j\u012bgu risin\u0101jumu \u0101dai.","breadcrumb":{"@id":"https:\/\/minubaltic.ee\/lv\/e-pood\/gultas-vela\/kanepju-gultas-velas-komplekt-burgundija\/#breadcrumb"},"inLanguage":"lv-LV","potentialAction":[{"@type":"ReadAction","target":["https:\/\/minubaltic.ee\/lv\/e-pood\/gultas-vela\/kanepju-gultas-velas-komplekt-burgundija\/"]}]},{"@type":"ImageObject","inLanguage":"lv-LV","@id":"https:\/\/minubaltic.ee\/lv\/e-pood\/gultas-vela\/kanepju-gultas-velas-komplekt-burgundija\/#primaryimage","url":"https:\/\/minubaltic.ee\/wp-content\/uploads\/2025\/08\/Kanepist-voodipesukomplekt-Burgundia-varv.jpg","contentUrl":"https:\/\/minubaltic.ee\/wp-content\/uploads\/2025\/08\/Kanepist-voodipesukomplekt-Burgundia-varv.jpg","width":800,"height":800,"caption":"Kanepist voodipesukomplekt Burgundia v\u00e4rv"},{"@type":"BreadcrumbList","@id":"https:\/\/minubaltic.ee\/lv\/e-pood\/gultas-vela\/kanepju-gultas-velas-komplekt-burgundija\/#breadcrumb","itemListElement":[{"@type":"ListItem","position":1,"name":"S\u0101kums","item":"https:\/\/minubaltic.ee\/lv\/"},{"@type":"ListItem","position":2,"name":"E-veikals","item":"https:\/\/minubaltic.ee\/lv\/e-veikals\/"},{"@type":"ListItem","position":3,"name":"Ka\u0146epju gultas ve\u013cas komplekt &#8211; Burgundija"}]},{"@type":"WebSite","@id":"https:\/\/minubaltic.ee\/lv\/#website","url":"https:\/\/minubaltic.ee\/lv\/","name":"minubaltic.ee","description":"","publisher":{"@id":"https:\/\/minubaltic.ee\/lv\/#organization"},"potentialAction":[{"@type":"SearchAction","target":{"@type":"EntryPoint","urlTemplate":"https:\/\/minubaltic.ee\/lv\/?s={search_term_string}"},"query-input":{"@type":"PropertyValueSpecification","valueRequired":true,"valueName":"search_term_string"}}],"inLanguage":"lv-LV"},{"@type":"Organization","@id":"https:\/\/minubaltic.ee\/lv\/#organization","name":"Minu Baltic O\u00dc","url":"https:\/\/minubaltic.ee\/lv\/","logo":{"@type":"ImageObject","inLanguage":"lv-LV","@id":"https:\/\/minubaltic.ee\/lv\/#\/schema\/logo\/image\/","url":"https:\/\/minubaltic.ee\/wp-content\/uploads\/2023\/10\/cropped-cropped-cropped-logo.png","contentUrl":"https:\/\/minubaltic.ee\/wp-content\/uploads\/2023\/10\/cropped-cropped-cropped-logo.png","width":500,"height":237,"caption":"Minu Baltic O\u00dc"},"image":{"@id":"https:\/\/minubaltic.ee\/lv\/#\/schema\/logo\/image\/"},"sameAs":["https:\/\/www.facebook.com\/minubaltic"]}]}},"_links":{"self":[{"href":"https:\/\/minubaltic.ee\/lv\/wp-json\/wp\/v2\/product\/44924","targetHints":{"allow":["GET"]}}],"collection":[{"href":"https:\/\/minubaltic.ee\/lv\/wp-json\/wp\/v2\/product"}],"about":[{"href":"https:\/\/minubaltic.ee\/lv\/wp-json\/wp\/v2\/types\/product"}],"replies":[{"embeddable":true,"href":"https:\/\/minubaltic.ee\/lv\/wp-json\/wp\/v2\/comments?post=44924"}],"version-history":[{"count":2,"href":"https:\/\/minubaltic.ee\/lv\/wp-json\/wp\/v2\/product\/44924\/revisions"}],"predecessor-version":[{"id":44952,"href":"https:\/\/minubaltic.ee\/lv\/wp-json\/wp\/v2\/product\/44924\/revisions\/44952"}],"wp:featuredmedia":[{"embeddable":true,"href":"https:\/\/minubaltic.ee\/lv\/wp-json\/wp\/v2\/media\/44929"}],"wp:attachment":[{"href":"https:\/\/minubaltic.ee\/lv\/wp-json\/wp\/v2\/media?parent=44924"}],"wp:term":[{"taxonomy":"product_brand","embeddable":true,"href":"https:\/\/minubaltic.ee\/lv\/wp-json\/wp\/v2\/product_brand?post=44924"},{"taxonomy":"product_cat","embeddable":true,"href":"https:\/\/minubaltic.ee\/lv\/wp-json\/wp\/v2\/product_cat?post=44924"},{"taxonomy":"product_tag","embeddable":true,"href":"https:\/\/minubaltic.ee\/lv\/wp-json\/wp\/v2\/product_tag?post=44924"}],"curies":[{"name":"wp","href":"https:\/\/api.w.org\/{rel}","templated":true}]}}