{"id":44503,"date":"2025-06-11T11:30:13","date_gmt":"2025-06-11T08:30:13","guid":{"rendered":"https:\/\/minubaltic.ee\/?post_type=product&#038;p=44503"},"modified":"2025-06-11T11:37:35","modified_gmt":"2025-06-11T08:37:35","slug":"kokvilnas-gultas-velas-komplekts-220x240-dabisks-miers","status":"publish","type":"product","link":"https:\/\/minubaltic.ee\/lv\/e-pood\/gultas-vela\/kokvilnas-gultas-velas-komplekts-220x240-dabisks-miers\/","title":{"rendered":"Kokvilnas gultas ve\u013cas komplekts 220&#215;240 | Dabisks miers"},"content":{"rendered":"<ul>\n<li><strong>3 da\u013cas<\/strong><\/li>\n<li><strong>Audums:<\/strong> 100% kokvilna<\/li>\n<li><strong>Segas p\u0101rvalka:<\/strong> 220\u00d7240<\/li>\n<li><strong>Spilvendr\u0101nu:<\/strong> 50\u00d775 (2 gab.)<\/li>\n<li>Produktu att\u0113li ir ilustrat\u012bvi<\/li>\n<\/ul>\n","protected":false},"excerpt":{"rendered":"<p>Ar gultas ve\u013cas komplektu, kas izgatavots no kokvilnas materi\u0101la, j\u016bs izjut\u012bsiet nevainojamu miega komfortu un kvalit\u0101ti. Izgatavots no 100% augstas kvalit\u0101tes kokvilnas, gultas ve\u013cas komplekts nodro\u0161ina m\u012bkstu un elpojo\u0161u gul\u0113\u0161anas pieredzi.<\/p>\n","protected":false},"featured_media":44508,"comment_status":"open","ping_status":"closed","template":"","meta":[],"product_brand":[],"product_cat":[455,618,875,822,827],"product_tag":[460,461,466],"class_list":{"0":"post-44503","1":"product","2":"type-product","3":"status-publish","4":"has-post-thumbnail","6":"product_cat-gultas-vela","7":"product_cat-gultas-velas-komplekti","8":"product_cat-gultas-velas-komplekti-220x240","9":"product_cat-kokvilnas-gultas-vela","10":"product_cat-kokvilnas-gultas-velas-komplekti","11":"product_tag-e-veikals","12":"product_tag-majas-tekstils","13":"product_tag-tekstils","15":"first","16":"instock","17":"shipping-taxable","18":"purchasable","19":"product-type-simple"},"yoast_head":"<!-- This site is optimized with the Yoast SEO plugin v27.3 - https:\/\/yoast.com\/product\/yoast-seo-wordpress\/ -->\n<title>Kokvilnas gultas ve\u013cas komplekts 220x240 | Dabisks miers<\/title>\n<meta name=\"description\" content=\"220x240 cm kokvilnas gultas ve\u013cas komplekts rada pla\u0161uma un dabas saj\u016btu. M\u016b\u017e\u012bga izv\u0113le skandin\u0101vu vai mier\u012bgam interjeram.\" \/>\n<meta name=\"robots\" content=\"index, follow, max-snippet:-1, max-image-preview:large, max-video-preview:-1\" \/>\n<link rel=\"canonical\" href=\"https:\/\/minubaltic.ee\/lv\/e-pood\/gultas-vela\/kokvilnas-gultas-velas-komplekts-220x240-dabisks-miers\/\" \/>\n<meta property=\"og:locale\" content=\"lv_LV\" \/>\n<meta property=\"og:type\" content=\"article\" \/>\n<meta property=\"og:title\" content=\"Kokvilnas gultas ve\u013cas komplekts 220x240 | Dabisks miers\" \/>\n<meta property=\"og:description\" content=\"220x240 cm kokvilnas gultas ve\u013cas komplekts rada pla\u0161uma un dabas saj\u016btu. M\u016b\u017e\u012bga izv\u0113le skandin\u0101vu vai mier\u012bgam interjeram.\" \/>\n<meta property=\"og:url\" content=\"https:\/\/minubaltic.ee\/lv\/e-pood\/gultas-vela\/kokvilnas-gultas-velas-komplekts-220x240-dabisks-miers\/\" \/>\n<meta property=\"article:publisher\" content=\"https:\/\/www.facebook.com\/minubaltic\" \/>\n<meta property=\"article:modified_time\" content=\"2025-06-11T08:37:35+00:00\" \/>\n<meta property=\"og:image\" content=\"https:\/\/minubaltic.ee\/wp-content\/uploads\/2025\/06\/Puuvillane-voodipesukomplekt-220\u00d7240-cm-Loomulik-rahu.jpg\" \/>\n\t<meta property=\"og:image:width\" content=\"800\" \/>\n\t<meta property=\"og:image:height\" content=\"800\" \/>\n\t<meta property=\"og:image:type\" content=\"image\/jpeg\" \/>\n<meta name=\"twitter:card\" content=\"summary_large_image\" \/>\n<meta name=\"twitter:label1\" content=\"Est. reading time\" \/>\n\t<meta name=\"twitter:data1\" content=\"1 minute\" \/>\n<script type=\"application\/ld+json\" class=\"yoast-schema-graph\">{\"@context\":\"https:\\\/\\\/schema.org\",\"@graph\":[{\"@type\":\"WebPage\",\"@id\":\"https:\\\/\\\/minubaltic.ee\\\/lv\\\/e-pood\\\/gultas-vela\\\/kokvilnas-gultas-velas-komplekts-220x240-dabisks-miers\\\/\",\"url\":\"https:\\\/\\\/minubaltic.ee\\\/lv\\\/e-pood\\\/gultas-vela\\\/kokvilnas-gultas-velas-komplekts-220x240-dabisks-miers\\\/\",\"name\":\"Kokvilnas gultas ve\u013cas komplekts 220x240 | Dabisks miers\",\"isPartOf\":{\"@id\":\"https:\\\/\\\/minubaltic.ee\\\/lv\\\/#website\"},\"primaryImageOfPage\":{\"@id\":\"https:\\\/\\\/minubaltic.ee\\\/lv\\\/e-pood\\\/gultas-vela\\\/kokvilnas-gultas-velas-komplekts-220x240-dabisks-miers\\\/#primaryimage\"},\"image\":{\"@id\":\"https:\\\/\\\/minubaltic.ee\\\/lv\\\/e-pood\\\/gultas-vela\\\/kokvilnas-gultas-velas-komplekts-220x240-dabisks-miers\\\/#primaryimage\"},\"thumbnailUrl\":\"https:\\\/\\\/minubaltic.ee\\\/wp-content\\\/uploads\\\/2025\\\/06\\\/Puuvillane-voodipesukomplekt-220\u00d7240-cm-Loomulik-rahu.jpg\",\"datePublished\":\"2025-06-11T08:30:13+00:00\",\"dateModified\":\"2025-06-11T08:37:35+00:00\",\"description\":\"220x240 cm kokvilnas gultas ve\u013cas komplekts rada pla\u0161uma un dabas saj\u016btu. M\u016b\u017e\u012bga izv\u0113le skandin\u0101vu vai mier\u012bgam interjeram.\",\"breadcrumb\":{\"@id\":\"https:\\\/\\\/minubaltic.ee\\\/lv\\\/e-pood\\\/gultas-vela\\\/kokvilnas-gultas-velas-komplekts-220x240-dabisks-miers\\\/#breadcrumb\"},\"inLanguage\":\"lv-LV\",\"potentialAction\":[{\"@type\":\"ReadAction\",\"target\":[\"https:\\\/\\\/minubaltic.ee\\\/lv\\\/e-pood\\\/gultas-vela\\\/kokvilnas-gultas-velas-komplekts-220x240-dabisks-miers\\\/\"]}]},{\"@type\":\"ImageObject\",\"inLanguage\":\"lv-LV\",\"@id\":\"https:\\\/\\\/minubaltic.ee\\\/lv\\\/e-pood\\\/gultas-vela\\\/kokvilnas-gultas-velas-komplekts-220x240-dabisks-miers\\\/#primaryimage\",\"url\":\"https:\\\/\\\/minubaltic.ee\\\/wp-content\\\/uploads\\\/2025\\\/06\\\/Puuvillane-voodipesukomplekt-220\u00d7240-cm-Loomulik-rahu.jpg\",\"contentUrl\":\"https:\\\/\\\/minubaltic.ee\\\/wp-content\\\/uploads\\\/2025\\\/06\\\/Puuvillane-voodipesukomplekt-220\u00d7240-cm-Loomulik-rahu.jpg\",\"width\":800,\"height\":800,\"caption\":\"Puuvillane voodipesukomplekt 220\u00d7240 cm Loomulik rahu\"},{\"@type\":\"BreadcrumbList\",\"@id\":\"https:\\\/\\\/minubaltic.ee\\\/lv\\\/e-pood\\\/gultas-vela\\\/kokvilnas-gultas-velas-komplekts-220x240-dabisks-miers\\\/#breadcrumb\",\"itemListElement\":[{\"@type\":\"ListItem\",\"position\":1,\"name\":\"S\u0101kums\",\"item\":\"https:\\\/\\\/minubaltic.ee\\\/lv\\\/\"},{\"@type\":\"ListItem\",\"position\":2,\"name\":\"E-veikals\",\"item\":\"https:\\\/\\\/minubaltic.ee\\\/lv\\\/e-veikals\\\/\"},{\"@type\":\"ListItem\",\"position\":3,\"name\":\"Kokvilnas gultas ve\u013cas komplekts 220&#215;240 | Dabisks miers\"}]},{\"@type\":\"WebSite\",\"@id\":\"https:\\\/\\\/minubaltic.ee\\\/lv\\\/#website\",\"url\":\"https:\\\/\\\/minubaltic.ee\\\/lv\\\/\",\"name\":\"minubaltic.ee\",\"description\":\"\",\"publisher\":{\"@id\":\"https:\\\/\\\/minubaltic.ee\\\/lv\\\/#organization\"},\"potentialAction\":[{\"@type\":\"SearchAction\",\"target\":{\"@type\":\"EntryPoint\",\"urlTemplate\":\"https:\\\/\\\/minubaltic.ee\\\/lv\\\/?s={search_term_string}\"},\"query-input\":{\"@type\":\"PropertyValueSpecification\",\"valueRequired\":true,\"valueName\":\"search_term_string\"}}],\"inLanguage\":\"lv-LV\"},{\"@type\":\"Organization\",\"@id\":\"https:\\\/\\\/minubaltic.ee\\\/lv\\\/#organization\",\"name\":\"Minu Baltic O\u00dc\",\"url\":\"https:\\\/\\\/minubaltic.ee\\\/lv\\\/\",\"logo\":{\"@type\":\"ImageObject\",\"inLanguage\":\"lv-LV\",\"@id\":\"https:\\\/\\\/minubaltic.ee\\\/lv\\\/#\\\/schema\\\/logo\\\/image\\\/\",\"url\":\"https:\\\/\\\/minubaltic.ee\\\/wp-content\\\/uploads\\\/2023\\\/10\\\/cropped-cropped-cropped-logo.png\",\"contentUrl\":\"https:\\\/\\\/minubaltic.ee\\\/wp-content\\\/uploads\\\/2023\\\/10\\\/cropped-cropped-cropped-logo.png\",\"width\":500,\"height\":237,\"caption\":\"Minu Baltic O\u00dc\"},\"image\":{\"@id\":\"https:\\\/\\\/minubaltic.ee\\\/lv\\\/#\\\/schema\\\/logo\\\/image\\\/\"},\"sameAs\":[\"https:\\\/\\\/www.facebook.com\\\/minubaltic\"]}]}<\/script>\n<!-- \/ Yoast SEO plugin. -->","yoast_head_json":{"title":"Kokvilnas gultas ve\u013cas komplekts 220x240 | Dabisks miers","description":"220x240 cm kokvilnas gultas ve\u013cas komplekts rada pla\u0161uma un dabas saj\u016btu. M\u016b\u017e\u012bga izv\u0113le skandin\u0101vu vai mier\u012bgam interjeram.","robots":{"index":"index","follow":"follow","max-snippet":"max-snippet:-1","max-image-preview":"max-image-preview:large","max-video-preview":"max-video-preview:-1"},"canonical":"https:\/\/minubaltic.ee\/lv\/e-pood\/gultas-vela\/kokvilnas-gultas-velas-komplekts-220x240-dabisks-miers\/","og_locale":"lv_LV","og_type":"article","og_title":"Kokvilnas gultas ve\u013cas komplekts 220x240 | Dabisks miers","og_description":"220x240 cm kokvilnas gultas ve\u013cas komplekts rada pla\u0161uma un dabas saj\u016btu. M\u016b\u017e\u012bga izv\u0113le skandin\u0101vu vai mier\u012bgam interjeram.","og_url":"https:\/\/minubaltic.ee\/lv\/e-pood\/gultas-vela\/kokvilnas-gultas-velas-komplekts-220x240-dabisks-miers\/","article_publisher":"https:\/\/www.facebook.com\/minubaltic","article_modified_time":"2025-06-11T08:37:35+00:00","og_image":[{"width":800,"height":800,"url":"https:\/\/minubaltic.ee\/wp-content\/uploads\/2025\/06\/Puuvillane-voodipesukomplekt-220\u00d7240-cm-Loomulik-rahu.jpg","type":"image\/jpeg"}],"twitter_card":"summary_large_image","twitter_misc":{"Est. reading time":"1 minute"},"schema":{"@context":"https:\/\/schema.org","@graph":[{"@type":"WebPage","@id":"https:\/\/minubaltic.ee\/lv\/e-pood\/gultas-vela\/kokvilnas-gultas-velas-komplekts-220x240-dabisks-miers\/","url":"https:\/\/minubaltic.ee\/lv\/e-pood\/gultas-vela\/kokvilnas-gultas-velas-komplekts-220x240-dabisks-miers\/","name":"Kokvilnas gultas ve\u013cas komplekts 220x240 | Dabisks miers","isPartOf":{"@id":"https:\/\/minubaltic.ee\/lv\/#website"},"primaryImageOfPage":{"@id":"https:\/\/minubaltic.ee\/lv\/e-pood\/gultas-vela\/kokvilnas-gultas-velas-komplekts-220x240-dabisks-miers\/#primaryimage"},"image":{"@id":"https:\/\/minubaltic.ee\/lv\/e-pood\/gultas-vela\/kokvilnas-gultas-velas-komplekts-220x240-dabisks-miers\/#primaryimage"},"thumbnailUrl":"https:\/\/minubaltic.ee\/wp-content\/uploads\/2025\/06\/Puuvillane-voodipesukomplekt-220\u00d7240-cm-Loomulik-rahu.jpg","datePublished":"2025-06-11T08:30:13+00:00","dateModified":"2025-06-11T08:37:35+00:00","description":"220x240 cm kokvilnas gultas ve\u013cas komplekts rada pla\u0161uma un dabas saj\u016btu. M\u016b\u017e\u012bga izv\u0113le skandin\u0101vu vai mier\u012bgam interjeram.","breadcrumb":{"@id":"https:\/\/minubaltic.ee\/lv\/e-pood\/gultas-vela\/kokvilnas-gultas-velas-komplekts-220x240-dabisks-miers\/#breadcrumb"},"inLanguage":"lv-LV","potentialAction":[{"@type":"ReadAction","target":["https:\/\/minubaltic.ee\/lv\/e-pood\/gultas-vela\/kokvilnas-gultas-velas-komplekts-220x240-dabisks-miers\/"]}]},{"@type":"ImageObject","inLanguage":"lv-LV","@id":"https:\/\/minubaltic.ee\/lv\/e-pood\/gultas-vela\/kokvilnas-gultas-velas-komplekts-220x240-dabisks-miers\/#primaryimage","url":"https:\/\/minubaltic.ee\/wp-content\/uploads\/2025\/06\/Puuvillane-voodipesukomplekt-220\u00d7240-cm-Loomulik-rahu.jpg","contentUrl":"https:\/\/minubaltic.ee\/wp-content\/uploads\/2025\/06\/Puuvillane-voodipesukomplekt-220\u00d7240-cm-Loomulik-rahu.jpg","width":800,"height":800,"caption":"Puuvillane voodipesukomplekt 220\u00d7240 cm Loomulik rahu"},{"@type":"BreadcrumbList","@id":"https:\/\/minubaltic.ee\/lv\/e-pood\/gultas-vela\/kokvilnas-gultas-velas-komplekts-220x240-dabisks-miers\/#breadcrumb","itemListElement":[{"@type":"ListItem","position":1,"name":"S\u0101kums","item":"https:\/\/minubaltic.ee\/lv\/"},{"@type":"ListItem","position":2,"name":"E-veikals","item":"https:\/\/minubaltic.ee\/lv\/e-veikals\/"},{"@type":"ListItem","position":3,"name":"Kokvilnas gultas ve\u013cas komplekts 220&#215;240 | Dabisks miers"}]},{"@type":"WebSite","@id":"https:\/\/minubaltic.ee\/lv\/#website","url":"https:\/\/minubaltic.ee\/lv\/","name":"minubaltic.ee","description":"","publisher":{"@id":"https:\/\/minubaltic.ee\/lv\/#organization"},"potentialAction":[{"@type":"SearchAction","target":{"@type":"EntryPoint","urlTemplate":"https:\/\/minubaltic.ee\/lv\/?s={search_term_string}"},"query-input":{"@type":"PropertyValueSpecification","valueRequired":true,"valueName":"search_term_string"}}],"inLanguage":"lv-LV"},{"@type":"Organization","@id":"https:\/\/minubaltic.ee\/lv\/#organization","name":"Minu Baltic O\u00dc","url":"https:\/\/minubaltic.ee\/lv\/","logo":{"@type":"ImageObject","inLanguage":"lv-LV","@id":"https:\/\/minubaltic.ee\/lv\/#\/schema\/logo\/image\/","url":"https:\/\/minubaltic.ee\/wp-content\/uploads\/2023\/10\/cropped-cropped-cropped-logo.png","contentUrl":"https:\/\/minubaltic.ee\/wp-content\/uploads\/2023\/10\/cropped-cropped-cropped-logo.png","width":500,"height":237,"caption":"Minu Baltic O\u00dc"},"image":{"@id":"https:\/\/minubaltic.ee\/lv\/#\/schema\/logo\/image\/"},"sameAs":["https:\/\/www.facebook.com\/minubaltic"]}]}},"_links":{"self":[{"href":"https:\/\/minubaltic.ee\/lv\/wp-json\/wp\/v2\/product\/44503","targetHints":{"allow":["GET"]}}],"collection":[{"href":"https:\/\/minubaltic.ee\/lv\/wp-json\/wp\/v2\/product"}],"about":[{"href":"https:\/\/minubaltic.ee\/lv\/wp-json\/wp\/v2\/types\/product"}],"replies":[{"embeddable":true,"href":"https:\/\/minubaltic.ee\/lv\/wp-json\/wp\/v2\/comments?post=44503"}],"version-history":[{"count":2,"href":"https:\/\/minubaltic.ee\/lv\/wp-json\/wp\/v2\/product\/44503\/revisions"}],"predecessor-version":[{"id":44531,"href":"https:\/\/minubaltic.ee\/lv\/wp-json\/wp\/v2\/product\/44503\/revisions\/44531"}],"wp:featuredmedia":[{"embeddable":true,"href":"https:\/\/minubaltic.ee\/lv\/wp-json\/wp\/v2\/media\/44508"}],"wp:attachment":[{"href":"https:\/\/minubaltic.ee\/lv\/wp-json\/wp\/v2\/media?parent=44503"}],"wp:term":[{"taxonomy":"product_brand","embeddable":true,"href":"https:\/\/minubaltic.ee\/lv\/wp-json\/wp\/v2\/product_brand?post=44503"},{"taxonomy":"product_cat","embeddable":true,"href":"https:\/\/minubaltic.ee\/lv\/wp-json\/wp\/v2\/product_cat?post=44503"},{"taxonomy":"product_tag","embeddable":true,"href":"https:\/\/minubaltic.ee\/lv\/wp-json\/wp\/v2\/product_tag?post=44503"}],"curies":[{"name":"wp","href":"https:\/\/api.w.org\/{rel}","templated":true}]}}