{"id":43803,"date":"2025-03-12T11:32:00","date_gmt":"2025-03-12T08:32:00","guid":{"rendered":"https:\/\/minubaltic.ee\/?post_type=product&#038;p=43803"},"modified":"2025-03-12T12:54:39","modified_gmt":"2025-03-12T09:54:39","slug":"bernu-gultas-velas-komplekts-milie-draugi","status":"publish","type":"product","link":"https:\/\/minubaltic.ee\/lv\/e-pood\/gultas-vela\/bernu-gultas-velas-komplekts-milie-draugi\/","title":{"rendered":"B\u0113rnu gultas ve\u013cas komplekts | M\u012b\u013cie draugi"},"content":{"rendered":"<p>Kokvilnas b\u0113rnu gultas ve\u013cas komplekts ir lieliska izv\u0113le ikvienam vec\u0101kam, kur\u0161 mekl\u0113 \u0113rtu, smalku un elpojo\u0161u gultas ve\u013cu savam b\u0113rnam. Komplekts ir izgatavots no 100% augstas kvalit\u0101tes kokvilnas, kas nodro\u0161ina maigumu un padara ikvienu miegu pat\u012bkamu. Kokvilna ir elpojo\u0161s materi\u0101ls, kas pal\u012bdz regul\u0113t temperat\u016bru un nov\u0113r\u0161 p\u0101rkar\u0161anu, nodro\u0161inot mier\u012bgu un komfortablu miegu katru nakti.<\/p>\n<p>Gultai ir jautri un jauki att\u0113li, kas ienes siltumu, rota\u013c\u012bgumu un aicino\u0161u atmosf\u0113ru katr\u0101 gu\u013camistab\u0101. Produkts apvieno praktiskumu un skaistumu, nodro\u0161inot ide\u0101lu risin\u0101jumu ikdienas lieto\u0161anai un uzman\u012bbu piesaistot katr\u0101 telp\u0101.<\/p>\n<p>Komplekta viegl\u0101 kop\u0161ana un iztur\u012bba padara to par lielisku izv\u0113li ikdienas lieto\u0161anai. Kokvilnas materi\u0101ls ir viegli mazg\u0101jams un kalpo ilgi.<\/p>\n<p>\u0112rts un mier\u012bgs miegs b\u0113rniem ir \u013coti svar\u012bgs, un kokvilnas gultas ve\u013cas komplekts pal\u012bdz nodro\u0161in\u0101t, ka ikviens b\u0113rns var izbaud\u012bt katru miega mirkli.<\/p>\n","protected":false},"excerpt":{"rendered":"<ul>\n<li>Materi\u0101ls: 100% Kokvilna<\/li>\n<li>Segas p\u0101rvalka: 120&#215;150 cm<\/li>\n<li>Matra\u010da p\u0101rvalks: 60&#215;135 cm<\/li>\n<li>Spilvendr\u0101nu: 30&#215;50 cm<\/li>\n<\/ul>\n","protected":false},"featured_media":43808,"comment_status":"open","ping_status":"closed","template":"","meta":[],"product_brand":[],"product_cat":[858,853,455],"product_tag":[467,461,466],"class_list":{"0":"post-43803","1":"product","2":"type-product","3":"status-publish","4":"has-post-thumbnail","6":"product_cat-bernu-gultas-vela","7":"product_cat-bernu-pasaule","8":"product_cat-gultas-vela","9":"product_tag-gultas-vela","10":"product_tag-majas-tekstils","11":"product_tag-tekstils","13":"first","14":"instock","15":"shipping-taxable","16":"purchasable","17":"product-type-simple"},"yoast_head":"<!-- This site is optimized with the Yoast SEO plugin v27.3 - https:\/\/yoast.com\/product\/yoast-seo-wordpress\/ -->\n<title>B\u0113rnu gultas ve\u013cas komplekts | M\u012b\u013cie draugi - 100% Kokvilna<\/title>\n<meta name=\"description\" content=\"Kokvilnas b\u0113rnu gultas ve\u013cas komplekts M\u012b\u013cie draugi - m\u012bksts un elpojo\u0161s materi\u0101ls nodro\u0161ina lutino\u0161u piesk\u0101rienu, komfortu un mier\u012bgu miegu katru nakti\" \/>\n<meta name=\"robots\" content=\"index, follow, max-snippet:-1, max-image-preview:large, max-video-preview:-1\" \/>\n<link rel=\"canonical\" href=\"https:\/\/minubaltic.ee\/lv\/e-pood\/gultas-vela\/bernu-gultas-velas-komplekts-milie-draugi\/\" \/>\n<meta property=\"og:locale\" content=\"lv_LV\" \/>\n<meta property=\"og:type\" content=\"article\" \/>\n<meta property=\"og:title\" content=\"B\u0113rnu gultas ve\u013cas komplekts | M\u012b\u013cie draugi - 100% Kokvilna\" \/>\n<meta property=\"og:description\" content=\"Kokvilnas b\u0113rnu gultas ve\u013cas komplekts M\u012b\u013cie draugi - m\u012bksts un elpojo\u0161s materi\u0101ls nodro\u0161ina lutino\u0161u piesk\u0101rienu, komfortu un mier\u012bgu miegu katru nakti\" \/>\n<meta property=\"og:url\" content=\"https:\/\/minubaltic.ee\/lv\/e-pood\/gultas-vela\/bernu-gultas-velas-komplekts-milie-draugi\/\" \/>\n<meta property=\"article:publisher\" content=\"https:\/\/www.facebook.com\/minubaltic\" \/>\n<meta property=\"article:modified_time\" content=\"2025-03-12T09:54:39+00:00\" \/>\n<meta property=\"og:image\" content=\"https:\/\/minubaltic.ee\/wp-content\/uploads\/2025\/03\/Laste-voodipesukomplekt-Armsad-sobrad.jpg\" \/>\n\t<meta property=\"og:image:width\" content=\"800\" \/>\n\t<meta property=\"og:image:height\" content=\"800\" \/>\n\t<meta property=\"og:image:type\" content=\"image\/jpeg\" \/>\n<meta name=\"twitter:card\" content=\"summary_large_image\" \/>\n<meta name=\"twitter:label1\" content=\"Est. reading time\" \/>\n\t<meta name=\"twitter:data1\" content=\"1 minute\" \/>\n<script type=\"application\/ld+json\" class=\"yoast-schema-graph\">{\"@context\":\"https:\\\/\\\/schema.org\",\"@graph\":[{\"@type\":\"WebPage\",\"@id\":\"https:\\\/\\\/minubaltic.ee\\\/lv\\\/e-pood\\\/gultas-vela\\\/bernu-gultas-velas-komplekts-milie-draugi\\\/\",\"url\":\"https:\\\/\\\/minubaltic.ee\\\/lv\\\/e-pood\\\/gultas-vela\\\/bernu-gultas-velas-komplekts-milie-draugi\\\/\",\"name\":\"B\u0113rnu gultas ve\u013cas komplekts | M\u012b\u013cie draugi - 100% Kokvilna\",\"isPartOf\":{\"@id\":\"https:\\\/\\\/minubaltic.ee\\\/lv\\\/#website\"},\"primaryImageOfPage\":{\"@id\":\"https:\\\/\\\/minubaltic.ee\\\/lv\\\/e-pood\\\/gultas-vela\\\/bernu-gultas-velas-komplekts-milie-draugi\\\/#primaryimage\"},\"image\":{\"@id\":\"https:\\\/\\\/minubaltic.ee\\\/lv\\\/e-pood\\\/gultas-vela\\\/bernu-gultas-velas-komplekts-milie-draugi\\\/#primaryimage\"},\"thumbnailUrl\":\"https:\\\/\\\/minubaltic.ee\\\/wp-content\\\/uploads\\\/2025\\\/03\\\/Laste-voodipesukomplekt-Armsad-sobrad.jpg\",\"datePublished\":\"2025-03-12T08:32:00+00:00\",\"dateModified\":\"2025-03-12T09:54:39+00:00\",\"description\":\"Kokvilnas b\u0113rnu gultas ve\u013cas komplekts M\u012b\u013cie draugi - m\u012bksts un elpojo\u0161s materi\u0101ls nodro\u0161ina lutino\u0161u piesk\u0101rienu, komfortu un mier\u012bgu miegu katru nakti\",\"breadcrumb\":{\"@id\":\"https:\\\/\\\/minubaltic.ee\\\/lv\\\/e-pood\\\/gultas-vela\\\/bernu-gultas-velas-komplekts-milie-draugi\\\/#breadcrumb\"},\"inLanguage\":\"lv-LV\",\"potentialAction\":[{\"@type\":\"ReadAction\",\"target\":[\"https:\\\/\\\/minubaltic.ee\\\/lv\\\/e-pood\\\/gultas-vela\\\/bernu-gultas-velas-komplekts-milie-draugi\\\/\"]}]},{\"@type\":\"ImageObject\",\"inLanguage\":\"lv-LV\",\"@id\":\"https:\\\/\\\/minubaltic.ee\\\/lv\\\/e-pood\\\/gultas-vela\\\/bernu-gultas-velas-komplekts-milie-draugi\\\/#primaryimage\",\"url\":\"https:\\\/\\\/minubaltic.ee\\\/wp-content\\\/uploads\\\/2025\\\/03\\\/Laste-voodipesukomplekt-Armsad-sobrad.jpg\",\"contentUrl\":\"https:\\\/\\\/minubaltic.ee\\\/wp-content\\\/uploads\\\/2025\\\/03\\\/Laste-voodipesukomplekt-Armsad-sobrad.jpg\",\"width\":800,\"height\":800,\"caption\":\"Laste voodipesukomplekt - Armsad s\u00f5brad\"},{\"@type\":\"BreadcrumbList\",\"@id\":\"https:\\\/\\\/minubaltic.ee\\\/lv\\\/e-pood\\\/gultas-vela\\\/bernu-gultas-velas-komplekts-milie-draugi\\\/#breadcrumb\",\"itemListElement\":[{\"@type\":\"ListItem\",\"position\":1,\"name\":\"S\u0101kums\",\"item\":\"https:\\\/\\\/minubaltic.ee\\\/lv\\\/\"},{\"@type\":\"ListItem\",\"position\":2,\"name\":\"E-veikals\",\"item\":\"https:\\\/\\\/minubaltic.ee\\\/lv\\\/e-veikals\\\/\"},{\"@type\":\"ListItem\",\"position\":3,\"name\":\"B\u0113rnu gultas ve\u013cas komplekts | M\u012b\u013cie draugi\"}]},{\"@type\":\"WebSite\",\"@id\":\"https:\\\/\\\/minubaltic.ee\\\/lv\\\/#website\",\"url\":\"https:\\\/\\\/minubaltic.ee\\\/lv\\\/\",\"name\":\"minubaltic.ee\",\"description\":\"\",\"publisher\":{\"@id\":\"https:\\\/\\\/minubaltic.ee\\\/lv\\\/#organization\"},\"potentialAction\":[{\"@type\":\"SearchAction\",\"target\":{\"@type\":\"EntryPoint\",\"urlTemplate\":\"https:\\\/\\\/minubaltic.ee\\\/lv\\\/?s={search_term_string}\"},\"query-input\":{\"@type\":\"PropertyValueSpecification\",\"valueRequired\":true,\"valueName\":\"search_term_string\"}}],\"inLanguage\":\"lv-LV\"},{\"@type\":\"Organization\",\"@id\":\"https:\\\/\\\/minubaltic.ee\\\/lv\\\/#organization\",\"name\":\"Minu Baltic O\u00dc\",\"url\":\"https:\\\/\\\/minubaltic.ee\\\/lv\\\/\",\"logo\":{\"@type\":\"ImageObject\",\"inLanguage\":\"lv-LV\",\"@id\":\"https:\\\/\\\/minubaltic.ee\\\/lv\\\/#\\\/schema\\\/logo\\\/image\\\/\",\"url\":\"https:\\\/\\\/minubaltic.ee\\\/wp-content\\\/uploads\\\/2023\\\/10\\\/cropped-cropped-cropped-logo.png\",\"contentUrl\":\"https:\\\/\\\/minubaltic.ee\\\/wp-content\\\/uploads\\\/2023\\\/10\\\/cropped-cropped-cropped-logo.png\",\"width\":500,\"height\":237,\"caption\":\"Minu Baltic O\u00dc\"},\"image\":{\"@id\":\"https:\\\/\\\/minubaltic.ee\\\/lv\\\/#\\\/schema\\\/logo\\\/image\\\/\"},\"sameAs\":[\"https:\\\/\\\/www.facebook.com\\\/minubaltic\"]}]}<\/script>\n<!-- \/ Yoast SEO plugin. -->","yoast_head_json":{"title":"B\u0113rnu gultas ve\u013cas komplekts | M\u012b\u013cie draugi - 100% Kokvilna","description":"Kokvilnas b\u0113rnu gultas ve\u013cas komplekts M\u012b\u013cie draugi - m\u012bksts un elpojo\u0161s materi\u0101ls nodro\u0161ina lutino\u0161u piesk\u0101rienu, komfortu un mier\u012bgu miegu katru nakti","robots":{"index":"index","follow":"follow","max-snippet":"max-snippet:-1","max-image-preview":"max-image-preview:large","max-video-preview":"max-video-preview:-1"},"canonical":"https:\/\/minubaltic.ee\/lv\/e-pood\/gultas-vela\/bernu-gultas-velas-komplekts-milie-draugi\/","og_locale":"lv_LV","og_type":"article","og_title":"B\u0113rnu gultas ve\u013cas komplekts | M\u012b\u013cie draugi - 100% Kokvilna","og_description":"Kokvilnas b\u0113rnu gultas ve\u013cas komplekts M\u012b\u013cie draugi - m\u012bksts un elpojo\u0161s materi\u0101ls nodro\u0161ina lutino\u0161u piesk\u0101rienu, komfortu un mier\u012bgu miegu katru nakti","og_url":"https:\/\/minubaltic.ee\/lv\/e-pood\/gultas-vela\/bernu-gultas-velas-komplekts-milie-draugi\/","article_publisher":"https:\/\/www.facebook.com\/minubaltic","article_modified_time":"2025-03-12T09:54:39+00:00","og_image":[{"width":800,"height":800,"url":"https:\/\/minubaltic.ee\/wp-content\/uploads\/2025\/03\/Laste-voodipesukomplekt-Armsad-sobrad.jpg","type":"image\/jpeg"}],"twitter_card":"summary_large_image","twitter_misc":{"Est. reading time":"1 minute"},"schema":{"@context":"https:\/\/schema.org","@graph":[{"@type":"WebPage","@id":"https:\/\/minubaltic.ee\/lv\/e-pood\/gultas-vela\/bernu-gultas-velas-komplekts-milie-draugi\/","url":"https:\/\/minubaltic.ee\/lv\/e-pood\/gultas-vela\/bernu-gultas-velas-komplekts-milie-draugi\/","name":"B\u0113rnu gultas ve\u013cas komplekts | M\u012b\u013cie draugi - 100% Kokvilna","isPartOf":{"@id":"https:\/\/minubaltic.ee\/lv\/#website"},"primaryImageOfPage":{"@id":"https:\/\/minubaltic.ee\/lv\/e-pood\/gultas-vela\/bernu-gultas-velas-komplekts-milie-draugi\/#primaryimage"},"image":{"@id":"https:\/\/minubaltic.ee\/lv\/e-pood\/gultas-vela\/bernu-gultas-velas-komplekts-milie-draugi\/#primaryimage"},"thumbnailUrl":"https:\/\/minubaltic.ee\/wp-content\/uploads\/2025\/03\/Laste-voodipesukomplekt-Armsad-sobrad.jpg","datePublished":"2025-03-12T08:32:00+00:00","dateModified":"2025-03-12T09:54:39+00:00","description":"Kokvilnas b\u0113rnu gultas ve\u013cas komplekts M\u012b\u013cie draugi - m\u012bksts un elpojo\u0161s materi\u0101ls nodro\u0161ina lutino\u0161u piesk\u0101rienu, komfortu un mier\u012bgu miegu katru nakti","breadcrumb":{"@id":"https:\/\/minubaltic.ee\/lv\/e-pood\/gultas-vela\/bernu-gultas-velas-komplekts-milie-draugi\/#breadcrumb"},"inLanguage":"lv-LV","potentialAction":[{"@type":"ReadAction","target":["https:\/\/minubaltic.ee\/lv\/e-pood\/gultas-vela\/bernu-gultas-velas-komplekts-milie-draugi\/"]}]},{"@type":"ImageObject","inLanguage":"lv-LV","@id":"https:\/\/minubaltic.ee\/lv\/e-pood\/gultas-vela\/bernu-gultas-velas-komplekts-milie-draugi\/#primaryimage","url":"https:\/\/minubaltic.ee\/wp-content\/uploads\/2025\/03\/Laste-voodipesukomplekt-Armsad-sobrad.jpg","contentUrl":"https:\/\/minubaltic.ee\/wp-content\/uploads\/2025\/03\/Laste-voodipesukomplekt-Armsad-sobrad.jpg","width":800,"height":800,"caption":"Laste voodipesukomplekt - Armsad s\u00f5brad"},{"@type":"BreadcrumbList","@id":"https:\/\/minubaltic.ee\/lv\/e-pood\/gultas-vela\/bernu-gultas-velas-komplekts-milie-draugi\/#breadcrumb","itemListElement":[{"@type":"ListItem","position":1,"name":"S\u0101kums","item":"https:\/\/minubaltic.ee\/lv\/"},{"@type":"ListItem","position":2,"name":"E-veikals","item":"https:\/\/minubaltic.ee\/lv\/e-veikals\/"},{"@type":"ListItem","position":3,"name":"B\u0113rnu gultas ve\u013cas komplekts | M\u012b\u013cie draugi"}]},{"@type":"WebSite","@id":"https:\/\/minubaltic.ee\/lv\/#website","url":"https:\/\/minubaltic.ee\/lv\/","name":"minubaltic.ee","description":"","publisher":{"@id":"https:\/\/minubaltic.ee\/lv\/#organization"},"potentialAction":[{"@type":"SearchAction","target":{"@type":"EntryPoint","urlTemplate":"https:\/\/minubaltic.ee\/lv\/?s={search_term_string}"},"query-input":{"@type":"PropertyValueSpecification","valueRequired":true,"valueName":"search_term_string"}}],"inLanguage":"lv-LV"},{"@type":"Organization","@id":"https:\/\/minubaltic.ee\/lv\/#organization","name":"Minu Baltic O\u00dc","url":"https:\/\/minubaltic.ee\/lv\/","logo":{"@type":"ImageObject","inLanguage":"lv-LV","@id":"https:\/\/minubaltic.ee\/lv\/#\/schema\/logo\/image\/","url":"https:\/\/minubaltic.ee\/wp-content\/uploads\/2023\/10\/cropped-cropped-cropped-logo.png","contentUrl":"https:\/\/minubaltic.ee\/wp-content\/uploads\/2023\/10\/cropped-cropped-cropped-logo.png","width":500,"height":237,"caption":"Minu Baltic O\u00dc"},"image":{"@id":"https:\/\/minubaltic.ee\/lv\/#\/schema\/logo\/image\/"},"sameAs":["https:\/\/www.facebook.com\/minubaltic"]}]}},"_links":{"self":[{"href":"https:\/\/minubaltic.ee\/lv\/wp-json\/wp\/v2\/product\/43803","targetHints":{"allow":["GET"]}}],"collection":[{"href":"https:\/\/minubaltic.ee\/lv\/wp-json\/wp\/v2\/product"}],"about":[{"href":"https:\/\/minubaltic.ee\/lv\/wp-json\/wp\/v2\/types\/product"}],"replies":[{"embeddable":true,"href":"https:\/\/minubaltic.ee\/lv\/wp-json\/wp\/v2\/comments?post=43803"}],"version-history":[{"count":2,"href":"https:\/\/minubaltic.ee\/lv\/wp-json\/wp\/v2\/product\/43803\/revisions"}],"predecessor-version":[{"id":44003,"href":"https:\/\/minubaltic.ee\/lv\/wp-json\/wp\/v2\/product\/43803\/revisions\/44003"}],"wp:featuredmedia":[{"embeddable":true,"href":"https:\/\/minubaltic.ee\/lv\/wp-json\/wp\/v2\/media\/43808"}],"wp:attachment":[{"href":"https:\/\/minubaltic.ee\/lv\/wp-json\/wp\/v2\/media?parent=43803"}],"wp:term":[{"taxonomy":"product_brand","embeddable":true,"href":"https:\/\/minubaltic.ee\/lv\/wp-json\/wp\/v2\/product_brand?post=43803"},{"taxonomy":"product_cat","embeddable":true,"href":"https:\/\/minubaltic.ee\/lv\/wp-json\/wp\/v2\/product_cat?post=43803"},{"taxonomy":"product_tag","embeddable":true,"href":"https:\/\/minubaltic.ee\/lv\/wp-json\/wp\/v2\/product_tag?post=43803"}],"curies":[{"name":"wp","href":"https:\/\/api.w.org\/{rel}","templated":true}]}}