{"id":43152,"date":"2025-03-01T04:13:06","date_gmt":"2025-03-01T01:13:06","guid":{"rendered":"https:\/\/minubaltic.ee\/?post_type=product&#038;p=43152"},"modified":"2025-03-01T07:00:11","modified_gmt":"2025-03-01T04:00:11","slug":"tencel-gultas-velas-komplekts-sampanietis","status":"publish","type":"product","link":"https:\/\/minubaltic.ee\/lv\/e-pood\/gultas-vela\/tencel-gultas-velas-komplekts-sampanietis\/","title":{"rendered":"Tencel gultas ve\u013cas komplekts &#8211; \u0160ampanietis"},"content":{"rendered":"<p>Tencel gultas ve\u013cas komplekts ir izgatavots no dab\u012bga eikalipta, nodro\u0161inot izcilu maigumu un elpojam\u012bbu. \u0160is \u0101dai draudz\u012bgais materi\u0101ls ir lieliska izv\u0113le tiem, kas nov\u0113rt\u0113 kvalitat\u012bvus un videi draudz\u012bgus produktus. Tencel audums regul\u0113 mitrumu, saglab\u0101jot l\u012bdzsvarotu \u0137erme\u0146a temperat\u016bru, lai nodro\u0161in\u0101tu svaigu un komfortablu miegu. Tencel ir ar\u012b hipoaler\u0123isks un antibakteri\u0101ls, t\u0101p\u0113c tas ir ide\u0101li piem\u0113rots aler\u0123ijas slimniekiem un cilv\u0113kiem ar jut\u012bgu \u0101du.<\/p>\n<p>Tencel gultas ve\u013cas komplekts ir iztur\u012bgs un saglab\u0101 savu kvalit\u0101ti pat p\u0113c vair\u0101kk\u0101rt\u0113jas mazg\u0101\u0161anas. Produkti apvieno komfortu, iztur\u012bbu un videi draudz\u012bgumu, padarot to par ide\u0101lu izv\u0113li ikdienas lieto\u0161anai. Pateicoties dabiskaj\u0101m \u0161\u0137iedr\u0101m, Tencel gultas ve\u013cas komplekts ir maigs un z\u012bdains, nodro\u0161inot greznu miega pieredzi katru nakti. T\u0101 ir ar\u012b lieliska izv\u0113le tiem, kas sav\u0101 gu\u013camistab\u0101 mekl\u0113 hipoaler\u0123iskus un antibakteri\u0101lus risin\u0101jumus.<\/p>\n<p>Tencel gultas ve\u013cas komplekts pied\u0101v\u0101 ne tikai izcilu komfortu un kvalit\u0101ti, bet ar\u012b stilu un eleganci. T\u0101s skaistais un minim\u0101listiskais dizains ienes gu\u013camistab\u0101 greznu un mier\u012bgu atmosf\u0113ru. Pie\u0161\u0137iriet savai gu\u013camistabai kvalit\u0101ti un stilu, izv\u0113loties Tencel gultas ve\u013cas komplektu \u2013 ide\u0101ls risin\u0101jums katrai dienai.<\/p>\n","protected":false},"excerpt":{"rendered":"<p>100% ekolo\u0123isks, antibakteri\u0101ls un \u0101dai draudz\u012bgs, pied\u0101v\u0101jot maigumu un elpojam\u012bbu.<\/p>\n<ul>\n<li>Kr\u0101sa: \u0160ampanietis<\/li>\n<li>Materi\u0101ls: 100% Tencel<\/li>\n<li>Diegu skaits audum\u0101: 60S \/ 300TC<\/li>\n<li>Segas p\u0101rvalka: 200\u00d7220 cm<\/li>\n<li>Palaga: 220\u00d7240 cm<\/li>\n<li>Spilvendr\u0101nu: 50\u00d770 cm (2 gab.)<\/li>\n<\/ul>\n<p><img loading=\"lazy\" decoding=\"async\" class=\" wd-lazy-fade alignnone wp-image-42933\" src=\"https:\/\/minubaltic.ee\/wp-content\/themes\/woodmart\/images\/lazy.svg\" data-src=\"https:\/\/minubaltic.ee\/wp-content\/uploads\/2025\/03\/tencel-certified-400x129.png\" alt=\"\" width=\"125\" height=\"40\" srcset=\"\" data-srcset=\"https:\/\/minubaltic.ee\/wp-content\/uploads\/2025\/03\/tencel-certified-400x129.png 400w, https:\/\/minubaltic.ee\/wp-content\/uploads\/2025\/03\/tencel-certified-430x139.png 430w, https:\/\/minubaltic.ee\/wp-content\/uploads\/2025\/03\/tencel-certified-150x49.png 150w, https:\/\/minubaltic.ee\/wp-content\/uploads\/2025\/03\/tencel-certified.png 516w\" sizes=\"auto, (max-width: 125px) 100vw, 125px\" \/><img loading=\"lazy\" decoding=\"async\" class=\" wd-lazy-fade alignnone wp-image-42939\" src=\"https:\/\/minubaltic.ee\/wp-content\/themes\/woodmart\/images\/lazy.svg\" data-src=\"https:\/\/minubaltic.ee\/wp-content\/uploads\/2025\/03\/oeko-tex-standard-100.png\" alt=\"\" width=\"125\" height=\"41\" srcset=\"\" data-srcset=\"https:\/\/minubaltic.ee\/wp-content\/uploads\/2025\/03\/oeko-tex-standard-100.png 200w, https:\/\/minubaltic.ee\/wp-content\/uploads\/2025\/03\/oeko-tex-standard-100-150x50.png 150w\" sizes=\"auto, (max-width: 125px) 100vw, 125px\" \/><\/p>\n","protected":false},"featured_media":43157,"comment_status":"open","ping_status":"closed","template":"","meta":[],"product_brand":[],"product_cat":[455,618,457,767,597,736],"product_tag":[460,466],"class_list":{"0":"post-43152","1":"product","2":"type-product","3":"status-publish","4":"has-post-thumbnail","6":"product_cat-gultas-vela","7":"product_cat-gultas-velas-komplekti","8":"product_cat-gultas-velas-komplekti-200-220","9":"product_cat-organiska-gultas-vela","10":"product_cat-tencel-gultas-velas-komplekti","11":"product_cat-tencel-gultas-velas-komplekti-lv","12":"product_tag-e-veikals","13":"product_tag-tekstils","15":"first","16":"outofstock","17":"shipping-taxable","18":"purchasable","19":"product-type-simple"},"yoast_head":"<!-- This site is optimized with the Yoast SEO plugin v27.3 - https:\/\/yoast.com\/product\/yoast-seo-wordpress\/ -->\n<title>Tencel gultas ve\u013cas komplekts - \u0160ampanietis - 100% TENCEL\u2122<\/title>\n<meta name=\"description\" content=\"Dab\u012bgs un \u0101dai draudz\u012bgs eikalipta 100% Tencel gultas ve\u013cas komplekts nodro\u0161ina \u0113rtu un svaigu miegu. Elpojo\u0161ais un m\u012bkstais audums ir ilgm\u016b\u017e\u012bgs.\" \/>\n<meta name=\"robots\" content=\"index, follow, max-snippet:-1, max-image-preview:large, max-video-preview:-1\" \/>\n<link rel=\"canonical\" href=\"https:\/\/minubaltic.ee\/lv\/e-pood\/gultas-vela\/tencel-gultas-velas-komplekts-sampanietis\/\" \/>\n<meta property=\"og:locale\" content=\"lv_LV\" \/>\n<meta property=\"og:type\" content=\"article\" \/>\n<meta property=\"og:title\" content=\"Tencel gultas ve\u013cas komplekts - \u0160ampanietis - 100% TENCEL\u2122\" \/>\n<meta property=\"og:description\" content=\"Dab\u012bgs un \u0101dai draudz\u012bgs eikalipta 100% Tencel gultas ve\u013cas komplekts nodro\u0161ina \u0113rtu un svaigu miegu. Elpojo\u0161ais un m\u012bkstais audums ir ilgm\u016b\u017e\u012bgs.\" \/>\n<meta property=\"og:url\" content=\"https:\/\/minubaltic.ee\/lv\/e-pood\/gultas-vela\/tencel-gultas-velas-komplekts-sampanietis\/\" \/>\n<meta property=\"article:publisher\" content=\"https:\/\/www.facebook.com\/minubaltic\" \/>\n<meta property=\"article:modified_time\" content=\"2025-03-01T04:00:11+00:00\" \/>\n<meta property=\"og:image\" content=\"https:\/\/minubaltic.ee\/wp-content\/uploads\/2025\/03\/Tencel-voodipesukomplekt-\u2013-Sampanja.jpg\" \/>\n\t<meta property=\"og:image:width\" content=\"800\" \/>\n\t<meta property=\"og:image:height\" content=\"800\" \/>\n\t<meta property=\"og:image:type\" content=\"image\/jpeg\" \/>\n<meta name=\"twitter:card\" content=\"summary_large_image\" \/>\n<meta name=\"twitter:label1\" content=\"Est. reading time\" \/>\n\t<meta name=\"twitter:data1\" content=\"2 minutes\" \/>\n<script type=\"application\/ld+json\" class=\"yoast-schema-graph\">{\"@context\":\"https:\\\/\\\/schema.org\",\"@graph\":[{\"@type\":\"WebPage\",\"@id\":\"https:\\\/\\\/minubaltic.ee\\\/lv\\\/e-pood\\\/gultas-vela\\\/tencel-gultas-velas-komplekts-sampanietis\\\/\",\"url\":\"https:\\\/\\\/minubaltic.ee\\\/lv\\\/e-pood\\\/gultas-vela\\\/tencel-gultas-velas-komplekts-sampanietis\\\/\",\"name\":\"Tencel gultas ve\u013cas komplekts - \u0160ampanietis - 100% TENCEL\u2122\",\"isPartOf\":{\"@id\":\"https:\\\/\\\/minubaltic.ee\\\/lv\\\/#website\"},\"primaryImageOfPage\":{\"@id\":\"https:\\\/\\\/minubaltic.ee\\\/lv\\\/e-pood\\\/gultas-vela\\\/tencel-gultas-velas-komplekts-sampanietis\\\/#primaryimage\"},\"image\":{\"@id\":\"https:\\\/\\\/minubaltic.ee\\\/lv\\\/e-pood\\\/gultas-vela\\\/tencel-gultas-velas-komplekts-sampanietis\\\/#primaryimage\"},\"thumbnailUrl\":\"https:\\\/\\\/minubaltic.ee\\\/wp-content\\\/uploads\\\/2025\\\/03\\\/Tencel-voodipesukomplekt-\u2013-Sampanja.jpg\",\"datePublished\":\"2025-03-01T01:13:06+00:00\",\"dateModified\":\"2025-03-01T04:00:11+00:00\",\"description\":\"Dab\u012bgs un \u0101dai draudz\u012bgs eikalipta 100% Tencel gultas ve\u013cas komplekts nodro\u0161ina \u0113rtu un svaigu miegu. Elpojo\u0161ais un m\u012bkstais audums ir ilgm\u016b\u017e\u012bgs.\",\"breadcrumb\":{\"@id\":\"https:\\\/\\\/minubaltic.ee\\\/lv\\\/e-pood\\\/gultas-vela\\\/tencel-gultas-velas-komplekts-sampanietis\\\/#breadcrumb\"},\"inLanguage\":\"lv-LV\",\"potentialAction\":[{\"@type\":\"ReadAction\",\"target\":[\"https:\\\/\\\/minubaltic.ee\\\/lv\\\/e-pood\\\/gultas-vela\\\/tencel-gultas-velas-komplekts-sampanietis\\\/\"]}]},{\"@type\":\"ImageObject\",\"inLanguage\":\"lv-LV\",\"@id\":\"https:\\\/\\\/minubaltic.ee\\\/lv\\\/e-pood\\\/gultas-vela\\\/tencel-gultas-velas-komplekts-sampanietis\\\/#primaryimage\",\"url\":\"https:\\\/\\\/minubaltic.ee\\\/wp-content\\\/uploads\\\/2025\\\/03\\\/Tencel-voodipesukomplekt-\u2013-Sampanja.jpg\",\"contentUrl\":\"https:\\\/\\\/minubaltic.ee\\\/wp-content\\\/uploads\\\/2025\\\/03\\\/Tencel-voodipesukomplekt-\u2013-Sampanja.jpg\",\"width\":800,\"height\":800,\"caption\":\"Tencel voodipesukomplekt \u2013 S\u030campanja\"},{\"@type\":\"BreadcrumbList\",\"@id\":\"https:\\\/\\\/minubaltic.ee\\\/lv\\\/e-pood\\\/gultas-vela\\\/tencel-gultas-velas-komplekts-sampanietis\\\/#breadcrumb\",\"itemListElement\":[{\"@type\":\"ListItem\",\"position\":1,\"name\":\"S\u0101kums\",\"item\":\"https:\\\/\\\/minubaltic.ee\\\/lv\\\/\"},{\"@type\":\"ListItem\",\"position\":2,\"name\":\"E-veikals\",\"item\":\"https:\\\/\\\/minubaltic.ee\\\/lv\\\/e-veikals\\\/\"},{\"@type\":\"ListItem\",\"position\":3,\"name\":\"Tencel gultas ve\u013cas komplekts &#8211; \u0160ampanietis\"}]},{\"@type\":\"WebSite\",\"@id\":\"https:\\\/\\\/minubaltic.ee\\\/lv\\\/#website\",\"url\":\"https:\\\/\\\/minubaltic.ee\\\/lv\\\/\",\"name\":\"minubaltic.ee\",\"description\":\"\",\"publisher\":{\"@id\":\"https:\\\/\\\/minubaltic.ee\\\/lv\\\/#organization\"},\"potentialAction\":[{\"@type\":\"SearchAction\",\"target\":{\"@type\":\"EntryPoint\",\"urlTemplate\":\"https:\\\/\\\/minubaltic.ee\\\/lv\\\/?s={search_term_string}\"},\"query-input\":{\"@type\":\"PropertyValueSpecification\",\"valueRequired\":true,\"valueName\":\"search_term_string\"}}],\"inLanguage\":\"lv-LV\"},{\"@type\":\"Organization\",\"@id\":\"https:\\\/\\\/minubaltic.ee\\\/lv\\\/#organization\",\"name\":\"Minu Baltic O\u00dc\",\"url\":\"https:\\\/\\\/minubaltic.ee\\\/lv\\\/\",\"logo\":{\"@type\":\"ImageObject\",\"inLanguage\":\"lv-LV\",\"@id\":\"https:\\\/\\\/minubaltic.ee\\\/lv\\\/#\\\/schema\\\/logo\\\/image\\\/\",\"url\":\"https:\\\/\\\/minubaltic.ee\\\/wp-content\\\/uploads\\\/2023\\\/10\\\/cropped-cropped-cropped-logo.png\",\"contentUrl\":\"https:\\\/\\\/minubaltic.ee\\\/wp-content\\\/uploads\\\/2023\\\/10\\\/cropped-cropped-cropped-logo.png\",\"width\":500,\"height\":237,\"caption\":\"Minu Baltic O\u00dc\"},\"image\":{\"@id\":\"https:\\\/\\\/minubaltic.ee\\\/lv\\\/#\\\/schema\\\/logo\\\/image\\\/\"},\"sameAs\":[\"https:\\\/\\\/www.facebook.com\\\/minubaltic\"]}]}<\/script>\n<!-- \/ Yoast SEO plugin. -->","yoast_head_json":{"title":"Tencel gultas ve\u013cas komplekts - \u0160ampanietis - 100% TENCEL\u2122","description":"Dab\u012bgs un \u0101dai draudz\u012bgs eikalipta 100% Tencel gultas ve\u013cas komplekts nodro\u0161ina \u0113rtu un svaigu miegu. Elpojo\u0161ais un m\u012bkstais audums ir ilgm\u016b\u017e\u012bgs.","robots":{"index":"index","follow":"follow","max-snippet":"max-snippet:-1","max-image-preview":"max-image-preview:large","max-video-preview":"max-video-preview:-1"},"canonical":"https:\/\/minubaltic.ee\/lv\/e-pood\/gultas-vela\/tencel-gultas-velas-komplekts-sampanietis\/","og_locale":"lv_LV","og_type":"article","og_title":"Tencel gultas ve\u013cas komplekts - \u0160ampanietis - 100% TENCEL\u2122","og_description":"Dab\u012bgs un \u0101dai draudz\u012bgs eikalipta 100% Tencel gultas ve\u013cas komplekts nodro\u0161ina \u0113rtu un svaigu miegu. Elpojo\u0161ais un m\u012bkstais audums ir ilgm\u016b\u017e\u012bgs.","og_url":"https:\/\/minubaltic.ee\/lv\/e-pood\/gultas-vela\/tencel-gultas-velas-komplekts-sampanietis\/","article_publisher":"https:\/\/www.facebook.com\/minubaltic","article_modified_time":"2025-03-01T04:00:11+00:00","og_image":[{"width":800,"height":800,"url":"https:\/\/minubaltic.ee\/wp-content\/uploads\/2025\/03\/Tencel-voodipesukomplekt-\u2013-Sampanja.jpg","type":"image\/jpeg"}],"twitter_card":"summary_large_image","twitter_misc":{"Est. reading time":"2 minutes"},"schema":{"@context":"https:\/\/schema.org","@graph":[{"@type":"WebPage","@id":"https:\/\/minubaltic.ee\/lv\/e-pood\/gultas-vela\/tencel-gultas-velas-komplekts-sampanietis\/","url":"https:\/\/minubaltic.ee\/lv\/e-pood\/gultas-vela\/tencel-gultas-velas-komplekts-sampanietis\/","name":"Tencel gultas ve\u013cas komplekts - \u0160ampanietis - 100% TENCEL\u2122","isPartOf":{"@id":"https:\/\/minubaltic.ee\/lv\/#website"},"primaryImageOfPage":{"@id":"https:\/\/minubaltic.ee\/lv\/e-pood\/gultas-vela\/tencel-gultas-velas-komplekts-sampanietis\/#primaryimage"},"image":{"@id":"https:\/\/minubaltic.ee\/lv\/e-pood\/gultas-vela\/tencel-gultas-velas-komplekts-sampanietis\/#primaryimage"},"thumbnailUrl":"https:\/\/minubaltic.ee\/wp-content\/uploads\/2025\/03\/Tencel-voodipesukomplekt-\u2013-Sampanja.jpg","datePublished":"2025-03-01T01:13:06+00:00","dateModified":"2025-03-01T04:00:11+00:00","description":"Dab\u012bgs un \u0101dai draudz\u012bgs eikalipta 100% Tencel gultas ve\u013cas komplekts nodro\u0161ina \u0113rtu un svaigu miegu. Elpojo\u0161ais un m\u012bkstais audums ir ilgm\u016b\u017e\u012bgs.","breadcrumb":{"@id":"https:\/\/minubaltic.ee\/lv\/e-pood\/gultas-vela\/tencel-gultas-velas-komplekts-sampanietis\/#breadcrumb"},"inLanguage":"lv-LV","potentialAction":[{"@type":"ReadAction","target":["https:\/\/minubaltic.ee\/lv\/e-pood\/gultas-vela\/tencel-gultas-velas-komplekts-sampanietis\/"]}]},{"@type":"ImageObject","inLanguage":"lv-LV","@id":"https:\/\/minubaltic.ee\/lv\/e-pood\/gultas-vela\/tencel-gultas-velas-komplekts-sampanietis\/#primaryimage","url":"https:\/\/minubaltic.ee\/wp-content\/uploads\/2025\/03\/Tencel-voodipesukomplekt-\u2013-Sampanja.jpg","contentUrl":"https:\/\/minubaltic.ee\/wp-content\/uploads\/2025\/03\/Tencel-voodipesukomplekt-\u2013-Sampanja.jpg","width":800,"height":800,"caption":"Tencel voodipesukomplekt \u2013 S\u030campanja"},{"@type":"BreadcrumbList","@id":"https:\/\/minubaltic.ee\/lv\/e-pood\/gultas-vela\/tencel-gultas-velas-komplekts-sampanietis\/#breadcrumb","itemListElement":[{"@type":"ListItem","position":1,"name":"S\u0101kums","item":"https:\/\/minubaltic.ee\/lv\/"},{"@type":"ListItem","position":2,"name":"E-veikals","item":"https:\/\/minubaltic.ee\/lv\/e-veikals\/"},{"@type":"ListItem","position":3,"name":"Tencel gultas ve\u013cas komplekts &#8211; \u0160ampanietis"}]},{"@type":"WebSite","@id":"https:\/\/minubaltic.ee\/lv\/#website","url":"https:\/\/minubaltic.ee\/lv\/","name":"minubaltic.ee","description":"","publisher":{"@id":"https:\/\/minubaltic.ee\/lv\/#organization"},"potentialAction":[{"@type":"SearchAction","target":{"@type":"EntryPoint","urlTemplate":"https:\/\/minubaltic.ee\/lv\/?s={search_term_string}"},"query-input":{"@type":"PropertyValueSpecification","valueRequired":true,"valueName":"search_term_string"}}],"inLanguage":"lv-LV"},{"@type":"Organization","@id":"https:\/\/minubaltic.ee\/lv\/#organization","name":"Minu Baltic O\u00dc","url":"https:\/\/minubaltic.ee\/lv\/","logo":{"@type":"ImageObject","inLanguage":"lv-LV","@id":"https:\/\/minubaltic.ee\/lv\/#\/schema\/logo\/image\/","url":"https:\/\/minubaltic.ee\/wp-content\/uploads\/2023\/10\/cropped-cropped-cropped-logo.png","contentUrl":"https:\/\/minubaltic.ee\/wp-content\/uploads\/2023\/10\/cropped-cropped-cropped-logo.png","width":500,"height":237,"caption":"Minu Baltic O\u00dc"},"image":{"@id":"https:\/\/minubaltic.ee\/lv\/#\/schema\/logo\/image\/"},"sameAs":["https:\/\/www.facebook.com\/minubaltic"]}]}},"_links":{"self":[{"href":"https:\/\/minubaltic.ee\/lv\/wp-json\/wp\/v2\/product\/43152","targetHints":{"allow":["GET"]}}],"collection":[{"href":"https:\/\/minubaltic.ee\/lv\/wp-json\/wp\/v2\/product"}],"about":[{"href":"https:\/\/minubaltic.ee\/lv\/wp-json\/wp\/v2\/types\/product"}],"replies":[{"embeddable":true,"href":"https:\/\/minubaltic.ee\/lv\/wp-json\/wp\/v2\/comments?post=43152"}],"version-history":[{"count":2,"href":"https:\/\/minubaltic.ee\/lv\/wp-json\/wp\/v2\/product\/43152\/revisions"}],"predecessor-version":[{"id":43492,"href":"https:\/\/minubaltic.ee\/lv\/wp-json\/wp\/v2\/product\/43152\/revisions\/43492"}],"wp:featuredmedia":[{"embeddable":true,"href":"https:\/\/minubaltic.ee\/lv\/wp-json\/wp\/v2\/media\/43157"}],"wp:attachment":[{"href":"https:\/\/minubaltic.ee\/lv\/wp-json\/wp\/v2\/media?parent=43152"}],"wp:term":[{"taxonomy":"product_brand","embeddable":true,"href":"https:\/\/minubaltic.ee\/lv\/wp-json\/wp\/v2\/product_brand?post=43152"},{"taxonomy":"product_cat","embeddable":true,"href":"https:\/\/minubaltic.ee\/lv\/wp-json\/wp\/v2\/product_cat?post=43152"},{"taxonomy":"product_tag","embeddable":true,"href":"https:\/\/minubaltic.ee\/lv\/wp-json\/wp\/v2\/product_tag?post=43152"}],"curies":[{"name":"wp","href":"https:\/\/api.w.org\/{rel}","templated":true}]}}