{"id":42750,"date":"2025-02-21T17:33:27","date_gmt":"2025-02-21T14:33:27","guid":{"rendered":"https:\/\/minubaltic.ee\/?post_type=product&#038;p=42750"},"modified":"2025-02-21T19:13:01","modified_gmt":"2025-02-21T16:13:01","slug":"spilvena-sega-2-viena-minnija-mausa-roza","status":"publish","type":"product","link":"https:\/\/minubaltic.ee\/lv\/e-pood\/bernu-segas\/spilvena-sega-2-viena-minnija-mausa-roza\/","title":{"rendered":"Spilvena sega 2 vien\u0101 &#8211; Minnija Mausa | roz\u0101"},"content":{"rendered":"<p>B\u0113rniem rad\u012bt\u0101 sega-spilvens 2in1 ir gudrs risin\u0101jums, kas apvieno \u0113rtu spilvenu un siltu segu, nodro\u0161inot J\u016bsu b\u0113rnam m\u0101j\u012bgumu ikvien\u0101 situ\u0101cij\u0101. Dienas laik\u0101 to var izmantot k\u0101 \u0113rtu spilvenu, bet nakt\u012b tas atveras m\u012bkst\u0101 un silt\u0101 sega, nodro\u0161inot j\u016bsu b\u0113rnam \u0113rtu p\u0101rkl\u0101jumu. T\u0101 ir lieliska izv\u0113le gan m\u0101j\u0101m, gan ce\u013cojumiem, sniedzot b\u0113rnam paz\u012bstamu un dro\u0161u saj\u016btu pat nepaz\u012bstam\u0101s viet\u0101s.<\/p>\n","protected":false},"excerpt":{"rendered":"<ul>\n<li>Auduma sast\u0101vs: Kora\u013c\u013cu vilna<\/li>\n<li>Izm\u0113rs: 40\u00d740 cm \u2013 atv\u0113rts 105\u00d7155 cm<\/li>\n<li>Svars: 1,1 kg<\/li>\n<\/ul>\n","protected":false},"featured_media":42756,"comment_status":"open","ping_status":"closed","template":"","meta":[],"product_brand":[],"product_cat":[853,439],"product_tag":[462,460],"class_list":{"0":"post-42750","1":"product","2":"type-product","3":"status-publish","4":"has-post-thumbnail","6":"product_cat-bernu-pasaule","7":"product_cat-bernu-segas","8":"product_tag-bernu-segas","9":"product_tag-e-veikals","11":"first","12":"instock","13":"shipping-taxable","14":"purchasable","15":"product-type-simple"},"yoast_head":"<!-- This site is optimized with the Yoast SEO plugin v27.3 - https:\/\/yoast.com\/product\/yoast-seo-wordpress\/ -->\n<title>Spilvena sega 2 vien\u0101 - Minnija Mausa | roz\u0101 - Minu Baltic<\/title>\n<meta name=\"description\" content=\"Univers\u0101ls spilvens un sega 2 vien\u0101 - roz\u0101 Minnija Mausa - m\u012bksts un \u0113rts risin\u0101jums m\u0101j\u0101m, ce\u013cojumiem vai piknikam. Izmantojiet k\u0101 spilvenu vai atveriet\" \/>\n<meta name=\"robots\" content=\"index, follow, max-snippet:-1, max-image-preview:large, max-video-preview:-1\" \/>\n<link rel=\"canonical\" href=\"https:\/\/minubaltic.ee\/lv\/e-pood\/bernu-segas\/spilvena-sega-2-viena-minnija-mausa-roza\/\" \/>\n<meta property=\"og:locale\" content=\"lv_LV\" \/>\n<meta property=\"og:type\" content=\"article\" \/>\n<meta property=\"og:title\" content=\"Spilvena sega 2 vien\u0101 - Minnija Mausa | roz\u0101 - Minu Baltic\" \/>\n<meta property=\"og:description\" content=\"Univers\u0101ls spilvens un sega 2 vien\u0101 - roz\u0101 Minnija Mausa - m\u012bksts un \u0113rts risin\u0101jums m\u0101j\u0101m, ce\u013cojumiem vai piknikam. Izmantojiet k\u0101 spilvenu vai atveriet\" \/>\n<meta property=\"og:url\" content=\"https:\/\/minubaltic.ee\/lv\/e-pood\/bernu-segas\/spilvena-sega-2-viena-minnija-mausa-roza\/\" \/>\n<meta property=\"article:publisher\" content=\"https:\/\/www.facebook.com\/minubaltic\" \/>\n<meta property=\"article:modified_time\" content=\"2025-02-21T16:13:01+00:00\" \/>\n<meta property=\"og:image\" content=\"https:\/\/minubaltic.ee\/wp-content\/uploads\/2025\/02\/Padi-ja-tekk-2-in-1-Minni-Hiir-roosa.jpg\" \/>\n\t<meta property=\"og:image:width\" content=\"800\" \/>\n\t<meta property=\"og:image:height\" content=\"800\" \/>\n\t<meta property=\"og:image:type\" content=\"image\/jpeg\" \/>\n<meta name=\"twitter:card\" content=\"summary_large_image\" \/>\n<meta name=\"twitter:label1\" content=\"Est. reading time\" \/>\n\t<meta name=\"twitter:data1\" content=\"1 minute\" \/>\n<script type=\"application\/ld+json\" class=\"yoast-schema-graph\">{\"@context\":\"https:\\\/\\\/schema.org\",\"@graph\":[{\"@type\":\"WebPage\",\"@id\":\"https:\\\/\\\/minubaltic.ee\\\/lv\\\/e-pood\\\/bernu-segas\\\/spilvena-sega-2-viena-minnija-mausa-roza\\\/\",\"url\":\"https:\\\/\\\/minubaltic.ee\\\/lv\\\/e-pood\\\/bernu-segas\\\/spilvena-sega-2-viena-minnija-mausa-roza\\\/\",\"name\":\"Spilvena sega 2 vien\u0101 - Minnija Mausa | roz\u0101 - Minu Baltic\",\"isPartOf\":{\"@id\":\"https:\\\/\\\/minubaltic.ee\\\/lv\\\/#website\"},\"primaryImageOfPage\":{\"@id\":\"https:\\\/\\\/minubaltic.ee\\\/lv\\\/e-pood\\\/bernu-segas\\\/spilvena-sega-2-viena-minnija-mausa-roza\\\/#primaryimage\"},\"image\":{\"@id\":\"https:\\\/\\\/minubaltic.ee\\\/lv\\\/e-pood\\\/bernu-segas\\\/spilvena-sega-2-viena-minnija-mausa-roza\\\/#primaryimage\"},\"thumbnailUrl\":\"https:\\\/\\\/minubaltic.ee\\\/wp-content\\\/uploads\\\/2025\\\/02\\\/Padi-ja-tekk-2-in-1-Minni-Hiir-roosa.jpg\",\"datePublished\":\"2025-02-21T14:33:27+00:00\",\"dateModified\":\"2025-02-21T16:13:01+00:00\",\"description\":\"Univers\u0101ls spilvens un sega 2 vien\u0101 - roz\u0101 Minnija Mausa - m\u012bksts un \u0113rts risin\u0101jums m\u0101j\u0101m, ce\u013cojumiem vai piknikam. Izmantojiet k\u0101 spilvenu vai atveriet\",\"breadcrumb\":{\"@id\":\"https:\\\/\\\/minubaltic.ee\\\/lv\\\/e-pood\\\/bernu-segas\\\/spilvena-sega-2-viena-minnija-mausa-roza\\\/#breadcrumb\"},\"inLanguage\":\"lv-LV\",\"potentialAction\":[{\"@type\":\"ReadAction\",\"target\":[\"https:\\\/\\\/minubaltic.ee\\\/lv\\\/e-pood\\\/bernu-segas\\\/spilvena-sega-2-viena-minnija-mausa-roza\\\/\"]}]},{\"@type\":\"ImageObject\",\"inLanguage\":\"lv-LV\",\"@id\":\"https:\\\/\\\/minubaltic.ee\\\/lv\\\/e-pood\\\/bernu-segas\\\/spilvena-sega-2-viena-minnija-mausa-roza\\\/#primaryimage\",\"url\":\"https:\\\/\\\/minubaltic.ee\\\/wp-content\\\/uploads\\\/2025\\\/02\\\/Padi-ja-tekk-2-in-1-Minni-Hiir-roosa.jpg\",\"contentUrl\":\"https:\\\/\\\/minubaltic.ee\\\/wp-content\\\/uploads\\\/2025\\\/02\\\/Padi-ja-tekk-2-in-1-Minni-Hiir-roosa.jpg\",\"width\":800,\"height\":800,\"caption\":\"Padi ja tekk 2 in 1- Minni Hiir roosa\"},{\"@type\":\"BreadcrumbList\",\"@id\":\"https:\\\/\\\/minubaltic.ee\\\/lv\\\/e-pood\\\/bernu-segas\\\/spilvena-sega-2-viena-minnija-mausa-roza\\\/#breadcrumb\",\"itemListElement\":[{\"@type\":\"ListItem\",\"position\":1,\"name\":\"S\u0101kums\",\"item\":\"https:\\\/\\\/minubaltic.ee\\\/lv\\\/\"},{\"@type\":\"ListItem\",\"position\":2,\"name\":\"E-veikals\",\"item\":\"https:\\\/\\\/minubaltic.ee\\\/lv\\\/e-veikals\\\/\"},{\"@type\":\"ListItem\",\"position\":3,\"name\":\"Spilvena sega 2 vien\u0101 &#8211; Minnija Mausa | roz\u0101\"}]},{\"@type\":\"WebSite\",\"@id\":\"https:\\\/\\\/minubaltic.ee\\\/lv\\\/#website\",\"url\":\"https:\\\/\\\/minubaltic.ee\\\/lv\\\/\",\"name\":\"minubaltic.ee\",\"description\":\"\",\"publisher\":{\"@id\":\"https:\\\/\\\/minubaltic.ee\\\/lv\\\/#organization\"},\"potentialAction\":[{\"@type\":\"SearchAction\",\"target\":{\"@type\":\"EntryPoint\",\"urlTemplate\":\"https:\\\/\\\/minubaltic.ee\\\/lv\\\/?s={search_term_string}\"},\"query-input\":{\"@type\":\"PropertyValueSpecification\",\"valueRequired\":true,\"valueName\":\"search_term_string\"}}],\"inLanguage\":\"lv-LV\"},{\"@type\":\"Organization\",\"@id\":\"https:\\\/\\\/minubaltic.ee\\\/lv\\\/#organization\",\"name\":\"Minu Baltic O\u00dc\",\"url\":\"https:\\\/\\\/minubaltic.ee\\\/lv\\\/\",\"logo\":{\"@type\":\"ImageObject\",\"inLanguage\":\"lv-LV\",\"@id\":\"https:\\\/\\\/minubaltic.ee\\\/lv\\\/#\\\/schema\\\/logo\\\/image\\\/\",\"url\":\"https:\\\/\\\/minubaltic.ee\\\/wp-content\\\/uploads\\\/2023\\\/10\\\/cropped-cropped-cropped-logo.png\",\"contentUrl\":\"https:\\\/\\\/minubaltic.ee\\\/wp-content\\\/uploads\\\/2023\\\/10\\\/cropped-cropped-cropped-logo.png\",\"width\":500,\"height\":237,\"caption\":\"Minu Baltic O\u00dc\"},\"image\":{\"@id\":\"https:\\\/\\\/minubaltic.ee\\\/lv\\\/#\\\/schema\\\/logo\\\/image\\\/\"},\"sameAs\":[\"https:\\\/\\\/www.facebook.com\\\/minubaltic\"]}]}<\/script>\n<!-- \/ Yoast SEO plugin. -->","yoast_head_json":{"title":"Spilvena sega 2 vien\u0101 - Minnija Mausa | roz\u0101 - Minu Baltic","description":"Univers\u0101ls spilvens un sega 2 vien\u0101 - roz\u0101 Minnija Mausa - m\u012bksts un \u0113rts risin\u0101jums m\u0101j\u0101m, ce\u013cojumiem vai piknikam. Izmantojiet k\u0101 spilvenu vai atveriet","robots":{"index":"index","follow":"follow","max-snippet":"max-snippet:-1","max-image-preview":"max-image-preview:large","max-video-preview":"max-video-preview:-1"},"canonical":"https:\/\/minubaltic.ee\/lv\/e-pood\/bernu-segas\/spilvena-sega-2-viena-minnija-mausa-roza\/","og_locale":"lv_LV","og_type":"article","og_title":"Spilvena sega 2 vien\u0101 - Minnija Mausa | roz\u0101 - Minu Baltic","og_description":"Univers\u0101ls spilvens un sega 2 vien\u0101 - roz\u0101 Minnija Mausa - m\u012bksts un \u0113rts risin\u0101jums m\u0101j\u0101m, ce\u013cojumiem vai piknikam. Izmantojiet k\u0101 spilvenu vai atveriet","og_url":"https:\/\/minubaltic.ee\/lv\/e-pood\/bernu-segas\/spilvena-sega-2-viena-minnija-mausa-roza\/","article_publisher":"https:\/\/www.facebook.com\/minubaltic","article_modified_time":"2025-02-21T16:13:01+00:00","og_image":[{"width":800,"height":800,"url":"https:\/\/minubaltic.ee\/wp-content\/uploads\/2025\/02\/Padi-ja-tekk-2-in-1-Minni-Hiir-roosa.jpg","type":"image\/jpeg"}],"twitter_card":"summary_large_image","twitter_misc":{"Est. reading time":"1 minute"},"schema":{"@context":"https:\/\/schema.org","@graph":[{"@type":"WebPage","@id":"https:\/\/minubaltic.ee\/lv\/e-pood\/bernu-segas\/spilvena-sega-2-viena-minnija-mausa-roza\/","url":"https:\/\/minubaltic.ee\/lv\/e-pood\/bernu-segas\/spilvena-sega-2-viena-minnija-mausa-roza\/","name":"Spilvena sega 2 vien\u0101 - Minnija Mausa | roz\u0101 - Minu Baltic","isPartOf":{"@id":"https:\/\/minubaltic.ee\/lv\/#website"},"primaryImageOfPage":{"@id":"https:\/\/minubaltic.ee\/lv\/e-pood\/bernu-segas\/spilvena-sega-2-viena-minnija-mausa-roza\/#primaryimage"},"image":{"@id":"https:\/\/minubaltic.ee\/lv\/e-pood\/bernu-segas\/spilvena-sega-2-viena-minnija-mausa-roza\/#primaryimage"},"thumbnailUrl":"https:\/\/minubaltic.ee\/wp-content\/uploads\/2025\/02\/Padi-ja-tekk-2-in-1-Minni-Hiir-roosa.jpg","datePublished":"2025-02-21T14:33:27+00:00","dateModified":"2025-02-21T16:13:01+00:00","description":"Univers\u0101ls spilvens un sega 2 vien\u0101 - roz\u0101 Minnija Mausa - m\u012bksts un \u0113rts risin\u0101jums m\u0101j\u0101m, ce\u013cojumiem vai piknikam. Izmantojiet k\u0101 spilvenu vai atveriet","breadcrumb":{"@id":"https:\/\/minubaltic.ee\/lv\/e-pood\/bernu-segas\/spilvena-sega-2-viena-minnija-mausa-roza\/#breadcrumb"},"inLanguage":"lv-LV","potentialAction":[{"@type":"ReadAction","target":["https:\/\/minubaltic.ee\/lv\/e-pood\/bernu-segas\/spilvena-sega-2-viena-minnija-mausa-roza\/"]}]},{"@type":"ImageObject","inLanguage":"lv-LV","@id":"https:\/\/minubaltic.ee\/lv\/e-pood\/bernu-segas\/spilvena-sega-2-viena-minnija-mausa-roza\/#primaryimage","url":"https:\/\/minubaltic.ee\/wp-content\/uploads\/2025\/02\/Padi-ja-tekk-2-in-1-Minni-Hiir-roosa.jpg","contentUrl":"https:\/\/minubaltic.ee\/wp-content\/uploads\/2025\/02\/Padi-ja-tekk-2-in-1-Minni-Hiir-roosa.jpg","width":800,"height":800,"caption":"Padi ja tekk 2 in 1- Minni Hiir roosa"},{"@type":"BreadcrumbList","@id":"https:\/\/minubaltic.ee\/lv\/e-pood\/bernu-segas\/spilvena-sega-2-viena-minnija-mausa-roza\/#breadcrumb","itemListElement":[{"@type":"ListItem","position":1,"name":"S\u0101kums","item":"https:\/\/minubaltic.ee\/lv\/"},{"@type":"ListItem","position":2,"name":"E-veikals","item":"https:\/\/minubaltic.ee\/lv\/e-veikals\/"},{"@type":"ListItem","position":3,"name":"Spilvena sega 2 vien\u0101 &#8211; Minnija Mausa | roz\u0101"}]},{"@type":"WebSite","@id":"https:\/\/minubaltic.ee\/lv\/#website","url":"https:\/\/minubaltic.ee\/lv\/","name":"minubaltic.ee","description":"","publisher":{"@id":"https:\/\/minubaltic.ee\/lv\/#organization"},"potentialAction":[{"@type":"SearchAction","target":{"@type":"EntryPoint","urlTemplate":"https:\/\/minubaltic.ee\/lv\/?s={search_term_string}"},"query-input":{"@type":"PropertyValueSpecification","valueRequired":true,"valueName":"search_term_string"}}],"inLanguage":"lv-LV"},{"@type":"Organization","@id":"https:\/\/minubaltic.ee\/lv\/#organization","name":"Minu Baltic O\u00dc","url":"https:\/\/minubaltic.ee\/lv\/","logo":{"@type":"ImageObject","inLanguage":"lv-LV","@id":"https:\/\/minubaltic.ee\/lv\/#\/schema\/logo\/image\/","url":"https:\/\/minubaltic.ee\/wp-content\/uploads\/2023\/10\/cropped-cropped-cropped-logo.png","contentUrl":"https:\/\/minubaltic.ee\/wp-content\/uploads\/2023\/10\/cropped-cropped-cropped-logo.png","width":500,"height":237,"caption":"Minu Baltic O\u00dc"},"image":{"@id":"https:\/\/minubaltic.ee\/lv\/#\/schema\/logo\/image\/"},"sameAs":["https:\/\/www.facebook.com\/minubaltic"]}]}},"_links":{"self":[{"href":"https:\/\/minubaltic.ee\/lv\/wp-json\/wp\/v2\/product\/42750","targetHints":{"allow":["GET"]}}],"collection":[{"href":"https:\/\/minubaltic.ee\/lv\/wp-json\/wp\/v2\/product"}],"about":[{"href":"https:\/\/minubaltic.ee\/lv\/wp-json\/wp\/v2\/types\/product"}],"replies":[{"embeddable":true,"href":"https:\/\/minubaltic.ee\/lv\/wp-json\/wp\/v2\/comments?post=42750"}],"version-history":[{"count":2,"href":"https:\/\/minubaltic.ee\/lv\/wp-json\/wp\/v2\/product\/42750\/revisions"}],"predecessor-version":[{"id":42806,"href":"https:\/\/minubaltic.ee\/lv\/wp-json\/wp\/v2\/product\/42750\/revisions\/42806"}],"wp:featuredmedia":[{"embeddable":true,"href":"https:\/\/minubaltic.ee\/lv\/wp-json\/wp\/v2\/media\/42756"}],"wp:attachment":[{"href":"https:\/\/minubaltic.ee\/lv\/wp-json\/wp\/v2\/media?parent=42750"}],"wp:term":[{"taxonomy":"product_brand","embeddable":true,"href":"https:\/\/minubaltic.ee\/lv\/wp-json\/wp\/v2\/product_brand?post=42750"},{"taxonomy":"product_cat","embeddable":true,"href":"https:\/\/minubaltic.ee\/lv\/wp-json\/wp\/v2\/product_cat?post=42750"},{"taxonomy":"product_tag","embeddable":true,"href":"https:\/\/minubaltic.ee\/lv\/wp-json\/wp\/v2\/product_tag?post=42750"}],"curies":[{"name":"wp","href":"https:\/\/api.w.org\/{rel}","templated":true}]}}