{"id":42119,"date":"2025-01-30T15:38:11","date_gmt":"2025-01-30T12:38:11","guid":{"rendered":"https:\/\/minubaltic.ee\/e-pood\/uncategorized\/pleed-130x180-cm-armijas-zals\/"},"modified":"2025-01-30T17:11:38","modified_gmt":"2025-01-30T14:11:38","slug":"pleds-130x180-cm-armijas-zals","status":"publish","type":"product","link":"https:\/\/minubaltic.ee\/lv\/e-pood\/segas\/pleds-130x180-cm-armijas-zals\/","title":{"rendered":"Pleds 130&#215;180 cm (Armijas za\u013c\u0161)"},"content":{"rendered":"<p>M\u012bksts un viegls akrila pleds &#8211; ide\u0101la izv\u0113le jebkurai sezonai! Plaida m\u012bkst\u0101 tekst\u016bra un siltumu saglab\u0101jo\u0161\u0101s \u012bpa\u0161\u012bbas padara to par ide\u0101lu pavadoni jebkur\u0101 laik\u0101. Akrils ir viegls, tom\u0113r siltumu aizturo\u0161s materi\u0101ls, kas nodro\u0161ina komfortu un siltumu pat aukst\u0101k\u0101s dien\u0101s. Akrila pleda kop\u0161ana ir vienk\u0101r\u0161a, jo akrila materi\u0101ls neburz\u0101s un nemaina formu pat p\u0113c vair\u0101k\u0101m mazg\u0101\u0161anas reiz\u0113m. Plaida notur\u012bba nodro\u0161ina ilgsto\u0161u lieto\u0161anu, vienlaikus ir maiga un pat\u012bkama \u0101dai.<\/p>\n<p>Akrila pleds ir lieliski piem\u0113rots ikdienas lieto\u0161anai un, t\u0101 k\u0101 tas ir pietiekami viegls, to var \u0113rti pa\u0146emt l\u012bdzi.<br \/>\nPapildiniet savu m\u0101ju ar praktisku un stil\u012bgu akrila pledu, kas nodro\u0161ina siltumu un komfortu jebkur\u0101 laik\u0101!<\/p>\n","protected":false},"excerpt":{"rendered":"<ul>\n<li>Auduma sast\u0101vs: 100% Akrils<\/li>\n<li>Svars: 0,560 kg<\/li>\n<li>Izm\u0113ri: 130&#215;180 cm<\/li>\n<\/ul>\n","protected":false},"featured_media":42106,"comment_status":"open","ping_status":"closed","template":"","meta":[],"product_brand":[],"product_cat":[973,451],"product_tag":[461,465,464,466],"class_list":{"0":"post-42119","1":"product","2":"type-product","3":"status-publish","4":"has-post-thumbnail","6":"product_cat-pledi","7":"product_cat-segas","8":"product_tag-majas-tekstils","9":"product_tag-sega","10":"product_tag-segas","11":"product_tag-tekstils","13":"first","14":"instock","15":"shipping-taxable","16":"purchasable","17":"product-type-simple"},"yoast_head":"<!-- This site is optimized with the Yoast SEO plugin v27.3 - https:\/\/yoast.com\/product\/yoast-seo-wordpress\/ -->\n<title>Pleds 130x180 cm (Armijas za\u013c\u0161) - Minu Baltic<\/title>\n<meta name=\"description\" content=\"Augstas kvalit\u0101tes akrila pleds, kas apvieno stilu un praktiskumu. M\u012bksts, elpojo\u0161s un viegls materi\u0101ls nodro\u0161ina maksim\u0101lu komfortu,...\" \/>\n<meta name=\"robots\" content=\"index, follow, max-snippet:-1, max-image-preview:large, max-video-preview:-1\" \/>\n<link rel=\"canonical\" href=\"https:\/\/minubaltic.ee\/lv\/e-pood\/segas\/pleds-130x180-cm-armijas-zals\/\" \/>\n<meta property=\"og:locale\" content=\"lv_LV\" \/>\n<meta property=\"og:type\" content=\"article\" \/>\n<meta property=\"og:title\" content=\"Pleds 130x180 cm (Armijas za\u013c\u0161) - Minu Baltic\" \/>\n<meta property=\"og:description\" content=\"Augstas kvalit\u0101tes akrila pleds, kas apvieno stilu un praktiskumu. M\u012bksts, elpojo\u0161s un viegls materi\u0101ls nodro\u0161ina maksim\u0101lu komfortu,...\" \/>\n<meta property=\"og:url\" content=\"https:\/\/minubaltic.ee\/lv\/e-pood\/segas\/pleds-130x180-cm-armijas-zals\/\" \/>\n<meta property=\"article:publisher\" content=\"https:\/\/www.facebook.com\/minubaltic\" \/>\n<meta property=\"article:modified_time\" content=\"2025-01-30T14:11:38+00:00\" \/>\n<meta property=\"og:image\" content=\"https:\/\/minubaltic.ee\/wp-content\/uploads\/2025\/01\/Pleed-130x180-cm-Armeeroheline.jpg\" \/>\n\t<meta property=\"og:image:width\" content=\"800\" \/>\n\t<meta property=\"og:image:height\" content=\"800\" \/>\n\t<meta property=\"og:image:type\" content=\"image\/jpeg\" \/>\n<meta name=\"twitter:card\" content=\"summary_large_image\" \/>\n<meta name=\"twitter:label1\" content=\"Est. reading time\" \/>\n\t<meta name=\"twitter:data1\" content=\"1 minute\" \/>\n<script type=\"application\/ld+json\" class=\"yoast-schema-graph\">{\"@context\":\"https:\\\/\\\/schema.org\",\"@graph\":[{\"@type\":\"WebPage\",\"@id\":\"https:\\\/\\\/minubaltic.ee\\\/lv\\\/e-pood\\\/segas\\\/pleds-130x180-cm-armijas-zals\\\/\",\"url\":\"https:\\\/\\\/minubaltic.ee\\\/lv\\\/e-pood\\\/segas\\\/pleds-130x180-cm-armijas-zals\\\/\",\"name\":\"Pleds 130x180 cm (Armijas za\u013c\u0161) - Minu Baltic\",\"isPartOf\":{\"@id\":\"https:\\\/\\\/minubaltic.ee\\\/lv\\\/#website\"},\"primaryImageOfPage\":{\"@id\":\"https:\\\/\\\/minubaltic.ee\\\/lv\\\/e-pood\\\/segas\\\/pleds-130x180-cm-armijas-zals\\\/#primaryimage\"},\"image\":{\"@id\":\"https:\\\/\\\/minubaltic.ee\\\/lv\\\/e-pood\\\/segas\\\/pleds-130x180-cm-armijas-zals\\\/#primaryimage\"},\"thumbnailUrl\":\"https:\\\/\\\/minubaltic.ee\\\/wp-content\\\/uploads\\\/2025\\\/01\\\/Pleed-130x180-cm-Armeeroheline.jpg\",\"datePublished\":\"2025-01-30T12:38:11+00:00\",\"dateModified\":\"2025-01-30T14:11:38+00:00\",\"description\":\"Augstas kvalit\u0101tes akrila pleds, kas apvieno stilu un praktiskumu. M\u012bksts, elpojo\u0161s un viegls materi\u0101ls nodro\u0161ina maksim\u0101lu komfortu,...\",\"breadcrumb\":{\"@id\":\"https:\\\/\\\/minubaltic.ee\\\/lv\\\/e-pood\\\/segas\\\/pleds-130x180-cm-armijas-zals\\\/#breadcrumb\"},\"inLanguage\":\"lv-LV\",\"potentialAction\":[{\"@type\":\"ReadAction\",\"target\":[\"https:\\\/\\\/minubaltic.ee\\\/lv\\\/e-pood\\\/segas\\\/pleds-130x180-cm-armijas-zals\\\/\"]}]},{\"@type\":\"ImageObject\",\"inLanguage\":\"lv-LV\",\"@id\":\"https:\\\/\\\/minubaltic.ee\\\/lv\\\/e-pood\\\/segas\\\/pleds-130x180-cm-armijas-zals\\\/#primaryimage\",\"url\":\"https:\\\/\\\/minubaltic.ee\\\/wp-content\\\/uploads\\\/2025\\\/01\\\/Pleed-130x180-cm-Armeeroheline.jpg\",\"contentUrl\":\"https:\\\/\\\/minubaltic.ee\\\/wp-content\\\/uploads\\\/2025\\\/01\\\/Pleed-130x180-cm-Armeeroheline.jpg\",\"width\":800,\"height\":800,\"caption\":\"Pleed 130x180 cm (armijas za\u013c\u0161)\"},{\"@type\":\"BreadcrumbList\",\"@id\":\"https:\\\/\\\/minubaltic.ee\\\/lv\\\/e-pood\\\/segas\\\/pleds-130x180-cm-armijas-zals\\\/#breadcrumb\",\"itemListElement\":[{\"@type\":\"ListItem\",\"position\":1,\"name\":\"S\u0101kums\",\"item\":\"https:\\\/\\\/minubaltic.ee\\\/lv\\\/\"},{\"@type\":\"ListItem\",\"position\":2,\"name\":\"E-veikals\",\"item\":\"https:\\\/\\\/minubaltic.ee\\\/lv\\\/e-veikals\\\/\"},{\"@type\":\"ListItem\",\"position\":3,\"name\":\"Pleds 130&#215;180 cm (Armijas za\u013c\u0161)\"}]},{\"@type\":\"WebSite\",\"@id\":\"https:\\\/\\\/minubaltic.ee\\\/lv\\\/#website\",\"url\":\"https:\\\/\\\/minubaltic.ee\\\/lv\\\/\",\"name\":\"minubaltic.ee\",\"description\":\"\",\"publisher\":{\"@id\":\"https:\\\/\\\/minubaltic.ee\\\/lv\\\/#organization\"},\"potentialAction\":[{\"@type\":\"SearchAction\",\"target\":{\"@type\":\"EntryPoint\",\"urlTemplate\":\"https:\\\/\\\/minubaltic.ee\\\/lv\\\/?s={search_term_string}\"},\"query-input\":{\"@type\":\"PropertyValueSpecification\",\"valueRequired\":true,\"valueName\":\"search_term_string\"}}],\"inLanguage\":\"lv-LV\"},{\"@type\":\"Organization\",\"@id\":\"https:\\\/\\\/minubaltic.ee\\\/lv\\\/#organization\",\"name\":\"Minu Baltic O\u00dc\",\"url\":\"https:\\\/\\\/minubaltic.ee\\\/lv\\\/\",\"logo\":{\"@type\":\"ImageObject\",\"inLanguage\":\"lv-LV\",\"@id\":\"https:\\\/\\\/minubaltic.ee\\\/lv\\\/#\\\/schema\\\/logo\\\/image\\\/\",\"url\":\"https:\\\/\\\/minubaltic.ee\\\/wp-content\\\/uploads\\\/2023\\\/10\\\/cropped-cropped-cropped-logo.png\",\"contentUrl\":\"https:\\\/\\\/minubaltic.ee\\\/wp-content\\\/uploads\\\/2023\\\/10\\\/cropped-cropped-cropped-logo.png\",\"width\":500,\"height\":237,\"caption\":\"Minu Baltic O\u00dc\"},\"image\":{\"@id\":\"https:\\\/\\\/minubaltic.ee\\\/lv\\\/#\\\/schema\\\/logo\\\/image\\\/\"},\"sameAs\":[\"https:\\\/\\\/www.facebook.com\\\/minubaltic\"]}]}<\/script>\n<!-- \/ Yoast SEO plugin. -->","yoast_head_json":{"title":"Pleds 130x180 cm (Armijas za\u013c\u0161) - Minu Baltic","description":"Augstas kvalit\u0101tes akrila pleds, kas apvieno stilu un praktiskumu. M\u012bksts, elpojo\u0161s un viegls materi\u0101ls nodro\u0161ina maksim\u0101lu komfortu,...","robots":{"index":"index","follow":"follow","max-snippet":"max-snippet:-1","max-image-preview":"max-image-preview:large","max-video-preview":"max-video-preview:-1"},"canonical":"https:\/\/minubaltic.ee\/lv\/e-pood\/segas\/pleds-130x180-cm-armijas-zals\/","og_locale":"lv_LV","og_type":"article","og_title":"Pleds 130x180 cm (Armijas za\u013c\u0161) - Minu Baltic","og_description":"Augstas kvalit\u0101tes akrila pleds, kas apvieno stilu un praktiskumu. M\u012bksts, elpojo\u0161s un viegls materi\u0101ls nodro\u0161ina maksim\u0101lu komfortu,...","og_url":"https:\/\/minubaltic.ee\/lv\/e-pood\/segas\/pleds-130x180-cm-armijas-zals\/","article_publisher":"https:\/\/www.facebook.com\/minubaltic","article_modified_time":"2025-01-30T14:11:38+00:00","og_image":[{"width":800,"height":800,"url":"https:\/\/minubaltic.ee\/wp-content\/uploads\/2025\/01\/Pleed-130x180-cm-Armeeroheline.jpg","type":"image\/jpeg"}],"twitter_card":"summary_large_image","twitter_misc":{"Est. reading time":"1 minute"},"schema":{"@context":"https:\/\/schema.org","@graph":[{"@type":"WebPage","@id":"https:\/\/minubaltic.ee\/lv\/e-pood\/segas\/pleds-130x180-cm-armijas-zals\/","url":"https:\/\/minubaltic.ee\/lv\/e-pood\/segas\/pleds-130x180-cm-armijas-zals\/","name":"Pleds 130x180 cm (Armijas za\u013c\u0161) - Minu Baltic","isPartOf":{"@id":"https:\/\/minubaltic.ee\/lv\/#website"},"primaryImageOfPage":{"@id":"https:\/\/minubaltic.ee\/lv\/e-pood\/segas\/pleds-130x180-cm-armijas-zals\/#primaryimage"},"image":{"@id":"https:\/\/minubaltic.ee\/lv\/e-pood\/segas\/pleds-130x180-cm-armijas-zals\/#primaryimage"},"thumbnailUrl":"https:\/\/minubaltic.ee\/wp-content\/uploads\/2025\/01\/Pleed-130x180-cm-Armeeroheline.jpg","datePublished":"2025-01-30T12:38:11+00:00","dateModified":"2025-01-30T14:11:38+00:00","description":"Augstas kvalit\u0101tes akrila pleds, kas apvieno stilu un praktiskumu. M\u012bksts, elpojo\u0161s un viegls materi\u0101ls nodro\u0161ina maksim\u0101lu komfortu,...","breadcrumb":{"@id":"https:\/\/minubaltic.ee\/lv\/e-pood\/segas\/pleds-130x180-cm-armijas-zals\/#breadcrumb"},"inLanguage":"lv-LV","potentialAction":[{"@type":"ReadAction","target":["https:\/\/minubaltic.ee\/lv\/e-pood\/segas\/pleds-130x180-cm-armijas-zals\/"]}]},{"@type":"ImageObject","inLanguage":"lv-LV","@id":"https:\/\/minubaltic.ee\/lv\/e-pood\/segas\/pleds-130x180-cm-armijas-zals\/#primaryimage","url":"https:\/\/minubaltic.ee\/wp-content\/uploads\/2025\/01\/Pleed-130x180-cm-Armeeroheline.jpg","contentUrl":"https:\/\/minubaltic.ee\/wp-content\/uploads\/2025\/01\/Pleed-130x180-cm-Armeeroheline.jpg","width":800,"height":800,"caption":"Pleed 130x180 cm (armijas za\u013c\u0161)"},{"@type":"BreadcrumbList","@id":"https:\/\/minubaltic.ee\/lv\/e-pood\/segas\/pleds-130x180-cm-armijas-zals\/#breadcrumb","itemListElement":[{"@type":"ListItem","position":1,"name":"S\u0101kums","item":"https:\/\/minubaltic.ee\/lv\/"},{"@type":"ListItem","position":2,"name":"E-veikals","item":"https:\/\/minubaltic.ee\/lv\/e-veikals\/"},{"@type":"ListItem","position":3,"name":"Pleds 130&#215;180 cm (Armijas za\u013c\u0161)"}]},{"@type":"WebSite","@id":"https:\/\/minubaltic.ee\/lv\/#website","url":"https:\/\/minubaltic.ee\/lv\/","name":"minubaltic.ee","description":"","publisher":{"@id":"https:\/\/minubaltic.ee\/lv\/#organization"},"potentialAction":[{"@type":"SearchAction","target":{"@type":"EntryPoint","urlTemplate":"https:\/\/minubaltic.ee\/lv\/?s={search_term_string}"},"query-input":{"@type":"PropertyValueSpecification","valueRequired":true,"valueName":"search_term_string"}}],"inLanguage":"lv-LV"},{"@type":"Organization","@id":"https:\/\/minubaltic.ee\/lv\/#organization","name":"Minu Baltic O\u00dc","url":"https:\/\/minubaltic.ee\/lv\/","logo":{"@type":"ImageObject","inLanguage":"lv-LV","@id":"https:\/\/minubaltic.ee\/lv\/#\/schema\/logo\/image\/","url":"https:\/\/minubaltic.ee\/wp-content\/uploads\/2023\/10\/cropped-cropped-cropped-logo.png","contentUrl":"https:\/\/minubaltic.ee\/wp-content\/uploads\/2023\/10\/cropped-cropped-cropped-logo.png","width":500,"height":237,"caption":"Minu Baltic O\u00dc"},"image":{"@id":"https:\/\/minubaltic.ee\/lv\/#\/schema\/logo\/image\/"},"sameAs":["https:\/\/www.facebook.com\/minubaltic"]}]}},"_links":{"self":[{"href":"https:\/\/minubaltic.ee\/lv\/wp-json\/wp\/v2\/product\/42119","targetHints":{"allow":["GET"]}}],"collection":[{"href":"https:\/\/minubaltic.ee\/lv\/wp-json\/wp\/v2\/product"}],"about":[{"href":"https:\/\/minubaltic.ee\/lv\/wp-json\/wp\/v2\/types\/product"}],"replies":[{"embeddable":true,"href":"https:\/\/minubaltic.ee\/lv\/wp-json\/wp\/v2\/comments?post=42119"}],"version-history":[{"count":2,"href":"https:\/\/minubaltic.ee\/lv\/wp-json\/wp\/v2\/product\/42119\/revisions"}],"predecessor-version":[{"id":42129,"href":"https:\/\/minubaltic.ee\/lv\/wp-json\/wp\/v2\/product\/42119\/revisions\/42129"}],"wp:featuredmedia":[{"embeddable":true,"href":"https:\/\/minubaltic.ee\/lv\/wp-json\/wp\/v2\/media\/42106"}],"wp:attachment":[{"href":"https:\/\/minubaltic.ee\/lv\/wp-json\/wp\/v2\/media?parent=42119"}],"wp:term":[{"taxonomy":"product_brand","embeddable":true,"href":"https:\/\/minubaltic.ee\/lv\/wp-json\/wp\/v2\/product_brand?post=42119"},{"taxonomy":"product_cat","embeddable":true,"href":"https:\/\/minubaltic.ee\/lv\/wp-json\/wp\/v2\/product_cat?post=42119"},{"taxonomy":"product_tag","embeddable":true,"href":"https:\/\/minubaltic.ee\/lv\/wp-json\/wp\/v2\/product_tag?post=42119"}],"curies":[{"name":"wp","href":"https:\/\/api.w.org\/{rel}","templated":true}]}}