{"id":41732,"date":"2025-01-18T08:50:09","date_gmt":"2025-01-18T05:50:09","guid":{"rendered":"https:\/\/minubaltic.ee\/?post_type=product&#038;p=41732"},"modified":"2025-02-01T00:00:31","modified_gmt":"2025-01-31T21:00:31","slug":"vannas-dvielis-70x140-violeta-zila","status":"publish","type":"product","link":"https:\/\/minubaltic.ee\/lv\/e-pood\/dvieli\/vannas-dvielis-70x140-violeta-zila\/","title":{"rendered":"Vannas dvielis 70&#215;140 (Violeta zila)"},"content":{"rendered":"<p>Kokvilnas vannas dvielis, izm\u0113rs 70&#215;140 cm, ir paredz\u0113ts ikdienas lieto\u0161anai. Izgatavots no 100% dab\u012bg\u0101m kokvilnas \u0161\u0137iedr\u0101m, nodro\u0161ina m\u012bkstu un maigu saj\u016btu un \u0101tri uzs\u016bc mitrumu. T\u0101 izm\u0113rs ir tie\u0161i piem\u0113rots, nodro\u0161inot pietiekamu p\u0101rkl\u0101jumu un komfortu.<\/p>\n<p>Dvielis ir veidots t\u0101, lai tas kalpotu \u2013 iztur\u012bgais materi\u0101ls saglab\u0101 savu maigumu un kvalit\u0101ti ar\u012b p\u0113c atk\u0101rtotas mazg\u0101\u0161anas. Pateicoties t\u0101 bl\u012bvajai tekst\u016brai, dvielis \u0101tri iz\u017e\u016bst.<\/p>\n<p>Klasiskais dizains iederas jebkur\u0101 vannas istab\u0101, pie\u0161\u0137irot tai t\u012bru un sakoptu izskatu. Dvielis ir ar\u012b viegli kopjams, tas ir mazg\u0101jams ve\u013cas ma\u0161\u012bn\u0101 un saglab\u0101 savu kr\u0101su pat p\u0113c vair\u0101k\u0101m mazg\u0101\u0161anas reiz\u0113m.<\/p>\n<p>Ja j\u016bs augstu v\u0113rt\u0113jat kvalit\u0101tes un praktiskuma l\u012bdzsvaru, \u0161is kokvilnas vannas dvielis ir lieliska izv\u0113le j\u016bsu ikdienai.<\/p>\n","protected":false},"excerpt":{"rendered":"<ul>\n<li><span class=\"product-attribute__label\">Auduma sast\u0101vs:<\/span><span class=\"product-attribute__value\" data-attribute-code=\"fabric_composition\"> 100% kokvilna<\/span><\/li>\n<li>Ra\u017eot\u0101jvalsts: Azerbaid\u017e\u0101na<\/li>\n<li>Da\u013cu skaits: 1 gab<\/li>\n<li>Izm\u0113ri: 70&#215;140 cm \u00b13<\/li>\n<li>Svars: 400 g\/m2<\/li>\n<\/ul>\n","protected":false},"featured_media":41737,"comment_status":"open","ping_status":"closed","template":"","meta":[],"product_brand":[],"product_cat":[443,448,732],"product_tag":[463,460,461,466],"class_list":{"0":"post-41732","1":"product","2":"type-product","3":"status-publish","4":"has-post-thumbnail","6":"product_cat-dvieli","7":"product_cat-vannas-dvieli","8":"product_cat-vannas-dvieli-70-140","9":"product_tag-dvieli","10":"product_tag-e-veikals","11":"product_tag-majas-tekstils","12":"product_tag-tekstils","14":"first","15":"instock","16":"shipping-taxable","17":"purchasable","18":"product-type-simple"},"yoast_head":"<!-- This site is optimized with the Yoast SEO plugin v27.3 - https:\/\/yoast.com\/product\/yoast-seo-wordpress\/ -->\n<title>Vannas dvielis 70x140 (Violeta zila) - Minu Baltic<\/title>\n<meta name=\"description\" content=\"Violeta zila vannas dvielis 70x140 cm, m\u012bksts, uzs\u016bco\u0161s, iztur\u012bgs, kvalitat\u012bvs, uzticams, ikdienas lieto\u0161anai, \u0101tri \u017e\u016bsto\u0161s, notur\u012bgs, \u0101dai draudz\u012bgs, ...\" \/>\n<meta name=\"robots\" content=\"index, follow, max-snippet:-1, max-image-preview:large, max-video-preview:-1\" \/>\n<link rel=\"canonical\" href=\"https:\/\/minubaltic.ee\/lv\/e-pood\/dvieli\/vannas-dvielis-70x140-violeta-zila\/\" \/>\n<meta property=\"og:locale\" content=\"lv_LV\" \/>\n<meta property=\"og:type\" content=\"article\" \/>\n<meta property=\"og:title\" content=\"Vannas dvielis 70x140 (Violeta zila) - Minu Baltic\" \/>\n<meta property=\"og:description\" content=\"Violeta zila vannas dvielis 70x140 cm, m\u012bksts, uzs\u016bco\u0161s, iztur\u012bgs, kvalitat\u012bvs, uzticams, ikdienas lieto\u0161anai, \u0101tri \u017e\u016bsto\u0161s, notur\u012bgs, \u0101dai draudz\u012bgs, ...\" \/>\n<meta property=\"og:url\" content=\"https:\/\/minubaltic.ee\/lv\/e-pood\/dvieli\/vannas-dvielis-70x140-violeta-zila\/\" \/>\n<meta property=\"article:publisher\" content=\"https:\/\/www.facebook.com\/minubaltic\" \/>\n<meta property=\"article:modified_time\" content=\"2025-01-31T21:00:31+00:00\" \/>\n<meta property=\"og:image\" content=\"https:\/\/minubaltic.ee\/wp-content\/uploads\/2025\/01\/Vanniratik-70x140-Purpursinine.jpg\" \/>\n\t<meta property=\"og:image:width\" content=\"800\" \/>\n\t<meta property=\"og:image:height\" content=\"800\" \/>\n\t<meta property=\"og:image:type\" content=\"image\/jpeg\" \/>\n<meta name=\"twitter:card\" content=\"summary_large_image\" \/>\n<meta name=\"twitter:label1\" content=\"Est. reading time\" \/>\n\t<meta name=\"twitter:data1\" content=\"1 minute\" \/>\n<script type=\"application\/ld+json\" class=\"yoast-schema-graph\">{\"@context\":\"https:\\\/\\\/schema.org\",\"@graph\":[{\"@type\":\"WebPage\",\"@id\":\"https:\\\/\\\/minubaltic.ee\\\/lv\\\/e-pood\\\/dvieli\\\/vannas-dvielis-70x140-violeta-zila\\\/\",\"url\":\"https:\\\/\\\/minubaltic.ee\\\/lv\\\/e-pood\\\/dvieli\\\/vannas-dvielis-70x140-violeta-zila\\\/\",\"name\":\"Vannas dvielis 70x140 (Violeta zila) - Minu Baltic\",\"isPartOf\":{\"@id\":\"https:\\\/\\\/minubaltic.ee\\\/lv\\\/#website\"},\"primaryImageOfPage\":{\"@id\":\"https:\\\/\\\/minubaltic.ee\\\/lv\\\/e-pood\\\/dvieli\\\/vannas-dvielis-70x140-violeta-zila\\\/#primaryimage\"},\"image\":{\"@id\":\"https:\\\/\\\/minubaltic.ee\\\/lv\\\/e-pood\\\/dvieli\\\/vannas-dvielis-70x140-violeta-zila\\\/#primaryimage\"},\"thumbnailUrl\":\"https:\\\/\\\/minubaltic.ee\\\/wp-content\\\/uploads\\\/2025\\\/01\\\/Vanniratik-70x140-Purpursinine.jpg\",\"datePublished\":\"2025-01-18T05:50:09+00:00\",\"dateModified\":\"2025-01-31T21:00:31+00:00\",\"description\":\"Violeta zila vannas dvielis 70x140 cm, m\u012bksts, uzs\u016bco\u0161s, iztur\u012bgs, kvalitat\u012bvs, uzticams, ikdienas lieto\u0161anai, \u0101tri \u017e\u016bsto\u0161s, notur\u012bgs, \u0101dai draudz\u012bgs, ...\",\"breadcrumb\":{\"@id\":\"https:\\\/\\\/minubaltic.ee\\\/lv\\\/e-pood\\\/dvieli\\\/vannas-dvielis-70x140-violeta-zila\\\/#breadcrumb\"},\"inLanguage\":\"lv-LV\",\"potentialAction\":[{\"@type\":\"ReadAction\",\"target\":[\"https:\\\/\\\/minubaltic.ee\\\/lv\\\/e-pood\\\/dvieli\\\/vannas-dvielis-70x140-violeta-zila\\\/\"]}]},{\"@type\":\"ImageObject\",\"inLanguage\":\"lv-LV\",\"@id\":\"https:\\\/\\\/minubaltic.ee\\\/lv\\\/e-pood\\\/dvieli\\\/vannas-dvielis-70x140-violeta-zila\\\/#primaryimage\",\"url\":\"https:\\\/\\\/minubaltic.ee\\\/wp-content\\\/uploads\\\/2025\\\/01\\\/Vanniratik-70x140-Purpursinine.jpg\",\"contentUrl\":\"https:\\\/\\\/minubaltic.ee\\\/wp-content\\\/uploads\\\/2025\\\/01\\\/Vanniratik-70x140-Purpursinine.jpg\",\"width\":800,\"height\":800,\"caption\":\"Vannir\u00e4tik 70x140 (Purpursinine)\"},{\"@type\":\"BreadcrumbList\",\"@id\":\"https:\\\/\\\/minubaltic.ee\\\/lv\\\/e-pood\\\/dvieli\\\/vannas-dvielis-70x140-violeta-zila\\\/#breadcrumb\",\"itemListElement\":[{\"@type\":\"ListItem\",\"position\":1,\"name\":\"S\u0101kums\",\"item\":\"https:\\\/\\\/minubaltic.ee\\\/lv\\\/\"},{\"@type\":\"ListItem\",\"position\":2,\"name\":\"E-veikals\",\"item\":\"https:\\\/\\\/minubaltic.ee\\\/lv\\\/e-veikals\\\/\"},{\"@type\":\"ListItem\",\"position\":3,\"name\":\"Vannas dvielis 70&#215;140 (Violeta zila)\"}]},{\"@type\":\"WebSite\",\"@id\":\"https:\\\/\\\/minubaltic.ee\\\/lv\\\/#website\",\"url\":\"https:\\\/\\\/minubaltic.ee\\\/lv\\\/\",\"name\":\"minubaltic.ee\",\"description\":\"\",\"publisher\":{\"@id\":\"https:\\\/\\\/minubaltic.ee\\\/lv\\\/#organization\"},\"potentialAction\":[{\"@type\":\"SearchAction\",\"target\":{\"@type\":\"EntryPoint\",\"urlTemplate\":\"https:\\\/\\\/minubaltic.ee\\\/lv\\\/?s={search_term_string}\"},\"query-input\":{\"@type\":\"PropertyValueSpecification\",\"valueRequired\":true,\"valueName\":\"search_term_string\"}}],\"inLanguage\":\"lv-LV\"},{\"@type\":\"Organization\",\"@id\":\"https:\\\/\\\/minubaltic.ee\\\/lv\\\/#organization\",\"name\":\"Minu Baltic O\u00dc\",\"url\":\"https:\\\/\\\/minubaltic.ee\\\/lv\\\/\",\"logo\":{\"@type\":\"ImageObject\",\"inLanguage\":\"lv-LV\",\"@id\":\"https:\\\/\\\/minubaltic.ee\\\/lv\\\/#\\\/schema\\\/logo\\\/image\\\/\",\"url\":\"https:\\\/\\\/minubaltic.ee\\\/wp-content\\\/uploads\\\/2023\\\/10\\\/cropped-cropped-cropped-logo.png\",\"contentUrl\":\"https:\\\/\\\/minubaltic.ee\\\/wp-content\\\/uploads\\\/2023\\\/10\\\/cropped-cropped-cropped-logo.png\",\"width\":500,\"height\":237,\"caption\":\"Minu Baltic O\u00dc\"},\"image\":{\"@id\":\"https:\\\/\\\/minubaltic.ee\\\/lv\\\/#\\\/schema\\\/logo\\\/image\\\/\"},\"sameAs\":[\"https:\\\/\\\/www.facebook.com\\\/minubaltic\"]}]}<\/script>\n<!-- \/ Yoast SEO plugin. -->","yoast_head_json":{"title":"Vannas dvielis 70x140 (Violeta zila) - Minu Baltic","description":"Violeta zila vannas dvielis 70x140 cm, m\u012bksts, uzs\u016bco\u0161s, iztur\u012bgs, kvalitat\u012bvs, uzticams, ikdienas lieto\u0161anai, \u0101tri \u017e\u016bsto\u0161s, notur\u012bgs, \u0101dai draudz\u012bgs, ...","robots":{"index":"index","follow":"follow","max-snippet":"max-snippet:-1","max-image-preview":"max-image-preview:large","max-video-preview":"max-video-preview:-1"},"canonical":"https:\/\/minubaltic.ee\/lv\/e-pood\/dvieli\/vannas-dvielis-70x140-violeta-zila\/","og_locale":"lv_LV","og_type":"article","og_title":"Vannas dvielis 70x140 (Violeta zila) - Minu Baltic","og_description":"Violeta zila vannas dvielis 70x140 cm, m\u012bksts, uzs\u016bco\u0161s, iztur\u012bgs, kvalitat\u012bvs, uzticams, ikdienas lieto\u0161anai, \u0101tri \u017e\u016bsto\u0161s, notur\u012bgs, \u0101dai draudz\u012bgs, ...","og_url":"https:\/\/minubaltic.ee\/lv\/e-pood\/dvieli\/vannas-dvielis-70x140-violeta-zila\/","article_publisher":"https:\/\/www.facebook.com\/minubaltic","article_modified_time":"2025-01-31T21:00:31+00:00","og_image":[{"width":800,"height":800,"url":"https:\/\/minubaltic.ee\/wp-content\/uploads\/2025\/01\/Vanniratik-70x140-Purpursinine.jpg","type":"image\/jpeg"}],"twitter_card":"summary_large_image","twitter_misc":{"Est. reading time":"1 minute"},"schema":{"@context":"https:\/\/schema.org","@graph":[{"@type":"WebPage","@id":"https:\/\/minubaltic.ee\/lv\/e-pood\/dvieli\/vannas-dvielis-70x140-violeta-zila\/","url":"https:\/\/minubaltic.ee\/lv\/e-pood\/dvieli\/vannas-dvielis-70x140-violeta-zila\/","name":"Vannas dvielis 70x140 (Violeta zila) - Minu Baltic","isPartOf":{"@id":"https:\/\/minubaltic.ee\/lv\/#website"},"primaryImageOfPage":{"@id":"https:\/\/minubaltic.ee\/lv\/e-pood\/dvieli\/vannas-dvielis-70x140-violeta-zila\/#primaryimage"},"image":{"@id":"https:\/\/minubaltic.ee\/lv\/e-pood\/dvieli\/vannas-dvielis-70x140-violeta-zila\/#primaryimage"},"thumbnailUrl":"https:\/\/minubaltic.ee\/wp-content\/uploads\/2025\/01\/Vanniratik-70x140-Purpursinine.jpg","datePublished":"2025-01-18T05:50:09+00:00","dateModified":"2025-01-31T21:00:31+00:00","description":"Violeta zila vannas dvielis 70x140 cm, m\u012bksts, uzs\u016bco\u0161s, iztur\u012bgs, kvalitat\u012bvs, uzticams, ikdienas lieto\u0161anai, \u0101tri \u017e\u016bsto\u0161s, notur\u012bgs, \u0101dai draudz\u012bgs, ...","breadcrumb":{"@id":"https:\/\/minubaltic.ee\/lv\/e-pood\/dvieli\/vannas-dvielis-70x140-violeta-zila\/#breadcrumb"},"inLanguage":"lv-LV","potentialAction":[{"@type":"ReadAction","target":["https:\/\/minubaltic.ee\/lv\/e-pood\/dvieli\/vannas-dvielis-70x140-violeta-zila\/"]}]},{"@type":"ImageObject","inLanguage":"lv-LV","@id":"https:\/\/minubaltic.ee\/lv\/e-pood\/dvieli\/vannas-dvielis-70x140-violeta-zila\/#primaryimage","url":"https:\/\/minubaltic.ee\/wp-content\/uploads\/2025\/01\/Vanniratik-70x140-Purpursinine.jpg","contentUrl":"https:\/\/minubaltic.ee\/wp-content\/uploads\/2025\/01\/Vanniratik-70x140-Purpursinine.jpg","width":800,"height":800,"caption":"Vannir\u00e4tik 70x140 (Purpursinine)"},{"@type":"BreadcrumbList","@id":"https:\/\/minubaltic.ee\/lv\/e-pood\/dvieli\/vannas-dvielis-70x140-violeta-zila\/#breadcrumb","itemListElement":[{"@type":"ListItem","position":1,"name":"S\u0101kums","item":"https:\/\/minubaltic.ee\/lv\/"},{"@type":"ListItem","position":2,"name":"E-veikals","item":"https:\/\/minubaltic.ee\/lv\/e-veikals\/"},{"@type":"ListItem","position":3,"name":"Vannas dvielis 70&#215;140 (Violeta zila)"}]},{"@type":"WebSite","@id":"https:\/\/minubaltic.ee\/lv\/#website","url":"https:\/\/minubaltic.ee\/lv\/","name":"minubaltic.ee","description":"","publisher":{"@id":"https:\/\/minubaltic.ee\/lv\/#organization"},"potentialAction":[{"@type":"SearchAction","target":{"@type":"EntryPoint","urlTemplate":"https:\/\/minubaltic.ee\/lv\/?s={search_term_string}"},"query-input":{"@type":"PropertyValueSpecification","valueRequired":true,"valueName":"search_term_string"}}],"inLanguage":"lv-LV"},{"@type":"Organization","@id":"https:\/\/minubaltic.ee\/lv\/#organization","name":"Minu Baltic O\u00dc","url":"https:\/\/minubaltic.ee\/lv\/","logo":{"@type":"ImageObject","inLanguage":"lv-LV","@id":"https:\/\/minubaltic.ee\/lv\/#\/schema\/logo\/image\/","url":"https:\/\/minubaltic.ee\/wp-content\/uploads\/2023\/10\/cropped-cropped-cropped-logo.png","contentUrl":"https:\/\/minubaltic.ee\/wp-content\/uploads\/2023\/10\/cropped-cropped-cropped-logo.png","width":500,"height":237,"caption":"Minu Baltic O\u00dc"},"image":{"@id":"https:\/\/minubaltic.ee\/lv\/#\/schema\/logo\/image\/"},"sameAs":["https:\/\/www.facebook.com\/minubaltic"]}]}},"_links":{"self":[{"href":"https:\/\/minubaltic.ee\/lv\/wp-json\/wp\/v2\/product\/41732","targetHints":{"allow":["GET"]}}],"collection":[{"href":"https:\/\/minubaltic.ee\/lv\/wp-json\/wp\/v2\/product"}],"about":[{"href":"https:\/\/minubaltic.ee\/lv\/wp-json\/wp\/v2\/types\/product"}],"replies":[{"embeddable":true,"href":"https:\/\/minubaltic.ee\/lv\/wp-json\/wp\/v2\/comments?post=41732"}],"version-history":[{"count":2,"href":"https:\/\/minubaltic.ee\/lv\/wp-json\/wp\/v2\/product\/41732\/revisions"}],"predecessor-version":[{"id":41807,"href":"https:\/\/minubaltic.ee\/lv\/wp-json\/wp\/v2\/product\/41732\/revisions\/41807"}],"wp:featuredmedia":[{"embeddable":true,"href":"https:\/\/minubaltic.ee\/lv\/wp-json\/wp\/v2\/media\/41737"}],"wp:attachment":[{"href":"https:\/\/minubaltic.ee\/lv\/wp-json\/wp\/v2\/media?parent=41732"}],"wp:term":[{"taxonomy":"product_brand","embeddable":true,"href":"https:\/\/minubaltic.ee\/lv\/wp-json\/wp\/v2\/product_brand?post=41732"},{"taxonomy":"product_cat","embeddable":true,"href":"https:\/\/minubaltic.ee\/lv\/wp-json\/wp\/v2\/product_cat?post=41732"},{"taxonomy":"product_tag","embeddable":true,"href":"https:\/\/minubaltic.ee\/lv\/wp-json\/wp\/v2\/product_tag?post=41732"}],"curies":[{"name":"wp","href":"https:\/\/api.w.org\/{rel}","templated":true}]}}