{"id":41238,"date":"2024-12-31T18:32:18","date_gmt":"2024-12-31T15:32:18","guid":{"rendered":"https:\/\/minubaltic.ee\/?post_type=product&#038;p=41238"},"modified":"2024-12-31T19:14:05","modified_gmt":"2024-12-31T16:14:05","slug":"miksta-velvet-sega-lasa-roza","status":"publish","type":"product","link":"https:\/\/minubaltic.ee\/lv\/e-pood\/velvet-segas\/velvet-segas-150-200\/miksta-velvet-sega-lasa-roza\/","title":{"rendered":"M\u012bksta velvet sega | La\u0161a roz\u0101"},"content":{"rendered":"<ul>\n<li><span class=\"product-attribute__label\"><strong>Auduma sast\u0101vs: <\/strong>Kora\u013c\u013cu vilna<\/span><\/li>\n<li><strong>Da\u013cu skaits:<\/strong> 1<\/li>\n<li><strong>Izm\u0113ri:<\/strong> Atkar\u012bgs no j\u016bsu izv\u0113les<\/li>\n<li><strong>Specifik\u0101cija:<\/strong> \u00b15 cm<\/li>\n<li><strong>Sezona:<\/strong> Visas sezonas<\/li>\n<li><strong>Papildus inform\u0101cija:<\/strong> \u012bpa\u0161i m\u012bksts, \u0113rts, silts, elpojo\u0161s<\/li>\n<li>Produktu att\u0113li ir ilustrat\u012bvi<\/li>\n<\/ul>\n","protected":false},"excerpt":{"rendered":"<p>-Samta vilnas segas ir m\u012bkstas un siltas ar p\u016bkainu un samtainu tekst\u016bru. \u0160\u012bm seg\u0101m ir laba siltumizol\u0101cija, kas pal\u012bdz uztur\u0113t siltumu pat v\u0113s\u0101k\u0101s nakt\u012bs.<br \/>\n-Samta vilnas segas ir vieglas un \u0113rtas un viegli kopjamas, jo t\u0101s ir mazg\u0101jamas ma\u0161\u012bn\u0101.<\/p>\n","protected":false},"featured_media":41253,"comment_status":"open","ping_status":"closed","template":"","meta":[],"product_brand":[],"product_cat":[451,452,642,453,636,648,654,660],"product_tag":[465,464],"class_list":{"0":"post-41238","1":"product","2":"type-product","3":"status-publish","4":"has-post-thumbnail","6":"product_cat-segas","7":"product_cat-segas-150-200","8":"product_cat-segas-180-200","9":"product_cat-segas-200-230","10":"product_cat-velvet-segas","11":"product_cat-velvet-segas-150-200","12":"product_cat-velvet-segas-180-200","13":"product_cat-velvet-segas-200-230","14":"product_tag-sega","15":"product_tag-segas","17":"first","18":"instock","19":"shipping-taxable","20":"purchasable","21":"product-type-variable"},"yoast_head":"<!-- This site is optimized with the Yoast SEO plugin v27.3 - https:\/\/yoast.com\/product\/yoast-seo-wordpress\/ -->\n<title>M\u012bksta velvet sega | La\u0161a roz\u0101 - L\u012bdz 60% atlaide<\/title>\n<meta name=\"description\" content=\"M\u012bksta un grezna samta vilnas sega, kas nodro\u0161ina siltumu un komfortu visos gadalaikos. Ide\u0101ls papildin\u0101jums j\u016bsu gu\u013camistabai vai viesistabai.\" \/>\n<meta name=\"robots\" content=\"index, follow, max-snippet:-1, max-image-preview:large, max-video-preview:-1\" \/>\n<link rel=\"canonical\" href=\"https:\/\/minubaltic.ee\/lv\/e-pood\/velvet-segas\/velvet-segas-150-200\/miksta-velvet-sega-lasa-roza\/\" \/>\n<meta property=\"og:locale\" content=\"lv_LV\" \/>\n<meta property=\"og:type\" content=\"article\" \/>\n<meta property=\"og:title\" content=\"M\u012bksta velvet sega | La\u0161a roz\u0101 - L\u012bdz 60% atlaide\" \/>\n<meta property=\"og:description\" content=\"M\u012bksta un grezna samta vilnas sega, kas nodro\u0161ina siltumu un komfortu visos gadalaikos. Ide\u0101ls papildin\u0101jums j\u016bsu gu\u013camistabai vai viesistabai.\" \/>\n<meta property=\"og:url\" content=\"https:\/\/minubaltic.ee\/lv\/e-pood\/velvet-segas\/velvet-segas-150-200\/miksta-velvet-sega-lasa-roza\/\" \/>\n<meta property=\"article:publisher\" content=\"https:\/\/www.facebook.com\/minubaltic\" \/>\n<meta property=\"article:modified_time\" content=\"2024-12-31T16:14:05+00:00\" \/>\n<meta property=\"og:image\" content=\"https:\/\/minubaltic.ee\/wp-content\/uploads\/2024\/12\/Pehme-velvet-fliistekk-Loheroosa.jpg\" \/>\n\t<meta property=\"og:image:width\" content=\"800\" \/>\n\t<meta property=\"og:image:height\" content=\"800\" \/>\n\t<meta property=\"og:image:type\" content=\"image\/jpeg\" \/>\n<meta name=\"twitter:card\" content=\"summary_large_image\" \/>\n<meta name=\"twitter:label1\" content=\"Est. reading time\" \/>\n\t<meta name=\"twitter:data1\" content=\"1 minute\" \/>\n<script type=\"application\/ld+json\" class=\"yoast-schema-graph\">{\"@context\":\"https:\\\/\\\/schema.org\",\"@graph\":[{\"@type\":\"WebPage\",\"@id\":\"https:\\\/\\\/minubaltic.ee\\\/lv\\\/e-pood\\\/velvet-segas\\\/velvet-segas-150-200\\\/miksta-velvet-sega-lasa-roza\\\/\",\"url\":\"https:\\\/\\\/minubaltic.ee\\\/lv\\\/e-pood\\\/velvet-segas\\\/velvet-segas-150-200\\\/miksta-velvet-sega-lasa-roza\\\/\",\"name\":\"M\u012bksta velvet sega | La\u0161a roz\u0101 - L\u012bdz 60% atlaide\",\"isPartOf\":{\"@id\":\"https:\\\/\\\/minubaltic.ee\\\/lv\\\/#website\"},\"primaryImageOfPage\":{\"@id\":\"https:\\\/\\\/minubaltic.ee\\\/lv\\\/e-pood\\\/velvet-segas\\\/velvet-segas-150-200\\\/miksta-velvet-sega-lasa-roza\\\/#primaryimage\"},\"image\":{\"@id\":\"https:\\\/\\\/minubaltic.ee\\\/lv\\\/e-pood\\\/velvet-segas\\\/velvet-segas-150-200\\\/miksta-velvet-sega-lasa-roza\\\/#primaryimage\"},\"thumbnailUrl\":\"https:\\\/\\\/minubaltic.ee\\\/wp-content\\\/uploads\\\/2024\\\/12\\\/Pehme-velvet-fliistekk-Loheroosa.jpg\",\"datePublished\":\"2024-12-31T15:32:18+00:00\",\"dateModified\":\"2024-12-31T16:14:05+00:00\",\"description\":\"M\u012bksta un grezna samta vilnas sega, kas nodro\u0161ina siltumu un komfortu visos gadalaikos. Ide\u0101ls papildin\u0101jums j\u016bsu gu\u013camistabai vai viesistabai.\",\"breadcrumb\":{\"@id\":\"https:\\\/\\\/minubaltic.ee\\\/lv\\\/e-pood\\\/velvet-segas\\\/velvet-segas-150-200\\\/miksta-velvet-sega-lasa-roza\\\/#breadcrumb\"},\"inLanguage\":\"lv-LV\",\"potentialAction\":[{\"@type\":\"ReadAction\",\"target\":[\"https:\\\/\\\/minubaltic.ee\\\/lv\\\/e-pood\\\/velvet-segas\\\/velvet-segas-150-200\\\/miksta-velvet-sega-lasa-roza\\\/\"]}]},{\"@type\":\"ImageObject\",\"inLanguage\":\"lv-LV\",\"@id\":\"https:\\\/\\\/minubaltic.ee\\\/lv\\\/e-pood\\\/velvet-segas\\\/velvet-segas-150-200\\\/miksta-velvet-sega-lasa-roza\\\/#primaryimage\",\"url\":\"https:\\\/\\\/minubaltic.ee\\\/wp-content\\\/uploads\\\/2024\\\/12\\\/Pehme-velvet-fliistekk-Loheroosa.jpg\",\"contentUrl\":\"https:\\\/\\\/minubaltic.ee\\\/wp-content\\\/uploads\\\/2024\\\/12\\\/Pehme-velvet-fliistekk-Loheroosa.jpg\",\"width\":800,\"height\":800,\"caption\":\"Pehme velvet fliistekk L\u00f5heroosa\"},{\"@type\":\"BreadcrumbList\",\"@id\":\"https:\\\/\\\/minubaltic.ee\\\/lv\\\/e-pood\\\/velvet-segas\\\/velvet-segas-150-200\\\/miksta-velvet-sega-lasa-roza\\\/#breadcrumb\",\"itemListElement\":[{\"@type\":\"ListItem\",\"position\":1,\"name\":\"S\u0101kums\",\"item\":\"https:\\\/\\\/minubaltic.ee\\\/lv\\\/\"},{\"@type\":\"ListItem\",\"position\":2,\"name\":\"E-veikals\",\"item\":\"https:\\\/\\\/minubaltic.ee\\\/lv\\\/e-veikals\\\/\"},{\"@type\":\"ListItem\",\"position\":3,\"name\":\"M\u012bksta velvet sega | La\u0161a roz\u0101\"}]},{\"@type\":\"WebSite\",\"@id\":\"https:\\\/\\\/minubaltic.ee\\\/lv\\\/#website\",\"url\":\"https:\\\/\\\/minubaltic.ee\\\/lv\\\/\",\"name\":\"minubaltic.ee\",\"description\":\"\",\"publisher\":{\"@id\":\"https:\\\/\\\/minubaltic.ee\\\/lv\\\/#organization\"},\"potentialAction\":[{\"@type\":\"SearchAction\",\"target\":{\"@type\":\"EntryPoint\",\"urlTemplate\":\"https:\\\/\\\/minubaltic.ee\\\/lv\\\/?s={search_term_string}\"},\"query-input\":{\"@type\":\"PropertyValueSpecification\",\"valueRequired\":true,\"valueName\":\"search_term_string\"}}],\"inLanguage\":\"lv-LV\"},{\"@type\":\"Organization\",\"@id\":\"https:\\\/\\\/minubaltic.ee\\\/lv\\\/#organization\",\"name\":\"Minu Baltic O\u00dc\",\"url\":\"https:\\\/\\\/minubaltic.ee\\\/lv\\\/\",\"logo\":{\"@type\":\"ImageObject\",\"inLanguage\":\"lv-LV\",\"@id\":\"https:\\\/\\\/minubaltic.ee\\\/lv\\\/#\\\/schema\\\/logo\\\/image\\\/\",\"url\":\"https:\\\/\\\/minubaltic.ee\\\/wp-content\\\/uploads\\\/2023\\\/10\\\/cropped-cropped-cropped-logo.png\",\"contentUrl\":\"https:\\\/\\\/minubaltic.ee\\\/wp-content\\\/uploads\\\/2023\\\/10\\\/cropped-cropped-cropped-logo.png\",\"width\":500,\"height\":237,\"caption\":\"Minu Baltic O\u00dc\"},\"image\":{\"@id\":\"https:\\\/\\\/minubaltic.ee\\\/lv\\\/#\\\/schema\\\/logo\\\/image\\\/\"},\"sameAs\":[\"https:\\\/\\\/www.facebook.com\\\/minubaltic\"]}]}<\/script>\n<!-- \/ Yoast SEO plugin. -->","yoast_head_json":{"title":"M\u012bksta velvet sega | La\u0161a roz\u0101 - L\u012bdz 60% atlaide","description":"M\u012bksta un grezna samta vilnas sega, kas nodro\u0161ina siltumu un komfortu visos gadalaikos. Ide\u0101ls papildin\u0101jums j\u016bsu gu\u013camistabai vai viesistabai.","robots":{"index":"index","follow":"follow","max-snippet":"max-snippet:-1","max-image-preview":"max-image-preview:large","max-video-preview":"max-video-preview:-1"},"canonical":"https:\/\/minubaltic.ee\/lv\/e-pood\/velvet-segas\/velvet-segas-150-200\/miksta-velvet-sega-lasa-roza\/","og_locale":"lv_LV","og_type":"article","og_title":"M\u012bksta velvet sega | La\u0161a roz\u0101 - L\u012bdz 60% atlaide","og_description":"M\u012bksta un grezna samta vilnas sega, kas nodro\u0161ina siltumu un komfortu visos gadalaikos. Ide\u0101ls papildin\u0101jums j\u016bsu gu\u013camistabai vai viesistabai.","og_url":"https:\/\/minubaltic.ee\/lv\/e-pood\/velvet-segas\/velvet-segas-150-200\/miksta-velvet-sega-lasa-roza\/","article_publisher":"https:\/\/www.facebook.com\/minubaltic","article_modified_time":"2024-12-31T16:14:05+00:00","og_image":[{"width":800,"height":800,"url":"https:\/\/minubaltic.ee\/wp-content\/uploads\/2024\/12\/Pehme-velvet-fliistekk-Loheroosa.jpg","type":"image\/jpeg"}],"twitter_card":"summary_large_image","twitter_misc":{"Est. reading time":"1 minute"},"schema":{"@context":"https:\/\/schema.org","@graph":[{"@type":"WebPage","@id":"https:\/\/minubaltic.ee\/lv\/e-pood\/velvet-segas\/velvet-segas-150-200\/miksta-velvet-sega-lasa-roza\/","url":"https:\/\/minubaltic.ee\/lv\/e-pood\/velvet-segas\/velvet-segas-150-200\/miksta-velvet-sega-lasa-roza\/","name":"M\u012bksta velvet sega | La\u0161a roz\u0101 - L\u012bdz 60% atlaide","isPartOf":{"@id":"https:\/\/minubaltic.ee\/lv\/#website"},"primaryImageOfPage":{"@id":"https:\/\/minubaltic.ee\/lv\/e-pood\/velvet-segas\/velvet-segas-150-200\/miksta-velvet-sega-lasa-roza\/#primaryimage"},"image":{"@id":"https:\/\/minubaltic.ee\/lv\/e-pood\/velvet-segas\/velvet-segas-150-200\/miksta-velvet-sega-lasa-roza\/#primaryimage"},"thumbnailUrl":"https:\/\/minubaltic.ee\/wp-content\/uploads\/2024\/12\/Pehme-velvet-fliistekk-Loheroosa.jpg","datePublished":"2024-12-31T15:32:18+00:00","dateModified":"2024-12-31T16:14:05+00:00","description":"M\u012bksta un grezna samta vilnas sega, kas nodro\u0161ina siltumu un komfortu visos gadalaikos. Ide\u0101ls papildin\u0101jums j\u016bsu gu\u013camistabai vai viesistabai.","breadcrumb":{"@id":"https:\/\/minubaltic.ee\/lv\/e-pood\/velvet-segas\/velvet-segas-150-200\/miksta-velvet-sega-lasa-roza\/#breadcrumb"},"inLanguage":"lv-LV","potentialAction":[{"@type":"ReadAction","target":["https:\/\/minubaltic.ee\/lv\/e-pood\/velvet-segas\/velvet-segas-150-200\/miksta-velvet-sega-lasa-roza\/"]}]},{"@type":"ImageObject","inLanguage":"lv-LV","@id":"https:\/\/minubaltic.ee\/lv\/e-pood\/velvet-segas\/velvet-segas-150-200\/miksta-velvet-sega-lasa-roza\/#primaryimage","url":"https:\/\/minubaltic.ee\/wp-content\/uploads\/2024\/12\/Pehme-velvet-fliistekk-Loheroosa.jpg","contentUrl":"https:\/\/minubaltic.ee\/wp-content\/uploads\/2024\/12\/Pehme-velvet-fliistekk-Loheroosa.jpg","width":800,"height":800,"caption":"Pehme velvet fliistekk L\u00f5heroosa"},{"@type":"BreadcrumbList","@id":"https:\/\/minubaltic.ee\/lv\/e-pood\/velvet-segas\/velvet-segas-150-200\/miksta-velvet-sega-lasa-roza\/#breadcrumb","itemListElement":[{"@type":"ListItem","position":1,"name":"S\u0101kums","item":"https:\/\/minubaltic.ee\/lv\/"},{"@type":"ListItem","position":2,"name":"E-veikals","item":"https:\/\/minubaltic.ee\/lv\/e-veikals\/"},{"@type":"ListItem","position":3,"name":"M\u012bksta velvet sega | La\u0161a roz\u0101"}]},{"@type":"WebSite","@id":"https:\/\/minubaltic.ee\/lv\/#website","url":"https:\/\/minubaltic.ee\/lv\/","name":"minubaltic.ee","description":"","publisher":{"@id":"https:\/\/minubaltic.ee\/lv\/#organization"},"potentialAction":[{"@type":"SearchAction","target":{"@type":"EntryPoint","urlTemplate":"https:\/\/minubaltic.ee\/lv\/?s={search_term_string}"},"query-input":{"@type":"PropertyValueSpecification","valueRequired":true,"valueName":"search_term_string"}}],"inLanguage":"lv-LV"},{"@type":"Organization","@id":"https:\/\/minubaltic.ee\/lv\/#organization","name":"Minu Baltic O\u00dc","url":"https:\/\/minubaltic.ee\/lv\/","logo":{"@type":"ImageObject","inLanguage":"lv-LV","@id":"https:\/\/minubaltic.ee\/lv\/#\/schema\/logo\/image\/","url":"https:\/\/minubaltic.ee\/wp-content\/uploads\/2023\/10\/cropped-cropped-cropped-logo.png","contentUrl":"https:\/\/minubaltic.ee\/wp-content\/uploads\/2023\/10\/cropped-cropped-cropped-logo.png","width":500,"height":237,"caption":"Minu Baltic O\u00dc"},"image":{"@id":"https:\/\/minubaltic.ee\/lv\/#\/schema\/logo\/image\/"},"sameAs":["https:\/\/www.facebook.com\/minubaltic"]}]}},"_links":{"self":[{"href":"https:\/\/minubaltic.ee\/lv\/wp-json\/wp\/v2\/product\/41238","targetHints":{"allow":["GET"]}}],"collection":[{"href":"https:\/\/minubaltic.ee\/lv\/wp-json\/wp\/v2\/product"}],"about":[{"href":"https:\/\/minubaltic.ee\/lv\/wp-json\/wp\/v2\/types\/product"}],"replies":[{"embeddable":true,"href":"https:\/\/minubaltic.ee\/lv\/wp-json\/wp\/v2\/comments?post=41238"}],"version-history":[{"count":2,"href":"https:\/\/minubaltic.ee\/lv\/wp-json\/wp\/v2\/product\/41238\/revisions"}],"predecessor-version":[{"id":41404,"href":"https:\/\/minubaltic.ee\/lv\/wp-json\/wp\/v2\/product\/41238\/revisions\/41404"}],"wp:featuredmedia":[{"embeddable":true,"href":"https:\/\/minubaltic.ee\/lv\/wp-json\/wp\/v2\/media\/41253"}],"wp:attachment":[{"href":"https:\/\/minubaltic.ee\/lv\/wp-json\/wp\/v2\/media?parent=41238"}],"wp:term":[{"taxonomy":"product_brand","embeddable":true,"href":"https:\/\/minubaltic.ee\/lv\/wp-json\/wp\/v2\/product_brand?post=41238"},{"taxonomy":"product_cat","embeddable":true,"href":"https:\/\/minubaltic.ee\/lv\/wp-json\/wp\/v2\/product_cat?post=41238"},{"taxonomy":"product_tag","embeddable":true,"href":"https:\/\/minubaltic.ee\/lv\/wp-json\/wp\/v2\/product_tag?post=41238"}],"curies":[{"name":"wp","href":"https:\/\/api.w.org\/{rel}","templated":true}]}}