{"id":40634,"date":"2024-12-09T23:57:54","date_gmt":"2024-12-09T20:57:54","guid":{"rendered":"https:\/\/minubaltic.ee\/?post_type=product&#038;p=40634"},"modified":"2024-12-10T01:15:31","modified_gmt":"2024-12-09T22:15:31","slug":"bambusa-spilvendrana-armijas-zals","status":"publish","type":"product","link":"https:\/\/minubaltic.ee\/lv\/e-pood\/gultas-velas-komplekts-bamboo\/bambusa-spilvendrana-armijas-zals\/","title":{"rendered":"Bambusa spilvendr\u0101na \u2013 Armijas za\u013c\u0161"},"content":{"rendered":"<p>Bambusa spilvendr\u0101na ir ide\u0101la izv\u0113le tiem, kas mekl\u0113 \u0101dai draudz\u012bgu un kvalitat\u012bvu miega piederumu. Izgatavota no dab\u012bgas un videi draudz\u012bgas bambusa \u0161\u0137iedras, \u0161\u012b spilvendr\u0101na ir m\u012bksta, z\u012bdaina un maiga gan sejas \u0101dai, gan matiem.<\/p>\n<p>Bambusa spilvendr\u0101nas materi\u0101ls ir elpojo\u0161s un regul\u0113 temperat\u016bru, nodro\u0161inot v\u0113sumu un saglab\u0101jot siltumu v\u0113s\u0101k\u0101 laik\u0101. Antibakteri\u0101l\u0101s un hipoaler\u0123isk\u0101s \u012bpa\u0161\u012bbas nodro\u0161ina, ka spilvendr\u0101na ilg\u0101k saglab\u0101jas svaiga un t\u012bra, nodro\u0161inot \u0113rtu un vesel\u012bgu gul\u0113\u0161anas vidi.<\/p>\n","protected":false},"excerpt":{"rendered":"<p>100% bambusa ekolo\u0123isk\u0101 spilvendr\u0101na ir m\u012bksta, elpojo\u0161a un \u0101dai draudz\u012bga, sniedzot dabisku komfortu un r\u016bp\u0113joties par j\u016bsu \u0101du katru vakaru.<\/p>\n<ul>\n<li>Kr\u0101sa: Armijas za\u013c\u0161<\/li>\n<li>Materi\u0101ls: 100% bambuss<\/li>\n<li>Diegu skaits audum\u0101: 300TC<\/li>\n<\/ul>\n<p><img loading=\"lazy\" decoding=\"async\" class=\" wd-lazy-fade alignnone wp-image-21480\" src=\"https:\/\/minubaltic.ee\/wp-content\/themes\/woodmart\/images\/lazy.svg\" data-src=\"https:\/\/minubaltic.ee\/wp-content\/uploads\/2024\/03\/image-removebg-preview-70-400x264.png\" alt=\"\" width=\"156\" height=\"103\" srcset=\"\" data-srcset=\"https:\/\/minubaltic.ee\/wp-content\/uploads\/2024\/03\/image-removebg-preview-70-400x264.png 400w, https:\/\/minubaltic.ee\/wp-content\/uploads\/2024\/03\/image-removebg-preview-70-430x284.png 430w, https:\/\/minubaltic.ee\/wp-content\/uploads\/2024\/03\/image-removebg-preview-70-150x99.png 150w, https:\/\/minubaltic.ee\/wp-content\/uploads\/2024\/03\/image-removebg-preview-70.png 615w\" sizes=\"auto, (max-width: 156px) 100vw, 156px\" \/><img loading=\"lazy\" decoding=\"async\" class=\" wd-lazy-fade alignnone wp-image-17257\" src=\"https:\/\/minubaltic.ee\/wp-content\/themes\/woodmart\/images\/lazy.svg\" data-src=\"https:\/\/minubaltic.ee\/wp-content\/uploads\/2024\/02\/organic100bamboo.png\" alt=\"\" width=\"70\" height=\"99\" \/><\/p>\n","protected":false},"featured_media":40647,"comment_status":"open","ping_status":"closed","template":"","meta":[],"product_brand":[],"product_cat":[434,912,455,767],"product_tag":[458,460,466],"class_list":{"0":"post-40634","1":"product","2":"type-product","3":"status-publish","4":"has-post-thumbnail","6":"product_cat-gultas-velas-komplekts-bamboo","7":"product_cat-bambusa-spilvendranas","8":"product_cat-gultas-vela","9":"product_cat-organiska-gultas-vela","10":"product_tag-bambusa-gultas-vela","11":"product_tag-e-veikals","12":"product_tag-tekstils","14":"first","15":"instock","16":"shipping-taxable","17":"purchasable","18":"product-type-variable"},"yoast_head":"<!-- This site is optimized with the Yoast SEO plugin v27.3 - https:\/\/yoast.com\/product\/yoast-seo-wordpress\/ -->\n<title>Bambusa spilvendr\u0101na \u2013 Armijas za\u013c\u0161 - Minu Baltic<\/title>\n<meta name=\"description\" content=\"Spilvendr\u0101na 100% bambuss ir m\u012bksta un hipoaler\u0123iska, nodro\u0161inot \u0113rtu un \u0101dai draudz\u012bgu gul\u0113\u0161anas pieredzi. T\u0101 elpojo\u0161ais materi\u0101ls regul\u0113 temperat\u016bru, ...\" \/>\n<meta name=\"robots\" content=\"index, follow, max-snippet:-1, max-image-preview:large, max-video-preview:-1\" \/>\n<link rel=\"canonical\" href=\"https:\/\/minubaltic.ee\/lv\/e-pood\/gultas-velas-komplekts-bamboo\/bambusa-spilvendrana-armijas-zals\/\" \/>\n<meta property=\"og:locale\" content=\"lv_LV\" \/>\n<meta property=\"og:type\" content=\"article\" \/>\n<meta property=\"og:title\" content=\"Bambusa spilvendr\u0101na \u2013 Armijas za\u013c\u0161 - Minu Baltic\" \/>\n<meta property=\"og:description\" content=\"Spilvendr\u0101na 100% bambuss ir m\u012bksta un hipoaler\u0123iska, nodro\u0161inot \u0113rtu un \u0101dai draudz\u012bgu gul\u0113\u0161anas pieredzi. T\u0101 elpojo\u0161ais materi\u0101ls regul\u0113 temperat\u016bru, ...\" \/>\n<meta property=\"og:url\" content=\"https:\/\/minubaltic.ee\/lv\/e-pood\/gultas-velas-komplekts-bamboo\/bambusa-spilvendrana-armijas-zals\/\" \/>\n<meta property=\"article:publisher\" content=\"https:\/\/www.facebook.com\/minubaltic\" \/>\n<meta property=\"article:modified_time\" content=\"2024-12-09T22:15:31+00:00\" \/>\n<meta property=\"og:image\" content=\"https:\/\/minubaltic.ee\/wp-content\/uploads\/2024\/12\/Bambusest-padjapuur-\u2013-Armee-roheline.jpg\" \/>\n\t<meta property=\"og:image:width\" content=\"800\" \/>\n\t<meta property=\"og:image:height\" content=\"800\" \/>\n\t<meta property=\"og:image:type\" content=\"image\/jpeg\" \/>\n<meta name=\"twitter:card\" content=\"summary_large_image\" \/>\n<meta name=\"twitter:label1\" content=\"Est. reading time\" \/>\n\t<meta name=\"twitter:data1\" content=\"1 minute\" \/>\n<script type=\"application\/ld+json\" class=\"yoast-schema-graph\">{\"@context\":\"https:\\\/\\\/schema.org\",\"@graph\":[{\"@type\":\"WebPage\",\"@id\":\"https:\\\/\\\/minubaltic.ee\\\/lv\\\/e-pood\\\/gultas-velas-komplekts-bamboo\\\/bambusa-spilvendrana-armijas-zals\\\/\",\"url\":\"https:\\\/\\\/minubaltic.ee\\\/lv\\\/e-pood\\\/gultas-velas-komplekts-bamboo\\\/bambusa-spilvendrana-armijas-zals\\\/\",\"name\":\"Bambusa spilvendr\u0101na \u2013 Armijas za\u013c\u0161 - Minu Baltic\",\"isPartOf\":{\"@id\":\"https:\\\/\\\/minubaltic.ee\\\/lv\\\/#website\"},\"primaryImageOfPage\":{\"@id\":\"https:\\\/\\\/minubaltic.ee\\\/lv\\\/e-pood\\\/gultas-velas-komplekts-bamboo\\\/bambusa-spilvendrana-armijas-zals\\\/#primaryimage\"},\"image\":{\"@id\":\"https:\\\/\\\/minubaltic.ee\\\/lv\\\/e-pood\\\/gultas-velas-komplekts-bamboo\\\/bambusa-spilvendrana-armijas-zals\\\/#primaryimage\"},\"thumbnailUrl\":\"https:\\\/\\\/minubaltic.ee\\\/wp-content\\\/uploads\\\/2024\\\/12\\\/Bambusest-padjapuur-\u2013-Armee-roheline.jpg\",\"datePublished\":\"2024-12-09T20:57:54+00:00\",\"dateModified\":\"2024-12-09T22:15:31+00:00\",\"description\":\"Spilvendr\u0101na 100% bambuss ir m\u012bksta un hipoaler\u0123iska, nodro\u0161inot \u0113rtu un \u0101dai draudz\u012bgu gul\u0113\u0161anas pieredzi. T\u0101 elpojo\u0161ais materi\u0101ls regul\u0113 temperat\u016bru, ...\",\"breadcrumb\":{\"@id\":\"https:\\\/\\\/minubaltic.ee\\\/lv\\\/e-pood\\\/gultas-velas-komplekts-bamboo\\\/bambusa-spilvendrana-armijas-zals\\\/#breadcrumb\"},\"inLanguage\":\"lv-LV\",\"potentialAction\":[{\"@type\":\"ReadAction\",\"target\":[\"https:\\\/\\\/minubaltic.ee\\\/lv\\\/e-pood\\\/gultas-velas-komplekts-bamboo\\\/bambusa-spilvendrana-armijas-zals\\\/\"]}]},{\"@type\":\"ImageObject\",\"inLanguage\":\"lv-LV\",\"@id\":\"https:\\\/\\\/minubaltic.ee\\\/lv\\\/e-pood\\\/gultas-velas-komplekts-bamboo\\\/bambusa-spilvendrana-armijas-zals\\\/#primaryimage\",\"url\":\"https:\\\/\\\/minubaltic.ee\\\/wp-content\\\/uploads\\\/2024\\\/12\\\/Bambusest-padjapuur-\u2013-Armee-roheline.jpg\",\"contentUrl\":\"https:\\\/\\\/minubaltic.ee\\\/wp-content\\\/uploads\\\/2024\\\/12\\\/Bambusest-padjapuur-\u2013-Armee-roheline.jpg\",\"width\":800,\"height\":800,\"caption\":\"Bambusest padjap\u00fc\u00fcr \u2013 Armee roheline\"},{\"@type\":\"BreadcrumbList\",\"@id\":\"https:\\\/\\\/minubaltic.ee\\\/lv\\\/e-pood\\\/gultas-velas-komplekts-bamboo\\\/bambusa-spilvendrana-armijas-zals\\\/#breadcrumb\",\"itemListElement\":[{\"@type\":\"ListItem\",\"position\":1,\"name\":\"S\u0101kums\",\"item\":\"https:\\\/\\\/minubaltic.ee\\\/lv\\\/\"},{\"@type\":\"ListItem\",\"position\":2,\"name\":\"E-veikals\",\"item\":\"https:\\\/\\\/minubaltic.ee\\\/lv\\\/e-veikals\\\/\"},{\"@type\":\"ListItem\",\"position\":3,\"name\":\"Bambusa spilvendr\u0101na \u2013 Armijas za\u013c\u0161\"}]},{\"@type\":\"WebSite\",\"@id\":\"https:\\\/\\\/minubaltic.ee\\\/lv\\\/#website\",\"url\":\"https:\\\/\\\/minubaltic.ee\\\/lv\\\/\",\"name\":\"minubaltic.ee\",\"description\":\"\",\"publisher\":{\"@id\":\"https:\\\/\\\/minubaltic.ee\\\/lv\\\/#organization\"},\"potentialAction\":[{\"@type\":\"SearchAction\",\"target\":{\"@type\":\"EntryPoint\",\"urlTemplate\":\"https:\\\/\\\/minubaltic.ee\\\/lv\\\/?s={search_term_string}\"},\"query-input\":{\"@type\":\"PropertyValueSpecification\",\"valueRequired\":true,\"valueName\":\"search_term_string\"}}],\"inLanguage\":\"lv-LV\"},{\"@type\":\"Organization\",\"@id\":\"https:\\\/\\\/minubaltic.ee\\\/lv\\\/#organization\",\"name\":\"Minu Baltic O\u00dc\",\"url\":\"https:\\\/\\\/minubaltic.ee\\\/lv\\\/\",\"logo\":{\"@type\":\"ImageObject\",\"inLanguage\":\"lv-LV\",\"@id\":\"https:\\\/\\\/minubaltic.ee\\\/lv\\\/#\\\/schema\\\/logo\\\/image\\\/\",\"url\":\"https:\\\/\\\/minubaltic.ee\\\/wp-content\\\/uploads\\\/2023\\\/10\\\/cropped-cropped-cropped-logo.png\",\"contentUrl\":\"https:\\\/\\\/minubaltic.ee\\\/wp-content\\\/uploads\\\/2023\\\/10\\\/cropped-cropped-cropped-logo.png\",\"width\":500,\"height\":237,\"caption\":\"Minu Baltic O\u00dc\"},\"image\":{\"@id\":\"https:\\\/\\\/minubaltic.ee\\\/lv\\\/#\\\/schema\\\/logo\\\/image\\\/\"},\"sameAs\":[\"https:\\\/\\\/www.facebook.com\\\/minubaltic\"]}]}<\/script>\n<!-- \/ Yoast SEO plugin. -->","yoast_head_json":{"title":"Bambusa spilvendr\u0101na \u2013 Armijas za\u013c\u0161 - Minu Baltic","description":"Spilvendr\u0101na 100% bambuss ir m\u012bksta un hipoaler\u0123iska, nodro\u0161inot \u0113rtu un \u0101dai draudz\u012bgu gul\u0113\u0161anas pieredzi. T\u0101 elpojo\u0161ais materi\u0101ls regul\u0113 temperat\u016bru, ...","robots":{"index":"index","follow":"follow","max-snippet":"max-snippet:-1","max-image-preview":"max-image-preview:large","max-video-preview":"max-video-preview:-1"},"canonical":"https:\/\/minubaltic.ee\/lv\/e-pood\/gultas-velas-komplekts-bamboo\/bambusa-spilvendrana-armijas-zals\/","og_locale":"lv_LV","og_type":"article","og_title":"Bambusa spilvendr\u0101na \u2013 Armijas za\u013c\u0161 - Minu Baltic","og_description":"Spilvendr\u0101na 100% bambuss ir m\u012bksta un hipoaler\u0123iska, nodro\u0161inot \u0113rtu un \u0101dai draudz\u012bgu gul\u0113\u0161anas pieredzi. T\u0101 elpojo\u0161ais materi\u0101ls regul\u0113 temperat\u016bru, ...","og_url":"https:\/\/minubaltic.ee\/lv\/e-pood\/gultas-velas-komplekts-bamboo\/bambusa-spilvendrana-armijas-zals\/","article_publisher":"https:\/\/www.facebook.com\/minubaltic","article_modified_time":"2024-12-09T22:15:31+00:00","og_image":[{"width":800,"height":800,"url":"https:\/\/minubaltic.ee\/wp-content\/uploads\/2024\/12\/Bambusest-padjapuur-\u2013-Armee-roheline.jpg","type":"image\/jpeg"}],"twitter_card":"summary_large_image","twitter_misc":{"Est. reading time":"1 minute"},"schema":{"@context":"https:\/\/schema.org","@graph":[{"@type":"WebPage","@id":"https:\/\/minubaltic.ee\/lv\/e-pood\/gultas-velas-komplekts-bamboo\/bambusa-spilvendrana-armijas-zals\/","url":"https:\/\/minubaltic.ee\/lv\/e-pood\/gultas-velas-komplekts-bamboo\/bambusa-spilvendrana-armijas-zals\/","name":"Bambusa spilvendr\u0101na \u2013 Armijas za\u013c\u0161 - Minu Baltic","isPartOf":{"@id":"https:\/\/minubaltic.ee\/lv\/#website"},"primaryImageOfPage":{"@id":"https:\/\/minubaltic.ee\/lv\/e-pood\/gultas-velas-komplekts-bamboo\/bambusa-spilvendrana-armijas-zals\/#primaryimage"},"image":{"@id":"https:\/\/minubaltic.ee\/lv\/e-pood\/gultas-velas-komplekts-bamboo\/bambusa-spilvendrana-armijas-zals\/#primaryimage"},"thumbnailUrl":"https:\/\/minubaltic.ee\/wp-content\/uploads\/2024\/12\/Bambusest-padjapuur-\u2013-Armee-roheline.jpg","datePublished":"2024-12-09T20:57:54+00:00","dateModified":"2024-12-09T22:15:31+00:00","description":"Spilvendr\u0101na 100% bambuss ir m\u012bksta un hipoaler\u0123iska, nodro\u0161inot \u0113rtu un \u0101dai draudz\u012bgu gul\u0113\u0161anas pieredzi. T\u0101 elpojo\u0161ais materi\u0101ls regul\u0113 temperat\u016bru, ...","breadcrumb":{"@id":"https:\/\/minubaltic.ee\/lv\/e-pood\/gultas-velas-komplekts-bamboo\/bambusa-spilvendrana-armijas-zals\/#breadcrumb"},"inLanguage":"lv-LV","potentialAction":[{"@type":"ReadAction","target":["https:\/\/minubaltic.ee\/lv\/e-pood\/gultas-velas-komplekts-bamboo\/bambusa-spilvendrana-armijas-zals\/"]}]},{"@type":"ImageObject","inLanguage":"lv-LV","@id":"https:\/\/minubaltic.ee\/lv\/e-pood\/gultas-velas-komplekts-bamboo\/bambusa-spilvendrana-armijas-zals\/#primaryimage","url":"https:\/\/minubaltic.ee\/wp-content\/uploads\/2024\/12\/Bambusest-padjapuur-\u2013-Armee-roheline.jpg","contentUrl":"https:\/\/minubaltic.ee\/wp-content\/uploads\/2024\/12\/Bambusest-padjapuur-\u2013-Armee-roheline.jpg","width":800,"height":800,"caption":"Bambusest padjap\u00fc\u00fcr \u2013 Armee roheline"},{"@type":"BreadcrumbList","@id":"https:\/\/minubaltic.ee\/lv\/e-pood\/gultas-velas-komplekts-bamboo\/bambusa-spilvendrana-armijas-zals\/#breadcrumb","itemListElement":[{"@type":"ListItem","position":1,"name":"S\u0101kums","item":"https:\/\/minubaltic.ee\/lv\/"},{"@type":"ListItem","position":2,"name":"E-veikals","item":"https:\/\/minubaltic.ee\/lv\/e-veikals\/"},{"@type":"ListItem","position":3,"name":"Bambusa spilvendr\u0101na \u2013 Armijas za\u013c\u0161"}]},{"@type":"WebSite","@id":"https:\/\/minubaltic.ee\/lv\/#website","url":"https:\/\/minubaltic.ee\/lv\/","name":"minubaltic.ee","description":"","publisher":{"@id":"https:\/\/minubaltic.ee\/lv\/#organization"},"potentialAction":[{"@type":"SearchAction","target":{"@type":"EntryPoint","urlTemplate":"https:\/\/minubaltic.ee\/lv\/?s={search_term_string}"},"query-input":{"@type":"PropertyValueSpecification","valueRequired":true,"valueName":"search_term_string"}}],"inLanguage":"lv-LV"},{"@type":"Organization","@id":"https:\/\/minubaltic.ee\/lv\/#organization","name":"Minu Baltic O\u00dc","url":"https:\/\/minubaltic.ee\/lv\/","logo":{"@type":"ImageObject","inLanguage":"lv-LV","@id":"https:\/\/minubaltic.ee\/lv\/#\/schema\/logo\/image\/","url":"https:\/\/minubaltic.ee\/wp-content\/uploads\/2023\/10\/cropped-cropped-cropped-logo.png","contentUrl":"https:\/\/minubaltic.ee\/wp-content\/uploads\/2023\/10\/cropped-cropped-cropped-logo.png","width":500,"height":237,"caption":"Minu Baltic O\u00dc"},"image":{"@id":"https:\/\/minubaltic.ee\/lv\/#\/schema\/logo\/image\/"},"sameAs":["https:\/\/www.facebook.com\/minubaltic"]}]}},"_links":{"self":[{"href":"https:\/\/minubaltic.ee\/lv\/wp-json\/wp\/v2\/product\/40634","targetHints":{"allow":["GET"]}}],"collection":[{"href":"https:\/\/minubaltic.ee\/lv\/wp-json\/wp\/v2\/product"}],"about":[{"href":"https:\/\/minubaltic.ee\/lv\/wp-json\/wp\/v2\/types\/product"}],"replies":[{"embeddable":true,"href":"https:\/\/minubaltic.ee\/lv\/wp-json\/wp\/v2\/comments?post=40634"}],"version-history":[{"count":2,"href":"https:\/\/minubaltic.ee\/lv\/wp-json\/wp\/v2\/product\/40634\/revisions"}],"predecessor-version":[{"id":40869,"href":"https:\/\/minubaltic.ee\/lv\/wp-json\/wp\/v2\/product\/40634\/revisions\/40869"}],"wp:featuredmedia":[{"embeddable":true,"href":"https:\/\/minubaltic.ee\/lv\/wp-json\/wp\/v2\/media\/40647"}],"wp:attachment":[{"href":"https:\/\/minubaltic.ee\/lv\/wp-json\/wp\/v2\/media?parent=40634"}],"wp:term":[{"taxonomy":"product_brand","embeddable":true,"href":"https:\/\/minubaltic.ee\/lv\/wp-json\/wp\/v2\/product_brand?post=40634"},{"taxonomy":"product_cat","embeddable":true,"href":"https:\/\/minubaltic.ee\/lv\/wp-json\/wp\/v2\/product_cat?post=40634"},{"taxonomy":"product_tag","embeddable":true,"href":"https:\/\/minubaltic.ee\/lv\/wp-json\/wp\/v2\/product_tag?post=40634"}],"curies":[{"name":"wp","href":"https:\/\/api.w.org\/{rel}","templated":true}]}}