{"id":39977,"date":"2024-12-08T04:48:18","date_gmt":"2024-12-08T01:48:18","guid":{"rendered":"https:\/\/minubaltic.ee\/?post_type=product&#038;p=39977"},"modified":"2024-12-08T05:43:07","modified_gmt":"2024-12-08T02:43:07","slug":"bambusa-palags-okeans","status":"publish","type":"product","link":"https:\/\/minubaltic.ee\/lv\/e-pood\/gultas-velas-komplekts-bamboo\/bambusa-palags-okeans\/","title":{"rendered":"Bambusa palags \u2013 Oke\u0101ns"},"content":{"rendered":"<p>Bambusa palags ir nov\u0113rt\u0113ts t\u0101 dabisko \u012bpa\u0161\u012bbu un izcil\u0101 komforta d\u0113\u013c. Tas ir izgatavots no \u0101tri atjaunojama un videi draudz\u012bga materi\u0101la, kura aug\u0161anai nav nepiecie\u0161ams izmantot pestic\u012bdus vai p\u0101rm\u0113r\u012bgu \u016bdeni. Bambusa \u0161\u0137iedras ir dabiski m\u012bkstas, ar z\u012bdainu tekst\u016bru un ir labi piem\u0113rotas cilv\u0113kiem ar jut\u012bgu \u0101du, jo ir hipoaler\u0123iskas un antibakteri\u0101las.<\/p>\n<p>Turkl\u0101t bambusa palags ir paz\u012bstams ar savu lielisko gaisa caurlaid\u012bbu, kas pal\u012bdz \u0137ermenim uztur\u0113t optim\u0101lu temperat\u016bru miega laik\u0101. Tas izvada mitrumu, saglab\u0101jot ve\u013cu svaigu pat silt\u0101s nakt\u012bs. Pateicoties t\u0101s iztur\u012bbai un greznajam izskatam, bambusa gultasve\u013ca ir ide\u0101la izv\u0113le, kas apvieno praktiskumu un elegantu dizainu.<\/p>\n","protected":false},"excerpt":{"rendered":"<p>100% bambusa ekolo\u0123isk\u0101 gultas palags ir lieliski m\u012bksts, elpojo\u0161s un videi draudz\u012bgs, nodro\u0161inot nevainojamu komfortu katru nakti.<\/p>\n<ul>\n<li>Kr\u0101sa: Oke\u0101ns<\/li>\n<li>Materi\u0101ls: 100% bambuss<\/li>\n<li>Diegu skaits audum\u0101: 300TC<\/li>\n<\/ul>\n<p><img loading=\"lazy\" decoding=\"async\" class=\" wd-lazy-fade alignnone wp-image-21480\" src=\"https:\/\/minubaltic.ee\/wp-content\/themes\/woodmart\/images\/lazy.svg\" data-src=\"https:\/\/minubaltic.ee\/wp-content\/uploads\/2024\/03\/image-removebg-preview-70-400x264.png\" alt=\"\" width=\"156\" height=\"103\" srcset=\"\" data-srcset=\"https:\/\/minubaltic.ee\/wp-content\/uploads\/2024\/03\/image-removebg-preview-70-400x264.png 400w, https:\/\/minubaltic.ee\/wp-content\/uploads\/2024\/03\/image-removebg-preview-70-430x284.png 430w, https:\/\/minubaltic.ee\/wp-content\/uploads\/2024\/03\/image-removebg-preview-70-150x99.png 150w, https:\/\/minubaltic.ee\/wp-content\/uploads\/2024\/03\/image-removebg-preview-70.png 615w\" sizes=\"auto, (max-width: 156px) 100vw, 156px\" \/><img loading=\"lazy\" decoding=\"async\" class=\" wd-lazy-fade alignnone wp-image-17257\" src=\"https:\/\/minubaltic.ee\/wp-content\/themes\/woodmart\/images\/lazy.svg\" data-src=\"https:\/\/minubaltic.ee\/wp-content\/uploads\/2024\/02\/organic100bamboo.png\" alt=\"\" width=\"70\" height=\"99\" \/><\/p>\n","protected":false},"featured_media":39984,"comment_status":"open","ping_status":"closed","template":"","meta":[],"product_brand":[],"product_cat":[434,918,455,767],"product_tag":[458,459,460,466],"class_list":{"0":"post-39977","1":"product","2":"type-product","3":"status-publish","4":"has-post-thumbnail","6":"product_cat-gultas-velas-komplekts-bamboo","7":"product_cat-bambusa-palagi","8":"product_cat-gultas-vela","9":"product_cat-organiska-gultas-vela","10":"product_tag-bambusa-gultas-vela","11":"product_tag-e-komercija","12":"product_tag-e-veikals","13":"product_tag-tekstils","15":"first","16":"outofstock","17":"shipping-taxable","18":"purchasable","19":"product-type-variable"},"yoast_head":"<!-- This site is optimized with the Yoast SEO plugin v27.4 - https:\/\/yoast.com\/product\/yoast-seo-wordpress\/ -->\n<title>Bambusa palags \u2013 Oke\u0101ns - 100% bambuss<\/title>\n<meta name=\"description\" content=\"Bambusa palagi ir elpojo\u0161i, mitrumu uzs\u016bco\u0161i un temperat\u016bru regul\u0113jo\u0161i. \u0160is materi\u0101ls ir m\u012bksts, hipoaler\u0123isks un ide\u0101li piem\u0113rots vesel\u012bgam miegam.\" \/>\n<meta name=\"robots\" content=\"index, follow, max-snippet:-1, max-image-preview:large, max-video-preview:-1\" \/>\n<link rel=\"canonical\" href=\"https:\/\/minubaltic.ee\/lv\/e-pood\/gultas-velas-komplekts-bamboo\/bambusa-palags-okeans\/\" \/>\n<meta property=\"og:locale\" content=\"lv_LV\" \/>\n<meta property=\"og:type\" content=\"article\" \/>\n<meta property=\"og:title\" content=\"Bambusa palags \u2013 Oke\u0101ns - 100% bambuss\" \/>\n<meta property=\"og:description\" content=\"Bambusa palagi ir elpojo\u0161i, mitrumu uzs\u016bco\u0161i un temperat\u016bru regul\u0113jo\u0161i. \u0160is materi\u0101ls ir m\u012bksts, hipoaler\u0123isks un ide\u0101li piem\u0113rots vesel\u012bgam miegam.\" \/>\n<meta property=\"og:url\" content=\"https:\/\/minubaltic.ee\/lv\/e-pood\/gultas-velas-komplekts-bamboo\/bambusa-palags-okeans\/\" \/>\n<meta property=\"article:publisher\" content=\"https:\/\/www.facebook.com\/minubaltic\" \/>\n<meta property=\"article:modified_time\" content=\"2024-12-08T02:43:07+00:00\" \/>\n<meta property=\"og:image\" content=\"https:\/\/minubaltic.ee\/wp-content\/uploads\/2024\/12\/Bambusest-voodilina-1-6.jpg\" \/>\n\t<meta property=\"og:image:width\" content=\"800\" \/>\n\t<meta property=\"og:image:height\" content=\"800\" \/>\n\t<meta property=\"og:image:type\" content=\"image\/jpeg\" \/>\n<meta name=\"twitter:card\" content=\"summary_large_image\" \/>\n<meta name=\"twitter:label1\" content=\"Est. reading time\" \/>\n\t<meta name=\"twitter:data1\" content=\"1 minute\" \/>\n<script type=\"application\/ld+json\" class=\"yoast-schema-graph\">{\"@context\":\"https:\\\/\\\/schema.org\",\"@graph\":[{\"@type\":\"WebPage\",\"@id\":\"https:\\\/\\\/minubaltic.ee\\\/lv\\\/e-pood\\\/gultas-velas-komplekts-bamboo\\\/bambusa-palags-okeans\\\/\",\"url\":\"https:\\\/\\\/minubaltic.ee\\\/lv\\\/e-pood\\\/gultas-velas-komplekts-bamboo\\\/bambusa-palags-okeans\\\/\",\"name\":\"Bambusa palags \u2013 Oke\u0101ns - 100% bambuss\",\"isPartOf\":{\"@id\":\"https:\\\/\\\/minubaltic.ee\\\/lv\\\/#website\"},\"primaryImageOfPage\":{\"@id\":\"https:\\\/\\\/minubaltic.ee\\\/lv\\\/e-pood\\\/gultas-velas-komplekts-bamboo\\\/bambusa-palags-okeans\\\/#primaryimage\"},\"image\":{\"@id\":\"https:\\\/\\\/minubaltic.ee\\\/lv\\\/e-pood\\\/gultas-velas-komplekts-bamboo\\\/bambusa-palags-okeans\\\/#primaryimage\"},\"thumbnailUrl\":\"https:\\\/\\\/minubaltic.ee\\\/wp-content\\\/uploads\\\/2024\\\/12\\\/Bambusest-voodilina-1-6.jpg\",\"datePublished\":\"2024-12-08T01:48:18+00:00\",\"dateModified\":\"2024-12-08T02:43:07+00:00\",\"description\":\"Bambusa palagi ir elpojo\u0161i, mitrumu uzs\u016bco\u0161i un temperat\u016bru regul\u0113jo\u0161i. \u0160is materi\u0101ls ir m\u012bksts, hipoaler\u0123isks un ide\u0101li piem\u0113rots vesel\u012bgam miegam.\",\"breadcrumb\":{\"@id\":\"https:\\\/\\\/minubaltic.ee\\\/lv\\\/e-pood\\\/gultas-velas-komplekts-bamboo\\\/bambusa-palags-okeans\\\/#breadcrumb\"},\"inLanguage\":\"lv-LV\",\"potentialAction\":[{\"@type\":\"ReadAction\",\"target\":[\"https:\\\/\\\/minubaltic.ee\\\/lv\\\/e-pood\\\/gultas-velas-komplekts-bamboo\\\/bambusa-palags-okeans\\\/\"]}]},{\"@type\":\"ImageObject\",\"inLanguage\":\"lv-LV\",\"@id\":\"https:\\\/\\\/minubaltic.ee\\\/lv\\\/e-pood\\\/gultas-velas-komplekts-bamboo\\\/bambusa-palags-okeans\\\/#primaryimage\",\"url\":\"https:\\\/\\\/minubaltic.ee\\\/wp-content\\\/uploads\\\/2024\\\/12\\\/Bambusest-voodilina-1-6.jpg\",\"contentUrl\":\"https:\\\/\\\/minubaltic.ee\\\/wp-content\\\/uploads\\\/2024\\\/12\\\/Bambusest-voodilina-1-6.jpg\",\"width\":800,\"height\":800,\"caption\":\"Bambusest voodilina\"},{\"@type\":\"BreadcrumbList\",\"@id\":\"https:\\\/\\\/minubaltic.ee\\\/lv\\\/e-pood\\\/gultas-velas-komplekts-bamboo\\\/bambusa-palags-okeans\\\/#breadcrumb\",\"itemListElement\":[{\"@type\":\"ListItem\",\"position\":1,\"name\":\"S\u0101kums\",\"item\":\"https:\\\/\\\/minubaltic.ee\\\/lv\\\/\"},{\"@type\":\"ListItem\",\"position\":2,\"name\":\"E-veikals\",\"item\":\"https:\\\/\\\/minubaltic.ee\\\/lv\\\/e-veikals\\\/\"},{\"@type\":\"ListItem\",\"position\":3,\"name\":\"Bambusa palags \u2013 Oke\u0101ns\"}]},{\"@type\":\"WebSite\",\"@id\":\"https:\\\/\\\/minubaltic.ee\\\/lv\\\/#website\",\"url\":\"https:\\\/\\\/minubaltic.ee\\\/lv\\\/\",\"name\":\"minubaltic.ee\",\"description\":\"\",\"publisher\":{\"@id\":\"https:\\\/\\\/minubaltic.ee\\\/lv\\\/#organization\"},\"potentialAction\":[{\"@type\":\"SearchAction\",\"target\":{\"@type\":\"EntryPoint\",\"urlTemplate\":\"https:\\\/\\\/minubaltic.ee\\\/lv\\\/?s={search_term_string}\"},\"query-input\":{\"@type\":\"PropertyValueSpecification\",\"valueRequired\":true,\"valueName\":\"search_term_string\"}}],\"inLanguage\":\"lv-LV\"},{\"@type\":\"Organization\",\"@id\":\"https:\\\/\\\/minubaltic.ee\\\/lv\\\/#organization\",\"name\":\"Minu Baltic O\u00dc\",\"url\":\"https:\\\/\\\/minubaltic.ee\\\/lv\\\/\",\"logo\":{\"@type\":\"ImageObject\",\"inLanguage\":\"lv-LV\",\"@id\":\"https:\\\/\\\/minubaltic.ee\\\/lv\\\/#\\\/schema\\\/logo\\\/image\\\/\",\"url\":\"https:\\\/\\\/minubaltic.ee\\\/wp-content\\\/uploads\\\/2023\\\/10\\\/cropped-cropped-cropped-logo.png\",\"contentUrl\":\"https:\\\/\\\/minubaltic.ee\\\/wp-content\\\/uploads\\\/2023\\\/10\\\/cropped-cropped-cropped-logo.png\",\"width\":500,\"height\":237,\"caption\":\"Minu Baltic O\u00dc\"},\"image\":{\"@id\":\"https:\\\/\\\/minubaltic.ee\\\/lv\\\/#\\\/schema\\\/logo\\\/image\\\/\"},\"sameAs\":[\"https:\\\/\\\/www.facebook.com\\\/minubaltic\"]}]}<\/script>\n<!-- \/ Yoast SEO plugin. -->","yoast_head_json":{"title":"Bambusa palags \u2013 Oke\u0101ns - 100% bambuss","description":"Bambusa palagi ir elpojo\u0161i, mitrumu uzs\u016bco\u0161i un temperat\u016bru regul\u0113jo\u0161i. \u0160is materi\u0101ls ir m\u012bksts, hipoaler\u0123isks un ide\u0101li piem\u0113rots vesel\u012bgam miegam.","robots":{"index":"index","follow":"follow","max-snippet":"max-snippet:-1","max-image-preview":"max-image-preview:large","max-video-preview":"max-video-preview:-1"},"canonical":"https:\/\/minubaltic.ee\/lv\/e-pood\/gultas-velas-komplekts-bamboo\/bambusa-palags-okeans\/","og_locale":"lv_LV","og_type":"article","og_title":"Bambusa palags \u2013 Oke\u0101ns - 100% bambuss","og_description":"Bambusa palagi ir elpojo\u0161i, mitrumu uzs\u016bco\u0161i un temperat\u016bru regul\u0113jo\u0161i. \u0160is materi\u0101ls ir m\u012bksts, hipoaler\u0123isks un ide\u0101li piem\u0113rots vesel\u012bgam miegam.","og_url":"https:\/\/minubaltic.ee\/lv\/e-pood\/gultas-velas-komplekts-bamboo\/bambusa-palags-okeans\/","article_publisher":"https:\/\/www.facebook.com\/minubaltic","article_modified_time":"2024-12-08T02:43:07+00:00","og_image":[{"width":800,"height":800,"url":"https:\/\/minubaltic.ee\/wp-content\/uploads\/2024\/12\/Bambusest-voodilina-1-6.jpg","type":"image\/jpeg"}],"twitter_card":"summary_large_image","twitter_misc":{"Est. reading time":"1 minute"},"schema":{"@context":"https:\/\/schema.org","@graph":[{"@type":"WebPage","@id":"https:\/\/minubaltic.ee\/lv\/e-pood\/gultas-velas-komplekts-bamboo\/bambusa-palags-okeans\/","url":"https:\/\/minubaltic.ee\/lv\/e-pood\/gultas-velas-komplekts-bamboo\/bambusa-palags-okeans\/","name":"Bambusa palags \u2013 Oke\u0101ns - 100% bambuss","isPartOf":{"@id":"https:\/\/minubaltic.ee\/lv\/#website"},"primaryImageOfPage":{"@id":"https:\/\/minubaltic.ee\/lv\/e-pood\/gultas-velas-komplekts-bamboo\/bambusa-palags-okeans\/#primaryimage"},"image":{"@id":"https:\/\/minubaltic.ee\/lv\/e-pood\/gultas-velas-komplekts-bamboo\/bambusa-palags-okeans\/#primaryimage"},"thumbnailUrl":"https:\/\/minubaltic.ee\/wp-content\/uploads\/2024\/12\/Bambusest-voodilina-1-6.jpg","datePublished":"2024-12-08T01:48:18+00:00","dateModified":"2024-12-08T02:43:07+00:00","description":"Bambusa palagi ir elpojo\u0161i, mitrumu uzs\u016bco\u0161i un temperat\u016bru regul\u0113jo\u0161i. \u0160is materi\u0101ls ir m\u012bksts, hipoaler\u0123isks un ide\u0101li piem\u0113rots vesel\u012bgam miegam.","breadcrumb":{"@id":"https:\/\/minubaltic.ee\/lv\/e-pood\/gultas-velas-komplekts-bamboo\/bambusa-palags-okeans\/#breadcrumb"},"inLanguage":"lv-LV","potentialAction":[{"@type":"ReadAction","target":["https:\/\/minubaltic.ee\/lv\/e-pood\/gultas-velas-komplekts-bamboo\/bambusa-palags-okeans\/"]}]},{"@type":"ImageObject","inLanguage":"lv-LV","@id":"https:\/\/minubaltic.ee\/lv\/e-pood\/gultas-velas-komplekts-bamboo\/bambusa-palags-okeans\/#primaryimage","url":"https:\/\/minubaltic.ee\/wp-content\/uploads\/2024\/12\/Bambusest-voodilina-1-6.jpg","contentUrl":"https:\/\/minubaltic.ee\/wp-content\/uploads\/2024\/12\/Bambusest-voodilina-1-6.jpg","width":800,"height":800,"caption":"Bambusest voodilina"},{"@type":"BreadcrumbList","@id":"https:\/\/minubaltic.ee\/lv\/e-pood\/gultas-velas-komplekts-bamboo\/bambusa-palags-okeans\/#breadcrumb","itemListElement":[{"@type":"ListItem","position":1,"name":"S\u0101kums","item":"https:\/\/minubaltic.ee\/lv\/"},{"@type":"ListItem","position":2,"name":"E-veikals","item":"https:\/\/minubaltic.ee\/lv\/e-veikals\/"},{"@type":"ListItem","position":3,"name":"Bambusa palags \u2013 Oke\u0101ns"}]},{"@type":"WebSite","@id":"https:\/\/minubaltic.ee\/lv\/#website","url":"https:\/\/minubaltic.ee\/lv\/","name":"minubaltic.ee","description":"","publisher":{"@id":"https:\/\/minubaltic.ee\/lv\/#organization"},"potentialAction":[{"@type":"SearchAction","target":{"@type":"EntryPoint","urlTemplate":"https:\/\/minubaltic.ee\/lv\/?s={search_term_string}"},"query-input":{"@type":"PropertyValueSpecification","valueRequired":true,"valueName":"search_term_string"}}],"inLanguage":"lv-LV"},{"@type":"Organization","@id":"https:\/\/minubaltic.ee\/lv\/#organization","name":"Minu Baltic O\u00dc","url":"https:\/\/minubaltic.ee\/lv\/","logo":{"@type":"ImageObject","inLanguage":"lv-LV","@id":"https:\/\/minubaltic.ee\/lv\/#\/schema\/logo\/image\/","url":"https:\/\/minubaltic.ee\/wp-content\/uploads\/2023\/10\/cropped-cropped-cropped-logo.png","contentUrl":"https:\/\/minubaltic.ee\/wp-content\/uploads\/2023\/10\/cropped-cropped-cropped-logo.png","width":500,"height":237,"caption":"Minu Baltic O\u00dc"},"image":{"@id":"https:\/\/minubaltic.ee\/lv\/#\/schema\/logo\/image\/"},"sameAs":["https:\/\/www.facebook.com\/minubaltic"]}]}},"_links":{"self":[{"href":"https:\/\/minubaltic.ee\/lv\/wp-json\/wp\/v2\/product\/39977","targetHints":{"allow":["GET"]}}],"collection":[{"href":"https:\/\/minubaltic.ee\/lv\/wp-json\/wp\/v2\/product"}],"about":[{"href":"https:\/\/minubaltic.ee\/lv\/wp-json\/wp\/v2\/types\/product"}],"replies":[{"embeddable":true,"href":"https:\/\/minubaltic.ee\/lv\/wp-json\/wp\/v2\/comments?post=39977"}],"version-history":[{"count":2,"href":"https:\/\/minubaltic.ee\/lv\/wp-json\/wp\/v2\/product\/39977\/revisions"}],"predecessor-version":[{"id":40051,"href":"https:\/\/minubaltic.ee\/lv\/wp-json\/wp\/v2\/product\/39977\/revisions\/40051"}],"wp:featuredmedia":[{"embeddable":true,"href":"https:\/\/minubaltic.ee\/lv\/wp-json\/wp\/v2\/media\/39984"}],"wp:attachment":[{"href":"https:\/\/minubaltic.ee\/lv\/wp-json\/wp\/v2\/media?parent=39977"}],"wp:term":[{"taxonomy":"product_brand","embeddable":true,"href":"https:\/\/minubaltic.ee\/lv\/wp-json\/wp\/v2\/product_brand?post=39977"},{"taxonomy":"product_cat","embeddable":true,"href":"https:\/\/minubaltic.ee\/lv\/wp-json\/wp\/v2\/product_cat?post=39977"},{"taxonomy":"product_tag","embeddable":true,"href":"https:\/\/minubaltic.ee\/lv\/wp-json\/wp\/v2\/product_tag?post=39977"}],"curies":[{"name":"wp","href":"https:\/\/api.w.org\/{rel}","templated":true}]}}