{"id":39484,"date":"2024-12-01T16:35:53","date_gmt":"2024-12-01T13:35:53","guid":{"rendered":"https:\/\/minubaltic.ee\/?post_type=product&#038;p=39484"},"modified":"2024-12-01T16:41:57","modified_gmt":"2024-12-01T13:41:57","slug":"raschel-sega-220x240-17","status":"publish","type":"product","link":"https:\/\/minubaltic.ee\/lv\/e-pood\/rasela-segas\/rasela-segas-220-240\/raschel-sega-220x240-17\/","title":{"rendered":"Raschel sega 220&#215;240"},"content":{"rendered":"<ul>\n<li><span class=\"product-attribute__label\"><strong>Auduma sast\u0101vs:<\/strong> poliestera \u0161\u0137iedra (poliesteris)<\/span><\/li>\n<li><strong>Da\u013cu skaits:<\/strong> 1<\/li>\n<li><strong>Svars: <\/strong>3 kg<\/li>\n<li><strong>Izm\u0113ri:<\/strong> 220\u00d7240 cm<\/li>\n<li><strong>Specifik\u0101cija<\/strong>: \u00b15 cm<\/li>\n<li><strong>Stils <\/strong>: Eiropas un Amerikas stils<\/li>\n<li><strong>Papildus inform\u0101cija:<\/strong> \u012bpa\u0161i m\u012bksts<\/li>\n<li>Produktu att\u0113li ir ilustrat\u012bvi<\/li>\n<\/ul>\n","protected":false},"excerpt":{"rendered":"<p>Raschel sega ir silta un m\u012bksta, pied\u0101v\u0101jot m\u0101j\u012bgu un greznu saj\u016btu. T\u0101 augstas kvalit\u0101tes materi\u0101ls nodro\u0161ina ilgsto\u0161u iztur\u012bbu un komfortu.<\/p>\n","protected":false},"featured_media":39489,"comment_status":"open","ping_status":"closed","template":"","meta":[],"product_brand":[],"product_cat":[442,893,451],"product_tag":[459,460,461,465,464,466],"class_list":{"0":"post-39484","1":"product","2":"type-product","3":"status-publish","4":"has-post-thumbnail","6":"product_cat-rasela-segas","7":"product_cat-rasela-segas-220-240","8":"product_cat-segas","9":"product_tag-e-komercija","10":"product_tag-e-veikals","11":"product_tag-majas-tekstils","12":"product_tag-sega","13":"product_tag-segas","14":"product_tag-tekstils","16":"first","17":"instock","18":"shipping-taxable","19":"purchasable","20":"product-type-simple"},"yoast_head":"<!-- This site is optimized with the Yoast SEO plugin v27.3 - https:\/\/yoast.com\/product\/yoast-seo-wordpress\/ -->\n<title>Raschel sega 220x240 - Atlaide l\u012bdz -50%<\/title>\n<meta name=\"description\" content=\"Raschel sega 220x240 cm - eleganta un \u0113rta. Saglab\u0101jiet siltumu un izbaudiet maigumu ar augstas kvalit\u0101tes materi\u0101lu, kas pied\u0101v\u0101 perfektu miegu visu gadu.\" \/>\n<meta name=\"robots\" content=\"index, follow, max-snippet:-1, max-image-preview:large, max-video-preview:-1\" \/>\n<link rel=\"canonical\" href=\"https:\/\/minubaltic.ee\/lv\/e-pood\/rasela-segas\/rasela-segas-220-240\/raschel-sega-220x240-17\/\" \/>\n<meta property=\"og:locale\" content=\"lv_LV\" \/>\n<meta property=\"og:type\" content=\"article\" \/>\n<meta property=\"og:title\" content=\"Raschel sega 220x240 - Atlaide l\u012bdz -50%\" \/>\n<meta property=\"og:description\" content=\"Raschel sega 220x240 cm - eleganta un \u0113rta. Saglab\u0101jiet siltumu un izbaudiet maigumu ar augstas kvalit\u0101tes materi\u0101lu, kas pied\u0101v\u0101 perfektu miegu visu gadu.\" \/>\n<meta property=\"og:url\" content=\"https:\/\/minubaltic.ee\/lv\/e-pood\/rasela-segas\/rasela-segas-220-240\/raschel-sega-220x240-17\/\" \/>\n<meta property=\"article:publisher\" content=\"https:\/\/www.facebook.com\/minubaltic\" \/>\n<meta property=\"article:modified_time\" content=\"2024-12-01T13:41:57+00:00\" \/>\n<meta property=\"og:image\" content=\"https:\/\/minubaltic.ee\/wp-content\/uploads\/2024\/12\/Tekk-220x240-6.jpg\" \/>\n\t<meta property=\"og:image:width\" content=\"800\" \/>\n\t<meta property=\"og:image:height\" content=\"800\" \/>\n\t<meta property=\"og:image:type\" content=\"image\/jpeg\" \/>\n<meta name=\"twitter:card\" content=\"summary_large_image\" \/>\n<meta name=\"twitter:label1\" content=\"Est. reading time\" \/>\n\t<meta name=\"twitter:data1\" content=\"1 minute\" \/>\n<script type=\"application\/ld+json\" class=\"yoast-schema-graph\">{\"@context\":\"https:\\\/\\\/schema.org\",\"@graph\":[{\"@type\":\"WebPage\",\"@id\":\"https:\\\/\\\/minubaltic.ee\\\/lv\\\/e-pood\\\/rasela-segas\\\/rasela-segas-220-240\\\/raschel-sega-220x240-17\\\/\",\"url\":\"https:\\\/\\\/minubaltic.ee\\\/lv\\\/e-pood\\\/rasela-segas\\\/rasela-segas-220-240\\\/raschel-sega-220x240-17\\\/\",\"name\":\"Raschel sega 220x240 - Atlaide l\u012bdz -50%\",\"isPartOf\":{\"@id\":\"https:\\\/\\\/minubaltic.ee\\\/lv\\\/#website\"},\"primaryImageOfPage\":{\"@id\":\"https:\\\/\\\/minubaltic.ee\\\/lv\\\/e-pood\\\/rasela-segas\\\/rasela-segas-220-240\\\/raschel-sega-220x240-17\\\/#primaryimage\"},\"image\":{\"@id\":\"https:\\\/\\\/minubaltic.ee\\\/lv\\\/e-pood\\\/rasela-segas\\\/rasela-segas-220-240\\\/raschel-sega-220x240-17\\\/#primaryimage\"},\"thumbnailUrl\":\"https:\\\/\\\/minubaltic.ee\\\/wp-content\\\/uploads\\\/2024\\\/12\\\/Tekk-220x240-6.jpg\",\"datePublished\":\"2024-12-01T13:35:53+00:00\",\"dateModified\":\"2024-12-01T13:41:57+00:00\",\"description\":\"Raschel sega 220x240 cm - eleganta un \u0113rta. Saglab\u0101jiet siltumu un izbaudiet maigumu ar augstas kvalit\u0101tes materi\u0101lu, kas pied\u0101v\u0101 perfektu miegu visu gadu.\",\"breadcrumb\":{\"@id\":\"https:\\\/\\\/minubaltic.ee\\\/lv\\\/e-pood\\\/rasela-segas\\\/rasela-segas-220-240\\\/raschel-sega-220x240-17\\\/#breadcrumb\"},\"inLanguage\":\"lv-LV\",\"potentialAction\":[{\"@type\":\"ReadAction\",\"target\":[\"https:\\\/\\\/minubaltic.ee\\\/lv\\\/e-pood\\\/rasela-segas\\\/rasela-segas-220-240\\\/raschel-sega-220x240-17\\\/\"]}]},{\"@type\":\"ImageObject\",\"inLanguage\":\"lv-LV\",\"@id\":\"https:\\\/\\\/minubaltic.ee\\\/lv\\\/e-pood\\\/rasela-segas\\\/rasela-segas-220-240\\\/raschel-sega-220x240-17\\\/#primaryimage\",\"url\":\"https:\\\/\\\/minubaltic.ee\\\/wp-content\\\/uploads\\\/2024\\\/12\\\/Tekk-220x240-6.jpg\",\"contentUrl\":\"https:\\\/\\\/minubaltic.ee\\\/wp-content\\\/uploads\\\/2024\\\/12\\\/Tekk-220x240-6.jpg\",\"width\":800,\"height\":800,\"caption\":\"Eesti Tekk 220x240\"},{\"@type\":\"BreadcrumbList\",\"@id\":\"https:\\\/\\\/minubaltic.ee\\\/lv\\\/e-pood\\\/rasela-segas\\\/rasela-segas-220-240\\\/raschel-sega-220x240-17\\\/#breadcrumb\",\"itemListElement\":[{\"@type\":\"ListItem\",\"position\":1,\"name\":\"S\u0101kums\",\"item\":\"https:\\\/\\\/minubaltic.ee\\\/lv\\\/\"},{\"@type\":\"ListItem\",\"position\":2,\"name\":\"E-veikals\",\"item\":\"https:\\\/\\\/minubaltic.ee\\\/lv\\\/e-veikals\\\/\"},{\"@type\":\"ListItem\",\"position\":3,\"name\":\"Raschel sega 220&#215;240\"}]},{\"@type\":\"WebSite\",\"@id\":\"https:\\\/\\\/minubaltic.ee\\\/lv\\\/#website\",\"url\":\"https:\\\/\\\/minubaltic.ee\\\/lv\\\/\",\"name\":\"minubaltic.ee\",\"description\":\"\",\"publisher\":{\"@id\":\"https:\\\/\\\/minubaltic.ee\\\/lv\\\/#organization\"},\"potentialAction\":[{\"@type\":\"SearchAction\",\"target\":{\"@type\":\"EntryPoint\",\"urlTemplate\":\"https:\\\/\\\/minubaltic.ee\\\/lv\\\/?s={search_term_string}\"},\"query-input\":{\"@type\":\"PropertyValueSpecification\",\"valueRequired\":true,\"valueName\":\"search_term_string\"}}],\"inLanguage\":\"lv-LV\"},{\"@type\":\"Organization\",\"@id\":\"https:\\\/\\\/minubaltic.ee\\\/lv\\\/#organization\",\"name\":\"Minu Baltic O\u00dc\",\"url\":\"https:\\\/\\\/minubaltic.ee\\\/lv\\\/\",\"logo\":{\"@type\":\"ImageObject\",\"inLanguage\":\"lv-LV\",\"@id\":\"https:\\\/\\\/minubaltic.ee\\\/lv\\\/#\\\/schema\\\/logo\\\/image\\\/\",\"url\":\"https:\\\/\\\/minubaltic.ee\\\/wp-content\\\/uploads\\\/2023\\\/10\\\/cropped-cropped-cropped-logo.png\",\"contentUrl\":\"https:\\\/\\\/minubaltic.ee\\\/wp-content\\\/uploads\\\/2023\\\/10\\\/cropped-cropped-cropped-logo.png\",\"width\":500,\"height\":237,\"caption\":\"Minu Baltic O\u00dc\"},\"image\":{\"@id\":\"https:\\\/\\\/minubaltic.ee\\\/lv\\\/#\\\/schema\\\/logo\\\/image\\\/\"},\"sameAs\":[\"https:\\\/\\\/www.facebook.com\\\/minubaltic\"]}]}<\/script>\n<!-- \/ Yoast SEO plugin. -->","yoast_head_json":{"title":"Raschel sega 220x240 - Atlaide l\u012bdz -50%","description":"Raschel sega 220x240 cm - eleganta un \u0113rta. Saglab\u0101jiet siltumu un izbaudiet maigumu ar augstas kvalit\u0101tes materi\u0101lu, kas pied\u0101v\u0101 perfektu miegu visu gadu.","robots":{"index":"index","follow":"follow","max-snippet":"max-snippet:-1","max-image-preview":"max-image-preview:large","max-video-preview":"max-video-preview:-1"},"canonical":"https:\/\/minubaltic.ee\/lv\/e-pood\/rasela-segas\/rasela-segas-220-240\/raschel-sega-220x240-17\/","og_locale":"lv_LV","og_type":"article","og_title":"Raschel sega 220x240 - Atlaide l\u012bdz -50%","og_description":"Raschel sega 220x240 cm - eleganta un \u0113rta. Saglab\u0101jiet siltumu un izbaudiet maigumu ar augstas kvalit\u0101tes materi\u0101lu, kas pied\u0101v\u0101 perfektu miegu visu gadu.","og_url":"https:\/\/minubaltic.ee\/lv\/e-pood\/rasela-segas\/rasela-segas-220-240\/raschel-sega-220x240-17\/","article_publisher":"https:\/\/www.facebook.com\/minubaltic","article_modified_time":"2024-12-01T13:41:57+00:00","og_image":[{"width":800,"height":800,"url":"https:\/\/minubaltic.ee\/wp-content\/uploads\/2024\/12\/Tekk-220x240-6.jpg","type":"image\/jpeg"}],"twitter_card":"summary_large_image","twitter_misc":{"Est. reading time":"1 minute"},"schema":{"@context":"https:\/\/schema.org","@graph":[{"@type":"WebPage","@id":"https:\/\/minubaltic.ee\/lv\/e-pood\/rasela-segas\/rasela-segas-220-240\/raschel-sega-220x240-17\/","url":"https:\/\/minubaltic.ee\/lv\/e-pood\/rasela-segas\/rasela-segas-220-240\/raschel-sega-220x240-17\/","name":"Raschel sega 220x240 - Atlaide l\u012bdz -50%","isPartOf":{"@id":"https:\/\/minubaltic.ee\/lv\/#website"},"primaryImageOfPage":{"@id":"https:\/\/minubaltic.ee\/lv\/e-pood\/rasela-segas\/rasela-segas-220-240\/raschel-sega-220x240-17\/#primaryimage"},"image":{"@id":"https:\/\/minubaltic.ee\/lv\/e-pood\/rasela-segas\/rasela-segas-220-240\/raschel-sega-220x240-17\/#primaryimage"},"thumbnailUrl":"https:\/\/minubaltic.ee\/wp-content\/uploads\/2024\/12\/Tekk-220x240-6.jpg","datePublished":"2024-12-01T13:35:53+00:00","dateModified":"2024-12-01T13:41:57+00:00","description":"Raschel sega 220x240 cm - eleganta un \u0113rta. Saglab\u0101jiet siltumu un izbaudiet maigumu ar augstas kvalit\u0101tes materi\u0101lu, kas pied\u0101v\u0101 perfektu miegu visu gadu.","breadcrumb":{"@id":"https:\/\/minubaltic.ee\/lv\/e-pood\/rasela-segas\/rasela-segas-220-240\/raschel-sega-220x240-17\/#breadcrumb"},"inLanguage":"lv-LV","potentialAction":[{"@type":"ReadAction","target":["https:\/\/minubaltic.ee\/lv\/e-pood\/rasela-segas\/rasela-segas-220-240\/raschel-sega-220x240-17\/"]}]},{"@type":"ImageObject","inLanguage":"lv-LV","@id":"https:\/\/minubaltic.ee\/lv\/e-pood\/rasela-segas\/rasela-segas-220-240\/raschel-sega-220x240-17\/#primaryimage","url":"https:\/\/minubaltic.ee\/wp-content\/uploads\/2024\/12\/Tekk-220x240-6.jpg","contentUrl":"https:\/\/minubaltic.ee\/wp-content\/uploads\/2024\/12\/Tekk-220x240-6.jpg","width":800,"height":800,"caption":"Eesti Tekk 220x240"},{"@type":"BreadcrumbList","@id":"https:\/\/minubaltic.ee\/lv\/e-pood\/rasela-segas\/rasela-segas-220-240\/raschel-sega-220x240-17\/#breadcrumb","itemListElement":[{"@type":"ListItem","position":1,"name":"S\u0101kums","item":"https:\/\/minubaltic.ee\/lv\/"},{"@type":"ListItem","position":2,"name":"E-veikals","item":"https:\/\/minubaltic.ee\/lv\/e-veikals\/"},{"@type":"ListItem","position":3,"name":"Raschel sega 220&#215;240"}]},{"@type":"WebSite","@id":"https:\/\/minubaltic.ee\/lv\/#website","url":"https:\/\/minubaltic.ee\/lv\/","name":"minubaltic.ee","description":"","publisher":{"@id":"https:\/\/minubaltic.ee\/lv\/#organization"},"potentialAction":[{"@type":"SearchAction","target":{"@type":"EntryPoint","urlTemplate":"https:\/\/minubaltic.ee\/lv\/?s={search_term_string}"},"query-input":{"@type":"PropertyValueSpecification","valueRequired":true,"valueName":"search_term_string"}}],"inLanguage":"lv-LV"},{"@type":"Organization","@id":"https:\/\/minubaltic.ee\/lv\/#organization","name":"Minu Baltic O\u00dc","url":"https:\/\/minubaltic.ee\/lv\/","logo":{"@type":"ImageObject","inLanguage":"lv-LV","@id":"https:\/\/minubaltic.ee\/lv\/#\/schema\/logo\/image\/","url":"https:\/\/minubaltic.ee\/wp-content\/uploads\/2023\/10\/cropped-cropped-cropped-logo.png","contentUrl":"https:\/\/minubaltic.ee\/wp-content\/uploads\/2023\/10\/cropped-cropped-cropped-logo.png","width":500,"height":237,"caption":"Minu Baltic O\u00dc"},"image":{"@id":"https:\/\/minubaltic.ee\/lv\/#\/schema\/logo\/image\/"},"sameAs":["https:\/\/www.facebook.com\/minubaltic"]}]}},"_links":{"self":[{"href":"https:\/\/minubaltic.ee\/lv\/wp-json\/wp\/v2\/product\/39484","targetHints":{"allow":["GET"]}}],"collection":[{"href":"https:\/\/minubaltic.ee\/lv\/wp-json\/wp\/v2\/product"}],"about":[{"href":"https:\/\/minubaltic.ee\/lv\/wp-json\/wp\/v2\/types\/product"}],"replies":[{"embeddable":true,"href":"https:\/\/minubaltic.ee\/lv\/wp-json\/wp\/v2\/comments?post=39484"}],"version-history":[{"count":2,"href":"https:\/\/minubaltic.ee\/lv\/wp-json\/wp\/v2\/product\/39484\/revisions"}],"predecessor-version":[{"id":39501,"href":"https:\/\/minubaltic.ee\/lv\/wp-json\/wp\/v2\/product\/39484\/revisions\/39501"}],"wp:featuredmedia":[{"embeddable":true,"href":"https:\/\/minubaltic.ee\/lv\/wp-json\/wp\/v2\/media\/39489"}],"wp:attachment":[{"href":"https:\/\/minubaltic.ee\/lv\/wp-json\/wp\/v2\/media?parent=39484"}],"wp:term":[{"taxonomy":"product_brand","embeddable":true,"href":"https:\/\/minubaltic.ee\/lv\/wp-json\/wp\/v2\/product_brand?post=39484"},{"taxonomy":"product_cat","embeddable":true,"href":"https:\/\/minubaltic.ee\/lv\/wp-json\/wp\/v2\/product_cat?post=39484"},{"taxonomy":"product_tag","embeddable":true,"href":"https:\/\/minubaltic.ee\/lv\/wp-json\/wp\/v2\/product_tag?post=39484"}],"curies":[{"name":"wp","href":"https:\/\/api.w.org\/{rel}","templated":true}]}}