{"id":39151,"date":"2024-11-29T02:21:58","date_gmt":"2024-11-28T23:21:58","guid":{"rendered":"https:\/\/minubaltic.ee\/?post_type=product&#038;p=39151"},"modified":"2024-11-29T03:37:50","modified_gmt":"2024-11-29T00:37:50","slug":"bambusa-gultas-velas-komplekts-armijas-zals","status":"publish","type":"product","link":"https:\/\/minubaltic.ee\/lv\/e-pood\/gultas-velas-komplekts-bamboo\/bambusa-gultas-velas-komplekts-armijas-zals\/","title":{"rendered":"Bambusa gultas ve\u013cas komplekts \u2013 Armijas za\u013c\u0161"},"content":{"rendered":"<p>Bambusa gultasve\u013cas komplekti ir augstas kvalit\u0101tes, m\u012bksts un elpojo\u0161s tekstils, kas izgatavots no dab\u012bg\u0101m bambusa \u0161\u0137iedr\u0101m. \u0160ie komplekti ir \u012bpa\u0161i izstr\u0101d\u0101ti, lai nodro\u0161in\u0101tu lietot\u0101jiem \u0113rtu gul\u0113\u0161anu. Bambusa \u0161\u0137iedra ir dabiski elpojo\u0161a un sp\u0113j aizvad\u012bt mitrumu, t\u0101d\u0113j\u0101di nov\u0113r\u0161ot sv\u012b\u0161anu un ilg\u0101k saglab\u0101jot j\u016bs t\u012bru un svaigu.<\/p>\n<p>Bambusa gultasve\u013cas komplekti parasti tiek izgatavoti, izmantojot videi draudz\u012bgus un ilgtsp\u0113j\u012bgus materi\u0101lus. Bambusa augs ir paz\u012bstams ar \u0101tru aug\u0161anu un zemu \u016bdens pat\u0113ri\u0146u, kas samazina ra\u017eo\u0161anas procesa ietekmi uz vidi. Turkl\u0101t bambusa \u0161\u0137iedras m\u012bkst\u0101 tekst\u016bra nodro\u0161ina greznu saj\u016btu un maigi pieskaras, neboj\u0101jot \u0101du.<\/p>\n<p>Bambusa gultasve\u013cas komplektiem piem\u012bt dabiskas antibakteri\u0101las un hipoaler\u0123iskas \u012bpa\u0161\u012bbas, kas uztur higi\u0113nu un nodro\u0161ina komfortu miega laik\u0101. T\u0101s ir paz\u012bstamas ar savu atsvaidzino\u0161o un atv\u0113sino\u0161o efektu karst\u0101 laik\u0101.<\/p>\n<p>T\u0101p\u0113c bambusa gultasve\u013cas komplekti ir videi draudz\u012bgi un \u0113rti izstr\u0101d\u0101jumi, kas lietot\u0101jiem nodro\u0161ina kvalitat\u012bvu miega pieredzi.<\/p>\n<p><img loading=\"lazy\" decoding=\"async\" class=\" wd-lazy-fade alignnone wp-image-21480\" src=\"https:\/\/minubaltic.ee\/wp-content\/themes\/woodmart\/images\/lazy.svg\" data-src=\"https:\/\/minubaltic.ee\/wp-content\/uploads\/2024\/03\/image-removebg-preview-70-400x264.png\" alt=\"\" width=\"156\" height=\"103\" srcset=\"\" data-srcset=\"https:\/\/minubaltic.ee\/wp-content\/uploads\/2024\/03\/image-removebg-preview-70-400x264.png 400w, https:\/\/minubaltic.ee\/wp-content\/uploads\/2024\/03\/image-removebg-preview-70-430x284.png 430w, https:\/\/minubaltic.ee\/wp-content\/uploads\/2024\/03\/image-removebg-preview-70-150x99.png 150w, https:\/\/minubaltic.ee\/wp-content\/uploads\/2024\/03\/image-removebg-preview-70.png 615w\" sizes=\"auto, (max-width: 156px) 100vw, 156px\" \/><img loading=\"lazy\" decoding=\"async\" class=\" wd-lazy-fade alignnone wp-image-17257\" src=\"https:\/\/minubaltic.ee\/wp-content\/themes\/woodmart\/images\/lazy.svg\" data-src=\"https:\/\/minubaltic.ee\/wp-content\/uploads\/2024\/02\/organic100bamboo.png\" alt=\"\" width=\"70\" height=\"99\" \/><\/p>\n","protected":false},"excerpt":{"rendered":"<p>100% ekolo\u0123iski audz\u0113ta bambusa gultas ve\u013cas komplekts ir hipoaler\u0123iska un antibakteri\u0101la.<\/p>\n<ul>\n<li>Kr\u0101sa: Armijas za\u013c\u0161<\/li>\n<li>Materi\u0101ls: 100% bambuss<\/li>\n<li>Diegu skaits audum\u0101: 300TC<\/li>\n<li>Da\u013cu skaits: 4 gab.<\/li>\n<li>Segas p\u0101rvalka: 200\u00d7220 cm<\/li>\n<li>Palaga: 220\u00d7240 cm<\/li>\n<li>Spilvendr\u0101nu: 50\u00d770 cm (2 gab.)<\/li>\n<\/ul>\n<p>Hipoaler\u0123isks un mitrumu absorb\u0113jo\u0161s<br \/>\nIde\u0101li piem\u0113rots cilv\u0113kiem ar jut\u012bgu \u0101du vai ekz\u0113mu, un tas ir \u012bpa\u0161i piem\u0113rots cilv\u0113kiem, kuri m\u0113dz sv\u012bst nakt\u012bs.<br \/>\nBambusa ve\u013cas komplekti ir iepakoti maisi\u0146\u0101, kas izgatavots no t\u0101da pa\u0161a auduma.<\/p>\n","protected":false},"featured_media":39156,"comment_status":"open","ping_status":"closed","template":"","meta":[],"product_brand":[],"product_cat":[434,624,455,618,457,767],"product_tag":[458,459,460,466],"class_list":{"0":"post-39151","1":"product","2":"type-product","3":"status-publish","4":"has-post-thumbnail","6":"product_cat-gultas-velas-komplekts-bamboo","7":"product_cat-bambusa-gultas-velas-komplekti","8":"product_cat-gultas-vela","9":"product_cat-gultas-velas-komplekti","10":"product_cat-gultas-velas-komplekti-200-220","11":"product_cat-organiska-gultas-vela","12":"product_tag-bambusa-gultas-vela","13":"product_tag-e-komercija","14":"product_tag-e-veikals","15":"product_tag-tekstils","17":"first","18":"outofstock","19":"sale","20":"shipping-taxable","21":"purchasable","22":"product-type-simple"},"yoast_head":"<!-- This site is optimized with the Yoast SEO plugin v27.3 - https:\/\/yoast.com\/product\/yoast-seo-wordpress\/ -->\n<title>Bambusa gultas ve\u013cas komplekts \u2013 Armijas za\u013c\u0161 - 100% bambuss<\/title>\n<meta name=\"description\" content=\"Bambusa gultas ve\u013cas komplekts ienes gu\u013camistab\u0101 dabas piesk\u0101rienu \u2013 m\u012bkstu, elpojo\u0161u un svaigu. T\u0101s izcilais materi\u0101ls r\u016bp\u0113jas par j\u016bsu \u0101du, ....\" \/>\n<meta name=\"robots\" content=\"index, follow, max-snippet:-1, max-image-preview:large, max-video-preview:-1\" \/>\n<link rel=\"canonical\" href=\"https:\/\/minubaltic.ee\/lv\/e-pood\/gultas-velas-komplekts-bamboo\/bambusa-gultas-velas-komplekts-armijas-zals\/\" \/>\n<meta property=\"og:locale\" content=\"lv_LV\" \/>\n<meta property=\"og:type\" content=\"article\" \/>\n<meta property=\"og:title\" content=\"Bambusa gultas ve\u013cas komplekts \u2013 Armijas za\u013c\u0161 - 100% bambuss\" \/>\n<meta property=\"og:description\" content=\"Bambusa gultas ve\u013cas komplekts ienes gu\u013camistab\u0101 dabas piesk\u0101rienu \u2013 m\u012bkstu, elpojo\u0161u un svaigu. T\u0101s izcilais materi\u0101ls r\u016bp\u0113jas par j\u016bsu \u0101du, ....\" \/>\n<meta property=\"og:url\" content=\"https:\/\/minubaltic.ee\/lv\/e-pood\/gultas-velas-komplekts-bamboo\/bambusa-gultas-velas-komplekts-armijas-zals\/\" \/>\n<meta property=\"article:publisher\" content=\"https:\/\/www.facebook.com\/minubaltic\" \/>\n<meta property=\"article:modified_time\" content=\"2024-11-29T00:37:50+00:00\" \/>\n<meta property=\"og:image\" content=\"https:\/\/minubaltic.ee\/wp-content\/uploads\/2024\/11\/Voodipesukomplekt-Bambusest-1.jpg\" \/>\n\t<meta property=\"og:image:width\" content=\"800\" \/>\n\t<meta property=\"og:image:height\" content=\"800\" \/>\n\t<meta property=\"og:image:type\" content=\"image\/jpeg\" \/>\n<meta name=\"twitter:card\" content=\"summary_large_image\" \/>\n<meta name=\"twitter:label1\" content=\"Est. reading time\" \/>\n\t<meta name=\"twitter:data1\" content=\"2 minutes\" \/>\n<script type=\"application\/ld+json\" class=\"yoast-schema-graph\">{\"@context\":\"https:\\\/\\\/schema.org\",\"@graph\":[{\"@type\":\"WebPage\",\"@id\":\"https:\\\/\\\/minubaltic.ee\\\/lv\\\/e-pood\\\/gultas-velas-komplekts-bamboo\\\/bambusa-gultas-velas-komplekts-armijas-zals\\\/\",\"url\":\"https:\\\/\\\/minubaltic.ee\\\/lv\\\/e-pood\\\/gultas-velas-komplekts-bamboo\\\/bambusa-gultas-velas-komplekts-armijas-zals\\\/\",\"name\":\"Bambusa gultas ve\u013cas komplekts \u2013 Armijas za\u013c\u0161 - 100% bambuss\",\"isPartOf\":{\"@id\":\"https:\\\/\\\/minubaltic.ee\\\/lv\\\/#website\"},\"primaryImageOfPage\":{\"@id\":\"https:\\\/\\\/minubaltic.ee\\\/lv\\\/e-pood\\\/gultas-velas-komplekts-bamboo\\\/bambusa-gultas-velas-komplekts-armijas-zals\\\/#primaryimage\"},\"image\":{\"@id\":\"https:\\\/\\\/minubaltic.ee\\\/lv\\\/e-pood\\\/gultas-velas-komplekts-bamboo\\\/bambusa-gultas-velas-komplekts-armijas-zals\\\/#primaryimage\"},\"thumbnailUrl\":\"https:\\\/\\\/minubaltic.ee\\\/wp-content\\\/uploads\\\/2024\\\/11\\\/Voodipesukomplekt-Bambusest-1.jpg\",\"datePublished\":\"2024-11-28T23:21:58+00:00\",\"dateModified\":\"2024-11-29T00:37:50+00:00\",\"description\":\"Bambusa gultas ve\u013cas komplekts ienes gu\u013camistab\u0101 dabas piesk\u0101rienu \u2013 m\u012bkstu, elpojo\u0161u un svaigu. T\u0101s izcilais materi\u0101ls r\u016bp\u0113jas par j\u016bsu \u0101du, ....\",\"breadcrumb\":{\"@id\":\"https:\\\/\\\/minubaltic.ee\\\/lv\\\/e-pood\\\/gultas-velas-komplekts-bamboo\\\/bambusa-gultas-velas-komplekts-armijas-zals\\\/#breadcrumb\"},\"inLanguage\":\"lv-LV\",\"potentialAction\":[{\"@type\":\"ReadAction\",\"target\":[\"https:\\\/\\\/minubaltic.ee\\\/lv\\\/e-pood\\\/gultas-velas-komplekts-bamboo\\\/bambusa-gultas-velas-komplekts-armijas-zals\\\/\"]}]},{\"@type\":\"ImageObject\",\"inLanguage\":\"lv-LV\",\"@id\":\"https:\\\/\\\/minubaltic.ee\\\/lv\\\/e-pood\\\/gultas-velas-komplekts-bamboo\\\/bambusa-gultas-velas-komplekts-armijas-zals\\\/#primaryimage\",\"url\":\"https:\\\/\\\/minubaltic.ee\\\/wp-content\\\/uploads\\\/2024\\\/11\\\/Voodipesukomplekt-Bambusest-1.jpg\",\"contentUrl\":\"https:\\\/\\\/minubaltic.ee\\\/wp-content\\\/uploads\\\/2024\\\/11\\\/Voodipesukomplekt-Bambusest-1.jpg\",\"width\":800,\"height\":800,\"caption\":\"Voodipesukomplekt Bambusest\"},{\"@type\":\"BreadcrumbList\",\"@id\":\"https:\\\/\\\/minubaltic.ee\\\/lv\\\/e-pood\\\/gultas-velas-komplekts-bamboo\\\/bambusa-gultas-velas-komplekts-armijas-zals\\\/#breadcrumb\",\"itemListElement\":[{\"@type\":\"ListItem\",\"position\":1,\"name\":\"S\u0101kums\",\"item\":\"https:\\\/\\\/minubaltic.ee\\\/lv\\\/\"},{\"@type\":\"ListItem\",\"position\":2,\"name\":\"E-veikals\",\"item\":\"https:\\\/\\\/minubaltic.ee\\\/lv\\\/e-veikals\\\/\"},{\"@type\":\"ListItem\",\"position\":3,\"name\":\"Bambusa gultas ve\u013cas komplekts \u2013 Armijas za\u013c\u0161\"}]},{\"@type\":\"WebSite\",\"@id\":\"https:\\\/\\\/minubaltic.ee\\\/lv\\\/#website\",\"url\":\"https:\\\/\\\/minubaltic.ee\\\/lv\\\/\",\"name\":\"minubaltic.ee\",\"description\":\"\",\"publisher\":{\"@id\":\"https:\\\/\\\/minubaltic.ee\\\/lv\\\/#organization\"},\"potentialAction\":[{\"@type\":\"SearchAction\",\"target\":{\"@type\":\"EntryPoint\",\"urlTemplate\":\"https:\\\/\\\/minubaltic.ee\\\/lv\\\/?s={search_term_string}\"},\"query-input\":{\"@type\":\"PropertyValueSpecification\",\"valueRequired\":true,\"valueName\":\"search_term_string\"}}],\"inLanguage\":\"lv-LV\"},{\"@type\":\"Organization\",\"@id\":\"https:\\\/\\\/minubaltic.ee\\\/lv\\\/#organization\",\"name\":\"Minu Baltic O\u00dc\",\"url\":\"https:\\\/\\\/minubaltic.ee\\\/lv\\\/\",\"logo\":{\"@type\":\"ImageObject\",\"inLanguage\":\"lv-LV\",\"@id\":\"https:\\\/\\\/minubaltic.ee\\\/lv\\\/#\\\/schema\\\/logo\\\/image\\\/\",\"url\":\"https:\\\/\\\/minubaltic.ee\\\/wp-content\\\/uploads\\\/2023\\\/10\\\/cropped-cropped-cropped-logo.png\",\"contentUrl\":\"https:\\\/\\\/minubaltic.ee\\\/wp-content\\\/uploads\\\/2023\\\/10\\\/cropped-cropped-cropped-logo.png\",\"width\":500,\"height\":237,\"caption\":\"Minu Baltic O\u00dc\"},\"image\":{\"@id\":\"https:\\\/\\\/minubaltic.ee\\\/lv\\\/#\\\/schema\\\/logo\\\/image\\\/\"},\"sameAs\":[\"https:\\\/\\\/www.facebook.com\\\/minubaltic\"]}]}<\/script>\n<!-- \/ Yoast SEO plugin. -->","yoast_head_json":{"title":"Bambusa gultas ve\u013cas komplekts \u2013 Armijas za\u013c\u0161 - 100% bambuss","description":"Bambusa gultas ve\u013cas komplekts ienes gu\u013camistab\u0101 dabas piesk\u0101rienu \u2013 m\u012bkstu, elpojo\u0161u un svaigu. T\u0101s izcilais materi\u0101ls r\u016bp\u0113jas par j\u016bsu \u0101du, ....","robots":{"index":"index","follow":"follow","max-snippet":"max-snippet:-1","max-image-preview":"max-image-preview:large","max-video-preview":"max-video-preview:-1"},"canonical":"https:\/\/minubaltic.ee\/lv\/e-pood\/gultas-velas-komplekts-bamboo\/bambusa-gultas-velas-komplekts-armijas-zals\/","og_locale":"lv_LV","og_type":"article","og_title":"Bambusa gultas ve\u013cas komplekts \u2013 Armijas za\u013c\u0161 - 100% bambuss","og_description":"Bambusa gultas ve\u013cas komplekts ienes gu\u013camistab\u0101 dabas piesk\u0101rienu \u2013 m\u012bkstu, elpojo\u0161u un svaigu. T\u0101s izcilais materi\u0101ls r\u016bp\u0113jas par j\u016bsu \u0101du, ....","og_url":"https:\/\/minubaltic.ee\/lv\/e-pood\/gultas-velas-komplekts-bamboo\/bambusa-gultas-velas-komplekts-armijas-zals\/","article_publisher":"https:\/\/www.facebook.com\/minubaltic","article_modified_time":"2024-11-29T00:37:50+00:00","og_image":[{"width":800,"height":800,"url":"https:\/\/minubaltic.ee\/wp-content\/uploads\/2024\/11\/Voodipesukomplekt-Bambusest-1.jpg","type":"image\/jpeg"}],"twitter_card":"summary_large_image","twitter_misc":{"Est. reading time":"2 minutes"},"schema":{"@context":"https:\/\/schema.org","@graph":[{"@type":"WebPage","@id":"https:\/\/minubaltic.ee\/lv\/e-pood\/gultas-velas-komplekts-bamboo\/bambusa-gultas-velas-komplekts-armijas-zals\/","url":"https:\/\/minubaltic.ee\/lv\/e-pood\/gultas-velas-komplekts-bamboo\/bambusa-gultas-velas-komplekts-armijas-zals\/","name":"Bambusa gultas ve\u013cas komplekts \u2013 Armijas za\u013c\u0161 - 100% bambuss","isPartOf":{"@id":"https:\/\/minubaltic.ee\/lv\/#website"},"primaryImageOfPage":{"@id":"https:\/\/minubaltic.ee\/lv\/e-pood\/gultas-velas-komplekts-bamboo\/bambusa-gultas-velas-komplekts-armijas-zals\/#primaryimage"},"image":{"@id":"https:\/\/minubaltic.ee\/lv\/e-pood\/gultas-velas-komplekts-bamboo\/bambusa-gultas-velas-komplekts-armijas-zals\/#primaryimage"},"thumbnailUrl":"https:\/\/minubaltic.ee\/wp-content\/uploads\/2024\/11\/Voodipesukomplekt-Bambusest-1.jpg","datePublished":"2024-11-28T23:21:58+00:00","dateModified":"2024-11-29T00:37:50+00:00","description":"Bambusa gultas ve\u013cas komplekts ienes gu\u013camistab\u0101 dabas piesk\u0101rienu \u2013 m\u012bkstu, elpojo\u0161u un svaigu. T\u0101s izcilais materi\u0101ls r\u016bp\u0113jas par j\u016bsu \u0101du, ....","breadcrumb":{"@id":"https:\/\/minubaltic.ee\/lv\/e-pood\/gultas-velas-komplekts-bamboo\/bambusa-gultas-velas-komplekts-armijas-zals\/#breadcrumb"},"inLanguage":"lv-LV","potentialAction":[{"@type":"ReadAction","target":["https:\/\/minubaltic.ee\/lv\/e-pood\/gultas-velas-komplekts-bamboo\/bambusa-gultas-velas-komplekts-armijas-zals\/"]}]},{"@type":"ImageObject","inLanguage":"lv-LV","@id":"https:\/\/minubaltic.ee\/lv\/e-pood\/gultas-velas-komplekts-bamboo\/bambusa-gultas-velas-komplekts-armijas-zals\/#primaryimage","url":"https:\/\/minubaltic.ee\/wp-content\/uploads\/2024\/11\/Voodipesukomplekt-Bambusest-1.jpg","contentUrl":"https:\/\/minubaltic.ee\/wp-content\/uploads\/2024\/11\/Voodipesukomplekt-Bambusest-1.jpg","width":800,"height":800,"caption":"Voodipesukomplekt Bambusest"},{"@type":"BreadcrumbList","@id":"https:\/\/minubaltic.ee\/lv\/e-pood\/gultas-velas-komplekts-bamboo\/bambusa-gultas-velas-komplekts-armijas-zals\/#breadcrumb","itemListElement":[{"@type":"ListItem","position":1,"name":"S\u0101kums","item":"https:\/\/minubaltic.ee\/lv\/"},{"@type":"ListItem","position":2,"name":"E-veikals","item":"https:\/\/minubaltic.ee\/lv\/e-veikals\/"},{"@type":"ListItem","position":3,"name":"Bambusa gultas ve\u013cas komplekts \u2013 Armijas za\u013c\u0161"}]},{"@type":"WebSite","@id":"https:\/\/minubaltic.ee\/lv\/#website","url":"https:\/\/minubaltic.ee\/lv\/","name":"minubaltic.ee","description":"","publisher":{"@id":"https:\/\/minubaltic.ee\/lv\/#organization"},"potentialAction":[{"@type":"SearchAction","target":{"@type":"EntryPoint","urlTemplate":"https:\/\/minubaltic.ee\/lv\/?s={search_term_string}"},"query-input":{"@type":"PropertyValueSpecification","valueRequired":true,"valueName":"search_term_string"}}],"inLanguage":"lv-LV"},{"@type":"Organization","@id":"https:\/\/minubaltic.ee\/lv\/#organization","name":"Minu Baltic O\u00dc","url":"https:\/\/minubaltic.ee\/lv\/","logo":{"@type":"ImageObject","inLanguage":"lv-LV","@id":"https:\/\/minubaltic.ee\/lv\/#\/schema\/logo\/image\/","url":"https:\/\/minubaltic.ee\/wp-content\/uploads\/2023\/10\/cropped-cropped-cropped-logo.png","contentUrl":"https:\/\/minubaltic.ee\/wp-content\/uploads\/2023\/10\/cropped-cropped-cropped-logo.png","width":500,"height":237,"caption":"Minu Baltic O\u00dc"},"image":{"@id":"https:\/\/minubaltic.ee\/lv\/#\/schema\/logo\/image\/"},"sameAs":["https:\/\/www.facebook.com\/minubaltic"]}]}},"_links":{"self":[{"href":"https:\/\/minubaltic.ee\/lv\/wp-json\/wp\/v2\/product\/39151","targetHints":{"allow":["GET"]}}],"collection":[{"href":"https:\/\/minubaltic.ee\/lv\/wp-json\/wp\/v2\/product"}],"about":[{"href":"https:\/\/minubaltic.ee\/lv\/wp-json\/wp\/v2\/types\/product"}],"replies":[{"embeddable":true,"href":"https:\/\/minubaltic.ee\/lv\/wp-json\/wp\/v2\/comments?post=39151"}],"version-history":[{"count":2,"href":"https:\/\/minubaltic.ee\/lv\/wp-json\/wp\/v2\/product\/39151\/revisions"}],"predecessor-version":[{"id":39344,"href":"https:\/\/minubaltic.ee\/lv\/wp-json\/wp\/v2\/product\/39151\/revisions\/39344"}],"wp:featuredmedia":[{"embeddable":true,"href":"https:\/\/minubaltic.ee\/lv\/wp-json\/wp\/v2\/media\/39156"}],"wp:attachment":[{"href":"https:\/\/minubaltic.ee\/lv\/wp-json\/wp\/v2\/media?parent=39151"}],"wp:term":[{"taxonomy":"product_brand","embeddable":true,"href":"https:\/\/minubaltic.ee\/lv\/wp-json\/wp\/v2\/product_brand?post=39151"},{"taxonomy":"product_cat","embeddable":true,"href":"https:\/\/minubaltic.ee\/lv\/wp-json\/wp\/v2\/product_cat?post=39151"},{"taxonomy":"product_tag","embeddable":true,"href":"https:\/\/minubaltic.ee\/lv\/wp-json\/wp\/v2\/product_tag?post=39151"}],"curies":[{"name":"wp","href":"https:\/\/api.w.org\/{rel}","templated":true}]}}