{"id":38600,"date":"2024-11-23T01:17:32","date_gmt":"2024-11-22T22:17:32","guid":{"rendered":"https:\/\/minubaltic.ee\/?post_type=product&#038;p=38600"},"modified":"2024-11-23T01:44:49","modified_gmt":"2024-11-22T22:44:49","slug":"bernu-sega-110x140-gaisi-dzeltens","status":"publish","type":"product","link":"https:\/\/minubaltic.ee\/lv\/e-pood\/bernu-segas\/bernu-sega-110x140-gaisi-dzeltens\/","title":{"rendered":"B\u0113rnu sega 110&#215;140 &#8211; Gai\u0161i dzeltens"},"content":{"rendered":"<p><strong>Auduma sast\u0101vs:<\/strong> poliestera \u0161\u0137iedra (poliesteris)<br \/>\n<strong>Da\u013cu skaits:<\/strong> 1 gab<br \/>\n<strong>Izm\u0113ri:<\/strong> 110\u00d7140 cm<br \/>\n<strong>Specifik\u0101cija:<\/strong> \u00b13 cm<br \/>\n<strong>S\u012bk\u0101ka inform\u0101cija:<\/strong> Super m\u012bksts, \u0113rts, biezs, silts, elpojo\u0161s<br \/>\nProduktu att\u0113li ir ilustrat\u012bvi<\/p>\n","protected":false},"excerpt":{"rendered":"<p>M\u012bkst\u0101 b\u0113rnu sega pied\u0101v\u0101 lielisku komfortu snaud\u0101m un rota\u013c\u0101m. Viegli kopjama sega ir ide\u0101li piem\u0113rota ikdienas lieto\u0161anai. T\u0101 ir praktiska izv\u0113le, kas katrai dienai pie\u0161\u0137ir siltumu un m\u0101j\u012bgumu. M\u012bkst\u0101 b\u0113rnu sega apvieno stilu, iztur\u012bbu un komfortu.<\/p>\n","protected":false},"featured_media":38606,"comment_status":"open","ping_status":"closed","template":"","meta":[],"product_brand":[],"product_cat":[853,439],"product_tag":[462,460],"class_list":{"0":"post-38600","1":"product","2":"type-product","3":"status-publish","4":"has-post-thumbnail","6":"product_cat-bernu-pasaule","7":"product_cat-bernu-segas","8":"product_tag-bernu-segas","9":"product_tag-e-veikals","11":"first","12":"instock","13":"shipping-taxable","14":"purchasable","15":"product-type-simple"},"yoast_head":"<!-- This site is optimized with the Yoast SEO plugin v27.3 - https:\/\/yoast.com\/product\/yoast-seo-wordpress\/ -->\n<title>B\u0113rnu sega 110x140 - Gai\u0161i dzeltens - Minu Baltic<\/title>\n<meta name=\"description\" content=\"Gai\u0161i dzeltens M\u012bkst\u0101 b\u0113rnu sega vienm\u0113r nodro\u0161ina siltu un \u0113rtu miegu. B\u0113rniem draudz\u012bgais dizains un viegl\u0101 kop\u0161ana padara to par lielisku ikdienas ...\" \/>\n<meta name=\"robots\" content=\"index, follow, max-snippet:-1, max-image-preview:large, max-video-preview:-1\" \/>\n<link rel=\"canonical\" href=\"https:\/\/minubaltic.ee\/lv\/e-pood\/bernu-segas\/bernu-sega-110x140-gaisi-dzeltens\/\" \/>\n<meta property=\"og:locale\" content=\"lv_LV\" \/>\n<meta property=\"og:type\" content=\"article\" \/>\n<meta property=\"og:title\" content=\"B\u0113rnu sega 110x140 - Gai\u0161i dzeltens - Minu Baltic\" \/>\n<meta property=\"og:description\" content=\"Gai\u0161i dzeltens M\u012bkst\u0101 b\u0113rnu sega vienm\u0113r nodro\u0161ina siltu un \u0113rtu miegu. B\u0113rniem draudz\u012bgais dizains un viegl\u0101 kop\u0161ana padara to par lielisku ikdienas ...\" \/>\n<meta property=\"og:url\" content=\"https:\/\/minubaltic.ee\/lv\/e-pood\/bernu-segas\/bernu-sega-110x140-gaisi-dzeltens\/\" \/>\n<meta property=\"article:publisher\" content=\"https:\/\/www.facebook.com\/minubaltic\" \/>\n<meta property=\"article:modified_time\" content=\"2024-11-22T22:44:49+00:00\" \/>\n<meta property=\"og:image\" content=\"https:\/\/minubaltic.ee\/wp-content\/uploads\/2024\/11\/Laste-tekk-110x140-12.jpg\" \/>\n\t<meta property=\"og:image:width\" content=\"800\" \/>\n\t<meta property=\"og:image:height\" content=\"800\" \/>\n\t<meta property=\"og:image:type\" content=\"image\/jpeg\" \/>\n<meta name=\"twitter:card\" content=\"summary_large_image\" \/>\n<meta name=\"twitter:label1\" content=\"Est. reading time\" \/>\n\t<meta name=\"twitter:data1\" content=\"1 minute\" \/>\n<script type=\"application\/ld+json\" class=\"yoast-schema-graph\">{\"@context\":\"https:\\\/\\\/schema.org\",\"@graph\":[{\"@type\":\"WebPage\",\"@id\":\"https:\\\/\\\/minubaltic.ee\\\/lv\\\/e-pood\\\/bernu-segas\\\/bernu-sega-110x140-gaisi-dzeltens\\\/\",\"url\":\"https:\\\/\\\/minubaltic.ee\\\/lv\\\/e-pood\\\/bernu-segas\\\/bernu-sega-110x140-gaisi-dzeltens\\\/\",\"name\":\"B\u0113rnu sega 110x140 - Gai\u0161i dzeltens - Minu Baltic\",\"isPartOf\":{\"@id\":\"https:\\\/\\\/minubaltic.ee\\\/lv\\\/#website\"},\"primaryImageOfPage\":{\"@id\":\"https:\\\/\\\/minubaltic.ee\\\/lv\\\/e-pood\\\/bernu-segas\\\/bernu-sega-110x140-gaisi-dzeltens\\\/#primaryimage\"},\"image\":{\"@id\":\"https:\\\/\\\/minubaltic.ee\\\/lv\\\/e-pood\\\/bernu-segas\\\/bernu-sega-110x140-gaisi-dzeltens\\\/#primaryimage\"},\"thumbnailUrl\":\"https:\\\/\\\/minubaltic.ee\\\/wp-content\\\/uploads\\\/2024\\\/11\\\/Laste-tekk-110x140-12.jpg\",\"datePublished\":\"2024-11-22T22:17:32+00:00\",\"dateModified\":\"2024-11-22T22:44:49+00:00\",\"description\":\"Gai\u0161i dzeltens M\u012bkst\u0101 b\u0113rnu sega vienm\u0113r nodro\u0161ina siltu un \u0113rtu miegu. B\u0113rniem draudz\u012bgais dizains un viegl\u0101 kop\u0161ana padara to par lielisku ikdienas ...\",\"breadcrumb\":{\"@id\":\"https:\\\/\\\/minubaltic.ee\\\/lv\\\/e-pood\\\/bernu-segas\\\/bernu-sega-110x140-gaisi-dzeltens\\\/#breadcrumb\"},\"inLanguage\":\"lv-LV\",\"potentialAction\":[{\"@type\":\"ReadAction\",\"target\":[\"https:\\\/\\\/minubaltic.ee\\\/lv\\\/e-pood\\\/bernu-segas\\\/bernu-sega-110x140-gaisi-dzeltens\\\/\"]}]},{\"@type\":\"ImageObject\",\"inLanguage\":\"lv-LV\",\"@id\":\"https:\\\/\\\/minubaltic.ee\\\/lv\\\/e-pood\\\/bernu-segas\\\/bernu-sega-110x140-gaisi-dzeltens\\\/#primaryimage\",\"url\":\"https:\\\/\\\/minubaltic.ee\\\/wp-content\\\/uploads\\\/2024\\\/11\\\/Laste-tekk-110x140-12.jpg\",\"contentUrl\":\"https:\\\/\\\/minubaltic.ee\\\/wp-content\\\/uploads\\\/2024\\\/11\\\/Laste-tekk-110x140-12.jpg\",\"width\":800,\"height\":800,\"caption\":\"Laste tekk 110\u00d7140\"},{\"@type\":\"BreadcrumbList\",\"@id\":\"https:\\\/\\\/minubaltic.ee\\\/lv\\\/e-pood\\\/bernu-segas\\\/bernu-sega-110x140-gaisi-dzeltens\\\/#breadcrumb\",\"itemListElement\":[{\"@type\":\"ListItem\",\"position\":1,\"name\":\"S\u0101kums\",\"item\":\"https:\\\/\\\/minubaltic.ee\\\/lv\\\/\"},{\"@type\":\"ListItem\",\"position\":2,\"name\":\"E-veikals\",\"item\":\"https:\\\/\\\/minubaltic.ee\\\/lv\\\/e-veikals\\\/\"},{\"@type\":\"ListItem\",\"position\":3,\"name\":\"B\u0113rnu sega 110&#215;140 &#8211; Gai\u0161i dzeltens\"}]},{\"@type\":\"WebSite\",\"@id\":\"https:\\\/\\\/minubaltic.ee\\\/lv\\\/#website\",\"url\":\"https:\\\/\\\/minubaltic.ee\\\/lv\\\/\",\"name\":\"minubaltic.ee\",\"description\":\"\",\"publisher\":{\"@id\":\"https:\\\/\\\/minubaltic.ee\\\/lv\\\/#organization\"},\"potentialAction\":[{\"@type\":\"SearchAction\",\"target\":{\"@type\":\"EntryPoint\",\"urlTemplate\":\"https:\\\/\\\/minubaltic.ee\\\/lv\\\/?s={search_term_string}\"},\"query-input\":{\"@type\":\"PropertyValueSpecification\",\"valueRequired\":true,\"valueName\":\"search_term_string\"}}],\"inLanguage\":\"lv-LV\"},{\"@type\":\"Organization\",\"@id\":\"https:\\\/\\\/minubaltic.ee\\\/lv\\\/#organization\",\"name\":\"Minu Baltic O\u00dc\",\"url\":\"https:\\\/\\\/minubaltic.ee\\\/lv\\\/\",\"logo\":{\"@type\":\"ImageObject\",\"inLanguage\":\"lv-LV\",\"@id\":\"https:\\\/\\\/minubaltic.ee\\\/lv\\\/#\\\/schema\\\/logo\\\/image\\\/\",\"url\":\"https:\\\/\\\/minubaltic.ee\\\/wp-content\\\/uploads\\\/2023\\\/10\\\/cropped-cropped-cropped-logo.png\",\"contentUrl\":\"https:\\\/\\\/minubaltic.ee\\\/wp-content\\\/uploads\\\/2023\\\/10\\\/cropped-cropped-cropped-logo.png\",\"width\":500,\"height\":237,\"caption\":\"Minu Baltic O\u00dc\"},\"image\":{\"@id\":\"https:\\\/\\\/minubaltic.ee\\\/lv\\\/#\\\/schema\\\/logo\\\/image\\\/\"},\"sameAs\":[\"https:\\\/\\\/www.facebook.com\\\/minubaltic\"]}]}<\/script>\n<!-- \/ Yoast SEO plugin. -->","yoast_head_json":{"title":"B\u0113rnu sega 110x140 - Gai\u0161i dzeltens - Minu Baltic","description":"Gai\u0161i dzeltens M\u012bkst\u0101 b\u0113rnu sega vienm\u0113r nodro\u0161ina siltu un \u0113rtu miegu. B\u0113rniem draudz\u012bgais dizains un viegl\u0101 kop\u0161ana padara to par lielisku ikdienas ...","robots":{"index":"index","follow":"follow","max-snippet":"max-snippet:-1","max-image-preview":"max-image-preview:large","max-video-preview":"max-video-preview:-1"},"canonical":"https:\/\/minubaltic.ee\/lv\/e-pood\/bernu-segas\/bernu-sega-110x140-gaisi-dzeltens\/","og_locale":"lv_LV","og_type":"article","og_title":"B\u0113rnu sega 110x140 - Gai\u0161i dzeltens - Minu Baltic","og_description":"Gai\u0161i dzeltens M\u012bkst\u0101 b\u0113rnu sega vienm\u0113r nodro\u0161ina siltu un \u0113rtu miegu. B\u0113rniem draudz\u012bgais dizains un viegl\u0101 kop\u0161ana padara to par lielisku ikdienas ...","og_url":"https:\/\/minubaltic.ee\/lv\/e-pood\/bernu-segas\/bernu-sega-110x140-gaisi-dzeltens\/","article_publisher":"https:\/\/www.facebook.com\/minubaltic","article_modified_time":"2024-11-22T22:44:49+00:00","og_image":[{"width":800,"height":800,"url":"https:\/\/minubaltic.ee\/wp-content\/uploads\/2024\/11\/Laste-tekk-110x140-12.jpg","type":"image\/jpeg"}],"twitter_card":"summary_large_image","twitter_misc":{"Est. reading time":"1 minute"},"schema":{"@context":"https:\/\/schema.org","@graph":[{"@type":"WebPage","@id":"https:\/\/minubaltic.ee\/lv\/e-pood\/bernu-segas\/bernu-sega-110x140-gaisi-dzeltens\/","url":"https:\/\/minubaltic.ee\/lv\/e-pood\/bernu-segas\/bernu-sega-110x140-gaisi-dzeltens\/","name":"B\u0113rnu sega 110x140 - Gai\u0161i dzeltens - Minu Baltic","isPartOf":{"@id":"https:\/\/minubaltic.ee\/lv\/#website"},"primaryImageOfPage":{"@id":"https:\/\/minubaltic.ee\/lv\/e-pood\/bernu-segas\/bernu-sega-110x140-gaisi-dzeltens\/#primaryimage"},"image":{"@id":"https:\/\/minubaltic.ee\/lv\/e-pood\/bernu-segas\/bernu-sega-110x140-gaisi-dzeltens\/#primaryimage"},"thumbnailUrl":"https:\/\/minubaltic.ee\/wp-content\/uploads\/2024\/11\/Laste-tekk-110x140-12.jpg","datePublished":"2024-11-22T22:17:32+00:00","dateModified":"2024-11-22T22:44:49+00:00","description":"Gai\u0161i dzeltens M\u012bkst\u0101 b\u0113rnu sega vienm\u0113r nodro\u0161ina siltu un \u0113rtu miegu. B\u0113rniem draudz\u012bgais dizains un viegl\u0101 kop\u0161ana padara to par lielisku ikdienas ...","breadcrumb":{"@id":"https:\/\/minubaltic.ee\/lv\/e-pood\/bernu-segas\/bernu-sega-110x140-gaisi-dzeltens\/#breadcrumb"},"inLanguage":"lv-LV","potentialAction":[{"@type":"ReadAction","target":["https:\/\/minubaltic.ee\/lv\/e-pood\/bernu-segas\/bernu-sega-110x140-gaisi-dzeltens\/"]}]},{"@type":"ImageObject","inLanguage":"lv-LV","@id":"https:\/\/minubaltic.ee\/lv\/e-pood\/bernu-segas\/bernu-sega-110x140-gaisi-dzeltens\/#primaryimage","url":"https:\/\/minubaltic.ee\/wp-content\/uploads\/2024\/11\/Laste-tekk-110x140-12.jpg","contentUrl":"https:\/\/minubaltic.ee\/wp-content\/uploads\/2024\/11\/Laste-tekk-110x140-12.jpg","width":800,"height":800,"caption":"Laste tekk 110\u00d7140"},{"@type":"BreadcrumbList","@id":"https:\/\/minubaltic.ee\/lv\/e-pood\/bernu-segas\/bernu-sega-110x140-gaisi-dzeltens\/#breadcrumb","itemListElement":[{"@type":"ListItem","position":1,"name":"S\u0101kums","item":"https:\/\/minubaltic.ee\/lv\/"},{"@type":"ListItem","position":2,"name":"E-veikals","item":"https:\/\/minubaltic.ee\/lv\/e-veikals\/"},{"@type":"ListItem","position":3,"name":"B\u0113rnu sega 110&#215;140 &#8211; Gai\u0161i dzeltens"}]},{"@type":"WebSite","@id":"https:\/\/minubaltic.ee\/lv\/#website","url":"https:\/\/minubaltic.ee\/lv\/","name":"minubaltic.ee","description":"","publisher":{"@id":"https:\/\/minubaltic.ee\/lv\/#organization"},"potentialAction":[{"@type":"SearchAction","target":{"@type":"EntryPoint","urlTemplate":"https:\/\/minubaltic.ee\/lv\/?s={search_term_string}"},"query-input":{"@type":"PropertyValueSpecification","valueRequired":true,"valueName":"search_term_string"}}],"inLanguage":"lv-LV"},{"@type":"Organization","@id":"https:\/\/minubaltic.ee\/lv\/#organization","name":"Minu Baltic O\u00dc","url":"https:\/\/minubaltic.ee\/lv\/","logo":{"@type":"ImageObject","inLanguage":"lv-LV","@id":"https:\/\/minubaltic.ee\/lv\/#\/schema\/logo\/image\/","url":"https:\/\/minubaltic.ee\/wp-content\/uploads\/2023\/10\/cropped-cropped-cropped-logo.png","contentUrl":"https:\/\/minubaltic.ee\/wp-content\/uploads\/2023\/10\/cropped-cropped-cropped-logo.png","width":500,"height":237,"caption":"Minu Baltic O\u00dc"},"image":{"@id":"https:\/\/minubaltic.ee\/lv\/#\/schema\/logo\/image\/"},"sameAs":["https:\/\/www.facebook.com\/minubaltic"]}]}},"_links":{"self":[{"href":"https:\/\/minubaltic.ee\/lv\/wp-json\/wp\/v2\/product\/38600","targetHints":{"allow":["GET"]}}],"collection":[{"href":"https:\/\/minubaltic.ee\/lv\/wp-json\/wp\/v2\/product"}],"about":[{"href":"https:\/\/minubaltic.ee\/lv\/wp-json\/wp\/v2\/types\/product"}],"replies":[{"embeddable":true,"href":"https:\/\/minubaltic.ee\/lv\/wp-json\/wp\/v2\/comments?post=38600"}],"version-history":[{"count":2,"href":"https:\/\/minubaltic.ee\/lv\/wp-json\/wp\/v2\/product\/38600\/revisions"}],"predecessor-version":[{"id":38702,"href":"https:\/\/minubaltic.ee\/lv\/wp-json\/wp\/v2\/product\/38600\/revisions\/38702"}],"wp:featuredmedia":[{"embeddable":true,"href":"https:\/\/minubaltic.ee\/lv\/wp-json\/wp\/v2\/media\/38606"}],"wp:attachment":[{"href":"https:\/\/minubaltic.ee\/lv\/wp-json\/wp\/v2\/media?parent=38600"}],"wp:term":[{"taxonomy":"product_brand","embeddable":true,"href":"https:\/\/minubaltic.ee\/lv\/wp-json\/wp\/v2\/product_brand?post=38600"},{"taxonomy":"product_cat","embeddable":true,"href":"https:\/\/minubaltic.ee\/lv\/wp-json\/wp\/v2\/product_cat?post=38600"},{"taxonomy":"product_tag","embeddable":true,"href":"https:\/\/minubaltic.ee\/lv\/wp-json\/wp\/v2\/product_tag?post=38600"}],"curies":[{"name":"wp","href":"https:\/\/api.w.org\/{rel}","templated":true}]}}