{"id":38437,"date":"2024-11-08T00:33:50","date_gmt":"2024-11-07T21:33:50","guid":{"rendered":"https:\/\/minubaltic.ee\/?post_type=product&#038;p=38437"},"modified":"2024-11-08T00:54:41","modified_gmt":"2024-11-07T21:54:41","slug":"vannas-dvielis-70x140-tumsi-peleks","status":"publish","type":"product","link":"https:\/\/minubaltic.ee\/lv\/e-pood\/dvieli\/vannas-dvielis-70x140-tumsi-peleks\/","title":{"rendered":"Vannas dvielis 70&#215;140 (Tum\u0161i pel\u0113ks)"},"content":{"rendered":"<p>Kokvilnas vannas dvielis ar izm\u0113riem 70&#215;140 cm ir paredz\u0113ts, lai nodro\u0161in\u0101tu komfortu ikdienas vannas istabas ritu\u0101los. Izgatavots no 100% dab\u012bgas un augstas kvalit\u0101tes kokvilnas, tas ir m\u012bksts un maigs pret \u0101du, ide\u0101li piem\u0113rots gan jut\u012bgai, gan norm\u0101lai \u0101dai. Dvie\u013ca izcil\u0101 uzs\u016bk\u0161anas sp\u0113ja nodro\u0161ina \u0101tru un efekt\u012bvu iz\u017e\u016b\u0161anu, atst\u0101jot \u0101du pat\u012bkami svaigu un sausu p\u0113c katras mazg\u0101\u0161anas.<\/p>\n<p>Augsti elpojo\u0161ais materi\u0101ls \u013cauj mitrumam \u0101tri iztvaikot no dvie\u013ca, t\u0101d\u0113j\u0101di saglab\u0101jot to higi\u0113nisku un svaigu. Klasiskais un vienk\u0101r\u0161ais dvie\u013ca dizains pie\u0161\u0137ir vannas istabai stabilu izskatu, viegli iek\u013caujoties da\u017e\u0101dos interjera dizaina stilos.<\/p>\n<p>Ide\u0101la izm\u0113ra vannas dvielis ir pietiekami liels, lai nodro\u0161in\u0101tu piln\u012bgu p\u0101rkl\u0101jumu un maigumu, \u017e\u0101v\u0113jot \u0137ermeni, tom\u0113r to ir viegli saloc\u012bt, uzglab\u0101t un ce\u013cot. Augstas kvalit\u0101tes kokvilna saglab\u0101 savu maigumu un dz\u012bv\u012bgumu pat p\u0113c atk\u0101rtotas mazg\u0101\u0161anas, padarot to par ilgtermi\u0146a ieguld\u012bjumu komfort\u0101 un eleganc\u0113. T\u0101 ir ide\u0101la izv\u0113le tiem, kas nov\u0113rt\u0113 apvienotu kvalit\u0101ti un m\u016b\u017e\u012bgu stilu.<\/p>\n","protected":false},"excerpt":{"rendered":"<ul>\n<li><span class=\"product-attribute__label\">Auduma sast\u0101vs:<\/span><span class=\"product-attribute__value\" data-attribute-code=\"fabric_composition\"> 100% kokvilna<\/span><\/li>\n<li>Da\u013cu skaits: 1 gab<\/li>\n<li>Izm\u0113ri: 70&#215;140 cm \u00b13<\/li>\n<li>Svars: 450 g\/m2<\/li>\n<\/ul>\n","protected":false},"featured_media":38442,"comment_status":"open","ping_status":"closed","template":"","meta":[],"product_brand":[],"product_cat":[443,448,732],"product_tag":[463,460,461,466],"class_list":{"0":"post-38437","1":"product","2":"type-product","3":"status-publish","4":"has-post-thumbnail","6":"product_cat-dvieli","7":"product_cat-vannas-dvieli","8":"product_cat-vannas-dvieli-70-140","9":"product_tag-dvieli","10":"product_tag-e-veikals","11":"product_tag-majas-tekstils","12":"product_tag-tekstils","14":"first","15":"instock","16":"shipping-taxable","17":"purchasable","18":"product-type-simple"},"yoast_head":"<!-- This site is optimized with the Yoast SEO plugin v27.3 - https:\/\/yoast.com\/product\/yoast-seo-wordpress\/ -->\n<title>Vannas dvielis 70x140 (Tum\u0161i pel\u0113ks) - Kokvilnas dvie\u013ci - Minu Baltic<\/title>\n<meta name=\"description\" content=\"M\u012bkst\u0101 tekst\u016bra un 70x140 cm vannas dvie\u013ca izm\u0113rs pied\u0101v\u0101 komfortu un eleganci j\u016bsu vannas istab\u0101. Ar 100% kokvilnas strukt\u016bru tas nodro\u0161ina j\u016bsu \u0101dai....\" \/>\n<meta name=\"robots\" content=\"index, follow, max-snippet:-1, max-image-preview:large, max-video-preview:-1\" \/>\n<link rel=\"canonical\" href=\"https:\/\/minubaltic.ee\/lv\/e-pood\/dvieli\/vannas-dvielis-70x140-tumsi-peleks\/\" \/>\n<meta property=\"og:locale\" content=\"lv_LV\" \/>\n<meta property=\"og:type\" content=\"article\" \/>\n<meta property=\"og:title\" content=\"Vannas dvielis 70x140 (Tum\u0161i pel\u0113ks) - Kokvilnas dvie\u013ci - Minu Baltic\" \/>\n<meta property=\"og:description\" content=\"M\u012bkst\u0101 tekst\u016bra un 70x140 cm vannas dvie\u013ca izm\u0113rs pied\u0101v\u0101 komfortu un eleganci j\u016bsu vannas istab\u0101. Ar 100% kokvilnas strukt\u016bru tas nodro\u0161ina j\u016bsu \u0101dai....\" \/>\n<meta property=\"og:url\" content=\"https:\/\/minubaltic.ee\/lv\/e-pood\/dvieli\/vannas-dvielis-70x140-tumsi-peleks\/\" \/>\n<meta property=\"article:publisher\" content=\"https:\/\/www.facebook.com\/minubaltic\" \/>\n<meta property=\"article:modified_time\" content=\"2024-11-07T21:54:41+00:00\" \/>\n<meta property=\"og:image\" content=\"https:\/\/minubaltic.ee\/wp-content\/uploads\/2024\/11\/Vanniratik-70x140-5.jpg\" \/>\n\t<meta property=\"og:image:width\" content=\"800\" \/>\n\t<meta property=\"og:image:height\" content=\"800\" \/>\n\t<meta property=\"og:image:type\" content=\"image\/jpeg\" \/>\n<meta name=\"twitter:card\" content=\"summary_large_image\" \/>\n<meta name=\"twitter:label1\" content=\"Est. reading time\" \/>\n\t<meta name=\"twitter:data1\" content=\"1 minute\" \/>\n<script type=\"application\/ld+json\" class=\"yoast-schema-graph\">{\"@context\":\"https:\\\/\\\/schema.org\",\"@graph\":[{\"@type\":\"WebPage\",\"@id\":\"https:\\\/\\\/minubaltic.ee\\\/lv\\\/e-pood\\\/dvieli\\\/vannas-dvielis-70x140-tumsi-peleks\\\/\",\"url\":\"https:\\\/\\\/minubaltic.ee\\\/lv\\\/e-pood\\\/dvieli\\\/vannas-dvielis-70x140-tumsi-peleks\\\/\",\"name\":\"Vannas dvielis 70x140 (Tum\u0161i pel\u0113ks) - Kokvilnas dvie\u013ci - Minu Baltic\",\"isPartOf\":{\"@id\":\"https:\\\/\\\/minubaltic.ee\\\/lv\\\/#website\"},\"primaryImageOfPage\":{\"@id\":\"https:\\\/\\\/minubaltic.ee\\\/lv\\\/e-pood\\\/dvieli\\\/vannas-dvielis-70x140-tumsi-peleks\\\/#primaryimage\"},\"image\":{\"@id\":\"https:\\\/\\\/minubaltic.ee\\\/lv\\\/e-pood\\\/dvieli\\\/vannas-dvielis-70x140-tumsi-peleks\\\/#primaryimage\"},\"thumbnailUrl\":\"https:\\\/\\\/minubaltic.ee\\\/wp-content\\\/uploads\\\/2024\\\/11\\\/Vanniratik-70x140-5.jpg\",\"datePublished\":\"2024-11-07T21:33:50+00:00\",\"dateModified\":\"2024-11-07T21:54:41+00:00\",\"description\":\"M\u012bkst\u0101 tekst\u016bra un 70x140 cm vannas dvie\u013ca izm\u0113rs pied\u0101v\u0101 komfortu un eleganci j\u016bsu vannas istab\u0101. Ar 100% kokvilnas strukt\u016bru tas nodro\u0161ina j\u016bsu \u0101dai....\",\"breadcrumb\":{\"@id\":\"https:\\\/\\\/minubaltic.ee\\\/lv\\\/e-pood\\\/dvieli\\\/vannas-dvielis-70x140-tumsi-peleks\\\/#breadcrumb\"},\"inLanguage\":\"lv-LV\",\"potentialAction\":[{\"@type\":\"ReadAction\",\"target\":[\"https:\\\/\\\/minubaltic.ee\\\/lv\\\/e-pood\\\/dvieli\\\/vannas-dvielis-70x140-tumsi-peleks\\\/\"]}]},{\"@type\":\"ImageObject\",\"inLanguage\":\"lv-LV\",\"@id\":\"https:\\\/\\\/minubaltic.ee\\\/lv\\\/e-pood\\\/dvieli\\\/vannas-dvielis-70x140-tumsi-peleks\\\/#primaryimage\",\"url\":\"https:\\\/\\\/minubaltic.ee\\\/wp-content\\\/uploads\\\/2024\\\/11\\\/Vanniratik-70x140-5.jpg\",\"contentUrl\":\"https:\\\/\\\/minubaltic.ee\\\/wp-content\\\/uploads\\\/2024\\\/11\\\/Vanniratik-70x140-5.jpg\",\"width\":800,\"height\":800,\"caption\":\"Vannir\u00e4tik\"},{\"@type\":\"BreadcrumbList\",\"@id\":\"https:\\\/\\\/minubaltic.ee\\\/lv\\\/e-pood\\\/dvieli\\\/vannas-dvielis-70x140-tumsi-peleks\\\/#breadcrumb\",\"itemListElement\":[{\"@type\":\"ListItem\",\"position\":1,\"name\":\"S\u0101kums\",\"item\":\"https:\\\/\\\/minubaltic.ee\\\/lv\\\/\"},{\"@type\":\"ListItem\",\"position\":2,\"name\":\"E-veikals\",\"item\":\"https:\\\/\\\/minubaltic.ee\\\/lv\\\/e-veikals\\\/\"},{\"@type\":\"ListItem\",\"position\":3,\"name\":\"Vannas dvielis 70&#215;140 (Tum\u0161i pel\u0113ks)\"}]},{\"@type\":\"WebSite\",\"@id\":\"https:\\\/\\\/minubaltic.ee\\\/lv\\\/#website\",\"url\":\"https:\\\/\\\/minubaltic.ee\\\/lv\\\/\",\"name\":\"minubaltic.ee\",\"description\":\"\",\"publisher\":{\"@id\":\"https:\\\/\\\/minubaltic.ee\\\/lv\\\/#organization\"},\"potentialAction\":[{\"@type\":\"SearchAction\",\"target\":{\"@type\":\"EntryPoint\",\"urlTemplate\":\"https:\\\/\\\/minubaltic.ee\\\/lv\\\/?s={search_term_string}\"},\"query-input\":{\"@type\":\"PropertyValueSpecification\",\"valueRequired\":true,\"valueName\":\"search_term_string\"}}],\"inLanguage\":\"lv-LV\"},{\"@type\":\"Organization\",\"@id\":\"https:\\\/\\\/minubaltic.ee\\\/lv\\\/#organization\",\"name\":\"Minu Baltic O\u00dc\",\"url\":\"https:\\\/\\\/minubaltic.ee\\\/lv\\\/\",\"logo\":{\"@type\":\"ImageObject\",\"inLanguage\":\"lv-LV\",\"@id\":\"https:\\\/\\\/minubaltic.ee\\\/lv\\\/#\\\/schema\\\/logo\\\/image\\\/\",\"url\":\"https:\\\/\\\/minubaltic.ee\\\/wp-content\\\/uploads\\\/2023\\\/10\\\/cropped-cropped-cropped-logo.png\",\"contentUrl\":\"https:\\\/\\\/minubaltic.ee\\\/wp-content\\\/uploads\\\/2023\\\/10\\\/cropped-cropped-cropped-logo.png\",\"width\":500,\"height\":237,\"caption\":\"Minu Baltic O\u00dc\"},\"image\":{\"@id\":\"https:\\\/\\\/minubaltic.ee\\\/lv\\\/#\\\/schema\\\/logo\\\/image\\\/\"},\"sameAs\":[\"https:\\\/\\\/www.facebook.com\\\/minubaltic\"]}]}<\/script>\n<!-- \/ Yoast SEO plugin. -->","yoast_head_json":{"title":"Vannas dvielis 70x140 (Tum\u0161i pel\u0113ks) - Kokvilnas dvie\u013ci - Minu Baltic","description":"M\u012bkst\u0101 tekst\u016bra un 70x140 cm vannas dvie\u013ca izm\u0113rs pied\u0101v\u0101 komfortu un eleganci j\u016bsu vannas istab\u0101. Ar 100% kokvilnas strukt\u016bru tas nodro\u0161ina j\u016bsu \u0101dai....","robots":{"index":"index","follow":"follow","max-snippet":"max-snippet:-1","max-image-preview":"max-image-preview:large","max-video-preview":"max-video-preview:-1"},"canonical":"https:\/\/minubaltic.ee\/lv\/e-pood\/dvieli\/vannas-dvielis-70x140-tumsi-peleks\/","og_locale":"lv_LV","og_type":"article","og_title":"Vannas dvielis 70x140 (Tum\u0161i pel\u0113ks) - Kokvilnas dvie\u013ci - Minu Baltic","og_description":"M\u012bkst\u0101 tekst\u016bra un 70x140 cm vannas dvie\u013ca izm\u0113rs pied\u0101v\u0101 komfortu un eleganci j\u016bsu vannas istab\u0101. Ar 100% kokvilnas strukt\u016bru tas nodro\u0161ina j\u016bsu \u0101dai....","og_url":"https:\/\/minubaltic.ee\/lv\/e-pood\/dvieli\/vannas-dvielis-70x140-tumsi-peleks\/","article_publisher":"https:\/\/www.facebook.com\/minubaltic","article_modified_time":"2024-11-07T21:54:41+00:00","og_image":[{"width":800,"height":800,"url":"https:\/\/minubaltic.ee\/wp-content\/uploads\/2024\/11\/Vanniratik-70x140-5.jpg","type":"image\/jpeg"}],"twitter_card":"summary_large_image","twitter_misc":{"Est. reading time":"1 minute"},"schema":{"@context":"https:\/\/schema.org","@graph":[{"@type":"WebPage","@id":"https:\/\/minubaltic.ee\/lv\/e-pood\/dvieli\/vannas-dvielis-70x140-tumsi-peleks\/","url":"https:\/\/minubaltic.ee\/lv\/e-pood\/dvieli\/vannas-dvielis-70x140-tumsi-peleks\/","name":"Vannas dvielis 70x140 (Tum\u0161i pel\u0113ks) - Kokvilnas dvie\u013ci - Minu Baltic","isPartOf":{"@id":"https:\/\/minubaltic.ee\/lv\/#website"},"primaryImageOfPage":{"@id":"https:\/\/minubaltic.ee\/lv\/e-pood\/dvieli\/vannas-dvielis-70x140-tumsi-peleks\/#primaryimage"},"image":{"@id":"https:\/\/minubaltic.ee\/lv\/e-pood\/dvieli\/vannas-dvielis-70x140-tumsi-peleks\/#primaryimage"},"thumbnailUrl":"https:\/\/minubaltic.ee\/wp-content\/uploads\/2024\/11\/Vanniratik-70x140-5.jpg","datePublished":"2024-11-07T21:33:50+00:00","dateModified":"2024-11-07T21:54:41+00:00","description":"M\u012bkst\u0101 tekst\u016bra un 70x140 cm vannas dvie\u013ca izm\u0113rs pied\u0101v\u0101 komfortu un eleganci j\u016bsu vannas istab\u0101. Ar 100% kokvilnas strukt\u016bru tas nodro\u0161ina j\u016bsu \u0101dai....","breadcrumb":{"@id":"https:\/\/minubaltic.ee\/lv\/e-pood\/dvieli\/vannas-dvielis-70x140-tumsi-peleks\/#breadcrumb"},"inLanguage":"lv-LV","potentialAction":[{"@type":"ReadAction","target":["https:\/\/minubaltic.ee\/lv\/e-pood\/dvieli\/vannas-dvielis-70x140-tumsi-peleks\/"]}]},{"@type":"ImageObject","inLanguage":"lv-LV","@id":"https:\/\/minubaltic.ee\/lv\/e-pood\/dvieli\/vannas-dvielis-70x140-tumsi-peleks\/#primaryimage","url":"https:\/\/minubaltic.ee\/wp-content\/uploads\/2024\/11\/Vanniratik-70x140-5.jpg","contentUrl":"https:\/\/minubaltic.ee\/wp-content\/uploads\/2024\/11\/Vanniratik-70x140-5.jpg","width":800,"height":800,"caption":"Vannir\u00e4tik"},{"@type":"BreadcrumbList","@id":"https:\/\/minubaltic.ee\/lv\/e-pood\/dvieli\/vannas-dvielis-70x140-tumsi-peleks\/#breadcrumb","itemListElement":[{"@type":"ListItem","position":1,"name":"S\u0101kums","item":"https:\/\/minubaltic.ee\/lv\/"},{"@type":"ListItem","position":2,"name":"E-veikals","item":"https:\/\/minubaltic.ee\/lv\/e-veikals\/"},{"@type":"ListItem","position":3,"name":"Vannas dvielis 70&#215;140 (Tum\u0161i pel\u0113ks)"}]},{"@type":"WebSite","@id":"https:\/\/minubaltic.ee\/lv\/#website","url":"https:\/\/minubaltic.ee\/lv\/","name":"minubaltic.ee","description":"","publisher":{"@id":"https:\/\/minubaltic.ee\/lv\/#organization"},"potentialAction":[{"@type":"SearchAction","target":{"@type":"EntryPoint","urlTemplate":"https:\/\/minubaltic.ee\/lv\/?s={search_term_string}"},"query-input":{"@type":"PropertyValueSpecification","valueRequired":true,"valueName":"search_term_string"}}],"inLanguage":"lv-LV"},{"@type":"Organization","@id":"https:\/\/minubaltic.ee\/lv\/#organization","name":"Minu Baltic O\u00dc","url":"https:\/\/minubaltic.ee\/lv\/","logo":{"@type":"ImageObject","inLanguage":"lv-LV","@id":"https:\/\/minubaltic.ee\/lv\/#\/schema\/logo\/image\/","url":"https:\/\/minubaltic.ee\/wp-content\/uploads\/2023\/10\/cropped-cropped-cropped-logo.png","contentUrl":"https:\/\/minubaltic.ee\/wp-content\/uploads\/2023\/10\/cropped-cropped-cropped-logo.png","width":500,"height":237,"caption":"Minu Baltic O\u00dc"},"image":{"@id":"https:\/\/minubaltic.ee\/lv\/#\/schema\/logo\/image\/"},"sameAs":["https:\/\/www.facebook.com\/minubaltic"]}]}},"_links":{"self":[{"href":"https:\/\/minubaltic.ee\/lv\/wp-json\/wp\/v2\/product\/38437","targetHints":{"allow":["GET"]}}],"collection":[{"href":"https:\/\/minubaltic.ee\/lv\/wp-json\/wp\/v2\/product"}],"about":[{"href":"https:\/\/minubaltic.ee\/lv\/wp-json\/wp\/v2\/types\/product"}],"replies":[{"embeddable":true,"href":"https:\/\/minubaltic.ee\/lv\/wp-json\/wp\/v2\/comments?post=38437"}],"version-history":[{"count":2,"href":"https:\/\/minubaltic.ee\/lv\/wp-json\/wp\/v2\/product\/38437\/revisions"}],"predecessor-version":[{"id":38518,"href":"https:\/\/minubaltic.ee\/lv\/wp-json\/wp\/v2\/product\/38437\/revisions\/38518"}],"wp:featuredmedia":[{"embeddable":true,"href":"https:\/\/minubaltic.ee\/lv\/wp-json\/wp\/v2\/media\/38442"}],"wp:attachment":[{"href":"https:\/\/minubaltic.ee\/lv\/wp-json\/wp\/v2\/media?parent=38437"}],"wp:term":[{"taxonomy":"product_brand","embeddable":true,"href":"https:\/\/minubaltic.ee\/lv\/wp-json\/wp\/v2\/product_brand?post=38437"},{"taxonomy":"product_cat","embeddable":true,"href":"https:\/\/minubaltic.ee\/lv\/wp-json\/wp\/v2\/product_cat?post=38437"},{"taxonomy":"product_tag","embeddable":true,"href":"https:\/\/minubaltic.ee\/lv\/wp-json\/wp\/v2\/product_tag?post=38437"}],"curies":[{"name":"wp","href":"https:\/\/api.w.org\/{rel}","templated":true}]}}