{"id":38266,"date":"2024-11-02T23:36:16","date_gmt":"2024-11-02T20:36:16","guid":{"rendered":"https:\/\/minubaltic.ee\/?post_type=product&#038;p=38266"},"modified":"2024-11-03T00:03:12","modified_gmt":"2024-11-02T21:03:12","slug":"vannas-dvielis-80x160-smiltis","status":"publish","type":"product","link":"https:\/\/minubaltic.ee\/lv\/e-pood\/dvieli\/vannas-dvielis-80x160-smiltis\/","title":{"rendered":"Vannas dvielis 80&#215;160 (Smiltis)"},"content":{"rendered":"<p>Ikdienas grezn\u012bba ir 80&#215;160 cm kokvilnas vannas dviel\u012b, kas apvieno kvalit\u0101ti un funkcionalit\u0101ti. Vannas dvielis ir izgatavots no m\u012bkstas un absorb\u0113jo\u0161as 100% kokvilnas, nodro\u0161inot lielisku mitruma uzs\u016bk\u0161anos un komfortu katr\u0101 lieto\u0161anas reiz\u0113.<\/p>\n<p>Vannas dvielis \u0101tri iz\u017e\u016bst un ir \u0113rti p\u0101rn\u0113s\u0101jams neatkar\u012bgi no t\u0101, vai esat m\u0101j\u0101s vai ce\u013cojum\u0101. Izbaudiet atsvaidzino\u0161u un relaks\u0113jo\u0161u pieredzi katru dienu ar \u0161o kvalitat\u012bvo vannas dvieli!<\/p>\n","protected":false},"excerpt":{"rendered":"<ul>\n<li>Auduma sast\u0101vs: 100% kokvilna<\/li>\n<li>Izm\u0113ri: 80&#215;160 cm \u00b13<\/li>\n<li>Svars: 750g\/m2<\/li>\n<\/ul>\n","protected":false},"featured_media":38272,"comment_status":"open","ping_status":"closed","template":"","meta":[],"product_brand":[],"product_cat":[443,448,899],"product_tag":[463,460,461,466],"class_list":{"0":"post-38266","1":"product","2":"type-product","3":"status-publish","4":"has-post-thumbnail","6":"product_cat-dvieli","7":"product_cat-vannas-dvieli","8":"product_cat-vannas-dvieli-80-160","9":"product_tag-dvieli","10":"product_tag-e-veikals","11":"product_tag-majas-tekstils","12":"product_tag-tekstils","14":"first","15":"instock","16":"shipping-taxable","17":"purchasable","18":"product-type-simple"},"yoast_head":"<!-- This site is optimized with the Yoast SEO plugin v27.3 - https:\/\/yoast.com\/product\/yoast-seo-wordpress\/ -->\n<title>Vannas dvielis 80x160 (Smiltis) - Minu Baltic<\/title>\n<meta name=\"description\" content=\"80x160 cm vannas dvielis pie\u0161\u0137ir j\u016bsu vannas istabai greznu piesk\u0101rienu. Izgatavots no 100% kokvilnas, tas ir \u0101dai draudz\u012bgs un iztur\u012bgs. Izbaudiet ....\" \/>\n<meta name=\"robots\" content=\"index, follow, max-snippet:-1, max-image-preview:large, max-video-preview:-1\" \/>\n<link rel=\"canonical\" href=\"https:\/\/minubaltic.ee\/lv\/e-pood\/dvieli\/vannas-dvielis-80x160-smiltis\/\" \/>\n<meta property=\"og:locale\" content=\"lv_LV\" \/>\n<meta property=\"og:type\" content=\"article\" \/>\n<meta property=\"og:title\" content=\"Vannas dvielis 80x160 (Smiltis) - Minu Baltic\" \/>\n<meta property=\"og:description\" content=\"80x160 cm vannas dvielis pie\u0161\u0137ir j\u016bsu vannas istabai greznu piesk\u0101rienu. Izgatavots no 100% kokvilnas, tas ir \u0101dai draudz\u012bgs un iztur\u012bgs. Izbaudiet ....\" \/>\n<meta property=\"og:url\" content=\"https:\/\/minubaltic.ee\/lv\/e-pood\/dvieli\/vannas-dvielis-80x160-smiltis\/\" \/>\n<meta property=\"article:publisher\" content=\"https:\/\/www.facebook.com\/minubaltic\" \/>\n<meta property=\"article:modified_time\" content=\"2024-11-02T21:03:12+00:00\" \/>\n<meta property=\"og:image\" content=\"https:\/\/minubaltic.ee\/wp-content\/uploads\/2024\/11\/Saunalina-19.jpg\" \/>\n\t<meta property=\"og:image:width\" content=\"800\" \/>\n\t<meta property=\"og:image:height\" content=\"800\" \/>\n\t<meta property=\"og:image:type\" content=\"image\/jpeg\" \/>\n<meta name=\"twitter:card\" content=\"summary_large_image\" \/>\n<meta name=\"twitter:label1\" content=\"Est. reading time\" \/>\n\t<meta name=\"twitter:data1\" content=\"1 minute\" \/>\n<script type=\"application\/ld+json\" class=\"yoast-schema-graph\">{\"@context\":\"https:\\\/\\\/schema.org\",\"@graph\":[{\"@type\":\"WebPage\",\"@id\":\"https:\\\/\\\/minubaltic.ee\\\/lv\\\/e-pood\\\/dvieli\\\/vannas-dvielis-80x160-smiltis\\\/\",\"url\":\"https:\\\/\\\/minubaltic.ee\\\/lv\\\/e-pood\\\/dvieli\\\/vannas-dvielis-80x160-smiltis\\\/\",\"name\":\"Vannas dvielis 80x160 (Smiltis) - Minu Baltic\",\"isPartOf\":{\"@id\":\"https:\\\/\\\/minubaltic.ee\\\/lv\\\/#website\"},\"primaryImageOfPage\":{\"@id\":\"https:\\\/\\\/minubaltic.ee\\\/lv\\\/e-pood\\\/dvieli\\\/vannas-dvielis-80x160-smiltis\\\/#primaryimage\"},\"image\":{\"@id\":\"https:\\\/\\\/minubaltic.ee\\\/lv\\\/e-pood\\\/dvieli\\\/vannas-dvielis-80x160-smiltis\\\/#primaryimage\"},\"thumbnailUrl\":\"https:\\\/\\\/minubaltic.ee\\\/wp-content\\\/uploads\\\/2024\\\/11\\\/Saunalina-19.jpg\",\"datePublished\":\"2024-11-02T20:36:16+00:00\",\"dateModified\":\"2024-11-02T21:03:12+00:00\",\"description\":\"80x160 cm vannas dvielis pie\u0161\u0137ir j\u016bsu vannas istabai greznu piesk\u0101rienu. Izgatavots no 100% kokvilnas, tas ir \u0101dai draudz\u012bgs un iztur\u012bgs. Izbaudiet ....\",\"breadcrumb\":{\"@id\":\"https:\\\/\\\/minubaltic.ee\\\/lv\\\/e-pood\\\/dvieli\\\/vannas-dvielis-80x160-smiltis\\\/#breadcrumb\"},\"inLanguage\":\"lv-LV\",\"potentialAction\":[{\"@type\":\"ReadAction\",\"target\":[\"https:\\\/\\\/minubaltic.ee\\\/lv\\\/e-pood\\\/dvieli\\\/vannas-dvielis-80x160-smiltis\\\/\"]}]},{\"@type\":\"ImageObject\",\"inLanguage\":\"lv-LV\",\"@id\":\"https:\\\/\\\/minubaltic.ee\\\/lv\\\/e-pood\\\/dvieli\\\/vannas-dvielis-80x160-smiltis\\\/#primaryimage\",\"url\":\"https:\\\/\\\/minubaltic.ee\\\/wp-content\\\/uploads\\\/2024\\\/11\\\/Saunalina-19.jpg\",\"contentUrl\":\"https:\\\/\\\/minubaltic.ee\\\/wp-content\\\/uploads\\\/2024\\\/11\\\/Saunalina-19.jpg\",\"width\":800,\"height\":800,\"caption\":\"Vannilina\"},{\"@type\":\"BreadcrumbList\",\"@id\":\"https:\\\/\\\/minubaltic.ee\\\/lv\\\/e-pood\\\/dvieli\\\/vannas-dvielis-80x160-smiltis\\\/#breadcrumb\",\"itemListElement\":[{\"@type\":\"ListItem\",\"position\":1,\"name\":\"S\u0101kums\",\"item\":\"https:\\\/\\\/minubaltic.ee\\\/lv\\\/\"},{\"@type\":\"ListItem\",\"position\":2,\"name\":\"E-veikals\",\"item\":\"https:\\\/\\\/minubaltic.ee\\\/lv\\\/e-veikals\\\/\"},{\"@type\":\"ListItem\",\"position\":3,\"name\":\"Vannas dvielis 80&#215;160 (Smiltis)\"}]},{\"@type\":\"WebSite\",\"@id\":\"https:\\\/\\\/minubaltic.ee\\\/lv\\\/#website\",\"url\":\"https:\\\/\\\/minubaltic.ee\\\/lv\\\/\",\"name\":\"minubaltic.ee\",\"description\":\"\",\"publisher\":{\"@id\":\"https:\\\/\\\/minubaltic.ee\\\/lv\\\/#organization\"},\"potentialAction\":[{\"@type\":\"SearchAction\",\"target\":{\"@type\":\"EntryPoint\",\"urlTemplate\":\"https:\\\/\\\/minubaltic.ee\\\/lv\\\/?s={search_term_string}\"},\"query-input\":{\"@type\":\"PropertyValueSpecification\",\"valueRequired\":true,\"valueName\":\"search_term_string\"}}],\"inLanguage\":\"lv-LV\"},{\"@type\":\"Organization\",\"@id\":\"https:\\\/\\\/minubaltic.ee\\\/lv\\\/#organization\",\"name\":\"Minu Baltic O\u00dc\",\"url\":\"https:\\\/\\\/minubaltic.ee\\\/lv\\\/\",\"logo\":{\"@type\":\"ImageObject\",\"inLanguage\":\"lv-LV\",\"@id\":\"https:\\\/\\\/minubaltic.ee\\\/lv\\\/#\\\/schema\\\/logo\\\/image\\\/\",\"url\":\"https:\\\/\\\/minubaltic.ee\\\/wp-content\\\/uploads\\\/2023\\\/10\\\/cropped-cropped-cropped-logo.png\",\"contentUrl\":\"https:\\\/\\\/minubaltic.ee\\\/wp-content\\\/uploads\\\/2023\\\/10\\\/cropped-cropped-cropped-logo.png\",\"width\":500,\"height\":237,\"caption\":\"Minu Baltic O\u00dc\"},\"image\":{\"@id\":\"https:\\\/\\\/minubaltic.ee\\\/lv\\\/#\\\/schema\\\/logo\\\/image\\\/\"},\"sameAs\":[\"https:\\\/\\\/www.facebook.com\\\/minubaltic\"]}]}<\/script>\n<!-- \/ Yoast SEO plugin. -->","yoast_head_json":{"title":"Vannas dvielis 80x160 (Smiltis) - Minu Baltic","description":"80x160 cm vannas dvielis pie\u0161\u0137ir j\u016bsu vannas istabai greznu piesk\u0101rienu. Izgatavots no 100% kokvilnas, tas ir \u0101dai draudz\u012bgs un iztur\u012bgs. Izbaudiet ....","robots":{"index":"index","follow":"follow","max-snippet":"max-snippet:-1","max-image-preview":"max-image-preview:large","max-video-preview":"max-video-preview:-1"},"canonical":"https:\/\/minubaltic.ee\/lv\/e-pood\/dvieli\/vannas-dvielis-80x160-smiltis\/","og_locale":"lv_LV","og_type":"article","og_title":"Vannas dvielis 80x160 (Smiltis) - Minu Baltic","og_description":"80x160 cm vannas dvielis pie\u0161\u0137ir j\u016bsu vannas istabai greznu piesk\u0101rienu. Izgatavots no 100% kokvilnas, tas ir \u0101dai draudz\u012bgs un iztur\u012bgs. Izbaudiet ....","og_url":"https:\/\/minubaltic.ee\/lv\/e-pood\/dvieli\/vannas-dvielis-80x160-smiltis\/","article_publisher":"https:\/\/www.facebook.com\/minubaltic","article_modified_time":"2024-11-02T21:03:12+00:00","og_image":[{"width":800,"height":800,"url":"https:\/\/minubaltic.ee\/wp-content\/uploads\/2024\/11\/Saunalina-19.jpg","type":"image\/jpeg"}],"twitter_card":"summary_large_image","twitter_misc":{"Est. reading time":"1 minute"},"schema":{"@context":"https:\/\/schema.org","@graph":[{"@type":"WebPage","@id":"https:\/\/minubaltic.ee\/lv\/e-pood\/dvieli\/vannas-dvielis-80x160-smiltis\/","url":"https:\/\/minubaltic.ee\/lv\/e-pood\/dvieli\/vannas-dvielis-80x160-smiltis\/","name":"Vannas dvielis 80x160 (Smiltis) - Minu Baltic","isPartOf":{"@id":"https:\/\/minubaltic.ee\/lv\/#website"},"primaryImageOfPage":{"@id":"https:\/\/minubaltic.ee\/lv\/e-pood\/dvieli\/vannas-dvielis-80x160-smiltis\/#primaryimage"},"image":{"@id":"https:\/\/minubaltic.ee\/lv\/e-pood\/dvieli\/vannas-dvielis-80x160-smiltis\/#primaryimage"},"thumbnailUrl":"https:\/\/minubaltic.ee\/wp-content\/uploads\/2024\/11\/Saunalina-19.jpg","datePublished":"2024-11-02T20:36:16+00:00","dateModified":"2024-11-02T21:03:12+00:00","description":"80x160 cm vannas dvielis pie\u0161\u0137ir j\u016bsu vannas istabai greznu piesk\u0101rienu. Izgatavots no 100% kokvilnas, tas ir \u0101dai draudz\u012bgs un iztur\u012bgs. Izbaudiet ....","breadcrumb":{"@id":"https:\/\/minubaltic.ee\/lv\/e-pood\/dvieli\/vannas-dvielis-80x160-smiltis\/#breadcrumb"},"inLanguage":"lv-LV","potentialAction":[{"@type":"ReadAction","target":["https:\/\/minubaltic.ee\/lv\/e-pood\/dvieli\/vannas-dvielis-80x160-smiltis\/"]}]},{"@type":"ImageObject","inLanguage":"lv-LV","@id":"https:\/\/minubaltic.ee\/lv\/e-pood\/dvieli\/vannas-dvielis-80x160-smiltis\/#primaryimage","url":"https:\/\/minubaltic.ee\/wp-content\/uploads\/2024\/11\/Saunalina-19.jpg","contentUrl":"https:\/\/minubaltic.ee\/wp-content\/uploads\/2024\/11\/Saunalina-19.jpg","width":800,"height":800,"caption":"Vannilina"},{"@type":"BreadcrumbList","@id":"https:\/\/minubaltic.ee\/lv\/e-pood\/dvieli\/vannas-dvielis-80x160-smiltis\/#breadcrumb","itemListElement":[{"@type":"ListItem","position":1,"name":"S\u0101kums","item":"https:\/\/minubaltic.ee\/lv\/"},{"@type":"ListItem","position":2,"name":"E-veikals","item":"https:\/\/minubaltic.ee\/lv\/e-veikals\/"},{"@type":"ListItem","position":3,"name":"Vannas dvielis 80&#215;160 (Smiltis)"}]},{"@type":"WebSite","@id":"https:\/\/minubaltic.ee\/lv\/#website","url":"https:\/\/minubaltic.ee\/lv\/","name":"minubaltic.ee","description":"","publisher":{"@id":"https:\/\/minubaltic.ee\/lv\/#organization"},"potentialAction":[{"@type":"SearchAction","target":{"@type":"EntryPoint","urlTemplate":"https:\/\/minubaltic.ee\/lv\/?s={search_term_string}"},"query-input":{"@type":"PropertyValueSpecification","valueRequired":true,"valueName":"search_term_string"}}],"inLanguage":"lv-LV"},{"@type":"Organization","@id":"https:\/\/minubaltic.ee\/lv\/#organization","name":"Minu Baltic O\u00dc","url":"https:\/\/minubaltic.ee\/lv\/","logo":{"@type":"ImageObject","inLanguage":"lv-LV","@id":"https:\/\/minubaltic.ee\/lv\/#\/schema\/logo\/image\/","url":"https:\/\/minubaltic.ee\/wp-content\/uploads\/2023\/10\/cropped-cropped-cropped-logo.png","contentUrl":"https:\/\/minubaltic.ee\/wp-content\/uploads\/2023\/10\/cropped-cropped-cropped-logo.png","width":500,"height":237,"caption":"Minu Baltic O\u00dc"},"image":{"@id":"https:\/\/minubaltic.ee\/lv\/#\/schema\/logo\/image\/"},"sameAs":["https:\/\/www.facebook.com\/minubaltic"]}]}},"_links":{"self":[{"href":"https:\/\/minubaltic.ee\/lv\/wp-json\/wp\/v2\/product\/38266","targetHints":{"allow":["GET"]}}],"collection":[{"href":"https:\/\/minubaltic.ee\/lv\/wp-json\/wp\/v2\/product"}],"about":[{"href":"https:\/\/minubaltic.ee\/lv\/wp-json\/wp\/v2\/types\/product"}],"replies":[{"embeddable":true,"href":"https:\/\/minubaltic.ee\/lv\/wp-json\/wp\/v2\/comments?post=38266"}],"version-history":[{"count":2,"href":"https:\/\/minubaltic.ee\/lv\/wp-json\/wp\/v2\/product\/38266\/revisions"}],"predecessor-version":[{"id":38362,"href":"https:\/\/minubaltic.ee\/lv\/wp-json\/wp\/v2\/product\/38266\/revisions\/38362"}],"wp:featuredmedia":[{"embeddable":true,"href":"https:\/\/minubaltic.ee\/lv\/wp-json\/wp\/v2\/media\/38272"}],"wp:attachment":[{"href":"https:\/\/minubaltic.ee\/lv\/wp-json\/wp\/v2\/media?parent=38266"}],"wp:term":[{"taxonomy":"product_brand","embeddable":true,"href":"https:\/\/minubaltic.ee\/lv\/wp-json\/wp\/v2\/product_brand?post=38266"},{"taxonomy":"product_cat","embeddable":true,"href":"https:\/\/minubaltic.ee\/lv\/wp-json\/wp\/v2\/product_cat?post=38266"},{"taxonomy":"product_tag","embeddable":true,"href":"https:\/\/minubaltic.ee\/lv\/wp-json\/wp\/v2\/product_tag?post=38266"}],"curies":[{"name":"wp","href":"https:\/\/api.w.org\/{rel}","templated":true}]}}