{"id":37792,"date":"2024-11-01T21:45:44","date_gmt":"2024-11-01T18:45:44","guid":{"rendered":"https:\/\/minubaltic.ee\/e-pood\/uncategorized\/5-osaline-ratikute-komplekt-50x90\/"},"modified":"2024-11-01T22:04:47","modified_gmt":"2024-11-01T19:04:47","slug":"5-daligs-dvielu-komplekts-50x90","status":"publish","type":"product","link":"https:\/\/minubaltic.ee\/lv\/e-pood\/roku-dvieli\/5-daligs-dvielu-komplekts-50x90\/","title":{"rendered":"5-da\u013c\u012bgs dvie\u013cu komplekts 50&#215;90"},"content":{"rendered":"<p>50 x 90 cm kokvilnas dvie\u013cu komplekts ar 5 da\u013c\u0101m ir lieliska izv\u0113le tiem, kam ir svar\u012bga kvalit\u0101te. Dvie\u013ci, kas izgatavoti no m\u012bkst\u0101m un \u013coti absorb\u0113jo\u0161\u0101m kokvilnas \u0161\u0137iedr\u0101m, nodro\u0161ina \u0113rtu un pat\u012bkamu lieto\u0161anas pieredzi. Komplekt\u0101 eso\u0161ie pieci dvie\u013ci \u013cauj pieska\u0146ot kr\u0101sas un dizainu atbilsto\u0161i interjeram vai vajadz\u012bbai, t\u0101p\u0113c vienm\u0113r ir pietiekami daudz rezerves katrai situ\u0101cijai.<\/p>\n","protected":false},"excerpt":{"rendered":"<ul>\n<li>Auduma sast\u0101vs: 100% kokvilna<\/li>\n<li>Da\u013cu skaits: 5 gab<\/li>\n<li>Izm\u0113ri: 50&#215;90 cm \u00b13<\/li>\n<li>Svars: 400 g\/m2<\/li>\n<\/ul>\n","protected":false},"featured_media":37774,"comment_status":"open","ping_status":"closed","template":"","meta":[],"product_brand":[],"product_cat":[816,443,446,447,438],"product_tag":[463,460,461,466],"class_list":{"0":"post-37792","1":"product","2":"type-product","3":"status-publish","4":"has-post-thumbnail","6":"product_cat-100-kokvilna","7":"product_cat-dvieli","8":"product_cat-dvieli-50-90","9":"product_cat-dvielu-komplekti","10":"product_cat-roku-dvieli","11":"product_tag-dvieli","12":"product_tag-e-veikals","13":"product_tag-majas-tekstils","14":"product_tag-tekstils","16":"first","17":"instock","18":"shipping-taxable","19":"purchasable","20":"product-type-simple"},"yoast_head":"<!-- This site is optimized with the Yoast SEO plugin v27.3 - https:\/\/yoast.com\/product\/yoast-seo-wordpress\/ -->\n<title>5-da\u013c\u012bgs dvie\u013cu komplekts 50x90 - Minu Baltic<\/title>\n<meta name=\"description\" content=\"50 x 90 cm kokvilnas dvie\u013cu komplekts ar 5 da\u013c\u0101m ir lieliska izv\u0113le tiem, kam ir svar\u012bga kvalit\u0101te. Dvie\u013ci, kas izgatavoti no m\u012bkst\u0101m un \u013coti absorb\u0113jo\u0161\u0101m\" \/>\n<meta name=\"robots\" content=\"index, follow, max-snippet:-1, max-image-preview:large, max-video-preview:-1\" \/>\n<link rel=\"canonical\" href=\"https:\/\/minubaltic.ee\/lv\/e-pood\/roku-dvieli\/5-daligs-dvielu-komplekts-50x90\/\" \/>\n<meta property=\"og:locale\" content=\"lv_LV\" \/>\n<meta property=\"og:type\" content=\"article\" \/>\n<meta property=\"og:title\" content=\"5-da\u013c\u012bgs dvie\u013cu komplekts 50x90 - Minu Baltic\" \/>\n<meta property=\"og:description\" content=\"50 x 90 cm kokvilnas dvie\u013cu komplekts ar 5 da\u013c\u0101m ir lieliska izv\u0113le tiem, kam ir svar\u012bga kvalit\u0101te. Dvie\u013ci, kas izgatavoti no m\u012bkst\u0101m un \u013coti absorb\u0113jo\u0161\u0101m\" \/>\n<meta property=\"og:url\" content=\"https:\/\/minubaltic.ee\/lv\/e-pood\/roku-dvieli\/5-daligs-dvielu-komplekts-50x90\/\" \/>\n<meta property=\"article:publisher\" content=\"https:\/\/www.facebook.com\/minubaltic\" \/>\n<meta property=\"article:modified_time\" content=\"2024-11-01T19:04:47+00:00\" \/>\n<meta property=\"og:image\" content=\"https:\/\/minubaltic.ee\/wp-content\/uploads\/2024\/11\/Puuvillane-ratik-5.jpg\" \/>\n\t<meta property=\"og:image:width\" content=\"800\" \/>\n\t<meta property=\"og:image:height\" content=\"800\" \/>\n\t<meta property=\"og:image:type\" content=\"image\/jpeg\" \/>\n<meta name=\"twitter:card\" content=\"summary_large_image\" \/>\n<meta name=\"twitter:label1\" content=\"Est. reading time\" \/>\n\t<meta name=\"twitter:data1\" content=\"1 minute\" \/>\n<script type=\"application\/ld+json\" class=\"yoast-schema-graph\">{\"@context\":\"https:\\\/\\\/schema.org\",\"@graph\":[{\"@type\":\"WebPage\",\"@id\":\"https:\\\/\\\/minubaltic.ee\\\/lv\\\/e-pood\\\/roku-dvieli\\\/5-daligs-dvielu-komplekts-50x90\\\/\",\"url\":\"https:\\\/\\\/minubaltic.ee\\\/lv\\\/e-pood\\\/roku-dvieli\\\/5-daligs-dvielu-komplekts-50x90\\\/\",\"name\":\"5-da\u013c\u012bgs dvie\u013cu komplekts 50x90 - Minu Baltic\",\"isPartOf\":{\"@id\":\"https:\\\/\\\/minubaltic.ee\\\/lv\\\/#website\"},\"primaryImageOfPage\":{\"@id\":\"https:\\\/\\\/minubaltic.ee\\\/lv\\\/e-pood\\\/roku-dvieli\\\/5-daligs-dvielu-komplekts-50x90\\\/#primaryimage\"},\"image\":{\"@id\":\"https:\\\/\\\/minubaltic.ee\\\/lv\\\/e-pood\\\/roku-dvieli\\\/5-daligs-dvielu-komplekts-50x90\\\/#primaryimage\"},\"thumbnailUrl\":\"https:\\\/\\\/minubaltic.ee\\\/wp-content\\\/uploads\\\/2024\\\/11\\\/Puuvillane-ratik-5.jpg\",\"datePublished\":\"2024-11-01T18:45:44+00:00\",\"dateModified\":\"2024-11-01T19:04:47+00:00\",\"description\":\"50 x 90 cm kokvilnas dvie\u013cu komplekts ar 5 da\u013c\u0101m ir lieliska izv\u0113le tiem, kam ir svar\u012bga kvalit\u0101te. Dvie\u013ci, kas izgatavoti no m\u012bkst\u0101m un \u013coti absorb\u0113jo\u0161\u0101m\",\"breadcrumb\":{\"@id\":\"https:\\\/\\\/minubaltic.ee\\\/lv\\\/e-pood\\\/roku-dvieli\\\/5-daligs-dvielu-komplekts-50x90\\\/#breadcrumb\"},\"inLanguage\":\"lv-LV\",\"potentialAction\":[{\"@type\":\"ReadAction\",\"target\":[\"https:\\\/\\\/minubaltic.ee\\\/lv\\\/e-pood\\\/roku-dvieli\\\/5-daligs-dvielu-komplekts-50x90\\\/\"]}]},{\"@type\":\"ImageObject\",\"inLanguage\":\"lv-LV\",\"@id\":\"https:\\\/\\\/minubaltic.ee\\\/lv\\\/e-pood\\\/roku-dvieli\\\/5-daligs-dvielu-komplekts-50x90\\\/#primaryimage\",\"url\":\"https:\\\/\\\/minubaltic.ee\\\/wp-content\\\/uploads\\\/2024\\\/11\\\/Puuvillane-ratik-5.jpg\",\"contentUrl\":\"https:\\\/\\\/minubaltic.ee\\\/wp-content\\\/uploads\\\/2024\\\/11\\\/Puuvillane-ratik-5.jpg\",\"width\":800,\"height\":800,\"caption\":\"r\u00e4tikute komplekt\"},{\"@type\":\"BreadcrumbList\",\"@id\":\"https:\\\/\\\/minubaltic.ee\\\/lv\\\/e-pood\\\/roku-dvieli\\\/5-daligs-dvielu-komplekts-50x90\\\/#breadcrumb\",\"itemListElement\":[{\"@type\":\"ListItem\",\"position\":1,\"name\":\"S\u0101kums\",\"item\":\"https:\\\/\\\/minubaltic.ee\\\/lv\\\/\"},{\"@type\":\"ListItem\",\"position\":2,\"name\":\"E-veikals\",\"item\":\"https:\\\/\\\/minubaltic.ee\\\/lv\\\/e-veikals\\\/\"},{\"@type\":\"ListItem\",\"position\":3,\"name\":\"5-da\u013c\u012bgs dvie\u013cu komplekts 50&#215;90\"}]},{\"@type\":\"WebSite\",\"@id\":\"https:\\\/\\\/minubaltic.ee\\\/lv\\\/#website\",\"url\":\"https:\\\/\\\/minubaltic.ee\\\/lv\\\/\",\"name\":\"minubaltic.ee\",\"description\":\"\",\"publisher\":{\"@id\":\"https:\\\/\\\/minubaltic.ee\\\/lv\\\/#organization\"},\"potentialAction\":[{\"@type\":\"SearchAction\",\"target\":{\"@type\":\"EntryPoint\",\"urlTemplate\":\"https:\\\/\\\/minubaltic.ee\\\/lv\\\/?s={search_term_string}\"},\"query-input\":{\"@type\":\"PropertyValueSpecification\",\"valueRequired\":true,\"valueName\":\"search_term_string\"}}],\"inLanguage\":\"lv-LV\"},{\"@type\":\"Organization\",\"@id\":\"https:\\\/\\\/minubaltic.ee\\\/lv\\\/#organization\",\"name\":\"Minu Baltic O\u00dc\",\"url\":\"https:\\\/\\\/minubaltic.ee\\\/lv\\\/\",\"logo\":{\"@type\":\"ImageObject\",\"inLanguage\":\"lv-LV\",\"@id\":\"https:\\\/\\\/minubaltic.ee\\\/lv\\\/#\\\/schema\\\/logo\\\/image\\\/\",\"url\":\"https:\\\/\\\/minubaltic.ee\\\/wp-content\\\/uploads\\\/2023\\\/10\\\/cropped-cropped-cropped-logo.png\",\"contentUrl\":\"https:\\\/\\\/minubaltic.ee\\\/wp-content\\\/uploads\\\/2023\\\/10\\\/cropped-cropped-cropped-logo.png\",\"width\":500,\"height\":237,\"caption\":\"Minu Baltic O\u00dc\"},\"image\":{\"@id\":\"https:\\\/\\\/minubaltic.ee\\\/lv\\\/#\\\/schema\\\/logo\\\/image\\\/\"},\"sameAs\":[\"https:\\\/\\\/www.facebook.com\\\/minubaltic\"]}]}<\/script>\n<!-- \/ Yoast SEO plugin. -->","yoast_head_json":{"title":"5-da\u013c\u012bgs dvie\u013cu komplekts 50x90 - Minu Baltic","description":"50 x 90 cm kokvilnas dvie\u013cu komplekts ar 5 da\u013c\u0101m ir lieliska izv\u0113le tiem, kam ir svar\u012bga kvalit\u0101te. Dvie\u013ci, kas izgatavoti no m\u012bkst\u0101m un \u013coti absorb\u0113jo\u0161\u0101m","robots":{"index":"index","follow":"follow","max-snippet":"max-snippet:-1","max-image-preview":"max-image-preview:large","max-video-preview":"max-video-preview:-1"},"canonical":"https:\/\/minubaltic.ee\/lv\/e-pood\/roku-dvieli\/5-daligs-dvielu-komplekts-50x90\/","og_locale":"lv_LV","og_type":"article","og_title":"5-da\u013c\u012bgs dvie\u013cu komplekts 50x90 - Minu Baltic","og_description":"50 x 90 cm kokvilnas dvie\u013cu komplekts ar 5 da\u013c\u0101m ir lieliska izv\u0113le tiem, kam ir svar\u012bga kvalit\u0101te. Dvie\u013ci, kas izgatavoti no m\u012bkst\u0101m un \u013coti absorb\u0113jo\u0161\u0101m","og_url":"https:\/\/minubaltic.ee\/lv\/e-pood\/roku-dvieli\/5-daligs-dvielu-komplekts-50x90\/","article_publisher":"https:\/\/www.facebook.com\/minubaltic","article_modified_time":"2024-11-01T19:04:47+00:00","og_image":[{"width":800,"height":800,"url":"https:\/\/minubaltic.ee\/wp-content\/uploads\/2024\/11\/Puuvillane-ratik-5.jpg","type":"image\/jpeg"}],"twitter_card":"summary_large_image","twitter_misc":{"Est. reading time":"1 minute"},"schema":{"@context":"https:\/\/schema.org","@graph":[{"@type":"WebPage","@id":"https:\/\/minubaltic.ee\/lv\/e-pood\/roku-dvieli\/5-daligs-dvielu-komplekts-50x90\/","url":"https:\/\/minubaltic.ee\/lv\/e-pood\/roku-dvieli\/5-daligs-dvielu-komplekts-50x90\/","name":"5-da\u013c\u012bgs dvie\u013cu komplekts 50x90 - Minu Baltic","isPartOf":{"@id":"https:\/\/minubaltic.ee\/lv\/#website"},"primaryImageOfPage":{"@id":"https:\/\/minubaltic.ee\/lv\/e-pood\/roku-dvieli\/5-daligs-dvielu-komplekts-50x90\/#primaryimage"},"image":{"@id":"https:\/\/minubaltic.ee\/lv\/e-pood\/roku-dvieli\/5-daligs-dvielu-komplekts-50x90\/#primaryimage"},"thumbnailUrl":"https:\/\/minubaltic.ee\/wp-content\/uploads\/2024\/11\/Puuvillane-ratik-5.jpg","datePublished":"2024-11-01T18:45:44+00:00","dateModified":"2024-11-01T19:04:47+00:00","description":"50 x 90 cm kokvilnas dvie\u013cu komplekts ar 5 da\u013c\u0101m ir lieliska izv\u0113le tiem, kam ir svar\u012bga kvalit\u0101te. Dvie\u013ci, kas izgatavoti no m\u012bkst\u0101m un \u013coti absorb\u0113jo\u0161\u0101m","breadcrumb":{"@id":"https:\/\/minubaltic.ee\/lv\/e-pood\/roku-dvieli\/5-daligs-dvielu-komplekts-50x90\/#breadcrumb"},"inLanguage":"lv-LV","potentialAction":[{"@type":"ReadAction","target":["https:\/\/minubaltic.ee\/lv\/e-pood\/roku-dvieli\/5-daligs-dvielu-komplekts-50x90\/"]}]},{"@type":"ImageObject","inLanguage":"lv-LV","@id":"https:\/\/minubaltic.ee\/lv\/e-pood\/roku-dvieli\/5-daligs-dvielu-komplekts-50x90\/#primaryimage","url":"https:\/\/minubaltic.ee\/wp-content\/uploads\/2024\/11\/Puuvillane-ratik-5.jpg","contentUrl":"https:\/\/minubaltic.ee\/wp-content\/uploads\/2024\/11\/Puuvillane-ratik-5.jpg","width":800,"height":800,"caption":"r\u00e4tikute komplekt"},{"@type":"BreadcrumbList","@id":"https:\/\/minubaltic.ee\/lv\/e-pood\/roku-dvieli\/5-daligs-dvielu-komplekts-50x90\/#breadcrumb","itemListElement":[{"@type":"ListItem","position":1,"name":"S\u0101kums","item":"https:\/\/minubaltic.ee\/lv\/"},{"@type":"ListItem","position":2,"name":"E-veikals","item":"https:\/\/minubaltic.ee\/lv\/e-veikals\/"},{"@type":"ListItem","position":3,"name":"5-da\u013c\u012bgs dvie\u013cu komplekts 50&#215;90"}]},{"@type":"WebSite","@id":"https:\/\/minubaltic.ee\/lv\/#website","url":"https:\/\/minubaltic.ee\/lv\/","name":"minubaltic.ee","description":"","publisher":{"@id":"https:\/\/minubaltic.ee\/lv\/#organization"},"potentialAction":[{"@type":"SearchAction","target":{"@type":"EntryPoint","urlTemplate":"https:\/\/minubaltic.ee\/lv\/?s={search_term_string}"},"query-input":{"@type":"PropertyValueSpecification","valueRequired":true,"valueName":"search_term_string"}}],"inLanguage":"lv-LV"},{"@type":"Organization","@id":"https:\/\/minubaltic.ee\/lv\/#organization","name":"Minu Baltic O\u00dc","url":"https:\/\/minubaltic.ee\/lv\/","logo":{"@type":"ImageObject","inLanguage":"lv-LV","@id":"https:\/\/minubaltic.ee\/lv\/#\/schema\/logo\/image\/","url":"https:\/\/minubaltic.ee\/wp-content\/uploads\/2023\/10\/cropped-cropped-cropped-logo.png","contentUrl":"https:\/\/minubaltic.ee\/wp-content\/uploads\/2023\/10\/cropped-cropped-cropped-logo.png","width":500,"height":237,"caption":"Minu Baltic O\u00dc"},"image":{"@id":"https:\/\/minubaltic.ee\/lv\/#\/schema\/logo\/image\/"},"sameAs":["https:\/\/www.facebook.com\/minubaltic"]}]}},"_links":{"self":[{"href":"https:\/\/minubaltic.ee\/lv\/wp-json\/wp\/v2\/product\/37792","targetHints":{"allow":["GET"]}}],"collection":[{"href":"https:\/\/minubaltic.ee\/lv\/wp-json\/wp\/v2\/product"}],"about":[{"href":"https:\/\/minubaltic.ee\/lv\/wp-json\/wp\/v2\/types\/product"}],"replies":[{"embeddable":true,"href":"https:\/\/minubaltic.ee\/lv\/wp-json\/wp\/v2\/comments?post=37792"}],"version-history":[{"count":2,"href":"https:\/\/minubaltic.ee\/lv\/wp-json\/wp\/v2\/product\/37792\/revisions"}],"predecessor-version":[{"id":37802,"href":"https:\/\/minubaltic.ee\/lv\/wp-json\/wp\/v2\/product\/37792\/revisions\/37802"}],"wp:featuredmedia":[{"embeddable":true,"href":"https:\/\/minubaltic.ee\/lv\/wp-json\/wp\/v2\/media\/37774"}],"wp:attachment":[{"href":"https:\/\/minubaltic.ee\/lv\/wp-json\/wp\/v2\/media?parent=37792"}],"wp:term":[{"taxonomy":"product_brand","embeddable":true,"href":"https:\/\/minubaltic.ee\/lv\/wp-json\/wp\/v2\/product_brand?post=37792"},{"taxonomy":"product_cat","embeddable":true,"href":"https:\/\/minubaltic.ee\/lv\/wp-json\/wp\/v2\/product_cat?post=37792"},{"taxonomy":"product_tag","embeddable":true,"href":"https:\/\/minubaltic.ee\/lv\/wp-json\/wp\/v2\/product_tag?post=37792"}],"curies":[{"name":"wp","href":"https:\/\/api.w.org\/{rel}","templated":true}]}}