{"id":37683,"date":"2024-10-27T02:06:12","date_gmt":"2024-10-26T23:06:12","guid":{"rendered":"https:\/\/minubaltic.ee\/?post_type=product&#038;p=37683"},"modified":"2024-10-27T02:17:20","modified_gmt":"2024-10-26T23:17:20","slug":"kokvilnas-dvielis-valrieksts","status":"publish","type":"product","link":"https:\/\/minubaltic.ee\/lv\/e-pood\/roku-dvieli\/kokvilnas-dvielis-valrieksts\/","title":{"rendered":"Kokvilnas dvielis (Valrieksts)"},"content":{"rendered":"<p>Kokvilnas dvie\u013ci ir m\u012bksti un absorb\u0113jo\u0161i, ide\u0101li piem\u0113roti ikdienas lieto\u0161anai. Tie ir izgatavoti no dab\u012bg\u0101m \u0161\u0137iedr\u0101m, kas nodro\u0161ina \u0101dai maigumu un iztur\u012bbu. Tas maigi sausina \u0101du, neizraisa kairin\u0101jumu un saglab\u0101 t\u0101s maigumu pat p\u0113c vair\u0101k\u0101m mazg\u0101\u0161anas reiz\u0113m. Turkl\u0101t kokvilnas dvie\u013ci ir pieejami da\u017e\u0101d\u0101s kr\u0101s\u0101s un izm\u0113ros, \u013caujot izv\u0113l\u0113ties savam stilam un vajadz\u012bb\u0101m atbilsto\u0161u.<\/p>\n","protected":false},"excerpt":{"rendered":"<ul>\n<li><span class=\"product-attribute__label\">Auduma sast\u0101vs:<\/span><span class=\"product-attribute__value\" data-attribute-code=\"fabric_composition\"> 100% kokvilna<\/span><\/li>\n<li>Da\u013cu skaits: 1<\/li>\n<li>Izm\u0113ri: 35&#215;75 cm \u00b13<\/li>\n<li>Svars: 400 g\/m2<\/li>\n<\/ul>\n","protected":false},"featured_media":37694,"comment_status":"open","ping_status":"closed","template":"","meta":[],"product_brand":[],"product_cat":[443,444,438],"product_tag":[463,459,460,461,466],"class_list":{"0":"post-37683","1":"product","2":"type-product","3":"status-publish","4":"has-post-thumbnail","6":"product_cat-dvieli","7":"product_cat-dvieli-35-75","8":"product_cat-roku-dvieli","9":"product_tag-dvieli","10":"product_tag-e-komercija","11":"product_tag-e-veikals","12":"product_tag-majas-tekstils","13":"product_tag-tekstils","15":"first","16":"instock","17":"shipping-taxable","18":"purchasable","19":"product-type-simple"},"yoast_head":"<!-- This site is optimized with the Yoast SEO plugin v27.3 - https:\/\/yoast.com\/product\/yoast-seo-wordpress\/ -->\n<title>Kokvilnas dvielis (Valrieksts) - Kokvilnas dvie\u013ci 2\u20ac - Minu Baltic<\/title>\n<meta name=\"description\" content=\"Kokvilnas dvie\u013ci ir izcilas kvalit\u0101tes un lieliski j\u016btas uz \u0101das, padarot tos par ide\u0101lu izv\u0113li. To daudzveid\u012bg\u0101s kr\u0101sas pie\u0161\u0137ir katrai telpai unik\u0101lu ...\" \/>\n<meta name=\"robots\" content=\"index, follow, max-snippet:-1, max-image-preview:large, max-video-preview:-1\" \/>\n<link rel=\"canonical\" href=\"https:\/\/minubaltic.ee\/lv\/e-pood\/roku-dvieli\/kokvilnas-dvielis-valrieksts\/\" \/>\n<meta property=\"og:locale\" content=\"lv_LV\" \/>\n<meta property=\"og:type\" content=\"article\" \/>\n<meta property=\"og:title\" content=\"Kokvilnas dvielis (Valrieksts) - Kokvilnas dvie\u013ci 2\u20ac - Minu Baltic\" \/>\n<meta property=\"og:description\" content=\"Kokvilnas dvie\u013ci ir izcilas kvalit\u0101tes un lieliski j\u016btas uz \u0101das, padarot tos par ide\u0101lu izv\u0113li. To daudzveid\u012bg\u0101s kr\u0101sas pie\u0161\u0137ir katrai telpai unik\u0101lu ...\" \/>\n<meta property=\"og:url\" content=\"https:\/\/minubaltic.ee\/lv\/e-pood\/roku-dvieli\/kokvilnas-dvielis-valrieksts\/\" \/>\n<meta property=\"article:publisher\" content=\"https:\/\/www.facebook.com\/minubaltic\" \/>\n<meta property=\"article:modified_time\" content=\"2024-10-26T23:17:20+00:00\" \/>\n<meta property=\"og:image\" content=\"https:\/\/minubaltic.ee\/wp-content\/uploads\/2024\/10\/Puuvillane-ratik-23.jpg\" \/>\n\t<meta property=\"og:image:width\" content=\"800\" \/>\n\t<meta property=\"og:image:height\" content=\"800\" \/>\n\t<meta property=\"og:image:type\" content=\"image\/jpeg\" \/>\n<meta name=\"twitter:card\" content=\"summary_large_image\" \/>\n<meta name=\"twitter:label1\" content=\"Est. reading time\" \/>\n\t<meta name=\"twitter:data1\" content=\"1 minute\" \/>\n<script type=\"application\/ld+json\" class=\"yoast-schema-graph\">{\"@context\":\"https:\\\/\\\/schema.org\",\"@graph\":[{\"@type\":\"WebPage\",\"@id\":\"https:\\\/\\\/minubaltic.ee\\\/lv\\\/e-pood\\\/roku-dvieli\\\/kokvilnas-dvielis-valrieksts\\\/\",\"url\":\"https:\\\/\\\/minubaltic.ee\\\/lv\\\/e-pood\\\/roku-dvieli\\\/kokvilnas-dvielis-valrieksts\\\/\",\"name\":\"Kokvilnas dvielis (Valrieksts) - Kokvilnas dvie\u013ci 2\u20ac - Minu Baltic\",\"isPartOf\":{\"@id\":\"https:\\\/\\\/minubaltic.ee\\\/lv\\\/#website\"},\"primaryImageOfPage\":{\"@id\":\"https:\\\/\\\/minubaltic.ee\\\/lv\\\/e-pood\\\/roku-dvieli\\\/kokvilnas-dvielis-valrieksts\\\/#primaryimage\"},\"image\":{\"@id\":\"https:\\\/\\\/minubaltic.ee\\\/lv\\\/e-pood\\\/roku-dvieli\\\/kokvilnas-dvielis-valrieksts\\\/#primaryimage\"},\"thumbnailUrl\":\"https:\\\/\\\/minubaltic.ee\\\/wp-content\\\/uploads\\\/2024\\\/10\\\/Puuvillane-ratik-23.jpg\",\"datePublished\":\"2024-10-26T23:06:12+00:00\",\"dateModified\":\"2024-10-26T23:17:20+00:00\",\"description\":\"Kokvilnas dvie\u013ci ir izcilas kvalit\u0101tes un lieliski j\u016btas uz \u0101das, padarot tos par ide\u0101lu izv\u0113li. To daudzveid\u012bg\u0101s kr\u0101sas pie\u0161\u0137ir katrai telpai unik\u0101lu ...\",\"breadcrumb\":{\"@id\":\"https:\\\/\\\/minubaltic.ee\\\/lv\\\/e-pood\\\/roku-dvieli\\\/kokvilnas-dvielis-valrieksts\\\/#breadcrumb\"},\"inLanguage\":\"lv-LV\",\"potentialAction\":[{\"@type\":\"ReadAction\",\"target\":[\"https:\\\/\\\/minubaltic.ee\\\/lv\\\/e-pood\\\/roku-dvieli\\\/kokvilnas-dvielis-valrieksts\\\/\"]}]},{\"@type\":\"ImageObject\",\"inLanguage\":\"lv-LV\",\"@id\":\"https:\\\/\\\/minubaltic.ee\\\/lv\\\/e-pood\\\/roku-dvieli\\\/kokvilnas-dvielis-valrieksts\\\/#primaryimage\",\"url\":\"https:\\\/\\\/minubaltic.ee\\\/wp-content\\\/uploads\\\/2024\\\/10\\\/Puuvillane-ratik-23.jpg\",\"contentUrl\":\"https:\\\/\\\/minubaltic.ee\\\/wp-content\\\/uploads\\\/2024\\\/10\\\/Puuvillane-ratik-23.jpg\",\"width\":800,\"height\":800},{\"@type\":\"BreadcrumbList\",\"@id\":\"https:\\\/\\\/minubaltic.ee\\\/lv\\\/e-pood\\\/roku-dvieli\\\/kokvilnas-dvielis-valrieksts\\\/#breadcrumb\",\"itemListElement\":[{\"@type\":\"ListItem\",\"position\":1,\"name\":\"S\u0101kums\",\"item\":\"https:\\\/\\\/minubaltic.ee\\\/lv\\\/\"},{\"@type\":\"ListItem\",\"position\":2,\"name\":\"E-veikals\",\"item\":\"https:\\\/\\\/minubaltic.ee\\\/lv\\\/e-veikals\\\/\"},{\"@type\":\"ListItem\",\"position\":3,\"name\":\"Kokvilnas dvielis (Valrieksts)\"}]},{\"@type\":\"WebSite\",\"@id\":\"https:\\\/\\\/minubaltic.ee\\\/lv\\\/#website\",\"url\":\"https:\\\/\\\/minubaltic.ee\\\/lv\\\/\",\"name\":\"minubaltic.ee\",\"description\":\"\",\"publisher\":{\"@id\":\"https:\\\/\\\/minubaltic.ee\\\/lv\\\/#organization\"},\"potentialAction\":[{\"@type\":\"SearchAction\",\"target\":{\"@type\":\"EntryPoint\",\"urlTemplate\":\"https:\\\/\\\/minubaltic.ee\\\/lv\\\/?s={search_term_string}\"},\"query-input\":{\"@type\":\"PropertyValueSpecification\",\"valueRequired\":true,\"valueName\":\"search_term_string\"}}],\"inLanguage\":\"lv-LV\"},{\"@type\":\"Organization\",\"@id\":\"https:\\\/\\\/minubaltic.ee\\\/lv\\\/#organization\",\"name\":\"Minu Baltic O\u00dc\",\"url\":\"https:\\\/\\\/minubaltic.ee\\\/lv\\\/\",\"logo\":{\"@type\":\"ImageObject\",\"inLanguage\":\"lv-LV\",\"@id\":\"https:\\\/\\\/minubaltic.ee\\\/lv\\\/#\\\/schema\\\/logo\\\/image\\\/\",\"url\":\"https:\\\/\\\/minubaltic.ee\\\/wp-content\\\/uploads\\\/2023\\\/10\\\/cropped-cropped-cropped-logo.png\",\"contentUrl\":\"https:\\\/\\\/minubaltic.ee\\\/wp-content\\\/uploads\\\/2023\\\/10\\\/cropped-cropped-cropped-logo.png\",\"width\":500,\"height\":237,\"caption\":\"Minu Baltic O\u00dc\"},\"image\":{\"@id\":\"https:\\\/\\\/minubaltic.ee\\\/lv\\\/#\\\/schema\\\/logo\\\/image\\\/\"},\"sameAs\":[\"https:\\\/\\\/www.facebook.com\\\/minubaltic\"]}]}<\/script>\n<!-- \/ Yoast SEO plugin. -->","yoast_head_json":{"title":"Kokvilnas dvielis (Valrieksts) - Kokvilnas dvie\u013ci 2\u20ac - Minu Baltic","description":"Kokvilnas dvie\u013ci ir izcilas kvalit\u0101tes un lieliski j\u016btas uz \u0101das, padarot tos par ide\u0101lu izv\u0113li. To daudzveid\u012bg\u0101s kr\u0101sas pie\u0161\u0137ir katrai telpai unik\u0101lu ...","robots":{"index":"index","follow":"follow","max-snippet":"max-snippet:-1","max-image-preview":"max-image-preview:large","max-video-preview":"max-video-preview:-1"},"canonical":"https:\/\/minubaltic.ee\/lv\/e-pood\/roku-dvieli\/kokvilnas-dvielis-valrieksts\/","og_locale":"lv_LV","og_type":"article","og_title":"Kokvilnas dvielis (Valrieksts) - Kokvilnas dvie\u013ci 2\u20ac - Minu Baltic","og_description":"Kokvilnas dvie\u013ci ir izcilas kvalit\u0101tes un lieliski j\u016btas uz \u0101das, padarot tos par ide\u0101lu izv\u0113li. To daudzveid\u012bg\u0101s kr\u0101sas pie\u0161\u0137ir katrai telpai unik\u0101lu ...","og_url":"https:\/\/minubaltic.ee\/lv\/e-pood\/roku-dvieli\/kokvilnas-dvielis-valrieksts\/","article_publisher":"https:\/\/www.facebook.com\/minubaltic","article_modified_time":"2024-10-26T23:17:20+00:00","og_image":[{"width":800,"height":800,"url":"https:\/\/minubaltic.ee\/wp-content\/uploads\/2024\/10\/Puuvillane-ratik-23.jpg","type":"image\/jpeg"}],"twitter_card":"summary_large_image","twitter_misc":{"Est. reading time":"1 minute"},"schema":{"@context":"https:\/\/schema.org","@graph":[{"@type":"WebPage","@id":"https:\/\/minubaltic.ee\/lv\/e-pood\/roku-dvieli\/kokvilnas-dvielis-valrieksts\/","url":"https:\/\/minubaltic.ee\/lv\/e-pood\/roku-dvieli\/kokvilnas-dvielis-valrieksts\/","name":"Kokvilnas dvielis (Valrieksts) - Kokvilnas dvie\u013ci 2\u20ac - Minu Baltic","isPartOf":{"@id":"https:\/\/minubaltic.ee\/lv\/#website"},"primaryImageOfPage":{"@id":"https:\/\/minubaltic.ee\/lv\/e-pood\/roku-dvieli\/kokvilnas-dvielis-valrieksts\/#primaryimage"},"image":{"@id":"https:\/\/minubaltic.ee\/lv\/e-pood\/roku-dvieli\/kokvilnas-dvielis-valrieksts\/#primaryimage"},"thumbnailUrl":"https:\/\/minubaltic.ee\/wp-content\/uploads\/2024\/10\/Puuvillane-ratik-23.jpg","datePublished":"2024-10-26T23:06:12+00:00","dateModified":"2024-10-26T23:17:20+00:00","description":"Kokvilnas dvie\u013ci ir izcilas kvalit\u0101tes un lieliski j\u016btas uz \u0101das, padarot tos par ide\u0101lu izv\u0113li. To daudzveid\u012bg\u0101s kr\u0101sas pie\u0161\u0137ir katrai telpai unik\u0101lu ...","breadcrumb":{"@id":"https:\/\/minubaltic.ee\/lv\/e-pood\/roku-dvieli\/kokvilnas-dvielis-valrieksts\/#breadcrumb"},"inLanguage":"lv-LV","potentialAction":[{"@type":"ReadAction","target":["https:\/\/minubaltic.ee\/lv\/e-pood\/roku-dvieli\/kokvilnas-dvielis-valrieksts\/"]}]},{"@type":"ImageObject","inLanguage":"lv-LV","@id":"https:\/\/minubaltic.ee\/lv\/e-pood\/roku-dvieli\/kokvilnas-dvielis-valrieksts\/#primaryimage","url":"https:\/\/minubaltic.ee\/wp-content\/uploads\/2024\/10\/Puuvillane-ratik-23.jpg","contentUrl":"https:\/\/minubaltic.ee\/wp-content\/uploads\/2024\/10\/Puuvillane-ratik-23.jpg","width":800,"height":800},{"@type":"BreadcrumbList","@id":"https:\/\/minubaltic.ee\/lv\/e-pood\/roku-dvieli\/kokvilnas-dvielis-valrieksts\/#breadcrumb","itemListElement":[{"@type":"ListItem","position":1,"name":"S\u0101kums","item":"https:\/\/minubaltic.ee\/lv\/"},{"@type":"ListItem","position":2,"name":"E-veikals","item":"https:\/\/minubaltic.ee\/lv\/e-veikals\/"},{"@type":"ListItem","position":3,"name":"Kokvilnas dvielis (Valrieksts)"}]},{"@type":"WebSite","@id":"https:\/\/minubaltic.ee\/lv\/#website","url":"https:\/\/minubaltic.ee\/lv\/","name":"minubaltic.ee","description":"","publisher":{"@id":"https:\/\/minubaltic.ee\/lv\/#organization"},"potentialAction":[{"@type":"SearchAction","target":{"@type":"EntryPoint","urlTemplate":"https:\/\/minubaltic.ee\/lv\/?s={search_term_string}"},"query-input":{"@type":"PropertyValueSpecification","valueRequired":true,"valueName":"search_term_string"}}],"inLanguage":"lv-LV"},{"@type":"Organization","@id":"https:\/\/minubaltic.ee\/lv\/#organization","name":"Minu Baltic O\u00dc","url":"https:\/\/minubaltic.ee\/lv\/","logo":{"@type":"ImageObject","inLanguage":"lv-LV","@id":"https:\/\/minubaltic.ee\/lv\/#\/schema\/logo\/image\/","url":"https:\/\/minubaltic.ee\/wp-content\/uploads\/2023\/10\/cropped-cropped-cropped-logo.png","contentUrl":"https:\/\/minubaltic.ee\/wp-content\/uploads\/2023\/10\/cropped-cropped-cropped-logo.png","width":500,"height":237,"caption":"Minu Baltic O\u00dc"},"image":{"@id":"https:\/\/minubaltic.ee\/lv\/#\/schema\/logo\/image\/"},"sameAs":["https:\/\/www.facebook.com\/minubaltic"]}]}},"_links":{"self":[{"href":"https:\/\/minubaltic.ee\/lv\/wp-json\/wp\/v2\/product\/37683","targetHints":{"allow":["GET"]}}],"collection":[{"href":"https:\/\/minubaltic.ee\/lv\/wp-json\/wp\/v2\/product"}],"about":[{"href":"https:\/\/minubaltic.ee\/lv\/wp-json\/wp\/v2\/types\/product"}],"replies":[{"embeddable":true,"href":"https:\/\/minubaltic.ee\/lv\/wp-json\/wp\/v2\/comments?post=37683"}],"version-history":[{"count":2,"href":"https:\/\/minubaltic.ee\/lv\/wp-json\/wp\/v2\/product\/37683\/revisions"}],"predecessor-version":[{"id":37713,"href":"https:\/\/minubaltic.ee\/lv\/wp-json\/wp\/v2\/product\/37683\/revisions\/37713"}],"wp:featuredmedia":[{"embeddable":true,"href":"https:\/\/minubaltic.ee\/lv\/wp-json\/wp\/v2\/media\/37694"}],"wp:attachment":[{"href":"https:\/\/minubaltic.ee\/lv\/wp-json\/wp\/v2\/media?parent=37683"}],"wp:term":[{"taxonomy":"product_brand","embeddable":true,"href":"https:\/\/minubaltic.ee\/lv\/wp-json\/wp\/v2\/product_brand?post=37683"},{"taxonomy":"product_cat","embeddable":true,"href":"https:\/\/minubaltic.ee\/lv\/wp-json\/wp\/v2\/product_cat?post=37683"},{"taxonomy":"product_tag","embeddable":true,"href":"https:\/\/minubaltic.ee\/lv\/wp-json\/wp\/v2\/product_tag?post=37683"}],"curies":[{"name":"wp","href":"https:\/\/api.w.org\/{rel}","templated":true}]}}