{"id":35315,"date":"2024-09-06T16:19:58","date_gmt":"2024-09-06T13:19:58","guid":{"rendered":"https:\/\/minubaltic.ee\/?post_type=product&#038;p=35315"},"modified":"2024-09-06T16:48:39","modified_gmt":"2024-09-06T13:48:39","slug":"velvet-gultas-velas-komplekts-indes-zals","status":"publish","type":"product","link":"https:\/\/minubaltic.ee\/lv\/e-pood\/gultas-vela\/velvet-gultas-velas-komplekts-indes-zals\/","title":{"rendered":"Velvet gultas ve\u013cas komplekts | Indes za\u013c\u0161"},"content":{"rendered":"<ul>\n<li><span class=\"product-attribute__label\"><strong>Audums:<\/strong> 100% velvet<\/span><\/li>\n<li><strong>Segas p\u0101rvalka<span class=\"product-attribute__label\">:<\/span><\/strong> 200\u00d7230<\/li>\n<li><strong>Palaga<span class=\"product-attribute__label\">:<\/span><\/strong> 230\u00d7240<\/li>\n<li><strong>Spilvendr\u0101nu<span class=\"product-attribute__label\">:<\/span><\/strong> 50\u00d770 (2 gab.)<\/li>\n<li>Produktu att\u0113li ir ilustrat\u012bvi<\/li>\n<\/ul>\n","protected":false},"excerpt":{"rendered":"<p>Vien\u012bgais gultas ve\u013cas komplekts, kas ir superm\u012bksts un silts. Segas p\u0101rvalka komplekts ar p\u016bkainu samtainu tekst\u016bru, kas pie\u0161\u0137ir j\u016bsu gu\u013camistabai eleganci un est\u0113tisku piesk\u0101rienu.<\/p>\n","protected":false},"featured_media":35320,"comment_status":"open","ping_status":"closed","template":"","meta":[],"product_brand":[],"product_cat":[455,618,613,598,632],"product_tag":[459,460,467,466],"class_list":{"0":"post-35315","1":"product","2":"type-product","3":"status-publish","4":"has-post-thumbnail","6":"product_cat-gultas-vela","7":"product_cat-gultas-velas-komplekti","8":"product_cat-gultas-velas-komplekti-200-230","9":"product_cat-velvet-gultas-velas-komplekti","10":"product_cat-velvet-gultas-velas-komplekti-lv","11":"product_tag-e-komercija","12":"product_tag-e-veikals","13":"product_tag-gultas-vela","14":"product_tag-tekstils","16":"first","17":"outofstock","18":"sale","19":"shipping-taxable","20":"purchasable","21":"product-type-simple"},"yoast_head":"<!-- This site is optimized with the Yoast SEO plugin v27.3 - https:\/\/yoast.com\/product\/yoast-seo-wordpress\/ -->\n<title>Velvet gultas ve\u013cas komplekts | Indes za\u013c\u0161 - atlaide l\u012bdz 50%<\/title>\n<meta name=\"description\" content=\"Vien\u012bgais gultas ve\u013cas komplekts, kas ir superm\u012bksts un silts. Segas p\u0101rvalka komplekts ar p\u016bkainu samtainu tekst\u016bru, kas pie\u0161\u0137ir j\u016bsu gu\u013camistabai eleganci\" \/>\n<meta name=\"robots\" content=\"index, follow, max-snippet:-1, max-image-preview:large, max-video-preview:-1\" \/>\n<link rel=\"canonical\" href=\"https:\/\/minubaltic.ee\/lv\/e-pood\/gultas-vela\/velvet-gultas-velas-komplekts-indes-zals\/\" \/>\n<meta property=\"og:locale\" content=\"lv_LV\" \/>\n<meta property=\"og:type\" content=\"article\" \/>\n<meta property=\"og:title\" content=\"Velvet gultas ve\u013cas komplekts | Indes za\u013c\u0161 - atlaide l\u012bdz 50%\" \/>\n<meta property=\"og:description\" content=\"Vien\u012bgais gultas ve\u013cas komplekts, kas ir superm\u012bksts un silts. Segas p\u0101rvalka komplekts ar p\u016bkainu samtainu tekst\u016bru, kas pie\u0161\u0137ir j\u016bsu gu\u013camistabai eleganci\" \/>\n<meta property=\"og:url\" content=\"https:\/\/minubaltic.ee\/lv\/e-pood\/gultas-vela\/velvet-gultas-velas-komplekts-indes-zals\/\" \/>\n<meta property=\"article:publisher\" content=\"https:\/\/www.facebook.com\/minubaltic\" \/>\n<meta property=\"article:modified_time\" content=\"2024-09-06T13:48:39+00:00\" \/>\n<meta property=\"og:image\" content=\"https:\/\/minubaltic.ee\/wp-content\/uploads\/2024\/09\/Velvet-voodipesukomplekt-13.jpg\" \/>\n\t<meta property=\"og:image:width\" content=\"800\" \/>\n\t<meta property=\"og:image:height\" content=\"800\" \/>\n\t<meta property=\"og:image:type\" content=\"image\/jpeg\" \/>\n<meta name=\"twitter:card\" content=\"summary_large_image\" \/>\n<meta name=\"twitter:label1\" content=\"Est. reading time\" \/>\n\t<meta name=\"twitter:data1\" content=\"1 minute\" \/>\n<script type=\"application\/ld+json\" class=\"yoast-schema-graph\">{\"@context\":\"https:\\\/\\\/schema.org\",\"@graph\":[{\"@type\":\"WebPage\",\"@id\":\"https:\\\/\\\/minubaltic.ee\\\/lv\\\/e-pood\\\/gultas-vela\\\/velvet-gultas-velas-komplekts-indes-zals\\\/\",\"url\":\"https:\\\/\\\/minubaltic.ee\\\/lv\\\/e-pood\\\/gultas-vela\\\/velvet-gultas-velas-komplekts-indes-zals\\\/\",\"name\":\"Velvet gultas ve\u013cas komplekts | Indes za\u013c\u0161 - atlaide l\u012bdz 50%\",\"isPartOf\":{\"@id\":\"https:\\\/\\\/minubaltic.ee\\\/lv\\\/#website\"},\"primaryImageOfPage\":{\"@id\":\"https:\\\/\\\/minubaltic.ee\\\/lv\\\/e-pood\\\/gultas-vela\\\/velvet-gultas-velas-komplekts-indes-zals\\\/#primaryimage\"},\"image\":{\"@id\":\"https:\\\/\\\/minubaltic.ee\\\/lv\\\/e-pood\\\/gultas-vela\\\/velvet-gultas-velas-komplekts-indes-zals\\\/#primaryimage\"},\"thumbnailUrl\":\"https:\\\/\\\/minubaltic.ee\\\/wp-content\\\/uploads\\\/2024\\\/09\\\/Velvet-voodipesukomplekt-13.jpg\",\"datePublished\":\"2024-09-06T13:19:58+00:00\",\"dateModified\":\"2024-09-06T13:48:39+00:00\",\"description\":\"Vien\u012bgais gultas ve\u013cas komplekts, kas ir superm\u012bksts un silts. Segas p\u0101rvalka komplekts ar p\u016bkainu samtainu tekst\u016bru, kas pie\u0161\u0137ir j\u016bsu gu\u013camistabai eleganci\",\"breadcrumb\":{\"@id\":\"https:\\\/\\\/minubaltic.ee\\\/lv\\\/e-pood\\\/gultas-vela\\\/velvet-gultas-velas-komplekts-indes-zals\\\/#breadcrumb\"},\"inLanguage\":\"lv-LV\",\"potentialAction\":[{\"@type\":\"ReadAction\",\"target\":[\"https:\\\/\\\/minubaltic.ee\\\/lv\\\/e-pood\\\/gultas-vela\\\/velvet-gultas-velas-komplekts-indes-zals\\\/\"]}]},{\"@type\":\"ImageObject\",\"inLanguage\":\"lv-LV\",\"@id\":\"https:\\\/\\\/minubaltic.ee\\\/lv\\\/e-pood\\\/gultas-vela\\\/velvet-gultas-velas-komplekts-indes-zals\\\/#primaryimage\",\"url\":\"https:\\\/\\\/minubaltic.ee\\\/wp-content\\\/uploads\\\/2024\\\/09\\\/Velvet-voodipesukomplekt-13.jpg\",\"contentUrl\":\"https:\\\/\\\/minubaltic.ee\\\/wp-content\\\/uploads\\\/2024\\\/09\\\/Velvet-voodipesukomplekt-13.jpg\",\"width\":800,\"height\":800},{\"@type\":\"BreadcrumbList\",\"@id\":\"https:\\\/\\\/minubaltic.ee\\\/lv\\\/e-pood\\\/gultas-vela\\\/velvet-gultas-velas-komplekts-indes-zals\\\/#breadcrumb\",\"itemListElement\":[{\"@type\":\"ListItem\",\"position\":1,\"name\":\"S\u0101kums\",\"item\":\"https:\\\/\\\/minubaltic.ee\\\/lv\\\/\"},{\"@type\":\"ListItem\",\"position\":2,\"name\":\"E-veikals\",\"item\":\"https:\\\/\\\/minubaltic.ee\\\/lv\\\/e-veikals\\\/\"},{\"@type\":\"ListItem\",\"position\":3,\"name\":\"Velvet gultas ve\u013cas komplekts | Indes za\u013c\u0161\"}]},{\"@type\":\"WebSite\",\"@id\":\"https:\\\/\\\/minubaltic.ee\\\/lv\\\/#website\",\"url\":\"https:\\\/\\\/minubaltic.ee\\\/lv\\\/\",\"name\":\"minubaltic.ee\",\"description\":\"\",\"publisher\":{\"@id\":\"https:\\\/\\\/minubaltic.ee\\\/lv\\\/#organization\"},\"potentialAction\":[{\"@type\":\"SearchAction\",\"target\":{\"@type\":\"EntryPoint\",\"urlTemplate\":\"https:\\\/\\\/minubaltic.ee\\\/lv\\\/?s={search_term_string}\"},\"query-input\":{\"@type\":\"PropertyValueSpecification\",\"valueRequired\":true,\"valueName\":\"search_term_string\"}}],\"inLanguage\":\"lv-LV\"},{\"@type\":\"Organization\",\"@id\":\"https:\\\/\\\/minubaltic.ee\\\/lv\\\/#organization\",\"name\":\"Minu Baltic O\u00dc\",\"url\":\"https:\\\/\\\/minubaltic.ee\\\/lv\\\/\",\"logo\":{\"@type\":\"ImageObject\",\"inLanguage\":\"lv-LV\",\"@id\":\"https:\\\/\\\/minubaltic.ee\\\/lv\\\/#\\\/schema\\\/logo\\\/image\\\/\",\"url\":\"https:\\\/\\\/minubaltic.ee\\\/wp-content\\\/uploads\\\/2023\\\/10\\\/cropped-cropped-cropped-logo.png\",\"contentUrl\":\"https:\\\/\\\/minubaltic.ee\\\/wp-content\\\/uploads\\\/2023\\\/10\\\/cropped-cropped-cropped-logo.png\",\"width\":500,\"height\":237,\"caption\":\"Minu Baltic O\u00dc\"},\"image\":{\"@id\":\"https:\\\/\\\/minubaltic.ee\\\/lv\\\/#\\\/schema\\\/logo\\\/image\\\/\"},\"sameAs\":[\"https:\\\/\\\/www.facebook.com\\\/minubaltic\"]}]}<\/script>\n<!-- \/ Yoast SEO plugin. -->","yoast_head_json":{"title":"Velvet gultas ve\u013cas komplekts | Indes za\u013c\u0161 - atlaide l\u012bdz 50%","description":"Vien\u012bgais gultas ve\u013cas komplekts, kas ir superm\u012bksts un silts. Segas p\u0101rvalka komplekts ar p\u016bkainu samtainu tekst\u016bru, kas pie\u0161\u0137ir j\u016bsu gu\u013camistabai eleganci","robots":{"index":"index","follow":"follow","max-snippet":"max-snippet:-1","max-image-preview":"max-image-preview:large","max-video-preview":"max-video-preview:-1"},"canonical":"https:\/\/minubaltic.ee\/lv\/e-pood\/gultas-vela\/velvet-gultas-velas-komplekts-indes-zals\/","og_locale":"lv_LV","og_type":"article","og_title":"Velvet gultas ve\u013cas komplekts | Indes za\u013c\u0161 - atlaide l\u012bdz 50%","og_description":"Vien\u012bgais gultas ve\u013cas komplekts, kas ir superm\u012bksts un silts. Segas p\u0101rvalka komplekts ar p\u016bkainu samtainu tekst\u016bru, kas pie\u0161\u0137ir j\u016bsu gu\u013camistabai eleganci","og_url":"https:\/\/minubaltic.ee\/lv\/e-pood\/gultas-vela\/velvet-gultas-velas-komplekts-indes-zals\/","article_publisher":"https:\/\/www.facebook.com\/minubaltic","article_modified_time":"2024-09-06T13:48:39+00:00","og_image":[{"width":800,"height":800,"url":"https:\/\/minubaltic.ee\/wp-content\/uploads\/2024\/09\/Velvet-voodipesukomplekt-13.jpg","type":"image\/jpeg"}],"twitter_card":"summary_large_image","twitter_misc":{"Est. reading time":"1 minute"},"schema":{"@context":"https:\/\/schema.org","@graph":[{"@type":"WebPage","@id":"https:\/\/minubaltic.ee\/lv\/e-pood\/gultas-vela\/velvet-gultas-velas-komplekts-indes-zals\/","url":"https:\/\/minubaltic.ee\/lv\/e-pood\/gultas-vela\/velvet-gultas-velas-komplekts-indes-zals\/","name":"Velvet gultas ve\u013cas komplekts | Indes za\u013c\u0161 - atlaide l\u012bdz 50%","isPartOf":{"@id":"https:\/\/minubaltic.ee\/lv\/#website"},"primaryImageOfPage":{"@id":"https:\/\/minubaltic.ee\/lv\/e-pood\/gultas-vela\/velvet-gultas-velas-komplekts-indes-zals\/#primaryimage"},"image":{"@id":"https:\/\/minubaltic.ee\/lv\/e-pood\/gultas-vela\/velvet-gultas-velas-komplekts-indes-zals\/#primaryimage"},"thumbnailUrl":"https:\/\/minubaltic.ee\/wp-content\/uploads\/2024\/09\/Velvet-voodipesukomplekt-13.jpg","datePublished":"2024-09-06T13:19:58+00:00","dateModified":"2024-09-06T13:48:39+00:00","description":"Vien\u012bgais gultas ve\u013cas komplekts, kas ir superm\u012bksts un silts. Segas p\u0101rvalka komplekts ar p\u016bkainu samtainu tekst\u016bru, kas pie\u0161\u0137ir j\u016bsu gu\u013camistabai eleganci","breadcrumb":{"@id":"https:\/\/minubaltic.ee\/lv\/e-pood\/gultas-vela\/velvet-gultas-velas-komplekts-indes-zals\/#breadcrumb"},"inLanguage":"lv-LV","potentialAction":[{"@type":"ReadAction","target":["https:\/\/minubaltic.ee\/lv\/e-pood\/gultas-vela\/velvet-gultas-velas-komplekts-indes-zals\/"]}]},{"@type":"ImageObject","inLanguage":"lv-LV","@id":"https:\/\/minubaltic.ee\/lv\/e-pood\/gultas-vela\/velvet-gultas-velas-komplekts-indes-zals\/#primaryimage","url":"https:\/\/minubaltic.ee\/wp-content\/uploads\/2024\/09\/Velvet-voodipesukomplekt-13.jpg","contentUrl":"https:\/\/minubaltic.ee\/wp-content\/uploads\/2024\/09\/Velvet-voodipesukomplekt-13.jpg","width":800,"height":800},{"@type":"BreadcrumbList","@id":"https:\/\/minubaltic.ee\/lv\/e-pood\/gultas-vela\/velvet-gultas-velas-komplekts-indes-zals\/#breadcrumb","itemListElement":[{"@type":"ListItem","position":1,"name":"S\u0101kums","item":"https:\/\/minubaltic.ee\/lv\/"},{"@type":"ListItem","position":2,"name":"E-veikals","item":"https:\/\/minubaltic.ee\/lv\/e-veikals\/"},{"@type":"ListItem","position":3,"name":"Velvet gultas ve\u013cas komplekts | Indes za\u013c\u0161"}]},{"@type":"WebSite","@id":"https:\/\/minubaltic.ee\/lv\/#website","url":"https:\/\/minubaltic.ee\/lv\/","name":"minubaltic.ee","description":"","publisher":{"@id":"https:\/\/minubaltic.ee\/lv\/#organization"},"potentialAction":[{"@type":"SearchAction","target":{"@type":"EntryPoint","urlTemplate":"https:\/\/minubaltic.ee\/lv\/?s={search_term_string}"},"query-input":{"@type":"PropertyValueSpecification","valueRequired":true,"valueName":"search_term_string"}}],"inLanguage":"lv-LV"},{"@type":"Organization","@id":"https:\/\/minubaltic.ee\/lv\/#organization","name":"Minu Baltic O\u00dc","url":"https:\/\/minubaltic.ee\/lv\/","logo":{"@type":"ImageObject","inLanguage":"lv-LV","@id":"https:\/\/minubaltic.ee\/lv\/#\/schema\/logo\/image\/","url":"https:\/\/minubaltic.ee\/wp-content\/uploads\/2023\/10\/cropped-cropped-cropped-logo.png","contentUrl":"https:\/\/minubaltic.ee\/wp-content\/uploads\/2023\/10\/cropped-cropped-cropped-logo.png","width":500,"height":237,"caption":"Minu Baltic O\u00dc"},"image":{"@id":"https:\/\/minubaltic.ee\/lv\/#\/schema\/logo\/image\/"},"sameAs":["https:\/\/www.facebook.com\/minubaltic"]}]}},"_links":{"self":[{"href":"https:\/\/minubaltic.ee\/lv\/wp-json\/wp\/v2\/product\/35315","targetHints":{"allow":["GET"]}}],"collection":[{"href":"https:\/\/minubaltic.ee\/lv\/wp-json\/wp\/v2\/product"}],"about":[{"href":"https:\/\/minubaltic.ee\/lv\/wp-json\/wp\/v2\/types\/product"}],"replies":[{"embeddable":true,"href":"https:\/\/minubaltic.ee\/lv\/wp-json\/wp\/v2\/comments?post=35315"}],"version-history":[{"count":2,"href":"https:\/\/minubaltic.ee\/lv\/wp-json\/wp\/v2\/product\/35315\/revisions"}],"predecessor-version":[{"id":35464,"href":"https:\/\/minubaltic.ee\/lv\/wp-json\/wp\/v2\/product\/35315\/revisions\/35464"}],"wp:featuredmedia":[{"embeddable":true,"href":"https:\/\/minubaltic.ee\/lv\/wp-json\/wp\/v2\/media\/35320"}],"wp:attachment":[{"href":"https:\/\/minubaltic.ee\/lv\/wp-json\/wp\/v2\/media?parent=35315"}],"wp:term":[{"taxonomy":"product_brand","embeddable":true,"href":"https:\/\/minubaltic.ee\/lv\/wp-json\/wp\/v2\/product_brand?post=35315"},{"taxonomy":"product_cat","embeddable":true,"href":"https:\/\/minubaltic.ee\/lv\/wp-json\/wp\/v2\/product_cat?post=35315"},{"taxonomy":"product_tag","embeddable":true,"href":"https:\/\/minubaltic.ee\/lv\/wp-json\/wp\/v2\/product_tag?post=35315"}],"curies":[{"name":"wp","href":"https:\/\/api.w.org\/{rel}","templated":true}]}}