{"id":35038,"date":"2024-09-05T17:53:19","date_gmt":"2024-09-05T14:53:19","guid":{"rendered":"https:\/\/minubaltic.ee\/?post_type=product&#038;p=35038"},"modified":"2024-09-23T23:25:30","modified_gmt":"2024-09-23T20:25:30","slug":"vannas-dvielis-70x140-citronu","status":"publish","type":"product","link":"https:\/\/minubaltic.ee\/lv\/e-pood\/bambusa-dvieli\/bambusa-vannas-dvieli\/vannas-dvielis-70x140-citronu\/","title":{"rendered":"Vannas dvielis 70&#215;140 (Citronu)"},"content":{"rendered":"<p>M\u012bksts un maigs dvielis ir nepiecie\u0161ams katr\u0101 vannas istab\u0101. M\u016bsu sortiment\u0101 atrad\u012bsiet da\u017e\u0101dus vannas dvie\u013cu mode\u013cus un komplektus atbilsto\u0161i v\u0113lamajam bl\u012bvumam un izm\u0113riem.<\/p>\n","protected":false},"excerpt":{"rendered":"<ul>\n<li><span class=\"product-attribute__label\">Auduma sast\u0101vs:<\/span><span class=\"product-attribute__value\" data-attribute-code=\"fabric_composition\"> 100% bambuss<\/span><\/li>\n<li>Da\u013cu skaits: 1<\/li>\n<li>Izm\u0113ri: 70&#215;140 cm<\/li>\n<li>Svars: 400 g\/m2<\/li>\n<\/ul>\n","protected":false},"featured_media":35043,"comment_status":"open","ping_status":"closed","template":"","meta":[],"product_brand":[],"product_cat":[794,797,443,448,732],"product_tag":[463,459,460,461,466],"class_list":{"0":"post-35038","1":"product","2":"type-product","3":"status-publish","4":"has-post-thumbnail","6":"product_cat-bambusa-dvieli","7":"product_cat-bambusa-vannas-dvieli","8":"product_cat-dvieli","9":"product_cat-vannas-dvieli","10":"product_cat-vannas-dvieli-70-140","11":"product_tag-dvieli","12":"product_tag-e-komercija","13":"product_tag-e-veikals","14":"product_tag-majas-tekstils","15":"product_tag-tekstils","17":"first","18":"instock","19":"shipping-taxable","20":"purchasable","21":"product-type-simple"},"yoast_head":"<!-- This site is optimized with the Yoast SEO plugin v27.3 - https:\/\/yoast.com\/product\/yoast-seo-wordpress\/ -->\n<title>Vannas dvielis 70x140 (Citronu) - Kokvilnas pirts dvie\u013ci 5\u20ac<\/title>\n<meta name=\"description\" content=\"70x140 cm kokvilnas dvielis ir ide\u0101ls izm\u0113rs. Izv\u0113lieties savu iecien\u012bt\u0101ko kr\u0101su un pie\u0161\u0137iriet savai ikdienai grezn\u012bbu ar m\u016bsu kokvilnas dvie\u013ciem.\" \/>\n<meta name=\"robots\" content=\"index, follow, max-snippet:-1, max-image-preview:large, max-video-preview:-1\" \/>\n<link rel=\"canonical\" href=\"https:\/\/minubaltic.ee\/lv\/e-pood\/bambusa-dvieli\/bambusa-vannas-dvieli\/vannas-dvielis-70x140-citronu\/\" \/>\n<meta property=\"og:locale\" content=\"lv_LV\" \/>\n<meta property=\"og:type\" content=\"article\" \/>\n<meta property=\"og:title\" content=\"Vannas dvielis 70x140 (Citronu) - Kokvilnas pirts dvie\u013ci 5\u20ac\" \/>\n<meta property=\"og:description\" content=\"70x140 cm kokvilnas dvielis ir ide\u0101ls izm\u0113rs. Izv\u0113lieties savu iecien\u012bt\u0101ko kr\u0101su un pie\u0161\u0137iriet savai ikdienai grezn\u012bbu ar m\u016bsu kokvilnas dvie\u013ciem.\" \/>\n<meta property=\"og:url\" content=\"https:\/\/minubaltic.ee\/lv\/e-pood\/bambusa-dvieli\/bambusa-vannas-dvieli\/vannas-dvielis-70x140-citronu\/\" \/>\n<meta property=\"article:publisher\" content=\"https:\/\/www.facebook.com\/minubaltic\" \/>\n<meta property=\"article:modified_time\" content=\"2024-09-23T20:25:30+00:00\" \/>\n<meta property=\"og:image\" content=\"https:\/\/minubaltic.ee\/wp-content\/uploads\/2024\/09\/Vanniratikud-70x140-cm-10.jpg\" \/>\n\t<meta property=\"og:image:width\" content=\"580\" \/>\n\t<meta property=\"og:image:height\" content=\"580\" \/>\n\t<meta property=\"og:image:type\" content=\"image\/jpeg\" \/>\n<meta name=\"twitter:card\" content=\"summary_large_image\" \/>\n<meta name=\"twitter:label1\" content=\"Est. reading time\" \/>\n\t<meta name=\"twitter:data1\" content=\"1 minute\" \/>\n<script type=\"application\/ld+json\" class=\"yoast-schema-graph\">{\"@context\":\"https:\\\/\\\/schema.org\",\"@graph\":[{\"@type\":\"WebPage\",\"@id\":\"https:\\\/\\\/minubaltic.ee\\\/lv\\\/e-pood\\\/bambusa-dvieli\\\/bambusa-vannas-dvieli\\\/vannas-dvielis-70x140-citronu\\\/\",\"url\":\"https:\\\/\\\/minubaltic.ee\\\/lv\\\/e-pood\\\/bambusa-dvieli\\\/bambusa-vannas-dvieli\\\/vannas-dvielis-70x140-citronu\\\/\",\"name\":\"Vannas dvielis 70x140 (Citronu) - Kokvilnas pirts dvie\u013ci 5\u20ac\",\"isPartOf\":{\"@id\":\"https:\\\/\\\/minubaltic.ee\\\/lv\\\/#website\"},\"primaryImageOfPage\":{\"@id\":\"https:\\\/\\\/minubaltic.ee\\\/lv\\\/e-pood\\\/bambusa-dvieli\\\/bambusa-vannas-dvieli\\\/vannas-dvielis-70x140-citronu\\\/#primaryimage\"},\"image\":{\"@id\":\"https:\\\/\\\/minubaltic.ee\\\/lv\\\/e-pood\\\/bambusa-dvieli\\\/bambusa-vannas-dvieli\\\/vannas-dvielis-70x140-citronu\\\/#primaryimage\"},\"thumbnailUrl\":\"https:\\\/\\\/minubaltic.ee\\\/wp-content\\\/uploads\\\/2024\\\/09\\\/Vanniratikud-70x140-cm-10.jpg\",\"datePublished\":\"2024-09-05T14:53:19+00:00\",\"dateModified\":\"2024-09-23T20:25:30+00:00\",\"description\":\"70x140 cm kokvilnas dvielis ir ide\u0101ls izm\u0113rs. Izv\u0113lieties savu iecien\u012bt\u0101ko kr\u0101su un pie\u0161\u0137iriet savai ikdienai grezn\u012bbu ar m\u016bsu kokvilnas dvie\u013ciem.\",\"breadcrumb\":{\"@id\":\"https:\\\/\\\/minubaltic.ee\\\/lv\\\/e-pood\\\/bambusa-dvieli\\\/bambusa-vannas-dvieli\\\/vannas-dvielis-70x140-citronu\\\/#breadcrumb\"},\"inLanguage\":\"lv-LV\",\"potentialAction\":[{\"@type\":\"ReadAction\",\"target\":[\"https:\\\/\\\/minubaltic.ee\\\/lv\\\/e-pood\\\/bambusa-dvieli\\\/bambusa-vannas-dvieli\\\/vannas-dvielis-70x140-citronu\\\/\"]}]},{\"@type\":\"ImageObject\",\"inLanguage\":\"lv-LV\",\"@id\":\"https:\\\/\\\/minubaltic.ee\\\/lv\\\/e-pood\\\/bambusa-dvieli\\\/bambusa-vannas-dvieli\\\/vannas-dvielis-70x140-citronu\\\/#primaryimage\",\"url\":\"https:\\\/\\\/minubaltic.ee\\\/wp-content\\\/uploads\\\/2024\\\/09\\\/Vanniratikud-70x140-cm-10.jpg\",\"contentUrl\":\"https:\\\/\\\/minubaltic.ee\\\/wp-content\\\/uploads\\\/2024\\\/09\\\/Vanniratikud-70x140-cm-10.jpg\",\"width\":580,\"height\":580},{\"@type\":\"BreadcrumbList\",\"@id\":\"https:\\\/\\\/minubaltic.ee\\\/lv\\\/e-pood\\\/bambusa-dvieli\\\/bambusa-vannas-dvieli\\\/vannas-dvielis-70x140-citronu\\\/#breadcrumb\",\"itemListElement\":[{\"@type\":\"ListItem\",\"position\":1,\"name\":\"S\u0101kums\",\"item\":\"https:\\\/\\\/minubaltic.ee\\\/lv\\\/\"},{\"@type\":\"ListItem\",\"position\":2,\"name\":\"E-veikals\",\"item\":\"https:\\\/\\\/minubaltic.ee\\\/lv\\\/e-veikals\\\/\"},{\"@type\":\"ListItem\",\"position\":3,\"name\":\"Vannas dvielis 70&#215;140 (Citronu)\"}]},{\"@type\":\"WebSite\",\"@id\":\"https:\\\/\\\/minubaltic.ee\\\/lv\\\/#website\",\"url\":\"https:\\\/\\\/minubaltic.ee\\\/lv\\\/\",\"name\":\"minubaltic.ee\",\"description\":\"\",\"publisher\":{\"@id\":\"https:\\\/\\\/minubaltic.ee\\\/lv\\\/#organization\"},\"potentialAction\":[{\"@type\":\"SearchAction\",\"target\":{\"@type\":\"EntryPoint\",\"urlTemplate\":\"https:\\\/\\\/minubaltic.ee\\\/lv\\\/?s={search_term_string}\"},\"query-input\":{\"@type\":\"PropertyValueSpecification\",\"valueRequired\":true,\"valueName\":\"search_term_string\"}}],\"inLanguage\":\"lv-LV\"},{\"@type\":\"Organization\",\"@id\":\"https:\\\/\\\/minubaltic.ee\\\/lv\\\/#organization\",\"name\":\"Minu Baltic O\u00dc\",\"url\":\"https:\\\/\\\/minubaltic.ee\\\/lv\\\/\",\"logo\":{\"@type\":\"ImageObject\",\"inLanguage\":\"lv-LV\",\"@id\":\"https:\\\/\\\/minubaltic.ee\\\/lv\\\/#\\\/schema\\\/logo\\\/image\\\/\",\"url\":\"https:\\\/\\\/minubaltic.ee\\\/wp-content\\\/uploads\\\/2023\\\/10\\\/cropped-cropped-cropped-logo.png\",\"contentUrl\":\"https:\\\/\\\/minubaltic.ee\\\/wp-content\\\/uploads\\\/2023\\\/10\\\/cropped-cropped-cropped-logo.png\",\"width\":500,\"height\":237,\"caption\":\"Minu Baltic O\u00dc\"},\"image\":{\"@id\":\"https:\\\/\\\/minubaltic.ee\\\/lv\\\/#\\\/schema\\\/logo\\\/image\\\/\"},\"sameAs\":[\"https:\\\/\\\/www.facebook.com\\\/minubaltic\"]}]}<\/script>\n<!-- \/ Yoast SEO plugin. -->","yoast_head_json":{"title":"Vannas dvielis 70x140 (Citronu) - Kokvilnas pirts dvie\u013ci 5\u20ac","description":"70x140 cm kokvilnas dvielis ir ide\u0101ls izm\u0113rs. Izv\u0113lieties savu iecien\u012bt\u0101ko kr\u0101su un pie\u0161\u0137iriet savai ikdienai grezn\u012bbu ar m\u016bsu kokvilnas dvie\u013ciem.","robots":{"index":"index","follow":"follow","max-snippet":"max-snippet:-1","max-image-preview":"max-image-preview:large","max-video-preview":"max-video-preview:-1"},"canonical":"https:\/\/minubaltic.ee\/lv\/e-pood\/bambusa-dvieli\/bambusa-vannas-dvieli\/vannas-dvielis-70x140-citronu\/","og_locale":"lv_LV","og_type":"article","og_title":"Vannas dvielis 70x140 (Citronu) - Kokvilnas pirts dvie\u013ci 5\u20ac","og_description":"70x140 cm kokvilnas dvielis ir ide\u0101ls izm\u0113rs. Izv\u0113lieties savu iecien\u012bt\u0101ko kr\u0101su un pie\u0161\u0137iriet savai ikdienai grezn\u012bbu ar m\u016bsu kokvilnas dvie\u013ciem.","og_url":"https:\/\/minubaltic.ee\/lv\/e-pood\/bambusa-dvieli\/bambusa-vannas-dvieli\/vannas-dvielis-70x140-citronu\/","article_publisher":"https:\/\/www.facebook.com\/minubaltic","article_modified_time":"2024-09-23T20:25:30+00:00","og_image":[{"width":580,"height":580,"url":"https:\/\/minubaltic.ee\/wp-content\/uploads\/2024\/09\/Vanniratikud-70x140-cm-10.jpg","type":"image\/jpeg"}],"twitter_card":"summary_large_image","twitter_misc":{"Est. reading time":"1 minute"},"schema":{"@context":"https:\/\/schema.org","@graph":[{"@type":"WebPage","@id":"https:\/\/minubaltic.ee\/lv\/e-pood\/bambusa-dvieli\/bambusa-vannas-dvieli\/vannas-dvielis-70x140-citronu\/","url":"https:\/\/minubaltic.ee\/lv\/e-pood\/bambusa-dvieli\/bambusa-vannas-dvieli\/vannas-dvielis-70x140-citronu\/","name":"Vannas dvielis 70x140 (Citronu) - Kokvilnas pirts dvie\u013ci 5\u20ac","isPartOf":{"@id":"https:\/\/minubaltic.ee\/lv\/#website"},"primaryImageOfPage":{"@id":"https:\/\/minubaltic.ee\/lv\/e-pood\/bambusa-dvieli\/bambusa-vannas-dvieli\/vannas-dvielis-70x140-citronu\/#primaryimage"},"image":{"@id":"https:\/\/minubaltic.ee\/lv\/e-pood\/bambusa-dvieli\/bambusa-vannas-dvieli\/vannas-dvielis-70x140-citronu\/#primaryimage"},"thumbnailUrl":"https:\/\/minubaltic.ee\/wp-content\/uploads\/2024\/09\/Vanniratikud-70x140-cm-10.jpg","datePublished":"2024-09-05T14:53:19+00:00","dateModified":"2024-09-23T20:25:30+00:00","description":"70x140 cm kokvilnas dvielis ir ide\u0101ls izm\u0113rs. Izv\u0113lieties savu iecien\u012bt\u0101ko kr\u0101su un pie\u0161\u0137iriet savai ikdienai grezn\u012bbu ar m\u016bsu kokvilnas dvie\u013ciem.","breadcrumb":{"@id":"https:\/\/minubaltic.ee\/lv\/e-pood\/bambusa-dvieli\/bambusa-vannas-dvieli\/vannas-dvielis-70x140-citronu\/#breadcrumb"},"inLanguage":"lv-LV","potentialAction":[{"@type":"ReadAction","target":["https:\/\/minubaltic.ee\/lv\/e-pood\/bambusa-dvieli\/bambusa-vannas-dvieli\/vannas-dvielis-70x140-citronu\/"]}]},{"@type":"ImageObject","inLanguage":"lv-LV","@id":"https:\/\/minubaltic.ee\/lv\/e-pood\/bambusa-dvieli\/bambusa-vannas-dvieli\/vannas-dvielis-70x140-citronu\/#primaryimage","url":"https:\/\/minubaltic.ee\/wp-content\/uploads\/2024\/09\/Vanniratikud-70x140-cm-10.jpg","contentUrl":"https:\/\/minubaltic.ee\/wp-content\/uploads\/2024\/09\/Vanniratikud-70x140-cm-10.jpg","width":580,"height":580},{"@type":"BreadcrumbList","@id":"https:\/\/minubaltic.ee\/lv\/e-pood\/bambusa-dvieli\/bambusa-vannas-dvieli\/vannas-dvielis-70x140-citronu\/#breadcrumb","itemListElement":[{"@type":"ListItem","position":1,"name":"S\u0101kums","item":"https:\/\/minubaltic.ee\/lv\/"},{"@type":"ListItem","position":2,"name":"E-veikals","item":"https:\/\/minubaltic.ee\/lv\/e-veikals\/"},{"@type":"ListItem","position":3,"name":"Vannas dvielis 70&#215;140 (Citronu)"}]},{"@type":"WebSite","@id":"https:\/\/minubaltic.ee\/lv\/#website","url":"https:\/\/minubaltic.ee\/lv\/","name":"minubaltic.ee","description":"","publisher":{"@id":"https:\/\/minubaltic.ee\/lv\/#organization"},"potentialAction":[{"@type":"SearchAction","target":{"@type":"EntryPoint","urlTemplate":"https:\/\/minubaltic.ee\/lv\/?s={search_term_string}"},"query-input":{"@type":"PropertyValueSpecification","valueRequired":true,"valueName":"search_term_string"}}],"inLanguage":"lv-LV"},{"@type":"Organization","@id":"https:\/\/minubaltic.ee\/lv\/#organization","name":"Minu Baltic O\u00dc","url":"https:\/\/minubaltic.ee\/lv\/","logo":{"@type":"ImageObject","inLanguage":"lv-LV","@id":"https:\/\/minubaltic.ee\/lv\/#\/schema\/logo\/image\/","url":"https:\/\/minubaltic.ee\/wp-content\/uploads\/2023\/10\/cropped-cropped-cropped-logo.png","contentUrl":"https:\/\/minubaltic.ee\/wp-content\/uploads\/2023\/10\/cropped-cropped-cropped-logo.png","width":500,"height":237,"caption":"Minu Baltic O\u00dc"},"image":{"@id":"https:\/\/minubaltic.ee\/lv\/#\/schema\/logo\/image\/"},"sameAs":["https:\/\/www.facebook.com\/minubaltic"]}]}},"_links":{"self":[{"href":"https:\/\/minubaltic.ee\/lv\/wp-json\/wp\/v2\/product\/35038","targetHints":{"allow":["GET"]}}],"collection":[{"href":"https:\/\/minubaltic.ee\/lv\/wp-json\/wp\/v2\/product"}],"about":[{"href":"https:\/\/minubaltic.ee\/lv\/wp-json\/wp\/v2\/types\/product"}],"replies":[{"embeddable":true,"href":"https:\/\/minubaltic.ee\/lv\/wp-json\/wp\/v2\/comments?post=35038"}],"version-history":[{"count":3,"href":"https:\/\/minubaltic.ee\/lv\/wp-json\/wp\/v2\/product\/35038\/revisions"}],"predecessor-version":[{"id":36198,"href":"https:\/\/minubaltic.ee\/lv\/wp-json\/wp\/v2\/product\/35038\/revisions\/36198"}],"wp:featuredmedia":[{"embeddable":true,"href":"https:\/\/minubaltic.ee\/lv\/wp-json\/wp\/v2\/media\/35043"}],"wp:attachment":[{"href":"https:\/\/minubaltic.ee\/lv\/wp-json\/wp\/v2\/media?parent=35038"}],"wp:term":[{"taxonomy":"product_brand","embeddable":true,"href":"https:\/\/minubaltic.ee\/lv\/wp-json\/wp\/v2\/product_brand?post=35038"},{"taxonomy":"product_cat","embeddable":true,"href":"https:\/\/minubaltic.ee\/lv\/wp-json\/wp\/v2\/product_cat?post=35038"},{"taxonomy":"product_tag","embeddable":true,"href":"https:\/\/minubaltic.ee\/lv\/wp-json\/wp\/v2\/product_tag?post=35038"}],"curies":[{"name":"wp","href":"https:\/\/api.w.org\/{rel}","templated":true}]}}