{"id":34898,"date":"2024-09-04T17:13:51","date_gmt":"2024-09-04T14:13:51","guid":{"rendered":"https:\/\/minubaltic.ee\/?post_type=product&#038;p=34898"},"modified":"2024-09-04T17:33:00","modified_gmt":"2024-09-04T14:33:00","slug":"premium-gultas-velas-komplekts-savvalas-roze-liocels-kokvilna","status":"publish","type":"product","link":"https:\/\/minubaltic.ee\/lv\/e-pood\/gultas-vela\/premium-gultas-velas-komplekts-savvalas-roze-liocels-kokvilna\/","title":{"rendered":"Premium gultas ve\u013cas komplekts Savva\u013cas roze | Liocels\/Kokvilna"},"content":{"rendered":"<p>Liocela un kokvilnas mais\u012bjuma gultas ve\u013cas komplekts apvieno greznu maigumu un elpojo\u0161u komfortu. Liocels, kas paz\u012bstams ar savu z\u012bdaino tekst\u016bru un mitruma izvad\u012b\u0161anas \u012bpa\u0161\u012bb\u0101m, nodro\u0161ina svaigumu visas nakts garum\u0101. Kokvilna palielina iztur\u012bbu un dabisku elpojam\u012bbu, padarot komplektu ide\u0101li piem\u0113rotu ikdienas lieto\u0161anai.<\/p>\n","protected":false},"excerpt":{"rendered":"<p><strong>Materi\u0101ls:<\/strong> 70% Liocels, 30% Kokvilna<br \/>\n<strong>Komforts:<\/strong> elpojo\u0161s un m\u012bksta tekst\u016bra<br \/>\n<strong>Komplekta saturs:<\/strong> 1 segas p\u0101rvalka, 2 spilvendr\u0101nu<br \/>\n<strong>Segas p\u0101rvalka:<\/strong> 200\u00d7220<br \/>\n<strong>Spilvendr\u0101nu:<\/strong> 50\u00d775 (2gab.)<\/p>\n","protected":false},"featured_media":34910,"comment_status":"open","ping_status":"closed","template":"","meta":[],"product_brand":[],"product_cat":[455,618,457,822,827,869,767],"product_tag":[460,461,466],"class_list":{"0":"post-34898","1":"product","2":"type-product","3":"status-publish","4":"has-post-thumbnail","6":"product_cat-gultas-vela","7":"product_cat-gultas-velas-komplekti","8":"product_cat-gultas-velas-komplekti-200-220","9":"product_cat-kokvilnas-gultas-vela","10":"product_cat-kokvilnas-gultas-velas-komplekti","11":"product_cat-liocela-gultas-vela","12":"product_cat-organiska-gultas-vela","13":"product_tag-e-veikals","14":"product_tag-majas-tekstils","15":"product_tag-tekstils","17":"first","18":"instock","19":"shipping-taxable","20":"purchasable","21":"product-type-simple"},"yoast_head":"<!-- This site is optimized with the Yoast SEO plugin v27.4 - https:\/\/yoast.com\/product\/yoast-seo-wordpress\/ -->\n<title>Premium gultas ve\u013cas komplekts Savva\u013cas roze | Liocels\/Kokvilna<\/title>\n<meta name=\"description\" content=\"Liocela un kokvilnas mais\u012bjuma gultas ve\u013cas komplekts apvieno greznu maigumu un elpojo\u0161u komfortu. Liocels, kas paz\u012bstams ar savu z\u012bdaino tekst\u016bru....\" \/>\n<meta name=\"robots\" content=\"index, follow, max-snippet:-1, max-image-preview:large, max-video-preview:-1\" \/>\n<link rel=\"canonical\" href=\"https:\/\/minubaltic.ee\/lv\/e-pood\/gultas-vela\/premium-gultas-velas-komplekts-savvalas-roze-liocels-kokvilna\/\" \/>\n<meta property=\"og:locale\" content=\"lv_LV\" \/>\n<meta property=\"og:type\" content=\"article\" \/>\n<meta property=\"og:title\" content=\"Premium gultas ve\u013cas komplekts Savva\u013cas roze | Liocels\/Kokvilna\" \/>\n<meta property=\"og:description\" content=\"Liocela un kokvilnas mais\u012bjuma gultas ve\u013cas komplekts apvieno greznu maigumu un elpojo\u0161u komfortu. Liocels, kas paz\u012bstams ar savu z\u012bdaino tekst\u016bru....\" \/>\n<meta property=\"og:url\" content=\"https:\/\/minubaltic.ee\/lv\/e-pood\/gultas-vela\/premium-gultas-velas-komplekts-savvalas-roze-liocels-kokvilna\/\" \/>\n<meta property=\"article:publisher\" content=\"https:\/\/www.facebook.com\/minubaltic\" \/>\n<meta property=\"article:modified_time\" content=\"2024-09-04T14:33:00+00:00\" \/>\n<meta property=\"og:image\" content=\"https:\/\/minubaltic.ee\/wp-content\/uploads\/2024\/09\/Puuvillased-voodipesukomplekt-43.jpg\" \/>\n\t<meta property=\"og:image:width\" content=\"800\" \/>\n\t<meta property=\"og:image:height\" content=\"800\" \/>\n\t<meta property=\"og:image:type\" content=\"image\/jpeg\" \/>\n<meta name=\"twitter:card\" content=\"summary_large_image\" \/>\n<meta name=\"twitter:label1\" content=\"Est. reading time\" \/>\n\t<meta name=\"twitter:data1\" content=\"1 minute\" \/>\n<script type=\"application\/ld+json\" class=\"yoast-schema-graph\">{\"@context\":\"https:\\\/\\\/schema.org\",\"@graph\":[{\"@type\":\"WebPage\",\"@id\":\"https:\\\/\\\/minubaltic.ee\\\/lv\\\/e-pood\\\/gultas-vela\\\/premium-gultas-velas-komplekts-savvalas-roze-liocels-kokvilna\\\/\",\"url\":\"https:\\\/\\\/minubaltic.ee\\\/lv\\\/e-pood\\\/gultas-vela\\\/premium-gultas-velas-komplekts-savvalas-roze-liocels-kokvilna\\\/\",\"name\":\"Premium gultas ve\u013cas komplekts Savva\u013cas roze | Liocels\\\/Kokvilna\",\"isPartOf\":{\"@id\":\"https:\\\/\\\/minubaltic.ee\\\/lv\\\/#website\"},\"primaryImageOfPage\":{\"@id\":\"https:\\\/\\\/minubaltic.ee\\\/lv\\\/e-pood\\\/gultas-vela\\\/premium-gultas-velas-komplekts-savvalas-roze-liocels-kokvilna\\\/#primaryimage\"},\"image\":{\"@id\":\"https:\\\/\\\/minubaltic.ee\\\/lv\\\/e-pood\\\/gultas-vela\\\/premium-gultas-velas-komplekts-savvalas-roze-liocels-kokvilna\\\/#primaryimage\"},\"thumbnailUrl\":\"https:\\\/\\\/minubaltic.ee\\\/wp-content\\\/uploads\\\/2024\\\/09\\\/Puuvillased-voodipesukomplekt-43.jpg\",\"datePublished\":\"2024-09-04T14:13:51+00:00\",\"dateModified\":\"2024-09-04T14:33:00+00:00\",\"description\":\"Liocela un kokvilnas mais\u012bjuma gultas ve\u013cas komplekts apvieno greznu maigumu un elpojo\u0161u komfortu. Liocels, kas paz\u012bstams ar savu z\u012bdaino tekst\u016bru....\",\"breadcrumb\":{\"@id\":\"https:\\\/\\\/minubaltic.ee\\\/lv\\\/e-pood\\\/gultas-vela\\\/premium-gultas-velas-komplekts-savvalas-roze-liocels-kokvilna\\\/#breadcrumb\"},\"inLanguage\":\"lv-LV\",\"potentialAction\":[{\"@type\":\"ReadAction\",\"target\":[\"https:\\\/\\\/minubaltic.ee\\\/lv\\\/e-pood\\\/gultas-vela\\\/premium-gultas-velas-komplekts-savvalas-roze-liocels-kokvilna\\\/\"]}]},{\"@type\":\"ImageObject\",\"inLanguage\":\"lv-LV\",\"@id\":\"https:\\\/\\\/minubaltic.ee\\\/lv\\\/e-pood\\\/gultas-vela\\\/premium-gultas-velas-komplekts-savvalas-roze-liocels-kokvilna\\\/#primaryimage\",\"url\":\"https:\\\/\\\/minubaltic.ee\\\/wp-content\\\/uploads\\\/2024\\\/09\\\/Puuvillased-voodipesukomplekt-43.jpg\",\"contentUrl\":\"https:\\\/\\\/minubaltic.ee\\\/wp-content\\\/uploads\\\/2024\\\/09\\\/Puuvillased-voodipesukomplekt-43.jpg\",\"width\":800,\"height\":800},{\"@type\":\"BreadcrumbList\",\"@id\":\"https:\\\/\\\/minubaltic.ee\\\/lv\\\/e-pood\\\/gultas-vela\\\/premium-gultas-velas-komplekts-savvalas-roze-liocels-kokvilna\\\/#breadcrumb\",\"itemListElement\":[{\"@type\":\"ListItem\",\"position\":1,\"name\":\"S\u0101kums\",\"item\":\"https:\\\/\\\/minubaltic.ee\\\/lv\\\/\"},{\"@type\":\"ListItem\",\"position\":2,\"name\":\"E-veikals\",\"item\":\"https:\\\/\\\/minubaltic.ee\\\/lv\\\/e-veikals\\\/\"},{\"@type\":\"ListItem\",\"position\":3,\"name\":\"Premium gultas ve\u013cas komplekts Savva\u013cas roze | Liocels\\\/Kokvilna\"}]},{\"@type\":\"WebSite\",\"@id\":\"https:\\\/\\\/minubaltic.ee\\\/lv\\\/#website\",\"url\":\"https:\\\/\\\/minubaltic.ee\\\/lv\\\/\",\"name\":\"minubaltic.ee\",\"description\":\"\",\"publisher\":{\"@id\":\"https:\\\/\\\/minubaltic.ee\\\/lv\\\/#organization\"},\"potentialAction\":[{\"@type\":\"SearchAction\",\"target\":{\"@type\":\"EntryPoint\",\"urlTemplate\":\"https:\\\/\\\/minubaltic.ee\\\/lv\\\/?s={search_term_string}\"},\"query-input\":{\"@type\":\"PropertyValueSpecification\",\"valueRequired\":true,\"valueName\":\"search_term_string\"}}],\"inLanguage\":\"lv-LV\"},{\"@type\":\"Organization\",\"@id\":\"https:\\\/\\\/minubaltic.ee\\\/lv\\\/#organization\",\"name\":\"Minu Baltic O\u00dc\",\"url\":\"https:\\\/\\\/minubaltic.ee\\\/lv\\\/\",\"logo\":{\"@type\":\"ImageObject\",\"inLanguage\":\"lv-LV\",\"@id\":\"https:\\\/\\\/minubaltic.ee\\\/lv\\\/#\\\/schema\\\/logo\\\/image\\\/\",\"url\":\"https:\\\/\\\/minubaltic.ee\\\/wp-content\\\/uploads\\\/2023\\\/10\\\/cropped-cropped-cropped-logo.png\",\"contentUrl\":\"https:\\\/\\\/minubaltic.ee\\\/wp-content\\\/uploads\\\/2023\\\/10\\\/cropped-cropped-cropped-logo.png\",\"width\":500,\"height\":237,\"caption\":\"Minu Baltic O\u00dc\"},\"image\":{\"@id\":\"https:\\\/\\\/minubaltic.ee\\\/lv\\\/#\\\/schema\\\/logo\\\/image\\\/\"},\"sameAs\":[\"https:\\\/\\\/www.facebook.com\\\/minubaltic\"]}]}<\/script>\n<!-- \/ Yoast SEO plugin. -->","yoast_head_json":{"title":"Premium gultas ve\u013cas komplekts Savva\u013cas roze | Liocels\/Kokvilna","description":"Liocela un kokvilnas mais\u012bjuma gultas ve\u013cas komplekts apvieno greznu maigumu un elpojo\u0161u komfortu. Liocels, kas paz\u012bstams ar savu z\u012bdaino tekst\u016bru....","robots":{"index":"index","follow":"follow","max-snippet":"max-snippet:-1","max-image-preview":"max-image-preview:large","max-video-preview":"max-video-preview:-1"},"canonical":"https:\/\/minubaltic.ee\/lv\/e-pood\/gultas-vela\/premium-gultas-velas-komplekts-savvalas-roze-liocels-kokvilna\/","og_locale":"lv_LV","og_type":"article","og_title":"Premium gultas ve\u013cas komplekts Savva\u013cas roze | Liocels\/Kokvilna","og_description":"Liocela un kokvilnas mais\u012bjuma gultas ve\u013cas komplekts apvieno greznu maigumu un elpojo\u0161u komfortu. Liocels, kas paz\u012bstams ar savu z\u012bdaino tekst\u016bru....","og_url":"https:\/\/minubaltic.ee\/lv\/e-pood\/gultas-vela\/premium-gultas-velas-komplekts-savvalas-roze-liocels-kokvilna\/","article_publisher":"https:\/\/www.facebook.com\/minubaltic","article_modified_time":"2024-09-04T14:33:00+00:00","og_image":[{"width":800,"height":800,"url":"https:\/\/minubaltic.ee\/wp-content\/uploads\/2024\/09\/Puuvillased-voodipesukomplekt-43.jpg","type":"image\/jpeg"}],"twitter_card":"summary_large_image","twitter_misc":{"Est. reading time":"1 minute"},"schema":{"@context":"https:\/\/schema.org","@graph":[{"@type":"WebPage","@id":"https:\/\/minubaltic.ee\/lv\/e-pood\/gultas-vela\/premium-gultas-velas-komplekts-savvalas-roze-liocels-kokvilna\/","url":"https:\/\/minubaltic.ee\/lv\/e-pood\/gultas-vela\/premium-gultas-velas-komplekts-savvalas-roze-liocels-kokvilna\/","name":"Premium gultas ve\u013cas komplekts Savva\u013cas roze | Liocels\/Kokvilna","isPartOf":{"@id":"https:\/\/minubaltic.ee\/lv\/#website"},"primaryImageOfPage":{"@id":"https:\/\/minubaltic.ee\/lv\/e-pood\/gultas-vela\/premium-gultas-velas-komplekts-savvalas-roze-liocels-kokvilna\/#primaryimage"},"image":{"@id":"https:\/\/minubaltic.ee\/lv\/e-pood\/gultas-vela\/premium-gultas-velas-komplekts-savvalas-roze-liocels-kokvilna\/#primaryimage"},"thumbnailUrl":"https:\/\/minubaltic.ee\/wp-content\/uploads\/2024\/09\/Puuvillased-voodipesukomplekt-43.jpg","datePublished":"2024-09-04T14:13:51+00:00","dateModified":"2024-09-04T14:33:00+00:00","description":"Liocela un kokvilnas mais\u012bjuma gultas ve\u013cas komplekts apvieno greznu maigumu un elpojo\u0161u komfortu. Liocels, kas paz\u012bstams ar savu z\u012bdaino tekst\u016bru....","breadcrumb":{"@id":"https:\/\/minubaltic.ee\/lv\/e-pood\/gultas-vela\/premium-gultas-velas-komplekts-savvalas-roze-liocels-kokvilna\/#breadcrumb"},"inLanguage":"lv-LV","potentialAction":[{"@type":"ReadAction","target":["https:\/\/minubaltic.ee\/lv\/e-pood\/gultas-vela\/premium-gultas-velas-komplekts-savvalas-roze-liocels-kokvilna\/"]}]},{"@type":"ImageObject","inLanguage":"lv-LV","@id":"https:\/\/minubaltic.ee\/lv\/e-pood\/gultas-vela\/premium-gultas-velas-komplekts-savvalas-roze-liocels-kokvilna\/#primaryimage","url":"https:\/\/minubaltic.ee\/wp-content\/uploads\/2024\/09\/Puuvillased-voodipesukomplekt-43.jpg","contentUrl":"https:\/\/minubaltic.ee\/wp-content\/uploads\/2024\/09\/Puuvillased-voodipesukomplekt-43.jpg","width":800,"height":800},{"@type":"BreadcrumbList","@id":"https:\/\/minubaltic.ee\/lv\/e-pood\/gultas-vela\/premium-gultas-velas-komplekts-savvalas-roze-liocels-kokvilna\/#breadcrumb","itemListElement":[{"@type":"ListItem","position":1,"name":"S\u0101kums","item":"https:\/\/minubaltic.ee\/lv\/"},{"@type":"ListItem","position":2,"name":"E-veikals","item":"https:\/\/minubaltic.ee\/lv\/e-veikals\/"},{"@type":"ListItem","position":3,"name":"Premium gultas ve\u013cas komplekts Savva\u013cas roze | Liocels\/Kokvilna"}]},{"@type":"WebSite","@id":"https:\/\/minubaltic.ee\/lv\/#website","url":"https:\/\/minubaltic.ee\/lv\/","name":"minubaltic.ee","description":"","publisher":{"@id":"https:\/\/minubaltic.ee\/lv\/#organization"},"potentialAction":[{"@type":"SearchAction","target":{"@type":"EntryPoint","urlTemplate":"https:\/\/minubaltic.ee\/lv\/?s={search_term_string}"},"query-input":{"@type":"PropertyValueSpecification","valueRequired":true,"valueName":"search_term_string"}}],"inLanguage":"lv-LV"},{"@type":"Organization","@id":"https:\/\/minubaltic.ee\/lv\/#organization","name":"Minu Baltic O\u00dc","url":"https:\/\/minubaltic.ee\/lv\/","logo":{"@type":"ImageObject","inLanguage":"lv-LV","@id":"https:\/\/minubaltic.ee\/lv\/#\/schema\/logo\/image\/","url":"https:\/\/minubaltic.ee\/wp-content\/uploads\/2023\/10\/cropped-cropped-cropped-logo.png","contentUrl":"https:\/\/minubaltic.ee\/wp-content\/uploads\/2023\/10\/cropped-cropped-cropped-logo.png","width":500,"height":237,"caption":"Minu Baltic O\u00dc"},"image":{"@id":"https:\/\/minubaltic.ee\/lv\/#\/schema\/logo\/image\/"},"sameAs":["https:\/\/www.facebook.com\/minubaltic"]}]}},"_links":{"self":[{"href":"https:\/\/minubaltic.ee\/lv\/wp-json\/wp\/v2\/product\/34898","targetHints":{"allow":["GET"]}}],"collection":[{"href":"https:\/\/minubaltic.ee\/lv\/wp-json\/wp\/v2\/product"}],"about":[{"href":"https:\/\/minubaltic.ee\/lv\/wp-json\/wp\/v2\/types\/product"}],"replies":[{"embeddable":true,"href":"https:\/\/minubaltic.ee\/lv\/wp-json\/wp\/v2\/comments?post=34898"}],"version-history":[{"count":2,"href":"https:\/\/minubaltic.ee\/lv\/wp-json\/wp\/v2\/product\/34898\/revisions"}],"predecessor-version":[{"id":34943,"href":"https:\/\/minubaltic.ee\/lv\/wp-json\/wp\/v2\/product\/34898\/revisions\/34943"}],"wp:featuredmedia":[{"embeddable":true,"href":"https:\/\/minubaltic.ee\/lv\/wp-json\/wp\/v2\/media\/34910"}],"wp:attachment":[{"href":"https:\/\/minubaltic.ee\/lv\/wp-json\/wp\/v2\/media?parent=34898"}],"wp:term":[{"taxonomy":"product_brand","embeddable":true,"href":"https:\/\/minubaltic.ee\/lv\/wp-json\/wp\/v2\/product_brand?post=34898"},{"taxonomy":"product_cat","embeddable":true,"href":"https:\/\/minubaltic.ee\/lv\/wp-json\/wp\/v2\/product_cat?post=34898"},{"taxonomy":"product_tag","embeddable":true,"href":"https:\/\/minubaltic.ee\/lv\/wp-json\/wp\/v2\/product_tag?post=34898"}],"curies":[{"name":"wp","href":"https:\/\/api.w.org\/{rel}","templated":true}]}}