{"id":33565,"date":"2024-08-31T00:31:00","date_gmt":"2024-08-30T21:31:00","guid":{"rendered":"https:\/\/minubaltic.ee\/?post_type=product&#038;p=33565"},"modified":"2024-08-31T01:03:35","modified_gmt":"2024-08-30T22:03:35","slug":"vasaras-segu-komplekts-tulpes","status":"publish","type":"product","link":"https:\/\/minubaltic.ee\/lv\/e-pood\/segu-komplekti\/vasaras-segu-komplekts-tulpes\/","title":{"rendered":"Vasaras segu komplekts | Tulpes"},"content":{"rendered":"<p>Vasaras segu komplekt\u0101 ietilpst viegla sega, atv\u0113sino\u0161s palags un spilvendr\u0101nas, lai nodro\u0161in\u0101tu ide\u0101lu gul\u0113\u0161anas komfortu karst\u0101s nakt\u012bs. Komplekta materi\u0101li ir izv\u0113l\u0113ti t\u0101, lai tie b\u016btu elpojo\u0161i un \u0101tri \u017e\u016bsto\u0161i, pal\u012bdzot saglab\u0101t v\u0113sumu visas nakts garum\u0101. Turkl\u0101t komplekta kr\u0101sas un dizains pie\u0161\u0137ir gu\u013camistabai svaigu izskatu.<\/p>\n","protected":false},"excerpt":{"rendered":"<p><strong>Materi\u0101ls:<\/strong> Poliesters<br \/>\n<strong>Da\u013cu skaits:<\/strong> 4gab.<br \/>\n<strong>Sega:<\/strong> 200\u00d7230<br \/>\n<strong>Palaga:<\/strong> 250 \u00d7 250<br \/>\n<strong>Spilvendr\u0101nu:<\/strong> 50\u00d775 (2gab.)<\/p>\n","protected":false},"featured_media":33571,"comment_status":"open","ping_status":"closed","template":"","meta":[],"product_brand":[],"product_cat":[882],"product_tag":[460,461,465,466],"class_list":{"0":"post-33565","1":"product","2":"type-product","3":"status-publish","4":"has-post-thumbnail","6":"product_cat-segu-komplekti","7":"product_tag-e-veikals","8":"product_tag-majas-tekstils","9":"product_tag-sega","10":"product_tag-tekstils","12":"first","13":"instock","14":"shipping-taxable","15":"purchasable","16":"product-type-simple"},"yoast_head":"<!-- This site is optimized with the Yoast SEO plugin v27.3 - https:\/\/yoast.com\/product\/yoast-seo-wordpress\/ -->\n<title>Vasaras segu komplekts | Tulpes - Minu Baltic<\/title>\n<meta name=\"description\" content=\"Vasaras segu komplekt\u0101 ietilpst viegla sega, atv\u0113sino\u0161s palags un spilvendr\u0101nas, lai nodro\u0161in\u0101tu ide\u0101lu gul\u0113\u0161anas komfortu karst\u0101s nakt\u012bs...\" \/>\n<meta name=\"robots\" content=\"index, follow, max-snippet:-1, max-image-preview:large, max-video-preview:-1\" \/>\n<link rel=\"canonical\" href=\"https:\/\/minubaltic.ee\/lv\/e-pood\/segu-komplekti\/vasaras-segu-komplekts-tulpes\/\" \/>\n<meta property=\"og:locale\" content=\"lv_LV\" \/>\n<meta property=\"og:type\" content=\"article\" \/>\n<meta property=\"og:title\" content=\"Vasaras segu komplekts | Tulpes - Minu Baltic\" \/>\n<meta property=\"og:description\" content=\"Vasaras segu komplekt\u0101 ietilpst viegla sega, atv\u0113sino\u0161s palags un spilvendr\u0101nas, lai nodro\u0161in\u0101tu ide\u0101lu gul\u0113\u0161anas komfortu karst\u0101s nakt\u012bs...\" \/>\n<meta property=\"og:url\" content=\"https:\/\/minubaltic.ee\/lv\/e-pood\/segu-komplekti\/vasaras-segu-komplekts-tulpes\/\" \/>\n<meta property=\"article:publisher\" content=\"https:\/\/www.facebook.com\/minubaltic\" \/>\n<meta property=\"article:modified_time\" content=\"2024-08-30T22:03:35+00:00\" \/>\n<meta property=\"og:image\" content=\"https:\/\/minubaltic.ee\/wp-content\/uploads\/2024\/08\/Suvine-tekikomplekt-17.jpg\" \/>\n\t<meta property=\"og:image:width\" content=\"800\" \/>\n\t<meta property=\"og:image:height\" content=\"800\" \/>\n\t<meta property=\"og:image:type\" content=\"image\/jpeg\" \/>\n<meta name=\"twitter:card\" content=\"summary_large_image\" \/>\n<meta name=\"twitter:label1\" content=\"Est. reading time\" \/>\n\t<meta name=\"twitter:data1\" content=\"1 minute\" \/>\n<script type=\"application\/ld+json\" class=\"yoast-schema-graph\">{\"@context\":\"https:\\\/\\\/schema.org\",\"@graph\":[{\"@type\":\"WebPage\",\"@id\":\"https:\\\/\\\/minubaltic.ee\\\/lv\\\/e-pood\\\/segu-komplekti\\\/vasaras-segu-komplekts-tulpes\\\/\",\"url\":\"https:\\\/\\\/minubaltic.ee\\\/lv\\\/e-pood\\\/segu-komplekti\\\/vasaras-segu-komplekts-tulpes\\\/\",\"name\":\"Vasaras segu komplekts | Tulpes - Minu Baltic\",\"isPartOf\":{\"@id\":\"https:\\\/\\\/minubaltic.ee\\\/lv\\\/#website\"},\"primaryImageOfPage\":{\"@id\":\"https:\\\/\\\/minubaltic.ee\\\/lv\\\/e-pood\\\/segu-komplekti\\\/vasaras-segu-komplekts-tulpes\\\/#primaryimage\"},\"image\":{\"@id\":\"https:\\\/\\\/minubaltic.ee\\\/lv\\\/e-pood\\\/segu-komplekti\\\/vasaras-segu-komplekts-tulpes\\\/#primaryimage\"},\"thumbnailUrl\":\"https:\\\/\\\/minubaltic.ee\\\/wp-content\\\/uploads\\\/2024\\\/08\\\/Suvine-tekikomplekt-17.jpg\",\"datePublished\":\"2024-08-30T21:31:00+00:00\",\"dateModified\":\"2024-08-30T22:03:35+00:00\",\"description\":\"Vasaras segu komplekt\u0101 ietilpst viegla sega, atv\u0113sino\u0161s palags un spilvendr\u0101nas, lai nodro\u0161in\u0101tu ide\u0101lu gul\u0113\u0161anas komfortu karst\u0101s nakt\u012bs...\",\"breadcrumb\":{\"@id\":\"https:\\\/\\\/minubaltic.ee\\\/lv\\\/e-pood\\\/segu-komplekti\\\/vasaras-segu-komplekts-tulpes\\\/#breadcrumb\"},\"inLanguage\":\"lv-LV\",\"potentialAction\":[{\"@type\":\"ReadAction\",\"target\":[\"https:\\\/\\\/minubaltic.ee\\\/lv\\\/e-pood\\\/segu-komplekti\\\/vasaras-segu-komplekts-tulpes\\\/\"]}]},{\"@type\":\"ImageObject\",\"inLanguage\":\"lv-LV\",\"@id\":\"https:\\\/\\\/minubaltic.ee\\\/lv\\\/e-pood\\\/segu-komplekti\\\/vasaras-segu-komplekts-tulpes\\\/#primaryimage\",\"url\":\"https:\\\/\\\/minubaltic.ee\\\/wp-content\\\/uploads\\\/2024\\\/08\\\/Suvine-tekikomplekt-17.jpg\",\"contentUrl\":\"https:\\\/\\\/minubaltic.ee\\\/wp-content\\\/uploads\\\/2024\\\/08\\\/Suvine-tekikomplekt-17.jpg\",\"width\":800,\"height\":800},{\"@type\":\"BreadcrumbList\",\"@id\":\"https:\\\/\\\/minubaltic.ee\\\/lv\\\/e-pood\\\/segu-komplekti\\\/vasaras-segu-komplekts-tulpes\\\/#breadcrumb\",\"itemListElement\":[{\"@type\":\"ListItem\",\"position\":1,\"name\":\"S\u0101kums\",\"item\":\"https:\\\/\\\/minubaltic.ee\\\/lv\\\/\"},{\"@type\":\"ListItem\",\"position\":2,\"name\":\"E-veikals\",\"item\":\"https:\\\/\\\/minubaltic.ee\\\/lv\\\/e-veikals\\\/\"},{\"@type\":\"ListItem\",\"position\":3,\"name\":\"Vasaras segu komplekts | Tulpes\"}]},{\"@type\":\"WebSite\",\"@id\":\"https:\\\/\\\/minubaltic.ee\\\/lv\\\/#website\",\"url\":\"https:\\\/\\\/minubaltic.ee\\\/lv\\\/\",\"name\":\"minubaltic.ee\",\"description\":\"\",\"publisher\":{\"@id\":\"https:\\\/\\\/minubaltic.ee\\\/lv\\\/#organization\"},\"potentialAction\":[{\"@type\":\"SearchAction\",\"target\":{\"@type\":\"EntryPoint\",\"urlTemplate\":\"https:\\\/\\\/minubaltic.ee\\\/lv\\\/?s={search_term_string}\"},\"query-input\":{\"@type\":\"PropertyValueSpecification\",\"valueRequired\":true,\"valueName\":\"search_term_string\"}}],\"inLanguage\":\"lv-LV\"},{\"@type\":\"Organization\",\"@id\":\"https:\\\/\\\/minubaltic.ee\\\/lv\\\/#organization\",\"name\":\"Minu Baltic O\u00dc\",\"url\":\"https:\\\/\\\/minubaltic.ee\\\/lv\\\/\",\"logo\":{\"@type\":\"ImageObject\",\"inLanguage\":\"lv-LV\",\"@id\":\"https:\\\/\\\/minubaltic.ee\\\/lv\\\/#\\\/schema\\\/logo\\\/image\\\/\",\"url\":\"https:\\\/\\\/minubaltic.ee\\\/wp-content\\\/uploads\\\/2023\\\/10\\\/cropped-cropped-cropped-logo.png\",\"contentUrl\":\"https:\\\/\\\/minubaltic.ee\\\/wp-content\\\/uploads\\\/2023\\\/10\\\/cropped-cropped-cropped-logo.png\",\"width\":500,\"height\":237,\"caption\":\"Minu Baltic O\u00dc\"},\"image\":{\"@id\":\"https:\\\/\\\/minubaltic.ee\\\/lv\\\/#\\\/schema\\\/logo\\\/image\\\/\"},\"sameAs\":[\"https:\\\/\\\/www.facebook.com\\\/minubaltic\"]}]}<\/script>\n<!-- \/ Yoast SEO plugin. -->","yoast_head_json":{"title":"Vasaras segu komplekts | Tulpes - Minu Baltic","description":"Vasaras segu komplekt\u0101 ietilpst viegla sega, atv\u0113sino\u0161s palags un spilvendr\u0101nas, lai nodro\u0161in\u0101tu ide\u0101lu gul\u0113\u0161anas komfortu karst\u0101s nakt\u012bs...","robots":{"index":"index","follow":"follow","max-snippet":"max-snippet:-1","max-image-preview":"max-image-preview:large","max-video-preview":"max-video-preview:-1"},"canonical":"https:\/\/minubaltic.ee\/lv\/e-pood\/segu-komplekti\/vasaras-segu-komplekts-tulpes\/","og_locale":"lv_LV","og_type":"article","og_title":"Vasaras segu komplekts | Tulpes - Minu Baltic","og_description":"Vasaras segu komplekt\u0101 ietilpst viegla sega, atv\u0113sino\u0161s palags un spilvendr\u0101nas, lai nodro\u0161in\u0101tu ide\u0101lu gul\u0113\u0161anas komfortu karst\u0101s nakt\u012bs...","og_url":"https:\/\/minubaltic.ee\/lv\/e-pood\/segu-komplekti\/vasaras-segu-komplekts-tulpes\/","article_publisher":"https:\/\/www.facebook.com\/minubaltic","article_modified_time":"2024-08-30T22:03:35+00:00","og_image":[{"width":800,"height":800,"url":"https:\/\/minubaltic.ee\/wp-content\/uploads\/2024\/08\/Suvine-tekikomplekt-17.jpg","type":"image\/jpeg"}],"twitter_card":"summary_large_image","twitter_misc":{"Est. reading time":"1 minute"},"schema":{"@context":"https:\/\/schema.org","@graph":[{"@type":"WebPage","@id":"https:\/\/minubaltic.ee\/lv\/e-pood\/segu-komplekti\/vasaras-segu-komplekts-tulpes\/","url":"https:\/\/minubaltic.ee\/lv\/e-pood\/segu-komplekti\/vasaras-segu-komplekts-tulpes\/","name":"Vasaras segu komplekts | Tulpes - Minu Baltic","isPartOf":{"@id":"https:\/\/minubaltic.ee\/lv\/#website"},"primaryImageOfPage":{"@id":"https:\/\/minubaltic.ee\/lv\/e-pood\/segu-komplekti\/vasaras-segu-komplekts-tulpes\/#primaryimage"},"image":{"@id":"https:\/\/minubaltic.ee\/lv\/e-pood\/segu-komplekti\/vasaras-segu-komplekts-tulpes\/#primaryimage"},"thumbnailUrl":"https:\/\/minubaltic.ee\/wp-content\/uploads\/2024\/08\/Suvine-tekikomplekt-17.jpg","datePublished":"2024-08-30T21:31:00+00:00","dateModified":"2024-08-30T22:03:35+00:00","description":"Vasaras segu komplekt\u0101 ietilpst viegla sega, atv\u0113sino\u0161s palags un spilvendr\u0101nas, lai nodro\u0161in\u0101tu ide\u0101lu gul\u0113\u0161anas komfortu karst\u0101s nakt\u012bs...","breadcrumb":{"@id":"https:\/\/minubaltic.ee\/lv\/e-pood\/segu-komplekti\/vasaras-segu-komplekts-tulpes\/#breadcrumb"},"inLanguage":"lv-LV","potentialAction":[{"@type":"ReadAction","target":["https:\/\/minubaltic.ee\/lv\/e-pood\/segu-komplekti\/vasaras-segu-komplekts-tulpes\/"]}]},{"@type":"ImageObject","inLanguage":"lv-LV","@id":"https:\/\/minubaltic.ee\/lv\/e-pood\/segu-komplekti\/vasaras-segu-komplekts-tulpes\/#primaryimage","url":"https:\/\/minubaltic.ee\/wp-content\/uploads\/2024\/08\/Suvine-tekikomplekt-17.jpg","contentUrl":"https:\/\/minubaltic.ee\/wp-content\/uploads\/2024\/08\/Suvine-tekikomplekt-17.jpg","width":800,"height":800},{"@type":"BreadcrumbList","@id":"https:\/\/minubaltic.ee\/lv\/e-pood\/segu-komplekti\/vasaras-segu-komplekts-tulpes\/#breadcrumb","itemListElement":[{"@type":"ListItem","position":1,"name":"S\u0101kums","item":"https:\/\/minubaltic.ee\/lv\/"},{"@type":"ListItem","position":2,"name":"E-veikals","item":"https:\/\/minubaltic.ee\/lv\/e-veikals\/"},{"@type":"ListItem","position":3,"name":"Vasaras segu komplekts | Tulpes"}]},{"@type":"WebSite","@id":"https:\/\/minubaltic.ee\/lv\/#website","url":"https:\/\/minubaltic.ee\/lv\/","name":"minubaltic.ee","description":"","publisher":{"@id":"https:\/\/minubaltic.ee\/lv\/#organization"},"potentialAction":[{"@type":"SearchAction","target":{"@type":"EntryPoint","urlTemplate":"https:\/\/minubaltic.ee\/lv\/?s={search_term_string}"},"query-input":{"@type":"PropertyValueSpecification","valueRequired":true,"valueName":"search_term_string"}}],"inLanguage":"lv-LV"},{"@type":"Organization","@id":"https:\/\/minubaltic.ee\/lv\/#organization","name":"Minu Baltic O\u00dc","url":"https:\/\/minubaltic.ee\/lv\/","logo":{"@type":"ImageObject","inLanguage":"lv-LV","@id":"https:\/\/minubaltic.ee\/lv\/#\/schema\/logo\/image\/","url":"https:\/\/minubaltic.ee\/wp-content\/uploads\/2023\/10\/cropped-cropped-cropped-logo.png","contentUrl":"https:\/\/minubaltic.ee\/wp-content\/uploads\/2023\/10\/cropped-cropped-cropped-logo.png","width":500,"height":237,"caption":"Minu Baltic O\u00dc"},"image":{"@id":"https:\/\/minubaltic.ee\/lv\/#\/schema\/logo\/image\/"},"sameAs":["https:\/\/www.facebook.com\/minubaltic"]}]}},"_links":{"self":[{"href":"https:\/\/minubaltic.ee\/lv\/wp-json\/wp\/v2\/product\/33565","targetHints":{"allow":["GET"]}}],"collection":[{"href":"https:\/\/minubaltic.ee\/lv\/wp-json\/wp\/v2\/product"}],"about":[{"href":"https:\/\/minubaltic.ee\/lv\/wp-json\/wp\/v2\/types\/product"}],"replies":[{"embeddable":true,"href":"https:\/\/minubaltic.ee\/lv\/wp-json\/wp\/v2\/comments?post=33565"}],"version-history":[{"count":2,"href":"https:\/\/minubaltic.ee\/lv\/wp-json\/wp\/v2\/product\/33565\/revisions"}],"predecessor-version":[{"id":33650,"href":"https:\/\/minubaltic.ee\/lv\/wp-json\/wp\/v2\/product\/33565\/revisions\/33650"}],"wp:featuredmedia":[{"embeddable":true,"href":"https:\/\/minubaltic.ee\/lv\/wp-json\/wp\/v2\/media\/33571"}],"wp:attachment":[{"href":"https:\/\/minubaltic.ee\/lv\/wp-json\/wp\/v2\/media?parent=33565"}],"wp:term":[{"taxonomy":"product_brand","embeddable":true,"href":"https:\/\/minubaltic.ee\/lv\/wp-json\/wp\/v2\/product_brand?post=33565"},{"taxonomy":"product_cat","embeddable":true,"href":"https:\/\/minubaltic.ee\/lv\/wp-json\/wp\/v2\/product_cat?post=33565"},{"taxonomy":"product_tag","embeddable":true,"href":"https:\/\/minubaltic.ee\/lv\/wp-json\/wp\/v2\/product_tag?post=33565"}],"curies":[{"name":"wp","href":"https:\/\/api.w.org\/{rel}","templated":true}]}}