{"id":33032,"date":"2024-08-24T12:30:16","date_gmt":"2024-08-24T09:30:16","guid":{"rendered":"https:\/\/minubaltic.ee\/?post_type=product&#038;p=33032"},"modified":"2024-08-24T13:06:14","modified_gmt":"2024-08-24T10:06:14","slug":"premium-mako-satina-gultas-velas-komplekts-silke","status":"publish","type":"product","link":"https:\/\/minubaltic.ee\/lv\/e-pood\/gultas-vela\/premium-mako-satina-gultas-velas-komplekts-silke\/","title":{"rendered":"Premium Mako Sat\u012bna gultas ve\u013cas komplekts | Si\u013c\u0137e"},"content":{"rendered":"<p><strong>K\u0101p\u0113c izv\u0113l\u0113ties mako sat\u012bna gultasve\u013cas komplektu?<\/strong><\/p>\n<ol>\n<li>Grezns m\u012bkstums: Mako sat\u012bns ir z\u012bdains un m\u012bksts, nodro\u0161inot greznu saj\u016btu uz \u0101das.<\/li>\n<li>Skaists sp\u012bdums: unik\u0101l\u0101 auduma strukt\u016bra pie\u0161\u0137ir tam elegantu sp\u012bdumu, kas pie\u0161\u0137ir gu\u013camistabai izsmalcin\u0101tu izskatu.<\/li>\n<li>Elpojo\u0161s: Mako sat\u012bns ir elpojo\u0161s un pal\u012bdz regul\u0113t \u0137erme\u0146a temperat\u016bru, nodro\u0161inot komfortu miega laik\u0101.<\/li>\n<li>Iztur\u012bba: augstas kvalit\u0101tes Egiptes kokvilna nodro\u0161ina auduma ilgm\u016b\u017e\u012bbu un iztur\u012bbu.<\/li>\n<li>Hipoaler\u0123isks: Mako-sat\u012bns ir maigs jut\u012bgai \u0101dai un piem\u0113rots aler\u0123iskiem cilv\u0113kiem.<\/li>\n<\/ol>\n<p><strong>Mako sat\u012bna gultasve\u013cas komplekts ir slavens ar savu sp\u012bd\u012bgo apdari un izcilo maigumu. Izgatavots no augstas kvalit\u0101tes \u0112\u0123iptes kokvilnas, mako sat\u012bns ir \u013coti iztur\u012bgs un saglab\u0101 savu gludumu pat p\u0113c vair\u0101kk\u0101rt\u0113jas mazg\u0101\u0161anas.<\/strong><\/p>\n","protected":false},"excerpt":{"rendered":"<p><strong>Materi\u0101ls:<\/strong> 100% kokvilnas mako-sat\u0113ns<br \/>\n<strong>Komforts:<\/strong> elpojo\u0161a un m\u012bksta tekst\u016bra<br \/>\n<strong>Komplekta saturs:<\/strong> 1 segas p\u0101rvalka, 1 palaga, 2 spilvendr\u0101nu<br \/>\n<strong>Segas p\u0101rvalka:<\/strong> 220\u00d7240<br \/>\n<strong>Palaga:<\/strong> 245\u00d7255<br \/>\n<strong>Spilvendr\u0101nu:<\/strong> 50\u00d775 (2 gab.)<\/p>\n<p>Mako sat\u012bna gultasve\u013cas komplekts ir grezns, ar z\u012bdainu, sp\u012bd\u012bgu apdari un izgatavots no augstas kvalit\u0101tes \u0112\u0123iptes kokvilnas. T\u0101 nodro\u0161ina lielisku komfortu un iztur\u012bbu, vienlaikus saglab\u0101jot elegantu izskatu un elpojam\u012bbu.<\/p>\n","protected":false},"featured_media":33054,"comment_status":"open","ping_status":"closed","template":"","meta":[],"product_brand":[],"product_cat":[455,618,875,822,827,863,767],"product_tag":[460,461,466],"class_list":{"0":"post-33032","1":"product","2":"type-product","3":"status-publish","4":"has-post-thumbnail","6":"product_cat-gultas-vela","7":"product_cat-gultas-velas-komplekti","8":"product_cat-gultas-velas-komplekti-220x240","9":"product_cat-kokvilnas-gultas-vela","10":"product_cat-kokvilnas-gultas-velas-komplekti","11":"product_cat-mako-satina-gultas-vela","12":"product_cat-organiska-gultas-vela","13":"product_tag-e-veikals","14":"product_tag-majas-tekstils","15":"product_tag-tekstils","17":"first","18":"outofstock","19":"shipping-taxable","20":"purchasable","21":"product-type-simple"},"yoast_head":"<!-- This site is optimized with the Yoast SEO plugin v27.3 - https:\/\/yoast.com\/product\/yoast-seo-wordpress\/ -->\n<title>Premium Mako Sat\u012bna gultas ve\u013cas komplekts | Si\u013c\u0137e<\/title>\n<meta name=\"description\" content=\"Mako sat\u012bna gultasve\u013cas komplekts ir slavens ar savu sp\u012bd\u012bgo apdari un izcilo maigumu. Izgatavots no augstas kvalit\u0101tes \u0113\u0123iptie\u0161u kokvilnas....\" \/>\n<meta name=\"robots\" content=\"index, follow, max-snippet:-1, max-image-preview:large, max-video-preview:-1\" \/>\n<link rel=\"canonical\" href=\"https:\/\/minubaltic.ee\/lv\/e-pood\/gultas-vela\/premium-mako-satina-gultas-velas-komplekts-silke\/\" \/>\n<meta property=\"og:locale\" content=\"lv_LV\" \/>\n<meta property=\"og:type\" content=\"article\" \/>\n<meta property=\"og:title\" content=\"Premium Mako Sat\u012bna gultas ve\u013cas komplekts | Si\u013c\u0137e\" \/>\n<meta property=\"og:description\" content=\"Mako sat\u012bna gultasve\u013cas komplekts ir slavens ar savu sp\u012bd\u012bgo apdari un izcilo maigumu. Izgatavots no augstas kvalit\u0101tes \u0113\u0123iptie\u0161u kokvilnas....\" \/>\n<meta property=\"og:url\" content=\"https:\/\/minubaltic.ee\/lv\/e-pood\/gultas-vela\/premium-mako-satina-gultas-velas-komplekts-silke\/\" \/>\n<meta property=\"article:publisher\" content=\"https:\/\/www.facebook.com\/minubaltic\" \/>\n<meta property=\"article:modified_time\" content=\"2024-08-24T10:06:14+00:00\" \/>\n<meta property=\"og:image\" content=\"https:\/\/minubaltic.ee\/wp-content\/uploads\/2024\/08\/Mako-Satiinist-voodipesukomplekt-6.jpg\" \/>\n\t<meta property=\"og:image:width\" content=\"800\" \/>\n\t<meta property=\"og:image:height\" content=\"800\" \/>\n\t<meta property=\"og:image:type\" content=\"image\/jpeg\" \/>\n<meta name=\"twitter:card\" content=\"summary_large_image\" \/>\n<meta name=\"twitter:label1\" content=\"Est. reading time\" \/>\n\t<meta name=\"twitter:data1\" content=\"1 minute\" \/>\n<script type=\"application\/ld+json\" class=\"yoast-schema-graph\">{\"@context\":\"https:\\\/\\\/schema.org\",\"@graph\":[{\"@type\":\"WebPage\",\"@id\":\"https:\\\/\\\/minubaltic.ee\\\/lv\\\/e-pood\\\/gultas-vela\\\/premium-mako-satina-gultas-velas-komplekts-silke\\\/\",\"url\":\"https:\\\/\\\/minubaltic.ee\\\/lv\\\/e-pood\\\/gultas-vela\\\/premium-mako-satina-gultas-velas-komplekts-silke\\\/\",\"name\":\"Premium Mako Sat\u012bna gultas ve\u013cas komplekts | Si\u013c\u0137e\",\"isPartOf\":{\"@id\":\"https:\\\/\\\/minubaltic.ee\\\/lv\\\/#website\"},\"primaryImageOfPage\":{\"@id\":\"https:\\\/\\\/minubaltic.ee\\\/lv\\\/e-pood\\\/gultas-vela\\\/premium-mako-satina-gultas-velas-komplekts-silke\\\/#primaryimage\"},\"image\":{\"@id\":\"https:\\\/\\\/minubaltic.ee\\\/lv\\\/e-pood\\\/gultas-vela\\\/premium-mako-satina-gultas-velas-komplekts-silke\\\/#primaryimage\"},\"thumbnailUrl\":\"https:\\\/\\\/minubaltic.ee\\\/wp-content\\\/uploads\\\/2024\\\/08\\\/Mako-Satiinist-voodipesukomplekt-6.jpg\",\"datePublished\":\"2024-08-24T09:30:16+00:00\",\"dateModified\":\"2024-08-24T10:06:14+00:00\",\"description\":\"Mako sat\u012bna gultasve\u013cas komplekts ir slavens ar savu sp\u012bd\u012bgo apdari un izcilo maigumu. Izgatavots no augstas kvalit\u0101tes \u0113\u0123iptie\u0161u kokvilnas....\",\"breadcrumb\":{\"@id\":\"https:\\\/\\\/minubaltic.ee\\\/lv\\\/e-pood\\\/gultas-vela\\\/premium-mako-satina-gultas-velas-komplekts-silke\\\/#breadcrumb\"},\"inLanguage\":\"lv-LV\",\"potentialAction\":[{\"@type\":\"ReadAction\",\"target\":[\"https:\\\/\\\/minubaltic.ee\\\/lv\\\/e-pood\\\/gultas-vela\\\/premium-mako-satina-gultas-velas-komplekts-silke\\\/\"]}]},{\"@type\":\"ImageObject\",\"inLanguage\":\"lv-LV\",\"@id\":\"https:\\\/\\\/minubaltic.ee\\\/lv\\\/e-pood\\\/gultas-vela\\\/premium-mako-satina-gultas-velas-komplekts-silke\\\/#primaryimage\",\"url\":\"https:\\\/\\\/minubaltic.ee\\\/wp-content\\\/uploads\\\/2024\\\/08\\\/Mako-Satiinist-voodipesukomplekt-6.jpg\",\"contentUrl\":\"https:\\\/\\\/minubaltic.ee\\\/wp-content\\\/uploads\\\/2024\\\/08\\\/Mako-Satiinist-voodipesukomplekt-6.jpg\",\"width\":800,\"height\":800},{\"@type\":\"BreadcrumbList\",\"@id\":\"https:\\\/\\\/minubaltic.ee\\\/lv\\\/e-pood\\\/gultas-vela\\\/premium-mako-satina-gultas-velas-komplekts-silke\\\/#breadcrumb\",\"itemListElement\":[{\"@type\":\"ListItem\",\"position\":1,\"name\":\"S\u0101kums\",\"item\":\"https:\\\/\\\/minubaltic.ee\\\/lv\\\/\"},{\"@type\":\"ListItem\",\"position\":2,\"name\":\"E-veikals\",\"item\":\"https:\\\/\\\/minubaltic.ee\\\/lv\\\/e-veikals\\\/\"},{\"@type\":\"ListItem\",\"position\":3,\"name\":\"Premium Mako Sat\u012bna gultas ve\u013cas komplekts | Si\u013c\u0137e\"}]},{\"@type\":\"WebSite\",\"@id\":\"https:\\\/\\\/minubaltic.ee\\\/lv\\\/#website\",\"url\":\"https:\\\/\\\/minubaltic.ee\\\/lv\\\/\",\"name\":\"minubaltic.ee\",\"description\":\"\",\"publisher\":{\"@id\":\"https:\\\/\\\/minubaltic.ee\\\/lv\\\/#organization\"},\"potentialAction\":[{\"@type\":\"SearchAction\",\"target\":{\"@type\":\"EntryPoint\",\"urlTemplate\":\"https:\\\/\\\/minubaltic.ee\\\/lv\\\/?s={search_term_string}\"},\"query-input\":{\"@type\":\"PropertyValueSpecification\",\"valueRequired\":true,\"valueName\":\"search_term_string\"}}],\"inLanguage\":\"lv-LV\"},{\"@type\":\"Organization\",\"@id\":\"https:\\\/\\\/minubaltic.ee\\\/lv\\\/#organization\",\"name\":\"Minu Baltic O\u00dc\",\"url\":\"https:\\\/\\\/minubaltic.ee\\\/lv\\\/\",\"logo\":{\"@type\":\"ImageObject\",\"inLanguage\":\"lv-LV\",\"@id\":\"https:\\\/\\\/minubaltic.ee\\\/lv\\\/#\\\/schema\\\/logo\\\/image\\\/\",\"url\":\"https:\\\/\\\/minubaltic.ee\\\/wp-content\\\/uploads\\\/2023\\\/10\\\/cropped-cropped-cropped-logo.png\",\"contentUrl\":\"https:\\\/\\\/minubaltic.ee\\\/wp-content\\\/uploads\\\/2023\\\/10\\\/cropped-cropped-cropped-logo.png\",\"width\":500,\"height\":237,\"caption\":\"Minu Baltic O\u00dc\"},\"image\":{\"@id\":\"https:\\\/\\\/minubaltic.ee\\\/lv\\\/#\\\/schema\\\/logo\\\/image\\\/\"},\"sameAs\":[\"https:\\\/\\\/www.facebook.com\\\/minubaltic\"]}]}<\/script>\n<!-- \/ Yoast SEO plugin. -->","yoast_head_json":{"title":"Premium Mako Sat\u012bna gultas ve\u013cas komplekts | Si\u013c\u0137e","description":"Mako sat\u012bna gultasve\u013cas komplekts ir slavens ar savu sp\u012bd\u012bgo apdari un izcilo maigumu. Izgatavots no augstas kvalit\u0101tes \u0113\u0123iptie\u0161u kokvilnas....","robots":{"index":"index","follow":"follow","max-snippet":"max-snippet:-1","max-image-preview":"max-image-preview:large","max-video-preview":"max-video-preview:-1"},"canonical":"https:\/\/minubaltic.ee\/lv\/e-pood\/gultas-vela\/premium-mako-satina-gultas-velas-komplekts-silke\/","og_locale":"lv_LV","og_type":"article","og_title":"Premium Mako Sat\u012bna gultas ve\u013cas komplekts | Si\u013c\u0137e","og_description":"Mako sat\u012bna gultasve\u013cas komplekts ir slavens ar savu sp\u012bd\u012bgo apdari un izcilo maigumu. Izgatavots no augstas kvalit\u0101tes \u0113\u0123iptie\u0161u kokvilnas....","og_url":"https:\/\/minubaltic.ee\/lv\/e-pood\/gultas-vela\/premium-mako-satina-gultas-velas-komplekts-silke\/","article_publisher":"https:\/\/www.facebook.com\/minubaltic","article_modified_time":"2024-08-24T10:06:14+00:00","og_image":[{"width":800,"height":800,"url":"https:\/\/minubaltic.ee\/wp-content\/uploads\/2024\/08\/Mako-Satiinist-voodipesukomplekt-6.jpg","type":"image\/jpeg"}],"twitter_card":"summary_large_image","twitter_misc":{"Est. reading time":"1 minute"},"schema":{"@context":"https:\/\/schema.org","@graph":[{"@type":"WebPage","@id":"https:\/\/minubaltic.ee\/lv\/e-pood\/gultas-vela\/premium-mako-satina-gultas-velas-komplekts-silke\/","url":"https:\/\/minubaltic.ee\/lv\/e-pood\/gultas-vela\/premium-mako-satina-gultas-velas-komplekts-silke\/","name":"Premium Mako Sat\u012bna gultas ve\u013cas komplekts | Si\u013c\u0137e","isPartOf":{"@id":"https:\/\/minubaltic.ee\/lv\/#website"},"primaryImageOfPage":{"@id":"https:\/\/minubaltic.ee\/lv\/e-pood\/gultas-vela\/premium-mako-satina-gultas-velas-komplekts-silke\/#primaryimage"},"image":{"@id":"https:\/\/minubaltic.ee\/lv\/e-pood\/gultas-vela\/premium-mako-satina-gultas-velas-komplekts-silke\/#primaryimage"},"thumbnailUrl":"https:\/\/minubaltic.ee\/wp-content\/uploads\/2024\/08\/Mako-Satiinist-voodipesukomplekt-6.jpg","datePublished":"2024-08-24T09:30:16+00:00","dateModified":"2024-08-24T10:06:14+00:00","description":"Mako sat\u012bna gultasve\u013cas komplekts ir slavens ar savu sp\u012bd\u012bgo apdari un izcilo maigumu. Izgatavots no augstas kvalit\u0101tes \u0113\u0123iptie\u0161u kokvilnas....","breadcrumb":{"@id":"https:\/\/minubaltic.ee\/lv\/e-pood\/gultas-vela\/premium-mako-satina-gultas-velas-komplekts-silke\/#breadcrumb"},"inLanguage":"lv-LV","potentialAction":[{"@type":"ReadAction","target":["https:\/\/minubaltic.ee\/lv\/e-pood\/gultas-vela\/premium-mako-satina-gultas-velas-komplekts-silke\/"]}]},{"@type":"ImageObject","inLanguage":"lv-LV","@id":"https:\/\/minubaltic.ee\/lv\/e-pood\/gultas-vela\/premium-mako-satina-gultas-velas-komplekts-silke\/#primaryimage","url":"https:\/\/minubaltic.ee\/wp-content\/uploads\/2024\/08\/Mako-Satiinist-voodipesukomplekt-6.jpg","contentUrl":"https:\/\/minubaltic.ee\/wp-content\/uploads\/2024\/08\/Mako-Satiinist-voodipesukomplekt-6.jpg","width":800,"height":800},{"@type":"BreadcrumbList","@id":"https:\/\/minubaltic.ee\/lv\/e-pood\/gultas-vela\/premium-mako-satina-gultas-velas-komplekts-silke\/#breadcrumb","itemListElement":[{"@type":"ListItem","position":1,"name":"S\u0101kums","item":"https:\/\/minubaltic.ee\/lv\/"},{"@type":"ListItem","position":2,"name":"E-veikals","item":"https:\/\/minubaltic.ee\/lv\/e-veikals\/"},{"@type":"ListItem","position":3,"name":"Premium Mako Sat\u012bna gultas ve\u013cas komplekts | Si\u013c\u0137e"}]},{"@type":"WebSite","@id":"https:\/\/minubaltic.ee\/lv\/#website","url":"https:\/\/minubaltic.ee\/lv\/","name":"minubaltic.ee","description":"","publisher":{"@id":"https:\/\/minubaltic.ee\/lv\/#organization"},"potentialAction":[{"@type":"SearchAction","target":{"@type":"EntryPoint","urlTemplate":"https:\/\/minubaltic.ee\/lv\/?s={search_term_string}"},"query-input":{"@type":"PropertyValueSpecification","valueRequired":true,"valueName":"search_term_string"}}],"inLanguage":"lv-LV"},{"@type":"Organization","@id":"https:\/\/minubaltic.ee\/lv\/#organization","name":"Minu Baltic O\u00dc","url":"https:\/\/minubaltic.ee\/lv\/","logo":{"@type":"ImageObject","inLanguage":"lv-LV","@id":"https:\/\/minubaltic.ee\/lv\/#\/schema\/logo\/image\/","url":"https:\/\/minubaltic.ee\/wp-content\/uploads\/2023\/10\/cropped-cropped-cropped-logo.png","contentUrl":"https:\/\/minubaltic.ee\/wp-content\/uploads\/2023\/10\/cropped-cropped-cropped-logo.png","width":500,"height":237,"caption":"Minu Baltic O\u00dc"},"image":{"@id":"https:\/\/minubaltic.ee\/lv\/#\/schema\/logo\/image\/"},"sameAs":["https:\/\/www.facebook.com\/minubaltic"]}]}},"_links":{"self":[{"href":"https:\/\/minubaltic.ee\/lv\/wp-json\/wp\/v2\/product\/33032","targetHints":{"allow":["GET"]}}],"collection":[{"href":"https:\/\/minubaltic.ee\/lv\/wp-json\/wp\/v2\/product"}],"about":[{"href":"https:\/\/minubaltic.ee\/lv\/wp-json\/wp\/v2\/types\/product"}],"replies":[{"embeddable":true,"href":"https:\/\/minubaltic.ee\/lv\/wp-json\/wp\/v2\/comments?post=33032"}],"version-history":[{"count":2,"href":"https:\/\/minubaltic.ee\/lv\/wp-json\/wp\/v2\/product\/33032\/revisions"}],"predecessor-version":[{"id":33112,"href":"https:\/\/minubaltic.ee\/lv\/wp-json\/wp\/v2\/product\/33032\/revisions\/33112"}],"wp:featuredmedia":[{"embeddable":true,"href":"https:\/\/minubaltic.ee\/lv\/wp-json\/wp\/v2\/media\/33054"}],"wp:attachment":[{"href":"https:\/\/minubaltic.ee\/lv\/wp-json\/wp\/v2\/media?parent=33032"}],"wp:term":[{"taxonomy":"product_brand","embeddable":true,"href":"https:\/\/minubaltic.ee\/lv\/wp-json\/wp\/v2\/product_brand?post=33032"},{"taxonomy":"product_cat","embeddable":true,"href":"https:\/\/minubaltic.ee\/lv\/wp-json\/wp\/v2\/product_cat?post=33032"},{"taxonomy":"product_tag","embeddable":true,"href":"https:\/\/minubaltic.ee\/lv\/wp-json\/wp\/v2\/product_tag?post=33032"}],"curies":[{"name":"wp","href":"https:\/\/api.w.org\/{rel}","templated":true}]}}