{"id":32976,"date":"2024-08-24T01:37:32","date_gmt":"2024-08-23T22:37:32","guid":{"rendered":"https:\/\/minubaltic.ee\/?post_type=product&#038;p=32976"},"modified":"2024-08-24T01:57:35","modified_gmt":"2024-08-23T22:57:35","slug":"kokvilnas-gultas-velas-komplekts-juras-zils","status":"publish","type":"product","link":"https:\/\/minubaltic.ee\/lv\/e-pood\/gultas-vela\/kokvilnas-gultas-velas-komplekts-juras-zils\/","title":{"rendered":"Kokvilnas gultas ve\u013cas komplekts | J\u016bras zils"},"content":{"rendered":"<p>\u2764 LIELISKS MATERI\u0100LS: 100% mazg\u0101ta kokvilna. P\u0113c \u012bpa\u0161as apstr\u0101des virsmas tekst\u016bra k\u013c\u016bst maig\u0101ka, un, pateicoties mazaj\u0101m krunci\u0146\u0101m, tai ir re\u0101listisks izskats.<\/p>\n","protected":false},"excerpt":{"rendered":"<p><strong>Materi\u0101ls:<\/strong> 100% mazg\u0101ta kokvilna<br \/>\n<strong>Komforts:<\/strong> elpojo\u0161s un m\u012bksta tekst\u016bra<br \/>\n<strong>Komplekta saturs:<\/strong> 1 segas p\u0101rvalka, 1 palaga, 2 spilvendr\u0101nu<br \/>\n<strong>Segas p\u0101rvalka:<\/strong> 200\u00d7230<br \/>\n<strong>Palaga:<\/strong> 210\u00d7240<br \/>\n<strong>Spilvendr\u0101nu:<\/strong> 50\u00d775 (2gab.)<\/p>\n","protected":false},"featured_media":32683,"comment_status":"open","ping_status":"closed","template":"","meta":[],"product_brand":[],"product_cat":[455,618,613,822,827,767],"product_tag":[460,461,466],"class_list":{"0":"post-32976","1":"product","2":"type-product","3":"status-publish","4":"has-post-thumbnail","6":"product_cat-gultas-vela","7":"product_cat-gultas-velas-komplekti","8":"product_cat-gultas-velas-komplekti-200-230","9":"product_cat-kokvilnas-gultas-vela","10":"product_cat-kokvilnas-gultas-velas-komplekti","11":"product_cat-organiska-gultas-vela","12":"product_tag-e-veikals","13":"product_tag-majas-tekstils","14":"product_tag-tekstils","16":"first","17":"instock","18":"shipping-taxable","19":"purchasable","20":"product-type-simple"},"yoast_head":"<!-- This site is optimized with the Yoast SEO plugin v27.3 - https:\/\/yoast.com\/product\/yoast-seo-wordpress\/ -->\n<title>Kokvilnas gultas ve\u013cas komplekts | J\u016bras zils - Minu Baltic<\/title>\n<meta name=\"description\" content=\"100% mazg\u0101ta kokvilna. P\u0113c \u012bpa\u0161as apstr\u0101des virsmas tekst\u016bra k\u013c\u016bst maig\u0101ka, un, pateicoties mazaj\u0101m krunci\u0146\u0101m, tai ir re\u0101listisks izskats.\" \/>\n<meta name=\"robots\" content=\"index, follow, max-snippet:-1, max-image-preview:large, max-video-preview:-1\" \/>\n<link rel=\"canonical\" href=\"https:\/\/minubaltic.ee\/lv\/e-pood\/gultas-vela\/kokvilnas-gultas-velas-komplekts-juras-zils\/\" \/>\n<meta property=\"og:locale\" content=\"lv_LV\" \/>\n<meta property=\"og:type\" content=\"article\" \/>\n<meta property=\"og:title\" content=\"Kokvilnas gultas ve\u013cas komplekts | J\u016bras zils - Minu Baltic\" \/>\n<meta property=\"og:description\" content=\"100% mazg\u0101ta kokvilna. P\u0113c \u012bpa\u0161as apstr\u0101des virsmas tekst\u016bra k\u013c\u016bst maig\u0101ka, un, pateicoties mazaj\u0101m krunci\u0146\u0101m, tai ir re\u0101listisks izskats.\" \/>\n<meta property=\"og:url\" content=\"https:\/\/minubaltic.ee\/lv\/e-pood\/gultas-vela\/kokvilnas-gultas-velas-komplekts-juras-zils\/\" \/>\n<meta property=\"article:publisher\" content=\"https:\/\/www.facebook.com\/minubaltic\" \/>\n<meta property=\"article:modified_time\" content=\"2024-08-23T22:57:35+00:00\" \/>\n<meta property=\"og:image\" content=\"https:\/\/minubaltic.ee\/wp-content\/uploads\/2024\/08\/Premium-Egiptuse-puuvillast-voodipesukomplekt-10.jpg\" \/>\n\t<meta property=\"og:image:width\" content=\"800\" \/>\n\t<meta property=\"og:image:height\" content=\"800\" \/>\n\t<meta property=\"og:image:type\" content=\"image\/jpeg\" \/>\n<meta name=\"twitter:card\" content=\"summary_large_image\" \/>\n<meta name=\"twitter:label1\" content=\"Est. reading time\" \/>\n\t<meta name=\"twitter:data1\" content=\"1 minute\" \/>\n<script type=\"application\/ld+json\" class=\"yoast-schema-graph\">{\"@context\":\"https:\\\/\\\/schema.org\",\"@graph\":[{\"@type\":\"WebPage\",\"@id\":\"https:\\\/\\\/minubaltic.ee\\\/lv\\\/e-pood\\\/gultas-vela\\\/kokvilnas-gultas-velas-komplekts-juras-zils\\\/\",\"url\":\"https:\\\/\\\/minubaltic.ee\\\/lv\\\/e-pood\\\/gultas-vela\\\/kokvilnas-gultas-velas-komplekts-juras-zils\\\/\",\"name\":\"Kokvilnas gultas ve\u013cas komplekts | J\u016bras zils - Minu Baltic\",\"isPartOf\":{\"@id\":\"https:\\\/\\\/minubaltic.ee\\\/lv\\\/#website\"},\"primaryImageOfPage\":{\"@id\":\"https:\\\/\\\/minubaltic.ee\\\/lv\\\/e-pood\\\/gultas-vela\\\/kokvilnas-gultas-velas-komplekts-juras-zils\\\/#primaryimage\"},\"image\":{\"@id\":\"https:\\\/\\\/minubaltic.ee\\\/lv\\\/e-pood\\\/gultas-vela\\\/kokvilnas-gultas-velas-komplekts-juras-zils\\\/#primaryimage\"},\"thumbnailUrl\":\"https:\\\/\\\/minubaltic.ee\\\/wp-content\\\/uploads\\\/2024\\\/08\\\/Premium-Egiptuse-puuvillast-voodipesukomplekt-10.jpg\",\"datePublished\":\"2024-08-23T22:37:32+00:00\",\"dateModified\":\"2024-08-23T22:57:35+00:00\",\"description\":\"100% mazg\u0101ta kokvilna. P\u0113c \u012bpa\u0161as apstr\u0101des virsmas tekst\u016bra k\u013c\u016bst maig\u0101ka, un, pateicoties mazaj\u0101m krunci\u0146\u0101m, tai ir re\u0101listisks izskats.\",\"breadcrumb\":{\"@id\":\"https:\\\/\\\/minubaltic.ee\\\/lv\\\/e-pood\\\/gultas-vela\\\/kokvilnas-gultas-velas-komplekts-juras-zils\\\/#breadcrumb\"},\"inLanguage\":\"lv-LV\",\"potentialAction\":[{\"@type\":\"ReadAction\",\"target\":[\"https:\\\/\\\/minubaltic.ee\\\/lv\\\/e-pood\\\/gultas-vela\\\/kokvilnas-gultas-velas-komplekts-juras-zils\\\/\"]}]},{\"@type\":\"ImageObject\",\"inLanguage\":\"lv-LV\",\"@id\":\"https:\\\/\\\/minubaltic.ee\\\/lv\\\/e-pood\\\/gultas-vela\\\/kokvilnas-gultas-velas-komplekts-juras-zils\\\/#primaryimage\",\"url\":\"https:\\\/\\\/minubaltic.ee\\\/wp-content\\\/uploads\\\/2024\\\/08\\\/Premium-Egiptuse-puuvillast-voodipesukomplekt-10.jpg\",\"contentUrl\":\"https:\\\/\\\/minubaltic.ee\\\/wp-content\\\/uploads\\\/2024\\\/08\\\/Premium-Egiptuse-puuvillast-voodipesukomplekt-10.jpg\",\"width\":800,\"height\":800},{\"@type\":\"BreadcrumbList\",\"@id\":\"https:\\\/\\\/minubaltic.ee\\\/lv\\\/e-pood\\\/gultas-vela\\\/kokvilnas-gultas-velas-komplekts-juras-zils\\\/#breadcrumb\",\"itemListElement\":[{\"@type\":\"ListItem\",\"position\":1,\"name\":\"S\u0101kums\",\"item\":\"https:\\\/\\\/minubaltic.ee\\\/lv\\\/\"},{\"@type\":\"ListItem\",\"position\":2,\"name\":\"E-veikals\",\"item\":\"https:\\\/\\\/minubaltic.ee\\\/lv\\\/e-veikals\\\/\"},{\"@type\":\"ListItem\",\"position\":3,\"name\":\"Kokvilnas gultas ve\u013cas komplekts | J\u016bras zils\"}]},{\"@type\":\"WebSite\",\"@id\":\"https:\\\/\\\/minubaltic.ee\\\/lv\\\/#website\",\"url\":\"https:\\\/\\\/minubaltic.ee\\\/lv\\\/\",\"name\":\"minubaltic.ee\",\"description\":\"\",\"publisher\":{\"@id\":\"https:\\\/\\\/minubaltic.ee\\\/lv\\\/#organization\"},\"potentialAction\":[{\"@type\":\"SearchAction\",\"target\":{\"@type\":\"EntryPoint\",\"urlTemplate\":\"https:\\\/\\\/minubaltic.ee\\\/lv\\\/?s={search_term_string}\"},\"query-input\":{\"@type\":\"PropertyValueSpecification\",\"valueRequired\":true,\"valueName\":\"search_term_string\"}}],\"inLanguage\":\"lv-LV\"},{\"@type\":\"Organization\",\"@id\":\"https:\\\/\\\/minubaltic.ee\\\/lv\\\/#organization\",\"name\":\"Minu Baltic O\u00dc\",\"url\":\"https:\\\/\\\/minubaltic.ee\\\/lv\\\/\",\"logo\":{\"@type\":\"ImageObject\",\"inLanguage\":\"lv-LV\",\"@id\":\"https:\\\/\\\/minubaltic.ee\\\/lv\\\/#\\\/schema\\\/logo\\\/image\\\/\",\"url\":\"https:\\\/\\\/minubaltic.ee\\\/wp-content\\\/uploads\\\/2023\\\/10\\\/cropped-cropped-cropped-logo.png\",\"contentUrl\":\"https:\\\/\\\/minubaltic.ee\\\/wp-content\\\/uploads\\\/2023\\\/10\\\/cropped-cropped-cropped-logo.png\",\"width\":500,\"height\":237,\"caption\":\"Minu Baltic O\u00dc\"},\"image\":{\"@id\":\"https:\\\/\\\/minubaltic.ee\\\/lv\\\/#\\\/schema\\\/logo\\\/image\\\/\"},\"sameAs\":[\"https:\\\/\\\/www.facebook.com\\\/minubaltic\"]}]}<\/script>\n<!-- \/ Yoast SEO plugin. -->","yoast_head_json":{"title":"Kokvilnas gultas ve\u013cas komplekts | J\u016bras zils - Minu Baltic","description":"100% mazg\u0101ta kokvilna. P\u0113c \u012bpa\u0161as apstr\u0101des virsmas tekst\u016bra k\u013c\u016bst maig\u0101ka, un, pateicoties mazaj\u0101m krunci\u0146\u0101m, tai ir re\u0101listisks izskats.","robots":{"index":"index","follow":"follow","max-snippet":"max-snippet:-1","max-image-preview":"max-image-preview:large","max-video-preview":"max-video-preview:-1"},"canonical":"https:\/\/minubaltic.ee\/lv\/e-pood\/gultas-vela\/kokvilnas-gultas-velas-komplekts-juras-zils\/","og_locale":"lv_LV","og_type":"article","og_title":"Kokvilnas gultas ve\u013cas komplekts | J\u016bras zils - Minu Baltic","og_description":"100% mazg\u0101ta kokvilna. P\u0113c \u012bpa\u0161as apstr\u0101des virsmas tekst\u016bra k\u013c\u016bst maig\u0101ka, un, pateicoties mazaj\u0101m krunci\u0146\u0101m, tai ir re\u0101listisks izskats.","og_url":"https:\/\/minubaltic.ee\/lv\/e-pood\/gultas-vela\/kokvilnas-gultas-velas-komplekts-juras-zils\/","article_publisher":"https:\/\/www.facebook.com\/minubaltic","article_modified_time":"2024-08-23T22:57:35+00:00","og_image":[{"width":800,"height":800,"url":"https:\/\/minubaltic.ee\/wp-content\/uploads\/2024\/08\/Premium-Egiptuse-puuvillast-voodipesukomplekt-10.jpg","type":"image\/jpeg"}],"twitter_card":"summary_large_image","twitter_misc":{"Est. reading time":"1 minute"},"schema":{"@context":"https:\/\/schema.org","@graph":[{"@type":"WebPage","@id":"https:\/\/minubaltic.ee\/lv\/e-pood\/gultas-vela\/kokvilnas-gultas-velas-komplekts-juras-zils\/","url":"https:\/\/minubaltic.ee\/lv\/e-pood\/gultas-vela\/kokvilnas-gultas-velas-komplekts-juras-zils\/","name":"Kokvilnas gultas ve\u013cas komplekts | J\u016bras zils - Minu Baltic","isPartOf":{"@id":"https:\/\/minubaltic.ee\/lv\/#website"},"primaryImageOfPage":{"@id":"https:\/\/minubaltic.ee\/lv\/e-pood\/gultas-vela\/kokvilnas-gultas-velas-komplekts-juras-zils\/#primaryimage"},"image":{"@id":"https:\/\/minubaltic.ee\/lv\/e-pood\/gultas-vela\/kokvilnas-gultas-velas-komplekts-juras-zils\/#primaryimage"},"thumbnailUrl":"https:\/\/minubaltic.ee\/wp-content\/uploads\/2024\/08\/Premium-Egiptuse-puuvillast-voodipesukomplekt-10.jpg","datePublished":"2024-08-23T22:37:32+00:00","dateModified":"2024-08-23T22:57:35+00:00","description":"100% mazg\u0101ta kokvilna. P\u0113c \u012bpa\u0161as apstr\u0101des virsmas tekst\u016bra k\u013c\u016bst maig\u0101ka, un, pateicoties mazaj\u0101m krunci\u0146\u0101m, tai ir re\u0101listisks izskats.","breadcrumb":{"@id":"https:\/\/minubaltic.ee\/lv\/e-pood\/gultas-vela\/kokvilnas-gultas-velas-komplekts-juras-zils\/#breadcrumb"},"inLanguage":"lv-LV","potentialAction":[{"@type":"ReadAction","target":["https:\/\/minubaltic.ee\/lv\/e-pood\/gultas-vela\/kokvilnas-gultas-velas-komplekts-juras-zils\/"]}]},{"@type":"ImageObject","inLanguage":"lv-LV","@id":"https:\/\/minubaltic.ee\/lv\/e-pood\/gultas-vela\/kokvilnas-gultas-velas-komplekts-juras-zils\/#primaryimage","url":"https:\/\/minubaltic.ee\/wp-content\/uploads\/2024\/08\/Premium-Egiptuse-puuvillast-voodipesukomplekt-10.jpg","contentUrl":"https:\/\/minubaltic.ee\/wp-content\/uploads\/2024\/08\/Premium-Egiptuse-puuvillast-voodipesukomplekt-10.jpg","width":800,"height":800},{"@type":"BreadcrumbList","@id":"https:\/\/minubaltic.ee\/lv\/e-pood\/gultas-vela\/kokvilnas-gultas-velas-komplekts-juras-zils\/#breadcrumb","itemListElement":[{"@type":"ListItem","position":1,"name":"S\u0101kums","item":"https:\/\/minubaltic.ee\/lv\/"},{"@type":"ListItem","position":2,"name":"E-veikals","item":"https:\/\/minubaltic.ee\/lv\/e-veikals\/"},{"@type":"ListItem","position":3,"name":"Kokvilnas gultas ve\u013cas komplekts | J\u016bras zils"}]},{"@type":"WebSite","@id":"https:\/\/minubaltic.ee\/lv\/#website","url":"https:\/\/minubaltic.ee\/lv\/","name":"minubaltic.ee","description":"","publisher":{"@id":"https:\/\/minubaltic.ee\/lv\/#organization"},"potentialAction":[{"@type":"SearchAction","target":{"@type":"EntryPoint","urlTemplate":"https:\/\/minubaltic.ee\/lv\/?s={search_term_string}"},"query-input":{"@type":"PropertyValueSpecification","valueRequired":true,"valueName":"search_term_string"}}],"inLanguage":"lv-LV"},{"@type":"Organization","@id":"https:\/\/minubaltic.ee\/lv\/#organization","name":"Minu Baltic O\u00dc","url":"https:\/\/minubaltic.ee\/lv\/","logo":{"@type":"ImageObject","inLanguage":"lv-LV","@id":"https:\/\/minubaltic.ee\/lv\/#\/schema\/logo\/image\/","url":"https:\/\/minubaltic.ee\/wp-content\/uploads\/2023\/10\/cropped-cropped-cropped-logo.png","contentUrl":"https:\/\/minubaltic.ee\/wp-content\/uploads\/2023\/10\/cropped-cropped-cropped-logo.png","width":500,"height":237,"caption":"Minu Baltic O\u00dc"},"image":{"@id":"https:\/\/minubaltic.ee\/lv\/#\/schema\/logo\/image\/"},"sameAs":["https:\/\/www.facebook.com\/minubaltic"]}]}},"_links":{"self":[{"href":"https:\/\/minubaltic.ee\/lv\/wp-json\/wp\/v2\/product\/32976","targetHints":{"allow":["GET"]}}],"collection":[{"href":"https:\/\/minubaltic.ee\/lv\/wp-json\/wp\/v2\/product"}],"about":[{"href":"https:\/\/minubaltic.ee\/lv\/wp-json\/wp\/v2\/types\/product"}],"replies":[{"embeddable":true,"href":"https:\/\/minubaltic.ee\/lv\/wp-json\/wp\/v2\/comments?post=32976"}],"version-history":[{"count":2,"href":"https:\/\/minubaltic.ee\/lv\/wp-json\/wp\/v2\/product\/32976\/revisions"}],"predecessor-version":[{"id":33009,"href":"https:\/\/minubaltic.ee\/lv\/wp-json\/wp\/v2\/product\/32976\/revisions\/33009"}],"wp:featuredmedia":[{"embeddable":true,"href":"https:\/\/minubaltic.ee\/lv\/wp-json\/wp\/v2\/media\/32683"}],"wp:attachment":[{"href":"https:\/\/minubaltic.ee\/lv\/wp-json\/wp\/v2\/media?parent=32976"}],"wp:term":[{"taxonomy":"product_brand","embeddable":true,"href":"https:\/\/minubaltic.ee\/lv\/wp-json\/wp\/v2\/product_brand?post=32976"},{"taxonomy":"product_cat","embeddable":true,"href":"https:\/\/minubaltic.ee\/lv\/wp-json\/wp\/v2\/product_cat?post=32976"},{"taxonomy":"product_tag","embeddable":true,"href":"https:\/\/minubaltic.ee\/lv\/wp-json\/wp\/v2\/product_tag?post=32976"}],"curies":[{"name":"wp","href":"https:\/\/api.w.org\/{rel}","templated":true}]}}