{"id":32195,"date":"2024-08-16T20:53:16","date_gmt":"2024-08-16T17:53:16","guid":{"rendered":"https:\/\/minubaltic.ee\/?post_type=product&#038;p=32195"},"modified":"2024-08-16T21:10:25","modified_gmt":"2024-08-16T18:10:25","slug":"marmora-raksta-luksusa-zakarda-gultas-velas-komplekts-melnais-zelts","status":"publish","type":"product","link":"https:\/\/minubaltic.ee\/lv\/e-pood\/gultas-vela\/marmora-raksta-luksusa-zakarda-gultas-velas-komplekts-melnais-zelts\/","title":{"rendered":"Marmora raksta luksusa \u017eakarda gultas ve\u013cas komplekts | Melnais zelts"},"content":{"rendered":"<ul>\n<li><strong>Materi\u0101ls:<\/strong> 100% \u0112\u0123iptes kokvilna<\/li>\n<li><strong>Audums:<\/strong> 1000 TC un bl\u012bvums 250 g\/m2.<\/li>\n<li><strong>Stils:<\/strong> \u017dakards<\/li>\n<li><strong>Komplekta saturs:<\/strong> 1 segas p\u0101rvalka, 1 palaga, 2 spilvendr\u0101nu<\/li>\n<li><strong>Segas p\u0101rvalka:<\/strong> 200\u00d7230<\/li>\n<li><strong>Palaga:<\/strong> 245\u00d7250<\/li>\n<li><strong>Spilvendr\u0101nu:<\/strong> 45\u00d775 (2 gab.)<\/li>\n<\/ul>\n<p>\u0112\u0123iptes kokvilnas gultas ve\u013cas komplekts ir labs ieguld\u012bjums, kas ienes j\u016bsu ikdienas dz\u012bv\u0113 grezn\u012bbu un komfortu. Izv\u0113loties \u0112\u0123iptes kokvilnas gultas ve\u013cas komplektu, j\u016bs varat izbaud\u012bt pasaul\u0113 lab\u0101k\u0101s kokvilnas maigumu, iztur\u012bbu un kvalit\u0101ti, kas kalpos gadiem ilgi.<\/p>\n<p><strong>1.Neparasts maigums:<\/strong> \u0112\u0123iptes kokvilnas gultasve\u013ca ir paz\u012bstama ar savu z\u012bdaino un grezno maigumu, kas pied\u0101v\u0101 maksim\u0101lu komfortu un maigu saj\u016btu uz \u0101das.<\/p>\n<p><strong>2. Izcila iztur\u012bba:<\/strong> Pateicoties garaj\u0101m un stipraj\u0101m \u0161\u0137iedr\u0101m, \u0112\u0123iptes kokvilnas gultasve\u013ca saglab\u0101 savu kvalit\u0101ti pat p\u0113c vair\u0101kk\u0101rt\u0113jas mazg\u0101\u0161anas, kalpo gadiem ilgi bez nodiluma paz\u012bm\u0113m.<\/p>\n<p><strong>3. Elpojo\u0161s un temperat\u016bru regul\u0113jo\u0161s:<\/strong> \u0112\u0123iptes kokvilna ir dabiski elpojo\u0161a, pal\u012bdzot uztur\u0113t \u0137ermeni v\u0113su vasar\u0101 un siltu ziem\u0101, nodro\u0161inot \u0113rtu miegu visa gada garum\u0101.<\/p>\n<p><strong>4. Dab\u012bga un hipoaler\u0123iska:<\/strong> \u0112\u0123iptes kokvilna tiek audz\u0113ta bez \u0137\u012bmisk\u0101m viel\u0101m, padarot to par dro\u0161u un vesel\u012bgu izv\u0113li cilv\u0113kiem ar jut\u012bgu \u0101du, samazinot aler\u0123iju risku.<\/p>\n<p><strong>5. Bag\u0101t\u012bga kr\u0101su un apdares kvalit\u0101te:<\/strong> \u0112\u0123iptes kokvilnas gultasve\u013ca ilg\u0101k saglab\u0101 dinamiskas kr\u0101sas un elegantu apdari, nodro\u0161inot greznu izskatu un saj\u016btu katr\u0101 lieto\u0161anas reiz\u0113.<\/p>\n<p><strong>\u0160is gultas ve\u013cas komplekts bag\u0101tin\u0101s j\u016bsu gu\u013camistabu gan ar eleganci, gan komfortu. Ide\u0101la izv\u0113le k\u0101 d\u0101vana sev vai saviem m\u012b\u013cajiem.<\/strong><\/p>\n","protected":false},"excerpt":{"rendered":"<p>\u0112\u0123iptes kokvilna tiek uzskat\u012bta par izcil\u0101ko un grezn\u0101ko kokvilnu pasaul\u0113, un t\u0101s izcil\u0101 kvalit\u0101te un iztur\u012bba ir padar\u012bjusi to par iecien\u012bt\u0101ko gultasve\u013cas izv\u0113li.<\/p>\n","protected":false},"featured_media":32201,"comment_status":"open","ping_status":"closed","template":"","meta":[],"product_brand":[],"product_cat":[455,618,613,822,827,767],"product_tag":[460,461,466],"class_list":{"0":"post-32195","1":"product","2":"type-product","3":"status-publish","4":"has-post-thumbnail","6":"product_cat-gultas-vela","7":"product_cat-gultas-velas-komplekti","8":"product_cat-gultas-velas-komplekti-200-230","9":"product_cat-kokvilnas-gultas-vela","10":"product_cat-kokvilnas-gultas-velas-komplekti","11":"product_cat-organiska-gultas-vela","12":"product_tag-e-veikals","13":"product_tag-majas-tekstils","14":"product_tag-tekstils","16":"first","17":"outofstock","18":"shipping-taxable","19":"purchasable","20":"product-type-simple"},"yoast_head":"<!-- This site is optimized with the Yoast SEO plugin v27.4 - https:\/\/yoast.com\/product\/yoast-seo-wordpress\/ -->\n<title>Marmora raksta luksusa \u017eakarda gultas ve\u013cas komplekts |<\/title>\n<meta name=\"description\" content=\"\u0112\u0123iptes kokvilnas gultasve\u013cas komplekts ir labs ieguld\u012bjums, kas nodro\u0161in\u0101s grezn\u012bbu un komfortu j\u016bsu ikdien\u0101. \u0112\u0123iptes kokvilnas gultasve\u013cas komplekta...\" \/>\n<meta name=\"robots\" content=\"index, follow, max-snippet:-1, max-image-preview:large, max-video-preview:-1\" \/>\n<link rel=\"canonical\" href=\"https:\/\/minubaltic.ee\/lv\/e-pood\/gultas-vela\/marmora-raksta-luksusa-zakarda-gultas-velas-komplekts-melnais-zelts\/\" \/>\n<meta property=\"og:locale\" content=\"lv_LV\" \/>\n<meta property=\"og:type\" content=\"article\" \/>\n<meta property=\"og:title\" content=\"Marmora raksta luksusa \u017eakarda gultas ve\u013cas komplekts |\" \/>\n<meta property=\"og:description\" content=\"\u0112\u0123iptes kokvilnas gultasve\u013cas komplekts ir labs ieguld\u012bjums, kas nodro\u0161in\u0101s grezn\u012bbu un komfortu j\u016bsu ikdien\u0101. \u0112\u0123iptes kokvilnas gultasve\u013cas komplekta...\" \/>\n<meta property=\"og:url\" content=\"https:\/\/minubaltic.ee\/lv\/e-pood\/gultas-vela\/marmora-raksta-luksusa-zakarda-gultas-velas-komplekts-melnais-zelts\/\" \/>\n<meta property=\"article:publisher\" content=\"https:\/\/www.facebook.com\/minubaltic\" \/>\n<meta property=\"article:modified_time\" content=\"2024-08-16T18:10:25+00:00\" \/>\n<meta property=\"og:image\" content=\"https:\/\/minubaltic.ee\/wp-content\/uploads\/2024\/08\/Marmor-mustriga-luksuslik-Jacquard-voodipesukomplekt-23.jpg\" \/>\n\t<meta property=\"og:image:width\" content=\"800\" \/>\n\t<meta property=\"og:image:height\" content=\"800\" \/>\n\t<meta property=\"og:image:type\" content=\"image\/jpeg\" \/>\n<meta name=\"twitter:card\" content=\"summary_large_image\" \/>\n<meta name=\"twitter:label1\" content=\"Est. reading time\" \/>\n\t<meta name=\"twitter:data1\" content=\"2 minutes\" \/>\n<script type=\"application\/ld+json\" class=\"yoast-schema-graph\">{\"@context\":\"https:\\\/\\\/schema.org\",\"@graph\":[{\"@type\":\"WebPage\",\"@id\":\"https:\\\/\\\/minubaltic.ee\\\/lv\\\/e-pood\\\/gultas-vela\\\/marmora-raksta-luksusa-zakarda-gultas-velas-komplekts-melnais-zelts\\\/\",\"url\":\"https:\\\/\\\/minubaltic.ee\\\/lv\\\/e-pood\\\/gultas-vela\\\/marmora-raksta-luksusa-zakarda-gultas-velas-komplekts-melnais-zelts\\\/\",\"name\":\"Marmora raksta luksusa \u017eakarda gultas ve\u013cas komplekts |\",\"isPartOf\":{\"@id\":\"https:\\\/\\\/minubaltic.ee\\\/lv\\\/#website\"},\"primaryImageOfPage\":{\"@id\":\"https:\\\/\\\/minubaltic.ee\\\/lv\\\/e-pood\\\/gultas-vela\\\/marmora-raksta-luksusa-zakarda-gultas-velas-komplekts-melnais-zelts\\\/#primaryimage\"},\"image\":{\"@id\":\"https:\\\/\\\/minubaltic.ee\\\/lv\\\/e-pood\\\/gultas-vela\\\/marmora-raksta-luksusa-zakarda-gultas-velas-komplekts-melnais-zelts\\\/#primaryimage\"},\"thumbnailUrl\":\"https:\\\/\\\/minubaltic.ee\\\/wp-content\\\/uploads\\\/2024\\\/08\\\/Marmor-mustriga-luksuslik-Jacquard-voodipesukomplekt-23.jpg\",\"datePublished\":\"2024-08-16T17:53:16+00:00\",\"dateModified\":\"2024-08-16T18:10:25+00:00\",\"description\":\"\u0112\u0123iptes kokvilnas gultasve\u013cas komplekts ir labs ieguld\u012bjums, kas nodro\u0161in\u0101s grezn\u012bbu un komfortu j\u016bsu ikdien\u0101. \u0112\u0123iptes kokvilnas gultasve\u013cas komplekta...\",\"breadcrumb\":{\"@id\":\"https:\\\/\\\/minubaltic.ee\\\/lv\\\/e-pood\\\/gultas-vela\\\/marmora-raksta-luksusa-zakarda-gultas-velas-komplekts-melnais-zelts\\\/#breadcrumb\"},\"inLanguage\":\"lv-LV\",\"potentialAction\":[{\"@type\":\"ReadAction\",\"target\":[\"https:\\\/\\\/minubaltic.ee\\\/lv\\\/e-pood\\\/gultas-vela\\\/marmora-raksta-luksusa-zakarda-gultas-velas-komplekts-melnais-zelts\\\/\"]}]},{\"@type\":\"ImageObject\",\"inLanguage\":\"lv-LV\",\"@id\":\"https:\\\/\\\/minubaltic.ee\\\/lv\\\/e-pood\\\/gultas-vela\\\/marmora-raksta-luksusa-zakarda-gultas-velas-komplekts-melnais-zelts\\\/#primaryimage\",\"url\":\"https:\\\/\\\/minubaltic.ee\\\/wp-content\\\/uploads\\\/2024\\\/08\\\/Marmor-mustriga-luksuslik-Jacquard-voodipesukomplekt-23.jpg\",\"contentUrl\":\"https:\\\/\\\/minubaltic.ee\\\/wp-content\\\/uploads\\\/2024\\\/08\\\/Marmor-mustriga-luksuslik-Jacquard-voodipesukomplekt-23.jpg\",\"width\":800,\"height\":800},{\"@type\":\"BreadcrumbList\",\"@id\":\"https:\\\/\\\/minubaltic.ee\\\/lv\\\/e-pood\\\/gultas-vela\\\/marmora-raksta-luksusa-zakarda-gultas-velas-komplekts-melnais-zelts\\\/#breadcrumb\",\"itemListElement\":[{\"@type\":\"ListItem\",\"position\":1,\"name\":\"S\u0101kums\",\"item\":\"https:\\\/\\\/minubaltic.ee\\\/lv\\\/\"},{\"@type\":\"ListItem\",\"position\":2,\"name\":\"E-veikals\",\"item\":\"https:\\\/\\\/minubaltic.ee\\\/lv\\\/e-veikals\\\/\"},{\"@type\":\"ListItem\",\"position\":3,\"name\":\"Marmora raksta luksusa \u017eakarda gultas ve\u013cas komplekts | Melnais zelts\"}]},{\"@type\":\"WebSite\",\"@id\":\"https:\\\/\\\/minubaltic.ee\\\/lv\\\/#website\",\"url\":\"https:\\\/\\\/minubaltic.ee\\\/lv\\\/\",\"name\":\"minubaltic.ee\",\"description\":\"\",\"publisher\":{\"@id\":\"https:\\\/\\\/minubaltic.ee\\\/lv\\\/#organization\"},\"potentialAction\":[{\"@type\":\"SearchAction\",\"target\":{\"@type\":\"EntryPoint\",\"urlTemplate\":\"https:\\\/\\\/minubaltic.ee\\\/lv\\\/?s={search_term_string}\"},\"query-input\":{\"@type\":\"PropertyValueSpecification\",\"valueRequired\":true,\"valueName\":\"search_term_string\"}}],\"inLanguage\":\"lv-LV\"},{\"@type\":\"Organization\",\"@id\":\"https:\\\/\\\/minubaltic.ee\\\/lv\\\/#organization\",\"name\":\"Minu Baltic O\u00dc\",\"url\":\"https:\\\/\\\/minubaltic.ee\\\/lv\\\/\",\"logo\":{\"@type\":\"ImageObject\",\"inLanguage\":\"lv-LV\",\"@id\":\"https:\\\/\\\/minubaltic.ee\\\/lv\\\/#\\\/schema\\\/logo\\\/image\\\/\",\"url\":\"https:\\\/\\\/minubaltic.ee\\\/wp-content\\\/uploads\\\/2023\\\/10\\\/cropped-cropped-cropped-logo.png\",\"contentUrl\":\"https:\\\/\\\/minubaltic.ee\\\/wp-content\\\/uploads\\\/2023\\\/10\\\/cropped-cropped-cropped-logo.png\",\"width\":500,\"height\":237,\"caption\":\"Minu Baltic O\u00dc\"},\"image\":{\"@id\":\"https:\\\/\\\/minubaltic.ee\\\/lv\\\/#\\\/schema\\\/logo\\\/image\\\/\"},\"sameAs\":[\"https:\\\/\\\/www.facebook.com\\\/minubaltic\"]}]}<\/script>\n<!-- \/ Yoast SEO plugin. -->","yoast_head_json":{"title":"Marmora raksta luksusa \u017eakarda gultas ve\u013cas komplekts |","description":"\u0112\u0123iptes kokvilnas gultasve\u013cas komplekts ir labs ieguld\u012bjums, kas nodro\u0161in\u0101s grezn\u012bbu un komfortu j\u016bsu ikdien\u0101. \u0112\u0123iptes kokvilnas gultasve\u013cas komplekta...","robots":{"index":"index","follow":"follow","max-snippet":"max-snippet:-1","max-image-preview":"max-image-preview:large","max-video-preview":"max-video-preview:-1"},"canonical":"https:\/\/minubaltic.ee\/lv\/e-pood\/gultas-vela\/marmora-raksta-luksusa-zakarda-gultas-velas-komplekts-melnais-zelts\/","og_locale":"lv_LV","og_type":"article","og_title":"Marmora raksta luksusa \u017eakarda gultas ve\u013cas komplekts |","og_description":"\u0112\u0123iptes kokvilnas gultasve\u013cas komplekts ir labs ieguld\u012bjums, kas nodro\u0161in\u0101s grezn\u012bbu un komfortu j\u016bsu ikdien\u0101. \u0112\u0123iptes kokvilnas gultasve\u013cas komplekta...","og_url":"https:\/\/minubaltic.ee\/lv\/e-pood\/gultas-vela\/marmora-raksta-luksusa-zakarda-gultas-velas-komplekts-melnais-zelts\/","article_publisher":"https:\/\/www.facebook.com\/minubaltic","article_modified_time":"2024-08-16T18:10:25+00:00","og_image":[{"width":800,"height":800,"url":"https:\/\/minubaltic.ee\/wp-content\/uploads\/2024\/08\/Marmor-mustriga-luksuslik-Jacquard-voodipesukomplekt-23.jpg","type":"image\/jpeg"}],"twitter_card":"summary_large_image","twitter_misc":{"Est. reading time":"2 minutes"},"schema":{"@context":"https:\/\/schema.org","@graph":[{"@type":"WebPage","@id":"https:\/\/minubaltic.ee\/lv\/e-pood\/gultas-vela\/marmora-raksta-luksusa-zakarda-gultas-velas-komplekts-melnais-zelts\/","url":"https:\/\/minubaltic.ee\/lv\/e-pood\/gultas-vela\/marmora-raksta-luksusa-zakarda-gultas-velas-komplekts-melnais-zelts\/","name":"Marmora raksta luksusa \u017eakarda gultas ve\u013cas komplekts |","isPartOf":{"@id":"https:\/\/minubaltic.ee\/lv\/#website"},"primaryImageOfPage":{"@id":"https:\/\/minubaltic.ee\/lv\/e-pood\/gultas-vela\/marmora-raksta-luksusa-zakarda-gultas-velas-komplekts-melnais-zelts\/#primaryimage"},"image":{"@id":"https:\/\/minubaltic.ee\/lv\/e-pood\/gultas-vela\/marmora-raksta-luksusa-zakarda-gultas-velas-komplekts-melnais-zelts\/#primaryimage"},"thumbnailUrl":"https:\/\/minubaltic.ee\/wp-content\/uploads\/2024\/08\/Marmor-mustriga-luksuslik-Jacquard-voodipesukomplekt-23.jpg","datePublished":"2024-08-16T17:53:16+00:00","dateModified":"2024-08-16T18:10:25+00:00","description":"\u0112\u0123iptes kokvilnas gultasve\u013cas komplekts ir labs ieguld\u012bjums, kas nodro\u0161in\u0101s grezn\u012bbu un komfortu j\u016bsu ikdien\u0101. \u0112\u0123iptes kokvilnas gultasve\u013cas komplekta...","breadcrumb":{"@id":"https:\/\/minubaltic.ee\/lv\/e-pood\/gultas-vela\/marmora-raksta-luksusa-zakarda-gultas-velas-komplekts-melnais-zelts\/#breadcrumb"},"inLanguage":"lv-LV","potentialAction":[{"@type":"ReadAction","target":["https:\/\/minubaltic.ee\/lv\/e-pood\/gultas-vela\/marmora-raksta-luksusa-zakarda-gultas-velas-komplekts-melnais-zelts\/"]}]},{"@type":"ImageObject","inLanguage":"lv-LV","@id":"https:\/\/minubaltic.ee\/lv\/e-pood\/gultas-vela\/marmora-raksta-luksusa-zakarda-gultas-velas-komplekts-melnais-zelts\/#primaryimage","url":"https:\/\/minubaltic.ee\/wp-content\/uploads\/2024\/08\/Marmor-mustriga-luksuslik-Jacquard-voodipesukomplekt-23.jpg","contentUrl":"https:\/\/minubaltic.ee\/wp-content\/uploads\/2024\/08\/Marmor-mustriga-luksuslik-Jacquard-voodipesukomplekt-23.jpg","width":800,"height":800},{"@type":"BreadcrumbList","@id":"https:\/\/minubaltic.ee\/lv\/e-pood\/gultas-vela\/marmora-raksta-luksusa-zakarda-gultas-velas-komplekts-melnais-zelts\/#breadcrumb","itemListElement":[{"@type":"ListItem","position":1,"name":"S\u0101kums","item":"https:\/\/minubaltic.ee\/lv\/"},{"@type":"ListItem","position":2,"name":"E-veikals","item":"https:\/\/minubaltic.ee\/lv\/e-veikals\/"},{"@type":"ListItem","position":3,"name":"Marmora raksta luksusa \u017eakarda gultas ve\u013cas komplekts | Melnais zelts"}]},{"@type":"WebSite","@id":"https:\/\/minubaltic.ee\/lv\/#website","url":"https:\/\/minubaltic.ee\/lv\/","name":"minubaltic.ee","description":"","publisher":{"@id":"https:\/\/minubaltic.ee\/lv\/#organization"},"potentialAction":[{"@type":"SearchAction","target":{"@type":"EntryPoint","urlTemplate":"https:\/\/minubaltic.ee\/lv\/?s={search_term_string}"},"query-input":{"@type":"PropertyValueSpecification","valueRequired":true,"valueName":"search_term_string"}}],"inLanguage":"lv-LV"},{"@type":"Organization","@id":"https:\/\/minubaltic.ee\/lv\/#organization","name":"Minu Baltic O\u00dc","url":"https:\/\/minubaltic.ee\/lv\/","logo":{"@type":"ImageObject","inLanguage":"lv-LV","@id":"https:\/\/minubaltic.ee\/lv\/#\/schema\/logo\/image\/","url":"https:\/\/minubaltic.ee\/wp-content\/uploads\/2023\/10\/cropped-cropped-cropped-logo.png","contentUrl":"https:\/\/minubaltic.ee\/wp-content\/uploads\/2023\/10\/cropped-cropped-cropped-logo.png","width":500,"height":237,"caption":"Minu Baltic O\u00dc"},"image":{"@id":"https:\/\/minubaltic.ee\/lv\/#\/schema\/logo\/image\/"},"sameAs":["https:\/\/www.facebook.com\/minubaltic"]}]}},"_links":{"self":[{"href":"https:\/\/minubaltic.ee\/lv\/wp-json\/wp\/v2\/product\/32195","targetHints":{"allow":["GET"]}}],"collection":[{"href":"https:\/\/minubaltic.ee\/lv\/wp-json\/wp\/v2\/product"}],"about":[{"href":"https:\/\/minubaltic.ee\/lv\/wp-json\/wp\/v2\/types\/product"}],"replies":[{"embeddable":true,"href":"https:\/\/minubaltic.ee\/lv\/wp-json\/wp\/v2\/comments?post=32195"}],"version-history":[{"count":2,"href":"https:\/\/minubaltic.ee\/lv\/wp-json\/wp\/v2\/product\/32195\/revisions"}],"predecessor-version":[{"id":32269,"href":"https:\/\/minubaltic.ee\/lv\/wp-json\/wp\/v2\/product\/32195\/revisions\/32269"}],"wp:featuredmedia":[{"embeddable":true,"href":"https:\/\/minubaltic.ee\/lv\/wp-json\/wp\/v2\/media\/32201"}],"wp:attachment":[{"href":"https:\/\/minubaltic.ee\/lv\/wp-json\/wp\/v2\/media?parent=32195"}],"wp:term":[{"taxonomy":"product_brand","embeddable":true,"href":"https:\/\/minubaltic.ee\/lv\/wp-json\/wp\/v2\/product_brand?post=32195"},{"taxonomy":"product_cat","embeddable":true,"href":"https:\/\/minubaltic.ee\/lv\/wp-json\/wp\/v2\/product_cat?post=32195"},{"taxonomy":"product_tag","embeddable":true,"href":"https:\/\/minubaltic.ee\/lv\/wp-json\/wp\/v2\/product_tag?post=32195"}],"curies":[{"name":"wp","href":"https:\/\/api.w.org\/{rel}","templated":true}]}}