{"id":31523,"date":"2024-08-14T00:24:25","date_gmt":"2024-08-13T21:24:25","guid":{"rendered":"https:\/\/minubaltic.ee\/?post_type=product&#038;p=31523"},"modified":"2024-10-15T22:19:26","modified_gmt":"2024-10-15T19:19:26","slug":"100-kokvilnas-dvielis-50x90","status":"publish","type":"product","link":"https:\/\/minubaltic.ee\/lv\/e-pood\/roku-dvieli\/100-kokvilnas-dvielis-50x90\/","title":{"rendered":"100% kokvilnas dvielis 50&#215;90"},"content":{"rendered":"<ul>\n<li><span class=\"product-attribute__label\"><strong>Auduma sast\u0101vs:<\/strong><\/span> <span class=\"product-attribute__value\" data-attribute-code=\"fabric_composition\">100% kokvilna<\/span><\/li>\n<li><strong>Da\u013cu skaits:<\/strong> 1<\/li>\n<li><strong>Izm\u0113ri:<\/strong> 50&#215;90 cm<\/li>\n<li><strong>Svars:<\/strong> 400 g\/m2<\/li>\n<\/ul>\n","protected":false},"excerpt":{"rendered":"<p>Auduma sast\u0101vs: 100% kokvilna Da\u013cu skaits: 1 Izm\u0113ri: 50&#215;90 cm Svars: 400 g\/m2<\/p>\n","protected":false},"featured_media":31528,"comment_status":"open","ping_status":"closed","template":"","meta":[],"product_brand":[],"product_cat":[443,446,438],"product_tag":[463,459,460,461,466],"class_list":{"0":"post-31523","1":"product","2":"type-product","3":"status-publish","4":"has-post-thumbnail","6":"product_cat-dvieli","7":"product_cat-dvieli-50-90","8":"product_cat-roku-dvieli","9":"product_tag-dvieli","10":"product_tag-e-komercija","11":"product_tag-e-veikals","12":"product_tag-majas-tekstils","13":"product_tag-tekstils","15":"first","16":"outofstock","17":"shipping-taxable","18":"purchasable","19":"product-type-simple"},"yoast_head":"<!-- This site is optimized with the Yoast SEO plugin v27.3 - https:\/\/yoast.com\/product\/yoast-seo-wordpress\/ -->\n<title>100% kokvilnas dvielis 50x90 - Bambusa dvie\u013ci<\/title>\n<meta name=\"description\" content=\"Dvie\u013ci b\u0113rniem, Dvie\u013ci ar iz\u0161uvumiem, Dvie\u013ci m\u0101jai un virtuvei, Lab\u0101kie dvie\u013cu z\u012bmoli, Dvie\u013cu kop\u0161anas padomi, Dvie\u013ci b\u0113rniem, Kokvilnas dvie\u013ci, Virtuves...\" \/>\n<meta name=\"robots\" content=\"index, follow, max-snippet:-1, max-image-preview:large, max-video-preview:-1\" \/>\n<link rel=\"canonical\" href=\"https:\/\/minubaltic.ee\/lv\/e-pood\/roku-dvieli\/100-kokvilnas-dvielis-50x90\/\" \/>\n<meta property=\"og:locale\" content=\"lv_LV\" \/>\n<meta property=\"og:type\" content=\"article\" \/>\n<meta property=\"og:title\" content=\"100% kokvilnas dvielis 50x90 - Bambusa dvie\u013ci\" \/>\n<meta property=\"og:description\" content=\"Dvie\u013ci b\u0113rniem, Dvie\u013ci ar iz\u0161uvumiem, Dvie\u013ci m\u0101jai un virtuvei, Lab\u0101kie dvie\u013cu z\u012bmoli, Dvie\u013cu kop\u0161anas padomi, Dvie\u013ci b\u0113rniem, Kokvilnas dvie\u013ci, Virtuves...\" \/>\n<meta property=\"og:url\" content=\"https:\/\/minubaltic.ee\/lv\/e-pood\/roku-dvieli\/100-kokvilnas-dvielis-50x90\/\" \/>\n<meta property=\"article:publisher\" content=\"https:\/\/www.facebook.com\/minubaltic\" \/>\n<meta property=\"article:modified_time\" content=\"2024-10-15T19:19:26+00:00\" \/>\n<meta property=\"og:image\" content=\"https:\/\/minubaltic.ee\/wp-content\/uploads\/2024\/08\/100-Puuvillane-ratik-50x90-1.jpeg\" \/>\n\t<meta property=\"og:image:width\" content=\"800\" \/>\n\t<meta property=\"og:image:height\" content=\"800\" \/>\n\t<meta property=\"og:image:type\" content=\"image\/jpeg\" \/>\n<meta name=\"twitter:card\" content=\"summary_large_image\" \/>\n<meta name=\"twitter:label1\" content=\"Est. reading time\" \/>\n\t<meta name=\"twitter:data1\" content=\"1 minute\" \/>\n<script type=\"application\/ld+json\" class=\"yoast-schema-graph\">{\"@context\":\"https:\\\/\\\/schema.org\",\"@graph\":[{\"@type\":\"WebPage\",\"@id\":\"https:\\\/\\\/minubaltic.ee\\\/lv\\\/e-pood\\\/roku-dvieli\\\/100-kokvilnas-dvielis-50x90\\\/\",\"url\":\"https:\\\/\\\/minubaltic.ee\\\/lv\\\/e-pood\\\/roku-dvieli\\\/100-kokvilnas-dvielis-50x90\\\/\",\"name\":\"100% kokvilnas dvielis 50x90 - Bambusa dvie\u013ci\",\"isPartOf\":{\"@id\":\"https:\\\/\\\/minubaltic.ee\\\/lv\\\/#website\"},\"primaryImageOfPage\":{\"@id\":\"https:\\\/\\\/minubaltic.ee\\\/lv\\\/e-pood\\\/roku-dvieli\\\/100-kokvilnas-dvielis-50x90\\\/#primaryimage\"},\"image\":{\"@id\":\"https:\\\/\\\/minubaltic.ee\\\/lv\\\/e-pood\\\/roku-dvieli\\\/100-kokvilnas-dvielis-50x90\\\/#primaryimage\"},\"thumbnailUrl\":\"https:\\\/\\\/minubaltic.ee\\\/wp-content\\\/uploads\\\/2024\\\/08\\\/100-Puuvillane-ratik-50x90-1.jpeg\",\"datePublished\":\"2024-08-13T21:24:25+00:00\",\"dateModified\":\"2024-10-15T19:19:26+00:00\",\"description\":\"Dvie\u013ci b\u0113rniem, Dvie\u013ci ar iz\u0161uvumiem, Dvie\u013ci m\u0101jai un virtuvei, Lab\u0101kie dvie\u013cu z\u012bmoli, Dvie\u013cu kop\u0161anas padomi, Dvie\u013ci b\u0113rniem, Kokvilnas dvie\u013ci, Virtuves...\",\"breadcrumb\":{\"@id\":\"https:\\\/\\\/minubaltic.ee\\\/lv\\\/e-pood\\\/roku-dvieli\\\/100-kokvilnas-dvielis-50x90\\\/#breadcrumb\"},\"inLanguage\":\"lv-LV\",\"potentialAction\":[{\"@type\":\"ReadAction\",\"target\":[\"https:\\\/\\\/minubaltic.ee\\\/lv\\\/e-pood\\\/roku-dvieli\\\/100-kokvilnas-dvielis-50x90\\\/\"]}]},{\"@type\":\"ImageObject\",\"inLanguage\":\"lv-LV\",\"@id\":\"https:\\\/\\\/minubaltic.ee\\\/lv\\\/e-pood\\\/roku-dvieli\\\/100-kokvilnas-dvielis-50x90\\\/#primaryimage\",\"url\":\"https:\\\/\\\/minubaltic.ee\\\/wp-content\\\/uploads\\\/2024\\\/08\\\/100-Puuvillane-ratik-50x90-1.jpeg\",\"contentUrl\":\"https:\\\/\\\/minubaltic.ee\\\/wp-content\\\/uploads\\\/2024\\\/08\\\/100-Puuvillane-ratik-50x90-1.jpeg\",\"width\":800,\"height\":800},{\"@type\":\"BreadcrumbList\",\"@id\":\"https:\\\/\\\/minubaltic.ee\\\/lv\\\/e-pood\\\/roku-dvieli\\\/100-kokvilnas-dvielis-50x90\\\/#breadcrumb\",\"itemListElement\":[{\"@type\":\"ListItem\",\"position\":1,\"name\":\"S\u0101kums\",\"item\":\"https:\\\/\\\/minubaltic.ee\\\/lv\\\/\"},{\"@type\":\"ListItem\",\"position\":2,\"name\":\"E-veikals\",\"item\":\"https:\\\/\\\/minubaltic.ee\\\/lv\\\/e-veikals\\\/\"},{\"@type\":\"ListItem\",\"position\":3,\"name\":\"100% kokvilnas dvielis 50&#215;90\"}]},{\"@type\":\"WebSite\",\"@id\":\"https:\\\/\\\/minubaltic.ee\\\/lv\\\/#website\",\"url\":\"https:\\\/\\\/minubaltic.ee\\\/lv\\\/\",\"name\":\"minubaltic.ee\",\"description\":\"\",\"publisher\":{\"@id\":\"https:\\\/\\\/minubaltic.ee\\\/lv\\\/#organization\"},\"potentialAction\":[{\"@type\":\"SearchAction\",\"target\":{\"@type\":\"EntryPoint\",\"urlTemplate\":\"https:\\\/\\\/minubaltic.ee\\\/lv\\\/?s={search_term_string}\"},\"query-input\":{\"@type\":\"PropertyValueSpecification\",\"valueRequired\":true,\"valueName\":\"search_term_string\"}}],\"inLanguage\":\"lv-LV\"},{\"@type\":\"Organization\",\"@id\":\"https:\\\/\\\/minubaltic.ee\\\/lv\\\/#organization\",\"name\":\"Minu Baltic O\u00dc\",\"url\":\"https:\\\/\\\/minubaltic.ee\\\/lv\\\/\",\"logo\":{\"@type\":\"ImageObject\",\"inLanguage\":\"lv-LV\",\"@id\":\"https:\\\/\\\/minubaltic.ee\\\/lv\\\/#\\\/schema\\\/logo\\\/image\\\/\",\"url\":\"https:\\\/\\\/minubaltic.ee\\\/wp-content\\\/uploads\\\/2023\\\/10\\\/cropped-cropped-cropped-logo.png\",\"contentUrl\":\"https:\\\/\\\/minubaltic.ee\\\/wp-content\\\/uploads\\\/2023\\\/10\\\/cropped-cropped-cropped-logo.png\",\"width\":500,\"height\":237,\"caption\":\"Minu Baltic O\u00dc\"},\"image\":{\"@id\":\"https:\\\/\\\/minubaltic.ee\\\/lv\\\/#\\\/schema\\\/logo\\\/image\\\/\"},\"sameAs\":[\"https:\\\/\\\/www.facebook.com\\\/minubaltic\"]}]}<\/script>\n<!-- \/ Yoast SEO plugin. -->","yoast_head_json":{"title":"100% kokvilnas dvielis 50x90 - Bambusa dvie\u013ci","description":"Dvie\u013ci b\u0113rniem, Dvie\u013ci ar iz\u0161uvumiem, Dvie\u013ci m\u0101jai un virtuvei, Lab\u0101kie dvie\u013cu z\u012bmoli, Dvie\u013cu kop\u0161anas padomi, Dvie\u013ci b\u0113rniem, Kokvilnas dvie\u013ci, Virtuves...","robots":{"index":"index","follow":"follow","max-snippet":"max-snippet:-1","max-image-preview":"max-image-preview:large","max-video-preview":"max-video-preview:-1"},"canonical":"https:\/\/minubaltic.ee\/lv\/e-pood\/roku-dvieli\/100-kokvilnas-dvielis-50x90\/","og_locale":"lv_LV","og_type":"article","og_title":"100% kokvilnas dvielis 50x90 - Bambusa dvie\u013ci","og_description":"Dvie\u013ci b\u0113rniem, Dvie\u013ci ar iz\u0161uvumiem, Dvie\u013ci m\u0101jai un virtuvei, Lab\u0101kie dvie\u013cu z\u012bmoli, Dvie\u013cu kop\u0161anas padomi, Dvie\u013ci b\u0113rniem, Kokvilnas dvie\u013ci, Virtuves...","og_url":"https:\/\/minubaltic.ee\/lv\/e-pood\/roku-dvieli\/100-kokvilnas-dvielis-50x90\/","article_publisher":"https:\/\/www.facebook.com\/minubaltic","article_modified_time":"2024-10-15T19:19:26+00:00","og_image":[{"width":800,"height":800,"url":"https:\/\/minubaltic.ee\/wp-content\/uploads\/2024\/08\/100-Puuvillane-ratik-50x90-1.jpeg","type":"image\/jpeg"}],"twitter_card":"summary_large_image","twitter_misc":{"Est. reading time":"1 minute"},"schema":{"@context":"https:\/\/schema.org","@graph":[{"@type":"WebPage","@id":"https:\/\/minubaltic.ee\/lv\/e-pood\/roku-dvieli\/100-kokvilnas-dvielis-50x90\/","url":"https:\/\/minubaltic.ee\/lv\/e-pood\/roku-dvieli\/100-kokvilnas-dvielis-50x90\/","name":"100% kokvilnas dvielis 50x90 - Bambusa dvie\u013ci","isPartOf":{"@id":"https:\/\/minubaltic.ee\/lv\/#website"},"primaryImageOfPage":{"@id":"https:\/\/minubaltic.ee\/lv\/e-pood\/roku-dvieli\/100-kokvilnas-dvielis-50x90\/#primaryimage"},"image":{"@id":"https:\/\/minubaltic.ee\/lv\/e-pood\/roku-dvieli\/100-kokvilnas-dvielis-50x90\/#primaryimage"},"thumbnailUrl":"https:\/\/minubaltic.ee\/wp-content\/uploads\/2024\/08\/100-Puuvillane-ratik-50x90-1.jpeg","datePublished":"2024-08-13T21:24:25+00:00","dateModified":"2024-10-15T19:19:26+00:00","description":"Dvie\u013ci b\u0113rniem, Dvie\u013ci ar iz\u0161uvumiem, Dvie\u013ci m\u0101jai un virtuvei, Lab\u0101kie dvie\u013cu z\u012bmoli, Dvie\u013cu kop\u0161anas padomi, Dvie\u013ci b\u0113rniem, Kokvilnas dvie\u013ci, Virtuves...","breadcrumb":{"@id":"https:\/\/minubaltic.ee\/lv\/e-pood\/roku-dvieli\/100-kokvilnas-dvielis-50x90\/#breadcrumb"},"inLanguage":"lv-LV","potentialAction":[{"@type":"ReadAction","target":["https:\/\/minubaltic.ee\/lv\/e-pood\/roku-dvieli\/100-kokvilnas-dvielis-50x90\/"]}]},{"@type":"ImageObject","inLanguage":"lv-LV","@id":"https:\/\/minubaltic.ee\/lv\/e-pood\/roku-dvieli\/100-kokvilnas-dvielis-50x90\/#primaryimage","url":"https:\/\/minubaltic.ee\/wp-content\/uploads\/2024\/08\/100-Puuvillane-ratik-50x90-1.jpeg","contentUrl":"https:\/\/minubaltic.ee\/wp-content\/uploads\/2024\/08\/100-Puuvillane-ratik-50x90-1.jpeg","width":800,"height":800},{"@type":"BreadcrumbList","@id":"https:\/\/minubaltic.ee\/lv\/e-pood\/roku-dvieli\/100-kokvilnas-dvielis-50x90\/#breadcrumb","itemListElement":[{"@type":"ListItem","position":1,"name":"S\u0101kums","item":"https:\/\/minubaltic.ee\/lv\/"},{"@type":"ListItem","position":2,"name":"E-veikals","item":"https:\/\/minubaltic.ee\/lv\/e-veikals\/"},{"@type":"ListItem","position":3,"name":"100% kokvilnas dvielis 50&#215;90"}]},{"@type":"WebSite","@id":"https:\/\/minubaltic.ee\/lv\/#website","url":"https:\/\/minubaltic.ee\/lv\/","name":"minubaltic.ee","description":"","publisher":{"@id":"https:\/\/minubaltic.ee\/lv\/#organization"},"potentialAction":[{"@type":"SearchAction","target":{"@type":"EntryPoint","urlTemplate":"https:\/\/minubaltic.ee\/lv\/?s={search_term_string}"},"query-input":{"@type":"PropertyValueSpecification","valueRequired":true,"valueName":"search_term_string"}}],"inLanguage":"lv-LV"},{"@type":"Organization","@id":"https:\/\/minubaltic.ee\/lv\/#organization","name":"Minu Baltic O\u00dc","url":"https:\/\/minubaltic.ee\/lv\/","logo":{"@type":"ImageObject","inLanguage":"lv-LV","@id":"https:\/\/minubaltic.ee\/lv\/#\/schema\/logo\/image\/","url":"https:\/\/minubaltic.ee\/wp-content\/uploads\/2023\/10\/cropped-cropped-cropped-logo.png","contentUrl":"https:\/\/minubaltic.ee\/wp-content\/uploads\/2023\/10\/cropped-cropped-cropped-logo.png","width":500,"height":237,"caption":"Minu Baltic O\u00dc"},"image":{"@id":"https:\/\/minubaltic.ee\/lv\/#\/schema\/logo\/image\/"},"sameAs":["https:\/\/www.facebook.com\/minubaltic"]}]}},"_links":{"self":[{"href":"https:\/\/minubaltic.ee\/lv\/wp-json\/wp\/v2\/product\/31523","targetHints":{"allow":["GET"]}}],"collection":[{"href":"https:\/\/minubaltic.ee\/lv\/wp-json\/wp\/v2\/product"}],"about":[{"href":"https:\/\/minubaltic.ee\/lv\/wp-json\/wp\/v2\/types\/product"}],"replies":[{"embeddable":true,"href":"https:\/\/minubaltic.ee\/lv\/wp-json\/wp\/v2\/comments?post=31523"}],"version-history":[{"count":2,"href":"https:\/\/minubaltic.ee\/lv\/wp-json\/wp\/v2\/product\/31523\/revisions"}],"predecessor-version":[{"id":31539,"href":"https:\/\/minubaltic.ee\/lv\/wp-json\/wp\/v2\/product\/31523\/revisions\/31539"}],"wp:featuredmedia":[{"embeddable":true,"href":"https:\/\/minubaltic.ee\/lv\/wp-json\/wp\/v2\/media\/31528"}],"wp:attachment":[{"href":"https:\/\/minubaltic.ee\/lv\/wp-json\/wp\/v2\/media?parent=31523"}],"wp:term":[{"taxonomy":"product_brand","embeddable":true,"href":"https:\/\/minubaltic.ee\/lv\/wp-json\/wp\/v2\/product_brand?post=31523"},{"taxonomy":"product_cat","embeddable":true,"href":"https:\/\/minubaltic.ee\/lv\/wp-json\/wp\/v2\/product_cat?post=31523"},{"taxonomy":"product_tag","embeddable":true,"href":"https:\/\/minubaltic.ee\/lv\/wp-json\/wp\/v2\/product_tag?post=31523"}],"curies":[{"name":"wp","href":"https:\/\/api.w.org\/{rel}","templated":true}]}}