{"id":31359,"date":"2024-08-08T01:06:19","date_gmt":"2024-08-07T22:06:19","guid":{"rendered":"https:\/\/minubaltic.ee\/?post_type=product&#038;p=31359"},"modified":"2024-08-08T01:57:41","modified_gmt":"2024-08-07T22:57:41","slug":"premium-lyocell-gultas-velas-komplekts-lilija","status":"publish","type":"product","link":"https:\/\/minubaltic.ee\/lv\/e-pood\/gultas-vela\/premium-lyocell-gultas-velas-komplekts-lilija\/","title":{"rendered":"Premium Lyocell gultas ve\u013cas komplekts | Lilija"},"content":{"rendered":"<ul>\n<li><strong>Materi\u0101ls:<\/strong> 100% Lyocell<\/li>\n<li><strong>Komforts:<\/strong> elpojo\u0161a un m\u012bksta tekst\u016bra<\/li>\n<li><strong>Komplekta saturs:<\/strong> 1 segas p\u0101rvalka, 1 palaga, 2 spilvendr\u0101nu<\/li>\n<li><strong>Segas p\u0101rvalka:<\/strong> 200\u00d7230<\/li>\n<li><strong>Palaga:<\/strong> 245\u00d7250<\/li>\n<li><strong>Spilvendr\u0101nu:<\/strong> 50\u00d775 (2 gab.)<\/li>\n<\/ul>\n<p><strong>K\u0101p\u0113c izv\u0113l\u0113ties Lyocell gultasve\u013cas komplektu?<\/strong><\/p>\n<ol>\n<li>Izcila maigums: Lyocell ir z\u012bdaina tekst\u016bra, kas nodro\u0161ina m\u012bkstu un \u0113rtu miegu.<\/li>\n<li>Lieliska elpojam\u012bba: Materi\u0101ls novada mitrumu no \u0137erme\u0146a.<\/li>\n<li>Mitruma novad\u012b\u0161ana: Lyocells sp\u0113j absorb\u0113t vair\u0101k mitruma nek\u0101 kokvilna, t\u0101d\u0113j\u0101di pal\u012bdzot nov\u0113rst sv\u012b\u0161anu.<\/li>\n<li>Antibakteri\u0101las \u012bpa\u0161\u012bbas: Lyocellam piem\u012bt antibakteri\u0101las \u012bpa\u0161\u012bbas, kas mazina smakas un saglab\u0101 gultas ve\u013cas svaigumu.<\/li>\n<li>Videi draudz\u012bgs: Izgatavots no ilgtsp\u0113j\u012bgi audz\u0113tiem eikalipta kokiem, izmantojot maz\u0101k \u016bdens.<\/li>\n<li>Hipoaler\u0123isks: T\u0101 k\u0101 tas ir maigs un maz\u0101k kairina \u0101du, ir labi piem\u0113rots cilv\u0113kiem ar jut\u012bgu \u0101du un aler\u0123iskiem cilv\u0113kiem.<\/li>\n<li>Iztur\u012bba: Lyocela audums ir iztur\u012bgs un saglab\u0101 savu kvalit\u0101ti pat p\u0113c vair\u0101kk\u0101rt\u0113jas mazg\u0101\u0161anas.<\/li>\n<\/ol>\n<p><strong>Izv\u0113loties Lyocell Prem\u0131um gultasve\u013cu, j\u016bs ieguld\u0101t gan sava miega kvalit\u0101t\u0113, gan vides labkl\u0101j\u012bb\u0101.<\/strong><\/p>\n","protected":false},"excerpt":{"rendered":"<p>Lyocell gultas ve\u013cas komplekts ir izgatavots no celulozes \u0161\u0137iedr\u0101m, kas ieg\u016btas no ilgtsp\u0113j\u012bgi audz\u0113tas koksnes, galvenok\u0101rt eikalipta kokiem. \u0160is materi\u0101ls ir paz\u012bstams ar savu grezno maigumu un z\u012bdainu tekst\u016bru, nodro\u0161inot izcilu gul\u0113\u0161anas komfortu.<\/p>\n","protected":false},"featured_media":31365,"comment_status":"open","ping_status":"closed","template":"","meta":[],"product_brand":[],"product_cat":[455,618,613,869,767],"product_tag":[460,461,466],"class_list":{"0":"post-31359","1":"product","2":"type-product","3":"status-publish","4":"has-post-thumbnail","6":"product_cat-gultas-vela","7":"product_cat-gultas-velas-komplekti","8":"product_cat-gultas-velas-komplekti-200-230","9":"product_cat-liocela-gultas-vela","10":"product_cat-organiska-gultas-vela","11":"product_tag-e-veikals","12":"product_tag-majas-tekstils","13":"product_tag-tekstils","15":"first","16":"outofstock","17":"shipping-taxable","18":"purchasable","19":"product-type-simple"},"yoast_head":"<!-- This site is optimized with the Yoast SEO plugin v27.3 - https:\/\/yoast.com\/product\/yoast-seo-wordpress\/ -->\n<title>Premium Lyocell gultas ve\u013cas komplekts | Lilija - Minu Baltic<\/title>\n<meta name=\"description\" content=\"Lyocell gultas ve\u013cas komplektam ir z\u012bdaina tekst\u016bra un tas ir videi draudz\u012bgs, jo ieg\u016bts no ilgtsp\u0113j\u012bgi audz\u0113tas koksnes, galvenok\u0101rt eikalipta kokiem.\" \/>\n<meta name=\"robots\" content=\"index, follow, max-snippet:-1, max-image-preview:large, max-video-preview:-1\" \/>\n<link rel=\"canonical\" href=\"https:\/\/minubaltic.ee\/lv\/e-pood\/gultas-vela\/premium-lyocell-gultas-velas-komplekts-lilija\/\" \/>\n<meta property=\"og:locale\" content=\"lv_LV\" \/>\n<meta property=\"og:type\" content=\"article\" \/>\n<meta property=\"og:title\" content=\"Premium Lyocell gultas ve\u013cas komplekts | Lilija - Minu Baltic\" \/>\n<meta property=\"og:description\" content=\"Lyocell gultas ve\u013cas komplektam ir z\u012bdaina tekst\u016bra un tas ir videi draudz\u012bgs, jo ieg\u016bts no ilgtsp\u0113j\u012bgi audz\u0113tas koksnes, galvenok\u0101rt eikalipta kokiem.\" \/>\n<meta property=\"og:url\" content=\"https:\/\/minubaltic.ee\/lv\/e-pood\/gultas-vela\/premium-lyocell-gultas-velas-komplekts-lilija\/\" \/>\n<meta property=\"article:publisher\" content=\"https:\/\/www.facebook.com\/minubaltic\" \/>\n<meta property=\"article:modified_time\" content=\"2024-08-07T22:57:41+00:00\" \/>\n<meta property=\"og:image\" content=\"https:\/\/minubaltic.ee\/wp-content\/uploads\/2024\/08\/Lyocell-voodipesukomplekt-2.jpg\" \/>\n\t<meta property=\"og:image:width\" content=\"800\" \/>\n\t<meta property=\"og:image:height\" content=\"800\" \/>\n\t<meta property=\"og:image:type\" content=\"image\/jpeg\" \/>\n<meta name=\"twitter:card\" content=\"summary_large_image\" \/>\n<meta name=\"twitter:label1\" content=\"Est. reading time\" \/>\n\t<meta name=\"twitter:data1\" content=\"1 minute\" \/>\n<script type=\"application\/ld+json\" class=\"yoast-schema-graph\">{\"@context\":\"https:\\\/\\\/schema.org\",\"@graph\":[{\"@type\":\"WebPage\",\"@id\":\"https:\\\/\\\/minubaltic.ee\\\/lv\\\/e-pood\\\/gultas-vela\\\/premium-lyocell-gultas-velas-komplekts-lilija\\\/\",\"url\":\"https:\\\/\\\/minubaltic.ee\\\/lv\\\/e-pood\\\/gultas-vela\\\/premium-lyocell-gultas-velas-komplekts-lilija\\\/\",\"name\":\"Premium Lyocell gultas ve\u013cas komplekts | Lilija - Minu Baltic\",\"isPartOf\":{\"@id\":\"https:\\\/\\\/minubaltic.ee\\\/lv\\\/#website\"},\"primaryImageOfPage\":{\"@id\":\"https:\\\/\\\/minubaltic.ee\\\/lv\\\/e-pood\\\/gultas-vela\\\/premium-lyocell-gultas-velas-komplekts-lilija\\\/#primaryimage\"},\"image\":{\"@id\":\"https:\\\/\\\/minubaltic.ee\\\/lv\\\/e-pood\\\/gultas-vela\\\/premium-lyocell-gultas-velas-komplekts-lilija\\\/#primaryimage\"},\"thumbnailUrl\":\"https:\\\/\\\/minubaltic.ee\\\/wp-content\\\/uploads\\\/2024\\\/08\\\/Lyocell-voodipesukomplekt-2.jpg\",\"datePublished\":\"2024-08-07T22:06:19+00:00\",\"dateModified\":\"2024-08-07T22:57:41+00:00\",\"description\":\"Lyocell gultas ve\u013cas komplektam ir z\u012bdaina tekst\u016bra un tas ir videi draudz\u012bgs, jo ieg\u016bts no ilgtsp\u0113j\u012bgi audz\u0113tas koksnes, galvenok\u0101rt eikalipta kokiem.\",\"breadcrumb\":{\"@id\":\"https:\\\/\\\/minubaltic.ee\\\/lv\\\/e-pood\\\/gultas-vela\\\/premium-lyocell-gultas-velas-komplekts-lilija\\\/#breadcrumb\"},\"inLanguage\":\"lv-LV\",\"potentialAction\":[{\"@type\":\"ReadAction\",\"target\":[\"https:\\\/\\\/minubaltic.ee\\\/lv\\\/e-pood\\\/gultas-vela\\\/premium-lyocell-gultas-velas-komplekts-lilija\\\/\"]}]},{\"@type\":\"ImageObject\",\"inLanguage\":\"lv-LV\",\"@id\":\"https:\\\/\\\/minubaltic.ee\\\/lv\\\/e-pood\\\/gultas-vela\\\/premium-lyocell-gultas-velas-komplekts-lilija\\\/#primaryimage\",\"url\":\"https:\\\/\\\/minubaltic.ee\\\/wp-content\\\/uploads\\\/2024\\\/08\\\/Lyocell-voodipesukomplekt-2.jpg\",\"contentUrl\":\"https:\\\/\\\/minubaltic.ee\\\/wp-content\\\/uploads\\\/2024\\\/08\\\/Lyocell-voodipesukomplekt-2.jpg\",\"width\":800,\"height\":800},{\"@type\":\"BreadcrumbList\",\"@id\":\"https:\\\/\\\/minubaltic.ee\\\/lv\\\/e-pood\\\/gultas-vela\\\/premium-lyocell-gultas-velas-komplekts-lilija\\\/#breadcrumb\",\"itemListElement\":[{\"@type\":\"ListItem\",\"position\":1,\"name\":\"S\u0101kums\",\"item\":\"https:\\\/\\\/minubaltic.ee\\\/lv\\\/\"},{\"@type\":\"ListItem\",\"position\":2,\"name\":\"E-veikals\",\"item\":\"https:\\\/\\\/minubaltic.ee\\\/lv\\\/e-veikals\\\/\"},{\"@type\":\"ListItem\",\"position\":3,\"name\":\"Premium Lyocell gultas ve\u013cas komplekts | Lilija\"}]},{\"@type\":\"WebSite\",\"@id\":\"https:\\\/\\\/minubaltic.ee\\\/lv\\\/#website\",\"url\":\"https:\\\/\\\/minubaltic.ee\\\/lv\\\/\",\"name\":\"minubaltic.ee\",\"description\":\"\",\"publisher\":{\"@id\":\"https:\\\/\\\/minubaltic.ee\\\/lv\\\/#organization\"},\"potentialAction\":[{\"@type\":\"SearchAction\",\"target\":{\"@type\":\"EntryPoint\",\"urlTemplate\":\"https:\\\/\\\/minubaltic.ee\\\/lv\\\/?s={search_term_string}\"},\"query-input\":{\"@type\":\"PropertyValueSpecification\",\"valueRequired\":true,\"valueName\":\"search_term_string\"}}],\"inLanguage\":\"lv-LV\"},{\"@type\":\"Organization\",\"@id\":\"https:\\\/\\\/minubaltic.ee\\\/lv\\\/#organization\",\"name\":\"Minu Baltic O\u00dc\",\"url\":\"https:\\\/\\\/minubaltic.ee\\\/lv\\\/\",\"logo\":{\"@type\":\"ImageObject\",\"inLanguage\":\"lv-LV\",\"@id\":\"https:\\\/\\\/minubaltic.ee\\\/lv\\\/#\\\/schema\\\/logo\\\/image\\\/\",\"url\":\"https:\\\/\\\/minubaltic.ee\\\/wp-content\\\/uploads\\\/2023\\\/10\\\/cropped-cropped-cropped-logo.png\",\"contentUrl\":\"https:\\\/\\\/minubaltic.ee\\\/wp-content\\\/uploads\\\/2023\\\/10\\\/cropped-cropped-cropped-logo.png\",\"width\":500,\"height\":237,\"caption\":\"Minu Baltic O\u00dc\"},\"image\":{\"@id\":\"https:\\\/\\\/minubaltic.ee\\\/lv\\\/#\\\/schema\\\/logo\\\/image\\\/\"},\"sameAs\":[\"https:\\\/\\\/www.facebook.com\\\/minubaltic\"]}]}<\/script>\n<!-- \/ Yoast SEO plugin. -->","yoast_head_json":{"title":"Premium Lyocell gultas ve\u013cas komplekts | Lilija - Minu Baltic","description":"Lyocell gultas ve\u013cas komplektam ir z\u012bdaina tekst\u016bra un tas ir videi draudz\u012bgs, jo ieg\u016bts no ilgtsp\u0113j\u012bgi audz\u0113tas koksnes, galvenok\u0101rt eikalipta kokiem.","robots":{"index":"index","follow":"follow","max-snippet":"max-snippet:-1","max-image-preview":"max-image-preview:large","max-video-preview":"max-video-preview:-1"},"canonical":"https:\/\/minubaltic.ee\/lv\/e-pood\/gultas-vela\/premium-lyocell-gultas-velas-komplekts-lilija\/","og_locale":"lv_LV","og_type":"article","og_title":"Premium Lyocell gultas ve\u013cas komplekts | Lilija - Minu Baltic","og_description":"Lyocell gultas ve\u013cas komplektam ir z\u012bdaina tekst\u016bra un tas ir videi draudz\u012bgs, jo ieg\u016bts no ilgtsp\u0113j\u012bgi audz\u0113tas koksnes, galvenok\u0101rt eikalipta kokiem.","og_url":"https:\/\/minubaltic.ee\/lv\/e-pood\/gultas-vela\/premium-lyocell-gultas-velas-komplekts-lilija\/","article_publisher":"https:\/\/www.facebook.com\/minubaltic","article_modified_time":"2024-08-07T22:57:41+00:00","og_image":[{"width":800,"height":800,"url":"https:\/\/minubaltic.ee\/wp-content\/uploads\/2024\/08\/Lyocell-voodipesukomplekt-2.jpg","type":"image\/jpeg"}],"twitter_card":"summary_large_image","twitter_misc":{"Est. reading time":"1 minute"},"schema":{"@context":"https:\/\/schema.org","@graph":[{"@type":"WebPage","@id":"https:\/\/minubaltic.ee\/lv\/e-pood\/gultas-vela\/premium-lyocell-gultas-velas-komplekts-lilija\/","url":"https:\/\/minubaltic.ee\/lv\/e-pood\/gultas-vela\/premium-lyocell-gultas-velas-komplekts-lilija\/","name":"Premium Lyocell gultas ve\u013cas komplekts | Lilija - Minu Baltic","isPartOf":{"@id":"https:\/\/minubaltic.ee\/lv\/#website"},"primaryImageOfPage":{"@id":"https:\/\/minubaltic.ee\/lv\/e-pood\/gultas-vela\/premium-lyocell-gultas-velas-komplekts-lilija\/#primaryimage"},"image":{"@id":"https:\/\/minubaltic.ee\/lv\/e-pood\/gultas-vela\/premium-lyocell-gultas-velas-komplekts-lilija\/#primaryimage"},"thumbnailUrl":"https:\/\/minubaltic.ee\/wp-content\/uploads\/2024\/08\/Lyocell-voodipesukomplekt-2.jpg","datePublished":"2024-08-07T22:06:19+00:00","dateModified":"2024-08-07T22:57:41+00:00","description":"Lyocell gultas ve\u013cas komplektam ir z\u012bdaina tekst\u016bra un tas ir videi draudz\u012bgs, jo ieg\u016bts no ilgtsp\u0113j\u012bgi audz\u0113tas koksnes, galvenok\u0101rt eikalipta kokiem.","breadcrumb":{"@id":"https:\/\/minubaltic.ee\/lv\/e-pood\/gultas-vela\/premium-lyocell-gultas-velas-komplekts-lilija\/#breadcrumb"},"inLanguage":"lv-LV","potentialAction":[{"@type":"ReadAction","target":["https:\/\/minubaltic.ee\/lv\/e-pood\/gultas-vela\/premium-lyocell-gultas-velas-komplekts-lilija\/"]}]},{"@type":"ImageObject","inLanguage":"lv-LV","@id":"https:\/\/minubaltic.ee\/lv\/e-pood\/gultas-vela\/premium-lyocell-gultas-velas-komplekts-lilija\/#primaryimage","url":"https:\/\/minubaltic.ee\/wp-content\/uploads\/2024\/08\/Lyocell-voodipesukomplekt-2.jpg","contentUrl":"https:\/\/minubaltic.ee\/wp-content\/uploads\/2024\/08\/Lyocell-voodipesukomplekt-2.jpg","width":800,"height":800},{"@type":"BreadcrumbList","@id":"https:\/\/minubaltic.ee\/lv\/e-pood\/gultas-vela\/premium-lyocell-gultas-velas-komplekts-lilija\/#breadcrumb","itemListElement":[{"@type":"ListItem","position":1,"name":"S\u0101kums","item":"https:\/\/minubaltic.ee\/lv\/"},{"@type":"ListItem","position":2,"name":"E-veikals","item":"https:\/\/minubaltic.ee\/lv\/e-veikals\/"},{"@type":"ListItem","position":3,"name":"Premium Lyocell gultas ve\u013cas komplekts | Lilija"}]},{"@type":"WebSite","@id":"https:\/\/minubaltic.ee\/lv\/#website","url":"https:\/\/minubaltic.ee\/lv\/","name":"minubaltic.ee","description":"","publisher":{"@id":"https:\/\/minubaltic.ee\/lv\/#organization"},"potentialAction":[{"@type":"SearchAction","target":{"@type":"EntryPoint","urlTemplate":"https:\/\/minubaltic.ee\/lv\/?s={search_term_string}"},"query-input":{"@type":"PropertyValueSpecification","valueRequired":true,"valueName":"search_term_string"}}],"inLanguage":"lv-LV"},{"@type":"Organization","@id":"https:\/\/minubaltic.ee\/lv\/#organization","name":"Minu Baltic O\u00dc","url":"https:\/\/minubaltic.ee\/lv\/","logo":{"@type":"ImageObject","inLanguage":"lv-LV","@id":"https:\/\/minubaltic.ee\/lv\/#\/schema\/logo\/image\/","url":"https:\/\/minubaltic.ee\/wp-content\/uploads\/2023\/10\/cropped-cropped-cropped-logo.png","contentUrl":"https:\/\/minubaltic.ee\/wp-content\/uploads\/2023\/10\/cropped-cropped-cropped-logo.png","width":500,"height":237,"caption":"Minu Baltic O\u00dc"},"image":{"@id":"https:\/\/minubaltic.ee\/lv\/#\/schema\/logo\/image\/"},"sameAs":["https:\/\/www.facebook.com\/minubaltic"]}]}},"_links":{"self":[{"href":"https:\/\/minubaltic.ee\/lv\/wp-json\/wp\/v2\/product\/31359","targetHints":{"allow":["GET"]}}],"collection":[{"href":"https:\/\/minubaltic.ee\/lv\/wp-json\/wp\/v2\/product"}],"about":[{"href":"https:\/\/minubaltic.ee\/lv\/wp-json\/wp\/v2\/types\/product"}],"replies":[{"embeddable":true,"href":"https:\/\/minubaltic.ee\/lv\/wp-json\/wp\/v2\/comments?post=31359"}],"version-history":[{"count":4,"href":"https:\/\/minubaltic.ee\/lv\/wp-json\/wp\/v2\/product\/31359\/revisions"}],"predecessor-version":[{"id":31436,"href":"https:\/\/minubaltic.ee\/lv\/wp-json\/wp\/v2\/product\/31359\/revisions\/31436"}],"wp:featuredmedia":[{"embeddable":true,"href":"https:\/\/minubaltic.ee\/lv\/wp-json\/wp\/v2\/media\/31365"}],"wp:attachment":[{"href":"https:\/\/minubaltic.ee\/lv\/wp-json\/wp\/v2\/media?parent=31359"}],"wp:term":[{"taxonomy":"product_brand","embeddable":true,"href":"https:\/\/minubaltic.ee\/lv\/wp-json\/wp\/v2\/product_brand?post=31359"},{"taxonomy":"product_cat","embeddable":true,"href":"https:\/\/minubaltic.ee\/lv\/wp-json\/wp\/v2\/product_cat?post=31359"},{"taxonomy":"product_tag","embeddable":true,"href":"https:\/\/minubaltic.ee\/lv\/wp-json\/wp\/v2\/product_tag?post=31359"}],"curies":[{"name":"wp","href":"https:\/\/api.w.org\/{rel}","templated":true}]}}