{"id":31165,"date":"2024-08-07T01:06:56","date_gmt":"2024-08-06T22:06:56","guid":{"rendered":"https:\/\/minubaltic.ee\/e-pood\/uncategorized\/disney-gultasvelas-komplekts\/"},"modified":"2024-08-07T01:29:49","modified_gmt":"2024-08-06T22:29:49","slug":"disney-gultasvelas-komplekts","status":"publish","type":"product","link":"https:\/\/minubaltic.ee\/lv\/e-pood\/gultas-vela\/disney-gultasvelas-komplekts\/","title":{"rendered":"Disney gultasve\u013cas komplekts"},"content":{"rendered":"<ul>\n<li><strong>Audums:<\/strong> 100% kokvilna<\/li>\n<li><strong>Segas p\u0101rvalka:<\/strong> 150\u00d7200<\/li>\n<li><strong>Palaga:<\/strong> 200\u00d7230<\/li>\n<li><strong>Spilvendr\u0101nu:<\/strong> 75\u00d750 (2 gab.)<\/li>\n<li>Produktu att\u0113li ir ilustrat\u012bvi<\/li>\n<\/ul>\n<p>B\u0113rnu gultasve\u013cas komplekts ir izgatavots no m\u012bkstas un elpojo\u0161as kokvilnas, kas nodro\u0161ina \u0113rtu un pat\u012bkamu miegu. Spilgtas kr\u0101sas raksti un m\u012b\u013ci t\u0113li padara to par lielisku izv\u0113li b\u0113rnu gu\u013camistab\u0101m, padarot to par rota\u013c\u012bgu un m\u0101j\u012bgu vietu gul\u0113\u0161anai.<\/p>\n","protected":false},"excerpt":{"rendered":"<p>Audums: 100% kokvilna Segas p\u0101rvalka: 150\u00d7200 Palaga: 200\u00d7230 Spilvendr\u0101nu: 75\u00d750 (2 gab.) Produktu att\u0113li ir ilustrat\u012bvi B\u0113rnu gultasve\u013cas komplekts ir<\/p>\n","protected":false},"featured_media":31147,"comment_status":"open","ping_status":"closed","template":"","meta":[],"product_brand":[],"product_cat":[858,853,455,618],"product_tag":[460,467,461,466],"class_list":{"0":"post-31165","1":"product","2":"type-product","3":"status-publish","4":"has-post-thumbnail","6":"product_cat-bernu-gultas-vela","7":"product_cat-bernu-pasaule","8":"product_cat-gultas-vela","9":"product_cat-gultas-velas-komplekti","10":"product_tag-e-veikals","11":"product_tag-gultas-vela","12":"product_tag-majas-tekstils","13":"product_tag-tekstils","15":"first","16":"outofstock","17":"shipping-taxable","18":"purchasable","19":"product-type-simple"},"yoast_head":"<!-- This site is optimized with the Yoast SEO plugin v27.3 - https:\/\/yoast.com\/product\/yoast-seo-wordpress\/ -->\n<title>Disney gultasve\u013cas komplekts - B\u0113rnu gultasve\u013ca<\/title>\n<meta name=\"description\" content=\"B\u0113rnu gultasve\u013cas komplekts ir izgatavots no m\u012bkstas un elpojo\u0161as kokvilnas, kas nodro\u0161ina \u0113rtu un pat\u012bkamu miegu. Spilgtas kr\u0101sas raksti un jauki ....\" \/>\n<meta name=\"robots\" content=\"index, follow, max-snippet:-1, max-image-preview:large, max-video-preview:-1\" \/>\n<link rel=\"canonical\" href=\"https:\/\/minubaltic.ee\/lv\/e-pood\/gultas-vela\/disney-gultasvelas-komplekts\/\" \/>\n<meta property=\"og:locale\" content=\"lv_LV\" \/>\n<meta property=\"og:type\" content=\"article\" \/>\n<meta property=\"og:title\" content=\"Disney gultasve\u013cas komplekts - B\u0113rnu gultasve\u013ca\" \/>\n<meta property=\"og:description\" content=\"B\u0113rnu gultasve\u013cas komplekts ir izgatavots no m\u012bkstas un elpojo\u0161as kokvilnas, kas nodro\u0161ina \u0113rtu un pat\u012bkamu miegu. Spilgtas kr\u0101sas raksti un jauki ....\" \/>\n<meta property=\"og:url\" content=\"https:\/\/minubaltic.ee\/lv\/e-pood\/gultas-vela\/disney-gultasvelas-komplekts\/\" \/>\n<meta property=\"article:publisher\" content=\"https:\/\/www.facebook.com\/minubaltic\" \/>\n<meta property=\"article:modified_time\" content=\"2024-08-06T22:29:49+00:00\" \/>\n<meta property=\"og:image\" content=\"https:\/\/minubaltic.ee\/wp-content\/uploads\/2024\/08\/Disney-voodipesukomplekt-3.jpg\" \/>\n\t<meta property=\"og:image:width\" content=\"800\" \/>\n\t<meta property=\"og:image:height\" content=\"800\" \/>\n\t<meta property=\"og:image:type\" content=\"image\/jpeg\" \/>\n<meta name=\"twitter:card\" content=\"summary_large_image\" \/>\n<meta name=\"twitter:label1\" content=\"Est. reading time\" \/>\n\t<meta name=\"twitter:data1\" content=\"1 minute\" \/>\n<script type=\"application\/ld+json\" class=\"yoast-schema-graph\">{\"@context\":\"https:\\\/\\\/schema.org\",\"@graph\":[{\"@type\":\"WebPage\",\"@id\":\"https:\\\/\\\/minubaltic.ee\\\/lv\\\/e-pood\\\/gultas-vela\\\/disney-gultasvelas-komplekts\\\/\",\"url\":\"https:\\\/\\\/minubaltic.ee\\\/lv\\\/e-pood\\\/gultas-vela\\\/disney-gultasvelas-komplekts\\\/\",\"name\":\"Disney gultasve\u013cas komplekts - B\u0113rnu gultasve\u013ca\",\"isPartOf\":{\"@id\":\"https:\\\/\\\/minubaltic.ee\\\/lv\\\/#website\"},\"primaryImageOfPage\":{\"@id\":\"https:\\\/\\\/minubaltic.ee\\\/lv\\\/e-pood\\\/gultas-vela\\\/disney-gultasvelas-komplekts\\\/#primaryimage\"},\"image\":{\"@id\":\"https:\\\/\\\/minubaltic.ee\\\/lv\\\/e-pood\\\/gultas-vela\\\/disney-gultasvelas-komplekts\\\/#primaryimage\"},\"thumbnailUrl\":\"https:\\\/\\\/minubaltic.ee\\\/wp-content\\\/uploads\\\/2024\\\/08\\\/Disney-voodipesukomplekt-3.jpg\",\"datePublished\":\"2024-08-06T22:06:56+00:00\",\"dateModified\":\"2024-08-06T22:29:49+00:00\",\"description\":\"B\u0113rnu gultasve\u013cas komplekts ir izgatavots no m\u012bkstas un elpojo\u0161as kokvilnas, kas nodro\u0161ina \u0113rtu un pat\u012bkamu miegu. Spilgtas kr\u0101sas raksti un jauki ....\",\"breadcrumb\":{\"@id\":\"https:\\\/\\\/minubaltic.ee\\\/lv\\\/e-pood\\\/gultas-vela\\\/disney-gultasvelas-komplekts\\\/#breadcrumb\"},\"inLanguage\":\"lv-LV\",\"potentialAction\":[{\"@type\":\"ReadAction\",\"target\":[\"https:\\\/\\\/minubaltic.ee\\\/lv\\\/e-pood\\\/gultas-vela\\\/disney-gultasvelas-komplekts\\\/\"]}]},{\"@type\":\"ImageObject\",\"inLanguage\":\"lv-LV\",\"@id\":\"https:\\\/\\\/minubaltic.ee\\\/lv\\\/e-pood\\\/gultas-vela\\\/disney-gultasvelas-komplekts\\\/#primaryimage\",\"url\":\"https:\\\/\\\/minubaltic.ee\\\/wp-content\\\/uploads\\\/2024\\\/08\\\/Disney-voodipesukomplekt-3.jpg\",\"contentUrl\":\"https:\\\/\\\/minubaltic.ee\\\/wp-content\\\/uploads\\\/2024\\\/08\\\/Disney-voodipesukomplekt-3.jpg\",\"width\":800,\"height\":800},{\"@type\":\"BreadcrumbList\",\"@id\":\"https:\\\/\\\/minubaltic.ee\\\/lv\\\/e-pood\\\/gultas-vela\\\/disney-gultasvelas-komplekts\\\/#breadcrumb\",\"itemListElement\":[{\"@type\":\"ListItem\",\"position\":1,\"name\":\"S\u0101kums\",\"item\":\"https:\\\/\\\/minubaltic.ee\\\/lv\\\/\"},{\"@type\":\"ListItem\",\"position\":2,\"name\":\"E-veikals\",\"item\":\"https:\\\/\\\/minubaltic.ee\\\/lv\\\/e-veikals\\\/\"},{\"@type\":\"ListItem\",\"position\":3,\"name\":\"Disney gultasve\u013cas komplekts\"}]},{\"@type\":\"WebSite\",\"@id\":\"https:\\\/\\\/minubaltic.ee\\\/lv\\\/#website\",\"url\":\"https:\\\/\\\/minubaltic.ee\\\/lv\\\/\",\"name\":\"minubaltic.ee\",\"description\":\"\",\"publisher\":{\"@id\":\"https:\\\/\\\/minubaltic.ee\\\/lv\\\/#organization\"},\"potentialAction\":[{\"@type\":\"SearchAction\",\"target\":{\"@type\":\"EntryPoint\",\"urlTemplate\":\"https:\\\/\\\/minubaltic.ee\\\/lv\\\/?s={search_term_string}\"},\"query-input\":{\"@type\":\"PropertyValueSpecification\",\"valueRequired\":true,\"valueName\":\"search_term_string\"}}],\"inLanguage\":\"lv-LV\"},{\"@type\":\"Organization\",\"@id\":\"https:\\\/\\\/minubaltic.ee\\\/lv\\\/#organization\",\"name\":\"Minu Baltic O\u00dc\",\"url\":\"https:\\\/\\\/minubaltic.ee\\\/lv\\\/\",\"logo\":{\"@type\":\"ImageObject\",\"inLanguage\":\"lv-LV\",\"@id\":\"https:\\\/\\\/minubaltic.ee\\\/lv\\\/#\\\/schema\\\/logo\\\/image\\\/\",\"url\":\"https:\\\/\\\/minubaltic.ee\\\/wp-content\\\/uploads\\\/2023\\\/10\\\/cropped-cropped-cropped-logo.png\",\"contentUrl\":\"https:\\\/\\\/minubaltic.ee\\\/wp-content\\\/uploads\\\/2023\\\/10\\\/cropped-cropped-cropped-logo.png\",\"width\":500,\"height\":237,\"caption\":\"Minu Baltic O\u00dc\"},\"image\":{\"@id\":\"https:\\\/\\\/minubaltic.ee\\\/lv\\\/#\\\/schema\\\/logo\\\/image\\\/\"},\"sameAs\":[\"https:\\\/\\\/www.facebook.com\\\/minubaltic\"]}]}<\/script>\n<!-- \/ Yoast SEO plugin. -->","yoast_head_json":{"title":"Disney gultasve\u013cas komplekts - B\u0113rnu gultasve\u013ca","description":"B\u0113rnu gultasve\u013cas komplekts ir izgatavots no m\u012bkstas un elpojo\u0161as kokvilnas, kas nodro\u0161ina \u0113rtu un pat\u012bkamu miegu. Spilgtas kr\u0101sas raksti un jauki ....","robots":{"index":"index","follow":"follow","max-snippet":"max-snippet:-1","max-image-preview":"max-image-preview:large","max-video-preview":"max-video-preview:-1"},"canonical":"https:\/\/minubaltic.ee\/lv\/e-pood\/gultas-vela\/disney-gultasvelas-komplekts\/","og_locale":"lv_LV","og_type":"article","og_title":"Disney gultasve\u013cas komplekts - B\u0113rnu gultasve\u013ca","og_description":"B\u0113rnu gultasve\u013cas komplekts ir izgatavots no m\u012bkstas un elpojo\u0161as kokvilnas, kas nodro\u0161ina \u0113rtu un pat\u012bkamu miegu. Spilgtas kr\u0101sas raksti un jauki ....","og_url":"https:\/\/minubaltic.ee\/lv\/e-pood\/gultas-vela\/disney-gultasvelas-komplekts\/","article_publisher":"https:\/\/www.facebook.com\/minubaltic","article_modified_time":"2024-08-06T22:29:49+00:00","og_image":[{"width":800,"height":800,"url":"https:\/\/minubaltic.ee\/wp-content\/uploads\/2024\/08\/Disney-voodipesukomplekt-3.jpg","type":"image\/jpeg"}],"twitter_card":"summary_large_image","twitter_misc":{"Est. reading time":"1 minute"},"schema":{"@context":"https:\/\/schema.org","@graph":[{"@type":"WebPage","@id":"https:\/\/minubaltic.ee\/lv\/e-pood\/gultas-vela\/disney-gultasvelas-komplekts\/","url":"https:\/\/minubaltic.ee\/lv\/e-pood\/gultas-vela\/disney-gultasvelas-komplekts\/","name":"Disney gultasve\u013cas komplekts - B\u0113rnu gultasve\u013ca","isPartOf":{"@id":"https:\/\/minubaltic.ee\/lv\/#website"},"primaryImageOfPage":{"@id":"https:\/\/minubaltic.ee\/lv\/e-pood\/gultas-vela\/disney-gultasvelas-komplekts\/#primaryimage"},"image":{"@id":"https:\/\/minubaltic.ee\/lv\/e-pood\/gultas-vela\/disney-gultasvelas-komplekts\/#primaryimage"},"thumbnailUrl":"https:\/\/minubaltic.ee\/wp-content\/uploads\/2024\/08\/Disney-voodipesukomplekt-3.jpg","datePublished":"2024-08-06T22:06:56+00:00","dateModified":"2024-08-06T22:29:49+00:00","description":"B\u0113rnu gultasve\u013cas komplekts ir izgatavots no m\u012bkstas un elpojo\u0161as kokvilnas, kas nodro\u0161ina \u0113rtu un pat\u012bkamu miegu. Spilgtas kr\u0101sas raksti un jauki ....","breadcrumb":{"@id":"https:\/\/minubaltic.ee\/lv\/e-pood\/gultas-vela\/disney-gultasvelas-komplekts\/#breadcrumb"},"inLanguage":"lv-LV","potentialAction":[{"@type":"ReadAction","target":["https:\/\/minubaltic.ee\/lv\/e-pood\/gultas-vela\/disney-gultasvelas-komplekts\/"]}]},{"@type":"ImageObject","inLanguage":"lv-LV","@id":"https:\/\/minubaltic.ee\/lv\/e-pood\/gultas-vela\/disney-gultasvelas-komplekts\/#primaryimage","url":"https:\/\/minubaltic.ee\/wp-content\/uploads\/2024\/08\/Disney-voodipesukomplekt-3.jpg","contentUrl":"https:\/\/minubaltic.ee\/wp-content\/uploads\/2024\/08\/Disney-voodipesukomplekt-3.jpg","width":800,"height":800},{"@type":"BreadcrumbList","@id":"https:\/\/minubaltic.ee\/lv\/e-pood\/gultas-vela\/disney-gultasvelas-komplekts\/#breadcrumb","itemListElement":[{"@type":"ListItem","position":1,"name":"S\u0101kums","item":"https:\/\/minubaltic.ee\/lv\/"},{"@type":"ListItem","position":2,"name":"E-veikals","item":"https:\/\/minubaltic.ee\/lv\/e-veikals\/"},{"@type":"ListItem","position":3,"name":"Disney gultasve\u013cas komplekts"}]},{"@type":"WebSite","@id":"https:\/\/minubaltic.ee\/lv\/#website","url":"https:\/\/minubaltic.ee\/lv\/","name":"minubaltic.ee","description":"","publisher":{"@id":"https:\/\/minubaltic.ee\/lv\/#organization"},"potentialAction":[{"@type":"SearchAction","target":{"@type":"EntryPoint","urlTemplate":"https:\/\/minubaltic.ee\/lv\/?s={search_term_string}"},"query-input":{"@type":"PropertyValueSpecification","valueRequired":true,"valueName":"search_term_string"}}],"inLanguage":"lv-LV"},{"@type":"Organization","@id":"https:\/\/minubaltic.ee\/lv\/#organization","name":"Minu Baltic O\u00dc","url":"https:\/\/minubaltic.ee\/lv\/","logo":{"@type":"ImageObject","inLanguage":"lv-LV","@id":"https:\/\/minubaltic.ee\/lv\/#\/schema\/logo\/image\/","url":"https:\/\/minubaltic.ee\/wp-content\/uploads\/2023\/10\/cropped-cropped-cropped-logo.png","contentUrl":"https:\/\/minubaltic.ee\/wp-content\/uploads\/2023\/10\/cropped-cropped-cropped-logo.png","width":500,"height":237,"caption":"Minu Baltic O\u00dc"},"image":{"@id":"https:\/\/minubaltic.ee\/lv\/#\/schema\/logo\/image\/"},"sameAs":["https:\/\/www.facebook.com\/minubaltic"]}]}},"_links":{"self":[{"href":"https:\/\/minubaltic.ee\/lv\/wp-json\/wp\/v2\/product\/31165","targetHints":{"allow":["GET"]}}],"collection":[{"href":"https:\/\/minubaltic.ee\/lv\/wp-json\/wp\/v2\/product"}],"about":[{"href":"https:\/\/minubaltic.ee\/lv\/wp-json\/wp\/v2\/types\/product"}],"replies":[{"embeddable":true,"href":"https:\/\/minubaltic.ee\/lv\/wp-json\/wp\/v2\/comments?post=31165"}],"version-history":[{"count":1,"href":"https:\/\/minubaltic.ee\/lv\/wp-json\/wp\/v2\/product\/31165\/revisions"}],"predecessor-version":[{"id":31171,"href":"https:\/\/minubaltic.ee\/lv\/wp-json\/wp\/v2\/product\/31165\/revisions\/31171"}],"wp:featuredmedia":[{"embeddable":true,"href":"https:\/\/minubaltic.ee\/lv\/wp-json\/wp\/v2\/media\/31147"}],"wp:attachment":[{"href":"https:\/\/minubaltic.ee\/lv\/wp-json\/wp\/v2\/media?parent=31165"}],"wp:term":[{"taxonomy":"product_brand","embeddable":true,"href":"https:\/\/minubaltic.ee\/lv\/wp-json\/wp\/v2\/product_brand?post=31165"},{"taxonomy":"product_cat","embeddable":true,"href":"https:\/\/minubaltic.ee\/lv\/wp-json\/wp\/v2\/product_cat?post=31165"},{"taxonomy":"product_tag","embeddable":true,"href":"https:\/\/minubaltic.ee\/lv\/wp-json\/wp\/v2\/product_tag?post=31165"}],"curies":[{"name":"wp","href":"https:\/\/api.w.org\/{rel}","templated":true}]}}