{"id":31094,"date":"2024-08-07T00:29:11","date_gmt":"2024-08-06T21:29:11","guid":{"rendered":"https:\/\/minubaltic.ee\/?post_type=product&#038;p=31094"},"modified":"2024-08-07T00:51:23","modified_gmt":"2024-08-06T21:51:23","slug":"segas-parvalks-kokvilnas-maisijums-150x200","status":"publish","type":"product","link":"https:\/\/minubaltic.ee\/lv\/e-pood\/gultas-vela\/segas-parvalks-kokvilnas-maisijums-150x200\/","title":{"rendered":"Segas p\u0101rvalks kokvilnas mais\u012bjums 150&#215;200"},"content":{"rendered":"<ul>\n<li><strong>Auduma sast\u0101vs:<\/strong> kokvilnas mais\u012bjums<\/li>\n<li><strong>Izm\u0113ri:<\/strong> 150&#215;200<\/li>\n<li><strong>Da\u013cu skaits: <\/strong>1gab<\/li>\n<li>Produktu att\u0113li ir ilustrat\u012bvi<\/li>\n<\/ul>\n","protected":false},"excerpt":{"rendered":"<p>Auduma sast\u0101vs: kokvilnas mais\u012bjums Izm\u0113ri: 150&#215;200 Da\u013cu skaits: 1gab Produktu att\u0113li ir ilustrat\u012bvi<\/p>\n","protected":false},"featured_media":31112,"comment_status":"open","ping_status":"closed","template":"","meta":[],"product_brand":[],"product_cat":[858,853,455,833],"product_tag":[460,461,466],"class_list":{"0":"post-31094","1":"product","2":"type-product","3":"status-publish","4":"has-post-thumbnail","6":"product_cat-bernu-gultas-vela","7":"product_cat-bernu-pasaule","8":"product_cat-gultas-vela","9":"product_cat-segas-parvalki","10":"product_tag-e-veikals","11":"product_tag-majas-tekstils","12":"product_tag-tekstils","14":"first","15":"outofstock","16":"shipping-taxable","17":"purchasable","18":"product-type-simple"},"yoast_head":"<!-- This site is optimized with the Yoast SEO plugin v27.4 - https:\/\/yoast.com\/product\/yoast-seo-wordpress\/ -->\n<title>Segas p\u0101rvalks kokvilnas mais\u012bjums 150x200 - Kokvilnas sat\u012bna un kokvilnas sega soma<\/title>\n<meta name=\"description\" content=\"Atkl\u0101jiet m\u016bsu greznos kokvilnas segu maisi\u0146us, kas paredz\u0113ti maksim\u0101lam komfortam un stilam. Izgatavoti no 100% elpojo\u0161as kokvilnas, p\u0101rvalki ir m\u012bksti, ....\" \/>\n<meta name=\"robots\" content=\"index, follow, max-snippet:-1, max-image-preview:large, max-video-preview:-1\" \/>\n<link rel=\"canonical\" href=\"https:\/\/minubaltic.ee\/lv\/e-pood\/gultas-vela\/segas-parvalks-kokvilnas-maisijums-150x200\/\" \/>\n<meta property=\"og:locale\" content=\"lv_LV\" \/>\n<meta property=\"og:type\" content=\"article\" \/>\n<meta property=\"og:title\" content=\"Segas p\u0101rvalks kokvilnas mais\u012bjums 150x200 - Kokvilnas sat\u012bna un kokvilnas sega soma\" \/>\n<meta property=\"og:description\" content=\"Atkl\u0101jiet m\u016bsu greznos kokvilnas segu maisi\u0146us, kas paredz\u0113ti maksim\u0101lam komfortam un stilam. Izgatavoti no 100% elpojo\u0161as kokvilnas, p\u0101rvalki ir m\u012bksti, ....\" \/>\n<meta property=\"og:url\" content=\"https:\/\/minubaltic.ee\/lv\/e-pood\/gultas-vela\/segas-parvalks-kokvilnas-maisijums-150x200\/\" \/>\n<meta property=\"article:publisher\" content=\"https:\/\/www.facebook.com\/minubaltic\" \/>\n<meta property=\"article:modified_time\" content=\"2024-08-06T21:51:23+00:00\" \/>\n<meta property=\"og:image\" content=\"https:\/\/minubaltic.ee\/wp-content\/uploads\/2024\/08\/Puuvillast-tekikott.jpg\" \/>\n\t<meta property=\"og:image:width\" content=\"800\" \/>\n\t<meta property=\"og:image:height\" content=\"800\" \/>\n\t<meta property=\"og:image:type\" content=\"image\/jpeg\" \/>\n<meta name=\"twitter:card\" content=\"summary_large_image\" \/>\n<meta name=\"twitter:label1\" content=\"Est. reading time\" \/>\n\t<meta name=\"twitter:data1\" content=\"1 minute\" \/>\n<script type=\"application\/ld+json\" class=\"yoast-schema-graph\">{\"@context\":\"https:\\\/\\\/schema.org\",\"@graph\":[{\"@type\":\"WebPage\",\"@id\":\"https:\\\/\\\/minubaltic.ee\\\/lv\\\/e-pood\\\/gultas-vela\\\/segas-parvalks-kokvilnas-maisijums-150x200\\\/\",\"url\":\"https:\\\/\\\/minubaltic.ee\\\/lv\\\/e-pood\\\/gultas-vela\\\/segas-parvalks-kokvilnas-maisijums-150x200\\\/\",\"name\":\"Segas p\u0101rvalks kokvilnas mais\u012bjums 150x200 - Kokvilnas sat\u012bna un kokvilnas sega soma\",\"isPartOf\":{\"@id\":\"https:\\\/\\\/minubaltic.ee\\\/lv\\\/#website\"},\"primaryImageOfPage\":{\"@id\":\"https:\\\/\\\/minubaltic.ee\\\/lv\\\/e-pood\\\/gultas-vela\\\/segas-parvalks-kokvilnas-maisijums-150x200\\\/#primaryimage\"},\"image\":{\"@id\":\"https:\\\/\\\/minubaltic.ee\\\/lv\\\/e-pood\\\/gultas-vela\\\/segas-parvalks-kokvilnas-maisijums-150x200\\\/#primaryimage\"},\"thumbnailUrl\":\"https:\\\/\\\/minubaltic.ee\\\/wp-content\\\/uploads\\\/2024\\\/08\\\/Puuvillast-tekikott.jpg\",\"datePublished\":\"2024-08-06T21:29:11+00:00\",\"dateModified\":\"2024-08-06T21:51:23+00:00\",\"description\":\"Atkl\u0101jiet m\u016bsu greznos kokvilnas segu maisi\u0146us, kas paredz\u0113ti maksim\u0101lam komfortam un stilam. Izgatavoti no 100% elpojo\u0161as kokvilnas, p\u0101rvalki ir m\u012bksti, ....\",\"breadcrumb\":{\"@id\":\"https:\\\/\\\/minubaltic.ee\\\/lv\\\/e-pood\\\/gultas-vela\\\/segas-parvalks-kokvilnas-maisijums-150x200\\\/#breadcrumb\"},\"inLanguage\":\"lv-LV\",\"potentialAction\":[{\"@type\":\"ReadAction\",\"target\":[\"https:\\\/\\\/minubaltic.ee\\\/lv\\\/e-pood\\\/gultas-vela\\\/segas-parvalks-kokvilnas-maisijums-150x200\\\/\"]}]},{\"@type\":\"ImageObject\",\"inLanguage\":\"lv-LV\",\"@id\":\"https:\\\/\\\/minubaltic.ee\\\/lv\\\/e-pood\\\/gultas-vela\\\/segas-parvalks-kokvilnas-maisijums-150x200\\\/#primaryimage\",\"url\":\"https:\\\/\\\/minubaltic.ee\\\/wp-content\\\/uploads\\\/2024\\\/08\\\/Puuvillast-tekikott.jpg\",\"contentUrl\":\"https:\\\/\\\/minubaltic.ee\\\/wp-content\\\/uploads\\\/2024\\\/08\\\/Puuvillast-tekikott.jpg\",\"width\":800,\"height\":800},{\"@type\":\"BreadcrumbList\",\"@id\":\"https:\\\/\\\/minubaltic.ee\\\/lv\\\/e-pood\\\/gultas-vela\\\/segas-parvalks-kokvilnas-maisijums-150x200\\\/#breadcrumb\",\"itemListElement\":[{\"@type\":\"ListItem\",\"position\":1,\"name\":\"S\u0101kums\",\"item\":\"https:\\\/\\\/minubaltic.ee\\\/lv\\\/\"},{\"@type\":\"ListItem\",\"position\":2,\"name\":\"E-veikals\",\"item\":\"https:\\\/\\\/minubaltic.ee\\\/lv\\\/e-veikals\\\/\"},{\"@type\":\"ListItem\",\"position\":3,\"name\":\"Segas p\u0101rvalks kokvilnas mais\u012bjums 150&#215;200\"}]},{\"@type\":\"WebSite\",\"@id\":\"https:\\\/\\\/minubaltic.ee\\\/lv\\\/#website\",\"url\":\"https:\\\/\\\/minubaltic.ee\\\/lv\\\/\",\"name\":\"minubaltic.ee\",\"description\":\"\",\"publisher\":{\"@id\":\"https:\\\/\\\/minubaltic.ee\\\/lv\\\/#organization\"},\"potentialAction\":[{\"@type\":\"SearchAction\",\"target\":{\"@type\":\"EntryPoint\",\"urlTemplate\":\"https:\\\/\\\/minubaltic.ee\\\/lv\\\/?s={search_term_string}\"},\"query-input\":{\"@type\":\"PropertyValueSpecification\",\"valueRequired\":true,\"valueName\":\"search_term_string\"}}],\"inLanguage\":\"lv-LV\"},{\"@type\":\"Organization\",\"@id\":\"https:\\\/\\\/minubaltic.ee\\\/lv\\\/#organization\",\"name\":\"Minu Baltic O\u00dc\",\"url\":\"https:\\\/\\\/minubaltic.ee\\\/lv\\\/\",\"logo\":{\"@type\":\"ImageObject\",\"inLanguage\":\"lv-LV\",\"@id\":\"https:\\\/\\\/minubaltic.ee\\\/lv\\\/#\\\/schema\\\/logo\\\/image\\\/\",\"url\":\"https:\\\/\\\/minubaltic.ee\\\/wp-content\\\/uploads\\\/2023\\\/10\\\/cropped-cropped-cropped-logo.png\",\"contentUrl\":\"https:\\\/\\\/minubaltic.ee\\\/wp-content\\\/uploads\\\/2023\\\/10\\\/cropped-cropped-cropped-logo.png\",\"width\":500,\"height\":237,\"caption\":\"Minu Baltic O\u00dc\"},\"image\":{\"@id\":\"https:\\\/\\\/minubaltic.ee\\\/lv\\\/#\\\/schema\\\/logo\\\/image\\\/\"},\"sameAs\":[\"https:\\\/\\\/www.facebook.com\\\/minubaltic\"]}]}<\/script>\n<!-- \/ Yoast SEO plugin. -->","yoast_head_json":{"title":"Segas p\u0101rvalks kokvilnas mais\u012bjums 150x200 - Kokvilnas sat\u012bna un kokvilnas sega soma","description":"Atkl\u0101jiet m\u016bsu greznos kokvilnas segu maisi\u0146us, kas paredz\u0113ti maksim\u0101lam komfortam un stilam. Izgatavoti no 100% elpojo\u0161as kokvilnas, p\u0101rvalki ir m\u012bksti, ....","robots":{"index":"index","follow":"follow","max-snippet":"max-snippet:-1","max-image-preview":"max-image-preview:large","max-video-preview":"max-video-preview:-1"},"canonical":"https:\/\/minubaltic.ee\/lv\/e-pood\/gultas-vela\/segas-parvalks-kokvilnas-maisijums-150x200\/","og_locale":"lv_LV","og_type":"article","og_title":"Segas p\u0101rvalks kokvilnas mais\u012bjums 150x200 - Kokvilnas sat\u012bna un kokvilnas sega soma","og_description":"Atkl\u0101jiet m\u016bsu greznos kokvilnas segu maisi\u0146us, kas paredz\u0113ti maksim\u0101lam komfortam un stilam. Izgatavoti no 100% elpojo\u0161as kokvilnas, p\u0101rvalki ir m\u012bksti, ....","og_url":"https:\/\/minubaltic.ee\/lv\/e-pood\/gultas-vela\/segas-parvalks-kokvilnas-maisijums-150x200\/","article_publisher":"https:\/\/www.facebook.com\/minubaltic","article_modified_time":"2024-08-06T21:51:23+00:00","og_image":[{"width":800,"height":800,"url":"https:\/\/minubaltic.ee\/wp-content\/uploads\/2024\/08\/Puuvillast-tekikott.jpg","type":"image\/jpeg"}],"twitter_card":"summary_large_image","twitter_misc":{"Est. reading time":"1 minute"},"schema":{"@context":"https:\/\/schema.org","@graph":[{"@type":"WebPage","@id":"https:\/\/minubaltic.ee\/lv\/e-pood\/gultas-vela\/segas-parvalks-kokvilnas-maisijums-150x200\/","url":"https:\/\/minubaltic.ee\/lv\/e-pood\/gultas-vela\/segas-parvalks-kokvilnas-maisijums-150x200\/","name":"Segas p\u0101rvalks kokvilnas mais\u012bjums 150x200 - Kokvilnas sat\u012bna un kokvilnas sega soma","isPartOf":{"@id":"https:\/\/minubaltic.ee\/lv\/#website"},"primaryImageOfPage":{"@id":"https:\/\/minubaltic.ee\/lv\/e-pood\/gultas-vela\/segas-parvalks-kokvilnas-maisijums-150x200\/#primaryimage"},"image":{"@id":"https:\/\/minubaltic.ee\/lv\/e-pood\/gultas-vela\/segas-parvalks-kokvilnas-maisijums-150x200\/#primaryimage"},"thumbnailUrl":"https:\/\/minubaltic.ee\/wp-content\/uploads\/2024\/08\/Puuvillast-tekikott.jpg","datePublished":"2024-08-06T21:29:11+00:00","dateModified":"2024-08-06T21:51:23+00:00","description":"Atkl\u0101jiet m\u016bsu greznos kokvilnas segu maisi\u0146us, kas paredz\u0113ti maksim\u0101lam komfortam un stilam. Izgatavoti no 100% elpojo\u0161as kokvilnas, p\u0101rvalki ir m\u012bksti, ....","breadcrumb":{"@id":"https:\/\/minubaltic.ee\/lv\/e-pood\/gultas-vela\/segas-parvalks-kokvilnas-maisijums-150x200\/#breadcrumb"},"inLanguage":"lv-LV","potentialAction":[{"@type":"ReadAction","target":["https:\/\/minubaltic.ee\/lv\/e-pood\/gultas-vela\/segas-parvalks-kokvilnas-maisijums-150x200\/"]}]},{"@type":"ImageObject","inLanguage":"lv-LV","@id":"https:\/\/minubaltic.ee\/lv\/e-pood\/gultas-vela\/segas-parvalks-kokvilnas-maisijums-150x200\/#primaryimage","url":"https:\/\/minubaltic.ee\/wp-content\/uploads\/2024\/08\/Puuvillast-tekikott.jpg","contentUrl":"https:\/\/minubaltic.ee\/wp-content\/uploads\/2024\/08\/Puuvillast-tekikott.jpg","width":800,"height":800},{"@type":"BreadcrumbList","@id":"https:\/\/minubaltic.ee\/lv\/e-pood\/gultas-vela\/segas-parvalks-kokvilnas-maisijums-150x200\/#breadcrumb","itemListElement":[{"@type":"ListItem","position":1,"name":"S\u0101kums","item":"https:\/\/minubaltic.ee\/lv\/"},{"@type":"ListItem","position":2,"name":"E-veikals","item":"https:\/\/minubaltic.ee\/lv\/e-veikals\/"},{"@type":"ListItem","position":3,"name":"Segas p\u0101rvalks kokvilnas mais\u012bjums 150&#215;200"}]},{"@type":"WebSite","@id":"https:\/\/minubaltic.ee\/lv\/#website","url":"https:\/\/minubaltic.ee\/lv\/","name":"minubaltic.ee","description":"","publisher":{"@id":"https:\/\/minubaltic.ee\/lv\/#organization"},"potentialAction":[{"@type":"SearchAction","target":{"@type":"EntryPoint","urlTemplate":"https:\/\/minubaltic.ee\/lv\/?s={search_term_string}"},"query-input":{"@type":"PropertyValueSpecification","valueRequired":true,"valueName":"search_term_string"}}],"inLanguage":"lv-LV"},{"@type":"Organization","@id":"https:\/\/minubaltic.ee\/lv\/#organization","name":"Minu Baltic O\u00dc","url":"https:\/\/minubaltic.ee\/lv\/","logo":{"@type":"ImageObject","inLanguage":"lv-LV","@id":"https:\/\/minubaltic.ee\/lv\/#\/schema\/logo\/image\/","url":"https:\/\/minubaltic.ee\/wp-content\/uploads\/2023\/10\/cropped-cropped-cropped-logo.png","contentUrl":"https:\/\/minubaltic.ee\/wp-content\/uploads\/2023\/10\/cropped-cropped-cropped-logo.png","width":500,"height":237,"caption":"Minu Baltic O\u00dc"},"image":{"@id":"https:\/\/minubaltic.ee\/lv\/#\/schema\/logo\/image\/"},"sameAs":["https:\/\/www.facebook.com\/minubaltic"]}]}},"_links":{"self":[{"href":"https:\/\/minubaltic.ee\/lv\/wp-json\/wp\/v2\/product\/31094","targetHints":{"allow":["GET"]}}],"collection":[{"href":"https:\/\/minubaltic.ee\/lv\/wp-json\/wp\/v2\/product"}],"about":[{"href":"https:\/\/minubaltic.ee\/lv\/wp-json\/wp\/v2\/types\/product"}],"replies":[{"embeddable":true,"href":"https:\/\/minubaltic.ee\/lv\/wp-json\/wp\/v2\/comments?post=31094"}],"version-history":[{"count":3,"href":"https:\/\/minubaltic.ee\/lv\/wp-json\/wp\/v2\/product\/31094\/revisions"}],"predecessor-version":[{"id":31140,"href":"https:\/\/minubaltic.ee\/lv\/wp-json\/wp\/v2\/product\/31094\/revisions\/31140"}],"wp:featuredmedia":[{"embeddable":true,"href":"https:\/\/minubaltic.ee\/lv\/wp-json\/wp\/v2\/media\/31112"}],"wp:attachment":[{"href":"https:\/\/minubaltic.ee\/lv\/wp-json\/wp\/v2\/media?parent=31094"}],"wp:term":[{"taxonomy":"product_brand","embeddable":true,"href":"https:\/\/minubaltic.ee\/lv\/wp-json\/wp\/v2\/product_brand?post=31094"},{"taxonomy":"product_cat","embeddable":true,"href":"https:\/\/minubaltic.ee\/lv\/wp-json\/wp\/v2\/product_cat?post=31094"},{"taxonomy":"product_tag","embeddable":true,"href":"https:\/\/minubaltic.ee\/lv\/wp-json\/wp\/v2\/product_tag?post=31094"}],"curies":[{"name":"wp","href":"https:\/\/api.w.org\/{rel}","templated":true}]}}