{"id":30762,"date":"2024-07-27T09:28:46","date_gmt":"2024-07-27T06:28:46","guid":{"rendered":"https:\/\/minubaltic.ee\/?post_type=product&#038;p=30762"},"modified":"2024-07-27T10:36:46","modified_gmt":"2024-07-27T07:36:46","slug":"premium-100-kokvilnas-gultas-velas-komplekts-miksts-un-elpojoss","status":"publish","type":"product","link":"https:\/\/minubaltic.ee\/lv\/e-pood\/gultas-vela\/premium-100-kokvilnas-gultas-velas-komplekts-miksts-un-elpojoss\/","title":{"rendered":"Premium 100% kokvilnas gultas ve\u013cas komplekts | m\u012bksts un elpojo\u0161s"},"content":{"rendered":"<ul>\n<li><strong>Materi\u0101ls<\/strong>: 100% augstas kvalit\u0101tes kokvilna<\/li>\n<li><strong>Austs:<\/strong> cie\u0161i austs, iztur\u012bgs un ilgm\u016b\u017e\u012bgs.<\/li>\n<li><strong>Komforts:<\/strong> elpojo\u0161a un m\u012bksta tekst\u016bra<\/li>\n<li><strong>Komplekta saturs:<\/strong> 1 segas p\u0101rvalka, 1 palaga, 2 spilvendr\u0101nu<\/li>\n<li><strong>Segas p\u0101rvalka:<\/strong> 200\u00d7230<\/li>\n<li><strong>Palaga:<\/strong> 245\u00d7254<\/li>\n<li><strong>Spilvendr\u0101nu:<\/strong> 45\u00d775 (2 gab.)<\/li>\n<\/ul>\n<p><strong>K\u0101p\u0113c jums vajadz\u0113tu izv\u0113l\u0113ties augst\u0101k\u0101s kvalit\u0101tes 100% kokvilnas gultasve\u013cu?<\/strong><\/p>\n<ol>\n<li>Komforts un kvalit\u0101te: pateicoties augst\u0101k\u0101s kvalit\u0101tes kokvilnai, tas nodro\u0161ina grezn\u012bbu un komfortu j\u016bsu gu\u013camistab\u0101.<\/li>\n<li>Elpojam\u012bba: svaigs un \u0113rts visu nakti.<\/li>\n<li>M\u012bkstums: ide\u0101la miega pieredze ar \u0101dai draudz\u012bgu un m\u012bkstu tekst\u016bru.<\/li>\n<li>Iztur\u012bba: pateicoties bl\u012bvajam pinumam, tas nodro\u0161ina ilgsto\u0161u lieto\u0161anu.<\/li>\n<\/ol>\n<p><strong>\u0160is gultasve\u013cas komplekts bag\u0101tin\u0101s j\u016bsu gu\u013camistabu ar eleganci un komfortu. Ide\u0101la d\u0101vana sev vai m\u012b\u013cotajam.<\/strong><\/p>\n","protected":false},"excerpt":{"rendered":"<p>Augst\u0101k\u0101s kvalit\u0101tes 100% kokvilnas gultasve\u013cas komplekts piesaista uzman\u012bbu ar savu tekst\u016bru un izcilo apdari, padarot j\u016bsu gul\u0113\u0161anas pieredzi v\u0113l augst\u0101ka l\u012bme\u0146a. \u0160is gultasve\u013cas komplekts nodro\u0161in\u0101s v\u0113sumu un komfortu visu nakti, pateicoties t\u0101 elpojo\u0161ajai strukt\u016brai. Taj\u0101 pa\u0161\u0101 laik\u0101 t\u0101 maig\u0101 tekst\u016bra ir maiga pret \u0101du, piem\u0113rota ar\u012b jut\u012bgai \u0101dai.<\/p>\n","protected":false},"featured_media":30768,"comment_status":"open","ping_status":"closed","template":"","meta":[],"product_brand":[],"product_cat":[455,618,613,822,827,767],"product_tag":[460,461,466],"class_list":{"0":"post-30762","1":"product","2":"type-product","3":"status-publish","4":"has-post-thumbnail","6":"product_cat-gultas-vela","7":"product_cat-gultas-velas-komplekti","8":"product_cat-gultas-velas-komplekti-200-230","9":"product_cat-kokvilnas-gultas-vela","10":"product_cat-kokvilnas-gultas-velas-komplekti","11":"product_cat-organiska-gultas-vela","12":"product_tag-e-veikals","13":"product_tag-majas-tekstils","14":"product_tag-tekstils","16":"first","17":"instock","18":"shipping-taxable","19":"purchasable","20":"product-type-simple"},"yoast_head":"<!-- This site is optimized with the Yoast SEO plugin v27.3 - https:\/\/yoast.com\/product\/yoast-seo-wordpress\/ -->\n<title>Premium 100% kokvilnas gultas ve\u013cas komplekts<\/title>\n<meta name=\"description\" content=\"Pie\u0161\u0137iriet grezn\u012bbu savai gultai ar augstas kvalit\u0101tes 100% kokvilnas gultasve\u013cas komplektu. Izbaudiet \u0113rtu gul\u0113\u0161anu, pateicoties t\u0101s elpojo\u0161ajai un maigajai tekst\u016brai.\" \/>\n<meta name=\"robots\" content=\"index, follow, max-snippet:-1, max-image-preview:large, max-video-preview:-1\" \/>\n<link rel=\"canonical\" href=\"https:\/\/minubaltic.ee\/lv\/e-pood\/gultas-vela\/premium-100-kokvilnas-gultas-velas-komplekts-miksts-un-elpojoss\/\" \/>\n<meta property=\"og:locale\" content=\"lv_LV\" \/>\n<meta property=\"og:type\" content=\"article\" \/>\n<meta property=\"og:title\" content=\"Premium 100% kokvilnas gultas ve\u013cas komplekts\" \/>\n<meta property=\"og:description\" content=\"Pie\u0161\u0137iriet grezn\u012bbu savai gultai ar augstas kvalit\u0101tes 100% kokvilnas gultasve\u013cas komplektu. Izbaudiet \u0113rtu gul\u0113\u0161anu, pateicoties t\u0101s elpojo\u0161ajai un maigajai tekst\u016brai.\" \/>\n<meta property=\"og:url\" content=\"https:\/\/minubaltic.ee\/lv\/e-pood\/gultas-vela\/premium-100-kokvilnas-gultas-velas-komplekts-miksts-un-elpojoss\/\" \/>\n<meta property=\"article:publisher\" content=\"https:\/\/www.facebook.com\/minubaltic\" \/>\n<meta property=\"article:modified_time\" content=\"2024-07-27T07:36:46+00:00\" \/>\n<meta property=\"og:image\" content=\"https:\/\/minubaltic.ee\/wp-content\/uploads\/2024\/07\/Premium-100-puuvillane-voodipesukomplekt-4.jpg\" \/>\n\t<meta property=\"og:image:width\" content=\"800\" \/>\n\t<meta property=\"og:image:height\" content=\"800\" \/>\n\t<meta property=\"og:image:type\" content=\"image\/jpeg\" \/>\n<meta name=\"twitter:card\" content=\"summary_large_image\" \/>\n<meta name=\"twitter:label1\" content=\"Est. reading time\" \/>\n\t<meta name=\"twitter:data1\" content=\"1 minute\" \/>\n<script type=\"application\/ld+json\" class=\"yoast-schema-graph\">{\"@context\":\"https:\\\/\\\/schema.org\",\"@graph\":[{\"@type\":\"WebPage\",\"@id\":\"https:\\\/\\\/minubaltic.ee\\\/lv\\\/e-pood\\\/gultas-vela\\\/premium-100-kokvilnas-gultas-velas-komplekts-miksts-un-elpojoss\\\/\",\"url\":\"https:\\\/\\\/minubaltic.ee\\\/lv\\\/e-pood\\\/gultas-vela\\\/premium-100-kokvilnas-gultas-velas-komplekts-miksts-un-elpojoss\\\/\",\"name\":\"Premium 100% kokvilnas gultas ve\u013cas komplekts\",\"isPartOf\":{\"@id\":\"https:\\\/\\\/minubaltic.ee\\\/lv\\\/#website\"},\"primaryImageOfPage\":{\"@id\":\"https:\\\/\\\/minubaltic.ee\\\/lv\\\/e-pood\\\/gultas-vela\\\/premium-100-kokvilnas-gultas-velas-komplekts-miksts-un-elpojoss\\\/#primaryimage\"},\"image\":{\"@id\":\"https:\\\/\\\/minubaltic.ee\\\/lv\\\/e-pood\\\/gultas-vela\\\/premium-100-kokvilnas-gultas-velas-komplekts-miksts-un-elpojoss\\\/#primaryimage\"},\"thumbnailUrl\":\"https:\\\/\\\/minubaltic.ee\\\/wp-content\\\/uploads\\\/2024\\\/07\\\/Premium-100-puuvillane-voodipesukomplekt-4.jpg\",\"datePublished\":\"2024-07-27T06:28:46+00:00\",\"dateModified\":\"2024-07-27T07:36:46+00:00\",\"description\":\"Pie\u0161\u0137iriet grezn\u012bbu savai gultai ar augstas kvalit\u0101tes 100% kokvilnas gultasve\u013cas komplektu. Izbaudiet \u0113rtu gul\u0113\u0161anu, pateicoties t\u0101s elpojo\u0161ajai un maigajai tekst\u016brai.\",\"breadcrumb\":{\"@id\":\"https:\\\/\\\/minubaltic.ee\\\/lv\\\/e-pood\\\/gultas-vela\\\/premium-100-kokvilnas-gultas-velas-komplekts-miksts-un-elpojoss\\\/#breadcrumb\"},\"inLanguage\":\"lv-LV\",\"potentialAction\":[{\"@type\":\"ReadAction\",\"target\":[\"https:\\\/\\\/minubaltic.ee\\\/lv\\\/e-pood\\\/gultas-vela\\\/premium-100-kokvilnas-gultas-velas-komplekts-miksts-un-elpojoss\\\/\"]}]},{\"@type\":\"ImageObject\",\"inLanguage\":\"lv-LV\",\"@id\":\"https:\\\/\\\/minubaltic.ee\\\/lv\\\/e-pood\\\/gultas-vela\\\/premium-100-kokvilnas-gultas-velas-komplekts-miksts-un-elpojoss\\\/#primaryimage\",\"url\":\"https:\\\/\\\/minubaltic.ee\\\/wp-content\\\/uploads\\\/2024\\\/07\\\/Premium-100-puuvillane-voodipesukomplekt-4.jpg\",\"contentUrl\":\"https:\\\/\\\/minubaltic.ee\\\/wp-content\\\/uploads\\\/2024\\\/07\\\/Premium-100-puuvillane-voodipesukomplekt-4.jpg\",\"width\":800,\"height\":800},{\"@type\":\"BreadcrumbList\",\"@id\":\"https:\\\/\\\/minubaltic.ee\\\/lv\\\/e-pood\\\/gultas-vela\\\/premium-100-kokvilnas-gultas-velas-komplekts-miksts-un-elpojoss\\\/#breadcrumb\",\"itemListElement\":[{\"@type\":\"ListItem\",\"position\":1,\"name\":\"S\u0101kums\",\"item\":\"https:\\\/\\\/minubaltic.ee\\\/lv\\\/\"},{\"@type\":\"ListItem\",\"position\":2,\"name\":\"E-veikals\",\"item\":\"https:\\\/\\\/minubaltic.ee\\\/lv\\\/e-veikals\\\/\"},{\"@type\":\"ListItem\",\"position\":3,\"name\":\"Premium 100% kokvilnas gultas ve\u013cas komplekts | m\u012bksts un elpojo\u0161s\"}]},{\"@type\":\"WebSite\",\"@id\":\"https:\\\/\\\/minubaltic.ee\\\/lv\\\/#website\",\"url\":\"https:\\\/\\\/minubaltic.ee\\\/lv\\\/\",\"name\":\"minubaltic.ee\",\"description\":\"\",\"publisher\":{\"@id\":\"https:\\\/\\\/minubaltic.ee\\\/lv\\\/#organization\"},\"potentialAction\":[{\"@type\":\"SearchAction\",\"target\":{\"@type\":\"EntryPoint\",\"urlTemplate\":\"https:\\\/\\\/minubaltic.ee\\\/lv\\\/?s={search_term_string}\"},\"query-input\":{\"@type\":\"PropertyValueSpecification\",\"valueRequired\":true,\"valueName\":\"search_term_string\"}}],\"inLanguage\":\"lv-LV\"},{\"@type\":\"Organization\",\"@id\":\"https:\\\/\\\/minubaltic.ee\\\/lv\\\/#organization\",\"name\":\"Minu Baltic O\u00dc\",\"url\":\"https:\\\/\\\/minubaltic.ee\\\/lv\\\/\",\"logo\":{\"@type\":\"ImageObject\",\"inLanguage\":\"lv-LV\",\"@id\":\"https:\\\/\\\/minubaltic.ee\\\/lv\\\/#\\\/schema\\\/logo\\\/image\\\/\",\"url\":\"https:\\\/\\\/minubaltic.ee\\\/wp-content\\\/uploads\\\/2023\\\/10\\\/cropped-cropped-cropped-logo.png\",\"contentUrl\":\"https:\\\/\\\/minubaltic.ee\\\/wp-content\\\/uploads\\\/2023\\\/10\\\/cropped-cropped-cropped-logo.png\",\"width\":500,\"height\":237,\"caption\":\"Minu Baltic O\u00dc\"},\"image\":{\"@id\":\"https:\\\/\\\/minubaltic.ee\\\/lv\\\/#\\\/schema\\\/logo\\\/image\\\/\"},\"sameAs\":[\"https:\\\/\\\/www.facebook.com\\\/minubaltic\"]}]}<\/script>\n<!-- \/ Yoast SEO plugin. -->","yoast_head_json":{"title":"Premium 100% kokvilnas gultas ve\u013cas komplekts","description":"Pie\u0161\u0137iriet grezn\u012bbu savai gultai ar augstas kvalit\u0101tes 100% kokvilnas gultasve\u013cas komplektu. Izbaudiet \u0113rtu gul\u0113\u0161anu, pateicoties t\u0101s elpojo\u0161ajai un maigajai tekst\u016brai.","robots":{"index":"index","follow":"follow","max-snippet":"max-snippet:-1","max-image-preview":"max-image-preview:large","max-video-preview":"max-video-preview:-1"},"canonical":"https:\/\/minubaltic.ee\/lv\/e-pood\/gultas-vela\/premium-100-kokvilnas-gultas-velas-komplekts-miksts-un-elpojoss\/","og_locale":"lv_LV","og_type":"article","og_title":"Premium 100% kokvilnas gultas ve\u013cas komplekts","og_description":"Pie\u0161\u0137iriet grezn\u012bbu savai gultai ar augstas kvalit\u0101tes 100% kokvilnas gultasve\u013cas komplektu. Izbaudiet \u0113rtu gul\u0113\u0161anu, pateicoties t\u0101s elpojo\u0161ajai un maigajai tekst\u016brai.","og_url":"https:\/\/minubaltic.ee\/lv\/e-pood\/gultas-vela\/premium-100-kokvilnas-gultas-velas-komplekts-miksts-un-elpojoss\/","article_publisher":"https:\/\/www.facebook.com\/minubaltic","article_modified_time":"2024-07-27T07:36:46+00:00","og_image":[{"width":800,"height":800,"url":"https:\/\/minubaltic.ee\/wp-content\/uploads\/2024\/07\/Premium-100-puuvillane-voodipesukomplekt-4.jpg","type":"image\/jpeg"}],"twitter_card":"summary_large_image","twitter_misc":{"Est. reading time":"1 minute"},"schema":{"@context":"https:\/\/schema.org","@graph":[{"@type":"WebPage","@id":"https:\/\/minubaltic.ee\/lv\/e-pood\/gultas-vela\/premium-100-kokvilnas-gultas-velas-komplekts-miksts-un-elpojoss\/","url":"https:\/\/minubaltic.ee\/lv\/e-pood\/gultas-vela\/premium-100-kokvilnas-gultas-velas-komplekts-miksts-un-elpojoss\/","name":"Premium 100% kokvilnas gultas ve\u013cas komplekts","isPartOf":{"@id":"https:\/\/minubaltic.ee\/lv\/#website"},"primaryImageOfPage":{"@id":"https:\/\/minubaltic.ee\/lv\/e-pood\/gultas-vela\/premium-100-kokvilnas-gultas-velas-komplekts-miksts-un-elpojoss\/#primaryimage"},"image":{"@id":"https:\/\/minubaltic.ee\/lv\/e-pood\/gultas-vela\/premium-100-kokvilnas-gultas-velas-komplekts-miksts-un-elpojoss\/#primaryimage"},"thumbnailUrl":"https:\/\/minubaltic.ee\/wp-content\/uploads\/2024\/07\/Premium-100-puuvillane-voodipesukomplekt-4.jpg","datePublished":"2024-07-27T06:28:46+00:00","dateModified":"2024-07-27T07:36:46+00:00","description":"Pie\u0161\u0137iriet grezn\u012bbu savai gultai ar augstas kvalit\u0101tes 100% kokvilnas gultasve\u013cas komplektu. Izbaudiet \u0113rtu gul\u0113\u0161anu, pateicoties t\u0101s elpojo\u0161ajai un maigajai tekst\u016brai.","breadcrumb":{"@id":"https:\/\/minubaltic.ee\/lv\/e-pood\/gultas-vela\/premium-100-kokvilnas-gultas-velas-komplekts-miksts-un-elpojoss\/#breadcrumb"},"inLanguage":"lv-LV","potentialAction":[{"@type":"ReadAction","target":["https:\/\/minubaltic.ee\/lv\/e-pood\/gultas-vela\/premium-100-kokvilnas-gultas-velas-komplekts-miksts-un-elpojoss\/"]}]},{"@type":"ImageObject","inLanguage":"lv-LV","@id":"https:\/\/minubaltic.ee\/lv\/e-pood\/gultas-vela\/premium-100-kokvilnas-gultas-velas-komplekts-miksts-un-elpojoss\/#primaryimage","url":"https:\/\/minubaltic.ee\/wp-content\/uploads\/2024\/07\/Premium-100-puuvillane-voodipesukomplekt-4.jpg","contentUrl":"https:\/\/minubaltic.ee\/wp-content\/uploads\/2024\/07\/Premium-100-puuvillane-voodipesukomplekt-4.jpg","width":800,"height":800},{"@type":"BreadcrumbList","@id":"https:\/\/minubaltic.ee\/lv\/e-pood\/gultas-vela\/premium-100-kokvilnas-gultas-velas-komplekts-miksts-un-elpojoss\/#breadcrumb","itemListElement":[{"@type":"ListItem","position":1,"name":"S\u0101kums","item":"https:\/\/minubaltic.ee\/lv\/"},{"@type":"ListItem","position":2,"name":"E-veikals","item":"https:\/\/minubaltic.ee\/lv\/e-veikals\/"},{"@type":"ListItem","position":3,"name":"Premium 100% kokvilnas gultas ve\u013cas komplekts | m\u012bksts un elpojo\u0161s"}]},{"@type":"WebSite","@id":"https:\/\/minubaltic.ee\/lv\/#website","url":"https:\/\/minubaltic.ee\/lv\/","name":"minubaltic.ee","description":"","publisher":{"@id":"https:\/\/minubaltic.ee\/lv\/#organization"},"potentialAction":[{"@type":"SearchAction","target":{"@type":"EntryPoint","urlTemplate":"https:\/\/minubaltic.ee\/lv\/?s={search_term_string}"},"query-input":{"@type":"PropertyValueSpecification","valueRequired":true,"valueName":"search_term_string"}}],"inLanguage":"lv-LV"},{"@type":"Organization","@id":"https:\/\/minubaltic.ee\/lv\/#organization","name":"Minu Baltic O\u00dc","url":"https:\/\/minubaltic.ee\/lv\/","logo":{"@type":"ImageObject","inLanguage":"lv-LV","@id":"https:\/\/minubaltic.ee\/lv\/#\/schema\/logo\/image\/","url":"https:\/\/minubaltic.ee\/wp-content\/uploads\/2023\/10\/cropped-cropped-cropped-logo.png","contentUrl":"https:\/\/minubaltic.ee\/wp-content\/uploads\/2023\/10\/cropped-cropped-cropped-logo.png","width":500,"height":237,"caption":"Minu Baltic O\u00dc"},"image":{"@id":"https:\/\/minubaltic.ee\/lv\/#\/schema\/logo\/image\/"},"sameAs":["https:\/\/www.facebook.com\/minubaltic"]}]}},"_links":{"self":[{"href":"https:\/\/minubaltic.ee\/lv\/wp-json\/wp\/v2\/product\/30762","targetHints":{"allow":["GET"]}}],"collection":[{"href":"https:\/\/minubaltic.ee\/lv\/wp-json\/wp\/v2\/product"}],"about":[{"href":"https:\/\/minubaltic.ee\/lv\/wp-json\/wp\/v2\/types\/product"}],"replies":[{"embeddable":true,"href":"https:\/\/minubaltic.ee\/lv\/wp-json\/wp\/v2\/comments?post=30762"}],"version-history":[{"count":2,"href":"https:\/\/minubaltic.ee\/lv\/wp-json\/wp\/v2\/product\/30762\/revisions"}],"predecessor-version":[{"id":30818,"href":"https:\/\/minubaltic.ee\/lv\/wp-json\/wp\/v2\/product\/30762\/revisions\/30818"}],"wp:featuredmedia":[{"embeddable":true,"href":"https:\/\/minubaltic.ee\/lv\/wp-json\/wp\/v2\/media\/30768"}],"wp:attachment":[{"href":"https:\/\/minubaltic.ee\/lv\/wp-json\/wp\/v2\/media?parent=30762"}],"wp:term":[{"taxonomy":"product_brand","embeddable":true,"href":"https:\/\/minubaltic.ee\/lv\/wp-json\/wp\/v2\/product_brand?post=30762"},{"taxonomy":"product_cat","embeddable":true,"href":"https:\/\/minubaltic.ee\/lv\/wp-json\/wp\/v2\/product_cat?post=30762"},{"taxonomy":"product_tag","embeddable":true,"href":"https:\/\/minubaltic.ee\/lv\/wp-json\/wp\/v2\/product_tag?post=30762"}],"curies":[{"name":"wp","href":"https:\/\/api.w.org\/{rel}","templated":true}]}}