{"id":30487,"date":"2024-07-18T23:58:35","date_gmt":"2024-07-18T20:58:35","guid":{"rendered":"https:\/\/minubaltic.ee\/?post_type=product&#038;p=30487"},"modified":"2024-07-19T00:17:04","modified_gmt":"2024-07-18T21:17:04","slug":"bambusa-vannas-dvielu-komplekts-3-gab-zals","status":"publish","type":"product","link":"https:\/\/minubaltic.ee\/lv\/e-pood\/bambusa-dvieli\/bambusa-dvielu-komplekti\/bambusa-vannas-dvielu-komplekts-3-gab-zals\/","title":{"rendered":"Bambusa vannas dvie\u013cu komplekts 3 gab. (za\u013c\u0161)"},"content":{"rendered":"<ul>\n<li><strong>Auduma sast\u0101vs<\/strong>: 100% bambuss<\/li>\n<li><strong>Da\u013cu skaits:<\/strong> 3 gab.<\/li>\n<li><strong>Izm\u0113ri:<\/strong> (70\u00d7140 cm 1 gab.) + (35\u00d775 cm 2 gab.)<\/li>\n<li><strong>Kr\u0101sa:<\/strong> Za\u013c\u0161<\/li>\n<li><strong>Svars:<\/strong> 420 g\/m2<\/li>\n<li>To maigais un z\u012bdainais piesk\u0101riens nodro\u0161ina ikdienas komfortu, un dabisk\u0101s \u012bpa\u0161\u012bbas pal\u012bdz dvie\u013ciem ilg\u0101k saglab\u0101t svaigumu.<\/li>\n<\/ul>\n","protected":false},"excerpt":{"rendered":"<p>\ud83c\udf31Bambusa dvie\u013cu komplekt\u0101 ietilpst viens pirts dvielis 75\u00d7140 cm (1 gab.) un divi roku dvie\u013ci 35\u00d775 cm (2 gab.)<br \/>\n\ud83c\udf31 Izgatavoti no bambusa \u0161\u0137iedras, \u0161ie dvie\u013ci ir \u012bpa\u0161i m\u012bksti, iztur\u012bgi un lieliski \u017e\u0101v\u0113 mitrumu.<\/p>\n","protected":false},"featured_media":30493,"comment_status":"open","ping_status":"closed","template":"","meta":[],"product_brand":[],"product_cat":[810,794,796,443,447],"product_tag":[463,460,461],"class_list":{"0":"post-30487","1":"product","2":"type-product","3":"status-publish","4":"has-post-thumbnail","6":"product_cat-100-bambuss","7":"product_cat-bambusa-dvieli","8":"product_cat-bambusa-dvielu-komplekti","9":"product_cat-dvieli","10":"product_cat-dvielu-komplekti","11":"product_tag-dvieli","12":"product_tag-e-veikals","13":"product_tag-majas-tekstils","15":"first","16":"instock","17":"shipping-taxable","18":"purchasable","19":"product-type-simple"},"yoast_head":"<!-- This site is optimized with the Yoast SEO plugin v27.3 - https:\/\/yoast.com\/product\/yoast-seo-wordpress\/ -->\n<title>Bambusa vannas dvie\u013cu komplekts 3 gab. (za\u013c\u0161) - 100% bambuss<\/title>\n<meta name=\"description\" content=\"Bambusa dvie\u013cu komplekts sast\u0101v no 1 70x140 cm vannas dvie\u013ca un 2 35x75 cm dvie\u013ciem. Bambusa vannas ve\u013ca ir piem\u0113rota lieto\u0161anai jebkur\u0101...\" \/>\n<meta name=\"robots\" content=\"index, follow, max-snippet:-1, max-image-preview:large, max-video-preview:-1\" \/>\n<link rel=\"canonical\" href=\"https:\/\/minubaltic.ee\/lv\/e-pood\/bambusa-dvieli\/bambusa-dvielu-komplekti\/bambusa-vannas-dvielu-komplekts-3-gab-zals\/\" \/>\n<meta property=\"og:locale\" content=\"lv_LV\" \/>\n<meta property=\"og:type\" content=\"article\" \/>\n<meta property=\"og:title\" content=\"Bambusa vannas dvie\u013cu komplekts 3 gab. (za\u013c\u0161) - 100% bambuss\" \/>\n<meta property=\"og:description\" content=\"Bambusa dvie\u013cu komplekts sast\u0101v no 1 70x140 cm vannas dvie\u013ca un 2 35x75 cm dvie\u013ciem. Bambusa vannas ve\u013ca ir piem\u0113rota lieto\u0161anai jebkur\u0101...\" \/>\n<meta property=\"og:url\" content=\"https:\/\/minubaltic.ee\/lv\/e-pood\/bambusa-dvieli\/bambusa-dvielu-komplekti\/bambusa-vannas-dvielu-komplekts-3-gab-zals\/\" \/>\n<meta property=\"article:publisher\" content=\"https:\/\/www.facebook.com\/minubaltic\" \/>\n<meta property=\"article:modified_time\" content=\"2024-07-18T21:17:04+00:00\" \/>\n<meta property=\"og:image\" content=\"https:\/\/minubaltic.ee\/wp-content\/uploads\/2024\/07\/BAMBUSEST-RATIK-17.jpg\" \/>\n\t<meta property=\"og:image:width\" content=\"800\" \/>\n\t<meta property=\"og:image:height\" content=\"800\" \/>\n\t<meta property=\"og:image:type\" content=\"image\/jpeg\" \/>\n<meta name=\"twitter:card\" content=\"summary_large_image\" \/>\n<meta name=\"twitter:label1\" content=\"Est. reading time\" \/>\n\t<meta name=\"twitter:data1\" content=\"1 minute\" \/>\n<script type=\"application\/ld+json\" class=\"yoast-schema-graph\">{\"@context\":\"https:\\\/\\\/schema.org\",\"@graph\":[{\"@type\":\"WebPage\",\"@id\":\"https:\\\/\\\/minubaltic.ee\\\/lv\\\/e-pood\\\/bambusa-dvieli\\\/bambusa-dvielu-komplekti\\\/bambusa-vannas-dvielu-komplekts-3-gab-zals\\\/\",\"url\":\"https:\\\/\\\/minubaltic.ee\\\/lv\\\/e-pood\\\/bambusa-dvieli\\\/bambusa-dvielu-komplekti\\\/bambusa-vannas-dvielu-komplekts-3-gab-zals\\\/\",\"name\":\"Bambusa vannas dvie\u013cu komplekts 3 gab. (za\u013c\u0161) - 100% bambuss\",\"isPartOf\":{\"@id\":\"https:\\\/\\\/minubaltic.ee\\\/lv\\\/#website\"},\"primaryImageOfPage\":{\"@id\":\"https:\\\/\\\/minubaltic.ee\\\/lv\\\/e-pood\\\/bambusa-dvieli\\\/bambusa-dvielu-komplekti\\\/bambusa-vannas-dvielu-komplekts-3-gab-zals\\\/#primaryimage\"},\"image\":{\"@id\":\"https:\\\/\\\/minubaltic.ee\\\/lv\\\/e-pood\\\/bambusa-dvieli\\\/bambusa-dvielu-komplekti\\\/bambusa-vannas-dvielu-komplekts-3-gab-zals\\\/#primaryimage\"},\"thumbnailUrl\":\"https:\\\/\\\/minubaltic.ee\\\/wp-content\\\/uploads\\\/2024\\\/07\\\/BAMBUSEST-RATIK-17.jpg\",\"datePublished\":\"2024-07-18T20:58:35+00:00\",\"dateModified\":\"2024-07-18T21:17:04+00:00\",\"description\":\"Bambusa dvie\u013cu komplekts sast\u0101v no 1 70x140 cm vannas dvie\u013ca un 2 35x75 cm dvie\u013ciem. Bambusa vannas ve\u013ca ir piem\u0113rota lieto\u0161anai jebkur\u0101...\",\"breadcrumb\":{\"@id\":\"https:\\\/\\\/minubaltic.ee\\\/lv\\\/e-pood\\\/bambusa-dvieli\\\/bambusa-dvielu-komplekti\\\/bambusa-vannas-dvielu-komplekts-3-gab-zals\\\/#breadcrumb\"},\"inLanguage\":\"lv-LV\",\"potentialAction\":[{\"@type\":\"ReadAction\",\"target\":[\"https:\\\/\\\/minubaltic.ee\\\/lv\\\/e-pood\\\/bambusa-dvieli\\\/bambusa-dvielu-komplekti\\\/bambusa-vannas-dvielu-komplekts-3-gab-zals\\\/\"]}]},{\"@type\":\"ImageObject\",\"inLanguage\":\"lv-LV\",\"@id\":\"https:\\\/\\\/minubaltic.ee\\\/lv\\\/e-pood\\\/bambusa-dvieli\\\/bambusa-dvielu-komplekti\\\/bambusa-vannas-dvielu-komplekts-3-gab-zals\\\/#primaryimage\",\"url\":\"https:\\\/\\\/minubaltic.ee\\\/wp-content\\\/uploads\\\/2024\\\/07\\\/BAMBUSEST-RATIK-17.jpg\",\"contentUrl\":\"https:\\\/\\\/minubaltic.ee\\\/wp-content\\\/uploads\\\/2024\\\/07\\\/BAMBUSEST-RATIK-17.jpg\",\"width\":800,\"height\":800},{\"@type\":\"BreadcrumbList\",\"@id\":\"https:\\\/\\\/minubaltic.ee\\\/lv\\\/e-pood\\\/bambusa-dvieli\\\/bambusa-dvielu-komplekti\\\/bambusa-vannas-dvielu-komplekts-3-gab-zals\\\/#breadcrumb\",\"itemListElement\":[{\"@type\":\"ListItem\",\"position\":1,\"name\":\"S\u0101kums\",\"item\":\"https:\\\/\\\/minubaltic.ee\\\/lv\\\/\"},{\"@type\":\"ListItem\",\"position\":2,\"name\":\"E-veikals\",\"item\":\"https:\\\/\\\/minubaltic.ee\\\/lv\\\/e-veikals\\\/\"},{\"@type\":\"ListItem\",\"position\":3,\"name\":\"Bambusa vannas dvie\u013cu komplekts 3 gab. (za\u013c\u0161)\"}]},{\"@type\":\"WebSite\",\"@id\":\"https:\\\/\\\/minubaltic.ee\\\/lv\\\/#website\",\"url\":\"https:\\\/\\\/minubaltic.ee\\\/lv\\\/\",\"name\":\"minubaltic.ee\",\"description\":\"\",\"publisher\":{\"@id\":\"https:\\\/\\\/minubaltic.ee\\\/lv\\\/#organization\"},\"potentialAction\":[{\"@type\":\"SearchAction\",\"target\":{\"@type\":\"EntryPoint\",\"urlTemplate\":\"https:\\\/\\\/minubaltic.ee\\\/lv\\\/?s={search_term_string}\"},\"query-input\":{\"@type\":\"PropertyValueSpecification\",\"valueRequired\":true,\"valueName\":\"search_term_string\"}}],\"inLanguage\":\"lv-LV\"},{\"@type\":\"Organization\",\"@id\":\"https:\\\/\\\/minubaltic.ee\\\/lv\\\/#organization\",\"name\":\"Minu Baltic O\u00dc\",\"url\":\"https:\\\/\\\/minubaltic.ee\\\/lv\\\/\",\"logo\":{\"@type\":\"ImageObject\",\"inLanguage\":\"lv-LV\",\"@id\":\"https:\\\/\\\/minubaltic.ee\\\/lv\\\/#\\\/schema\\\/logo\\\/image\\\/\",\"url\":\"https:\\\/\\\/minubaltic.ee\\\/wp-content\\\/uploads\\\/2023\\\/10\\\/cropped-cropped-cropped-logo.png\",\"contentUrl\":\"https:\\\/\\\/minubaltic.ee\\\/wp-content\\\/uploads\\\/2023\\\/10\\\/cropped-cropped-cropped-logo.png\",\"width\":500,\"height\":237,\"caption\":\"Minu Baltic O\u00dc\"},\"image\":{\"@id\":\"https:\\\/\\\/minubaltic.ee\\\/lv\\\/#\\\/schema\\\/logo\\\/image\\\/\"},\"sameAs\":[\"https:\\\/\\\/www.facebook.com\\\/minubaltic\"]}]}<\/script>\n<!-- \/ Yoast SEO plugin. -->","yoast_head_json":{"title":"Bambusa vannas dvie\u013cu komplekts 3 gab. (za\u013c\u0161) - 100% bambuss","description":"Bambusa dvie\u013cu komplekts sast\u0101v no 1 70x140 cm vannas dvie\u013ca un 2 35x75 cm dvie\u013ciem. Bambusa vannas ve\u013ca ir piem\u0113rota lieto\u0161anai jebkur\u0101...","robots":{"index":"index","follow":"follow","max-snippet":"max-snippet:-1","max-image-preview":"max-image-preview:large","max-video-preview":"max-video-preview:-1"},"canonical":"https:\/\/minubaltic.ee\/lv\/e-pood\/bambusa-dvieli\/bambusa-dvielu-komplekti\/bambusa-vannas-dvielu-komplekts-3-gab-zals\/","og_locale":"lv_LV","og_type":"article","og_title":"Bambusa vannas dvie\u013cu komplekts 3 gab. (za\u013c\u0161) - 100% bambuss","og_description":"Bambusa dvie\u013cu komplekts sast\u0101v no 1 70x140 cm vannas dvie\u013ca un 2 35x75 cm dvie\u013ciem. Bambusa vannas ve\u013ca ir piem\u0113rota lieto\u0161anai jebkur\u0101...","og_url":"https:\/\/minubaltic.ee\/lv\/e-pood\/bambusa-dvieli\/bambusa-dvielu-komplekti\/bambusa-vannas-dvielu-komplekts-3-gab-zals\/","article_publisher":"https:\/\/www.facebook.com\/minubaltic","article_modified_time":"2024-07-18T21:17:04+00:00","og_image":[{"width":800,"height":800,"url":"https:\/\/minubaltic.ee\/wp-content\/uploads\/2024\/07\/BAMBUSEST-RATIK-17.jpg","type":"image\/jpeg"}],"twitter_card":"summary_large_image","twitter_misc":{"Est. reading time":"1 minute"},"schema":{"@context":"https:\/\/schema.org","@graph":[{"@type":"WebPage","@id":"https:\/\/minubaltic.ee\/lv\/e-pood\/bambusa-dvieli\/bambusa-dvielu-komplekti\/bambusa-vannas-dvielu-komplekts-3-gab-zals\/","url":"https:\/\/minubaltic.ee\/lv\/e-pood\/bambusa-dvieli\/bambusa-dvielu-komplekti\/bambusa-vannas-dvielu-komplekts-3-gab-zals\/","name":"Bambusa vannas dvie\u013cu komplekts 3 gab. (za\u013c\u0161) - 100% bambuss","isPartOf":{"@id":"https:\/\/minubaltic.ee\/lv\/#website"},"primaryImageOfPage":{"@id":"https:\/\/minubaltic.ee\/lv\/e-pood\/bambusa-dvieli\/bambusa-dvielu-komplekti\/bambusa-vannas-dvielu-komplekts-3-gab-zals\/#primaryimage"},"image":{"@id":"https:\/\/minubaltic.ee\/lv\/e-pood\/bambusa-dvieli\/bambusa-dvielu-komplekti\/bambusa-vannas-dvielu-komplekts-3-gab-zals\/#primaryimage"},"thumbnailUrl":"https:\/\/minubaltic.ee\/wp-content\/uploads\/2024\/07\/BAMBUSEST-RATIK-17.jpg","datePublished":"2024-07-18T20:58:35+00:00","dateModified":"2024-07-18T21:17:04+00:00","description":"Bambusa dvie\u013cu komplekts sast\u0101v no 1 70x140 cm vannas dvie\u013ca un 2 35x75 cm dvie\u013ciem. Bambusa vannas ve\u013ca ir piem\u0113rota lieto\u0161anai jebkur\u0101...","breadcrumb":{"@id":"https:\/\/minubaltic.ee\/lv\/e-pood\/bambusa-dvieli\/bambusa-dvielu-komplekti\/bambusa-vannas-dvielu-komplekts-3-gab-zals\/#breadcrumb"},"inLanguage":"lv-LV","potentialAction":[{"@type":"ReadAction","target":["https:\/\/minubaltic.ee\/lv\/e-pood\/bambusa-dvieli\/bambusa-dvielu-komplekti\/bambusa-vannas-dvielu-komplekts-3-gab-zals\/"]}]},{"@type":"ImageObject","inLanguage":"lv-LV","@id":"https:\/\/minubaltic.ee\/lv\/e-pood\/bambusa-dvieli\/bambusa-dvielu-komplekti\/bambusa-vannas-dvielu-komplekts-3-gab-zals\/#primaryimage","url":"https:\/\/minubaltic.ee\/wp-content\/uploads\/2024\/07\/BAMBUSEST-RATIK-17.jpg","contentUrl":"https:\/\/minubaltic.ee\/wp-content\/uploads\/2024\/07\/BAMBUSEST-RATIK-17.jpg","width":800,"height":800},{"@type":"BreadcrumbList","@id":"https:\/\/minubaltic.ee\/lv\/e-pood\/bambusa-dvieli\/bambusa-dvielu-komplekti\/bambusa-vannas-dvielu-komplekts-3-gab-zals\/#breadcrumb","itemListElement":[{"@type":"ListItem","position":1,"name":"S\u0101kums","item":"https:\/\/minubaltic.ee\/lv\/"},{"@type":"ListItem","position":2,"name":"E-veikals","item":"https:\/\/minubaltic.ee\/lv\/e-veikals\/"},{"@type":"ListItem","position":3,"name":"Bambusa vannas dvie\u013cu komplekts 3 gab. (za\u013c\u0161)"}]},{"@type":"WebSite","@id":"https:\/\/minubaltic.ee\/lv\/#website","url":"https:\/\/minubaltic.ee\/lv\/","name":"minubaltic.ee","description":"","publisher":{"@id":"https:\/\/minubaltic.ee\/lv\/#organization"},"potentialAction":[{"@type":"SearchAction","target":{"@type":"EntryPoint","urlTemplate":"https:\/\/minubaltic.ee\/lv\/?s={search_term_string}"},"query-input":{"@type":"PropertyValueSpecification","valueRequired":true,"valueName":"search_term_string"}}],"inLanguage":"lv-LV"},{"@type":"Organization","@id":"https:\/\/minubaltic.ee\/lv\/#organization","name":"Minu Baltic O\u00dc","url":"https:\/\/minubaltic.ee\/lv\/","logo":{"@type":"ImageObject","inLanguage":"lv-LV","@id":"https:\/\/minubaltic.ee\/lv\/#\/schema\/logo\/image\/","url":"https:\/\/minubaltic.ee\/wp-content\/uploads\/2023\/10\/cropped-cropped-cropped-logo.png","contentUrl":"https:\/\/minubaltic.ee\/wp-content\/uploads\/2023\/10\/cropped-cropped-cropped-logo.png","width":500,"height":237,"caption":"Minu Baltic O\u00dc"},"image":{"@id":"https:\/\/minubaltic.ee\/lv\/#\/schema\/logo\/image\/"},"sameAs":["https:\/\/www.facebook.com\/minubaltic"]}]}},"_links":{"self":[{"href":"https:\/\/minubaltic.ee\/lv\/wp-json\/wp\/v2\/product\/30487","targetHints":{"allow":["GET"]}}],"collection":[{"href":"https:\/\/minubaltic.ee\/lv\/wp-json\/wp\/v2\/product"}],"about":[{"href":"https:\/\/minubaltic.ee\/lv\/wp-json\/wp\/v2\/types\/product"}],"replies":[{"embeddable":true,"href":"https:\/\/minubaltic.ee\/lv\/wp-json\/wp\/v2\/comments?post=30487"}],"version-history":[{"count":2,"href":"https:\/\/minubaltic.ee\/lv\/wp-json\/wp\/v2\/product\/30487\/revisions"}],"predecessor-version":[{"id":30542,"href":"https:\/\/minubaltic.ee\/lv\/wp-json\/wp\/v2\/product\/30487\/revisions\/30542"}],"wp:featuredmedia":[{"embeddable":true,"href":"https:\/\/minubaltic.ee\/lv\/wp-json\/wp\/v2\/media\/30493"}],"wp:attachment":[{"href":"https:\/\/minubaltic.ee\/lv\/wp-json\/wp\/v2\/media?parent=30487"}],"wp:term":[{"taxonomy":"product_brand","embeddable":true,"href":"https:\/\/minubaltic.ee\/lv\/wp-json\/wp\/v2\/product_brand?post=30487"},{"taxonomy":"product_cat","embeddable":true,"href":"https:\/\/minubaltic.ee\/lv\/wp-json\/wp\/v2\/product_cat?post=30487"},{"taxonomy":"product_tag","embeddable":true,"href":"https:\/\/minubaltic.ee\/lv\/wp-json\/wp\/v2\/product_tag?post=30487"}],"curies":[{"name":"wp","href":"https:\/\/api.w.org\/{rel}","templated":true}]}}