{"id":30404,"date":"2024-07-18T21:49:19","date_gmt":"2024-07-18T18:49:19","guid":{"rendered":"https:\/\/minubaltic.ee\/?post_type=product&#038;p=30404"},"modified":"2024-07-18T22:15:32","modified_gmt":"2024-07-18T19:15:32","slug":"bambusa-dvielu-komplekts-6gab-dzeltens","status":"publish","type":"product","link":"https:\/\/minubaltic.ee\/lv\/e-pood\/bambusa-dvieli\/bambusa-roku-dvieli\/bambusa-dvielu-komplekts-6gab-dzeltens\/","title":{"rendered":"Bambusa dvie\u013cu komplekts 6gab. (dzeltens)"},"content":{"rendered":"<ul>\n<li><strong>Auduma sast\u0101vs<\/strong>: 100% bambuss<\/li>\n<li><strong>Da\u013cu skaits:<\/strong> 6<\/li>\n<li><strong>Izm\u0113ri:<\/strong> 35\u00d775 cm \u00b13<\/li>\n<li><strong>Kr\u0101sa:<\/strong> Dzeltens<\/li>\n<li><strong>Svars:<\/strong> 420 g\/m2<\/li>\n<li>\u0160o dvie\u013cu izcilais maigums un z\u012bdaina tekst\u016bra nodro\u0161ina pat\u012bkamu lieto\u0161anas pieredzi un lielisku mitruma uzs\u016bk\u0161anos. Turkl\u0101t bambusam piem\u012bt dabiska antibakteri\u0101la \u012bpa\u0161\u012bba, kas pal\u012bdz saglab\u0101t dvie\u013cus ilgu laiku svaigus un t\u012brus.<\/li>\n<\/ul>\n","protected":false},"excerpt":{"rendered":"<p>\ud83c\udf31Bambusa dvie\u013cu komplekt\u0101 ietilpst 6 dvie\u013ci 35&#215;75 cm izm\u0113r\u0101, kas nodro\u0161ina m\u012bkstu un z\u012bdainu piesk\u0101rienu.<br \/>\n\ud83c\udf31Roku dvie\u013ci no bambusa \u0161\u0137iedras ir iztur\u012bgi, \u012bpa\u0161i m\u012bksti un labi uzs\u016bc mitrumu.<\/p>\n","protected":false},"featured_media":30410,"comment_status":"open","ping_status":"closed","template":"","meta":[],"product_brand":[],"product_cat":[810,794,796,795,443,444,447,438],"product_tag":[463,460,461],"class_list":{"0":"post-30404","1":"product","2":"type-product","3":"status-publish","4":"has-post-thumbnail","6":"product_cat-100-bambuss","7":"product_cat-bambusa-dvieli","8":"product_cat-bambusa-dvielu-komplekti","9":"product_cat-bambusa-roku-dvieli","10":"product_cat-dvieli","11":"product_cat-dvieli-35-75","12":"product_cat-dvielu-komplekti","13":"product_cat-roku-dvieli","14":"product_tag-dvieli","15":"product_tag-e-veikals","16":"product_tag-majas-tekstils","18":"first","19":"instock","20":"shipping-taxable","21":"purchasable","22":"product-type-simple"},"yoast_head":"<!-- This site is optimized with the Yoast SEO plugin v27.3 - https:\/\/yoast.com\/product\/yoast-seo-wordpress\/ -->\n<title>Bambusa dvie\u013cu komplekts 6gab. (dzeltens) - 100% bambuss<\/title>\n<meta name=\"description\" content=\"Bambusa dvie\u013cu komplekt\u0101 ir 6 dvie\u013ci, kas nodro\u0161ina svaigumu un z\u012bdainu piesk\u0101rienu. Dvie\u013ci no bambusa \u0161\u0137iedras ir iztur\u012bgi....\" \/>\n<meta name=\"robots\" content=\"index, follow, max-snippet:-1, max-image-preview:large, max-video-preview:-1\" \/>\n<link rel=\"canonical\" href=\"https:\/\/minubaltic.ee\/lv\/e-pood\/bambusa-dvieli\/bambusa-roku-dvieli\/bambusa-dvielu-komplekts-6gab-dzeltens\/\" \/>\n<meta property=\"og:locale\" content=\"lv_LV\" \/>\n<meta property=\"og:type\" content=\"article\" \/>\n<meta property=\"og:title\" content=\"Bambusa dvie\u013cu komplekts 6gab. (dzeltens) - 100% bambuss\" \/>\n<meta property=\"og:description\" content=\"Bambusa dvie\u013cu komplekt\u0101 ir 6 dvie\u013ci, kas nodro\u0161ina svaigumu un z\u012bdainu piesk\u0101rienu. Dvie\u013ci no bambusa \u0161\u0137iedras ir iztur\u012bgi....\" \/>\n<meta property=\"og:url\" content=\"https:\/\/minubaltic.ee\/lv\/e-pood\/bambusa-dvieli\/bambusa-roku-dvieli\/bambusa-dvielu-komplekts-6gab-dzeltens\/\" \/>\n<meta property=\"article:publisher\" content=\"https:\/\/www.facebook.com\/minubaltic\" \/>\n<meta property=\"article:modified_time\" content=\"2024-07-18T19:15:32+00:00\" \/>\n<meta property=\"og:image\" content=\"https:\/\/minubaltic.ee\/wp-content\/uploads\/2024\/07\/BAMBUSEST-RATIK-15.jpg\" \/>\n\t<meta property=\"og:image:width\" content=\"800\" \/>\n\t<meta property=\"og:image:height\" content=\"800\" \/>\n\t<meta property=\"og:image:type\" content=\"image\/jpeg\" \/>\n<meta name=\"twitter:card\" content=\"summary_large_image\" \/>\n<meta name=\"twitter:label1\" content=\"Est. reading time\" \/>\n\t<meta name=\"twitter:data1\" content=\"1 minute\" \/>\n<script type=\"application\/ld+json\" class=\"yoast-schema-graph\">{\"@context\":\"https:\\\/\\\/schema.org\",\"@graph\":[{\"@type\":\"WebPage\",\"@id\":\"https:\\\/\\\/minubaltic.ee\\\/lv\\\/e-pood\\\/bambusa-dvieli\\\/bambusa-roku-dvieli\\\/bambusa-dvielu-komplekts-6gab-dzeltens\\\/\",\"url\":\"https:\\\/\\\/minubaltic.ee\\\/lv\\\/e-pood\\\/bambusa-dvieli\\\/bambusa-roku-dvieli\\\/bambusa-dvielu-komplekts-6gab-dzeltens\\\/\",\"name\":\"Bambusa dvie\u013cu komplekts 6gab. (dzeltens) - 100% bambuss\",\"isPartOf\":{\"@id\":\"https:\\\/\\\/minubaltic.ee\\\/lv\\\/#website\"},\"primaryImageOfPage\":{\"@id\":\"https:\\\/\\\/minubaltic.ee\\\/lv\\\/e-pood\\\/bambusa-dvieli\\\/bambusa-roku-dvieli\\\/bambusa-dvielu-komplekts-6gab-dzeltens\\\/#primaryimage\"},\"image\":{\"@id\":\"https:\\\/\\\/minubaltic.ee\\\/lv\\\/e-pood\\\/bambusa-dvieli\\\/bambusa-roku-dvieli\\\/bambusa-dvielu-komplekts-6gab-dzeltens\\\/#primaryimage\"},\"thumbnailUrl\":\"https:\\\/\\\/minubaltic.ee\\\/wp-content\\\/uploads\\\/2024\\\/07\\\/BAMBUSEST-RATIK-15.jpg\",\"datePublished\":\"2024-07-18T18:49:19+00:00\",\"dateModified\":\"2024-07-18T19:15:32+00:00\",\"description\":\"Bambusa dvie\u013cu komplekt\u0101 ir 6 dvie\u013ci, kas nodro\u0161ina svaigumu un z\u012bdainu piesk\u0101rienu. Dvie\u013ci no bambusa \u0161\u0137iedras ir iztur\u012bgi....\",\"breadcrumb\":{\"@id\":\"https:\\\/\\\/minubaltic.ee\\\/lv\\\/e-pood\\\/bambusa-dvieli\\\/bambusa-roku-dvieli\\\/bambusa-dvielu-komplekts-6gab-dzeltens\\\/#breadcrumb\"},\"inLanguage\":\"lv-LV\",\"potentialAction\":[{\"@type\":\"ReadAction\",\"target\":[\"https:\\\/\\\/minubaltic.ee\\\/lv\\\/e-pood\\\/bambusa-dvieli\\\/bambusa-roku-dvieli\\\/bambusa-dvielu-komplekts-6gab-dzeltens\\\/\"]}]},{\"@type\":\"ImageObject\",\"inLanguage\":\"lv-LV\",\"@id\":\"https:\\\/\\\/minubaltic.ee\\\/lv\\\/e-pood\\\/bambusa-dvieli\\\/bambusa-roku-dvieli\\\/bambusa-dvielu-komplekts-6gab-dzeltens\\\/#primaryimage\",\"url\":\"https:\\\/\\\/minubaltic.ee\\\/wp-content\\\/uploads\\\/2024\\\/07\\\/BAMBUSEST-RATIK-15.jpg\",\"contentUrl\":\"https:\\\/\\\/minubaltic.ee\\\/wp-content\\\/uploads\\\/2024\\\/07\\\/BAMBUSEST-RATIK-15.jpg\",\"width\":800,\"height\":800},{\"@type\":\"BreadcrumbList\",\"@id\":\"https:\\\/\\\/minubaltic.ee\\\/lv\\\/e-pood\\\/bambusa-dvieli\\\/bambusa-roku-dvieli\\\/bambusa-dvielu-komplekts-6gab-dzeltens\\\/#breadcrumb\",\"itemListElement\":[{\"@type\":\"ListItem\",\"position\":1,\"name\":\"S\u0101kums\",\"item\":\"https:\\\/\\\/minubaltic.ee\\\/lv\\\/\"},{\"@type\":\"ListItem\",\"position\":2,\"name\":\"E-veikals\",\"item\":\"https:\\\/\\\/minubaltic.ee\\\/lv\\\/e-veikals\\\/\"},{\"@type\":\"ListItem\",\"position\":3,\"name\":\"Bambusa dvie\u013cu komplekts 6gab. (dzeltens)\"}]},{\"@type\":\"WebSite\",\"@id\":\"https:\\\/\\\/minubaltic.ee\\\/lv\\\/#website\",\"url\":\"https:\\\/\\\/minubaltic.ee\\\/lv\\\/\",\"name\":\"minubaltic.ee\",\"description\":\"\",\"publisher\":{\"@id\":\"https:\\\/\\\/minubaltic.ee\\\/lv\\\/#organization\"},\"potentialAction\":[{\"@type\":\"SearchAction\",\"target\":{\"@type\":\"EntryPoint\",\"urlTemplate\":\"https:\\\/\\\/minubaltic.ee\\\/lv\\\/?s={search_term_string}\"},\"query-input\":{\"@type\":\"PropertyValueSpecification\",\"valueRequired\":true,\"valueName\":\"search_term_string\"}}],\"inLanguage\":\"lv-LV\"},{\"@type\":\"Organization\",\"@id\":\"https:\\\/\\\/minubaltic.ee\\\/lv\\\/#organization\",\"name\":\"Minu Baltic O\u00dc\",\"url\":\"https:\\\/\\\/minubaltic.ee\\\/lv\\\/\",\"logo\":{\"@type\":\"ImageObject\",\"inLanguage\":\"lv-LV\",\"@id\":\"https:\\\/\\\/minubaltic.ee\\\/lv\\\/#\\\/schema\\\/logo\\\/image\\\/\",\"url\":\"https:\\\/\\\/minubaltic.ee\\\/wp-content\\\/uploads\\\/2023\\\/10\\\/cropped-cropped-cropped-logo.png\",\"contentUrl\":\"https:\\\/\\\/minubaltic.ee\\\/wp-content\\\/uploads\\\/2023\\\/10\\\/cropped-cropped-cropped-logo.png\",\"width\":500,\"height\":237,\"caption\":\"Minu Baltic O\u00dc\"},\"image\":{\"@id\":\"https:\\\/\\\/minubaltic.ee\\\/lv\\\/#\\\/schema\\\/logo\\\/image\\\/\"},\"sameAs\":[\"https:\\\/\\\/www.facebook.com\\\/minubaltic\"]}]}<\/script>\n<!-- \/ Yoast SEO plugin. -->","yoast_head_json":{"title":"Bambusa dvie\u013cu komplekts 6gab. (dzeltens) - 100% bambuss","description":"Bambusa dvie\u013cu komplekt\u0101 ir 6 dvie\u013ci, kas nodro\u0161ina svaigumu un z\u012bdainu piesk\u0101rienu. Dvie\u013ci no bambusa \u0161\u0137iedras ir iztur\u012bgi....","robots":{"index":"index","follow":"follow","max-snippet":"max-snippet:-1","max-image-preview":"max-image-preview:large","max-video-preview":"max-video-preview:-1"},"canonical":"https:\/\/minubaltic.ee\/lv\/e-pood\/bambusa-dvieli\/bambusa-roku-dvieli\/bambusa-dvielu-komplekts-6gab-dzeltens\/","og_locale":"lv_LV","og_type":"article","og_title":"Bambusa dvie\u013cu komplekts 6gab. (dzeltens) - 100% bambuss","og_description":"Bambusa dvie\u013cu komplekt\u0101 ir 6 dvie\u013ci, kas nodro\u0161ina svaigumu un z\u012bdainu piesk\u0101rienu. Dvie\u013ci no bambusa \u0161\u0137iedras ir iztur\u012bgi....","og_url":"https:\/\/minubaltic.ee\/lv\/e-pood\/bambusa-dvieli\/bambusa-roku-dvieli\/bambusa-dvielu-komplekts-6gab-dzeltens\/","article_publisher":"https:\/\/www.facebook.com\/minubaltic","article_modified_time":"2024-07-18T19:15:32+00:00","og_image":[{"width":800,"height":800,"url":"https:\/\/minubaltic.ee\/wp-content\/uploads\/2024\/07\/BAMBUSEST-RATIK-15.jpg","type":"image\/jpeg"}],"twitter_card":"summary_large_image","twitter_misc":{"Est. reading time":"1 minute"},"schema":{"@context":"https:\/\/schema.org","@graph":[{"@type":"WebPage","@id":"https:\/\/minubaltic.ee\/lv\/e-pood\/bambusa-dvieli\/bambusa-roku-dvieli\/bambusa-dvielu-komplekts-6gab-dzeltens\/","url":"https:\/\/minubaltic.ee\/lv\/e-pood\/bambusa-dvieli\/bambusa-roku-dvieli\/bambusa-dvielu-komplekts-6gab-dzeltens\/","name":"Bambusa dvie\u013cu komplekts 6gab. (dzeltens) - 100% bambuss","isPartOf":{"@id":"https:\/\/minubaltic.ee\/lv\/#website"},"primaryImageOfPage":{"@id":"https:\/\/minubaltic.ee\/lv\/e-pood\/bambusa-dvieli\/bambusa-roku-dvieli\/bambusa-dvielu-komplekts-6gab-dzeltens\/#primaryimage"},"image":{"@id":"https:\/\/minubaltic.ee\/lv\/e-pood\/bambusa-dvieli\/bambusa-roku-dvieli\/bambusa-dvielu-komplekts-6gab-dzeltens\/#primaryimage"},"thumbnailUrl":"https:\/\/minubaltic.ee\/wp-content\/uploads\/2024\/07\/BAMBUSEST-RATIK-15.jpg","datePublished":"2024-07-18T18:49:19+00:00","dateModified":"2024-07-18T19:15:32+00:00","description":"Bambusa dvie\u013cu komplekt\u0101 ir 6 dvie\u013ci, kas nodro\u0161ina svaigumu un z\u012bdainu piesk\u0101rienu. Dvie\u013ci no bambusa \u0161\u0137iedras ir iztur\u012bgi....","breadcrumb":{"@id":"https:\/\/minubaltic.ee\/lv\/e-pood\/bambusa-dvieli\/bambusa-roku-dvieli\/bambusa-dvielu-komplekts-6gab-dzeltens\/#breadcrumb"},"inLanguage":"lv-LV","potentialAction":[{"@type":"ReadAction","target":["https:\/\/minubaltic.ee\/lv\/e-pood\/bambusa-dvieli\/bambusa-roku-dvieli\/bambusa-dvielu-komplekts-6gab-dzeltens\/"]}]},{"@type":"ImageObject","inLanguage":"lv-LV","@id":"https:\/\/minubaltic.ee\/lv\/e-pood\/bambusa-dvieli\/bambusa-roku-dvieli\/bambusa-dvielu-komplekts-6gab-dzeltens\/#primaryimage","url":"https:\/\/minubaltic.ee\/wp-content\/uploads\/2024\/07\/BAMBUSEST-RATIK-15.jpg","contentUrl":"https:\/\/minubaltic.ee\/wp-content\/uploads\/2024\/07\/BAMBUSEST-RATIK-15.jpg","width":800,"height":800},{"@type":"BreadcrumbList","@id":"https:\/\/minubaltic.ee\/lv\/e-pood\/bambusa-dvieli\/bambusa-roku-dvieli\/bambusa-dvielu-komplekts-6gab-dzeltens\/#breadcrumb","itemListElement":[{"@type":"ListItem","position":1,"name":"S\u0101kums","item":"https:\/\/minubaltic.ee\/lv\/"},{"@type":"ListItem","position":2,"name":"E-veikals","item":"https:\/\/minubaltic.ee\/lv\/e-veikals\/"},{"@type":"ListItem","position":3,"name":"Bambusa dvie\u013cu komplekts 6gab. (dzeltens)"}]},{"@type":"WebSite","@id":"https:\/\/minubaltic.ee\/lv\/#website","url":"https:\/\/minubaltic.ee\/lv\/","name":"minubaltic.ee","description":"","publisher":{"@id":"https:\/\/minubaltic.ee\/lv\/#organization"},"potentialAction":[{"@type":"SearchAction","target":{"@type":"EntryPoint","urlTemplate":"https:\/\/minubaltic.ee\/lv\/?s={search_term_string}"},"query-input":{"@type":"PropertyValueSpecification","valueRequired":true,"valueName":"search_term_string"}}],"inLanguage":"lv-LV"},{"@type":"Organization","@id":"https:\/\/minubaltic.ee\/lv\/#organization","name":"Minu Baltic O\u00dc","url":"https:\/\/minubaltic.ee\/lv\/","logo":{"@type":"ImageObject","inLanguage":"lv-LV","@id":"https:\/\/minubaltic.ee\/lv\/#\/schema\/logo\/image\/","url":"https:\/\/minubaltic.ee\/wp-content\/uploads\/2023\/10\/cropped-cropped-cropped-logo.png","contentUrl":"https:\/\/minubaltic.ee\/wp-content\/uploads\/2023\/10\/cropped-cropped-cropped-logo.png","width":500,"height":237,"caption":"Minu Baltic O\u00dc"},"image":{"@id":"https:\/\/minubaltic.ee\/lv\/#\/schema\/logo\/image\/"},"sameAs":["https:\/\/www.facebook.com\/minubaltic"]}]}},"_links":{"self":[{"href":"https:\/\/minubaltic.ee\/lv\/wp-json\/wp\/v2\/product\/30404","targetHints":{"allow":["GET"]}}],"collection":[{"href":"https:\/\/minubaltic.ee\/lv\/wp-json\/wp\/v2\/product"}],"about":[{"href":"https:\/\/minubaltic.ee\/lv\/wp-json\/wp\/v2\/types\/product"}],"replies":[{"embeddable":true,"href":"https:\/\/minubaltic.ee\/lv\/wp-json\/wp\/v2\/comments?post=30404"}],"version-history":[{"count":2,"href":"https:\/\/minubaltic.ee\/lv\/wp-json\/wp\/v2\/product\/30404\/revisions"}],"predecessor-version":[{"id":30458,"href":"https:\/\/minubaltic.ee\/lv\/wp-json\/wp\/v2\/product\/30404\/revisions\/30458"}],"wp:featuredmedia":[{"embeddable":true,"href":"https:\/\/minubaltic.ee\/lv\/wp-json\/wp\/v2\/media\/30410"}],"wp:attachment":[{"href":"https:\/\/minubaltic.ee\/lv\/wp-json\/wp\/v2\/media?parent=30404"}],"wp:term":[{"taxonomy":"product_brand","embeddable":true,"href":"https:\/\/minubaltic.ee\/lv\/wp-json\/wp\/v2\/product_brand?post=30404"},{"taxonomy":"product_cat","embeddable":true,"href":"https:\/\/minubaltic.ee\/lv\/wp-json\/wp\/v2\/product_cat?post=30404"},{"taxonomy":"product_tag","embeddable":true,"href":"https:\/\/minubaltic.ee\/lv\/wp-json\/wp\/v2\/product_tag?post=30404"}],"curies":[{"name":"wp","href":"https:\/\/api.w.org\/{rel}","templated":true}]}}