{"id":30333,"date":"2024-07-18T20:18:17","date_gmt":"2024-07-18T17:18:17","guid":{"rendered":"https:\/\/minubaltic.ee\/?post_type=product&#038;p=30333"},"modified":"2024-07-18T20:33:34","modified_gmt":"2024-07-18T17:33:34","slug":"bambusa-vannas-dvielis-dzeltens","status":"publish","type":"product","link":"https:\/\/minubaltic.ee\/lv\/e-pood\/bambusa-dvieli\/bambusa-vannas-dvieli\/bambusa-vannas-dvielis-dzeltens\/","title":{"rendered":"Bambusa vannas dvielis (dzeltens)"},"content":{"rendered":"<ul>\n<li><strong>Auduma sast\u0101vs<\/strong>: 100% bambuss<\/li>\n<li><strong>Da\u013cu skaits:<\/strong> 1<\/li>\n<li><strong>Izm\u0113ri:<\/strong> 70\u00d7140 cm \u00b15 cm<\/li>\n<li><strong>Svars:<\/strong> 420 g\/m2<\/li>\n<\/ul>\n","protected":false},"excerpt":{"rendered":"<p>\ud83c\udf31Bambusa vannas dvie\u013ci tiek augstu nov\u0113rt\u0113ti to maiguma un uzs\u016bk\u0161anas sp\u0113jas d\u0113\u013c.<br \/>\n\ud83c\udf31 Bambusa \u0161\u0137iedras ir hipoaler\u0123iskas un piem\u0113rotas jut\u012bgai \u0101dai, turkl\u0101t bambuss ir ar\u012b videi draudz\u012bga izv\u0113le.<\/p>\n","protected":false},"featured_media":30339,"comment_status":"open","ping_status":"closed","template":"","meta":[],"product_brand":[],"product_cat":[794,797,443,448,732],"product_tag":[463,460,461],"class_list":{"0":"post-30333","1":"product","2":"type-product","3":"status-publish","4":"has-post-thumbnail","6":"product_cat-bambusa-dvieli","7":"product_cat-bambusa-vannas-dvieli","8":"product_cat-dvieli","9":"product_cat-vannas-dvieli","10":"product_cat-vannas-dvieli-70-140","11":"product_tag-dvieli","12":"product_tag-e-veikals","13":"product_tag-majas-tekstils","15":"first","16":"instock","17":"shipping-taxable","18":"purchasable","19":"product-type-simple"},"yoast_head":"<!-- This site is optimized with the Yoast SEO plugin v27.3 - https:\/\/yoast.com\/product\/yoast-seo-wordpress\/ -->\n<title>Bambusa vannas dvielis (dzeltens) - 100% bambuss<\/title>\n<meta name=\"description\" content=\"70x140 cm bambusa vannas dvielis ir izgatavots no dab\u012bg\u0101m bambusa \u0161\u0137iedr\u0101m, kas nodro\u0161ina \u012bpa\u0161u maigumu un z\u012bdainu tekst\u016bru.\" \/>\n<meta name=\"robots\" content=\"index, follow, max-snippet:-1, max-image-preview:large, max-video-preview:-1\" \/>\n<link rel=\"canonical\" href=\"https:\/\/minubaltic.ee\/lv\/e-pood\/bambusa-dvieli\/bambusa-vannas-dvieli\/bambusa-vannas-dvielis-dzeltens\/\" \/>\n<meta property=\"og:locale\" content=\"lv_LV\" \/>\n<meta property=\"og:type\" content=\"article\" \/>\n<meta property=\"og:title\" content=\"Bambusa vannas dvielis (dzeltens) - 100% bambuss\" \/>\n<meta property=\"og:description\" content=\"70x140 cm bambusa vannas dvielis ir izgatavots no dab\u012bg\u0101m bambusa \u0161\u0137iedr\u0101m, kas nodro\u0161ina \u012bpa\u0161u maigumu un z\u012bdainu tekst\u016bru.\" \/>\n<meta property=\"og:url\" content=\"https:\/\/minubaltic.ee\/lv\/e-pood\/bambusa-dvieli\/bambusa-vannas-dvieli\/bambusa-vannas-dvielis-dzeltens\/\" \/>\n<meta property=\"article:publisher\" content=\"https:\/\/www.facebook.com\/minubaltic\" \/>\n<meta property=\"article:modified_time\" content=\"2024-07-18T17:33:34+00:00\" \/>\n<meta property=\"og:image\" content=\"https:\/\/minubaltic.ee\/wp-content\/uploads\/2024\/07\/BAMBUSEST-RATIK-10.jpg\" \/>\n\t<meta property=\"og:image:width\" content=\"800\" \/>\n\t<meta property=\"og:image:height\" content=\"800\" \/>\n\t<meta property=\"og:image:type\" content=\"image\/jpeg\" \/>\n<meta name=\"twitter:card\" content=\"summary_large_image\" \/>\n<meta name=\"twitter:label1\" content=\"Est. reading time\" \/>\n\t<meta name=\"twitter:data1\" content=\"1 minute\" \/>\n<script type=\"application\/ld+json\" class=\"yoast-schema-graph\">{\"@context\":\"https:\\\/\\\/schema.org\",\"@graph\":[{\"@type\":\"WebPage\",\"@id\":\"https:\\\/\\\/minubaltic.ee\\\/lv\\\/e-pood\\\/bambusa-dvieli\\\/bambusa-vannas-dvieli\\\/bambusa-vannas-dvielis-dzeltens\\\/\",\"url\":\"https:\\\/\\\/minubaltic.ee\\\/lv\\\/e-pood\\\/bambusa-dvieli\\\/bambusa-vannas-dvieli\\\/bambusa-vannas-dvielis-dzeltens\\\/\",\"name\":\"Bambusa vannas dvielis (dzeltens) - 100% bambuss\",\"isPartOf\":{\"@id\":\"https:\\\/\\\/minubaltic.ee\\\/lv\\\/#website\"},\"primaryImageOfPage\":{\"@id\":\"https:\\\/\\\/minubaltic.ee\\\/lv\\\/e-pood\\\/bambusa-dvieli\\\/bambusa-vannas-dvieli\\\/bambusa-vannas-dvielis-dzeltens\\\/#primaryimage\"},\"image\":{\"@id\":\"https:\\\/\\\/minubaltic.ee\\\/lv\\\/e-pood\\\/bambusa-dvieli\\\/bambusa-vannas-dvieli\\\/bambusa-vannas-dvielis-dzeltens\\\/#primaryimage\"},\"thumbnailUrl\":\"https:\\\/\\\/minubaltic.ee\\\/wp-content\\\/uploads\\\/2024\\\/07\\\/BAMBUSEST-RATIK-10.jpg\",\"datePublished\":\"2024-07-18T17:18:17+00:00\",\"dateModified\":\"2024-07-18T17:33:34+00:00\",\"description\":\"70x140 cm bambusa vannas dvielis ir izgatavots no dab\u012bg\u0101m bambusa \u0161\u0137iedr\u0101m, kas nodro\u0161ina \u012bpa\u0161u maigumu un z\u012bdainu tekst\u016bru.\",\"breadcrumb\":{\"@id\":\"https:\\\/\\\/minubaltic.ee\\\/lv\\\/e-pood\\\/bambusa-dvieli\\\/bambusa-vannas-dvieli\\\/bambusa-vannas-dvielis-dzeltens\\\/#breadcrumb\"},\"inLanguage\":\"lv-LV\",\"potentialAction\":[{\"@type\":\"ReadAction\",\"target\":[\"https:\\\/\\\/minubaltic.ee\\\/lv\\\/e-pood\\\/bambusa-dvieli\\\/bambusa-vannas-dvieli\\\/bambusa-vannas-dvielis-dzeltens\\\/\"]}]},{\"@type\":\"ImageObject\",\"inLanguage\":\"lv-LV\",\"@id\":\"https:\\\/\\\/minubaltic.ee\\\/lv\\\/e-pood\\\/bambusa-dvieli\\\/bambusa-vannas-dvieli\\\/bambusa-vannas-dvielis-dzeltens\\\/#primaryimage\",\"url\":\"https:\\\/\\\/minubaltic.ee\\\/wp-content\\\/uploads\\\/2024\\\/07\\\/BAMBUSEST-RATIK-10.jpg\",\"contentUrl\":\"https:\\\/\\\/minubaltic.ee\\\/wp-content\\\/uploads\\\/2024\\\/07\\\/BAMBUSEST-RATIK-10.jpg\",\"width\":800,\"height\":800},{\"@type\":\"BreadcrumbList\",\"@id\":\"https:\\\/\\\/minubaltic.ee\\\/lv\\\/e-pood\\\/bambusa-dvieli\\\/bambusa-vannas-dvieli\\\/bambusa-vannas-dvielis-dzeltens\\\/#breadcrumb\",\"itemListElement\":[{\"@type\":\"ListItem\",\"position\":1,\"name\":\"S\u0101kums\",\"item\":\"https:\\\/\\\/minubaltic.ee\\\/lv\\\/\"},{\"@type\":\"ListItem\",\"position\":2,\"name\":\"E-veikals\",\"item\":\"https:\\\/\\\/minubaltic.ee\\\/lv\\\/e-veikals\\\/\"},{\"@type\":\"ListItem\",\"position\":3,\"name\":\"Bambusa vannas dvielis (dzeltens)\"}]},{\"@type\":\"WebSite\",\"@id\":\"https:\\\/\\\/minubaltic.ee\\\/lv\\\/#website\",\"url\":\"https:\\\/\\\/minubaltic.ee\\\/lv\\\/\",\"name\":\"minubaltic.ee\",\"description\":\"\",\"publisher\":{\"@id\":\"https:\\\/\\\/minubaltic.ee\\\/lv\\\/#organization\"},\"potentialAction\":[{\"@type\":\"SearchAction\",\"target\":{\"@type\":\"EntryPoint\",\"urlTemplate\":\"https:\\\/\\\/minubaltic.ee\\\/lv\\\/?s={search_term_string}\"},\"query-input\":{\"@type\":\"PropertyValueSpecification\",\"valueRequired\":true,\"valueName\":\"search_term_string\"}}],\"inLanguage\":\"lv-LV\"},{\"@type\":\"Organization\",\"@id\":\"https:\\\/\\\/minubaltic.ee\\\/lv\\\/#organization\",\"name\":\"Minu Baltic O\u00dc\",\"url\":\"https:\\\/\\\/minubaltic.ee\\\/lv\\\/\",\"logo\":{\"@type\":\"ImageObject\",\"inLanguage\":\"lv-LV\",\"@id\":\"https:\\\/\\\/minubaltic.ee\\\/lv\\\/#\\\/schema\\\/logo\\\/image\\\/\",\"url\":\"https:\\\/\\\/minubaltic.ee\\\/wp-content\\\/uploads\\\/2023\\\/10\\\/cropped-cropped-cropped-logo.png\",\"contentUrl\":\"https:\\\/\\\/minubaltic.ee\\\/wp-content\\\/uploads\\\/2023\\\/10\\\/cropped-cropped-cropped-logo.png\",\"width\":500,\"height\":237,\"caption\":\"Minu Baltic O\u00dc\"},\"image\":{\"@id\":\"https:\\\/\\\/minubaltic.ee\\\/lv\\\/#\\\/schema\\\/logo\\\/image\\\/\"},\"sameAs\":[\"https:\\\/\\\/www.facebook.com\\\/minubaltic\"]}]}<\/script>\n<!-- \/ Yoast SEO plugin. -->","yoast_head_json":{"title":"Bambusa vannas dvielis (dzeltens) - 100% bambuss","description":"70x140 cm bambusa vannas dvielis ir izgatavots no dab\u012bg\u0101m bambusa \u0161\u0137iedr\u0101m, kas nodro\u0161ina \u012bpa\u0161u maigumu un z\u012bdainu tekst\u016bru.","robots":{"index":"index","follow":"follow","max-snippet":"max-snippet:-1","max-image-preview":"max-image-preview:large","max-video-preview":"max-video-preview:-1"},"canonical":"https:\/\/minubaltic.ee\/lv\/e-pood\/bambusa-dvieli\/bambusa-vannas-dvieli\/bambusa-vannas-dvielis-dzeltens\/","og_locale":"lv_LV","og_type":"article","og_title":"Bambusa vannas dvielis (dzeltens) - 100% bambuss","og_description":"70x140 cm bambusa vannas dvielis ir izgatavots no dab\u012bg\u0101m bambusa \u0161\u0137iedr\u0101m, kas nodro\u0161ina \u012bpa\u0161u maigumu un z\u012bdainu tekst\u016bru.","og_url":"https:\/\/minubaltic.ee\/lv\/e-pood\/bambusa-dvieli\/bambusa-vannas-dvieli\/bambusa-vannas-dvielis-dzeltens\/","article_publisher":"https:\/\/www.facebook.com\/minubaltic","article_modified_time":"2024-07-18T17:33:34+00:00","og_image":[{"width":800,"height":800,"url":"https:\/\/minubaltic.ee\/wp-content\/uploads\/2024\/07\/BAMBUSEST-RATIK-10.jpg","type":"image\/jpeg"}],"twitter_card":"summary_large_image","twitter_misc":{"Est. reading time":"1 minute"},"schema":{"@context":"https:\/\/schema.org","@graph":[{"@type":"WebPage","@id":"https:\/\/minubaltic.ee\/lv\/e-pood\/bambusa-dvieli\/bambusa-vannas-dvieli\/bambusa-vannas-dvielis-dzeltens\/","url":"https:\/\/minubaltic.ee\/lv\/e-pood\/bambusa-dvieli\/bambusa-vannas-dvieli\/bambusa-vannas-dvielis-dzeltens\/","name":"Bambusa vannas dvielis (dzeltens) - 100% bambuss","isPartOf":{"@id":"https:\/\/minubaltic.ee\/lv\/#website"},"primaryImageOfPage":{"@id":"https:\/\/minubaltic.ee\/lv\/e-pood\/bambusa-dvieli\/bambusa-vannas-dvieli\/bambusa-vannas-dvielis-dzeltens\/#primaryimage"},"image":{"@id":"https:\/\/minubaltic.ee\/lv\/e-pood\/bambusa-dvieli\/bambusa-vannas-dvieli\/bambusa-vannas-dvielis-dzeltens\/#primaryimage"},"thumbnailUrl":"https:\/\/minubaltic.ee\/wp-content\/uploads\/2024\/07\/BAMBUSEST-RATIK-10.jpg","datePublished":"2024-07-18T17:18:17+00:00","dateModified":"2024-07-18T17:33:34+00:00","description":"70x140 cm bambusa vannas dvielis ir izgatavots no dab\u012bg\u0101m bambusa \u0161\u0137iedr\u0101m, kas nodro\u0161ina \u012bpa\u0161u maigumu un z\u012bdainu tekst\u016bru.","breadcrumb":{"@id":"https:\/\/minubaltic.ee\/lv\/e-pood\/bambusa-dvieli\/bambusa-vannas-dvieli\/bambusa-vannas-dvielis-dzeltens\/#breadcrumb"},"inLanguage":"lv-LV","potentialAction":[{"@type":"ReadAction","target":["https:\/\/minubaltic.ee\/lv\/e-pood\/bambusa-dvieli\/bambusa-vannas-dvieli\/bambusa-vannas-dvielis-dzeltens\/"]}]},{"@type":"ImageObject","inLanguage":"lv-LV","@id":"https:\/\/minubaltic.ee\/lv\/e-pood\/bambusa-dvieli\/bambusa-vannas-dvieli\/bambusa-vannas-dvielis-dzeltens\/#primaryimage","url":"https:\/\/minubaltic.ee\/wp-content\/uploads\/2024\/07\/BAMBUSEST-RATIK-10.jpg","contentUrl":"https:\/\/minubaltic.ee\/wp-content\/uploads\/2024\/07\/BAMBUSEST-RATIK-10.jpg","width":800,"height":800},{"@type":"BreadcrumbList","@id":"https:\/\/minubaltic.ee\/lv\/e-pood\/bambusa-dvieli\/bambusa-vannas-dvieli\/bambusa-vannas-dvielis-dzeltens\/#breadcrumb","itemListElement":[{"@type":"ListItem","position":1,"name":"S\u0101kums","item":"https:\/\/minubaltic.ee\/lv\/"},{"@type":"ListItem","position":2,"name":"E-veikals","item":"https:\/\/minubaltic.ee\/lv\/e-veikals\/"},{"@type":"ListItem","position":3,"name":"Bambusa vannas dvielis (dzeltens)"}]},{"@type":"WebSite","@id":"https:\/\/minubaltic.ee\/lv\/#website","url":"https:\/\/minubaltic.ee\/lv\/","name":"minubaltic.ee","description":"","publisher":{"@id":"https:\/\/minubaltic.ee\/lv\/#organization"},"potentialAction":[{"@type":"SearchAction","target":{"@type":"EntryPoint","urlTemplate":"https:\/\/minubaltic.ee\/lv\/?s={search_term_string}"},"query-input":{"@type":"PropertyValueSpecification","valueRequired":true,"valueName":"search_term_string"}}],"inLanguage":"lv-LV"},{"@type":"Organization","@id":"https:\/\/minubaltic.ee\/lv\/#organization","name":"Minu Baltic O\u00dc","url":"https:\/\/minubaltic.ee\/lv\/","logo":{"@type":"ImageObject","inLanguage":"lv-LV","@id":"https:\/\/minubaltic.ee\/lv\/#\/schema\/logo\/image\/","url":"https:\/\/minubaltic.ee\/wp-content\/uploads\/2023\/10\/cropped-cropped-cropped-logo.png","contentUrl":"https:\/\/minubaltic.ee\/wp-content\/uploads\/2023\/10\/cropped-cropped-cropped-logo.png","width":500,"height":237,"caption":"Minu Baltic O\u00dc"},"image":{"@id":"https:\/\/minubaltic.ee\/lv\/#\/schema\/logo\/image\/"},"sameAs":["https:\/\/www.facebook.com\/minubaltic"]}]}},"_links":{"self":[{"href":"https:\/\/minubaltic.ee\/lv\/wp-json\/wp\/v2\/product\/30333","targetHints":{"allow":["GET"]}}],"collection":[{"href":"https:\/\/minubaltic.ee\/lv\/wp-json\/wp\/v2\/product"}],"about":[{"href":"https:\/\/minubaltic.ee\/lv\/wp-json\/wp\/v2\/types\/product"}],"replies":[{"embeddable":true,"href":"https:\/\/minubaltic.ee\/lv\/wp-json\/wp\/v2\/comments?post=30333"}],"version-history":[{"count":2,"href":"https:\/\/minubaltic.ee\/lv\/wp-json\/wp\/v2\/product\/30333\/revisions"}],"predecessor-version":[{"id":30366,"href":"https:\/\/minubaltic.ee\/lv\/wp-json\/wp\/v2\/product\/30333\/revisions\/30366"}],"wp:featuredmedia":[{"embeddable":true,"href":"https:\/\/minubaltic.ee\/lv\/wp-json\/wp\/v2\/media\/30339"}],"wp:attachment":[{"href":"https:\/\/minubaltic.ee\/lv\/wp-json\/wp\/v2\/media?parent=30333"}],"wp:term":[{"taxonomy":"product_brand","embeddable":true,"href":"https:\/\/minubaltic.ee\/lv\/wp-json\/wp\/v2\/product_brand?post=30333"},{"taxonomy":"product_cat","embeddable":true,"href":"https:\/\/minubaltic.ee\/lv\/wp-json\/wp\/v2\/product_cat?post=30333"},{"taxonomy":"product_tag","embeddable":true,"href":"https:\/\/minubaltic.ee\/lv\/wp-json\/wp\/v2\/product_tag?post=30333"}],"curies":[{"name":"wp","href":"https:\/\/api.w.org\/{rel}","templated":true}]}}