{"id":29972,"date":"2024-07-14T03:03:20","date_gmt":"2024-07-14T00:03:20","guid":{"rendered":"https:\/\/minubaltic.ee\/?post_type=product&#038;p=29972"},"modified":"2026-03-15T19:17:49","modified_gmt":"2026-03-15T16:17:49","slug":"4-sezonu-sega-2","status":"publish","type":"product","link":"https:\/\/minubaltic.ee\/lv\/e-pood\/segas\/4-sezonu-sega-2\/","title":{"rendered":"4 sezonu sega"},"content":{"rendered":"<ul>\n<li><strong>Da\u013cu skaits:<\/strong> 1<\/li>\n<li><strong>Svars:<\/strong> 3 kg<\/li>\n<li><strong>Izm\u0113ri:<\/strong> 200\u00d7230 cm<\/li>\n<li><strong>Specifik\u0101cija<\/strong>: \u00b15<\/li>\n<li><strong>Sezona:<\/strong> Visas sezonas<\/li>\n<li><strong>Stils<\/strong>: \u0137\u012bnie\u0161u<\/li>\n<li><strong>Papildus inform\u0101cija:<\/strong> \u012bpa\u0161i m\u012bksts, \u0113rts, biezs, silts, elpojo\u0161s<\/li>\n<li>Produktu att\u0113li ir ilustrat\u012bvi<\/li>\n<\/ul>\n","protected":false},"excerpt":{"rendered":"<p>\u2740 Segas audums ir mat\u0113ta kokvilna, kas ir m\u012bksta un pat\u012bkama uz tausti. Tas nerada diskomfortu \u0137ermenim, neizbal\u0113 un ir \u012bpa\u0161i paredz\u0113ts seg\u0101m.<br \/>\n\u2740 Izv\u0113l\u0113t\u0101 kokvilna ir z\u012bdaina un maiga. Tas ir m\u012bksts uz tausti, mitrumu absorb\u0113jo\u0161s un elpojo\u0161s un nesaraujas.<\/p>\n","protected":false},"featured_media":29978,"comment_status":"open","ping_status":"closed","template":"","meta":[],"product_brand":[],"product_cat":[451,453],"product_tag":[459,460,465,464,466],"class_list":{"0":"post-29972","1":"product","2":"type-product","3":"status-publish","4":"has-post-thumbnail","6":"product_cat-segas","7":"product_cat-segas-200-230","8":"product_tag-e-komercija","9":"product_tag-e-veikals","10":"product_tag-sega","11":"product_tag-segas","12":"product_tag-tekstils","14":"first","15":"outofstock","16":"shipping-taxable","17":"purchasable","18":"product-type-simple"},"yoast_head":"<!-- This site is optimized with the Yoast SEO plugin v27.4 - https:\/\/yoast.com\/product\/yoast-seo-wordpress\/ -->\n<title>4 sezonu sega - Segas un spilveni<\/title>\n<meta name=\"description\" content=\"\u010cetru sezonu sega ir piem\u0113rota lieto\u0161anai visu gadu, nodro\u0161inot optim\u0101lu komfortu vasar\u0101 un ziem\u0101. Izgatavots no augstas kvalit\u0101tes materi\u0101liem\" \/>\n<meta name=\"robots\" content=\"index, follow, max-snippet:-1, max-image-preview:large, max-video-preview:-1\" \/>\n<link rel=\"canonical\" href=\"https:\/\/minubaltic.ee\/lv\/e-pood\/segas\/4-sezonu-sega-2\/\" \/>\n<meta property=\"og:locale\" content=\"lv_LV\" \/>\n<meta property=\"og:type\" content=\"article\" \/>\n<meta property=\"og:title\" content=\"4 sezonu sega - Segas un spilveni\" \/>\n<meta property=\"og:description\" content=\"\u010cetru sezonu sega ir piem\u0113rota lieto\u0161anai visu gadu, nodro\u0161inot optim\u0101lu komfortu vasar\u0101 un ziem\u0101. Izgatavots no augstas kvalit\u0101tes materi\u0101liem\" \/>\n<meta property=\"og:url\" content=\"https:\/\/minubaltic.ee\/lv\/e-pood\/segas\/4-sezonu-sega-2\/\" \/>\n<meta property=\"article:publisher\" content=\"https:\/\/www.facebook.com\/minubaltic\" \/>\n<meta property=\"article:modified_time\" content=\"2026-03-15T16:17:49+00:00\" \/>\n<meta property=\"og:image\" content=\"https:\/\/minubaltic.ee\/wp-content\/uploads\/2024\/07\/4-hooaja-tekk-5.jpg\" \/>\n\t<meta property=\"og:image:width\" content=\"650\" \/>\n\t<meta property=\"og:image:height\" content=\"650\" \/>\n\t<meta property=\"og:image:type\" content=\"image\/jpeg\" \/>\n<meta name=\"twitter:card\" content=\"summary_large_image\" \/>\n<meta name=\"twitter:label1\" content=\"Est. reading time\" \/>\n\t<meta name=\"twitter:data1\" content=\"1 minute\" \/>\n<script type=\"application\/ld+json\" class=\"yoast-schema-graph\">{\"@context\":\"https:\\\/\\\/schema.org\",\"@graph\":[{\"@type\":\"WebPage\",\"@id\":\"https:\\\/\\\/minubaltic.ee\\\/lv\\\/e-pood\\\/segas\\\/4-sezonu-sega-2\\\/\",\"url\":\"https:\\\/\\\/minubaltic.ee\\\/lv\\\/e-pood\\\/segas\\\/4-sezonu-sega-2\\\/\",\"name\":\"4 sezonu sega - Segas un spilveni\",\"isPartOf\":{\"@id\":\"https:\\\/\\\/minubaltic.ee\\\/lv\\\/#website\"},\"primaryImageOfPage\":{\"@id\":\"https:\\\/\\\/minubaltic.ee\\\/lv\\\/e-pood\\\/segas\\\/4-sezonu-sega-2\\\/#primaryimage\"},\"image\":{\"@id\":\"https:\\\/\\\/minubaltic.ee\\\/lv\\\/e-pood\\\/segas\\\/4-sezonu-sega-2\\\/#primaryimage\"},\"thumbnailUrl\":\"https:\\\/\\\/minubaltic.ee\\\/wp-content\\\/uploads\\\/2024\\\/07\\\/4-hooaja-tekk-5.jpg\",\"datePublished\":\"2024-07-14T00:03:20+00:00\",\"dateModified\":\"2026-03-15T16:17:49+00:00\",\"description\":\"\u010cetru sezonu sega ir piem\u0113rota lieto\u0161anai visu gadu, nodro\u0161inot optim\u0101lu komfortu vasar\u0101 un ziem\u0101. Izgatavots no augstas kvalit\u0101tes materi\u0101liem\",\"breadcrumb\":{\"@id\":\"https:\\\/\\\/minubaltic.ee\\\/lv\\\/e-pood\\\/segas\\\/4-sezonu-sega-2\\\/#breadcrumb\"},\"inLanguage\":\"lv-LV\",\"potentialAction\":[{\"@type\":\"ReadAction\",\"target\":[\"https:\\\/\\\/minubaltic.ee\\\/lv\\\/e-pood\\\/segas\\\/4-sezonu-sega-2\\\/\"]}]},{\"@type\":\"ImageObject\",\"inLanguage\":\"lv-LV\",\"@id\":\"https:\\\/\\\/minubaltic.ee\\\/lv\\\/e-pood\\\/segas\\\/4-sezonu-sega-2\\\/#primaryimage\",\"url\":\"https:\\\/\\\/minubaltic.ee\\\/wp-content\\\/uploads\\\/2024\\\/07\\\/4-hooaja-tekk-5.jpg\",\"contentUrl\":\"https:\\\/\\\/minubaltic.ee\\\/wp-content\\\/uploads\\\/2024\\\/07\\\/4-hooaja-tekk-5.jpg\",\"width\":650,\"height\":650},{\"@type\":\"BreadcrumbList\",\"@id\":\"https:\\\/\\\/minubaltic.ee\\\/lv\\\/e-pood\\\/segas\\\/4-sezonu-sega-2\\\/#breadcrumb\",\"itemListElement\":[{\"@type\":\"ListItem\",\"position\":1,\"name\":\"S\u0101kums\",\"item\":\"https:\\\/\\\/minubaltic.ee\\\/lv\\\/\"},{\"@type\":\"ListItem\",\"position\":2,\"name\":\"E-veikals\",\"item\":\"https:\\\/\\\/minubaltic.ee\\\/lv\\\/e-veikals\\\/\"},{\"@type\":\"ListItem\",\"position\":3,\"name\":\"4 sezonu sega\"}]},{\"@type\":\"WebSite\",\"@id\":\"https:\\\/\\\/minubaltic.ee\\\/lv\\\/#website\",\"url\":\"https:\\\/\\\/minubaltic.ee\\\/lv\\\/\",\"name\":\"minubaltic.ee\",\"description\":\"\",\"publisher\":{\"@id\":\"https:\\\/\\\/minubaltic.ee\\\/lv\\\/#organization\"},\"potentialAction\":[{\"@type\":\"SearchAction\",\"target\":{\"@type\":\"EntryPoint\",\"urlTemplate\":\"https:\\\/\\\/minubaltic.ee\\\/lv\\\/?s={search_term_string}\"},\"query-input\":{\"@type\":\"PropertyValueSpecification\",\"valueRequired\":true,\"valueName\":\"search_term_string\"}}],\"inLanguage\":\"lv-LV\"},{\"@type\":\"Organization\",\"@id\":\"https:\\\/\\\/minubaltic.ee\\\/lv\\\/#organization\",\"name\":\"Minu Baltic O\u00dc\",\"url\":\"https:\\\/\\\/minubaltic.ee\\\/lv\\\/\",\"logo\":{\"@type\":\"ImageObject\",\"inLanguage\":\"lv-LV\",\"@id\":\"https:\\\/\\\/minubaltic.ee\\\/lv\\\/#\\\/schema\\\/logo\\\/image\\\/\",\"url\":\"https:\\\/\\\/minubaltic.ee\\\/wp-content\\\/uploads\\\/2023\\\/10\\\/cropped-cropped-cropped-logo.png\",\"contentUrl\":\"https:\\\/\\\/minubaltic.ee\\\/wp-content\\\/uploads\\\/2023\\\/10\\\/cropped-cropped-cropped-logo.png\",\"width\":500,\"height\":237,\"caption\":\"Minu Baltic O\u00dc\"},\"image\":{\"@id\":\"https:\\\/\\\/minubaltic.ee\\\/lv\\\/#\\\/schema\\\/logo\\\/image\\\/\"},\"sameAs\":[\"https:\\\/\\\/www.facebook.com\\\/minubaltic\"]}]}<\/script>\n<!-- \/ Yoast SEO plugin. -->","yoast_head_json":{"title":"4 sezonu sega - Segas un spilveni","description":"\u010cetru sezonu sega ir piem\u0113rota lieto\u0161anai visu gadu, nodro\u0161inot optim\u0101lu komfortu vasar\u0101 un ziem\u0101. Izgatavots no augstas kvalit\u0101tes materi\u0101liem","robots":{"index":"index","follow":"follow","max-snippet":"max-snippet:-1","max-image-preview":"max-image-preview:large","max-video-preview":"max-video-preview:-1"},"canonical":"https:\/\/minubaltic.ee\/lv\/e-pood\/segas\/4-sezonu-sega-2\/","og_locale":"lv_LV","og_type":"article","og_title":"4 sezonu sega - Segas un spilveni","og_description":"\u010cetru sezonu sega ir piem\u0113rota lieto\u0161anai visu gadu, nodro\u0161inot optim\u0101lu komfortu vasar\u0101 un ziem\u0101. Izgatavots no augstas kvalit\u0101tes materi\u0101liem","og_url":"https:\/\/minubaltic.ee\/lv\/e-pood\/segas\/4-sezonu-sega-2\/","article_publisher":"https:\/\/www.facebook.com\/minubaltic","article_modified_time":"2026-03-15T16:17:49+00:00","og_image":[{"width":650,"height":650,"url":"https:\/\/minubaltic.ee\/wp-content\/uploads\/2024\/07\/4-hooaja-tekk-5.jpg","type":"image\/jpeg"}],"twitter_card":"summary_large_image","twitter_misc":{"Est. reading time":"1 minute"},"schema":{"@context":"https:\/\/schema.org","@graph":[{"@type":"WebPage","@id":"https:\/\/minubaltic.ee\/lv\/e-pood\/segas\/4-sezonu-sega-2\/","url":"https:\/\/minubaltic.ee\/lv\/e-pood\/segas\/4-sezonu-sega-2\/","name":"4 sezonu sega - Segas un spilveni","isPartOf":{"@id":"https:\/\/minubaltic.ee\/lv\/#website"},"primaryImageOfPage":{"@id":"https:\/\/minubaltic.ee\/lv\/e-pood\/segas\/4-sezonu-sega-2\/#primaryimage"},"image":{"@id":"https:\/\/minubaltic.ee\/lv\/e-pood\/segas\/4-sezonu-sega-2\/#primaryimage"},"thumbnailUrl":"https:\/\/minubaltic.ee\/wp-content\/uploads\/2024\/07\/4-hooaja-tekk-5.jpg","datePublished":"2024-07-14T00:03:20+00:00","dateModified":"2026-03-15T16:17:49+00:00","description":"\u010cetru sezonu sega ir piem\u0113rota lieto\u0161anai visu gadu, nodro\u0161inot optim\u0101lu komfortu vasar\u0101 un ziem\u0101. Izgatavots no augstas kvalit\u0101tes materi\u0101liem","breadcrumb":{"@id":"https:\/\/minubaltic.ee\/lv\/e-pood\/segas\/4-sezonu-sega-2\/#breadcrumb"},"inLanguage":"lv-LV","potentialAction":[{"@type":"ReadAction","target":["https:\/\/minubaltic.ee\/lv\/e-pood\/segas\/4-sezonu-sega-2\/"]}]},{"@type":"ImageObject","inLanguage":"lv-LV","@id":"https:\/\/minubaltic.ee\/lv\/e-pood\/segas\/4-sezonu-sega-2\/#primaryimage","url":"https:\/\/minubaltic.ee\/wp-content\/uploads\/2024\/07\/4-hooaja-tekk-5.jpg","contentUrl":"https:\/\/minubaltic.ee\/wp-content\/uploads\/2024\/07\/4-hooaja-tekk-5.jpg","width":650,"height":650},{"@type":"BreadcrumbList","@id":"https:\/\/minubaltic.ee\/lv\/e-pood\/segas\/4-sezonu-sega-2\/#breadcrumb","itemListElement":[{"@type":"ListItem","position":1,"name":"S\u0101kums","item":"https:\/\/minubaltic.ee\/lv\/"},{"@type":"ListItem","position":2,"name":"E-veikals","item":"https:\/\/minubaltic.ee\/lv\/e-veikals\/"},{"@type":"ListItem","position":3,"name":"4 sezonu sega"}]},{"@type":"WebSite","@id":"https:\/\/minubaltic.ee\/lv\/#website","url":"https:\/\/minubaltic.ee\/lv\/","name":"minubaltic.ee","description":"","publisher":{"@id":"https:\/\/minubaltic.ee\/lv\/#organization"},"potentialAction":[{"@type":"SearchAction","target":{"@type":"EntryPoint","urlTemplate":"https:\/\/minubaltic.ee\/lv\/?s={search_term_string}"},"query-input":{"@type":"PropertyValueSpecification","valueRequired":true,"valueName":"search_term_string"}}],"inLanguage":"lv-LV"},{"@type":"Organization","@id":"https:\/\/minubaltic.ee\/lv\/#organization","name":"Minu Baltic O\u00dc","url":"https:\/\/minubaltic.ee\/lv\/","logo":{"@type":"ImageObject","inLanguage":"lv-LV","@id":"https:\/\/minubaltic.ee\/lv\/#\/schema\/logo\/image\/","url":"https:\/\/minubaltic.ee\/wp-content\/uploads\/2023\/10\/cropped-cropped-cropped-logo.png","contentUrl":"https:\/\/minubaltic.ee\/wp-content\/uploads\/2023\/10\/cropped-cropped-cropped-logo.png","width":500,"height":237,"caption":"Minu Baltic O\u00dc"},"image":{"@id":"https:\/\/minubaltic.ee\/lv\/#\/schema\/logo\/image\/"},"sameAs":["https:\/\/www.facebook.com\/minubaltic"]}]}},"_links":{"self":[{"href":"https:\/\/minubaltic.ee\/lv\/wp-json\/wp\/v2\/product\/29972","targetHints":{"allow":["GET"]}}],"collection":[{"href":"https:\/\/minubaltic.ee\/lv\/wp-json\/wp\/v2\/product"}],"about":[{"href":"https:\/\/minubaltic.ee\/lv\/wp-json\/wp\/v2\/types\/product"}],"replies":[{"embeddable":true,"href":"https:\/\/minubaltic.ee\/lv\/wp-json\/wp\/v2\/comments?post=29972"}],"version-history":[{"count":2,"href":"https:\/\/minubaltic.ee\/lv\/wp-json\/wp\/v2\/product\/29972\/revisions"}],"predecessor-version":[{"id":30001,"href":"https:\/\/minubaltic.ee\/lv\/wp-json\/wp\/v2\/product\/29972\/revisions\/30001"}],"wp:featuredmedia":[{"embeddable":true,"href":"https:\/\/minubaltic.ee\/lv\/wp-json\/wp\/v2\/media\/29978"}],"wp:attachment":[{"href":"https:\/\/minubaltic.ee\/lv\/wp-json\/wp\/v2\/media?parent=29972"}],"wp:term":[{"taxonomy":"product_brand","embeddable":true,"href":"https:\/\/minubaltic.ee\/lv\/wp-json\/wp\/v2\/product_brand?post=29972"},{"taxonomy":"product_cat","embeddable":true,"href":"https:\/\/minubaltic.ee\/lv\/wp-json\/wp\/v2\/product_cat?post=29972"},{"taxonomy":"product_tag","embeddable":true,"href":"https:\/\/minubaltic.ee\/lv\/wp-json\/wp\/v2\/product_tag?post=29972"}],"curies":[{"name":"wp","href":"https:\/\/api.w.org\/{rel}","templated":true}]}}