{"id":29851,"date":"2024-07-10T19:45:43","date_gmt":"2024-07-10T16:45:43","guid":{"rendered":"https:\/\/minubaltic.ee\/?post_type=product&#038;p=29851"},"modified":"2024-07-10T19:56:56","modified_gmt":"2024-07-10T16:56:56","slug":"mikroskiedras-gultas-velas-komplekts-200x230cm-3dal-6","status":"publish","type":"product","link":"https:\/\/minubaltic.ee\/lv\/e-pood\/mikroskiedras-gultas-vela\/mikroskiedras-gultas-velas-komplekti\/mikroskiedras-gultas-velas-komplekts-200x230cm-3dal-6\/","title":{"rendered":"Mikro\u0161\u0137iedras gultas ve\u013cas komplekts 200x230cm 3da\u013c"},"content":{"rendered":"<ul>\n<li><span class=\"product-attribute__label\"><strong>Audums:<\/strong> 100% mikro\u0161\u0137iedra<\/span><\/li>\n<li><strong>Segas p\u0101rvalka<span class=\"product-attribute__label\">:<\/span><\/strong> 200\u00d7230<\/li>\n<li><strong>Spilvendr\u0101nu<span class=\"product-attribute__label\">:<\/span><\/strong> 50\u00d775 (2 gab.)<\/li>\n<li>Produktu att\u0113li ir ilustrat\u012bvi<\/li>\n<\/ul>\n","protected":false},"excerpt":{"rendered":"<p>Mikro\u0161\u0137iedras gultas ve\u013cas komplekts ir izgatavots no speci\u0101la mikro\u0161\u0137iedras auduma, kas paredz\u0113ts, lai nov\u0113rstu bakt\u0113riju un bakt\u0113riju uzkr\u0101\u0161anos uz gultas ve\u013cas. Tas pasarg\u0101 no net\u012brumiem, traipiem un nepat\u012bkam\u0101m smak\u0101m un pal\u012bdz ilg\u0101k saglab\u0101t gultas ve\u013cu svaigu un t\u012bru.<\/p>\n","protected":false},"featured_media":29750,"comment_status":"open","ping_status":"closed","template":"","meta":[],"product_brand":[],"product_cat":[455,618,613,773,779],"product_tag":[459,460,467,466],"class_list":{"0":"post-29851","1":"product","2":"type-product","3":"status-publish","4":"has-post-thumbnail","6":"product_cat-gultas-vela","7":"product_cat-gultas-velas-komplekti","8":"product_cat-gultas-velas-komplekti-200-230","9":"product_cat-mikroskiedras-gultas-vela","10":"product_cat-mikroskiedras-gultas-velas-komplekti","11":"product_tag-e-komercija","12":"product_tag-e-veikals","13":"product_tag-gultas-vela","14":"product_tag-tekstils","16":"first","17":"outofstock","18":"sale","19":"shipping-taxable","20":"purchasable","21":"product-type-simple"},"yoast_head":"<!-- This site is optimized with the Yoast SEO plugin v27.3 - https:\/\/yoast.com\/product\/yoast-seo-wordpress\/ -->\n<title>Mikro\u0161\u0137iedras gultas ve\u013cas komplekts 200x230cm 3da\u013c - Minu Baltic<\/title>\n<meta name=\"description\" content=\"Mikro\u0161\u0137iedras gultas ve\u013cas komplekts ir izgatavots no speci\u0101la mikro\u0161\u0137iedras auduma, kas paredz\u0113ts, lai nov\u0113rstu bakt\u0113riju un bakt\u0113riju uzkr\u0101\u0161anos uz gultas\" \/>\n<meta name=\"robots\" content=\"index, follow, max-snippet:-1, max-image-preview:large, max-video-preview:-1\" \/>\n<link rel=\"canonical\" href=\"https:\/\/minubaltic.ee\/lv\/e-pood\/mikroskiedras-gultas-vela\/mikroskiedras-gultas-velas-komplekti\/mikroskiedras-gultas-velas-komplekts-200x230cm-3dal-6\/\" \/>\n<meta property=\"og:locale\" content=\"lv_LV\" \/>\n<meta property=\"og:type\" content=\"article\" \/>\n<meta property=\"og:title\" content=\"Mikro\u0161\u0137iedras gultas ve\u013cas komplekts 200x230cm 3da\u013c - Minu Baltic\" \/>\n<meta property=\"og:description\" content=\"Mikro\u0161\u0137iedras gultas ve\u013cas komplekts ir izgatavots no speci\u0101la mikro\u0161\u0137iedras auduma, kas paredz\u0113ts, lai nov\u0113rstu bakt\u0113riju un bakt\u0113riju uzkr\u0101\u0161anos uz gultas\" \/>\n<meta property=\"og:url\" content=\"https:\/\/minubaltic.ee\/lv\/e-pood\/mikroskiedras-gultas-vela\/mikroskiedras-gultas-velas-komplekti\/mikroskiedras-gultas-velas-komplekts-200x230cm-3dal-6\/\" \/>\n<meta property=\"article:publisher\" content=\"https:\/\/www.facebook.com\/minubaltic\" \/>\n<meta property=\"article:modified_time\" content=\"2024-07-10T16:56:56+00:00\" \/>\n<meta property=\"og:image\" content=\"https:\/\/minubaltic.ee\/wp-content\/uploads\/2024\/07\/Mikrofiibrist-voodipesukomplektid-7.jpg\" \/>\n\t<meta property=\"og:image:width\" content=\"650\" \/>\n\t<meta property=\"og:image:height\" content=\"650\" \/>\n\t<meta property=\"og:image:type\" content=\"image\/jpeg\" \/>\n<meta name=\"twitter:card\" content=\"summary_large_image\" \/>\n<meta name=\"twitter:label1\" content=\"Est. reading time\" \/>\n\t<meta name=\"twitter:data1\" content=\"1 minute\" \/>\n<script type=\"application\/ld+json\" class=\"yoast-schema-graph\">{\"@context\":\"https:\\\/\\\/schema.org\",\"@graph\":[{\"@type\":\"WebPage\",\"@id\":\"https:\\\/\\\/minubaltic.ee\\\/lv\\\/e-pood\\\/mikroskiedras-gultas-vela\\\/mikroskiedras-gultas-velas-komplekti\\\/mikroskiedras-gultas-velas-komplekts-200x230cm-3dal-6\\\/\",\"url\":\"https:\\\/\\\/minubaltic.ee\\\/lv\\\/e-pood\\\/mikroskiedras-gultas-vela\\\/mikroskiedras-gultas-velas-komplekti\\\/mikroskiedras-gultas-velas-komplekts-200x230cm-3dal-6\\\/\",\"name\":\"Mikro\u0161\u0137iedras gultas ve\u013cas komplekts 200x230cm 3da\u013c - Minu Baltic\",\"isPartOf\":{\"@id\":\"https:\\\/\\\/minubaltic.ee\\\/lv\\\/#website\"},\"primaryImageOfPage\":{\"@id\":\"https:\\\/\\\/minubaltic.ee\\\/lv\\\/e-pood\\\/mikroskiedras-gultas-vela\\\/mikroskiedras-gultas-velas-komplekti\\\/mikroskiedras-gultas-velas-komplekts-200x230cm-3dal-6\\\/#primaryimage\"},\"image\":{\"@id\":\"https:\\\/\\\/minubaltic.ee\\\/lv\\\/e-pood\\\/mikroskiedras-gultas-vela\\\/mikroskiedras-gultas-velas-komplekti\\\/mikroskiedras-gultas-velas-komplekts-200x230cm-3dal-6\\\/#primaryimage\"},\"thumbnailUrl\":\"https:\\\/\\\/minubaltic.ee\\\/wp-content\\\/uploads\\\/2024\\\/07\\\/Mikrofiibrist-voodipesukomplektid-7.jpg\",\"datePublished\":\"2024-07-10T16:45:43+00:00\",\"dateModified\":\"2024-07-10T16:56:56+00:00\",\"description\":\"Mikro\u0161\u0137iedras gultas ve\u013cas komplekts ir izgatavots no speci\u0101la mikro\u0161\u0137iedras auduma, kas paredz\u0113ts, lai nov\u0113rstu bakt\u0113riju un bakt\u0113riju uzkr\u0101\u0161anos uz gultas\",\"breadcrumb\":{\"@id\":\"https:\\\/\\\/minubaltic.ee\\\/lv\\\/e-pood\\\/mikroskiedras-gultas-vela\\\/mikroskiedras-gultas-velas-komplekti\\\/mikroskiedras-gultas-velas-komplekts-200x230cm-3dal-6\\\/#breadcrumb\"},\"inLanguage\":\"lv-LV\",\"potentialAction\":[{\"@type\":\"ReadAction\",\"target\":[\"https:\\\/\\\/minubaltic.ee\\\/lv\\\/e-pood\\\/mikroskiedras-gultas-vela\\\/mikroskiedras-gultas-velas-komplekti\\\/mikroskiedras-gultas-velas-komplekts-200x230cm-3dal-6\\\/\"]}]},{\"@type\":\"ImageObject\",\"inLanguage\":\"lv-LV\",\"@id\":\"https:\\\/\\\/minubaltic.ee\\\/lv\\\/e-pood\\\/mikroskiedras-gultas-vela\\\/mikroskiedras-gultas-velas-komplekti\\\/mikroskiedras-gultas-velas-komplekts-200x230cm-3dal-6\\\/#primaryimage\",\"url\":\"https:\\\/\\\/minubaltic.ee\\\/wp-content\\\/uploads\\\/2024\\\/07\\\/Mikrofiibrist-voodipesukomplektid-7.jpg\",\"contentUrl\":\"https:\\\/\\\/minubaltic.ee\\\/wp-content\\\/uploads\\\/2024\\\/07\\\/Mikrofiibrist-voodipesukomplektid-7.jpg\",\"width\":650,\"height\":650},{\"@type\":\"BreadcrumbList\",\"@id\":\"https:\\\/\\\/minubaltic.ee\\\/lv\\\/e-pood\\\/mikroskiedras-gultas-vela\\\/mikroskiedras-gultas-velas-komplekti\\\/mikroskiedras-gultas-velas-komplekts-200x230cm-3dal-6\\\/#breadcrumb\",\"itemListElement\":[{\"@type\":\"ListItem\",\"position\":1,\"name\":\"S\u0101kums\",\"item\":\"https:\\\/\\\/minubaltic.ee\\\/lv\\\/\"},{\"@type\":\"ListItem\",\"position\":2,\"name\":\"E-veikals\",\"item\":\"https:\\\/\\\/minubaltic.ee\\\/lv\\\/e-veikals\\\/\"},{\"@type\":\"ListItem\",\"position\":3,\"name\":\"Mikro\u0161\u0137iedras gultas ve\u013cas komplekts 200x230cm 3da\u013c\"}]},{\"@type\":\"WebSite\",\"@id\":\"https:\\\/\\\/minubaltic.ee\\\/lv\\\/#website\",\"url\":\"https:\\\/\\\/minubaltic.ee\\\/lv\\\/\",\"name\":\"minubaltic.ee\",\"description\":\"\",\"publisher\":{\"@id\":\"https:\\\/\\\/minubaltic.ee\\\/lv\\\/#organization\"},\"potentialAction\":[{\"@type\":\"SearchAction\",\"target\":{\"@type\":\"EntryPoint\",\"urlTemplate\":\"https:\\\/\\\/minubaltic.ee\\\/lv\\\/?s={search_term_string}\"},\"query-input\":{\"@type\":\"PropertyValueSpecification\",\"valueRequired\":true,\"valueName\":\"search_term_string\"}}],\"inLanguage\":\"lv-LV\"},{\"@type\":\"Organization\",\"@id\":\"https:\\\/\\\/minubaltic.ee\\\/lv\\\/#organization\",\"name\":\"Minu Baltic O\u00dc\",\"url\":\"https:\\\/\\\/minubaltic.ee\\\/lv\\\/\",\"logo\":{\"@type\":\"ImageObject\",\"inLanguage\":\"lv-LV\",\"@id\":\"https:\\\/\\\/minubaltic.ee\\\/lv\\\/#\\\/schema\\\/logo\\\/image\\\/\",\"url\":\"https:\\\/\\\/minubaltic.ee\\\/wp-content\\\/uploads\\\/2023\\\/10\\\/cropped-cropped-cropped-logo.png\",\"contentUrl\":\"https:\\\/\\\/minubaltic.ee\\\/wp-content\\\/uploads\\\/2023\\\/10\\\/cropped-cropped-cropped-logo.png\",\"width\":500,\"height\":237,\"caption\":\"Minu Baltic O\u00dc\"},\"image\":{\"@id\":\"https:\\\/\\\/minubaltic.ee\\\/lv\\\/#\\\/schema\\\/logo\\\/image\\\/\"},\"sameAs\":[\"https:\\\/\\\/www.facebook.com\\\/minubaltic\"]}]}<\/script>\n<!-- \/ Yoast SEO plugin. -->","yoast_head_json":{"title":"Mikro\u0161\u0137iedras gultas ve\u013cas komplekts 200x230cm 3da\u013c - Minu Baltic","description":"Mikro\u0161\u0137iedras gultas ve\u013cas komplekts ir izgatavots no speci\u0101la mikro\u0161\u0137iedras auduma, kas paredz\u0113ts, lai nov\u0113rstu bakt\u0113riju un bakt\u0113riju uzkr\u0101\u0161anos uz gultas","robots":{"index":"index","follow":"follow","max-snippet":"max-snippet:-1","max-image-preview":"max-image-preview:large","max-video-preview":"max-video-preview:-1"},"canonical":"https:\/\/minubaltic.ee\/lv\/e-pood\/mikroskiedras-gultas-vela\/mikroskiedras-gultas-velas-komplekti\/mikroskiedras-gultas-velas-komplekts-200x230cm-3dal-6\/","og_locale":"lv_LV","og_type":"article","og_title":"Mikro\u0161\u0137iedras gultas ve\u013cas komplekts 200x230cm 3da\u013c - Minu Baltic","og_description":"Mikro\u0161\u0137iedras gultas ve\u013cas komplekts ir izgatavots no speci\u0101la mikro\u0161\u0137iedras auduma, kas paredz\u0113ts, lai nov\u0113rstu bakt\u0113riju un bakt\u0113riju uzkr\u0101\u0161anos uz gultas","og_url":"https:\/\/minubaltic.ee\/lv\/e-pood\/mikroskiedras-gultas-vela\/mikroskiedras-gultas-velas-komplekti\/mikroskiedras-gultas-velas-komplekts-200x230cm-3dal-6\/","article_publisher":"https:\/\/www.facebook.com\/minubaltic","article_modified_time":"2024-07-10T16:56:56+00:00","og_image":[{"width":650,"height":650,"url":"https:\/\/minubaltic.ee\/wp-content\/uploads\/2024\/07\/Mikrofiibrist-voodipesukomplektid-7.jpg","type":"image\/jpeg"}],"twitter_card":"summary_large_image","twitter_misc":{"Est. reading time":"1 minute"},"schema":{"@context":"https:\/\/schema.org","@graph":[{"@type":"WebPage","@id":"https:\/\/minubaltic.ee\/lv\/e-pood\/mikroskiedras-gultas-vela\/mikroskiedras-gultas-velas-komplekti\/mikroskiedras-gultas-velas-komplekts-200x230cm-3dal-6\/","url":"https:\/\/minubaltic.ee\/lv\/e-pood\/mikroskiedras-gultas-vela\/mikroskiedras-gultas-velas-komplekti\/mikroskiedras-gultas-velas-komplekts-200x230cm-3dal-6\/","name":"Mikro\u0161\u0137iedras gultas ve\u013cas komplekts 200x230cm 3da\u013c - Minu Baltic","isPartOf":{"@id":"https:\/\/minubaltic.ee\/lv\/#website"},"primaryImageOfPage":{"@id":"https:\/\/minubaltic.ee\/lv\/e-pood\/mikroskiedras-gultas-vela\/mikroskiedras-gultas-velas-komplekti\/mikroskiedras-gultas-velas-komplekts-200x230cm-3dal-6\/#primaryimage"},"image":{"@id":"https:\/\/minubaltic.ee\/lv\/e-pood\/mikroskiedras-gultas-vela\/mikroskiedras-gultas-velas-komplekti\/mikroskiedras-gultas-velas-komplekts-200x230cm-3dal-6\/#primaryimage"},"thumbnailUrl":"https:\/\/minubaltic.ee\/wp-content\/uploads\/2024\/07\/Mikrofiibrist-voodipesukomplektid-7.jpg","datePublished":"2024-07-10T16:45:43+00:00","dateModified":"2024-07-10T16:56:56+00:00","description":"Mikro\u0161\u0137iedras gultas ve\u013cas komplekts ir izgatavots no speci\u0101la mikro\u0161\u0137iedras auduma, kas paredz\u0113ts, lai nov\u0113rstu bakt\u0113riju un bakt\u0113riju uzkr\u0101\u0161anos uz gultas","breadcrumb":{"@id":"https:\/\/minubaltic.ee\/lv\/e-pood\/mikroskiedras-gultas-vela\/mikroskiedras-gultas-velas-komplekti\/mikroskiedras-gultas-velas-komplekts-200x230cm-3dal-6\/#breadcrumb"},"inLanguage":"lv-LV","potentialAction":[{"@type":"ReadAction","target":["https:\/\/minubaltic.ee\/lv\/e-pood\/mikroskiedras-gultas-vela\/mikroskiedras-gultas-velas-komplekti\/mikroskiedras-gultas-velas-komplekts-200x230cm-3dal-6\/"]}]},{"@type":"ImageObject","inLanguage":"lv-LV","@id":"https:\/\/minubaltic.ee\/lv\/e-pood\/mikroskiedras-gultas-vela\/mikroskiedras-gultas-velas-komplekti\/mikroskiedras-gultas-velas-komplekts-200x230cm-3dal-6\/#primaryimage","url":"https:\/\/minubaltic.ee\/wp-content\/uploads\/2024\/07\/Mikrofiibrist-voodipesukomplektid-7.jpg","contentUrl":"https:\/\/minubaltic.ee\/wp-content\/uploads\/2024\/07\/Mikrofiibrist-voodipesukomplektid-7.jpg","width":650,"height":650},{"@type":"BreadcrumbList","@id":"https:\/\/minubaltic.ee\/lv\/e-pood\/mikroskiedras-gultas-vela\/mikroskiedras-gultas-velas-komplekti\/mikroskiedras-gultas-velas-komplekts-200x230cm-3dal-6\/#breadcrumb","itemListElement":[{"@type":"ListItem","position":1,"name":"S\u0101kums","item":"https:\/\/minubaltic.ee\/lv\/"},{"@type":"ListItem","position":2,"name":"E-veikals","item":"https:\/\/minubaltic.ee\/lv\/e-veikals\/"},{"@type":"ListItem","position":3,"name":"Mikro\u0161\u0137iedras gultas ve\u013cas komplekts 200x230cm 3da\u013c"}]},{"@type":"WebSite","@id":"https:\/\/minubaltic.ee\/lv\/#website","url":"https:\/\/minubaltic.ee\/lv\/","name":"minubaltic.ee","description":"","publisher":{"@id":"https:\/\/minubaltic.ee\/lv\/#organization"},"potentialAction":[{"@type":"SearchAction","target":{"@type":"EntryPoint","urlTemplate":"https:\/\/minubaltic.ee\/lv\/?s={search_term_string}"},"query-input":{"@type":"PropertyValueSpecification","valueRequired":true,"valueName":"search_term_string"}}],"inLanguage":"lv-LV"},{"@type":"Organization","@id":"https:\/\/minubaltic.ee\/lv\/#organization","name":"Minu Baltic O\u00dc","url":"https:\/\/minubaltic.ee\/lv\/","logo":{"@type":"ImageObject","inLanguage":"lv-LV","@id":"https:\/\/minubaltic.ee\/lv\/#\/schema\/logo\/image\/","url":"https:\/\/minubaltic.ee\/wp-content\/uploads\/2023\/10\/cropped-cropped-cropped-logo.png","contentUrl":"https:\/\/minubaltic.ee\/wp-content\/uploads\/2023\/10\/cropped-cropped-cropped-logo.png","width":500,"height":237,"caption":"Minu Baltic O\u00dc"},"image":{"@id":"https:\/\/minubaltic.ee\/lv\/#\/schema\/logo\/image\/"},"sameAs":["https:\/\/www.facebook.com\/minubaltic"]}]}},"_links":{"self":[{"href":"https:\/\/minubaltic.ee\/lv\/wp-json\/wp\/v2\/product\/29851","targetHints":{"allow":["GET"]}}],"collection":[{"href":"https:\/\/minubaltic.ee\/lv\/wp-json\/wp\/v2\/product"}],"about":[{"href":"https:\/\/minubaltic.ee\/lv\/wp-json\/wp\/v2\/types\/product"}],"replies":[{"embeddable":true,"href":"https:\/\/minubaltic.ee\/lv\/wp-json\/wp\/v2\/comments?post=29851"}],"version-history":[{"count":2,"href":"https:\/\/minubaltic.ee\/lv\/wp-json\/wp\/v2\/product\/29851\/revisions"}],"predecessor-version":[{"id":29873,"href":"https:\/\/minubaltic.ee\/lv\/wp-json\/wp\/v2\/product\/29851\/revisions\/29873"}],"wp:featuredmedia":[{"embeddable":true,"href":"https:\/\/minubaltic.ee\/lv\/wp-json\/wp\/v2\/media\/29750"}],"wp:attachment":[{"href":"https:\/\/minubaltic.ee\/lv\/wp-json\/wp\/v2\/media?parent=29851"}],"wp:term":[{"taxonomy":"product_brand","embeddable":true,"href":"https:\/\/minubaltic.ee\/lv\/wp-json\/wp\/v2\/product_brand?post=29851"},{"taxonomy":"product_cat","embeddable":true,"href":"https:\/\/minubaltic.ee\/lv\/wp-json\/wp\/v2\/product_cat?post=29851"},{"taxonomy":"product_tag","embeddable":true,"href":"https:\/\/minubaltic.ee\/lv\/wp-json\/wp\/v2\/product_tag?post=29851"}],"curies":[{"name":"wp","href":"https:\/\/api.w.org\/{rel}","templated":true}]}}