{"id":29234,"date":"2024-07-04T23:01:20","date_gmt":"2024-07-04T20:01:20","guid":{"rendered":"https:\/\/minubaltic.ee\/?post_type=product&#038;p=29234"},"modified":"2024-07-12T00:00:58","modified_gmt":"2024-07-11T21:00:58","slug":"serpa-vilnas-sega-180x200-roza","status":"publish","type":"product","link":"https:\/\/minubaltic.ee\/lv\/e-pood\/serpa-segas\/serpa-segas-180-200\/serpa-vilnas-sega-180x200-roza\/","title":{"rendered":"\u0160erpa vilnas sega 180&#215;200 (roz\u0101)"},"content":{"rendered":"<ul>\n<li><span class=\"product-attribute__label\"><span class=\"product-attribute__label\"><strong>Auduma sast\u0101vs <\/strong>: \u0160erpa vilna<\/span><\/span><\/li>\n<li><strong>Da\u013cu skaits:<\/strong> 1<\/li>\n<li><strong>Svars: <\/strong>1,5 kg<\/li>\n<li><strong>Izm\u0113ri:<\/strong> 180\u00d7200 cm<\/li>\n<li><strong>Specifik\u0101cija:<\/strong> <b>\u00b1<\/b>1-5<\/li>\n<li><strong>Sezona:<\/strong> Visas sezonas<\/li>\n<li><strong>Papildus inform\u0101cija:<\/strong> \u012bpa\u0161i m\u012bksts, \u0113rts, silts, elpojo\u0161s<\/li>\n<li>Produktu att\u0113li ir ilustrat\u012bvi<\/li>\n<\/ul>\n","protected":false},"excerpt":{"rendered":"<p>\u2605 \u0160erpa vilnas segas ir slavenas ar savu lielisko izskatu, kvalit\u0101ti un m\u012bkstumu. Segas m\u012bkstums nodro\u0161ina komfortu un m\u0101j\u012bgumu miega laik\u0101 un saglab\u0101 siltumu pat v\u0113s\u0101kos vakaros.<br \/>\n\u2605 \u0160erpa vilnas segas ir pieejamas da\u017e\u0101d\u0101s kr\u0101s\u0101s, kas piem\u0113rotas jebkuram interjeram. Segas ir izgatavotas no augstas kvalit\u0101tes materi\u0101liem, kas nodro\u0161ina iztur\u012bbu un ilgsto\u0161u lieto\u0161anu.<br \/>\n\u2605 Ja j\u016bs mekl\u0113jat stil\u012bgu un \u0113rtu papildin\u0101jumu j\u016bsu m\u0101j\u0101s, noteikti ir v\u0113rts apskat\u012bt \u0160erpa vilnas segas. To unik\u0101lais izskats, kvalit\u0101te un m\u012bkstums padara tos par ide\u0101lu izv\u0113li jebkuram m\u0101jas interjeram.<br \/>\n\u2605 Super m\u012bkstas segas ir lieliska d\u0101vana j\u016bsu \u0123imenei un draugiem, lai baud\u012bt siltumu un komfortu v\u0113sos vakaros.<\/p>\n","protected":false},"featured_media":28995,"comment_status":"open","ping_status":"closed","template":"","meta":[],"product_brand":[],"product_cat":[451,642,450,755],"product_tag":[459,460,465,464,466],"class_list":{"0":"post-29234","1":"product","2":"type-product","3":"status-publish","4":"has-post-thumbnail","6":"product_cat-segas","7":"product_cat-segas-180-200","8":"product_cat-serpa-segas","9":"product_cat-serpa-segas-180-200","10":"product_tag-e-komercija","11":"product_tag-e-veikals","12":"product_tag-sega","13":"product_tag-segas","14":"product_tag-tekstils","16":"first","17":"instock","18":"shipping-taxable","19":"purchasable","20":"product-type-simple"},"yoast_head":"<!-- This site is optimized with the Yoast SEO plugin v27.3 - https:\/\/yoast.com\/product\/yoast-seo-wordpress\/ -->\n<title>\u0160erpa vilnas sega 180x200 (roz\u0101) - pirkt par atlaidi<\/title>\n<meta name=\"description\" content=\"Sherpa sega 180x200 ir m\u012bksta un silta sega, kas lieliski piem\u0113rota aukst\u0101m nakt\u012bm. Tas ir izgatavots no augstas kvalit\u0101tes materi\u0101liem un nodro\u0161ina.....\" \/>\n<meta name=\"robots\" content=\"index, follow, max-snippet:-1, max-image-preview:large, max-video-preview:-1\" \/>\n<link rel=\"canonical\" href=\"https:\/\/minubaltic.ee\/lv\/e-pood\/serpa-segas\/serpa-segas-180-200\/serpa-vilnas-sega-180x200-roza\/\" \/>\n<meta property=\"og:locale\" content=\"lv_LV\" \/>\n<meta property=\"og:type\" content=\"article\" \/>\n<meta property=\"og:title\" content=\"\u0160erpa vilnas sega 180x200 (roz\u0101) - pirkt par atlaidi\" \/>\n<meta property=\"og:description\" content=\"Sherpa sega 180x200 ir m\u012bksta un silta sega, kas lieliski piem\u0113rota aukst\u0101m nakt\u012bm. Tas ir izgatavots no augstas kvalit\u0101tes materi\u0101liem un nodro\u0161ina.....\" \/>\n<meta property=\"og:url\" content=\"https:\/\/minubaltic.ee\/lv\/e-pood\/serpa-segas\/serpa-segas-180-200\/serpa-vilnas-sega-180x200-roza\/\" \/>\n<meta property=\"article:publisher\" content=\"https:\/\/www.facebook.com\/minubaltic\" \/>\n<meta property=\"article:modified_time\" content=\"2024-07-11T21:00:58+00:00\" \/>\n<meta property=\"og:image\" content=\"https:\/\/minubaltic.ee\/wp-content\/uploads\/2024\/07\/Sherpa-tekk-9.jpg\" \/>\n\t<meta property=\"og:image:width\" content=\"800\" \/>\n\t<meta property=\"og:image:height\" content=\"800\" \/>\n\t<meta property=\"og:image:type\" content=\"image\/jpeg\" \/>\n<meta name=\"twitter:card\" content=\"summary_large_image\" \/>\n<meta name=\"twitter:label1\" content=\"Est. reading time\" \/>\n\t<meta name=\"twitter:data1\" content=\"1 minute\" \/>\n<script type=\"application\/ld+json\" class=\"yoast-schema-graph\">{\"@context\":\"https:\\\/\\\/schema.org\",\"@graph\":[{\"@type\":\"WebPage\",\"@id\":\"https:\\\/\\\/minubaltic.ee\\\/lv\\\/e-pood\\\/serpa-segas\\\/serpa-segas-180-200\\\/serpa-vilnas-sega-180x200-roza\\\/\",\"url\":\"https:\\\/\\\/minubaltic.ee\\\/lv\\\/e-pood\\\/serpa-segas\\\/serpa-segas-180-200\\\/serpa-vilnas-sega-180x200-roza\\\/\",\"name\":\"\u0160erpa vilnas sega 180x200 (roz\u0101) - pirkt par atlaidi\",\"isPartOf\":{\"@id\":\"https:\\\/\\\/minubaltic.ee\\\/lv\\\/#website\"},\"primaryImageOfPage\":{\"@id\":\"https:\\\/\\\/minubaltic.ee\\\/lv\\\/e-pood\\\/serpa-segas\\\/serpa-segas-180-200\\\/serpa-vilnas-sega-180x200-roza\\\/#primaryimage\"},\"image\":{\"@id\":\"https:\\\/\\\/minubaltic.ee\\\/lv\\\/e-pood\\\/serpa-segas\\\/serpa-segas-180-200\\\/serpa-vilnas-sega-180x200-roza\\\/#primaryimage\"},\"thumbnailUrl\":\"https:\\\/\\\/minubaltic.ee\\\/wp-content\\\/uploads\\\/2024\\\/07\\\/Sherpa-tekk-9.jpg\",\"datePublished\":\"2024-07-04T20:01:20+00:00\",\"dateModified\":\"2024-07-11T21:00:58+00:00\",\"description\":\"Sherpa sega 180x200 ir m\u012bksta un silta sega, kas lieliski piem\u0113rota aukst\u0101m nakt\u012bm. Tas ir izgatavots no augstas kvalit\u0101tes materi\u0101liem un nodro\u0161ina.....\",\"breadcrumb\":{\"@id\":\"https:\\\/\\\/minubaltic.ee\\\/lv\\\/e-pood\\\/serpa-segas\\\/serpa-segas-180-200\\\/serpa-vilnas-sega-180x200-roza\\\/#breadcrumb\"},\"inLanguage\":\"lv-LV\",\"potentialAction\":[{\"@type\":\"ReadAction\",\"target\":[\"https:\\\/\\\/minubaltic.ee\\\/lv\\\/e-pood\\\/serpa-segas\\\/serpa-segas-180-200\\\/serpa-vilnas-sega-180x200-roza\\\/\"]}]},{\"@type\":\"ImageObject\",\"inLanguage\":\"lv-LV\",\"@id\":\"https:\\\/\\\/minubaltic.ee\\\/lv\\\/e-pood\\\/serpa-segas\\\/serpa-segas-180-200\\\/serpa-vilnas-sega-180x200-roza\\\/#primaryimage\",\"url\":\"https:\\\/\\\/minubaltic.ee\\\/wp-content\\\/uploads\\\/2024\\\/07\\\/Sherpa-tekk-9.jpg\",\"contentUrl\":\"https:\\\/\\\/minubaltic.ee\\\/wp-content\\\/uploads\\\/2024\\\/07\\\/Sherpa-tekk-9.jpg\",\"width\":800,\"height\":800},{\"@type\":\"BreadcrumbList\",\"@id\":\"https:\\\/\\\/minubaltic.ee\\\/lv\\\/e-pood\\\/serpa-segas\\\/serpa-segas-180-200\\\/serpa-vilnas-sega-180x200-roza\\\/#breadcrumb\",\"itemListElement\":[{\"@type\":\"ListItem\",\"position\":1,\"name\":\"S\u0101kums\",\"item\":\"https:\\\/\\\/minubaltic.ee\\\/lv\\\/\"},{\"@type\":\"ListItem\",\"position\":2,\"name\":\"E-veikals\",\"item\":\"https:\\\/\\\/minubaltic.ee\\\/lv\\\/e-veikals\\\/\"},{\"@type\":\"ListItem\",\"position\":3,\"name\":\"\u0160erpa vilnas sega 180&#215;200 (roz\u0101)\"}]},{\"@type\":\"WebSite\",\"@id\":\"https:\\\/\\\/minubaltic.ee\\\/lv\\\/#website\",\"url\":\"https:\\\/\\\/minubaltic.ee\\\/lv\\\/\",\"name\":\"minubaltic.ee\",\"description\":\"\",\"publisher\":{\"@id\":\"https:\\\/\\\/minubaltic.ee\\\/lv\\\/#organization\"},\"potentialAction\":[{\"@type\":\"SearchAction\",\"target\":{\"@type\":\"EntryPoint\",\"urlTemplate\":\"https:\\\/\\\/minubaltic.ee\\\/lv\\\/?s={search_term_string}\"},\"query-input\":{\"@type\":\"PropertyValueSpecification\",\"valueRequired\":true,\"valueName\":\"search_term_string\"}}],\"inLanguage\":\"lv-LV\"},{\"@type\":\"Organization\",\"@id\":\"https:\\\/\\\/minubaltic.ee\\\/lv\\\/#organization\",\"name\":\"Minu Baltic O\u00dc\",\"url\":\"https:\\\/\\\/minubaltic.ee\\\/lv\\\/\",\"logo\":{\"@type\":\"ImageObject\",\"inLanguage\":\"lv-LV\",\"@id\":\"https:\\\/\\\/minubaltic.ee\\\/lv\\\/#\\\/schema\\\/logo\\\/image\\\/\",\"url\":\"https:\\\/\\\/minubaltic.ee\\\/wp-content\\\/uploads\\\/2023\\\/10\\\/cropped-cropped-cropped-logo.png\",\"contentUrl\":\"https:\\\/\\\/minubaltic.ee\\\/wp-content\\\/uploads\\\/2023\\\/10\\\/cropped-cropped-cropped-logo.png\",\"width\":500,\"height\":237,\"caption\":\"Minu Baltic O\u00dc\"},\"image\":{\"@id\":\"https:\\\/\\\/minubaltic.ee\\\/lv\\\/#\\\/schema\\\/logo\\\/image\\\/\"},\"sameAs\":[\"https:\\\/\\\/www.facebook.com\\\/minubaltic\"]}]}<\/script>\n<!-- \/ Yoast SEO plugin. -->","yoast_head_json":{"title":"\u0160erpa vilnas sega 180x200 (roz\u0101) - pirkt par atlaidi","description":"Sherpa sega 180x200 ir m\u012bksta un silta sega, kas lieliski piem\u0113rota aukst\u0101m nakt\u012bm. Tas ir izgatavots no augstas kvalit\u0101tes materi\u0101liem un nodro\u0161ina.....","robots":{"index":"index","follow":"follow","max-snippet":"max-snippet:-1","max-image-preview":"max-image-preview:large","max-video-preview":"max-video-preview:-1"},"canonical":"https:\/\/minubaltic.ee\/lv\/e-pood\/serpa-segas\/serpa-segas-180-200\/serpa-vilnas-sega-180x200-roza\/","og_locale":"lv_LV","og_type":"article","og_title":"\u0160erpa vilnas sega 180x200 (roz\u0101) - pirkt par atlaidi","og_description":"Sherpa sega 180x200 ir m\u012bksta un silta sega, kas lieliski piem\u0113rota aukst\u0101m nakt\u012bm. Tas ir izgatavots no augstas kvalit\u0101tes materi\u0101liem un nodro\u0161ina.....","og_url":"https:\/\/minubaltic.ee\/lv\/e-pood\/serpa-segas\/serpa-segas-180-200\/serpa-vilnas-sega-180x200-roza\/","article_publisher":"https:\/\/www.facebook.com\/minubaltic","article_modified_time":"2024-07-11T21:00:58+00:00","og_image":[{"width":800,"height":800,"url":"https:\/\/minubaltic.ee\/wp-content\/uploads\/2024\/07\/Sherpa-tekk-9.jpg","type":"image\/jpeg"}],"twitter_card":"summary_large_image","twitter_misc":{"Est. reading time":"1 minute"},"schema":{"@context":"https:\/\/schema.org","@graph":[{"@type":"WebPage","@id":"https:\/\/minubaltic.ee\/lv\/e-pood\/serpa-segas\/serpa-segas-180-200\/serpa-vilnas-sega-180x200-roza\/","url":"https:\/\/minubaltic.ee\/lv\/e-pood\/serpa-segas\/serpa-segas-180-200\/serpa-vilnas-sega-180x200-roza\/","name":"\u0160erpa vilnas sega 180x200 (roz\u0101) - pirkt par atlaidi","isPartOf":{"@id":"https:\/\/minubaltic.ee\/lv\/#website"},"primaryImageOfPage":{"@id":"https:\/\/minubaltic.ee\/lv\/e-pood\/serpa-segas\/serpa-segas-180-200\/serpa-vilnas-sega-180x200-roza\/#primaryimage"},"image":{"@id":"https:\/\/minubaltic.ee\/lv\/e-pood\/serpa-segas\/serpa-segas-180-200\/serpa-vilnas-sega-180x200-roza\/#primaryimage"},"thumbnailUrl":"https:\/\/minubaltic.ee\/wp-content\/uploads\/2024\/07\/Sherpa-tekk-9.jpg","datePublished":"2024-07-04T20:01:20+00:00","dateModified":"2024-07-11T21:00:58+00:00","description":"Sherpa sega 180x200 ir m\u012bksta un silta sega, kas lieliski piem\u0113rota aukst\u0101m nakt\u012bm. Tas ir izgatavots no augstas kvalit\u0101tes materi\u0101liem un nodro\u0161ina.....","breadcrumb":{"@id":"https:\/\/minubaltic.ee\/lv\/e-pood\/serpa-segas\/serpa-segas-180-200\/serpa-vilnas-sega-180x200-roza\/#breadcrumb"},"inLanguage":"lv-LV","potentialAction":[{"@type":"ReadAction","target":["https:\/\/minubaltic.ee\/lv\/e-pood\/serpa-segas\/serpa-segas-180-200\/serpa-vilnas-sega-180x200-roza\/"]}]},{"@type":"ImageObject","inLanguage":"lv-LV","@id":"https:\/\/minubaltic.ee\/lv\/e-pood\/serpa-segas\/serpa-segas-180-200\/serpa-vilnas-sega-180x200-roza\/#primaryimage","url":"https:\/\/minubaltic.ee\/wp-content\/uploads\/2024\/07\/Sherpa-tekk-9.jpg","contentUrl":"https:\/\/minubaltic.ee\/wp-content\/uploads\/2024\/07\/Sherpa-tekk-9.jpg","width":800,"height":800},{"@type":"BreadcrumbList","@id":"https:\/\/minubaltic.ee\/lv\/e-pood\/serpa-segas\/serpa-segas-180-200\/serpa-vilnas-sega-180x200-roza\/#breadcrumb","itemListElement":[{"@type":"ListItem","position":1,"name":"S\u0101kums","item":"https:\/\/minubaltic.ee\/lv\/"},{"@type":"ListItem","position":2,"name":"E-veikals","item":"https:\/\/minubaltic.ee\/lv\/e-veikals\/"},{"@type":"ListItem","position":3,"name":"\u0160erpa vilnas sega 180&#215;200 (roz\u0101)"}]},{"@type":"WebSite","@id":"https:\/\/minubaltic.ee\/lv\/#website","url":"https:\/\/minubaltic.ee\/lv\/","name":"minubaltic.ee","description":"","publisher":{"@id":"https:\/\/minubaltic.ee\/lv\/#organization"},"potentialAction":[{"@type":"SearchAction","target":{"@type":"EntryPoint","urlTemplate":"https:\/\/minubaltic.ee\/lv\/?s={search_term_string}"},"query-input":{"@type":"PropertyValueSpecification","valueRequired":true,"valueName":"search_term_string"}}],"inLanguage":"lv-LV"},{"@type":"Organization","@id":"https:\/\/minubaltic.ee\/lv\/#organization","name":"Minu Baltic O\u00dc","url":"https:\/\/minubaltic.ee\/lv\/","logo":{"@type":"ImageObject","inLanguage":"lv-LV","@id":"https:\/\/minubaltic.ee\/lv\/#\/schema\/logo\/image\/","url":"https:\/\/minubaltic.ee\/wp-content\/uploads\/2023\/10\/cropped-cropped-cropped-logo.png","contentUrl":"https:\/\/minubaltic.ee\/wp-content\/uploads\/2023\/10\/cropped-cropped-cropped-logo.png","width":500,"height":237,"caption":"Minu Baltic O\u00dc"},"image":{"@id":"https:\/\/minubaltic.ee\/lv\/#\/schema\/logo\/image\/"},"sameAs":["https:\/\/www.facebook.com\/minubaltic"]}]}},"_links":{"self":[{"href":"https:\/\/minubaltic.ee\/lv\/wp-json\/wp\/v2\/product\/29234","targetHints":{"allow":["GET"]}}],"collection":[{"href":"https:\/\/minubaltic.ee\/lv\/wp-json\/wp\/v2\/product"}],"about":[{"href":"https:\/\/minubaltic.ee\/lv\/wp-json\/wp\/v2\/types\/product"}],"replies":[{"embeddable":true,"href":"https:\/\/minubaltic.ee\/lv\/wp-json\/wp\/v2\/comments?post=29234"}],"version-history":[{"count":2,"href":"https:\/\/minubaltic.ee\/lv\/wp-json\/wp\/v2\/product\/29234\/revisions"}],"predecessor-version":[{"id":29309,"href":"https:\/\/minubaltic.ee\/lv\/wp-json\/wp\/v2\/product\/29234\/revisions\/29309"}],"wp:featuredmedia":[{"embeddable":true,"href":"https:\/\/minubaltic.ee\/lv\/wp-json\/wp\/v2\/media\/28995"}],"wp:attachment":[{"href":"https:\/\/minubaltic.ee\/lv\/wp-json\/wp\/v2\/media?parent=29234"}],"wp:term":[{"taxonomy":"product_brand","embeddable":true,"href":"https:\/\/minubaltic.ee\/lv\/wp-json\/wp\/v2\/product_brand?post=29234"},{"taxonomy":"product_cat","embeddable":true,"href":"https:\/\/minubaltic.ee\/lv\/wp-json\/wp\/v2\/product_cat?post=29234"},{"taxonomy":"product_tag","embeddable":true,"href":"https:\/\/minubaltic.ee\/lv\/wp-json\/wp\/v2\/product_tag?post=29234"}],"curies":[{"name":"wp","href":"https:\/\/api.w.org\/{rel}","templated":true}]}}