{"id":27575,"date":"2023-10-04T19:58:46","date_gmt":"2023-10-04T16:58:46","guid":{"rendered":"https:\/\/minubaltic.ee\/e-pood\/uncategorized\/vannas-dvielis-70x140-4\/"},"modified":"2024-10-15T22:18:58","modified_gmt":"2024-10-15T19:18:58","slug":"vannas-dvielis-70x140-4","status":"publish","type":"product","link":"https:\/\/minubaltic.ee\/lv\/e-pood\/dvieli\/vannas-dvielis-70x140-4\/","title":{"rendered":"Vannas dvielis 70\u00d7140"},"content":{"rendered":"<ul>\n<li><span class=\"product-attribute__label\"><strong>Auduma sast\u0101vs:<\/strong><\/span> <span class=\"product-attribute__value\" data-attribute-code=\"fabric_composition\">100% kokvilna<\/span><\/li>\n<li><strong>Da\u013cu skaits:<\/strong> 1<\/li>\n<li><strong>Izm\u0113ri:<\/strong> 70&#215;140 cm<\/li>\n<li><strong>Kr\u0101sa:<\/strong> Zils<\/li>\n<li><strong>Svars:<\/strong> 400 g\/m2<\/li>\n<\/ul>\n","protected":false},"excerpt":{"rendered":"<p>Auduma sast\u0101vs: 100% kokvilna Da\u013cu skaits: 1 Izm\u0113ri: 70&#215;140 cm Kr\u0101sa: Zils Svars: 400 g\/m2<\/p>\n","protected":false},"featured_media":27576,"comment_status":"open","ping_status":"closed","template":"","meta":[],"product_brand":[],"product_cat":[443,448,732],"product_tag":[463,459,460,461,466],"class_list":{"0":"post-27575","1":"product","2":"type-product","3":"status-publish","4":"has-post-thumbnail","6":"product_cat-dvieli","7":"product_cat-vannas-dvieli","8":"product_cat-vannas-dvieli-70-140","9":"product_tag-dvieli","10":"product_tag-e-komercija","11":"product_tag-e-veikals","12":"product_tag-majas-tekstils","13":"product_tag-tekstils","15":"first","16":"outofstock","17":"shipping-taxable","18":"purchasable","19":"product-type-simple"},"yoast_head":"<!-- This site is optimized with the Yoast SEO plugin v27.5 - https:\/\/yoast.com\/product\/yoast-seo-wordpress\/ -->\n<title>- Kr\u0101saini vannas dvie\u013ci, kokvilnas ratchet<\/title>\n<meta name=\"description\" content=\"Augstas kvalit\u0101tes mikro\u0161\u0137iedras dvie\u013ci, Dvie\u013ci, Dvie\u013cu komplekti, Dvie\u013cu komplekti, Ekolo\u0123iski dvie\u013ci, Pludmales dvie\u013ci vasarai, Lielizm\u0113ra dvie\u013ci, Pludmales dvie\u013ci, Dvie\u013cu komplekti, Mikro\u0161\u0137iedras dvie\u013ci\" \/>\n<meta name=\"robots\" content=\"index, follow, max-snippet:-1, max-image-preview:large, max-video-preview:-1\" \/>\n<link rel=\"canonical\" href=\"https:\/\/minubaltic.ee\/lv\/e-pood\/dvieli\/vannas-dvielis-70x140-4\/\" \/>\n<meta property=\"og:locale\" content=\"lv_LV\" \/>\n<meta property=\"og:type\" content=\"article\" \/>\n<meta property=\"og:title\" content=\"- Kr\u0101saini vannas dvie\u013ci, kokvilnas ratchet\" \/>\n<meta property=\"og:description\" content=\"Augstas kvalit\u0101tes mikro\u0161\u0137iedras dvie\u013ci, Dvie\u013ci, Dvie\u013cu komplekti, Dvie\u013cu komplekti, Ekolo\u0123iski dvie\u013ci, Pludmales dvie\u013ci vasarai, Lielizm\u0113ra dvie\u013ci, Pludmales dvie\u013ci, Dvie\u013cu komplekti, Mikro\u0161\u0137iedras dvie\u013ci\" \/>\n<meta property=\"og:url\" content=\"https:\/\/minubaltic.ee\/lv\/e-pood\/dvieli\/vannas-dvielis-70x140-4\/\" \/>\n<meta property=\"article:publisher\" content=\"https:\/\/www.facebook.com\/minubaltic\" \/>\n<meta property=\"article:modified_time\" content=\"2024-10-15T19:18:58+00:00\" \/>\n<meta property=\"og:image\" content=\"https:\/\/minubaltic.ee\/wp-content\/uploads\/2023\/10\/Ratikud-versa-6.png\" \/>\n\t<meta property=\"og:image:width\" content=\"457\" \/>\n\t<meta property=\"og:image:height\" content=\"513\" \/>\n\t<meta property=\"og:image:type\" content=\"image\/png\" \/>\n<meta name=\"twitter:card\" content=\"summary_large_image\" \/>\n<script type=\"application\/ld+json\" class=\"yoast-schema-graph\">{\"@context\":\"https:\\\/\\\/schema.org\",\"@graph\":[{\"@type\":\"WebPage\",\"@id\":\"https:\\\/\\\/minubaltic.ee\\\/lv\\\/e-pood\\\/dvieli\\\/vannas-dvielis-70x140-4\\\/\",\"url\":\"https:\\\/\\\/minubaltic.ee\\\/lv\\\/e-pood\\\/dvieli\\\/vannas-dvielis-70x140-4\\\/\",\"name\":\"- Kr\u0101saini vannas dvie\u013ci, kokvilnas ratchet\",\"isPartOf\":{\"@id\":\"https:\\\/\\\/minubaltic.ee\\\/lv\\\/#website\"},\"primaryImageOfPage\":{\"@id\":\"https:\\\/\\\/minubaltic.ee\\\/lv\\\/e-pood\\\/dvieli\\\/vannas-dvielis-70x140-4\\\/#primaryimage\"},\"image\":{\"@id\":\"https:\\\/\\\/minubaltic.ee\\\/lv\\\/e-pood\\\/dvieli\\\/vannas-dvielis-70x140-4\\\/#primaryimage\"},\"thumbnailUrl\":\"https:\\\/\\\/minubaltic.ee\\\/wp-content\\\/uploads\\\/2023\\\/10\\\/Ratikud-versa-6.png\",\"datePublished\":\"2023-10-04T16:58:46+00:00\",\"dateModified\":\"2024-10-15T19:18:58+00:00\",\"description\":\"Augstas kvalit\u0101tes mikro\u0161\u0137iedras dvie\u013ci, Dvie\u013ci, Dvie\u013cu komplekti, Dvie\u013cu komplekti, Ekolo\u0123iski dvie\u013ci, Pludmales dvie\u013ci vasarai, Lielizm\u0113ra dvie\u013ci, Pludmales dvie\u013ci, Dvie\u013cu komplekti, Mikro\u0161\u0137iedras dvie\u013ci\",\"breadcrumb\":{\"@id\":\"https:\\\/\\\/minubaltic.ee\\\/lv\\\/e-pood\\\/dvieli\\\/vannas-dvielis-70x140-4\\\/#breadcrumb\"},\"inLanguage\":\"lv-LV\",\"potentialAction\":[{\"@type\":\"ReadAction\",\"target\":[\"https:\\\/\\\/minubaltic.ee\\\/lv\\\/e-pood\\\/dvieli\\\/vannas-dvielis-70x140-4\\\/\"]}]},{\"@type\":\"ImageObject\",\"inLanguage\":\"lv-LV\",\"@id\":\"https:\\\/\\\/minubaltic.ee\\\/lv\\\/e-pood\\\/dvieli\\\/vannas-dvielis-70x140-4\\\/#primaryimage\",\"url\":\"https:\\\/\\\/minubaltic.ee\\\/wp-content\\\/uploads\\\/2023\\\/10\\\/Ratikud-versa-6.png\",\"contentUrl\":\"https:\\\/\\\/minubaltic.ee\\\/wp-content\\\/uploads\\\/2023\\\/10\\\/Ratikud-versa-6.png\",\"width\":457,\"height\":513},{\"@type\":\"BreadcrumbList\",\"@id\":\"https:\\\/\\\/minubaltic.ee\\\/lv\\\/e-pood\\\/dvieli\\\/vannas-dvielis-70x140-4\\\/#breadcrumb\",\"itemListElement\":[{\"@type\":\"ListItem\",\"position\":1,\"name\":\"S\u0101kums\",\"item\":\"https:\\\/\\\/minubaltic.ee\\\/lv\\\/\"},{\"@type\":\"ListItem\",\"position\":2,\"name\":\"E-veikals\",\"item\":\"https:\\\/\\\/minubaltic.ee\\\/lv\\\/e-veikals\\\/\"},{\"@type\":\"ListItem\",\"position\":3,\"name\":\"Vannas dvielis 70\u00d7140\"}]},{\"@type\":\"WebSite\",\"@id\":\"https:\\\/\\\/minubaltic.ee\\\/lv\\\/#website\",\"url\":\"https:\\\/\\\/minubaltic.ee\\\/lv\\\/\",\"name\":\"minubaltic.ee\",\"description\":\"\",\"publisher\":{\"@id\":\"https:\\\/\\\/minubaltic.ee\\\/lv\\\/#organization\"},\"potentialAction\":[{\"@type\":\"SearchAction\",\"target\":{\"@type\":\"EntryPoint\",\"urlTemplate\":\"https:\\\/\\\/minubaltic.ee\\\/lv\\\/?s={search_term_string}\"},\"query-input\":{\"@type\":\"PropertyValueSpecification\",\"valueRequired\":true,\"valueName\":\"search_term_string\"}}],\"inLanguage\":\"lv-LV\"},{\"@type\":\"Organization\",\"@id\":\"https:\\\/\\\/minubaltic.ee\\\/lv\\\/#organization\",\"name\":\"Minu Baltic O\u00dc\",\"url\":\"https:\\\/\\\/minubaltic.ee\\\/lv\\\/\",\"logo\":{\"@type\":\"ImageObject\",\"inLanguage\":\"lv-LV\",\"@id\":\"https:\\\/\\\/minubaltic.ee\\\/lv\\\/#\\\/schema\\\/logo\\\/image\\\/\",\"url\":\"https:\\\/\\\/minubaltic.ee\\\/wp-content\\\/uploads\\\/2023\\\/10\\\/cropped-cropped-cropped-logo.png\",\"contentUrl\":\"https:\\\/\\\/minubaltic.ee\\\/wp-content\\\/uploads\\\/2023\\\/10\\\/cropped-cropped-cropped-logo.png\",\"width\":500,\"height\":237,\"caption\":\"Minu Baltic O\u00dc\"},\"image\":{\"@id\":\"https:\\\/\\\/minubaltic.ee\\\/lv\\\/#\\\/schema\\\/logo\\\/image\\\/\"},\"sameAs\":[\"https:\\\/\\\/www.facebook.com\\\/minubaltic\"]}]}<\/script>\n<!-- \/ Yoast SEO plugin. -->","yoast_head_json":{"title":"- Kr\u0101saini vannas dvie\u013ci, kokvilnas ratchet","description":"Augstas kvalit\u0101tes mikro\u0161\u0137iedras dvie\u013ci, Dvie\u013ci, Dvie\u013cu komplekti, Dvie\u013cu komplekti, Ekolo\u0123iski dvie\u013ci, Pludmales dvie\u013ci vasarai, Lielizm\u0113ra dvie\u013ci, Pludmales dvie\u013ci, Dvie\u013cu komplekti, Mikro\u0161\u0137iedras dvie\u013ci","robots":{"index":"index","follow":"follow","max-snippet":"max-snippet:-1","max-image-preview":"max-image-preview:large","max-video-preview":"max-video-preview:-1"},"canonical":"https:\/\/minubaltic.ee\/lv\/e-pood\/dvieli\/vannas-dvielis-70x140-4\/","og_locale":"lv_LV","og_type":"article","og_title":"- Kr\u0101saini vannas dvie\u013ci, kokvilnas ratchet","og_description":"Augstas kvalit\u0101tes mikro\u0161\u0137iedras dvie\u013ci, Dvie\u013ci, Dvie\u013cu komplekti, Dvie\u013cu komplekti, Ekolo\u0123iski dvie\u013ci, Pludmales dvie\u013ci vasarai, Lielizm\u0113ra dvie\u013ci, Pludmales dvie\u013ci, Dvie\u013cu komplekti, Mikro\u0161\u0137iedras dvie\u013ci","og_url":"https:\/\/minubaltic.ee\/lv\/e-pood\/dvieli\/vannas-dvielis-70x140-4\/","article_publisher":"https:\/\/www.facebook.com\/minubaltic","article_modified_time":"2024-10-15T19:18:58+00:00","og_image":[{"width":457,"height":513,"url":"https:\/\/minubaltic.ee\/wp-content\/uploads\/2023\/10\/Ratikud-versa-6.png","type":"image\/png"}],"twitter_card":"summary_large_image","schema":{"@context":"https:\/\/schema.org","@graph":[{"@type":"WebPage","@id":"https:\/\/minubaltic.ee\/lv\/e-pood\/dvieli\/vannas-dvielis-70x140-4\/","url":"https:\/\/minubaltic.ee\/lv\/e-pood\/dvieli\/vannas-dvielis-70x140-4\/","name":"- Kr\u0101saini vannas dvie\u013ci, kokvilnas ratchet","isPartOf":{"@id":"https:\/\/minubaltic.ee\/lv\/#website"},"primaryImageOfPage":{"@id":"https:\/\/minubaltic.ee\/lv\/e-pood\/dvieli\/vannas-dvielis-70x140-4\/#primaryimage"},"image":{"@id":"https:\/\/minubaltic.ee\/lv\/e-pood\/dvieli\/vannas-dvielis-70x140-4\/#primaryimage"},"thumbnailUrl":"https:\/\/minubaltic.ee\/wp-content\/uploads\/2023\/10\/Ratikud-versa-6.png","datePublished":"2023-10-04T16:58:46+00:00","dateModified":"2024-10-15T19:18:58+00:00","description":"Augstas kvalit\u0101tes mikro\u0161\u0137iedras dvie\u013ci, Dvie\u013ci, Dvie\u013cu komplekti, Dvie\u013cu komplekti, Ekolo\u0123iski dvie\u013ci, Pludmales dvie\u013ci vasarai, Lielizm\u0113ra dvie\u013ci, Pludmales dvie\u013ci, Dvie\u013cu komplekti, Mikro\u0161\u0137iedras dvie\u013ci","breadcrumb":{"@id":"https:\/\/minubaltic.ee\/lv\/e-pood\/dvieli\/vannas-dvielis-70x140-4\/#breadcrumb"},"inLanguage":"lv-LV","potentialAction":[{"@type":"ReadAction","target":["https:\/\/minubaltic.ee\/lv\/e-pood\/dvieli\/vannas-dvielis-70x140-4\/"]}]},{"@type":"ImageObject","inLanguage":"lv-LV","@id":"https:\/\/minubaltic.ee\/lv\/e-pood\/dvieli\/vannas-dvielis-70x140-4\/#primaryimage","url":"https:\/\/minubaltic.ee\/wp-content\/uploads\/2023\/10\/Ratikud-versa-6.png","contentUrl":"https:\/\/minubaltic.ee\/wp-content\/uploads\/2023\/10\/Ratikud-versa-6.png","width":457,"height":513},{"@type":"BreadcrumbList","@id":"https:\/\/minubaltic.ee\/lv\/e-pood\/dvieli\/vannas-dvielis-70x140-4\/#breadcrumb","itemListElement":[{"@type":"ListItem","position":1,"name":"S\u0101kums","item":"https:\/\/minubaltic.ee\/lv\/"},{"@type":"ListItem","position":2,"name":"E-veikals","item":"https:\/\/minubaltic.ee\/lv\/e-veikals\/"},{"@type":"ListItem","position":3,"name":"Vannas dvielis 70\u00d7140"}]},{"@type":"WebSite","@id":"https:\/\/minubaltic.ee\/lv\/#website","url":"https:\/\/minubaltic.ee\/lv\/","name":"minubaltic.ee","description":"","publisher":{"@id":"https:\/\/minubaltic.ee\/lv\/#organization"},"potentialAction":[{"@type":"SearchAction","target":{"@type":"EntryPoint","urlTemplate":"https:\/\/minubaltic.ee\/lv\/?s={search_term_string}"},"query-input":{"@type":"PropertyValueSpecification","valueRequired":true,"valueName":"search_term_string"}}],"inLanguage":"lv-LV"},{"@type":"Organization","@id":"https:\/\/minubaltic.ee\/lv\/#organization","name":"Minu Baltic O\u00dc","url":"https:\/\/minubaltic.ee\/lv\/","logo":{"@type":"ImageObject","inLanguage":"lv-LV","@id":"https:\/\/minubaltic.ee\/lv\/#\/schema\/logo\/image\/","url":"https:\/\/minubaltic.ee\/wp-content\/uploads\/2023\/10\/cropped-cropped-cropped-logo.png","contentUrl":"https:\/\/minubaltic.ee\/wp-content\/uploads\/2023\/10\/cropped-cropped-cropped-logo.png","width":500,"height":237,"caption":"Minu Baltic O\u00dc"},"image":{"@id":"https:\/\/minubaltic.ee\/lv\/#\/schema\/logo\/image\/"},"sameAs":["https:\/\/www.facebook.com\/minubaltic"]}]}},"_links":{"self":[{"href":"https:\/\/minubaltic.ee\/lv\/wp-json\/wp\/v2\/product\/27575","targetHints":{"allow":["GET"]}}],"collection":[{"href":"https:\/\/minubaltic.ee\/lv\/wp-json\/wp\/v2\/product"}],"about":[{"href":"https:\/\/minubaltic.ee\/lv\/wp-json\/wp\/v2\/types\/product"}],"replies":[{"embeddable":true,"href":"https:\/\/minubaltic.ee\/lv\/wp-json\/wp\/v2\/comments?post=27575"}],"version-history":[{"count":0,"href":"https:\/\/minubaltic.ee\/lv\/wp-json\/wp\/v2\/product\/27575\/revisions"}],"wp:featuredmedia":[{"embeddable":true,"href":"https:\/\/minubaltic.ee\/lv\/wp-json\/wp\/v2\/media\/27576"}],"wp:attachment":[{"href":"https:\/\/minubaltic.ee\/lv\/wp-json\/wp\/v2\/media?parent=27575"}],"wp:term":[{"taxonomy":"product_brand","embeddable":true,"href":"https:\/\/minubaltic.ee\/lv\/wp-json\/wp\/v2\/product_brand?post=27575"},{"taxonomy":"product_cat","embeddable":true,"href":"https:\/\/minubaltic.ee\/lv\/wp-json\/wp\/v2\/product_cat?post=27575"},{"taxonomy":"product_tag","embeddable":true,"href":"https:\/\/minubaltic.ee\/lv\/wp-json\/wp\/v2\/product_tag?post=27575"}],"curies":[{"name":"wp","href":"https:\/\/api.w.org\/{rel}","templated":true}]}}