{"id":26771,"date":"2024-06-01T00:08:19","date_gmt":"2024-05-31T21:08:19","guid":{"rendered":"https:\/\/minubaltic.ee\/?post_type=product&#038;p=26771"},"modified":"2024-07-07T02:28:39","modified_gmt":"2024-07-06T23:28:39","slug":"kanepju-spilvendrana-maiga-zila","status":"publish","type":"product","link":"https:\/\/minubaltic.ee\/lv\/e-pood\/gultas-vela\/kanepju-spilvendrana-maiga-zila\/","title":{"rendered":"Ka\u0146epju spilvendr\u0101na &#8211; Maiga zila"},"content":{"rendered":"<p>100% ka\u0146epju spilvendr\u0101na ir hipoaler\u0123iska un antibakteri\u0101la.<\/p>\n<p><strong>Kr\u0101sa:<\/strong> Maiga zila<br \/>\n<strong>Materi\u0101ls:<\/strong> 100% Ka\u0146epes, 180 g\/m2<br \/>\n<strong>Izm\u0113rs:<\/strong> Atkar\u012bgs no j\u016bsu izv\u0113les<\/p>\n<p>Ka\u0146epju spilvendr\u0101nas izv\u0113le ir lieliska izv\u0113le ikvienam, kur\u0161 nov\u0113rt\u0113 dabiskos materi\u0101lus un r\u016bp\u0113jas par savu vesel\u012bbu.<\/p>\n","protected":false},"excerpt":{"rendered":"<p>Ka\u0146epju dabiskais sp\u012bdums pie\u0161\u0137ir spilvendr\u0101nai elegantu un greznu izskatu, kas ir lieliski piem\u0113rots jebkurai gu\u013camistabai. Ka\u0146epes pie\u0161\u0137ir spilvendr\u0101nai iztur\u012bbu un ilgm\u016b\u017e\u012bbu, vienlaikus ir ar\u012b videi draudz\u012bga izv\u0113le.<\/p>\n<p>Ka\u0146epju spilvendr\u0101nas izmanto\u0161ana veicina lab\u0101ku vesel\u012bbu un labsaj\u016btu, jo t\u0101 nodro\u0161ina lab\u0101ku miegu. Ka\u0146epju spilvendr\u0101nas dabisk\u0101s \u012bpa\u0161\u012bbas padara to par ide\u0101lu izv\u0113li aler\u0123ijas un astmas slimniekiem, jo \u200b\u200bka\u0146epes ir materi\u0101ls, kas atbaida bakt\u0113rijas. Turkl\u0101t ka\u0146ep\u0113m piem\u012bt antibakteri\u0101las \u012bpa\u0161\u012bbas, kas pal\u012bdz uztur\u0113t spilvendr\u0101nu t\u012bru un higi\u0113nisku.<\/p>\n<p><img loading=\"lazy\" decoding=\"async\" class=\" wd-lazy-fade alignnone wp-image-21480\" src=\"https:\/\/minubaltic.ee\/wp-content\/themes\/woodmart\/images\/lazy.svg\" data-src=\"https:\/\/minubaltic.ee\/wp-content\/uploads\/2024\/03\/image-removebg-preview-70-400x264.png\" alt=\"\" width=\"156\" height=\"103\" srcset=\"\" data-srcset=\"https:\/\/minubaltic.ee\/wp-content\/uploads\/2024\/03\/image-removebg-preview-70-400x264.png 400w, https:\/\/minubaltic.ee\/wp-content\/uploads\/2024\/03\/image-removebg-preview-70-430x284.png 430w, https:\/\/minubaltic.ee\/wp-content\/uploads\/2024\/03\/image-removebg-preview-70-150x99.png 150w, https:\/\/minubaltic.ee\/wp-content\/uploads\/2024\/03\/image-removebg-preview-70.png 615w\" sizes=\"auto, (max-width: 156px) 100vw, 156px\" \/><img loading=\"lazy\" decoding=\"async\" class=\" wd-lazy-fade alignnone wp-image-26543\" src=\"https:\/\/minubaltic.ee\/wp-content\/themes\/woodmart\/images\/lazy.svg\" data-src=\"https:\/\/minubaltic.ee\/wp-content\/uploads\/2024\/05\/hemp-logo-300x300.png\" alt=\"\" width=\"93\" height=\"93\" srcset=\"\" data-srcset=\"https:\/\/minubaltic.ee\/wp-content\/uploads\/2024\/05\/hemp-logo-300x300.png 300w, https:\/\/minubaltic.ee\/wp-content\/uploads\/2024\/05\/hemp-logo-800x800.png 800w, https:\/\/minubaltic.ee\/wp-content\/uploads\/2024\/05\/hemp-logo-150x150.png 150w, https:\/\/minubaltic.ee\/wp-content\/uploads\/2024\/05\/hemp-logo-768x768.png 768w, https:\/\/minubaltic.ee\/wp-content\/uploads\/2024\/05\/hemp-logo-430x430.png 430w, https:\/\/minubaltic.ee\/wp-content\/uploads\/2024\/05\/hemp-logo-700x700.png 700w, https:\/\/minubaltic.ee\/wp-content\/uploads\/2024\/05\/hemp-logo.png 940w\" sizes=\"auto, (max-width: 93px) 100vw, 93px\" \/><\/p>\n","protected":false},"featured_media":26780,"comment_status":"open","ping_status":"closed","template":"","meta":[],"product_brand":[],"product_cat":[455,693,706,767],"product_tag":[460,461],"class_list":{"0":"post-26771","1":"product","2":"type-product","3":"status-publish","4":"has-post-thumbnail","6":"product_cat-gultas-vela","7":"product_cat-kanepju-gultas-vela","8":"product_cat-kanepju-spilvendranas","9":"product_cat-organiska-gultas-vela","10":"product_tag-e-veikals","11":"product_tag-majas-tekstils","13":"first","14":"instock","15":"shipping-taxable","16":"purchasable","17":"product-type-variable"},"yoast_head":"<!-- This site is optimized with the Yoast SEO plugin v27.3 - https:\/\/yoast.com\/product\/yoast-seo-wordpress\/ -->\n<title>Ka\u0146epju spilvendr\u0101na - Maiga zila - 100% Organic Kanepes<\/title>\n<meta name=\"description\" content=\"Atkl\u0101jiet Ka\u0146epju spilvendr\u0101na grezn\u012bbu \u2013 videi draudz\u012bgu, iztur\u012bgu un dabiski m\u012bkstu. Uzlabojiet sava miega kvalit\u0101ti ar m\u016bsu gultas ve\u013cu, kas izgatavota\" \/>\n<meta name=\"robots\" content=\"index, follow, max-snippet:-1, max-image-preview:large, max-video-preview:-1\" \/>\n<link rel=\"canonical\" href=\"https:\/\/minubaltic.ee\/lv\/e-pood\/gultas-vela\/kanepju-spilvendrana-maiga-zila\/\" \/>\n<meta property=\"og:locale\" content=\"lv_LV\" \/>\n<meta property=\"og:type\" content=\"article\" \/>\n<meta property=\"og:title\" content=\"Ka\u0146epju spilvendr\u0101na - Maiga zila - 100% Organic Kanepes\" \/>\n<meta property=\"og:description\" content=\"Atkl\u0101jiet Ka\u0146epju spilvendr\u0101na grezn\u012bbu \u2013 videi draudz\u012bgu, iztur\u012bgu un dabiski m\u012bkstu. Uzlabojiet sava miega kvalit\u0101ti ar m\u016bsu gultas ve\u013cu, kas izgatavota\" \/>\n<meta property=\"og:url\" content=\"https:\/\/minubaltic.ee\/lv\/e-pood\/gultas-vela\/kanepju-spilvendrana-maiga-zila\/\" \/>\n<meta property=\"article:publisher\" content=\"https:\/\/www.facebook.com\/minubaltic\" \/>\n<meta property=\"article:modified_time\" content=\"2024-07-06T23:28:39+00:00\" \/>\n<meta property=\"og:image\" content=\"https:\/\/minubaltic.ee\/wp-content\/uploads\/2024\/06\/kanep-padjapuur-6.jpg\" \/>\n\t<meta property=\"og:image:width\" content=\"1000\" \/>\n\t<meta property=\"og:image:height\" content=\"1000\" \/>\n\t<meta property=\"og:image:type\" content=\"image\/jpeg\" \/>\n<meta name=\"twitter:card\" content=\"summary_large_image\" \/>\n<meta name=\"twitter:label1\" content=\"Est. reading time\" \/>\n\t<meta name=\"twitter:data1\" content=\"1 minute\" \/>\n<script type=\"application\/ld+json\" class=\"yoast-schema-graph\">{\"@context\":\"https:\\\/\\\/schema.org\",\"@graph\":[{\"@type\":\"WebPage\",\"@id\":\"https:\\\/\\\/minubaltic.ee\\\/lv\\\/e-pood\\\/gultas-vela\\\/kanepju-spilvendrana-maiga-zila\\\/\",\"url\":\"https:\\\/\\\/minubaltic.ee\\\/lv\\\/e-pood\\\/gultas-vela\\\/kanepju-spilvendrana-maiga-zila\\\/\",\"name\":\"Ka\u0146epju spilvendr\u0101na - Maiga zila - 100% Organic Kanepes\",\"isPartOf\":{\"@id\":\"https:\\\/\\\/minubaltic.ee\\\/lv\\\/#website\"},\"primaryImageOfPage\":{\"@id\":\"https:\\\/\\\/minubaltic.ee\\\/lv\\\/e-pood\\\/gultas-vela\\\/kanepju-spilvendrana-maiga-zila\\\/#primaryimage\"},\"image\":{\"@id\":\"https:\\\/\\\/minubaltic.ee\\\/lv\\\/e-pood\\\/gultas-vela\\\/kanepju-spilvendrana-maiga-zila\\\/#primaryimage\"},\"thumbnailUrl\":\"https:\\\/\\\/minubaltic.ee\\\/wp-content\\\/uploads\\\/2024\\\/06\\\/kanep-padjapuur-6.jpg\",\"datePublished\":\"2024-05-31T21:08:19+00:00\",\"dateModified\":\"2024-07-06T23:28:39+00:00\",\"description\":\"Atkl\u0101jiet Ka\u0146epju spilvendr\u0101na grezn\u012bbu \u2013 videi draudz\u012bgu, iztur\u012bgu un dabiski m\u012bkstu. Uzlabojiet sava miega kvalit\u0101ti ar m\u016bsu gultas ve\u013cu, kas izgatavota\",\"breadcrumb\":{\"@id\":\"https:\\\/\\\/minubaltic.ee\\\/lv\\\/e-pood\\\/gultas-vela\\\/kanepju-spilvendrana-maiga-zila\\\/#breadcrumb\"},\"inLanguage\":\"lv-LV\",\"potentialAction\":[{\"@type\":\"ReadAction\",\"target\":[\"https:\\\/\\\/minubaltic.ee\\\/lv\\\/e-pood\\\/gultas-vela\\\/kanepju-spilvendrana-maiga-zila\\\/\"]}]},{\"@type\":\"ImageObject\",\"inLanguage\":\"lv-LV\",\"@id\":\"https:\\\/\\\/minubaltic.ee\\\/lv\\\/e-pood\\\/gultas-vela\\\/kanepju-spilvendrana-maiga-zila\\\/#primaryimage\",\"url\":\"https:\\\/\\\/minubaltic.ee\\\/wp-content\\\/uploads\\\/2024\\\/06\\\/kanep-padjapuur-6.jpg\",\"contentUrl\":\"https:\\\/\\\/minubaltic.ee\\\/wp-content\\\/uploads\\\/2024\\\/06\\\/kanep-padjapuur-6.jpg\",\"width\":1000,\"height\":1000},{\"@type\":\"BreadcrumbList\",\"@id\":\"https:\\\/\\\/minubaltic.ee\\\/lv\\\/e-pood\\\/gultas-vela\\\/kanepju-spilvendrana-maiga-zila\\\/#breadcrumb\",\"itemListElement\":[{\"@type\":\"ListItem\",\"position\":1,\"name\":\"S\u0101kums\",\"item\":\"https:\\\/\\\/minubaltic.ee\\\/lv\\\/\"},{\"@type\":\"ListItem\",\"position\":2,\"name\":\"E-veikals\",\"item\":\"https:\\\/\\\/minubaltic.ee\\\/lv\\\/e-veikals\\\/\"},{\"@type\":\"ListItem\",\"position\":3,\"name\":\"Ka\u0146epju spilvendr\u0101na &#8211; Maiga zila\"}]},{\"@type\":\"WebSite\",\"@id\":\"https:\\\/\\\/minubaltic.ee\\\/lv\\\/#website\",\"url\":\"https:\\\/\\\/minubaltic.ee\\\/lv\\\/\",\"name\":\"minubaltic.ee\",\"description\":\"\",\"publisher\":{\"@id\":\"https:\\\/\\\/minubaltic.ee\\\/lv\\\/#organization\"},\"potentialAction\":[{\"@type\":\"SearchAction\",\"target\":{\"@type\":\"EntryPoint\",\"urlTemplate\":\"https:\\\/\\\/minubaltic.ee\\\/lv\\\/?s={search_term_string}\"},\"query-input\":{\"@type\":\"PropertyValueSpecification\",\"valueRequired\":true,\"valueName\":\"search_term_string\"}}],\"inLanguage\":\"lv-LV\"},{\"@type\":\"Organization\",\"@id\":\"https:\\\/\\\/minubaltic.ee\\\/lv\\\/#organization\",\"name\":\"Minu Baltic O\u00dc\",\"url\":\"https:\\\/\\\/minubaltic.ee\\\/lv\\\/\",\"logo\":{\"@type\":\"ImageObject\",\"inLanguage\":\"lv-LV\",\"@id\":\"https:\\\/\\\/minubaltic.ee\\\/lv\\\/#\\\/schema\\\/logo\\\/image\\\/\",\"url\":\"https:\\\/\\\/minubaltic.ee\\\/wp-content\\\/uploads\\\/2023\\\/10\\\/cropped-cropped-cropped-logo.png\",\"contentUrl\":\"https:\\\/\\\/minubaltic.ee\\\/wp-content\\\/uploads\\\/2023\\\/10\\\/cropped-cropped-cropped-logo.png\",\"width\":500,\"height\":237,\"caption\":\"Minu Baltic O\u00dc\"},\"image\":{\"@id\":\"https:\\\/\\\/minubaltic.ee\\\/lv\\\/#\\\/schema\\\/logo\\\/image\\\/\"},\"sameAs\":[\"https:\\\/\\\/www.facebook.com\\\/minubaltic\"]}]}<\/script>\n<!-- \/ Yoast SEO plugin. -->","yoast_head_json":{"title":"Ka\u0146epju spilvendr\u0101na - Maiga zila - 100% Organic Kanepes","description":"Atkl\u0101jiet Ka\u0146epju spilvendr\u0101na grezn\u012bbu \u2013 videi draudz\u012bgu, iztur\u012bgu un dabiski m\u012bkstu. Uzlabojiet sava miega kvalit\u0101ti ar m\u016bsu gultas ve\u013cu, kas izgatavota","robots":{"index":"index","follow":"follow","max-snippet":"max-snippet:-1","max-image-preview":"max-image-preview:large","max-video-preview":"max-video-preview:-1"},"canonical":"https:\/\/minubaltic.ee\/lv\/e-pood\/gultas-vela\/kanepju-spilvendrana-maiga-zila\/","og_locale":"lv_LV","og_type":"article","og_title":"Ka\u0146epju spilvendr\u0101na - Maiga zila - 100% Organic Kanepes","og_description":"Atkl\u0101jiet Ka\u0146epju spilvendr\u0101na grezn\u012bbu \u2013 videi draudz\u012bgu, iztur\u012bgu un dabiski m\u012bkstu. Uzlabojiet sava miega kvalit\u0101ti ar m\u016bsu gultas ve\u013cu, kas izgatavota","og_url":"https:\/\/minubaltic.ee\/lv\/e-pood\/gultas-vela\/kanepju-spilvendrana-maiga-zila\/","article_publisher":"https:\/\/www.facebook.com\/minubaltic","article_modified_time":"2024-07-06T23:28:39+00:00","og_image":[{"width":1000,"height":1000,"url":"https:\/\/minubaltic.ee\/wp-content\/uploads\/2024\/06\/kanep-padjapuur-6.jpg","type":"image\/jpeg"}],"twitter_card":"summary_large_image","twitter_misc":{"Est. reading time":"1 minute"},"schema":{"@context":"https:\/\/schema.org","@graph":[{"@type":"WebPage","@id":"https:\/\/minubaltic.ee\/lv\/e-pood\/gultas-vela\/kanepju-spilvendrana-maiga-zila\/","url":"https:\/\/minubaltic.ee\/lv\/e-pood\/gultas-vela\/kanepju-spilvendrana-maiga-zila\/","name":"Ka\u0146epju spilvendr\u0101na - Maiga zila - 100% Organic Kanepes","isPartOf":{"@id":"https:\/\/minubaltic.ee\/lv\/#website"},"primaryImageOfPage":{"@id":"https:\/\/minubaltic.ee\/lv\/e-pood\/gultas-vela\/kanepju-spilvendrana-maiga-zila\/#primaryimage"},"image":{"@id":"https:\/\/minubaltic.ee\/lv\/e-pood\/gultas-vela\/kanepju-spilvendrana-maiga-zila\/#primaryimage"},"thumbnailUrl":"https:\/\/minubaltic.ee\/wp-content\/uploads\/2024\/06\/kanep-padjapuur-6.jpg","datePublished":"2024-05-31T21:08:19+00:00","dateModified":"2024-07-06T23:28:39+00:00","description":"Atkl\u0101jiet Ka\u0146epju spilvendr\u0101na grezn\u012bbu \u2013 videi draudz\u012bgu, iztur\u012bgu un dabiski m\u012bkstu. Uzlabojiet sava miega kvalit\u0101ti ar m\u016bsu gultas ve\u013cu, kas izgatavota","breadcrumb":{"@id":"https:\/\/minubaltic.ee\/lv\/e-pood\/gultas-vela\/kanepju-spilvendrana-maiga-zila\/#breadcrumb"},"inLanguage":"lv-LV","potentialAction":[{"@type":"ReadAction","target":["https:\/\/minubaltic.ee\/lv\/e-pood\/gultas-vela\/kanepju-spilvendrana-maiga-zila\/"]}]},{"@type":"ImageObject","inLanguage":"lv-LV","@id":"https:\/\/minubaltic.ee\/lv\/e-pood\/gultas-vela\/kanepju-spilvendrana-maiga-zila\/#primaryimage","url":"https:\/\/minubaltic.ee\/wp-content\/uploads\/2024\/06\/kanep-padjapuur-6.jpg","contentUrl":"https:\/\/minubaltic.ee\/wp-content\/uploads\/2024\/06\/kanep-padjapuur-6.jpg","width":1000,"height":1000},{"@type":"BreadcrumbList","@id":"https:\/\/minubaltic.ee\/lv\/e-pood\/gultas-vela\/kanepju-spilvendrana-maiga-zila\/#breadcrumb","itemListElement":[{"@type":"ListItem","position":1,"name":"S\u0101kums","item":"https:\/\/minubaltic.ee\/lv\/"},{"@type":"ListItem","position":2,"name":"E-veikals","item":"https:\/\/minubaltic.ee\/lv\/e-veikals\/"},{"@type":"ListItem","position":3,"name":"Ka\u0146epju spilvendr\u0101na &#8211; Maiga zila"}]},{"@type":"WebSite","@id":"https:\/\/minubaltic.ee\/lv\/#website","url":"https:\/\/minubaltic.ee\/lv\/","name":"minubaltic.ee","description":"","publisher":{"@id":"https:\/\/minubaltic.ee\/lv\/#organization"},"potentialAction":[{"@type":"SearchAction","target":{"@type":"EntryPoint","urlTemplate":"https:\/\/minubaltic.ee\/lv\/?s={search_term_string}"},"query-input":{"@type":"PropertyValueSpecification","valueRequired":true,"valueName":"search_term_string"}}],"inLanguage":"lv-LV"},{"@type":"Organization","@id":"https:\/\/minubaltic.ee\/lv\/#organization","name":"Minu Baltic O\u00dc","url":"https:\/\/minubaltic.ee\/lv\/","logo":{"@type":"ImageObject","inLanguage":"lv-LV","@id":"https:\/\/minubaltic.ee\/lv\/#\/schema\/logo\/image\/","url":"https:\/\/minubaltic.ee\/wp-content\/uploads\/2023\/10\/cropped-cropped-cropped-logo.png","contentUrl":"https:\/\/minubaltic.ee\/wp-content\/uploads\/2023\/10\/cropped-cropped-cropped-logo.png","width":500,"height":237,"caption":"Minu Baltic O\u00dc"},"image":{"@id":"https:\/\/minubaltic.ee\/lv\/#\/schema\/logo\/image\/"},"sameAs":["https:\/\/www.facebook.com\/minubaltic"]}]}},"_links":{"self":[{"href":"https:\/\/minubaltic.ee\/lv\/wp-json\/wp\/v2\/product\/26771","targetHints":{"allow":["GET"]}}],"collection":[{"href":"https:\/\/minubaltic.ee\/lv\/wp-json\/wp\/v2\/product"}],"about":[{"href":"https:\/\/minubaltic.ee\/lv\/wp-json\/wp\/v2\/types\/product"}],"replies":[{"embeddable":true,"href":"https:\/\/minubaltic.ee\/lv\/wp-json\/wp\/v2\/comments?post=26771"}],"version-history":[{"count":2,"href":"https:\/\/minubaltic.ee\/lv\/wp-json\/wp\/v2\/product\/26771\/revisions"}],"predecessor-version":[{"id":26807,"href":"https:\/\/minubaltic.ee\/lv\/wp-json\/wp\/v2\/product\/26771\/revisions\/26807"}],"wp:featuredmedia":[{"embeddable":true,"href":"https:\/\/minubaltic.ee\/lv\/wp-json\/wp\/v2\/media\/26780"}],"wp:attachment":[{"href":"https:\/\/minubaltic.ee\/lv\/wp-json\/wp\/v2\/media?parent=26771"}],"wp:term":[{"taxonomy":"product_brand","embeddable":true,"href":"https:\/\/minubaltic.ee\/lv\/wp-json\/wp\/v2\/product_brand?post=26771"},{"taxonomy":"product_cat","embeddable":true,"href":"https:\/\/minubaltic.ee\/lv\/wp-json\/wp\/v2\/product_cat?post=26771"},{"taxonomy":"product_tag","embeddable":true,"href":"https:\/\/minubaltic.ee\/lv\/wp-json\/wp\/v2\/product_tag?post=26771"}],"curies":[{"name":"wp","href":"https:\/\/api.w.org\/{rel}","templated":true}]}}