{"id":24889,"date":"2024-04-18T00:58:51","date_gmt":"2024-04-17T21:58:51","guid":{"rendered":"https:\/\/minubaltic.ee\/?post_type=product&#038;p=24889"},"modified":"2025-09-23T22:59:03","modified_gmt":"2025-09-23T19:59:03","slug":"sojas-sega-200-230","status":"publish","type":"product","link":"https:\/\/minubaltic.ee\/lv\/e-pood\/segas\/sojas-sega-200-230\/","title":{"rendered":"Sojas sega 200&#215;230"},"content":{"rendered":"<p>\ud83e\uded8 Segas ar sojas pild\u012bjumu ir izgatavotas no dab\u012bga un atjaunojama materi\u0101la &#8211; sojas. Sojas \u0161\u0137iedras ir m\u012bkstas, vieglas un elpojo\u0161as, un t\u0101m piem\u012bt antialer\u0123iskas \u012bpa\u0161\u012bbas. Segas ar sojas pild\u012bjumu pal\u012bdz regul\u0113t \u0137erme\u0146a temperat\u016bru un nodro\u0161ina labu un komfortablu miegu.<br \/>\n\ud83e\uded8 Sega ar sojas pild\u012bjumu ir ide\u0101la izv\u0113le tiem, kas ciena dabiskus materi\u0101lus un v\u0113las ekolo\u0123isk\u0101kus produktus. Turkl\u0101t ar soju pild\u012bt\u0101s segas ir ar\u012b iztur\u012bgas, un t\u0101m ir ilg\u0101ks kalpo\u0161anas laiks.<br \/>\n\ud83e\uded8Kopum\u0101 var teikt, ka segas ar sojas pild\u012bjumu ir videi draudz\u012bg\u0101kas un vesel\u012bg\u0101kas iesp\u0113jas, sal\u012bdzinot ar seg\u0101m ar tradicion\u0101lo sint\u0113tisko pild\u012bjumu. Turkl\u0101t tie ir ar\u012b \u0113rti un nodro\u0161ina labu siltumu un komfortu.<\/p>\n","protected":false},"excerpt":{"rendered":"<p>Svars: 3 kg<br \/>\nIzm\u0113rs: 200\u00d7230 cm<br \/>\nSpecifik\u0101cija: \u00b15 cm<\/p>\n<p><strong>Sega satur sojas \u0161\u0137iedras<\/strong><\/p>\n","protected":false},"featured_media":24894,"comment_status":"open","ping_status":"closed","template":"","meta":[],"product_brand":[],"product_cat":[451,453,606],"product_tag":[459,460,465,464,466],"class_list":{"0":"post-24889","1":"product","2":"type-product","3":"status-publish","4":"has-post-thumbnail","6":"product_cat-segas","7":"product_cat-segas-200-230","8":"product_cat-sojas-segas","9":"product_tag-e-komercija","10":"product_tag-e-veikals","11":"product_tag-sega","12":"product_tag-segas","13":"product_tag-tekstils","15":"first","16":"outofstock","17":"sale","18":"shipping-taxable","19":"purchasable","20":"product-type-simple"},"yoast_head":"<!-- This site is optimized with the Yoast SEO plugin v27.3 - https:\/\/yoast.com\/product\/yoast-seo-wordpress\/ -->\n<title>Sojas sega 200x230 - Sega ir izgatavota no sojas \u0161\u0137iedras.<\/title>\n<meta name=\"description\" content=\"Segas ar sojas pild\u012bjumu ir izgatavotas no dab\u012bga un atjaunojama materi\u0101la \u2013 sojas. Sojas \u0161\u0137iedras ir m\u012bkstas, vieglas un elpojo\u0161as, un t\u0101m piem\u012bt antialer\" \/>\n<meta name=\"robots\" content=\"index, follow, max-snippet:-1, max-image-preview:large, max-video-preview:-1\" \/>\n<link rel=\"canonical\" href=\"https:\/\/minubaltic.ee\/lv\/e-pood\/segas\/sojas-sega-200-230\/\" \/>\n<meta property=\"og:locale\" content=\"lv_LV\" \/>\n<meta property=\"og:type\" content=\"article\" \/>\n<meta property=\"og:title\" content=\"Sojas sega 200x230 - Sega ir izgatavota no sojas \u0161\u0137iedras.\" \/>\n<meta property=\"og:description\" content=\"Segas ar sojas pild\u012bjumu ir izgatavotas no dab\u012bga un atjaunojama materi\u0101la \u2013 sojas. Sojas \u0161\u0137iedras ir m\u012bkstas, vieglas un elpojo\u0161as, un t\u0101m piem\u012bt antialer\" \/>\n<meta property=\"og:url\" content=\"https:\/\/minubaltic.ee\/lv\/e-pood\/segas\/sojas-sega-200-230\/\" \/>\n<meta property=\"article:publisher\" content=\"https:\/\/www.facebook.com\/minubaltic\" \/>\n<meta property=\"article:modified_time\" content=\"2025-09-23T19:59:03+00:00\" \/>\n<meta property=\"og:image\" content=\"https:\/\/minubaltic.ee\/wp-content\/uploads\/2024\/04\/sojad-tekid-3.jpg\" \/>\n\t<meta property=\"og:image:width\" content=\"789\" \/>\n\t<meta property=\"og:image:height\" content=\"789\" \/>\n\t<meta property=\"og:image:type\" content=\"image\/jpeg\" \/>\n<meta name=\"twitter:card\" content=\"summary_large_image\" \/>\n<meta name=\"twitter:label1\" content=\"Est. reading time\" \/>\n\t<meta name=\"twitter:data1\" content=\"1 minute\" \/>\n<script type=\"application\/ld+json\" class=\"yoast-schema-graph\">{\"@context\":\"https:\\\/\\\/schema.org\",\"@graph\":[{\"@type\":\"WebPage\",\"@id\":\"https:\\\/\\\/minubaltic.ee\\\/lv\\\/e-pood\\\/segas\\\/sojas-sega-200-230\\\/\",\"url\":\"https:\\\/\\\/minubaltic.ee\\\/lv\\\/e-pood\\\/segas\\\/sojas-sega-200-230\\\/\",\"name\":\"Sojas sega 200x230 - Sega ir izgatavota no sojas \u0161\u0137iedras.\",\"isPartOf\":{\"@id\":\"https:\\\/\\\/minubaltic.ee\\\/lv\\\/#website\"},\"primaryImageOfPage\":{\"@id\":\"https:\\\/\\\/minubaltic.ee\\\/lv\\\/e-pood\\\/segas\\\/sojas-sega-200-230\\\/#primaryimage\"},\"image\":{\"@id\":\"https:\\\/\\\/minubaltic.ee\\\/lv\\\/e-pood\\\/segas\\\/sojas-sega-200-230\\\/#primaryimage\"},\"thumbnailUrl\":\"https:\\\/\\\/minubaltic.ee\\\/wp-content\\\/uploads\\\/2024\\\/04\\\/sojad-tekid-3.jpg\",\"datePublished\":\"2024-04-17T21:58:51+00:00\",\"dateModified\":\"2025-09-23T19:59:03+00:00\",\"description\":\"Segas ar sojas pild\u012bjumu ir izgatavotas no dab\u012bga un atjaunojama materi\u0101la \u2013 sojas. Sojas \u0161\u0137iedras ir m\u012bkstas, vieglas un elpojo\u0161as, un t\u0101m piem\u012bt antialer\",\"breadcrumb\":{\"@id\":\"https:\\\/\\\/minubaltic.ee\\\/lv\\\/e-pood\\\/segas\\\/sojas-sega-200-230\\\/#breadcrumb\"},\"inLanguage\":\"lv-LV\",\"potentialAction\":[{\"@type\":\"ReadAction\",\"target\":[\"https:\\\/\\\/minubaltic.ee\\\/lv\\\/e-pood\\\/segas\\\/sojas-sega-200-230\\\/\"]}]},{\"@type\":\"ImageObject\",\"inLanguage\":\"lv-LV\",\"@id\":\"https:\\\/\\\/minubaltic.ee\\\/lv\\\/e-pood\\\/segas\\\/sojas-sega-200-230\\\/#primaryimage\",\"url\":\"https:\\\/\\\/minubaltic.ee\\\/wp-content\\\/uploads\\\/2024\\\/04\\\/sojad-tekid-3.jpg\",\"contentUrl\":\"https:\\\/\\\/minubaltic.ee\\\/wp-content\\\/uploads\\\/2024\\\/04\\\/sojad-tekid-3.jpg\",\"width\":789,\"height\":789},{\"@type\":\"BreadcrumbList\",\"@id\":\"https:\\\/\\\/minubaltic.ee\\\/lv\\\/e-pood\\\/segas\\\/sojas-sega-200-230\\\/#breadcrumb\",\"itemListElement\":[{\"@type\":\"ListItem\",\"position\":1,\"name\":\"S\u0101kums\",\"item\":\"https:\\\/\\\/minubaltic.ee\\\/lv\\\/\"},{\"@type\":\"ListItem\",\"position\":2,\"name\":\"E-veikals\",\"item\":\"https:\\\/\\\/minubaltic.ee\\\/lv\\\/e-veikals\\\/\"},{\"@type\":\"ListItem\",\"position\":3,\"name\":\"Sojas sega 200&#215;230\"}]},{\"@type\":\"WebSite\",\"@id\":\"https:\\\/\\\/minubaltic.ee\\\/lv\\\/#website\",\"url\":\"https:\\\/\\\/minubaltic.ee\\\/lv\\\/\",\"name\":\"minubaltic.ee\",\"description\":\"\",\"publisher\":{\"@id\":\"https:\\\/\\\/minubaltic.ee\\\/lv\\\/#organization\"},\"potentialAction\":[{\"@type\":\"SearchAction\",\"target\":{\"@type\":\"EntryPoint\",\"urlTemplate\":\"https:\\\/\\\/minubaltic.ee\\\/lv\\\/?s={search_term_string}\"},\"query-input\":{\"@type\":\"PropertyValueSpecification\",\"valueRequired\":true,\"valueName\":\"search_term_string\"}}],\"inLanguage\":\"lv-LV\"},{\"@type\":\"Organization\",\"@id\":\"https:\\\/\\\/minubaltic.ee\\\/lv\\\/#organization\",\"name\":\"Minu Baltic O\u00dc\",\"url\":\"https:\\\/\\\/minubaltic.ee\\\/lv\\\/\",\"logo\":{\"@type\":\"ImageObject\",\"inLanguage\":\"lv-LV\",\"@id\":\"https:\\\/\\\/minubaltic.ee\\\/lv\\\/#\\\/schema\\\/logo\\\/image\\\/\",\"url\":\"https:\\\/\\\/minubaltic.ee\\\/wp-content\\\/uploads\\\/2023\\\/10\\\/cropped-cropped-cropped-logo.png\",\"contentUrl\":\"https:\\\/\\\/minubaltic.ee\\\/wp-content\\\/uploads\\\/2023\\\/10\\\/cropped-cropped-cropped-logo.png\",\"width\":500,\"height\":237,\"caption\":\"Minu Baltic O\u00dc\"},\"image\":{\"@id\":\"https:\\\/\\\/minubaltic.ee\\\/lv\\\/#\\\/schema\\\/logo\\\/image\\\/\"},\"sameAs\":[\"https:\\\/\\\/www.facebook.com\\\/minubaltic\"]}]}<\/script>\n<!-- \/ Yoast SEO plugin. -->","yoast_head_json":{"title":"Sojas sega 200x230 - Sega ir izgatavota no sojas \u0161\u0137iedras.","description":"Segas ar sojas pild\u012bjumu ir izgatavotas no dab\u012bga un atjaunojama materi\u0101la \u2013 sojas. Sojas \u0161\u0137iedras ir m\u012bkstas, vieglas un elpojo\u0161as, un t\u0101m piem\u012bt antialer","robots":{"index":"index","follow":"follow","max-snippet":"max-snippet:-1","max-image-preview":"max-image-preview:large","max-video-preview":"max-video-preview:-1"},"canonical":"https:\/\/minubaltic.ee\/lv\/e-pood\/segas\/sojas-sega-200-230\/","og_locale":"lv_LV","og_type":"article","og_title":"Sojas sega 200x230 - Sega ir izgatavota no sojas \u0161\u0137iedras.","og_description":"Segas ar sojas pild\u012bjumu ir izgatavotas no dab\u012bga un atjaunojama materi\u0101la \u2013 sojas. Sojas \u0161\u0137iedras ir m\u012bkstas, vieglas un elpojo\u0161as, un t\u0101m piem\u012bt antialer","og_url":"https:\/\/minubaltic.ee\/lv\/e-pood\/segas\/sojas-sega-200-230\/","article_publisher":"https:\/\/www.facebook.com\/minubaltic","article_modified_time":"2025-09-23T19:59:03+00:00","og_image":[{"width":789,"height":789,"url":"https:\/\/minubaltic.ee\/wp-content\/uploads\/2024\/04\/sojad-tekid-3.jpg","type":"image\/jpeg"}],"twitter_card":"summary_large_image","twitter_misc":{"Est. reading time":"1 minute"},"schema":{"@context":"https:\/\/schema.org","@graph":[{"@type":"WebPage","@id":"https:\/\/minubaltic.ee\/lv\/e-pood\/segas\/sojas-sega-200-230\/","url":"https:\/\/minubaltic.ee\/lv\/e-pood\/segas\/sojas-sega-200-230\/","name":"Sojas sega 200x230 - Sega ir izgatavota no sojas \u0161\u0137iedras.","isPartOf":{"@id":"https:\/\/minubaltic.ee\/lv\/#website"},"primaryImageOfPage":{"@id":"https:\/\/minubaltic.ee\/lv\/e-pood\/segas\/sojas-sega-200-230\/#primaryimage"},"image":{"@id":"https:\/\/minubaltic.ee\/lv\/e-pood\/segas\/sojas-sega-200-230\/#primaryimage"},"thumbnailUrl":"https:\/\/minubaltic.ee\/wp-content\/uploads\/2024\/04\/sojad-tekid-3.jpg","datePublished":"2024-04-17T21:58:51+00:00","dateModified":"2025-09-23T19:59:03+00:00","description":"Segas ar sojas pild\u012bjumu ir izgatavotas no dab\u012bga un atjaunojama materi\u0101la \u2013 sojas. Sojas \u0161\u0137iedras ir m\u012bkstas, vieglas un elpojo\u0161as, un t\u0101m piem\u012bt antialer","breadcrumb":{"@id":"https:\/\/minubaltic.ee\/lv\/e-pood\/segas\/sojas-sega-200-230\/#breadcrumb"},"inLanguage":"lv-LV","potentialAction":[{"@type":"ReadAction","target":["https:\/\/minubaltic.ee\/lv\/e-pood\/segas\/sojas-sega-200-230\/"]}]},{"@type":"ImageObject","inLanguage":"lv-LV","@id":"https:\/\/minubaltic.ee\/lv\/e-pood\/segas\/sojas-sega-200-230\/#primaryimage","url":"https:\/\/minubaltic.ee\/wp-content\/uploads\/2024\/04\/sojad-tekid-3.jpg","contentUrl":"https:\/\/minubaltic.ee\/wp-content\/uploads\/2024\/04\/sojad-tekid-3.jpg","width":789,"height":789},{"@type":"BreadcrumbList","@id":"https:\/\/minubaltic.ee\/lv\/e-pood\/segas\/sojas-sega-200-230\/#breadcrumb","itemListElement":[{"@type":"ListItem","position":1,"name":"S\u0101kums","item":"https:\/\/minubaltic.ee\/lv\/"},{"@type":"ListItem","position":2,"name":"E-veikals","item":"https:\/\/minubaltic.ee\/lv\/e-veikals\/"},{"@type":"ListItem","position":3,"name":"Sojas sega 200&#215;230"}]},{"@type":"WebSite","@id":"https:\/\/minubaltic.ee\/lv\/#website","url":"https:\/\/minubaltic.ee\/lv\/","name":"minubaltic.ee","description":"","publisher":{"@id":"https:\/\/minubaltic.ee\/lv\/#organization"},"potentialAction":[{"@type":"SearchAction","target":{"@type":"EntryPoint","urlTemplate":"https:\/\/minubaltic.ee\/lv\/?s={search_term_string}"},"query-input":{"@type":"PropertyValueSpecification","valueRequired":true,"valueName":"search_term_string"}}],"inLanguage":"lv-LV"},{"@type":"Organization","@id":"https:\/\/minubaltic.ee\/lv\/#organization","name":"Minu Baltic O\u00dc","url":"https:\/\/minubaltic.ee\/lv\/","logo":{"@type":"ImageObject","inLanguage":"lv-LV","@id":"https:\/\/minubaltic.ee\/lv\/#\/schema\/logo\/image\/","url":"https:\/\/minubaltic.ee\/wp-content\/uploads\/2023\/10\/cropped-cropped-cropped-logo.png","contentUrl":"https:\/\/minubaltic.ee\/wp-content\/uploads\/2023\/10\/cropped-cropped-cropped-logo.png","width":500,"height":237,"caption":"Minu Baltic O\u00dc"},"image":{"@id":"https:\/\/minubaltic.ee\/lv\/#\/schema\/logo\/image\/"},"sameAs":["https:\/\/www.facebook.com\/minubaltic"]}]}},"_links":{"self":[{"href":"https:\/\/minubaltic.ee\/lv\/wp-json\/wp\/v2\/product\/24889","targetHints":{"allow":["GET"]}}],"collection":[{"href":"https:\/\/minubaltic.ee\/lv\/wp-json\/wp\/v2\/product"}],"about":[{"href":"https:\/\/minubaltic.ee\/lv\/wp-json\/wp\/v2\/types\/product"}],"replies":[{"embeddable":true,"href":"https:\/\/minubaltic.ee\/lv\/wp-json\/wp\/v2\/comments?post=24889"}],"version-history":[{"count":0,"href":"https:\/\/minubaltic.ee\/lv\/wp-json\/wp\/v2\/product\/24889\/revisions"}],"wp:featuredmedia":[{"embeddable":true,"href":"https:\/\/minubaltic.ee\/lv\/wp-json\/wp\/v2\/media\/24894"}],"wp:attachment":[{"href":"https:\/\/minubaltic.ee\/lv\/wp-json\/wp\/v2\/media?parent=24889"}],"wp:term":[{"taxonomy":"product_brand","embeddable":true,"href":"https:\/\/minubaltic.ee\/lv\/wp-json\/wp\/v2\/product_brand?post=24889"},{"taxonomy":"product_cat","embeddable":true,"href":"https:\/\/minubaltic.ee\/lv\/wp-json\/wp\/v2\/product_cat?post=24889"},{"taxonomy":"product_tag","embeddable":true,"href":"https:\/\/minubaltic.ee\/lv\/wp-json\/wp\/v2\/product_tag?post=24889"}],"curies":[{"name":"wp","href":"https:\/\/api.w.org\/{rel}","templated":true}]}}