{"id":24299,"date":"2023-11-24T17:59:13","date_gmt":"2023-11-24T14:59:13","guid":{"rendered":"https:\/\/minubaltic.ee\/e-pood\/uncategorized\/ab-versijas-divslanu-sega-200x230\/"},"modified":"2024-08-06T18:00:56","modified_gmt":"2024-08-06T15:00:56","slug":"ab-versijas-divslanu-sega-200-230-21","status":"publish","type":"product","link":"https:\/\/minubaltic.ee\/lv\/e-pood\/segas\/ab-versijas-divslanu-sega-200-230-21\/","title":{"rendered":"AB versijas divsl\u0101\u0146u sega 200\u00d7230"},"content":{"rendered":"<ul>\n<li><strong>Divpus\u0113ja sega: (AB) at\u0161\u0137ir\u012bgs raksts katr\u0101 pus\u0113.<\/strong><\/li>\n<li><span class=\"product-attribute__label\"><strong>Auduma sast\u0101vs:<\/strong> poliestera \u0161\u0137iedra (poliesteris)<\/span><\/li>\n<li><strong>Da\u013cu skaits:<\/strong> 1<\/li>\n<li><strong>Svars: <\/strong>2,6 kg<\/li>\n<li><strong>Izm\u0113ri:<\/strong> 200\u00d7230 cm<\/li>\n<li><strong>Specifik\u0101cija<\/strong>: 1cm x 1-3cm<\/li>\n<li><strong>Sezona:<\/strong> Visas sezonas<\/li>\n<li><strong>Stils <\/strong>: Amerik\u0101\u0146u stils<\/li>\n<li><strong>Papildus inform\u0101cija:<\/strong> \u012bpa\u0161i m\u012bksts, \u0113rts, biezs, silts, elpojo\u0161s<\/li>\n<li>Produktu att\u0113li ir ilustrat\u012bvi<\/li>\n<\/ul>\n","protected":false},"excerpt":{"rendered":"<p>Daudzgad\u012bg\u0101 divpus\u0113j\u0101 sega ir tie\u0161i tas, ko esat mekl\u0113jis, lai sild\u012btos garajos ziemas m\u0113ne\u0161os. Izgatavota no augsta bl\u012bvuma \u0161\u0137iedr\u0101m, kas padara segu \u012bpa\u0161i m\u012bkstu un iztur\u012bgu. Lieliski piem\u0113rots lieto\u0161anai m\u0101j\u0101s vai viesu vai \u0123imenes gultas dekor\u0113\u0161anai.<br \/>\nSilta dubult\u0101 sega ir lieliska d\u0101vana j\u016bsu \u0123imenei un draugiem.<\/p>\n","protected":false},"featured_media":24284,"comment_status":"open","ping_status":"closed","template":"","meta":[],"product_brand":[],"product_cat":[451,453],"product_tag":[459,460,461,465,464,466],"class_list":{"0":"post-24299","1":"product","2":"type-product","3":"status-publish","4":"has-post-thumbnail","6":"product_cat-segas","7":"product_cat-segas-200-230","8":"product_tag-e-komercija","9":"product_tag-e-veikals","10":"product_tag-majas-tekstils","11":"product_tag-sega","12":"product_tag-segas","13":"product_tag-tekstils","15":"first","16":"outofstock","17":"sale","18":"shipping-taxable","19":"purchasable","20":"product-type-simple"},"yoast_head":"<!-- This site is optimized with the Yoast SEO plugin v27.5 - https:\/\/yoast.com\/product\/yoast-seo-wordpress\/ -->\n<title>AB versijas divsl\u0101\u0146u sega 200\u00d7230 - 50% atlaide<\/title>\n<meta name=\"description\" content=\"Divsl\u0101\u0146u segu pied\u0101v\u0101 at\u0161\u0137ir\u012bgas rakstus ab\u0101s pus\u0113s; vien\u0101 pus\u0113 ir da\u017e\u0101di raksti, bet otr\u0101 pus\u0113 ir citi. \u0160\u012b daudzpus\u012bba un pievilc\u012bgais izskats \u0161aj\u0101 ir ap..\" \/>\n<meta name=\"robots\" content=\"index, follow, max-snippet:-1, max-image-preview:large, max-video-preview:-1\" \/>\n<link rel=\"canonical\" href=\"https:\/\/minubaltic.ee\/lv\/e-pood\/segas\/ab-versijas-divslanu-sega-200-230-21\/\" \/>\n<meta property=\"og:locale\" content=\"lv_LV\" \/>\n<meta property=\"og:type\" content=\"article\" \/>\n<meta property=\"og:title\" content=\"AB versijas divsl\u0101\u0146u sega 200\u00d7230 - 50% atlaide\" \/>\n<meta property=\"og:description\" content=\"Divsl\u0101\u0146u segu pied\u0101v\u0101 at\u0161\u0137ir\u012bgas rakstus ab\u0101s pus\u0113s; vien\u0101 pus\u0113 ir da\u017e\u0101di raksti, bet otr\u0101 pus\u0113 ir citi. \u0160\u012b daudzpus\u012bba un pievilc\u012bgais izskats \u0161aj\u0101 ir ap..\" \/>\n<meta property=\"og:url\" content=\"https:\/\/minubaltic.ee\/lv\/e-pood\/segas\/ab-versijas-divslanu-sega-200-230-21\/\" \/>\n<meta property=\"article:publisher\" content=\"https:\/\/www.facebook.com\/minubaltic\" \/>\n<meta property=\"article:modified_time\" content=\"2024-08-06T15:00:56+00:00\" \/>\n<meta property=\"og:image\" content=\"https:\/\/minubaltic.ee\/wp-content\/uploads\/2023\/11\/AB-tekid24-1.jpg\" \/>\n\t<meta property=\"og:image:width\" content=\"800\" \/>\n\t<meta property=\"og:image:height\" content=\"800\" \/>\n\t<meta property=\"og:image:type\" content=\"image\/jpeg\" \/>\n<meta name=\"twitter:card\" content=\"summary_large_image\" \/>\n<meta name=\"twitter:label1\" content=\"Est. reading time\" \/>\n\t<meta name=\"twitter:data1\" content=\"1 minute\" \/>\n<script type=\"application\/ld+json\" class=\"yoast-schema-graph\">{\"@context\":\"https:\\\/\\\/schema.org\",\"@graph\":[{\"@type\":\"WebPage\",\"@id\":\"https:\\\/\\\/minubaltic.ee\\\/lv\\\/e-pood\\\/segas\\\/ab-versijas-divslanu-sega-200-230-21\\\/\",\"url\":\"https:\\\/\\\/minubaltic.ee\\\/lv\\\/e-pood\\\/segas\\\/ab-versijas-divslanu-sega-200-230-21\\\/\",\"name\":\"AB versijas divsl\u0101\u0146u sega 200\u00d7230 - 50% atlaide\",\"isPartOf\":{\"@id\":\"https:\\\/\\\/minubaltic.ee\\\/lv\\\/#website\"},\"primaryImageOfPage\":{\"@id\":\"https:\\\/\\\/minubaltic.ee\\\/lv\\\/e-pood\\\/segas\\\/ab-versijas-divslanu-sega-200-230-21\\\/#primaryimage\"},\"image\":{\"@id\":\"https:\\\/\\\/minubaltic.ee\\\/lv\\\/e-pood\\\/segas\\\/ab-versijas-divslanu-sega-200-230-21\\\/#primaryimage\"},\"thumbnailUrl\":\"https:\\\/\\\/minubaltic.ee\\\/wp-content\\\/uploads\\\/2023\\\/11\\\/AB-tekid24-1.jpg\",\"datePublished\":\"2023-11-24T14:59:13+00:00\",\"dateModified\":\"2024-08-06T15:00:56+00:00\",\"description\":\"Divsl\u0101\u0146u segu pied\u0101v\u0101 at\u0161\u0137ir\u012bgas rakstus ab\u0101s pus\u0113s; vien\u0101 pus\u0113 ir da\u017e\u0101di raksti, bet otr\u0101 pus\u0113 ir citi. \u0160\u012b daudzpus\u012bba un pievilc\u012bgais izskats \u0161aj\u0101 ir ap..\",\"breadcrumb\":{\"@id\":\"https:\\\/\\\/minubaltic.ee\\\/lv\\\/e-pood\\\/segas\\\/ab-versijas-divslanu-sega-200-230-21\\\/#breadcrumb\"},\"inLanguage\":\"lv-LV\",\"potentialAction\":[{\"@type\":\"ReadAction\",\"target\":[\"https:\\\/\\\/minubaltic.ee\\\/lv\\\/e-pood\\\/segas\\\/ab-versijas-divslanu-sega-200-230-21\\\/\"]}]},{\"@type\":\"ImageObject\",\"inLanguage\":\"lv-LV\",\"@id\":\"https:\\\/\\\/minubaltic.ee\\\/lv\\\/e-pood\\\/segas\\\/ab-versijas-divslanu-sega-200-230-21\\\/#primaryimage\",\"url\":\"https:\\\/\\\/minubaltic.ee\\\/wp-content\\\/uploads\\\/2023\\\/11\\\/AB-tekid24-1.jpg\",\"contentUrl\":\"https:\\\/\\\/minubaltic.ee\\\/wp-content\\\/uploads\\\/2023\\\/11\\\/AB-tekid24-1.jpg\",\"width\":800,\"height\":800,\"caption\":\"xr:d:DAGCel8hbvM:3,j:3486211047068827374,t:24041510\"},{\"@type\":\"BreadcrumbList\",\"@id\":\"https:\\\/\\\/minubaltic.ee\\\/lv\\\/e-pood\\\/segas\\\/ab-versijas-divslanu-sega-200-230-21\\\/#breadcrumb\",\"itemListElement\":[{\"@type\":\"ListItem\",\"position\":1,\"name\":\"S\u0101kums\",\"item\":\"https:\\\/\\\/minubaltic.ee\\\/lv\\\/\"},{\"@type\":\"ListItem\",\"position\":2,\"name\":\"E-veikals\",\"item\":\"https:\\\/\\\/minubaltic.ee\\\/lv\\\/e-veikals\\\/\"},{\"@type\":\"ListItem\",\"position\":3,\"name\":\"AB versijas divsl\u0101\u0146u sega 200\u00d7230\"}]},{\"@type\":\"WebSite\",\"@id\":\"https:\\\/\\\/minubaltic.ee\\\/lv\\\/#website\",\"url\":\"https:\\\/\\\/minubaltic.ee\\\/lv\\\/\",\"name\":\"minubaltic.ee\",\"description\":\"\",\"publisher\":{\"@id\":\"https:\\\/\\\/minubaltic.ee\\\/lv\\\/#organization\"},\"potentialAction\":[{\"@type\":\"SearchAction\",\"target\":{\"@type\":\"EntryPoint\",\"urlTemplate\":\"https:\\\/\\\/minubaltic.ee\\\/lv\\\/?s={search_term_string}\"},\"query-input\":{\"@type\":\"PropertyValueSpecification\",\"valueRequired\":true,\"valueName\":\"search_term_string\"}}],\"inLanguage\":\"lv-LV\"},{\"@type\":\"Organization\",\"@id\":\"https:\\\/\\\/minubaltic.ee\\\/lv\\\/#organization\",\"name\":\"Minu Baltic O\u00dc\",\"url\":\"https:\\\/\\\/minubaltic.ee\\\/lv\\\/\",\"logo\":{\"@type\":\"ImageObject\",\"inLanguage\":\"lv-LV\",\"@id\":\"https:\\\/\\\/minubaltic.ee\\\/lv\\\/#\\\/schema\\\/logo\\\/image\\\/\",\"url\":\"https:\\\/\\\/minubaltic.ee\\\/wp-content\\\/uploads\\\/2023\\\/10\\\/cropped-cropped-cropped-logo.png\",\"contentUrl\":\"https:\\\/\\\/minubaltic.ee\\\/wp-content\\\/uploads\\\/2023\\\/10\\\/cropped-cropped-cropped-logo.png\",\"width\":500,\"height\":237,\"caption\":\"Minu Baltic O\u00dc\"},\"image\":{\"@id\":\"https:\\\/\\\/minubaltic.ee\\\/lv\\\/#\\\/schema\\\/logo\\\/image\\\/\"},\"sameAs\":[\"https:\\\/\\\/www.facebook.com\\\/minubaltic\"]}]}<\/script>\n<!-- \/ Yoast SEO plugin. -->","yoast_head_json":{"title":"AB versijas divsl\u0101\u0146u sega 200\u00d7230 - 50% atlaide","description":"Divsl\u0101\u0146u segu pied\u0101v\u0101 at\u0161\u0137ir\u012bgas rakstus ab\u0101s pus\u0113s; vien\u0101 pus\u0113 ir da\u017e\u0101di raksti, bet otr\u0101 pus\u0113 ir citi. \u0160\u012b daudzpus\u012bba un pievilc\u012bgais izskats \u0161aj\u0101 ir ap..","robots":{"index":"index","follow":"follow","max-snippet":"max-snippet:-1","max-image-preview":"max-image-preview:large","max-video-preview":"max-video-preview:-1"},"canonical":"https:\/\/minubaltic.ee\/lv\/e-pood\/segas\/ab-versijas-divslanu-sega-200-230-21\/","og_locale":"lv_LV","og_type":"article","og_title":"AB versijas divsl\u0101\u0146u sega 200\u00d7230 - 50% atlaide","og_description":"Divsl\u0101\u0146u segu pied\u0101v\u0101 at\u0161\u0137ir\u012bgas rakstus ab\u0101s pus\u0113s; vien\u0101 pus\u0113 ir da\u017e\u0101di raksti, bet otr\u0101 pus\u0113 ir citi. \u0160\u012b daudzpus\u012bba un pievilc\u012bgais izskats \u0161aj\u0101 ir ap..","og_url":"https:\/\/minubaltic.ee\/lv\/e-pood\/segas\/ab-versijas-divslanu-sega-200-230-21\/","article_publisher":"https:\/\/www.facebook.com\/minubaltic","article_modified_time":"2024-08-06T15:00:56+00:00","og_image":[{"width":800,"height":800,"url":"https:\/\/minubaltic.ee\/wp-content\/uploads\/2023\/11\/AB-tekid24-1.jpg","type":"image\/jpeg"}],"twitter_card":"summary_large_image","twitter_misc":{"Est. reading time":"1 minute"},"schema":{"@context":"https:\/\/schema.org","@graph":[{"@type":"WebPage","@id":"https:\/\/minubaltic.ee\/lv\/e-pood\/segas\/ab-versijas-divslanu-sega-200-230-21\/","url":"https:\/\/minubaltic.ee\/lv\/e-pood\/segas\/ab-versijas-divslanu-sega-200-230-21\/","name":"AB versijas divsl\u0101\u0146u sega 200\u00d7230 - 50% atlaide","isPartOf":{"@id":"https:\/\/minubaltic.ee\/lv\/#website"},"primaryImageOfPage":{"@id":"https:\/\/minubaltic.ee\/lv\/e-pood\/segas\/ab-versijas-divslanu-sega-200-230-21\/#primaryimage"},"image":{"@id":"https:\/\/minubaltic.ee\/lv\/e-pood\/segas\/ab-versijas-divslanu-sega-200-230-21\/#primaryimage"},"thumbnailUrl":"https:\/\/minubaltic.ee\/wp-content\/uploads\/2023\/11\/AB-tekid24-1.jpg","datePublished":"2023-11-24T14:59:13+00:00","dateModified":"2024-08-06T15:00:56+00:00","description":"Divsl\u0101\u0146u segu pied\u0101v\u0101 at\u0161\u0137ir\u012bgas rakstus ab\u0101s pus\u0113s; vien\u0101 pus\u0113 ir da\u017e\u0101di raksti, bet otr\u0101 pus\u0113 ir citi. \u0160\u012b daudzpus\u012bba un pievilc\u012bgais izskats \u0161aj\u0101 ir ap..","breadcrumb":{"@id":"https:\/\/minubaltic.ee\/lv\/e-pood\/segas\/ab-versijas-divslanu-sega-200-230-21\/#breadcrumb"},"inLanguage":"lv-LV","potentialAction":[{"@type":"ReadAction","target":["https:\/\/minubaltic.ee\/lv\/e-pood\/segas\/ab-versijas-divslanu-sega-200-230-21\/"]}]},{"@type":"ImageObject","inLanguage":"lv-LV","@id":"https:\/\/minubaltic.ee\/lv\/e-pood\/segas\/ab-versijas-divslanu-sega-200-230-21\/#primaryimage","url":"https:\/\/minubaltic.ee\/wp-content\/uploads\/2023\/11\/AB-tekid24-1.jpg","contentUrl":"https:\/\/minubaltic.ee\/wp-content\/uploads\/2023\/11\/AB-tekid24-1.jpg","width":800,"height":800,"caption":"xr:d:DAGCel8hbvM:3,j:3486211047068827374,t:24041510"},{"@type":"BreadcrumbList","@id":"https:\/\/minubaltic.ee\/lv\/e-pood\/segas\/ab-versijas-divslanu-sega-200-230-21\/#breadcrumb","itemListElement":[{"@type":"ListItem","position":1,"name":"S\u0101kums","item":"https:\/\/minubaltic.ee\/lv\/"},{"@type":"ListItem","position":2,"name":"E-veikals","item":"https:\/\/minubaltic.ee\/lv\/e-veikals\/"},{"@type":"ListItem","position":3,"name":"AB versijas divsl\u0101\u0146u sega 200\u00d7230"}]},{"@type":"WebSite","@id":"https:\/\/minubaltic.ee\/lv\/#website","url":"https:\/\/minubaltic.ee\/lv\/","name":"minubaltic.ee","description":"","publisher":{"@id":"https:\/\/minubaltic.ee\/lv\/#organization"},"potentialAction":[{"@type":"SearchAction","target":{"@type":"EntryPoint","urlTemplate":"https:\/\/minubaltic.ee\/lv\/?s={search_term_string}"},"query-input":{"@type":"PropertyValueSpecification","valueRequired":true,"valueName":"search_term_string"}}],"inLanguage":"lv-LV"},{"@type":"Organization","@id":"https:\/\/minubaltic.ee\/lv\/#organization","name":"Minu Baltic O\u00dc","url":"https:\/\/minubaltic.ee\/lv\/","logo":{"@type":"ImageObject","inLanguage":"lv-LV","@id":"https:\/\/minubaltic.ee\/lv\/#\/schema\/logo\/image\/","url":"https:\/\/minubaltic.ee\/wp-content\/uploads\/2023\/10\/cropped-cropped-cropped-logo.png","contentUrl":"https:\/\/minubaltic.ee\/wp-content\/uploads\/2023\/10\/cropped-cropped-cropped-logo.png","width":500,"height":237,"caption":"Minu Baltic O\u00dc"},"image":{"@id":"https:\/\/minubaltic.ee\/lv\/#\/schema\/logo\/image\/"},"sameAs":["https:\/\/www.facebook.com\/minubaltic"]}]}},"_links":{"self":[{"href":"https:\/\/minubaltic.ee\/lv\/wp-json\/wp\/v2\/product\/24299","targetHints":{"allow":["GET"]}}],"collection":[{"href":"https:\/\/minubaltic.ee\/lv\/wp-json\/wp\/v2\/product"}],"about":[{"href":"https:\/\/minubaltic.ee\/lv\/wp-json\/wp\/v2\/types\/product"}],"replies":[{"embeddable":true,"href":"https:\/\/minubaltic.ee\/lv\/wp-json\/wp\/v2\/comments?post=24299"}],"version-history":[{"count":0,"href":"https:\/\/minubaltic.ee\/lv\/wp-json\/wp\/v2\/product\/24299\/revisions"}],"wp:featuredmedia":[{"embeddable":true,"href":"https:\/\/minubaltic.ee\/lv\/wp-json\/wp\/v2\/media\/24284"}],"wp:attachment":[{"href":"https:\/\/minubaltic.ee\/lv\/wp-json\/wp\/v2\/media?parent=24299"}],"wp:term":[{"taxonomy":"product_brand","embeddable":true,"href":"https:\/\/minubaltic.ee\/lv\/wp-json\/wp\/v2\/product_brand?post=24299"},{"taxonomy":"product_cat","embeddable":true,"href":"https:\/\/minubaltic.ee\/lv\/wp-json\/wp\/v2\/product_cat?post=24299"},{"taxonomy":"product_tag","embeddable":true,"href":"https:\/\/minubaltic.ee\/lv\/wp-json\/wp\/v2\/product_tag?post=24299"}],"curies":[{"name":"wp","href":"https:\/\/api.w.org\/{rel}","templated":true}]}}