{"id":23075,"date":"2024-04-09T18:26:05","date_gmt":"2024-04-09T15:26:05","guid":{"rendered":"https:\/\/minubaltic.ee\/?post_type=product&#038;p=23075"},"modified":"2024-04-09T18:38:56","modified_gmt":"2024-04-09T15:38:56","slug":"pludmales-dvielis-ar-lapam","status":"publish","type":"product","link":"https:\/\/minubaltic.ee\/lv\/e-pood\/dvieli\/pludmales-dvielis-ar-lapam\/","title":{"rendered":"Pludmales dvielis (ar lap\u0101m)"},"content":{"rendered":"<p>\ud83c\udfd6 Univers\u0101ls vis\u0101s situ\u0101cij\u0101s, pludmal\u0113, s\u0113rfot, \u0101r\u0101, basein\u0101, peld\u0113\u0161an\u0101, kemping\u0101, p\u0101rg\u0101jienos, sporta z\u0101l\u0113 un jog\u0101.<br \/>\n\ud83c\udfd6 Pludmales dvielis aiz\u0146em maz vietas un ir \u013coti viegli iepakojams un p\u0101rn\u0113s\u0101jams.<br \/>\n\ud83c\udfd6 Spilgtas kr\u0101sas izskat\u0101s skaisti un piesaista uzman\u012bbu, atp\u016b\u0161oties pludmal\u0113.<br \/>\n\ud83c\udfd6 Augstas kvalit\u0101tes materi\u0101li nodro\u0161ina t\u0101 iztur\u012bbu un praktiskumu.<\/p>\n","protected":false},"excerpt":{"rendered":"<p><strong>Materi\u0101ls:<\/strong> mikro\u0161\u0137iedra<br \/>\n<strong>Kr\u0101sa:<\/strong> k\u0101 par\u0101d\u012bts att\u0113los<br \/>\n<strong>Izm\u0113rs:<\/strong> 70&#215;150 cm<\/p>\n","protected":false},"featured_media":23080,"comment_status":"open","ping_status":"closed","template":"","meta":[],"product_brand":[],"product_cat":[443,491],"product_tag":[463,460],"class_list":{"0":"post-23075","1":"product","2":"type-product","3":"status-publish","4":"has-post-thumbnail","6":"product_cat-dvieli","7":"product_cat-pludmales-dvieli","8":"product_tag-dvieli","9":"product_tag-e-veikals","11":"first","12":"instock","13":"sale","14":"shipping-taxable","15":"purchasable","16":"product-type-simple"},"yoast_head":"<!-- This site is optimized with the Yoast SEO plugin v27.3 - https:\/\/yoast.com\/product\/yoast-seo-wordpress\/ -->\n<title>Pludmales dvielis (ar lap\u0101m) - lab\u0101k\u0101 cena 4.99\u20ac<\/title>\n<meta name=\"description\" content=\"Pludmales dvielis aiz\u0146em \u013coti maz vietas, to ir \u013coti viegli iepakot un p\u0101rn\u0113s\u0101t.Spilgtas kr\u0101sas izskat\u0101s skaisti un piesaista uzman\u012bbu, gu\u013cot pludmal\u0113.\" \/>\n<meta name=\"robots\" content=\"index, follow, max-snippet:-1, max-image-preview:large, max-video-preview:-1\" \/>\n<link rel=\"canonical\" href=\"https:\/\/minubaltic.ee\/lv\/e-pood\/dvieli\/pludmales-dvielis-ar-lapam\/\" \/>\n<meta property=\"og:locale\" content=\"lv_LV\" \/>\n<meta property=\"og:type\" content=\"article\" \/>\n<meta property=\"og:title\" content=\"Pludmales dvielis (ar lap\u0101m) - lab\u0101k\u0101 cena 4.99\u20ac\" \/>\n<meta property=\"og:description\" content=\"Pludmales dvielis aiz\u0146em \u013coti maz vietas, to ir \u013coti viegli iepakot un p\u0101rn\u0113s\u0101t.Spilgtas kr\u0101sas izskat\u0101s skaisti un piesaista uzman\u012bbu, gu\u013cot pludmal\u0113.\" \/>\n<meta property=\"og:url\" content=\"https:\/\/minubaltic.ee\/lv\/e-pood\/dvieli\/pludmales-dvielis-ar-lapam\/\" \/>\n<meta property=\"article:publisher\" content=\"https:\/\/www.facebook.com\/minubaltic\" \/>\n<meta property=\"article:modified_time\" content=\"2024-04-09T15:38:56+00:00\" \/>\n<meta property=\"og:image\" content=\"https:\/\/minubaltic.ee\/wp-content\/uploads\/2024\/04\/rannaratik-1.jpeg\" \/>\n\t<meta property=\"og:image:width\" content=\"800\" \/>\n\t<meta property=\"og:image:height\" content=\"800\" \/>\n\t<meta property=\"og:image:type\" content=\"image\/jpeg\" \/>\n<meta name=\"twitter:card\" content=\"summary_large_image\" \/>\n<meta name=\"twitter:label1\" content=\"Est. reading time\" \/>\n\t<meta name=\"twitter:data1\" content=\"1 minute\" \/>\n<script type=\"application\/ld+json\" class=\"yoast-schema-graph\">{\"@context\":\"https:\\\/\\\/schema.org\",\"@graph\":[{\"@type\":\"WebPage\",\"@id\":\"https:\\\/\\\/minubaltic.ee\\\/lv\\\/e-pood\\\/dvieli\\\/pludmales-dvielis-ar-lapam\\\/\",\"url\":\"https:\\\/\\\/minubaltic.ee\\\/lv\\\/e-pood\\\/dvieli\\\/pludmales-dvielis-ar-lapam\\\/\",\"name\":\"Pludmales dvielis (ar lap\u0101m) - lab\u0101k\u0101 cena 4.99\u20ac\",\"isPartOf\":{\"@id\":\"https:\\\/\\\/minubaltic.ee\\\/lv\\\/#website\"},\"primaryImageOfPage\":{\"@id\":\"https:\\\/\\\/minubaltic.ee\\\/lv\\\/e-pood\\\/dvieli\\\/pludmales-dvielis-ar-lapam\\\/#primaryimage\"},\"image\":{\"@id\":\"https:\\\/\\\/minubaltic.ee\\\/lv\\\/e-pood\\\/dvieli\\\/pludmales-dvielis-ar-lapam\\\/#primaryimage\"},\"thumbnailUrl\":\"https:\\\/\\\/minubaltic.ee\\\/wp-content\\\/uploads\\\/2024\\\/04\\\/rannaratik-1.jpeg\",\"datePublished\":\"2024-04-09T15:26:05+00:00\",\"dateModified\":\"2024-04-09T15:38:56+00:00\",\"description\":\"Pludmales dvielis aiz\u0146em \u013coti maz vietas, to ir \u013coti viegli iepakot un p\u0101rn\u0113s\u0101t.Spilgtas kr\u0101sas izskat\u0101s skaisti un piesaista uzman\u012bbu, gu\u013cot pludmal\u0113.\",\"breadcrumb\":{\"@id\":\"https:\\\/\\\/minubaltic.ee\\\/lv\\\/e-pood\\\/dvieli\\\/pludmales-dvielis-ar-lapam\\\/#breadcrumb\"},\"inLanguage\":\"lv-LV\",\"potentialAction\":[{\"@type\":\"ReadAction\",\"target\":[\"https:\\\/\\\/minubaltic.ee\\\/lv\\\/e-pood\\\/dvieli\\\/pludmales-dvielis-ar-lapam\\\/\"]}]},{\"@type\":\"ImageObject\",\"inLanguage\":\"lv-LV\",\"@id\":\"https:\\\/\\\/minubaltic.ee\\\/lv\\\/e-pood\\\/dvieli\\\/pludmales-dvielis-ar-lapam\\\/#primaryimage\",\"url\":\"https:\\\/\\\/minubaltic.ee\\\/wp-content\\\/uploads\\\/2024\\\/04\\\/rannaratik-1.jpeg\",\"contentUrl\":\"https:\\\/\\\/minubaltic.ee\\\/wp-content\\\/uploads\\\/2024\\\/04\\\/rannaratik-1.jpeg\",\"width\":800,\"height\":800},{\"@type\":\"BreadcrumbList\",\"@id\":\"https:\\\/\\\/minubaltic.ee\\\/lv\\\/e-pood\\\/dvieli\\\/pludmales-dvielis-ar-lapam\\\/#breadcrumb\",\"itemListElement\":[{\"@type\":\"ListItem\",\"position\":1,\"name\":\"S\u0101kums\",\"item\":\"https:\\\/\\\/minubaltic.ee\\\/lv\\\/\"},{\"@type\":\"ListItem\",\"position\":2,\"name\":\"E-veikals\",\"item\":\"https:\\\/\\\/minubaltic.ee\\\/lv\\\/e-veikals\\\/\"},{\"@type\":\"ListItem\",\"position\":3,\"name\":\"Pludmales dvielis (ar lap\u0101m)\"}]},{\"@type\":\"WebSite\",\"@id\":\"https:\\\/\\\/minubaltic.ee\\\/lv\\\/#website\",\"url\":\"https:\\\/\\\/minubaltic.ee\\\/lv\\\/\",\"name\":\"minubaltic.ee\",\"description\":\"\",\"publisher\":{\"@id\":\"https:\\\/\\\/minubaltic.ee\\\/lv\\\/#organization\"},\"potentialAction\":[{\"@type\":\"SearchAction\",\"target\":{\"@type\":\"EntryPoint\",\"urlTemplate\":\"https:\\\/\\\/minubaltic.ee\\\/lv\\\/?s={search_term_string}\"},\"query-input\":{\"@type\":\"PropertyValueSpecification\",\"valueRequired\":true,\"valueName\":\"search_term_string\"}}],\"inLanguage\":\"lv-LV\"},{\"@type\":\"Organization\",\"@id\":\"https:\\\/\\\/minubaltic.ee\\\/lv\\\/#organization\",\"name\":\"Minu Baltic O\u00dc\",\"url\":\"https:\\\/\\\/minubaltic.ee\\\/lv\\\/\",\"logo\":{\"@type\":\"ImageObject\",\"inLanguage\":\"lv-LV\",\"@id\":\"https:\\\/\\\/minubaltic.ee\\\/lv\\\/#\\\/schema\\\/logo\\\/image\\\/\",\"url\":\"https:\\\/\\\/minubaltic.ee\\\/wp-content\\\/uploads\\\/2023\\\/10\\\/cropped-cropped-cropped-logo.png\",\"contentUrl\":\"https:\\\/\\\/minubaltic.ee\\\/wp-content\\\/uploads\\\/2023\\\/10\\\/cropped-cropped-cropped-logo.png\",\"width\":500,\"height\":237,\"caption\":\"Minu Baltic O\u00dc\"},\"image\":{\"@id\":\"https:\\\/\\\/minubaltic.ee\\\/lv\\\/#\\\/schema\\\/logo\\\/image\\\/\"},\"sameAs\":[\"https:\\\/\\\/www.facebook.com\\\/minubaltic\"]}]}<\/script>\n<!-- \/ Yoast SEO plugin. -->","yoast_head_json":{"title":"Pludmales dvielis (ar lap\u0101m) - lab\u0101k\u0101 cena 4.99\u20ac","description":"Pludmales dvielis aiz\u0146em \u013coti maz vietas, to ir \u013coti viegli iepakot un p\u0101rn\u0113s\u0101t.Spilgtas kr\u0101sas izskat\u0101s skaisti un piesaista uzman\u012bbu, gu\u013cot pludmal\u0113.","robots":{"index":"index","follow":"follow","max-snippet":"max-snippet:-1","max-image-preview":"max-image-preview:large","max-video-preview":"max-video-preview:-1"},"canonical":"https:\/\/minubaltic.ee\/lv\/e-pood\/dvieli\/pludmales-dvielis-ar-lapam\/","og_locale":"lv_LV","og_type":"article","og_title":"Pludmales dvielis (ar lap\u0101m) - lab\u0101k\u0101 cena 4.99\u20ac","og_description":"Pludmales dvielis aiz\u0146em \u013coti maz vietas, to ir \u013coti viegli iepakot un p\u0101rn\u0113s\u0101t.Spilgtas kr\u0101sas izskat\u0101s skaisti un piesaista uzman\u012bbu, gu\u013cot pludmal\u0113.","og_url":"https:\/\/minubaltic.ee\/lv\/e-pood\/dvieli\/pludmales-dvielis-ar-lapam\/","article_publisher":"https:\/\/www.facebook.com\/minubaltic","article_modified_time":"2024-04-09T15:38:56+00:00","og_image":[{"width":800,"height":800,"url":"https:\/\/minubaltic.ee\/wp-content\/uploads\/2024\/04\/rannaratik-1.jpeg","type":"image\/jpeg"}],"twitter_card":"summary_large_image","twitter_misc":{"Est. reading time":"1 minute"},"schema":{"@context":"https:\/\/schema.org","@graph":[{"@type":"WebPage","@id":"https:\/\/minubaltic.ee\/lv\/e-pood\/dvieli\/pludmales-dvielis-ar-lapam\/","url":"https:\/\/minubaltic.ee\/lv\/e-pood\/dvieli\/pludmales-dvielis-ar-lapam\/","name":"Pludmales dvielis (ar lap\u0101m) - lab\u0101k\u0101 cena 4.99\u20ac","isPartOf":{"@id":"https:\/\/minubaltic.ee\/lv\/#website"},"primaryImageOfPage":{"@id":"https:\/\/minubaltic.ee\/lv\/e-pood\/dvieli\/pludmales-dvielis-ar-lapam\/#primaryimage"},"image":{"@id":"https:\/\/minubaltic.ee\/lv\/e-pood\/dvieli\/pludmales-dvielis-ar-lapam\/#primaryimage"},"thumbnailUrl":"https:\/\/minubaltic.ee\/wp-content\/uploads\/2024\/04\/rannaratik-1.jpeg","datePublished":"2024-04-09T15:26:05+00:00","dateModified":"2024-04-09T15:38:56+00:00","description":"Pludmales dvielis aiz\u0146em \u013coti maz vietas, to ir \u013coti viegli iepakot un p\u0101rn\u0113s\u0101t.Spilgtas kr\u0101sas izskat\u0101s skaisti un piesaista uzman\u012bbu, gu\u013cot pludmal\u0113.","breadcrumb":{"@id":"https:\/\/minubaltic.ee\/lv\/e-pood\/dvieli\/pludmales-dvielis-ar-lapam\/#breadcrumb"},"inLanguage":"lv-LV","potentialAction":[{"@type":"ReadAction","target":["https:\/\/minubaltic.ee\/lv\/e-pood\/dvieli\/pludmales-dvielis-ar-lapam\/"]}]},{"@type":"ImageObject","inLanguage":"lv-LV","@id":"https:\/\/minubaltic.ee\/lv\/e-pood\/dvieli\/pludmales-dvielis-ar-lapam\/#primaryimage","url":"https:\/\/minubaltic.ee\/wp-content\/uploads\/2024\/04\/rannaratik-1.jpeg","contentUrl":"https:\/\/minubaltic.ee\/wp-content\/uploads\/2024\/04\/rannaratik-1.jpeg","width":800,"height":800},{"@type":"BreadcrumbList","@id":"https:\/\/minubaltic.ee\/lv\/e-pood\/dvieli\/pludmales-dvielis-ar-lapam\/#breadcrumb","itemListElement":[{"@type":"ListItem","position":1,"name":"S\u0101kums","item":"https:\/\/minubaltic.ee\/lv\/"},{"@type":"ListItem","position":2,"name":"E-veikals","item":"https:\/\/minubaltic.ee\/lv\/e-veikals\/"},{"@type":"ListItem","position":3,"name":"Pludmales dvielis (ar lap\u0101m)"}]},{"@type":"WebSite","@id":"https:\/\/minubaltic.ee\/lv\/#website","url":"https:\/\/minubaltic.ee\/lv\/","name":"minubaltic.ee","description":"","publisher":{"@id":"https:\/\/minubaltic.ee\/lv\/#organization"},"potentialAction":[{"@type":"SearchAction","target":{"@type":"EntryPoint","urlTemplate":"https:\/\/minubaltic.ee\/lv\/?s={search_term_string}"},"query-input":{"@type":"PropertyValueSpecification","valueRequired":true,"valueName":"search_term_string"}}],"inLanguage":"lv-LV"},{"@type":"Organization","@id":"https:\/\/minubaltic.ee\/lv\/#organization","name":"Minu Baltic O\u00dc","url":"https:\/\/minubaltic.ee\/lv\/","logo":{"@type":"ImageObject","inLanguage":"lv-LV","@id":"https:\/\/minubaltic.ee\/lv\/#\/schema\/logo\/image\/","url":"https:\/\/minubaltic.ee\/wp-content\/uploads\/2023\/10\/cropped-cropped-cropped-logo.png","contentUrl":"https:\/\/minubaltic.ee\/wp-content\/uploads\/2023\/10\/cropped-cropped-cropped-logo.png","width":500,"height":237,"caption":"Minu Baltic O\u00dc"},"image":{"@id":"https:\/\/minubaltic.ee\/lv\/#\/schema\/logo\/image\/"},"sameAs":["https:\/\/www.facebook.com\/minubaltic"]}]}},"_links":{"self":[{"href":"https:\/\/minubaltic.ee\/lv\/wp-json\/wp\/v2\/product\/23075","targetHints":{"allow":["GET"]}}],"collection":[{"href":"https:\/\/minubaltic.ee\/lv\/wp-json\/wp\/v2\/product"}],"about":[{"href":"https:\/\/minubaltic.ee\/lv\/wp-json\/wp\/v2\/types\/product"}],"replies":[{"embeddable":true,"href":"https:\/\/minubaltic.ee\/lv\/wp-json\/wp\/v2\/comments?post=23075"}],"version-history":[{"count":0,"href":"https:\/\/minubaltic.ee\/lv\/wp-json\/wp\/v2\/product\/23075\/revisions"}],"wp:featuredmedia":[{"embeddable":true,"href":"https:\/\/minubaltic.ee\/lv\/wp-json\/wp\/v2\/media\/23080"}],"wp:attachment":[{"href":"https:\/\/minubaltic.ee\/lv\/wp-json\/wp\/v2\/media?parent=23075"}],"wp:term":[{"taxonomy":"product_brand","embeddable":true,"href":"https:\/\/minubaltic.ee\/lv\/wp-json\/wp\/v2\/product_brand?post=23075"},{"taxonomy":"product_cat","embeddable":true,"href":"https:\/\/minubaltic.ee\/lv\/wp-json\/wp\/v2\/product_cat?post=23075"},{"taxonomy":"product_tag","embeddable":true,"href":"https:\/\/minubaltic.ee\/lv\/wp-json\/wp\/v2\/product_tag?post=23075"}],"curies":[{"name":"wp","href":"https:\/\/api.w.org\/{rel}","templated":true}]}}