{"id":22493,"date":"2024-04-05T19:55:00","date_gmt":"2024-04-05T16:55:00","guid":{"rendered":"https:\/\/minubaltic.ee\/?post_type=product&#038;p=22493"},"modified":"2024-10-13T14:07:04","modified_gmt":"2024-10-13T11:07:04","slug":"divslanu-raschel-sega-200x230-3","status":"publish","type":"product","link":"https:\/\/minubaltic.ee\/lv\/e-pood\/rasela-segas\/divslanu-raschel-sega-200x230-3\/","title":{"rendered":"Divsl\u0101\u0146u Raschel sega 200&#215;230"},"content":{"rendered":"<ul>\n<li><span class=\"product-attribute__label\"><strong>Auduma sast\u0101vs:<\/strong> poliestera \u0161\u0137iedra (poliesteris)<\/span><\/li>\n<li><strong>Da\u013cu skaits:<\/strong> 1<\/li>\n<li><strong>Svars: <\/strong>3,5 kg<\/li>\n<li><strong>Izm\u0113ri:<\/strong> 200\u00d7230 cm<\/li>\n<li><strong>Specifik\u0101cija<\/strong>: \u00b15 cm<\/li>\n<li><strong>Stils <\/strong>: Eiropas un Amerikas stils<\/li>\n<li><strong>Papildus inform\u0101cija:<\/strong> \u012bpa\u0161i m\u012bksts, \u0113rts, biezs, silts, elpojo\u0161s<\/li>\n<li>Produktu att\u0113li ir ilustrat\u012bvi<\/li>\n<\/ul>\n","protected":false},"excerpt":{"rendered":"<p>Divpus\u0113ja pl\u012b\u0161a sega visiem gadalaikiem ir tie\u0161i tas, ko esat mekl\u0113jis, lai p\u0101rciestu garos ziemas m\u0113ne\u0161us. Divas omul\u012bgi m\u012bkstas puses nodro\u0161ina pat\u012bkamu siltumu.<\/p>\n","protected":false},"featured_media":22497,"comment_status":"open","ping_status":"closed","template":"","meta":[],"product_brand":[],"product_cat":[442,451,453],"product_tag":[459,460,461,465,464,466],"class_list":{"0":"post-22493","1":"product","2":"type-product","3":"status-publish","4":"has-post-thumbnail","6":"product_cat-rasela-segas","7":"product_cat-segas","8":"product_cat-segas-200-230","9":"product_tag-e-komercija","10":"product_tag-e-veikals","11":"product_tag-majas-tekstils","12":"product_tag-sega","13":"product_tag-segas","14":"product_tag-tekstils","16":"first","17":"instock","18":"sale","19":"shipping-taxable","20":"purchasable","21":"product-type-simple"},"yoast_head":"<!-- This site is optimized with the Yoast SEO plugin v27.3 - https:\/\/yoast.com\/product\/yoast-seo-wordpress\/ -->\n<title>Divsl\u0101\u0146u Raschel sega 200x230 - Atlaide l\u012bdz -50%<\/title>\n<meta name=\"description\" content=\"Nov\u0113rt\u0113jiet siltumu ar m\u016bsu m\u012bksto un iztur\u012bgo Raschel segas pal\u012bdz\u012bbu. Ide\u0101ls variants mier\u012bgai un \u0113rtai miegam. Pieejamas da\u017e\u0101das kr\u0101sas un raksti!\" \/>\n<meta name=\"robots\" content=\"index, follow, max-snippet:-1, max-image-preview:large, max-video-preview:-1\" \/>\n<link rel=\"canonical\" href=\"https:\/\/minubaltic.ee\/lv\/e-pood\/rasela-segas\/divslanu-raschel-sega-200x230-3\/\" \/>\n<meta property=\"og:locale\" content=\"lv_LV\" \/>\n<meta property=\"og:type\" content=\"article\" \/>\n<meta property=\"og:title\" content=\"Divsl\u0101\u0146u Raschel sega 200x230 - Atlaide l\u012bdz -50%\" \/>\n<meta property=\"og:description\" content=\"Nov\u0113rt\u0113jiet siltumu ar m\u016bsu m\u012bksto un iztur\u012bgo Raschel segas pal\u012bdz\u012bbu. Ide\u0101ls variants mier\u012bgai un \u0113rtai miegam. Pieejamas da\u017e\u0101das kr\u0101sas un raksti!\" \/>\n<meta property=\"og:url\" content=\"https:\/\/minubaltic.ee\/lv\/e-pood\/rasela-segas\/divslanu-raschel-sega-200x230-3\/\" \/>\n<meta property=\"article:publisher\" content=\"https:\/\/www.facebook.com\/minubaltic\" \/>\n<meta property=\"article:modified_time\" content=\"2024-10-13T11:07:04+00:00\" \/>\n<meta property=\"og:image\" content=\"https:\/\/minubaltic.ee\/wp-content\/uploads\/2024\/04\/03b.jpg\" \/>\n\t<meta property=\"og:image:width\" content=\"650\" \/>\n\t<meta property=\"og:image:height\" content=\"650\" \/>\n\t<meta property=\"og:image:type\" content=\"image\/jpeg\" \/>\n<meta name=\"twitter:card\" content=\"summary_large_image\" \/>\n<meta name=\"twitter:label1\" content=\"Est. reading time\" \/>\n\t<meta name=\"twitter:data1\" content=\"1 minute\" \/>\n<script type=\"application\/ld+json\" class=\"yoast-schema-graph\">{\"@context\":\"https:\\\/\\\/schema.org\",\"@graph\":[{\"@type\":\"WebPage\",\"@id\":\"https:\\\/\\\/minubaltic.ee\\\/lv\\\/e-pood\\\/rasela-segas\\\/divslanu-raschel-sega-200x230-3\\\/\",\"url\":\"https:\\\/\\\/minubaltic.ee\\\/lv\\\/e-pood\\\/rasela-segas\\\/divslanu-raschel-sega-200x230-3\\\/\",\"name\":\"Divsl\u0101\u0146u Raschel sega 200x230 - Atlaide l\u012bdz -50%\",\"isPartOf\":{\"@id\":\"https:\\\/\\\/minubaltic.ee\\\/lv\\\/#website\"},\"primaryImageOfPage\":{\"@id\":\"https:\\\/\\\/minubaltic.ee\\\/lv\\\/e-pood\\\/rasela-segas\\\/divslanu-raschel-sega-200x230-3\\\/#primaryimage\"},\"image\":{\"@id\":\"https:\\\/\\\/minubaltic.ee\\\/lv\\\/e-pood\\\/rasela-segas\\\/divslanu-raschel-sega-200x230-3\\\/#primaryimage\"},\"thumbnailUrl\":\"https:\\\/\\\/minubaltic.ee\\\/wp-content\\\/uploads\\\/2024\\\/04\\\/03b.jpg\",\"datePublished\":\"2024-04-05T16:55:00+00:00\",\"dateModified\":\"2024-10-13T11:07:04+00:00\",\"description\":\"Nov\u0113rt\u0113jiet siltumu ar m\u016bsu m\u012bksto un iztur\u012bgo Raschel segas pal\u012bdz\u012bbu. Ide\u0101ls variants mier\u012bgai un \u0113rtai miegam. Pieejamas da\u017e\u0101das kr\u0101sas un raksti!\",\"breadcrumb\":{\"@id\":\"https:\\\/\\\/minubaltic.ee\\\/lv\\\/e-pood\\\/rasela-segas\\\/divslanu-raschel-sega-200x230-3\\\/#breadcrumb\"},\"inLanguage\":\"lv-LV\",\"potentialAction\":[{\"@type\":\"ReadAction\",\"target\":[\"https:\\\/\\\/minubaltic.ee\\\/lv\\\/e-pood\\\/rasela-segas\\\/divslanu-raschel-sega-200x230-3\\\/\"]}]},{\"@type\":\"ImageObject\",\"inLanguage\":\"lv-LV\",\"@id\":\"https:\\\/\\\/minubaltic.ee\\\/lv\\\/e-pood\\\/rasela-segas\\\/divslanu-raschel-sega-200x230-3\\\/#primaryimage\",\"url\":\"https:\\\/\\\/minubaltic.ee\\\/wp-content\\\/uploads\\\/2024\\\/04\\\/03b.jpg\",\"contentUrl\":\"https:\\\/\\\/minubaltic.ee\\\/wp-content\\\/uploads\\\/2024\\\/04\\\/03b.jpg\",\"width\":650,\"height\":650},{\"@type\":\"BreadcrumbList\",\"@id\":\"https:\\\/\\\/minubaltic.ee\\\/lv\\\/e-pood\\\/rasela-segas\\\/divslanu-raschel-sega-200x230-3\\\/#breadcrumb\",\"itemListElement\":[{\"@type\":\"ListItem\",\"position\":1,\"name\":\"S\u0101kums\",\"item\":\"https:\\\/\\\/minubaltic.ee\\\/lv\\\/\"},{\"@type\":\"ListItem\",\"position\":2,\"name\":\"E-veikals\",\"item\":\"https:\\\/\\\/minubaltic.ee\\\/lv\\\/e-veikals\\\/\"},{\"@type\":\"ListItem\",\"position\":3,\"name\":\"Divsl\u0101\u0146u Raschel sega 200&#215;230\"}]},{\"@type\":\"WebSite\",\"@id\":\"https:\\\/\\\/minubaltic.ee\\\/lv\\\/#website\",\"url\":\"https:\\\/\\\/minubaltic.ee\\\/lv\\\/\",\"name\":\"minubaltic.ee\",\"description\":\"\",\"publisher\":{\"@id\":\"https:\\\/\\\/minubaltic.ee\\\/lv\\\/#organization\"},\"potentialAction\":[{\"@type\":\"SearchAction\",\"target\":{\"@type\":\"EntryPoint\",\"urlTemplate\":\"https:\\\/\\\/minubaltic.ee\\\/lv\\\/?s={search_term_string}\"},\"query-input\":{\"@type\":\"PropertyValueSpecification\",\"valueRequired\":true,\"valueName\":\"search_term_string\"}}],\"inLanguage\":\"lv-LV\"},{\"@type\":\"Organization\",\"@id\":\"https:\\\/\\\/minubaltic.ee\\\/lv\\\/#organization\",\"name\":\"Minu Baltic O\u00dc\",\"url\":\"https:\\\/\\\/minubaltic.ee\\\/lv\\\/\",\"logo\":{\"@type\":\"ImageObject\",\"inLanguage\":\"lv-LV\",\"@id\":\"https:\\\/\\\/minubaltic.ee\\\/lv\\\/#\\\/schema\\\/logo\\\/image\\\/\",\"url\":\"https:\\\/\\\/minubaltic.ee\\\/wp-content\\\/uploads\\\/2023\\\/10\\\/cropped-cropped-cropped-logo.png\",\"contentUrl\":\"https:\\\/\\\/minubaltic.ee\\\/wp-content\\\/uploads\\\/2023\\\/10\\\/cropped-cropped-cropped-logo.png\",\"width\":500,\"height\":237,\"caption\":\"Minu Baltic O\u00dc\"},\"image\":{\"@id\":\"https:\\\/\\\/minubaltic.ee\\\/lv\\\/#\\\/schema\\\/logo\\\/image\\\/\"},\"sameAs\":[\"https:\\\/\\\/www.facebook.com\\\/minubaltic\"]}]}<\/script>\n<!-- \/ Yoast SEO plugin. -->","yoast_head_json":{"title":"Divsl\u0101\u0146u Raschel sega 200x230 - Atlaide l\u012bdz -50%","description":"Nov\u0113rt\u0113jiet siltumu ar m\u016bsu m\u012bksto un iztur\u012bgo Raschel segas pal\u012bdz\u012bbu. Ide\u0101ls variants mier\u012bgai un \u0113rtai miegam. Pieejamas da\u017e\u0101das kr\u0101sas un raksti!","robots":{"index":"index","follow":"follow","max-snippet":"max-snippet:-1","max-image-preview":"max-image-preview:large","max-video-preview":"max-video-preview:-1"},"canonical":"https:\/\/minubaltic.ee\/lv\/e-pood\/rasela-segas\/divslanu-raschel-sega-200x230-3\/","og_locale":"lv_LV","og_type":"article","og_title":"Divsl\u0101\u0146u Raschel sega 200x230 - Atlaide l\u012bdz -50%","og_description":"Nov\u0113rt\u0113jiet siltumu ar m\u016bsu m\u012bksto un iztur\u012bgo Raschel segas pal\u012bdz\u012bbu. Ide\u0101ls variants mier\u012bgai un \u0113rtai miegam. Pieejamas da\u017e\u0101das kr\u0101sas un raksti!","og_url":"https:\/\/minubaltic.ee\/lv\/e-pood\/rasela-segas\/divslanu-raschel-sega-200x230-3\/","article_publisher":"https:\/\/www.facebook.com\/minubaltic","article_modified_time":"2024-10-13T11:07:04+00:00","og_image":[{"width":650,"height":650,"url":"https:\/\/minubaltic.ee\/wp-content\/uploads\/2024\/04\/03b.jpg","type":"image\/jpeg"}],"twitter_card":"summary_large_image","twitter_misc":{"Est. reading time":"1 minute"},"schema":{"@context":"https:\/\/schema.org","@graph":[{"@type":"WebPage","@id":"https:\/\/minubaltic.ee\/lv\/e-pood\/rasela-segas\/divslanu-raschel-sega-200x230-3\/","url":"https:\/\/minubaltic.ee\/lv\/e-pood\/rasela-segas\/divslanu-raschel-sega-200x230-3\/","name":"Divsl\u0101\u0146u Raschel sega 200x230 - Atlaide l\u012bdz -50%","isPartOf":{"@id":"https:\/\/minubaltic.ee\/lv\/#website"},"primaryImageOfPage":{"@id":"https:\/\/minubaltic.ee\/lv\/e-pood\/rasela-segas\/divslanu-raschel-sega-200x230-3\/#primaryimage"},"image":{"@id":"https:\/\/minubaltic.ee\/lv\/e-pood\/rasela-segas\/divslanu-raschel-sega-200x230-3\/#primaryimage"},"thumbnailUrl":"https:\/\/minubaltic.ee\/wp-content\/uploads\/2024\/04\/03b.jpg","datePublished":"2024-04-05T16:55:00+00:00","dateModified":"2024-10-13T11:07:04+00:00","description":"Nov\u0113rt\u0113jiet siltumu ar m\u016bsu m\u012bksto un iztur\u012bgo Raschel segas pal\u012bdz\u012bbu. Ide\u0101ls variants mier\u012bgai un \u0113rtai miegam. Pieejamas da\u017e\u0101das kr\u0101sas un raksti!","breadcrumb":{"@id":"https:\/\/minubaltic.ee\/lv\/e-pood\/rasela-segas\/divslanu-raschel-sega-200x230-3\/#breadcrumb"},"inLanguage":"lv-LV","potentialAction":[{"@type":"ReadAction","target":["https:\/\/minubaltic.ee\/lv\/e-pood\/rasela-segas\/divslanu-raschel-sega-200x230-3\/"]}]},{"@type":"ImageObject","inLanguage":"lv-LV","@id":"https:\/\/minubaltic.ee\/lv\/e-pood\/rasela-segas\/divslanu-raschel-sega-200x230-3\/#primaryimage","url":"https:\/\/minubaltic.ee\/wp-content\/uploads\/2024\/04\/03b.jpg","contentUrl":"https:\/\/minubaltic.ee\/wp-content\/uploads\/2024\/04\/03b.jpg","width":650,"height":650},{"@type":"BreadcrumbList","@id":"https:\/\/minubaltic.ee\/lv\/e-pood\/rasela-segas\/divslanu-raschel-sega-200x230-3\/#breadcrumb","itemListElement":[{"@type":"ListItem","position":1,"name":"S\u0101kums","item":"https:\/\/minubaltic.ee\/lv\/"},{"@type":"ListItem","position":2,"name":"E-veikals","item":"https:\/\/minubaltic.ee\/lv\/e-veikals\/"},{"@type":"ListItem","position":3,"name":"Divsl\u0101\u0146u Raschel sega 200&#215;230"}]},{"@type":"WebSite","@id":"https:\/\/minubaltic.ee\/lv\/#website","url":"https:\/\/minubaltic.ee\/lv\/","name":"minubaltic.ee","description":"","publisher":{"@id":"https:\/\/minubaltic.ee\/lv\/#organization"},"potentialAction":[{"@type":"SearchAction","target":{"@type":"EntryPoint","urlTemplate":"https:\/\/minubaltic.ee\/lv\/?s={search_term_string}"},"query-input":{"@type":"PropertyValueSpecification","valueRequired":true,"valueName":"search_term_string"}}],"inLanguage":"lv-LV"},{"@type":"Organization","@id":"https:\/\/minubaltic.ee\/lv\/#organization","name":"Minu Baltic O\u00dc","url":"https:\/\/minubaltic.ee\/lv\/","logo":{"@type":"ImageObject","inLanguage":"lv-LV","@id":"https:\/\/minubaltic.ee\/lv\/#\/schema\/logo\/image\/","url":"https:\/\/minubaltic.ee\/wp-content\/uploads\/2023\/10\/cropped-cropped-cropped-logo.png","contentUrl":"https:\/\/minubaltic.ee\/wp-content\/uploads\/2023\/10\/cropped-cropped-cropped-logo.png","width":500,"height":237,"caption":"Minu Baltic O\u00dc"},"image":{"@id":"https:\/\/minubaltic.ee\/lv\/#\/schema\/logo\/image\/"},"sameAs":["https:\/\/www.facebook.com\/minubaltic"]}]}},"_links":{"self":[{"href":"https:\/\/minubaltic.ee\/lv\/wp-json\/wp\/v2\/product\/22493","targetHints":{"allow":["GET"]}}],"collection":[{"href":"https:\/\/minubaltic.ee\/lv\/wp-json\/wp\/v2\/product"}],"about":[{"href":"https:\/\/minubaltic.ee\/lv\/wp-json\/wp\/v2\/types\/product"}],"replies":[{"embeddable":true,"href":"https:\/\/minubaltic.ee\/lv\/wp-json\/wp\/v2\/comments?post=22493"}],"version-history":[{"count":0,"href":"https:\/\/minubaltic.ee\/lv\/wp-json\/wp\/v2\/product\/22493\/revisions"}],"wp:featuredmedia":[{"embeddable":true,"href":"https:\/\/minubaltic.ee\/lv\/wp-json\/wp\/v2\/media\/22497"}],"wp:attachment":[{"href":"https:\/\/minubaltic.ee\/lv\/wp-json\/wp\/v2\/media?parent=22493"}],"wp:term":[{"taxonomy":"product_brand","embeddable":true,"href":"https:\/\/minubaltic.ee\/lv\/wp-json\/wp\/v2\/product_brand?post=22493"},{"taxonomy":"product_cat","embeddable":true,"href":"https:\/\/minubaltic.ee\/lv\/wp-json\/wp\/v2\/product_cat?post=22493"},{"taxonomy":"product_tag","embeddable":true,"href":"https:\/\/minubaltic.ee\/lv\/wp-json\/wp\/v2\/product_tag?post=22493"}],"curies":[{"name":"wp","href":"https:\/\/api.w.org\/{rel}","templated":true}]}}