{"id":22384,"date":"2023-10-04T19:06:47","date_gmt":"2023-10-04T16:06:47","guid":{"rendered":"https:\/\/minubaltic.ee\/e-pood\/uncategorized\/kokvilnas-dvielis-35x75-3\/"},"modified":"2023-10-04T19:06:47","modified_gmt":"2023-10-04T16:06:47","slug":"kokvilnas-dvielis-35x75-3","status":"publish","type":"product","link":"https:\/\/minubaltic.ee\/lv\/e-pood\/roku-dvieli\/kokvilnas-dvielis-35x75-3\/","title":{"rendered":"Kokvilnas dvielis 35&#215;75"},"content":{"rendered":"<ul>\n<li><span class=\"product-attribute__label\"><strong>Auduma sast\u0101vs:<\/strong><\/span> <span class=\"product-attribute__value\" data-attribute-code=\"fabric_composition\">100% kokvilna<\/span><\/li>\n<li><strong>Da\u013cu skaits:<\/strong> 1<\/li>\n<li><strong>Izm\u0113ri:<\/strong> 35&#215;75 cm<\/li>\n<li><strong>Kr\u0101sa:<\/strong> Balts<\/li>\n<li><strong>Svars:<\/strong> 400 g\/m2<\/li>\n<\/ul>\n","protected":false},"excerpt":{"rendered":"<p>Auduma sast\u0101vs: 100% kokvilna Da\u013cu skaits: 1 Izm\u0113ri: 35&#215;75 cm Kr\u0101sa: Balts Svars: 400 g\/m2<\/p>\n","protected":false},"featured_media":22385,"comment_status":"open","ping_status":"closed","template":"","meta":[],"product_brand":[],"product_cat":[443,444,438],"product_tag":[463,459,460,461,466],"class_list":{"0":"post-22384","1":"product","2":"type-product","3":"status-publish","4":"has-post-thumbnail","6":"product_cat-dvieli","7":"product_cat-dvieli-35-75","8":"product_cat-roku-dvieli","9":"product_tag-dvieli","10":"product_tag-e-komercija","11":"product_tag-e-veikals","12":"product_tag-majas-tekstils","13":"product_tag-tekstils","15":"first","16":"instock","17":"shipping-taxable","18":"purchasable","19":"product-type-simple"},"yoast_head":"<!-- This site is optimized with the Yoast SEO plugin v27.3 - https:\/\/yoast.com\/product\/yoast-seo-wordpress\/ -->\n<title>Kokvilnas dvielis 35x75 - M\u016bsdienu m\u0101jas preces, p\u0113rkot internet\u0101<\/title>\n<meta name=\"description\" content=\"Bambusa dvie\u013ci, Ekolo\u0123iski dvie\u013ci, Pludmales dvie\u013ci vasarai, Augstas kvalit\u0101tes mikro\u0161\u0137iedras dvie\u013ci, Hipoaler\u0123iski dvie\u013ci,\" \/>\n<meta name=\"robots\" content=\"index, follow, max-snippet:-1, max-image-preview:large, max-video-preview:-1\" \/>\n<link rel=\"canonical\" href=\"https:\/\/minubaltic.ee\/lv\/e-pood\/roku-dvieli\/kokvilnas-dvielis-35x75-3\/\" \/>\n<meta property=\"og:locale\" content=\"lv_LV\" \/>\n<meta property=\"og:type\" content=\"article\" \/>\n<meta property=\"og:title\" content=\"Kokvilnas dvielis 35x75 - M\u016bsdienu m\u0101jas preces, p\u0113rkot internet\u0101\" \/>\n<meta property=\"og:description\" content=\"Bambusa dvie\u013ci, Ekolo\u0123iski dvie\u013ci, Pludmales dvie\u013ci vasarai, Augstas kvalit\u0101tes mikro\u0161\u0137iedras dvie\u013ci, Hipoaler\u0123iski dvie\u013ci,\" \/>\n<meta property=\"og:url\" content=\"https:\/\/minubaltic.ee\/lv\/e-pood\/roku-dvieli\/kokvilnas-dvielis-35x75-3\/\" \/>\n<meta property=\"article:publisher\" content=\"https:\/\/www.facebook.com\/minubaltic\" \/>\n<meta property=\"og:image\" content=\"https:\/\/minubaltic.ee\/wp-content\/uploads\/2023\/10\/Ratikud-versa-1.jpg\" \/>\n\t<meta property=\"og:image:width\" content=\"750\" \/>\n\t<meta property=\"og:image:height\" content=\"750\" \/>\n\t<meta property=\"og:image:type\" content=\"image\/jpeg\" \/>\n<meta name=\"twitter:card\" content=\"summary_large_image\" \/>\n<script type=\"application\/ld+json\" class=\"yoast-schema-graph\">{\"@context\":\"https:\\\/\\\/schema.org\",\"@graph\":[{\"@type\":\"WebPage\",\"@id\":\"https:\\\/\\\/minubaltic.ee\\\/lv\\\/e-pood\\\/roku-dvieli\\\/kokvilnas-dvielis-35x75-3\\\/\",\"url\":\"https:\\\/\\\/minubaltic.ee\\\/lv\\\/e-pood\\\/roku-dvieli\\\/kokvilnas-dvielis-35x75-3\\\/\",\"name\":\"Kokvilnas dvielis 35x75 - M\u016bsdienu m\u0101jas preces, p\u0113rkot internet\u0101\",\"isPartOf\":{\"@id\":\"https:\\\/\\\/minubaltic.ee\\\/lv\\\/#website\"},\"primaryImageOfPage\":{\"@id\":\"https:\\\/\\\/minubaltic.ee\\\/lv\\\/e-pood\\\/roku-dvieli\\\/kokvilnas-dvielis-35x75-3\\\/#primaryimage\"},\"image\":{\"@id\":\"https:\\\/\\\/minubaltic.ee\\\/lv\\\/e-pood\\\/roku-dvieli\\\/kokvilnas-dvielis-35x75-3\\\/#primaryimage\"},\"thumbnailUrl\":\"https:\\\/\\\/minubaltic.ee\\\/wp-content\\\/uploads\\\/2023\\\/10\\\/Ratikud-versa-1.jpg\",\"datePublished\":\"2023-10-04T16:06:47+00:00\",\"description\":\"Bambusa dvie\u013ci, Ekolo\u0123iski dvie\u013ci, Pludmales dvie\u013ci vasarai, Augstas kvalit\u0101tes mikro\u0161\u0137iedras dvie\u013ci, Hipoaler\u0123iski dvie\u013ci,\",\"breadcrumb\":{\"@id\":\"https:\\\/\\\/minubaltic.ee\\\/lv\\\/e-pood\\\/roku-dvieli\\\/kokvilnas-dvielis-35x75-3\\\/#breadcrumb\"},\"inLanguage\":\"lv-LV\",\"potentialAction\":[{\"@type\":\"ReadAction\",\"target\":[\"https:\\\/\\\/minubaltic.ee\\\/lv\\\/e-pood\\\/roku-dvieli\\\/kokvilnas-dvielis-35x75-3\\\/\"]}]},{\"@type\":\"ImageObject\",\"inLanguage\":\"lv-LV\",\"@id\":\"https:\\\/\\\/minubaltic.ee\\\/lv\\\/e-pood\\\/roku-dvieli\\\/kokvilnas-dvielis-35x75-3\\\/#primaryimage\",\"url\":\"https:\\\/\\\/minubaltic.ee\\\/wp-content\\\/uploads\\\/2023\\\/10\\\/Ratikud-versa-1.jpg\",\"contentUrl\":\"https:\\\/\\\/minubaltic.ee\\\/wp-content\\\/uploads\\\/2023\\\/10\\\/Ratikud-versa-1.jpg\",\"width\":750,\"height\":750},{\"@type\":\"BreadcrumbList\",\"@id\":\"https:\\\/\\\/minubaltic.ee\\\/lv\\\/e-pood\\\/roku-dvieli\\\/kokvilnas-dvielis-35x75-3\\\/#breadcrumb\",\"itemListElement\":[{\"@type\":\"ListItem\",\"position\":1,\"name\":\"S\u0101kums\",\"item\":\"https:\\\/\\\/minubaltic.ee\\\/lv\\\/\"},{\"@type\":\"ListItem\",\"position\":2,\"name\":\"E-veikals\",\"item\":\"https:\\\/\\\/minubaltic.ee\\\/lv\\\/e-veikals\\\/\"},{\"@type\":\"ListItem\",\"position\":3,\"name\":\"Kokvilnas dvielis 35&#215;75\"}]},{\"@type\":\"WebSite\",\"@id\":\"https:\\\/\\\/minubaltic.ee\\\/lv\\\/#website\",\"url\":\"https:\\\/\\\/minubaltic.ee\\\/lv\\\/\",\"name\":\"minubaltic.ee\",\"description\":\"\",\"publisher\":{\"@id\":\"https:\\\/\\\/minubaltic.ee\\\/lv\\\/#organization\"},\"potentialAction\":[{\"@type\":\"SearchAction\",\"target\":{\"@type\":\"EntryPoint\",\"urlTemplate\":\"https:\\\/\\\/minubaltic.ee\\\/lv\\\/?s={search_term_string}\"},\"query-input\":{\"@type\":\"PropertyValueSpecification\",\"valueRequired\":true,\"valueName\":\"search_term_string\"}}],\"inLanguage\":\"lv-LV\"},{\"@type\":\"Organization\",\"@id\":\"https:\\\/\\\/minubaltic.ee\\\/lv\\\/#organization\",\"name\":\"Minu Baltic O\u00dc\",\"url\":\"https:\\\/\\\/minubaltic.ee\\\/lv\\\/\",\"logo\":{\"@type\":\"ImageObject\",\"inLanguage\":\"lv-LV\",\"@id\":\"https:\\\/\\\/minubaltic.ee\\\/lv\\\/#\\\/schema\\\/logo\\\/image\\\/\",\"url\":\"https:\\\/\\\/minubaltic.ee\\\/wp-content\\\/uploads\\\/2023\\\/10\\\/cropped-cropped-cropped-logo.png\",\"contentUrl\":\"https:\\\/\\\/minubaltic.ee\\\/wp-content\\\/uploads\\\/2023\\\/10\\\/cropped-cropped-cropped-logo.png\",\"width\":500,\"height\":237,\"caption\":\"Minu Baltic O\u00dc\"},\"image\":{\"@id\":\"https:\\\/\\\/minubaltic.ee\\\/lv\\\/#\\\/schema\\\/logo\\\/image\\\/\"},\"sameAs\":[\"https:\\\/\\\/www.facebook.com\\\/minubaltic\"]}]}<\/script>\n<!-- \/ Yoast SEO plugin. -->","yoast_head_json":{"title":"Kokvilnas dvielis 35x75 - M\u016bsdienu m\u0101jas preces, p\u0113rkot internet\u0101","description":"Bambusa dvie\u013ci, Ekolo\u0123iski dvie\u013ci, Pludmales dvie\u013ci vasarai, Augstas kvalit\u0101tes mikro\u0161\u0137iedras dvie\u013ci, Hipoaler\u0123iski dvie\u013ci,","robots":{"index":"index","follow":"follow","max-snippet":"max-snippet:-1","max-image-preview":"max-image-preview:large","max-video-preview":"max-video-preview:-1"},"canonical":"https:\/\/minubaltic.ee\/lv\/e-pood\/roku-dvieli\/kokvilnas-dvielis-35x75-3\/","og_locale":"lv_LV","og_type":"article","og_title":"Kokvilnas dvielis 35x75 - M\u016bsdienu m\u0101jas preces, p\u0113rkot internet\u0101","og_description":"Bambusa dvie\u013ci, Ekolo\u0123iski dvie\u013ci, Pludmales dvie\u013ci vasarai, Augstas kvalit\u0101tes mikro\u0161\u0137iedras dvie\u013ci, Hipoaler\u0123iski dvie\u013ci,","og_url":"https:\/\/minubaltic.ee\/lv\/e-pood\/roku-dvieli\/kokvilnas-dvielis-35x75-3\/","article_publisher":"https:\/\/www.facebook.com\/minubaltic","og_image":[{"width":750,"height":750,"url":"https:\/\/minubaltic.ee\/wp-content\/uploads\/2023\/10\/Ratikud-versa-1.jpg","type":"image\/jpeg"}],"twitter_card":"summary_large_image","schema":{"@context":"https:\/\/schema.org","@graph":[{"@type":"WebPage","@id":"https:\/\/minubaltic.ee\/lv\/e-pood\/roku-dvieli\/kokvilnas-dvielis-35x75-3\/","url":"https:\/\/minubaltic.ee\/lv\/e-pood\/roku-dvieli\/kokvilnas-dvielis-35x75-3\/","name":"Kokvilnas dvielis 35x75 - M\u016bsdienu m\u0101jas preces, p\u0113rkot internet\u0101","isPartOf":{"@id":"https:\/\/minubaltic.ee\/lv\/#website"},"primaryImageOfPage":{"@id":"https:\/\/minubaltic.ee\/lv\/e-pood\/roku-dvieli\/kokvilnas-dvielis-35x75-3\/#primaryimage"},"image":{"@id":"https:\/\/minubaltic.ee\/lv\/e-pood\/roku-dvieli\/kokvilnas-dvielis-35x75-3\/#primaryimage"},"thumbnailUrl":"https:\/\/minubaltic.ee\/wp-content\/uploads\/2023\/10\/Ratikud-versa-1.jpg","datePublished":"2023-10-04T16:06:47+00:00","description":"Bambusa dvie\u013ci, Ekolo\u0123iski dvie\u013ci, Pludmales dvie\u013ci vasarai, Augstas kvalit\u0101tes mikro\u0161\u0137iedras dvie\u013ci, Hipoaler\u0123iski dvie\u013ci,","breadcrumb":{"@id":"https:\/\/minubaltic.ee\/lv\/e-pood\/roku-dvieli\/kokvilnas-dvielis-35x75-3\/#breadcrumb"},"inLanguage":"lv-LV","potentialAction":[{"@type":"ReadAction","target":["https:\/\/minubaltic.ee\/lv\/e-pood\/roku-dvieli\/kokvilnas-dvielis-35x75-3\/"]}]},{"@type":"ImageObject","inLanguage":"lv-LV","@id":"https:\/\/minubaltic.ee\/lv\/e-pood\/roku-dvieli\/kokvilnas-dvielis-35x75-3\/#primaryimage","url":"https:\/\/minubaltic.ee\/wp-content\/uploads\/2023\/10\/Ratikud-versa-1.jpg","contentUrl":"https:\/\/minubaltic.ee\/wp-content\/uploads\/2023\/10\/Ratikud-versa-1.jpg","width":750,"height":750},{"@type":"BreadcrumbList","@id":"https:\/\/minubaltic.ee\/lv\/e-pood\/roku-dvieli\/kokvilnas-dvielis-35x75-3\/#breadcrumb","itemListElement":[{"@type":"ListItem","position":1,"name":"S\u0101kums","item":"https:\/\/minubaltic.ee\/lv\/"},{"@type":"ListItem","position":2,"name":"E-veikals","item":"https:\/\/minubaltic.ee\/lv\/e-veikals\/"},{"@type":"ListItem","position":3,"name":"Kokvilnas dvielis 35&#215;75"}]},{"@type":"WebSite","@id":"https:\/\/minubaltic.ee\/lv\/#website","url":"https:\/\/minubaltic.ee\/lv\/","name":"minubaltic.ee","description":"","publisher":{"@id":"https:\/\/minubaltic.ee\/lv\/#organization"},"potentialAction":[{"@type":"SearchAction","target":{"@type":"EntryPoint","urlTemplate":"https:\/\/minubaltic.ee\/lv\/?s={search_term_string}"},"query-input":{"@type":"PropertyValueSpecification","valueRequired":true,"valueName":"search_term_string"}}],"inLanguage":"lv-LV"},{"@type":"Organization","@id":"https:\/\/minubaltic.ee\/lv\/#organization","name":"Minu Baltic O\u00dc","url":"https:\/\/minubaltic.ee\/lv\/","logo":{"@type":"ImageObject","inLanguage":"lv-LV","@id":"https:\/\/minubaltic.ee\/lv\/#\/schema\/logo\/image\/","url":"https:\/\/minubaltic.ee\/wp-content\/uploads\/2023\/10\/cropped-cropped-cropped-logo.png","contentUrl":"https:\/\/minubaltic.ee\/wp-content\/uploads\/2023\/10\/cropped-cropped-cropped-logo.png","width":500,"height":237,"caption":"Minu Baltic O\u00dc"},"image":{"@id":"https:\/\/minubaltic.ee\/lv\/#\/schema\/logo\/image\/"},"sameAs":["https:\/\/www.facebook.com\/minubaltic"]}]}},"_links":{"self":[{"href":"https:\/\/minubaltic.ee\/lv\/wp-json\/wp\/v2\/product\/22384","targetHints":{"allow":["GET"]}}],"collection":[{"href":"https:\/\/minubaltic.ee\/lv\/wp-json\/wp\/v2\/product"}],"about":[{"href":"https:\/\/minubaltic.ee\/lv\/wp-json\/wp\/v2\/types\/product"}],"replies":[{"embeddable":true,"href":"https:\/\/minubaltic.ee\/lv\/wp-json\/wp\/v2\/comments?post=22384"}],"version-history":[{"count":0,"href":"https:\/\/minubaltic.ee\/lv\/wp-json\/wp\/v2\/product\/22384\/revisions"}],"wp:featuredmedia":[{"embeddable":true,"href":"https:\/\/minubaltic.ee\/lv\/wp-json\/wp\/v2\/media\/22385"}],"wp:attachment":[{"href":"https:\/\/minubaltic.ee\/lv\/wp-json\/wp\/v2\/media?parent=22384"}],"wp:term":[{"taxonomy":"product_brand","embeddable":true,"href":"https:\/\/minubaltic.ee\/lv\/wp-json\/wp\/v2\/product_brand?post=22384"},{"taxonomy":"product_cat","embeddable":true,"href":"https:\/\/minubaltic.ee\/lv\/wp-json\/wp\/v2\/product_cat?post=22384"},{"taxonomy":"product_tag","embeddable":true,"href":"https:\/\/minubaltic.ee\/lv\/wp-json\/wp\/v2\/product_tag?post=22384"}],"curies":[{"name":"wp","href":"https:\/\/api.w.org\/{rel}","templated":true}]}}