{"id":22369,"date":"2023-10-05T21:59:20","date_gmt":"2023-10-05T18:59:20","guid":{"rendered":"https:\/\/minubaltic.ee\/e-pood\/uncategorized\/bernu-sega-105x135-8\/"},"modified":"2024-04-06T15:12:15","modified_gmt":"2024-04-06T12:12:15","slug":"bernu-sega-135-9","status":"publish","type":"product","link":"https:\/\/minubaltic.ee\/lv\/e-pood\/bernu-segas\/bernu-sega-135-9\/","title":{"rendered":"B\u0113rnu sega 105&#215;135"},"content":{"rendered":"<ul>\n<li><span class=\"product-attribute__label\"><strong>Auduma sast\u0101vs:<\/strong> poliestera \u0161\u0137iedra (poliesteris)<\/span><\/li>\n<li><strong>Da\u013cu skaits:<\/strong> 1<\/li>\n<li><span style=\"vertical-align: inherit;\"><strong>Izm\u0113ri:<\/strong> 105\u00d7135 cm<\/span><\/li>\n<li><span style=\"vertical-align: inherit;\"><strong>Specifik\u0101cija<\/strong>: 1cm x 1-3cm<\/span><\/li>\n<li><strong><span style=\"vertical-align: inherit;\">S\u012bk\u0101ka inform\u0101cija<\/span><span style=\"vertical-align: inherit;\">: <\/span><\/strong><span style=\"vertical-align: inherit;\">Super m\u012bksts, \u0113rts, biezs, silts, elpojo\u0161s<br \/>\n<\/span><\/li>\n<li>Produktu att\u0113li ir ilustrat\u012bvi<\/li>\n<\/ul>\n","protected":false},"excerpt":{"rendered":"<p>Auduma sast\u0101vs: poliestera \u0161\u0137iedra (poliesteris) Da\u013cu skaits: 1 Izm\u0113ri: 105\u00d7135 cm Specifik\u0101cija: 1cm x 1-3cm S\u012bk\u0101ka inform\u0101cija: Super m\u012bksts, \u0113rts,<\/p>\n","protected":false},"featured_media":22370,"comment_status":"open","ping_status":"closed","template":"","meta":[],"product_brand":[],"product_cat":[853,439],"product_tag":[462,459,460,461,465,464,466],"class_list":{"0":"post-22369","1":"product","2":"type-product","3":"status-publish","4":"has-post-thumbnail","6":"product_cat-bernu-pasaule","7":"product_cat-bernu-segas","8":"product_tag-bernu-segas","9":"product_tag-e-komercija","10":"product_tag-e-veikals","11":"product_tag-majas-tekstils","12":"product_tag-sega","13":"product_tag-segas","14":"product_tag-tekstils","16":"first","17":"outofstock","18":"sale","19":"shipping-taxable","20":"purchasable","21":"product-type-simple"},"yoast_head":"<!-- This site is optimized with the Yoast SEO plugin v27.3 - https:\/\/yoast.com\/product\/yoast-seo-wordpress\/ -->\n<title>B\u0113rnu sega 105x135 - Tekstilizstr\u0101d\u0101jumi z\u012bdai\u0146iem, Ieteicamie tekstilizstr\u0101d\u0101jumi z\u012bdai\u0146iem<\/title>\n<meta name=\"description\" content=\"B\u0113rnu pledi, B\u0113rnu pledi, B\u0113rnu pledi, B\u0113rnu pledi, B\u0113rnu pledi, B\u0113rnu pledi, B\u0113rnu pledi, B\u0113rnu pledi, B\u0113rnu pledi, Siltie pledi, Silt\u0101s segas, Silt\u0101s segas, Segas z\u0113niem, Segas meiten\u0113m, Segas z\u0113niem, Silt\u0101s segas, Kabatas izm\u0113rs\" \/>\n<meta name=\"robots\" content=\"index, follow, max-snippet:-1, max-image-preview:large, max-video-preview:-1\" \/>\n<link rel=\"canonical\" href=\"https:\/\/minubaltic.ee\/lv\/e-pood\/bernu-segas\/bernu-sega-135-9\/\" \/>\n<meta property=\"og:locale\" content=\"lv_LV\" \/>\n<meta property=\"og:type\" content=\"article\" \/>\n<meta property=\"og:title\" content=\"B\u0113rnu sega 105x135 - Tekstilizstr\u0101d\u0101jumi z\u012bdai\u0146iem, Ieteicamie tekstilizstr\u0101d\u0101jumi z\u012bdai\u0146iem\" \/>\n<meta property=\"og:description\" content=\"B\u0113rnu pledi, B\u0113rnu pledi, B\u0113rnu pledi, B\u0113rnu pledi, B\u0113rnu pledi, B\u0113rnu pledi, B\u0113rnu pledi, B\u0113rnu pledi, B\u0113rnu pledi, Siltie pledi, Silt\u0101s segas, Silt\u0101s segas, Segas z\u0113niem, Segas meiten\u0113m, Segas z\u0113niem, Silt\u0101s segas, Kabatas izm\u0113rs\" \/>\n<meta property=\"og:url\" content=\"https:\/\/minubaltic.ee\/lv\/e-pood\/bernu-segas\/bernu-sega-135-9\/\" \/>\n<meta property=\"article:publisher\" content=\"https:\/\/www.facebook.com\/minubaltic\" \/>\n<meta property=\"article:modified_time\" content=\"2024-04-06T12:12:15+00:00\" \/>\n<meta property=\"og:image\" content=\"https:\/\/minubaltic.ee\/wp-content\/uploads\/2023\/10\/laste-tekk-13-scaled.jpg\" \/>\n\t<meta property=\"og:image:width\" content=\"2560\" \/>\n\t<meta property=\"og:image:height\" content=\"2560\" \/>\n\t<meta property=\"og:image:type\" content=\"image\/jpeg\" \/>\n<meta name=\"twitter:card\" content=\"summary_large_image\" \/>\n<meta name=\"twitter:label1\" content=\"Est. reading time\" \/>\n\t<meta name=\"twitter:data1\" content=\"1 minute\" \/>\n<script type=\"application\/ld+json\" class=\"yoast-schema-graph\">{\"@context\":\"https:\\\/\\\/schema.org\",\"@graph\":[{\"@type\":\"WebPage\",\"@id\":\"https:\\\/\\\/minubaltic.ee\\\/lv\\\/e-pood\\\/bernu-segas\\\/bernu-sega-135-9\\\/\",\"url\":\"https:\\\/\\\/minubaltic.ee\\\/lv\\\/e-pood\\\/bernu-segas\\\/bernu-sega-135-9\\\/\",\"name\":\"B\u0113rnu sega 105x135 - Tekstilizstr\u0101d\u0101jumi z\u012bdai\u0146iem, Ieteicamie tekstilizstr\u0101d\u0101jumi z\u012bdai\u0146iem\",\"isPartOf\":{\"@id\":\"https:\\\/\\\/minubaltic.ee\\\/lv\\\/#website\"},\"primaryImageOfPage\":{\"@id\":\"https:\\\/\\\/minubaltic.ee\\\/lv\\\/e-pood\\\/bernu-segas\\\/bernu-sega-135-9\\\/#primaryimage\"},\"image\":{\"@id\":\"https:\\\/\\\/minubaltic.ee\\\/lv\\\/e-pood\\\/bernu-segas\\\/bernu-sega-135-9\\\/#primaryimage\"},\"thumbnailUrl\":\"https:\\\/\\\/minubaltic.ee\\\/wp-content\\\/uploads\\\/2023\\\/10\\\/laste-tekk-13-scaled.jpg\",\"datePublished\":\"2023-10-05T18:59:20+00:00\",\"dateModified\":\"2024-04-06T12:12:15+00:00\",\"description\":\"B\u0113rnu pledi, B\u0113rnu pledi, B\u0113rnu pledi, B\u0113rnu pledi, B\u0113rnu pledi, B\u0113rnu pledi, B\u0113rnu pledi, B\u0113rnu pledi, B\u0113rnu pledi, Siltie pledi, Silt\u0101s segas, Silt\u0101s segas, Segas z\u0113niem, Segas meiten\u0113m, Segas z\u0113niem, Silt\u0101s segas, Kabatas izm\u0113rs\",\"breadcrumb\":{\"@id\":\"https:\\\/\\\/minubaltic.ee\\\/lv\\\/e-pood\\\/bernu-segas\\\/bernu-sega-135-9\\\/#breadcrumb\"},\"inLanguage\":\"lv-LV\",\"potentialAction\":[{\"@type\":\"ReadAction\",\"target\":[\"https:\\\/\\\/minubaltic.ee\\\/lv\\\/e-pood\\\/bernu-segas\\\/bernu-sega-135-9\\\/\"]}]},{\"@type\":\"ImageObject\",\"inLanguage\":\"lv-LV\",\"@id\":\"https:\\\/\\\/minubaltic.ee\\\/lv\\\/e-pood\\\/bernu-segas\\\/bernu-sega-135-9\\\/#primaryimage\",\"url\":\"https:\\\/\\\/minubaltic.ee\\\/wp-content\\\/uploads\\\/2023\\\/10\\\/laste-tekk-13-scaled.jpg\",\"contentUrl\":\"https:\\\/\\\/minubaltic.ee\\\/wp-content\\\/uploads\\\/2023\\\/10\\\/laste-tekk-13-scaled.jpg\",\"width\":2560,\"height\":2560},{\"@type\":\"BreadcrumbList\",\"@id\":\"https:\\\/\\\/minubaltic.ee\\\/lv\\\/e-pood\\\/bernu-segas\\\/bernu-sega-135-9\\\/#breadcrumb\",\"itemListElement\":[{\"@type\":\"ListItem\",\"position\":1,\"name\":\"S\u0101kums\",\"item\":\"https:\\\/\\\/minubaltic.ee\\\/lv\\\/\"},{\"@type\":\"ListItem\",\"position\":2,\"name\":\"E-veikals\",\"item\":\"https:\\\/\\\/minubaltic.ee\\\/lv\\\/e-veikals\\\/\"},{\"@type\":\"ListItem\",\"position\":3,\"name\":\"B\u0113rnu sega 105&#215;135\"}]},{\"@type\":\"WebSite\",\"@id\":\"https:\\\/\\\/minubaltic.ee\\\/lv\\\/#website\",\"url\":\"https:\\\/\\\/minubaltic.ee\\\/lv\\\/\",\"name\":\"minubaltic.ee\",\"description\":\"\",\"publisher\":{\"@id\":\"https:\\\/\\\/minubaltic.ee\\\/lv\\\/#organization\"},\"potentialAction\":[{\"@type\":\"SearchAction\",\"target\":{\"@type\":\"EntryPoint\",\"urlTemplate\":\"https:\\\/\\\/minubaltic.ee\\\/lv\\\/?s={search_term_string}\"},\"query-input\":{\"@type\":\"PropertyValueSpecification\",\"valueRequired\":true,\"valueName\":\"search_term_string\"}}],\"inLanguage\":\"lv-LV\"},{\"@type\":\"Organization\",\"@id\":\"https:\\\/\\\/minubaltic.ee\\\/lv\\\/#organization\",\"name\":\"Minu Baltic O\u00dc\",\"url\":\"https:\\\/\\\/minubaltic.ee\\\/lv\\\/\",\"logo\":{\"@type\":\"ImageObject\",\"inLanguage\":\"lv-LV\",\"@id\":\"https:\\\/\\\/minubaltic.ee\\\/lv\\\/#\\\/schema\\\/logo\\\/image\\\/\",\"url\":\"https:\\\/\\\/minubaltic.ee\\\/wp-content\\\/uploads\\\/2023\\\/10\\\/cropped-cropped-cropped-logo.png\",\"contentUrl\":\"https:\\\/\\\/minubaltic.ee\\\/wp-content\\\/uploads\\\/2023\\\/10\\\/cropped-cropped-cropped-logo.png\",\"width\":500,\"height\":237,\"caption\":\"Minu Baltic O\u00dc\"},\"image\":{\"@id\":\"https:\\\/\\\/minubaltic.ee\\\/lv\\\/#\\\/schema\\\/logo\\\/image\\\/\"},\"sameAs\":[\"https:\\\/\\\/www.facebook.com\\\/minubaltic\"]}]}<\/script>\n<!-- \/ Yoast SEO plugin. -->","yoast_head_json":{"title":"B\u0113rnu sega 105x135 - Tekstilizstr\u0101d\u0101jumi z\u012bdai\u0146iem, Ieteicamie tekstilizstr\u0101d\u0101jumi z\u012bdai\u0146iem","description":"B\u0113rnu pledi, B\u0113rnu pledi, B\u0113rnu pledi, B\u0113rnu pledi, B\u0113rnu pledi, B\u0113rnu pledi, B\u0113rnu pledi, B\u0113rnu pledi, B\u0113rnu pledi, Siltie pledi, Silt\u0101s segas, Silt\u0101s segas, Segas z\u0113niem, Segas meiten\u0113m, Segas z\u0113niem, Silt\u0101s segas, Kabatas izm\u0113rs","robots":{"index":"index","follow":"follow","max-snippet":"max-snippet:-1","max-image-preview":"max-image-preview:large","max-video-preview":"max-video-preview:-1"},"canonical":"https:\/\/minubaltic.ee\/lv\/e-pood\/bernu-segas\/bernu-sega-135-9\/","og_locale":"lv_LV","og_type":"article","og_title":"B\u0113rnu sega 105x135 - Tekstilizstr\u0101d\u0101jumi z\u012bdai\u0146iem, Ieteicamie tekstilizstr\u0101d\u0101jumi z\u012bdai\u0146iem","og_description":"B\u0113rnu pledi, B\u0113rnu pledi, B\u0113rnu pledi, B\u0113rnu pledi, B\u0113rnu pledi, B\u0113rnu pledi, B\u0113rnu pledi, B\u0113rnu pledi, B\u0113rnu pledi, Siltie pledi, Silt\u0101s segas, Silt\u0101s segas, Segas z\u0113niem, Segas meiten\u0113m, Segas z\u0113niem, Silt\u0101s segas, Kabatas izm\u0113rs","og_url":"https:\/\/minubaltic.ee\/lv\/e-pood\/bernu-segas\/bernu-sega-135-9\/","article_publisher":"https:\/\/www.facebook.com\/minubaltic","article_modified_time":"2024-04-06T12:12:15+00:00","og_image":[{"width":2560,"height":2560,"url":"https:\/\/minubaltic.ee\/wp-content\/uploads\/2023\/10\/laste-tekk-13-scaled.jpg","type":"image\/jpeg"}],"twitter_card":"summary_large_image","twitter_misc":{"Est. reading time":"1 minute"},"schema":{"@context":"https:\/\/schema.org","@graph":[{"@type":"WebPage","@id":"https:\/\/minubaltic.ee\/lv\/e-pood\/bernu-segas\/bernu-sega-135-9\/","url":"https:\/\/minubaltic.ee\/lv\/e-pood\/bernu-segas\/bernu-sega-135-9\/","name":"B\u0113rnu sega 105x135 - Tekstilizstr\u0101d\u0101jumi z\u012bdai\u0146iem, Ieteicamie tekstilizstr\u0101d\u0101jumi z\u012bdai\u0146iem","isPartOf":{"@id":"https:\/\/minubaltic.ee\/lv\/#website"},"primaryImageOfPage":{"@id":"https:\/\/minubaltic.ee\/lv\/e-pood\/bernu-segas\/bernu-sega-135-9\/#primaryimage"},"image":{"@id":"https:\/\/minubaltic.ee\/lv\/e-pood\/bernu-segas\/bernu-sega-135-9\/#primaryimage"},"thumbnailUrl":"https:\/\/minubaltic.ee\/wp-content\/uploads\/2023\/10\/laste-tekk-13-scaled.jpg","datePublished":"2023-10-05T18:59:20+00:00","dateModified":"2024-04-06T12:12:15+00:00","description":"B\u0113rnu pledi, B\u0113rnu pledi, B\u0113rnu pledi, B\u0113rnu pledi, B\u0113rnu pledi, B\u0113rnu pledi, B\u0113rnu pledi, B\u0113rnu pledi, B\u0113rnu pledi, Siltie pledi, Silt\u0101s segas, Silt\u0101s segas, Segas z\u0113niem, Segas meiten\u0113m, Segas z\u0113niem, Silt\u0101s segas, Kabatas izm\u0113rs","breadcrumb":{"@id":"https:\/\/minubaltic.ee\/lv\/e-pood\/bernu-segas\/bernu-sega-135-9\/#breadcrumb"},"inLanguage":"lv-LV","potentialAction":[{"@type":"ReadAction","target":["https:\/\/minubaltic.ee\/lv\/e-pood\/bernu-segas\/bernu-sega-135-9\/"]}]},{"@type":"ImageObject","inLanguage":"lv-LV","@id":"https:\/\/minubaltic.ee\/lv\/e-pood\/bernu-segas\/bernu-sega-135-9\/#primaryimage","url":"https:\/\/minubaltic.ee\/wp-content\/uploads\/2023\/10\/laste-tekk-13-scaled.jpg","contentUrl":"https:\/\/minubaltic.ee\/wp-content\/uploads\/2023\/10\/laste-tekk-13-scaled.jpg","width":2560,"height":2560},{"@type":"BreadcrumbList","@id":"https:\/\/minubaltic.ee\/lv\/e-pood\/bernu-segas\/bernu-sega-135-9\/#breadcrumb","itemListElement":[{"@type":"ListItem","position":1,"name":"S\u0101kums","item":"https:\/\/minubaltic.ee\/lv\/"},{"@type":"ListItem","position":2,"name":"E-veikals","item":"https:\/\/minubaltic.ee\/lv\/e-veikals\/"},{"@type":"ListItem","position":3,"name":"B\u0113rnu sega 105&#215;135"}]},{"@type":"WebSite","@id":"https:\/\/minubaltic.ee\/lv\/#website","url":"https:\/\/minubaltic.ee\/lv\/","name":"minubaltic.ee","description":"","publisher":{"@id":"https:\/\/minubaltic.ee\/lv\/#organization"},"potentialAction":[{"@type":"SearchAction","target":{"@type":"EntryPoint","urlTemplate":"https:\/\/minubaltic.ee\/lv\/?s={search_term_string}"},"query-input":{"@type":"PropertyValueSpecification","valueRequired":true,"valueName":"search_term_string"}}],"inLanguage":"lv-LV"},{"@type":"Organization","@id":"https:\/\/minubaltic.ee\/lv\/#organization","name":"Minu Baltic O\u00dc","url":"https:\/\/minubaltic.ee\/lv\/","logo":{"@type":"ImageObject","inLanguage":"lv-LV","@id":"https:\/\/minubaltic.ee\/lv\/#\/schema\/logo\/image\/","url":"https:\/\/minubaltic.ee\/wp-content\/uploads\/2023\/10\/cropped-cropped-cropped-logo.png","contentUrl":"https:\/\/minubaltic.ee\/wp-content\/uploads\/2023\/10\/cropped-cropped-cropped-logo.png","width":500,"height":237,"caption":"Minu Baltic O\u00dc"},"image":{"@id":"https:\/\/minubaltic.ee\/lv\/#\/schema\/logo\/image\/"},"sameAs":["https:\/\/www.facebook.com\/minubaltic"]}]}},"_links":{"self":[{"href":"https:\/\/minubaltic.ee\/lv\/wp-json\/wp\/v2\/product\/22369","targetHints":{"allow":["GET"]}}],"collection":[{"href":"https:\/\/minubaltic.ee\/lv\/wp-json\/wp\/v2\/product"}],"about":[{"href":"https:\/\/minubaltic.ee\/lv\/wp-json\/wp\/v2\/types\/product"}],"replies":[{"embeddable":true,"href":"https:\/\/minubaltic.ee\/lv\/wp-json\/wp\/v2\/comments?post=22369"}],"version-history":[{"count":0,"href":"https:\/\/minubaltic.ee\/lv\/wp-json\/wp\/v2\/product\/22369\/revisions"}],"wp:featuredmedia":[{"embeddable":true,"href":"https:\/\/minubaltic.ee\/lv\/wp-json\/wp\/v2\/media\/22370"}],"wp:attachment":[{"href":"https:\/\/minubaltic.ee\/lv\/wp-json\/wp\/v2\/media?parent=22369"}],"wp:term":[{"taxonomy":"product_brand","embeddable":true,"href":"https:\/\/minubaltic.ee\/lv\/wp-json\/wp\/v2\/product_brand?post=22369"},{"taxonomy":"product_cat","embeddable":true,"href":"https:\/\/minubaltic.ee\/lv\/wp-json\/wp\/v2\/product_cat?post=22369"},{"taxonomy":"product_tag","embeddable":true,"href":"https:\/\/minubaltic.ee\/lv\/wp-json\/wp\/v2\/product_tag?post=22369"}],"curies":[{"name":"wp","href":"https:\/\/api.w.org\/{rel}","templated":true}]}}