{"id":22354,"date":"2023-10-05T22:49:58","date_gmt":"2023-10-05T19:49:58","guid":{"rendered":"https:\/\/minubaltic.ee\/e-pood\/maaratlemata\/bernu-sega-105x135\/"},"modified":"2024-08-04T23:25:12","modified_gmt":"2024-08-04T20:25:12","slug":"bernu-sega-135-2","status":"publish","type":"product","link":"https:\/\/minubaltic.ee\/lv\/e-pood\/bernu-segas\/bernu-sega-135-2\/","title":{"rendered":"B\u0113rnu sega 105&#215;135"},"content":{"rendered":"<ul>\n<li><span class=\"product-attribute__label\"><strong>Auduma sast\u0101vs:<\/strong> poliestera \u0161\u0137iedra (poliesteris)<\/span><\/li>\n<li><strong>Da\u013cu skaits:<\/strong> 1<\/li>\n<li><span style=\"vertical-align: inherit;\"><strong>Izm\u0113ri:<\/strong> 105\u00d7135 cm<\/span><\/li>\n<li><span style=\"vertical-align: inherit;\"><strong>Specifik\u0101cija<\/strong>: 1cm x 1-3cm<\/span><\/li>\n<li><strong><span style=\"vertical-align: inherit;\">S\u012bk\u0101ka inform\u0101cija<\/span><span style=\"vertical-align: inherit;\">: <\/span><\/strong><span style=\"vertical-align: inherit;\">Super m\u012bksts, \u0113rts, biezs, silts, elpojo\u0161s<br \/>\n<\/span><\/li>\n<li>Produktu att\u0113li ir ilustrat\u012bvi<\/li>\n<\/ul>\n","protected":false},"excerpt":{"rendered":"<p>Auduma sast\u0101vs: poliestera \u0161\u0137iedra (poliesteris) Da\u013cu skaits: 1 Izm\u0113ri: 105\u00d7135 cm Specifik\u0101cija: 1cm x 1-3cm S\u012bk\u0101ka inform\u0101cija: Super m\u012bksts, \u0113rts,<\/p>\n","protected":false},"featured_media":22355,"comment_status":"open","ping_status":"closed","template":"","meta":[],"product_brand":[],"product_cat":[439],"product_tag":[462,459,460,461,465,464,466],"class_list":{"0":"post-22354","1":"product","2":"type-product","3":"status-publish","4":"has-post-thumbnail","6":"product_cat-bernu-segas","7":"product_tag-bernu-segas","8":"product_tag-e-komercija","9":"product_tag-e-veikals","10":"product_tag-majas-tekstils","11":"product_tag-sega","12":"product_tag-segas","13":"product_tag-tekstils","15":"first","16":"outofstock","17":"sale","18":"shipping-taxable","19":"purchasable","20":"product-type-simple"},"yoast_head":"<!-- This site is optimized with the Yoast SEO plugin v27.4 - https:\/\/yoast.com\/product\/yoast-seo-wordpress\/ -->\n<title>B\u0113rnu sega 105x135 - Segas meiten\u0113m, Pieejamas b\u0113rnu segas<\/title>\n<meta name=\"description\" content=\"Ekolo\u0123isk\u0101s segas b\u0113rniem, B\u0113rnu pledi, B\u0113rnu pledi, B\u0113rnu pledi, Ieteicam\u0101s b\u0113rnu pledi, Ieteicam\u0101s b\u0113rnu pledi, Eko pledi b\u0113rniem, Silt\u0101s ziemas segas, Segas b\u0113rniem, Segas b\u0113rniem, Segas b\u0113rniem, Segas b\u0113rniem, Silt\u0101s ziemas segas, Z\u012bdai\u0146u segas, Z\u012bdai\u0146u segas, Z\u012bdai\u0146u segas, Z\u012bdai\u0146u segas\" \/>\n<meta name=\"robots\" content=\"index, follow, max-snippet:-1, max-image-preview:large, max-video-preview:-1\" \/>\n<link rel=\"canonical\" href=\"https:\/\/minubaltic.ee\/lv\/e-pood\/bernu-segas\/bernu-sega-135-2\/\" \/>\n<meta property=\"og:locale\" content=\"lv_LV\" \/>\n<meta property=\"og:type\" content=\"article\" \/>\n<meta property=\"og:title\" content=\"B\u0113rnu sega 105x135 - Segas meiten\u0113m, Pieejamas b\u0113rnu segas\" \/>\n<meta property=\"og:description\" content=\"Ekolo\u0123isk\u0101s segas b\u0113rniem, B\u0113rnu pledi, B\u0113rnu pledi, B\u0113rnu pledi, Ieteicam\u0101s b\u0113rnu pledi, Ieteicam\u0101s b\u0113rnu pledi, Eko pledi b\u0113rniem, Silt\u0101s ziemas segas, Segas b\u0113rniem, Segas b\u0113rniem, Segas b\u0113rniem, Segas b\u0113rniem, Silt\u0101s ziemas segas, Z\u012bdai\u0146u segas, Z\u012bdai\u0146u segas, Z\u012bdai\u0146u segas, Z\u012bdai\u0146u segas\" \/>\n<meta property=\"og:url\" content=\"https:\/\/minubaltic.ee\/lv\/e-pood\/bernu-segas\/bernu-sega-135-2\/\" \/>\n<meta property=\"article:publisher\" content=\"https:\/\/www.facebook.com\/minubaltic\" \/>\n<meta property=\"article:modified_time\" content=\"2024-08-04T20:25:12+00:00\" \/>\n<meta property=\"og:image\" content=\"https:\/\/minubaltic.ee\/wp-content\/uploads\/2023\/10\/laste-tekk-17-scaled.jpg\" \/>\n\t<meta property=\"og:image:width\" content=\"2560\" \/>\n\t<meta property=\"og:image:height\" content=\"2560\" \/>\n\t<meta property=\"og:image:type\" content=\"image\/jpeg\" \/>\n<meta name=\"twitter:card\" content=\"summary_large_image\" \/>\n<meta name=\"twitter:label1\" content=\"Est. reading time\" \/>\n\t<meta name=\"twitter:data1\" content=\"1 minute\" \/>\n<script type=\"application\/ld+json\" class=\"yoast-schema-graph\">{\"@context\":\"https:\\\/\\\/schema.org\",\"@graph\":[{\"@type\":\"WebPage\",\"@id\":\"https:\\\/\\\/minubaltic.ee\\\/lv\\\/e-pood\\\/bernu-segas\\\/bernu-sega-135-2\\\/\",\"url\":\"https:\\\/\\\/minubaltic.ee\\\/lv\\\/e-pood\\\/bernu-segas\\\/bernu-sega-135-2\\\/\",\"name\":\"B\u0113rnu sega 105x135 - Segas meiten\u0113m, Pieejamas b\u0113rnu segas\",\"isPartOf\":{\"@id\":\"https:\\\/\\\/minubaltic.ee\\\/lv\\\/#website\"},\"primaryImageOfPage\":{\"@id\":\"https:\\\/\\\/minubaltic.ee\\\/lv\\\/e-pood\\\/bernu-segas\\\/bernu-sega-135-2\\\/#primaryimage\"},\"image\":{\"@id\":\"https:\\\/\\\/minubaltic.ee\\\/lv\\\/e-pood\\\/bernu-segas\\\/bernu-sega-135-2\\\/#primaryimage\"},\"thumbnailUrl\":\"https:\\\/\\\/minubaltic.ee\\\/wp-content\\\/uploads\\\/2023\\\/10\\\/laste-tekk-17-scaled.jpg\",\"datePublished\":\"2023-10-05T19:49:58+00:00\",\"dateModified\":\"2024-08-04T20:25:12+00:00\",\"description\":\"Ekolo\u0123isk\u0101s segas b\u0113rniem, B\u0113rnu pledi, B\u0113rnu pledi, B\u0113rnu pledi, Ieteicam\u0101s b\u0113rnu pledi, Ieteicam\u0101s b\u0113rnu pledi, Eko pledi b\u0113rniem, Silt\u0101s ziemas segas, Segas b\u0113rniem, Segas b\u0113rniem, Segas b\u0113rniem, Segas b\u0113rniem, Silt\u0101s ziemas segas, Z\u012bdai\u0146u segas, Z\u012bdai\u0146u segas, Z\u012bdai\u0146u segas, Z\u012bdai\u0146u segas\",\"breadcrumb\":{\"@id\":\"https:\\\/\\\/minubaltic.ee\\\/lv\\\/e-pood\\\/bernu-segas\\\/bernu-sega-135-2\\\/#breadcrumb\"},\"inLanguage\":\"lv-LV\",\"potentialAction\":[{\"@type\":\"ReadAction\",\"target\":[\"https:\\\/\\\/minubaltic.ee\\\/lv\\\/e-pood\\\/bernu-segas\\\/bernu-sega-135-2\\\/\"]}]},{\"@type\":\"ImageObject\",\"inLanguage\":\"lv-LV\",\"@id\":\"https:\\\/\\\/minubaltic.ee\\\/lv\\\/e-pood\\\/bernu-segas\\\/bernu-sega-135-2\\\/#primaryimage\",\"url\":\"https:\\\/\\\/minubaltic.ee\\\/wp-content\\\/uploads\\\/2023\\\/10\\\/laste-tekk-17-scaled.jpg\",\"contentUrl\":\"https:\\\/\\\/minubaltic.ee\\\/wp-content\\\/uploads\\\/2023\\\/10\\\/laste-tekk-17-scaled.jpg\",\"width\":2560,\"height\":2560},{\"@type\":\"BreadcrumbList\",\"@id\":\"https:\\\/\\\/minubaltic.ee\\\/lv\\\/e-pood\\\/bernu-segas\\\/bernu-sega-135-2\\\/#breadcrumb\",\"itemListElement\":[{\"@type\":\"ListItem\",\"position\":1,\"name\":\"S\u0101kums\",\"item\":\"https:\\\/\\\/minubaltic.ee\\\/lv\\\/\"},{\"@type\":\"ListItem\",\"position\":2,\"name\":\"E-veikals\",\"item\":\"https:\\\/\\\/minubaltic.ee\\\/lv\\\/e-veikals\\\/\"},{\"@type\":\"ListItem\",\"position\":3,\"name\":\"B\u0113rnu sega 105&#215;135\"}]},{\"@type\":\"WebSite\",\"@id\":\"https:\\\/\\\/minubaltic.ee\\\/lv\\\/#website\",\"url\":\"https:\\\/\\\/minubaltic.ee\\\/lv\\\/\",\"name\":\"minubaltic.ee\",\"description\":\"\",\"publisher\":{\"@id\":\"https:\\\/\\\/minubaltic.ee\\\/lv\\\/#organization\"},\"potentialAction\":[{\"@type\":\"SearchAction\",\"target\":{\"@type\":\"EntryPoint\",\"urlTemplate\":\"https:\\\/\\\/minubaltic.ee\\\/lv\\\/?s={search_term_string}\"},\"query-input\":{\"@type\":\"PropertyValueSpecification\",\"valueRequired\":true,\"valueName\":\"search_term_string\"}}],\"inLanguage\":\"lv-LV\"},{\"@type\":\"Organization\",\"@id\":\"https:\\\/\\\/minubaltic.ee\\\/lv\\\/#organization\",\"name\":\"Minu Baltic O\u00dc\",\"url\":\"https:\\\/\\\/minubaltic.ee\\\/lv\\\/\",\"logo\":{\"@type\":\"ImageObject\",\"inLanguage\":\"lv-LV\",\"@id\":\"https:\\\/\\\/minubaltic.ee\\\/lv\\\/#\\\/schema\\\/logo\\\/image\\\/\",\"url\":\"https:\\\/\\\/minubaltic.ee\\\/wp-content\\\/uploads\\\/2023\\\/10\\\/cropped-cropped-cropped-logo.png\",\"contentUrl\":\"https:\\\/\\\/minubaltic.ee\\\/wp-content\\\/uploads\\\/2023\\\/10\\\/cropped-cropped-cropped-logo.png\",\"width\":500,\"height\":237,\"caption\":\"Minu Baltic O\u00dc\"},\"image\":{\"@id\":\"https:\\\/\\\/minubaltic.ee\\\/lv\\\/#\\\/schema\\\/logo\\\/image\\\/\"},\"sameAs\":[\"https:\\\/\\\/www.facebook.com\\\/minubaltic\"]}]}<\/script>\n<!-- \/ Yoast SEO plugin. -->","yoast_head_json":{"title":"B\u0113rnu sega 105x135 - Segas meiten\u0113m, Pieejamas b\u0113rnu segas","description":"Ekolo\u0123isk\u0101s segas b\u0113rniem, B\u0113rnu pledi, B\u0113rnu pledi, B\u0113rnu pledi, Ieteicam\u0101s b\u0113rnu pledi, Ieteicam\u0101s b\u0113rnu pledi, Eko pledi b\u0113rniem, Silt\u0101s ziemas segas, Segas b\u0113rniem, Segas b\u0113rniem, Segas b\u0113rniem, Segas b\u0113rniem, Silt\u0101s ziemas segas, Z\u012bdai\u0146u segas, Z\u012bdai\u0146u segas, Z\u012bdai\u0146u segas, Z\u012bdai\u0146u segas","robots":{"index":"index","follow":"follow","max-snippet":"max-snippet:-1","max-image-preview":"max-image-preview:large","max-video-preview":"max-video-preview:-1"},"canonical":"https:\/\/minubaltic.ee\/lv\/e-pood\/bernu-segas\/bernu-sega-135-2\/","og_locale":"lv_LV","og_type":"article","og_title":"B\u0113rnu sega 105x135 - Segas meiten\u0113m, Pieejamas b\u0113rnu segas","og_description":"Ekolo\u0123isk\u0101s segas b\u0113rniem, B\u0113rnu pledi, B\u0113rnu pledi, B\u0113rnu pledi, Ieteicam\u0101s b\u0113rnu pledi, Ieteicam\u0101s b\u0113rnu pledi, Eko pledi b\u0113rniem, Silt\u0101s ziemas segas, Segas b\u0113rniem, Segas b\u0113rniem, Segas b\u0113rniem, Segas b\u0113rniem, Silt\u0101s ziemas segas, Z\u012bdai\u0146u segas, Z\u012bdai\u0146u segas, Z\u012bdai\u0146u segas, Z\u012bdai\u0146u segas","og_url":"https:\/\/minubaltic.ee\/lv\/e-pood\/bernu-segas\/bernu-sega-135-2\/","article_publisher":"https:\/\/www.facebook.com\/minubaltic","article_modified_time":"2024-08-04T20:25:12+00:00","og_image":[{"width":2560,"height":2560,"url":"https:\/\/minubaltic.ee\/wp-content\/uploads\/2023\/10\/laste-tekk-17-scaled.jpg","type":"image\/jpeg"}],"twitter_card":"summary_large_image","twitter_misc":{"Est. reading time":"1 minute"},"schema":{"@context":"https:\/\/schema.org","@graph":[{"@type":"WebPage","@id":"https:\/\/minubaltic.ee\/lv\/e-pood\/bernu-segas\/bernu-sega-135-2\/","url":"https:\/\/minubaltic.ee\/lv\/e-pood\/bernu-segas\/bernu-sega-135-2\/","name":"B\u0113rnu sega 105x135 - Segas meiten\u0113m, Pieejamas b\u0113rnu segas","isPartOf":{"@id":"https:\/\/minubaltic.ee\/lv\/#website"},"primaryImageOfPage":{"@id":"https:\/\/minubaltic.ee\/lv\/e-pood\/bernu-segas\/bernu-sega-135-2\/#primaryimage"},"image":{"@id":"https:\/\/minubaltic.ee\/lv\/e-pood\/bernu-segas\/bernu-sega-135-2\/#primaryimage"},"thumbnailUrl":"https:\/\/minubaltic.ee\/wp-content\/uploads\/2023\/10\/laste-tekk-17-scaled.jpg","datePublished":"2023-10-05T19:49:58+00:00","dateModified":"2024-08-04T20:25:12+00:00","description":"Ekolo\u0123isk\u0101s segas b\u0113rniem, B\u0113rnu pledi, B\u0113rnu pledi, B\u0113rnu pledi, Ieteicam\u0101s b\u0113rnu pledi, Ieteicam\u0101s b\u0113rnu pledi, Eko pledi b\u0113rniem, Silt\u0101s ziemas segas, Segas b\u0113rniem, Segas b\u0113rniem, Segas b\u0113rniem, Segas b\u0113rniem, Silt\u0101s ziemas segas, Z\u012bdai\u0146u segas, Z\u012bdai\u0146u segas, Z\u012bdai\u0146u segas, Z\u012bdai\u0146u segas","breadcrumb":{"@id":"https:\/\/minubaltic.ee\/lv\/e-pood\/bernu-segas\/bernu-sega-135-2\/#breadcrumb"},"inLanguage":"lv-LV","potentialAction":[{"@type":"ReadAction","target":["https:\/\/minubaltic.ee\/lv\/e-pood\/bernu-segas\/bernu-sega-135-2\/"]}]},{"@type":"ImageObject","inLanguage":"lv-LV","@id":"https:\/\/minubaltic.ee\/lv\/e-pood\/bernu-segas\/bernu-sega-135-2\/#primaryimage","url":"https:\/\/minubaltic.ee\/wp-content\/uploads\/2023\/10\/laste-tekk-17-scaled.jpg","contentUrl":"https:\/\/minubaltic.ee\/wp-content\/uploads\/2023\/10\/laste-tekk-17-scaled.jpg","width":2560,"height":2560},{"@type":"BreadcrumbList","@id":"https:\/\/minubaltic.ee\/lv\/e-pood\/bernu-segas\/bernu-sega-135-2\/#breadcrumb","itemListElement":[{"@type":"ListItem","position":1,"name":"S\u0101kums","item":"https:\/\/minubaltic.ee\/lv\/"},{"@type":"ListItem","position":2,"name":"E-veikals","item":"https:\/\/minubaltic.ee\/lv\/e-veikals\/"},{"@type":"ListItem","position":3,"name":"B\u0113rnu sega 105&#215;135"}]},{"@type":"WebSite","@id":"https:\/\/minubaltic.ee\/lv\/#website","url":"https:\/\/minubaltic.ee\/lv\/","name":"minubaltic.ee","description":"","publisher":{"@id":"https:\/\/minubaltic.ee\/lv\/#organization"},"potentialAction":[{"@type":"SearchAction","target":{"@type":"EntryPoint","urlTemplate":"https:\/\/minubaltic.ee\/lv\/?s={search_term_string}"},"query-input":{"@type":"PropertyValueSpecification","valueRequired":true,"valueName":"search_term_string"}}],"inLanguage":"lv-LV"},{"@type":"Organization","@id":"https:\/\/minubaltic.ee\/lv\/#organization","name":"Minu Baltic O\u00dc","url":"https:\/\/minubaltic.ee\/lv\/","logo":{"@type":"ImageObject","inLanguage":"lv-LV","@id":"https:\/\/minubaltic.ee\/lv\/#\/schema\/logo\/image\/","url":"https:\/\/minubaltic.ee\/wp-content\/uploads\/2023\/10\/cropped-cropped-cropped-logo.png","contentUrl":"https:\/\/minubaltic.ee\/wp-content\/uploads\/2023\/10\/cropped-cropped-cropped-logo.png","width":500,"height":237,"caption":"Minu Baltic O\u00dc"},"image":{"@id":"https:\/\/minubaltic.ee\/lv\/#\/schema\/logo\/image\/"},"sameAs":["https:\/\/www.facebook.com\/minubaltic"]}]}},"_links":{"self":[{"href":"https:\/\/minubaltic.ee\/lv\/wp-json\/wp\/v2\/product\/22354","targetHints":{"allow":["GET"]}}],"collection":[{"href":"https:\/\/minubaltic.ee\/lv\/wp-json\/wp\/v2\/product"}],"about":[{"href":"https:\/\/minubaltic.ee\/lv\/wp-json\/wp\/v2\/types\/product"}],"replies":[{"embeddable":true,"href":"https:\/\/minubaltic.ee\/lv\/wp-json\/wp\/v2\/comments?post=22354"}],"version-history":[{"count":0,"href":"https:\/\/minubaltic.ee\/lv\/wp-json\/wp\/v2\/product\/22354\/revisions"}],"wp:featuredmedia":[{"embeddable":true,"href":"https:\/\/minubaltic.ee\/lv\/wp-json\/wp\/v2\/media\/22355"}],"wp:attachment":[{"href":"https:\/\/minubaltic.ee\/lv\/wp-json\/wp\/v2\/media?parent=22354"}],"wp:term":[{"taxonomy":"product_brand","embeddable":true,"href":"https:\/\/minubaltic.ee\/lv\/wp-json\/wp\/v2\/product_brand?post=22354"},{"taxonomy":"product_cat","embeddable":true,"href":"https:\/\/minubaltic.ee\/lv\/wp-json\/wp\/v2\/product_cat?post=22354"},{"taxonomy":"product_tag","embeddable":true,"href":"https:\/\/minubaltic.ee\/lv\/wp-json\/wp\/v2\/product_tag?post=22354"}],"curies":[{"name":"wp","href":"https:\/\/api.w.org\/{rel}","templated":true}]}}