{"id":22345,"date":"2023-10-08T13:27:00","date_gmt":"2023-10-08T10:27:00","guid":{"rendered":"https:\/\/minubaltic.ee\/e-pood\/uncategorized\/aa-versijas-divslanu-sega-200x230-2\/"},"modified":"2024-06-08T13:46:54","modified_gmt":"2024-06-08T10:46:54","slug":"aa-versijas-divslanu-sega-200x230-2","status":"publish","type":"product","link":"https:\/\/minubaltic.ee\/lv\/e-pood\/segas\/aa-versijas-divslanu-sega-200x230-2\/","title":{"rendered":"AA versijas divsl\u0101\u0146u sega 200\u00d7230"},"content":{"rendered":"<ul>\n<li><strong>Divpus\u0113ja sega: (AA) vien\u0101ds raksts ab\u0101s pus\u0113s.<\/strong><\/li>\n<li><span class=\"product-attribute__label\"><strong>Auduma sast\u0101vs:<\/strong> poliestera \u0161\u0137iedra (poliesteris)<\/span><\/li>\n<li><strong>Da\u013cu skaits:<\/strong> 1<\/li>\n<li><strong>Svars: <\/strong>2,6 kg<\/li>\n<li><strong>Izm\u0113ri:<\/strong> 200\u00d7230 cm<\/li>\n<li><strong>Specifik\u0101cija<\/strong>: 1cm x 1-3cm<\/li>\n<li><strong>Sezona:<\/strong> Visas sezonas<\/li>\n<li><strong>Stils <\/strong>: Amerik\u0101\u0146u stils<\/li>\n<li><strong>Papildus inform\u0101cija:<\/strong> \u012bpa\u0161i m\u012bksts, \u0113rts, biezs, silts, elpojo\u0161s<\/li>\n<li>Produktu att\u0113li ir ilustrat\u012bvi<\/li>\n<\/ul>\n","protected":false},"excerpt":{"rendered":"<p>Daudzgad\u012bg\u0101 divpus\u0113j\u0101 sega ir tie\u0161i tas, ko esat mekl\u0113jis, lai sild\u012btos garajos ziemas m\u0113ne\u0161os. Izgatavota no augsta bl\u012bvuma \u0161\u0137iedr\u0101m, kas padara segu \u012bpa\u0161i m\u012bkstu un iztur\u012bgu. Lieliski piem\u0113rots lieto\u0161anai m\u0101j\u0101s vai viesu vai \u0123imenes gultas dekor\u0113\u0161anai.<br \/>\nSilta dubult\u0101 sega ir lieliska d\u0101vana j\u016bsu \u0123imenei un draugiem.<\/p>\n","protected":false},"featured_media":22346,"comment_status":"open","ping_status":"closed","template":"","meta":[],"product_brand":[],"product_cat":[451,453],"product_tag":[459,460,461,465,464,466],"class_list":{"0":"post-22345","1":"product","2":"type-product","3":"status-publish","4":"has-post-thumbnail","6":"product_cat-segas","7":"product_cat-segas-200-230","8":"product_tag-e-komercija","9":"product_tag-e-veikals","10":"product_tag-majas-tekstils","11":"product_tag-sega","12":"product_tag-segas","13":"product_tag-tekstils","15":"first","16":"instock","17":"sale","18":"shipping-taxable","19":"purchasable","20":"product-type-simple"},"yoast_head":"<!-- This site is optimized with the Yoast SEO plugin v27.3 - https:\/\/yoast.com\/product\/yoast-seo-wordpress\/ -->\n<title>AA versijas divsl\u0101\u0146u sega 200\u00d7230 - 50% atlaide<\/title>\n<meta name=\"description\" content=\"Dubultsl\u0101\u0146u sega - dubult\u0101 komforta un siltuma saj\u016bta! Izgatavots no m\u012bkstiem un augstas kvalit\u0101tes materi\u0101liem saglab\u0101s j\u016bs siltum\u0101 v\u0113sos dien\u0101s.\" \/>\n<meta name=\"robots\" content=\"index, follow, max-snippet:-1, max-image-preview:large, max-video-preview:-1\" \/>\n<link rel=\"canonical\" href=\"https:\/\/minubaltic.ee\/lv\/e-pood\/segas\/aa-versijas-divslanu-sega-200x230-2\/\" \/>\n<meta property=\"og:locale\" content=\"lv_LV\" \/>\n<meta property=\"og:type\" content=\"article\" \/>\n<meta property=\"og:title\" content=\"AA versijas divsl\u0101\u0146u sega 200\u00d7230 - 50% atlaide\" \/>\n<meta property=\"og:description\" content=\"Dubultsl\u0101\u0146u sega - dubult\u0101 komforta un siltuma saj\u016bta! Izgatavots no m\u012bkstiem un augstas kvalit\u0101tes materi\u0101liem saglab\u0101s j\u016bs siltum\u0101 v\u0113sos dien\u0101s.\" \/>\n<meta property=\"og:url\" content=\"https:\/\/minubaltic.ee\/lv\/e-pood\/segas\/aa-versijas-divslanu-sega-200x230-2\/\" \/>\n<meta property=\"article:publisher\" content=\"https:\/\/www.facebook.com\/minubaltic\" \/>\n<meta property=\"article:modified_time\" content=\"2024-06-08T10:46:54+00:00\" \/>\n<meta property=\"og:image\" content=\"https:\/\/minubaltic.ee\/wp-content\/uploads\/2023\/10\/tekk-AA-version-1.jpg\" \/>\n\t<meta property=\"og:image:width\" content=\"800\" \/>\n\t<meta property=\"og:image:height\" content=\"800\" \/>\n\t<meta property=\"og:image:type\" content=\"image\/jpeg\" \/>\n<meta name=\"twitter:card\" content=\"summary_large_image\" \/>\n<meta name=\"twitter:label1\" content=\"Est. reading time\" \/>\n\t<meta name=\"twitter:data1\" content=\"1 minute\" \/>\n<script type=\"application\/ld+json\" class=\"yoast-schema-graph\">{\"@context\":\"https:\\\/\\\/schema.org\",\"@graph\":[{\"@type\":\"WebPage\",\"@id\":\"https:\\\/\\\/minubaltic.ee\\\/lv\\\/e-pood\\\/segas\\\/aa-versijas-divslanu-sega-200x230-2\\\/\",\"url\":\"https:\\\/\\\/minubaltic.ee\\\/lv\\\/e-pood\\\/segas\\\/aa-versijas-divslanu-sega-200x230-2\\\/\",\"name\":\"AA versijas divsl\u0101\u0146u sega 200\u00d7230 - 50% atlaide\",\"isPartOf\":{\"@id\":\"https:\\\/\\\/minubaltic.ee\\\/lv\\\/#website\"},\"primaryImageOfPage\":{\"@id\":\"https:\\\/\\\/minubaltic.ee\\\/lv\\\/e-pood\\\/segas\\\/aa-versijas-divslanu-sega-200x230-2\\\/#primaryimage\"},\"image\":{\"@id\":\"https:\\\/\\\/minubaltic.ee\\\/lv\\\/e-pood\\\/segas\\\/aa-versijas-divslanu-sega-200x230-2\\\/#primaryimage\"},\"thumbnailUrl\":\"https:\\\/\\\/minubaltic.ee\\\/wp-content\\\/uploads\\\/2023\\\/10\\\/tekk-AA-version-1.jpg\",\"datePublished\":\"2023-10-08T10:27:00+00:00\",\"dateModified\":\"2024-06-08T10:46:54+00:00\",\"description\":\"Dubultsl\u0101\u0146u sega - dubult\u0101 komforta un siltuma saj\u016bta! Izgatavots no m\u012bkstiem un augstas kvalit\u0101tes materi\u0101liem saglab\u0101s j\u016bs siltum\u0101 v\u0113sos dien\u0101s.\",\"breadcrumb\":{\"@id\":\"https:\\\/\\\/minubaltic.ee\\\/lv\\\/e-pood\\\/segas\\\/aa-versijas-divslanu-sega-200x230-2\\\/#breadcrumb\"},\"inLanguage\":\"lv-LV\",\"potentialAction\":[{\"@type\":\"ReadAction\",\"target\":[\"https:\\\/\\\/minubaltic.ee\\\/lv\\\/e-pood\\\/segas\\\/aa-versijas-divslanu-sega-200x230-2\\\/\"]}]},{\"@type\":\"ImageObject\",\"inLanguage\":\"lv-LV\",\"@id\":\"https:\\\/\\\/minubaltic.ee\\\/lv\\\/e-pood\\\/segas\\\/aa-versijas-divslanu-sega-200x230-2\\\/#primaryimage\",\"url\":\"https:\\\/\\\/minubaltic.ee\\\/wp-content\\\/uploads\\\/2023\\\/10\\\/tekk-AA-version-1.jpg\",\"contentUrl\":\"https:\\\/\\\/minubaltic.ee\\\/wp-content\\\/uploads\\\/2023\\\/10\\\/tekk-AA-version-1.jpg\",\"width\":800,\"height\":800},{\"@type\":\"BreadcrumbList\",\"@id\":\"https:\\\/\\\/minubaltic.ee\\\/lv\\\/e-pood\\\/segas\\\/aa-versijas-divslanu-sega-200x230-2\\\/#breadcrumb\",\"itemListElement\":[{\"@type\":\"ListItem\",\"position\":1,\"name\":\"S\u0101kums\",\"item\":\"https:\\\/\\\/minubaltic.ee\\\/lv\\\/\"},{\"@type\":\"ListItem\",\"position\":2,\"name\":\"E-veikals\",\"item\":\"https:\\\/\\\/minubaltic.ee\\\/lv\\\/e-veikals\\\/\"},{\"@type\":\"ListItem\",\"position\":3,\"name\":\"AA versijas divsl\u0101\u0146u sega 200\u00d7230\"}]},{\"@type\":\"WebSite\",\"@id\":\"https:\\\/\\\/minubaltic.ee\\\/lv\\\/#website\",\"url\":\"https:\\\/\\\/minubaltic.ee\\\/lv\\\/\",\"name\":\"minubaltic.ee\",\"description\":\"\",\"publisher\":{\"@id\":\"https:\\\/\\\/minubaltic.ee\\\/lv\\\/#organization\"},\"potentialAction\":[{\"@type\":\"SearchAction\",\"target\":{\"@type\":\"EntryPoint\",\"urlTemplate\":\"https:\\\/\\\/minubaltic.ee\\\/lv\\\/?s={search_term_string}\"},\"query-input\":{\"@type\":\"PropertyValueSpecification\",\"valueRequired\":true,\"valueName\":\"search_term_string\"}}],\"inLanguage\":\"lv-LV\"},{\"@type\":\"Organization\",\"@id\":\"https:\\\/\\\/minubaltic.ee\\\/lv\\\/#organization\",\"name\":\"Minu Baltic O\u00dc\",\"url\":\"https:\\\/\\\/minubaltic.ee\\\/lv\\\/\",\"logo\":{\"@type\":\"ImageObject\",\"inLanguage\":\"lv-LV\",\"@id\":\"https:\\\/\\\/minubaltic.ee\\\/lv\\\/#\\\/schema\\\/logo\\\/image\\\/\",\"url\":\"https:\\\/\\\/minubaltic.ee\\\/wp-content\\\/uploads\\\/2023\\\/10\\\/cropped-cropped-cropped-logo.png\",\"contentUrl\":\"https:\\\/\\\/minubaltic.ee\\\/wp-content\\\/uploads\\\/2023\\\/10\\\/cropped-cropped-cropped-logo.png\",\"width\":500,\"height\":237,\"caption\":\"Minu Baltic O\u00dc\"},\"image\":{\"@id\":\"https:\\\/\\\/minubaltic.ee\\\/lv\\\/#\\\/schema\\\/logo\\\/image\\\/\"},\"sameAs\":[\"https:\\\/\\\/www.facebook.com\\\/minubaltic\"]}]}<\/script>\n<!-- \/ Yoast SEO plugin. -->","yoast_head_json":{"title":"AA versijas divsl\u0101\u0146u sega 200\u00d7230 - 50% atlaide","description":"Dubultsl\u0101\u0146u sega - dubult\u0101 komforta un siltuma saj\u016bta! Izgatavots no m\u012bkstiem un augstas kvalit\u0101tes materi\u0101liem saglab\u0101s j\u016bs siltum\u0101 v\u0113sos dien\u0101s.","robots":{"index":"index","follow":"follow","max-snippet":"max-snippet:-1","max-image-preview":"max-image-preview:large","max-video-preview":"max-video-preview:-1"},"canonical":"https:\/\/minubaltic.ee\/lv\/e-pood\/segas\/aa-versijas-divslanu-sega-200x230-2\/","og_locale":"lv_LV","og_type":"article","og_title":"AA versijas divsl\u0101\u0146u sega 200\u00d7230 - 50% atlaide","og_description":"Dubultsl\u0101\u0146u sega - dubult\u0101 komforta un siltuma saj\u016bta! Izgatavots no m\u012bkstiem un augstas kvalit\u0101tes materi\u0101liem saglab\u0101s j\u016bs siltum\u0101 v\u0113sos dien\u0101s.","og_url":"https:\/\/minubaltic.ee\/lv\/e-pood\/segas\/aa-versijas-divslanu-sega-200x230-2\/","article_publisher":"https:\/\/www.facebook.com\/minubaltic","article_modified_time":"2024-06-08T10:46:54+00:00","og_image":[{"width":800,"height":800,"url":"https:\/\/minubaltic.ee\/wp-content\/uploads\/2023\/10\/tekk-AA-version-1.jpg","type":"image\/jpeg"}],"twitter_card":"summary_large_image","twitter_misc":{"Est. reading time":"1 minute"},"schema":{"@context":"https:\/\/schema.org","@graph":[{"@type":"WebPage","@id":"https:\/\/minubaltic.ee\/lv\/e-pood\/segas\/aa-versijas-divslanu-sega-200x230-2\/","url":"https:\/\/minubaltic.ee\/lv\/e-pood\/segas\/aa-versijas-divslanu-sega-200x230-2\/","name":"AA versijas divsl\u0101\u0146u sega 200\u00d7230 - 50% atlaide","isPartOf":{"@id":"https:\/\/minubaltic.ee\/lv\/#website"},"primaryImageOfPage":{"@id":"https:\/\/minubaltic.ee\/lv\/e-pood\/segas\/aa-versijas-divslanu-sega-200x230-2\/#primaryimage"},"image":{"@id":"https:\/\/minubaltic.ee\/lv\/e-pood\/segas\/aa-versijas-divslanu-sega-200x230-2\/#primaryimage"},"thumbnailUrl":"https:\/\/minubaltic.ee\/wp-content\/uploads\/2023\/10\/tekk-AA-version-1.jpg","datePublished":"2023-10-08T10:27:00+00:00","dateModified":"2024-06-08T10:46:54+00:00","description":"Dubultsl\u0101\u0146u sega - dubult\u0101 komforta un siltuma saj\u016bta! Izgatavots no m\u012bkstiem un augstas kvalit\u0101tes materi\u0101liem saglab\u0101s j\u016bs siltum\u0101 v\u0113sos dien\u0101s.","breadcrumb":{"@id":"https:\/\/minubaltic.ee\/lv\/e-pood\/segas\/aa-versijas-divslanu-sega-200x230-2\/#breadcrumb"},"inLanguage":"lv-LV","potentialAction":[{"@type":"ReadAction","target":["https:\/\/minubaltic.ee\/lv\/e-pood\/segas\/aa-versijas-divslanu-sega-200x230-2\/"]}]},{"@type":"ImageObject","inLanguage":"lv-LV","@id":"https:\/\/minubaltic.ee\/lv\/e-pood\/segas\/aa-versijas-divslanu-sega-200x230-2\/#primaryimage","url":"https:\/\/minubaltic.ee\/wp-content\/uploads\/2023\/10\/tekk-AA-version-1.jpg","contentUrl":"https:\/\/minubaltic.ee\/wp-content\/uploads\/2023\/10\/tekk-AA-version-1.jpg","width":800,"height":800},{"@type":"BreadcrumbList","@id":"https:\/\/minubaltic.ee\/lv\/e-pood\/segas\/aa-versijas-divslanu-sega-200x230-2\/#breadcrumb","itemListElement":[{"@type":"ListItem","position":1,"name":"S\u0101kums","item":"https:\/\/minubaltic.ee\/lv\/"},{"@type":"ListItem","position":2,"name":"E-veikals","item":"https:\/\/minubaltic.ee\/lv\/e-veikals\/"},{"@type":"ListItem","position":3,"name":"AA versijas divsl\u0101\u0146u sega 200\u00d7230"}]},{"@type":"WebSite","@id":"https:\/\/minubaltic.ee\/lv\/#website","url":"https:\/\/minubaltic.ee\/lv\/","name":"minubaltic.ee","description":"","publisher":{"@id":"https:\/\/minubaltic.ee\/lv\/#organization"},"potentialAction":[{"@type":"SearchAction","target":{"@type":"EntryPoint","urlTemplate":"https:\/\/minubaltic.ee\/lv\/?s={search_term_string}"},"query-input":{"@type":"PropertyValueSpecification","valueRequired":true,"valueName":"search_term_string"}}],"inLanguage":"lv-LV"},{"@type":"Organization","@id":"https:\/\/minubaltic.ee\/lv\/#organization","name":"Minu Baltic O\u00dc","url":"https:\/\/minubaltic.ee\/lv\/","logo":{"@type":"ImageObject","inLanguage":"lv-LV","@id":"https:\/\/minubaltic.ee\/lv\/#\/schema\/logo\/image\/","url":"https:\/\/minubaltic.ee\/wp-content\/uploads\/2023\/10\/cropped-cropped-cropped-logo.png","contentUrl":"https:\/\/minubaltic.ee\/wp-content\/uploads\/2023\/10\/cropped-cropped-cropped-logo.png","width":500,"height":237,"caption":"Minu Baltic O\u00dc"},"image":{"@id":"https:\/\/minubaltic.ee\/lv\/#\/schema\/logo\/image\/"},"sameAs":["https:\/\/www.facebook.com\/minubaltic"]}]}},"_links":{"self":[{"href":"https:\/\/minubaltic.ee\/lv\/wp-json\/wp\/v2\/product\/22345","targetHints":{"allow":["GET"]}}],"collection":[{"href":"https:\/\/minubaltic.ee\/lv\/wp-json\/wp\/v2\/product"}],"about":[{"href":"https:\/\/minubaltic.ee\/lv\/wp-json\/wp\/v2\/types\/product"}],"replies":[{"embeddable":true,"href":"https:\/\/minubaltic.ee\/lv\/wp-json\/wp\/v2\/comments?post=22345"}],"version-history":[{"count":0,"href":"https:\/\/minubaltic.ee\/lv\/wp-json\/wp\/v2\/product\/22345\/revisions"}],"wp:featuredmedia":[{"embeddable":true,"href":"https:\/\/minubaltic.ee\/lv\/wp-json\/wp\/v2\/media\/22346"}],"wp:attachment":[{"href":"https:\/\/minubaltic.ee\/lv\/wp-json\/wp\/v2\/media?parent=22345"}],"wp:term":[{"taxonomy":"product_brand","embeddable":true,"href":"https:\/\/minubaltic.ee\/lv\/wp-json\/wp\/v2\/product_brand?post=22345"},{"taxonomy":"product_cat","embeddable":true,"href":"https:\/\/minubaltic.ee\/lv\/wp-json\/wp\/v2\/product_cat?post=22345"},{"taxonomy":"product_tag","embeddable":true,"href":"https:\/\/minubaltic.ee\/lv\/wp-json\/wp\/v2\/product_tag?post=22345"}],"curies":[{"name":"wp","href":"https:\/\/api.w.org\/{rel}","templated":true}]}}