{"id":22308,"date":"2024-01-04T13:42:48","date_gmt":"2024-01-04T10:42:48","guid":{"rendered":"https:\/\/minubaltic.ee\/e-pood\/uncategorized\/gultas-velas-komplekts-kokvilna-satins-200x220-29\/"},"modified":"2024-01-04T13:42:48","modified_gmt":"2024-01-04T10:42:48","slug":"gultas-velas-komplekts-kokvilna-satins-200x220-29","status":"publish","type":"product","link":"https:\/\/minubaltic.ee\/lv\/e-pood\/gultas-vela\/gultas-velas-komplekts-kokvilna-satins-200x220-29\/","title":{"rendered":"Gultas ve\u013cas komplekts kokvilna sat\u012bns 200\u00d7220"},"content":{"rendered":"<ul>\n<li><span class=\"product-attribute__label\"><strong>Audums:<\/strong> 100% kokvilna\/sat\u012bns<\/span><\/li>\n<li><strong>Segas p\u0101rvalka<span class=\"product-attribute__label\">:<\/span><\/strong> 200\u00d7220<\/li>\n<li><strong>Palaga<span class=\"product-attribute__label\">:<\/span><\/strong> 200\u00d7230<\/li>\n<li><strong>Spilvendr\u0101nu<span class=\"product-attribute__label\">:<\/span><\/strong> 70\u00d780 (2 gab.)<\/li>\n<li>Produktu att\u0113li ir ilustrat\u012bvi<\/li>\n<\/ul>\n","protected":false},"excerpt":{"rendered":"<p>200\u00d7220 (Segas p\u0101rvalka 200\u00d7220, Palaga 200\u00d7230, 2 Spilvendr\u0101nu 70\u00d780)<\/p>\n","protected":false},"featured_media":22309,"comment_status":"open","ping_status":"closed","template":"","meta":[],"product_brand":[],"product_cat":[455,457],"product_tag":[459,460,467,466],"class_list":{"0":"post-22308","1":"product","2":"type-product","3":"status-publish","4":"has-post-thumbnail","6":"product_cat-gultas-vela","7":"product_cat-gultas-velas-komplekti-200-220","8":"product_tag-e-komercija","9":"product_tag-e-veikals","10":"product_tag-gultas-vela","11":"product_tag-tekstils","13":"first","14":"outofstock","15":"sale","16":"shipping-taxable","17":"purchasable","18":"product-type-simple"},"yoast_head":"<!-- This site is optimized with the Yoast SEO plugin v27.3 - https:\/\/yoast.com\/product\/yoast-seo-wordpress\/ -->\n<title>Gultas ve\u013cas komplekts kokvilna sat\u012bns 200\u00d7220 - Flamingo gultas ve\u013ca<\/title>\n<meta name=\"description\" content=\"Gultas ve\u013ca, Gultas ve\u013cas komplekti, Gultas ve\u013cas komplekti ar atlaidi, Gultas ve\u013cas komplekti, Ekolo\u0123isk\u0101 gultas ve\u013ca, Sat\u012bna gultas ve\u013ca, Kokvilnas gultas ve\u013ca, Gultas ve\u013ca ar atlaidi, 200x220 gultas ve\u013ca, Tekstila komplekti, Tekstila komplekti\" \/>\n<meta name=\"robots\" content=\"index, follow, max-snippet:-1, max-image-preview:large, max-video-preview:-1\" \/>\n<link rel=\"canonical\" href=\"https:\/\/minubaltic.ee\/lv\/e-pood\/gultas-vela\/gultas-velas-komplekts-kokvilna-satins-200x220-29\/\" \/>\n<meta property=\"og:locale\" content=\"lv_LV\" \/>\n<meta property=\"og:type\" content=\"article\" \/>\n<meta property=\"og:title\" content=\"Gultas ve\u013cas komplekts kokvilna sat\u012bns 200\u00d7220 - Flamingo gultas ve\u013ca\" \/>\n<meta property=\"og:description\" content=\"Gultas ve\u013ca, Gultas ve\u013cas komplekti, Gultas ve\u013cas komplekti ar atlaidi, Gultas ve\u013cas komplekti, Ekolo\u0123isk\u0101 gultas ve\u013ca, Sat\u012bna gultas ve\u013ca, Kokvilnas gultas ve\u013ca, Gultas ve\u013ca ar atlaidi, 200x220 gultas ve\u013ca, Tekstila komplekti, Tekstila komplekti\" \/>\n<meta property=\"og:url\" content=\"https:\/\/minubaltic.ee\/lv\/e-pood\/gultas-vela\/gultas-velas-komplekts-kokvilna-satins-200x220-29\/\" \/>\n<meta property=\"article:publisher\" content=\"https:\/\/www.facebook.com\/minubaltic\" \/>\n<meta property=\"og:image\" content=\"https:\/\/minubaltic.ee\/wp-content\/uploads\/2024\/01\/vodipesu2024-14.jpg\" \/>\n\t<meta property=\"og:image:width\" content=\"640\" \/>\n\t<meta property=\"og:image:height\" content=\"640\" \/>\n\t<meta property=\"og:image:type\" content=\"image\/jpeg\" \/>\n<meta name=\"twitter:card\" content=\"summary_large_image\" \/>\n<script type=\"application\/ld+json\" class=\"yoast-schema-graph\">{\"@context\":\"https:\\\/\\\/schema.org\",\"@graph\":[{\"@type\":\"WebPage\",\"@id\":\"https:\\\/\\\/minubaltic.ee\\\/lv\\\/e-pood\\\/gultas-vela\\\/gultas-velas-komplekts-kokvilna-satins-200x220-29\\\/\",\"url\":\"https:\\\/\\\/minubaltic.ee\\\/lv\\\/e-pood\\\/gultas-vela\\\/gultas-velas-komplekts-kokvilna-satins-200x220-29\\\/\",\"name\":\"Gultas ve\u013cas komplekts kokvilna sat\u012bns 200\u00d7220 - Flamingo gultas ve\u013ca\",\"isPartOf\":{\"@id\":\"https:\\\/\\\/minubaltic.ee\\\/lv\\\/#website\"},\"primaryImageOfPage\":{\"@id\":\"https:\\\/\\\/minubaltic.ee\\\/lv\\\/e-pood\\\/gultas-vela\\\/gultas-velas-komplekts-kokvilna-satins-200x220-29\\\/#primaryimage\"},\"image\":{\"@id\":\"https:\\\/\\\/minubaltic.ee\\\/lv\\\/e-pood\\\/gultas-vela\\\/gultas-velas-komplekts-kokvilna-satins-200x220-29\\\/#primaryimage\"},\"thumbnailUrl\":\"https:\\\/\\\/minubaltic.ee\\\/wp-content\\\/uploads\\\/2024\\\/01\\\/vodipesu2024-14.jpg\",\"datePublished\":\"2024-01-04T10:42:48+00:00\",\"description\":\"Gultas ve\u013ca, Gultas ve\u013cas komplekti, Gultas ve\u013cas komplekti ar atlaidi, Gultas ve\u013cas komplekti, Ekolo\u0123isk\u0101 gultas ve\u013ca, Sat\u012bna gultas ve\u013ca, Kokvilnas gultas ve\u013ca, Gultas ve\u013ca ar atlaidi, 200x220 gultas ve\u013ca, Tekstila komplekti, Tekstila komplekti\",\"breadcrumb\":{\"@id\":\"https:\\\/\\\/minubaltic.ee\\\/lv\\\/e-pood\\\/gultas-vela\\\/gultas-velas-komplekts-kokvilna-satins-200x220-29\\\/#breadcrumb\"},\"inLanguage\":\"lv-LV\",\"potentialAction\":[{\"@type\":\"ReadAction\",\"target\":[\"https:\\\/\\\/minubaltic.ee\\\/lv\\\/e-pood\\\/gultas-vela\\\/gultas-velas-komplekts-kokvilna-satins-200x220-29\\\/\"]}]},{\"@type\":\"ImageObject\",\"inLanguage\":\"lv-LV\",\"@id\":\"https:\\\/\\\/minubaltic.ee\\\/lv\\\/e-pood\\\/gultas-vela\\\/gultas-velas-komplekts-kokvilna-satins-200x220-29\\\/#primaryimage\",\"url\":\"https:\\\/\\\/minubaltic.ee\\\/wp-content\\\/uploads\\\/2024\\\/01\\\/vodipesu2024-14.jpg\",\"contentUrl\":\"https:\\\/\\\/minubaltic.ee\\\/wp-content\\\/uploads\\\/2024\\\/01\\\/vodipesu2024-14.jpg\",\"width\":640,\"height\":640},{\"@type\":\"BreadcrumbList\",\"@id\":\"https:\\\/\\\/minubaltic.ee\\\/lv\\\/e-pood\\\/gultas-vela\\\/gultas-velas-komplekts-kokvilna-satins-200x220-29\\\/#breadcrumb\",\"itemListElement\":[{\"@type\":\"ListItem\",\"position\":1,\"name\":\"S\u0101kums\",\"item\":\"https:\\\/\\\/minubaltic.ee\\\/lv\\\/\"},{\"@type\":\"ListItem\",\"position\":2,\"name\":\"E-veikals\",\"item\":\"https:\\\/\\\/minubaltic.ee\\\/lv\\\/e-veikals\\\/\"},{\"@type\":\"ListItem\",\"position\":3,\"name\":\"Gultas ve\u013cas komplekts kokvilna sat\u012bns 200\u00d7220\"}]},{\"@type\":\"WebSite\",\"@id\":\"https:\\\/\\\/minubaltic.ee\\\/lv\\\/#website\",\"url\":\"https:\\\/\\\/minubaltic.ee\\\/lv\\\/\",\"name\":\"minubaltic.ee\",\"description\":\"\",\"publisher\":{\"@id\":\"https:\\\/\\\/minubaltic.ee\\\/lv\\\/#organization\"},\"potentialAction\":[{\"@type\":\"SearchAction\",\"target\":{\"@type\":\"EntryPoint\",\"urlTemplate\":\"https:\\\/\\\/minubaltic.ee\\\/lv\\\/?s={search_term_string}\"},\"query-input\":{\"@type\":\"PropertyValueSpecification\",\"valueRequired\":true,\"valueName\":\"search_term_string\"}}],\"inLanguage\":\"lv-LV\"},{\"@type\":\"Organization\",\"@id\":\"https:\\\/\\\/minubaltic.ee\\\/lv\\\/#organization\",\"name\":\"Minu Baltic O\u00dc\",\"url\":\"https:\\\/\\\/minubaltic.ee\\\/lv\\\/\",\"logo\":{\"@type\":\"ImageObject\",\"inLanguage\":\"lv-LV\",\"@id\":\"https:\\\/\\\/minubaltic.ee\\\/lv\\\/#\\\/schema\\\/logo\\\/image\\\/\",\"url\":\"https:\\\/\\\/minubaltic.ee\\\/wp-content\\\/uploads\\\/2023\\\/10\\\/cropped-cropped-cropped-logo.png\",\"contentUrl\":\"https:\\\/\\\/minubaltic.ee\\\/wp-content\\\/uploads\\\/2023\\\/10\\\/cropped-cropped-cropped-logo.png\",\"width\":500,\"height\":237,\"caption\":\"Minu Baltic O\u00dc\"},\"image\":{\"@id\":\"https:\\\/\\\/minubaltic.ee\\\/lv\\\/#\\\/schema\\\/logo\\\/image\\\/\"},\"sameAs\":[\"https:\\\/\\\/www.facebook.com\\\/minubaltic\"]}]}<\/script>\n<!-- \/ Yoast SEO plugin. -->","yoast_head_json":{"title":"Gultas ve\u013cas komplekts kokvilna sat\u012bns 200\u00d7220 - Flamingo gultas ve\u013ca","description":"Gultas ve\u013ca, Gultas ve\u013cas komplekti, Gultas ve\u013cas komplekti ar atlaidi, Gultas ve\u013cas komplekti, Ekolo\u0123isk\u0101 gultas ve\u013ca, Sat\u012bna gultas ve\u013ca, Kokvilnas gultas ve\u013ca, Gultas ve\u013ca ar atlaidi, 200x220 gultas ve\u013ca, Tekstila komplekti, Tekstila komplekti","robots":{"index":"index","follow":"follow","max-snippet":"max-snippet:-1","max-image-preview":"max-image-preview:large","max-video-preview":"max-video-preview:-1"},"canonical":"https:\/\/minubaltic.ee\/lv\/e-pood\/gultas-vela\/gultas-velas-komplekts-kokvilna-satins-200x220-29\/","og_locale":"lv_LV","og_type":"article","og_title":"Gultas ve\u013cas komplekts kokvilna sat\u012bns 200\u00d7220 - Flamingo gultas ve\u013ca","og_description":"Gultas ve\u013ca, Gultas ve\u013cas komplekti, Gultas ve\u013cas komplekti ar atlaidi, Gultas ve\u013cas komplekti, Ekolo\u0123isk\u0101 gultas ve\u013ca, Sat\u012bna gultas ve\u013ca, Kokvilnas gultas ve\u013ca, Gultas ve\u013ca ar atlaidi, 200x220 gultas ve\u013ca, Tekstila komplekti, Tekstila komplekti","og_url":"https:\/\/minubaltic.ee\/lv\/e-pood\/gultas-vela\/gultas-velas-komplekts-kokvilna-satins-200x220-29\/","article_publisher":"https:\/\/www.facebook.com\/minubaltic","og_image":[{"width":640,"height":640,"url":"https:\/\/minubaltic.ee\/wp-content\/uploads\/2024\/01\/vodipesu2024-14.jpg","type":"image\/jpeg"}],"twitter_card":"summary_large_image","schema":{"@context":"https:\/\/schema.org","@graph":[{"@type":"WebPage","@id":"https:\/\/minubaltic.ee\/lv\/e-pood\/gultas-vela\/gultas-velas-komplekts-kokvilna-satins-200x220-29\/","url":"https:\/\/minubaltic.ee\/lv\/e-pood\/gultas-vela\/gultas-velas-komplekts-kokvilna-satins-200x220-29\/","name":"Gultas ve\u013cas komplekts kokvilna sat\u012bns 200\u00d7220 - Flamingo gultas ve\u013ca","isPartOf":{"@id":"https:\/\/minubaltic.ee\/lv\/#website"},"primaryImageOfPage":{"@id":"https:\/\/minubaltic.ee\/lv\/e-pood\/gultas-vela\/gultas-velas-komplekts-kokvilna-satins-200x220-29\/#primaryimage"},"image":{"@id":"https:\/\/minubaltic.ee\/lv\/e-pood\/gultas-vela\/gultas-velas-komplekts-kokvilna-satins-200x220-29\/#primaryimage"},"thumbnailUrl":"https:\/\/minubaltic.ee\/wp-content\/uploads\/2024\/01\/vodipesu2024-14.jpg","datePublished":"2024-01-04T10:42:48+00:00","description":"Gultas ve\u013ca, Gultas ve\u013cas komplekti, Gultas ve\u013cas komplekti ar atlaidi, Gultas ve\u013cas komplekti, Ekolo\u0123isk\u0101 gultas ve\u013ca, Sat\u012bna gultas ve\u013ca, Kokvilnas gultas ve\u013ca, Gultas ve\u013ca ar atlaidi, 200x220 gultas ve\u013ca, Tekstila komplekti, Tekstila komplekti","breadcrumb":{"@id":"https:\/\/minubaltic.ee\/lv\/e-pood\/gultas-vela\/gultas-velas-komplekts-kokvilna-satins-200x220-29\/#breadcrumb"},"inLanguage":"lv-LV","potentialAction":[{"@type":"ReadAction","target":["https:\/\/minubaltic.ee\/lv\/e-pood\/gultas-vela\/gultas-velas-komplekts-kokvilna-satins-200x220-29\/"]}]},{"@type":"ImageObject","inLanguage":"lv-LV","@id":"https:\/\/minubaltic.ee\/lv\/e-pood\/gultas-vela\/gultas-velas-komplekts-kokvilna-satins-200x220-29\/#primaryimage","url":"https:\/\/minubaltic.ee\/wp-content\/uploads\/2024\/01\/vodipesu2024-14.jpg","contentUrl":"https:\/\/minubaltic.ee\/wp-content\/uploads\/2024\/01\/vodipesu2024-14.jpg","width":640,"height":640},{"@type":"BreadcrumbList","@id":"https:\/\/minubaltic.ee\/lv\/e-pood\/gultas-vela\/gultas-velas-komplekts-kokvilna-satins-200x220-29\/#breadcrumb","itemListElement":[{"@type":"ListItem","position":1,"name":"S\u0101kums","item":"https:\/\/minubaltic.ee\/lv\/"},{"@type":"ListItem","position":2,"name":"E-veikals","item":"https:\/\/minubaltic.ee\/lv\/e-veikals\/"},{"@type":"ListItem","position":3,"name":"Gultas ve\u013cas komplekts kokvilna sat\u012bns 200\u00d7220"}]},{"@type":"WebSite","@id":"https:\/\/minubaltic.ee\/lv\/#website","url":"https:\/\/minubaltic.ee\/lv\/","name":"minubaltic.ee","description":"","publisher":{"@id":"https:\/\/minubaltic.ee\/lv\/#organization"},"potentialAction":[{"@type":"SearchAction","target":{"@type":"EntryPoint","urlTemplate":"https:\/\/minubaltic.ee\/lv\/?s={search_term_string}"},"query-input":{"@type":"PropertyValueSpecification","valueRequired":true,"valueName":"search_term_string"}}],"inLanguage":"lv-LV"},{"@type":"Organization","@id":"https:\/\/minubaltic.ee\/lv\/#organization","name":"Minu Baltic O\u00dc","url":"https:\/\/minubaltic.ee\/lv\/","logo":{"@type":"ImageObject","inLanguage":"lv-LV","@id":"https:\/\/minubaltic.ee\/lv\/#\/schema\/logo\/image\/","url":"https:\/\/minubaltic.ee\/wp-content\/uploads\/2023\/10\/cropped-cropped-cropped-logo.png","contentUrl":"https:\/\/minubaltic.ee\/wp-content\/uploads\/2023\/10\/cropped-cropped-cropped-logo.png","width":500,"height":237,"caption":"Minu Baltic O\u00dc"},"image":{"@id":"https:\/\/minubaltic.ee\/lv\/#\/schema\/logo\/image\/"},"sameAs":["https:\/\/www.facebook.com\/minubaltic"]}]}},"_links":{"self":[{"href":"https:\/\/minubaltic.ee\/lv\/wp-json\/wp\/v2\/product\/22308","targetHints":{"allow":["GET"]}}],"collection":[{"href":"https:\/\/minubaltic.ee\/lv\/wp-json\/wp\/v2\/product"}],"about":[{"href":"https:\/\/minubaltic.ee\/lv\/wp-json\/wp\/v2\/types\/product"}],"replies":[{"embeddable":true,"href":"https:\/\/minubaltic.ee\/lv\/wp-json\/wp\/v2\/comments?post=22308"}],"version-history":[{"count":0,"href":"https:\/\/minubaltic.ee\/lv\/wp-json\/wp\/v2\/product\/22308\/revisions"}],"wp:featuredmedia":[{"embeddable":true,"href":"https:\/\/minubaltic.ee\/lv\/wp-json\/wp\/v2\/media\/22309"}],"wp:attachment":[{"href":"https:\/\/minubaltic.ee\/lv\/wp-json\/wp\/v2\/media?parent=22308"}],"wp:term":[{"taxonomy":"product_brand","embeddable":true,"href":"https:\/\/minubaltic.ee\/lv\/wp-json\/wp\/v2\/product_brand?post=22308"},{"taxonomy":"product_cat","embeddable":true,"href":"https:\/\/minubaltic.ee\/lv\/wp-json\/wp\/v2\/product_cat?post=22308"},{"taxonomy":"product_tag","embeddable":true,"href":"https:\/\/minubaltic.ee\/lv\/wp-json\/wp\/v2\/product_tag?post=22308"}],"curies":[{"name":"wp","href":"https:\/\/api.w.org\/{rel}","templated":true}]}}