{"id":22278,"date":"2024-01-11T21:05:51","date_gmt":"2024-01-11T18:05:51","guid":{"rendered":"https:\/\/minubaltic.ee\/e-pood\/uncategorized\/dvieli-kremkrasas\/"},"modified":"2024-01-11T21:05:51","modified_gmt":"2024-01-11T18:05:51","slug":"dvieli-kremkrasas","status":"publish","type":"product","link":"https:\/\/minubaltic.ee\/lv\/e-pood\/roku-dvieli\/dvieli-kremkrasas\/","title":{"rendered":"Dvie\u013ci (kr\u0113mkr\u0101sas)"},"content":{"rendered":"<p>M\u0113s pied\u0101v\u0101jam augstas kvalit\u0101tes dvie\u013cus no kokvilnas. \u0160ie dvie\u013ci ir ra\u017eoti Jap\u0101n\u0101, kas ir slavena ar savu augstas kvalit\u0101tes tekstilr\u016bpniec\u012bbu. Kokvilnas materi\u0101ls nodro\u0161ina pat\u012bkamu un m\u012bkstu piesk\u0101rienu un lielisku uzs\u016bktsp\u0113ju. T\u0101 k\u0101 \u0161ie dvie\u013ci ir jap\u0101\u0146u ra\u017eojums, varat b\u016bt dro\u0161i, ka tie ir r\u016bp\u012bgi izgatavoti un atbilst augstiem standartiem. \u0160ie dvie\u013ci ir ne tikai kvalitat\u012bvi, bet ar\u012b stil\u012bgi un eleganti, kas lieliski ieder\u0113sies jebkur\u0101 m\u0101jokl\u012b.<\/p>\n","protected":false},"excerpt":{"rendered":"<ul>\n<li><span class=\"product-attribute__label\">Auduma sast\u0101vs:<\/span><span class=\"product-attribute__value\" data-attribute-code=\"fabric_composition\"> 100% kokvilna<\/span><\/li>\n<li>Ra\u017eot\u0101jvalsts: Jap\u0101na<\/li>\n<li>Da\u013cu skaits: 1<\/li>\n<li>Izm\u0113ri: 35&#215;75 cm<\/li>\n<li>Kr\u0101sa: Kr\u0113mkr\u0101sas<\/li>\n<li>Svars: 400 g\/m2<\/li>\n<\/ul>\n","protected":false},"featured_media":22279,"comment_status":"open","ping_status":"closed","template":"","meta":[],"product_brand":[],"product_cat":[443,444,438],"product_tag":[463,459,460,461,466],"class_list":{"0":"post-22278","1":"product","2":"type-product","3":"status-publish","4":"has-post-thumbnail","6":"product_cat-dvieli","7":"product_cat-dvieli-35-75","8":"product_cat-roku-dvieli","9":"product_tag-dvieli","10":"product_tag-e-komercija","11":"product_tag-e-veikals","12":"product_tag-majas-tekstils","13":"product_tag-tekstils","15":"first","16":"instock","17":"shipping-taxable","18":"purchasable","19":"product-type-simple"},"yoast_head":"<!-- This site is optimized with the Yoast SEO plugin v27.3 - https:\/\/yoast.com\/product\/yoast-seo-wordpress\/ -->\n<title>- Kokvilnas dvie\u013ci 1,99\u20ac, Dvie\u013ci 100% kokvilna<\/title>\n<meta name=\"description\" content=\"Dvie\u013ci, Dvie\u013ci, Dvie\u013ci ar rok\u0101m, Dvie\u013ci, Dvie\u013ci ar kr\u0113mu, Dvie\u013ci, Dvie\u013ci, Dvie\u013ci ar rok\u0101m, Dvie\u013ci ar kr\u0113mu, M\u012bkstie dvie\u013ci, Labas cenas dvie\u013ci, Vannas dvie\u013ci, Vannas dvie\u013ci, Virtuves dvie\u013ci, Virtuves dvie\u013ci\" \/>\n<meta name=\"robots\" content=\"index, follow, max-snippet:-1, max-image-preview:large, max-video-preview:-1\" \/>\n<link rel=\"canonical\" href=\"https:\/\/minubaltic.ee\/lv\/e-pood\/roku-dvieli\/dvieli-kremkrasas\/\" \/>\n<meta property=\"og:locale\" content=\"lv_LV\" \/>\n<meta property=\"og:type\" content=\"article\" \/>\n<meta property=\"og:title\" content=\"- Kokvilnas dvie\u013ci 1,99\u20ac, Dvie\u013ci 100% kokvilna\" \/>\n<meta property=\"og:description\" content=\"Dvie\u013ci, Dvie\u013ci, Dvie\u013ci ar rok\u0101m, Dvie\u013ci, Dvie\u013ci ar kr\u0113mu, Dvie\u013ci, Dvie\u013ci, Dvie\u013ci ar rok\u0101m, Dvie\u013ci ar kr\u0113mu, M\u012bkstie dvie\u013ci, Labas cenas dvie\u013ci, Vannas dvie\u013ci, Vannas dvie\u013ci, Virtuves dvie\u013ci, Virtuves dvie\u013ci\" \/>\n<meta property=\"og:url\" content=\"https:\/\/minubaltic.ee\/lv\/e-pood\/roku-dvieli\/dvieli-kremkrasas\/\" \/>\n<meta property=\"article:publisher\" content=\"https:\/\/www.facebook.com\/minubaltic\" \/>\n<meta property=\"og:image\" content=\"https:\/\/minubaltic.ee\/wp-content\/uploads\/2024\/01\/ratikpuv-12.jpeg\" \/>\n\t<meta property=\"og:image:width\" content=\"800\" \/>\n\t<meta property=\"og:image:height\" content=\"800\" \/>\n\t<meta property=\"og:image:type\" content=\"image\/jpeg\" \/>\n<meta name=\"twitter:card\" content=\"summary_large_image\" \/>\n<script type=\"application\/ld+json\" class=\"yoast-schema-graph\">{\"@context\":\"https:\\\/\\\/schema.org\",\"@graph\":[{\"@type\":\"WebPage\",\"@id\":\"https:\\\/\\\/minubaltic.ee\\\/lv\\\/e-pood\\\/roku-dvieli\\\/dvieli-kremkrasas\\\/\",\"url\":\"https:\\\/\\\/minubaltic.ee\\\/lv\\\/e-pood\\\/roku-dvieli\\\/dvieli-kremkrasas\\\/\",\"name\":\"- Kokvilnas dvie\u013ci 1,99\u20ac, Dvie\u013ci 100% kokvilna\",\"isPartOf\":{\"@id\":\"https:\\\/\\\/minubaltic.ee\\\/lv\\\/#website\"},\"primaryImageOfPage\":{\"@id\":\"https:\\\/\\\/minubaltic.ee\\\/lv\\\/e-pood\\\/roku-dvieli\\\/dvieli-kremkrasas\\\/#primaryimage\"},\"image\":{\"@id\":\"https:\\\/\\\/minubaltic.ee\\\/lv\\\/e-pood\\\/roku-dvieli\\\/dvieli-kremkrasas\\\/#primaryimage\"},\"thumbnailUrl\":\"https:\\\/\\\/minubaltic.ee\\\/wp-content\\\/uploads\\\/2024\\\/01\\\/ratikpuv-12.jpeg\",\"datePublished\":\"2024-01-11T18:05:51+00:00\",\"description\":\"Dvie\u013ci, Dvie\u013ci, Dvie\u013ci ar rok\u0101m, Dvie\u013ci, Dvie\u013ci ar kr\u0113mu, Dvie\u013ci, Dvie\u013ci, Dvie\u013ci ar rok\u0101m, Dvie\u013ci ar kr\u0113mu, M\u012bkstie dvie\u013ci, Labas cenas dvie\u013ci, Vannas dvie\u013ci, Vannas dvie\u013ci, Virtuves dvie\u013ci, Virtuves dvie\u013ci\",\"breadcrumb\":{\"@id\":\"https:\\\/\\\/minubaltic.ee\\\/lv\\\/e-pood\\\/roku-dvieli\\\/dvieli-kremkrasas\\\/#breadcrumb\"},\"inLanguage\":\"lv-LV\",\"potentialAction\":[{\"@type\":\"ReadAction\",\"target\":[\"https:\\\/\\\/minubaltic.ee\\\/lv\\\/e-pood\\\/roku-dvieli\\\/dvieli-kremkrasas\\\/\"]}]},{\"@type\":\"ImageObject\",\"inLanguage\":\"lv-LV\",\"@id\":\"https:\\\/\\\/minubaltic.ee\\\/lv\\\/e-pood\\\/roku-dvieli\\\/dvieli-kremkrasas\\\/#primaryimage\",\"url\":\"https:\\\/\\\/minubaltic.ee\\\/wp-content\\\/uploads\\\/2024\\\/01\\\/ratikpuv-12.jpeg\",\"contentUrl\":\"https:\\\/\\\/minubaltic.ee\\\/wp-content\\\/uploads\\\/2024\\\/01\\\/ratikpuv-12.jpeg\",\"width\":800,\"height\":800},{\"@type\":\"BreadcrumbList\",\"@id\":\"https:\\\/\\\/minubaltic.ee\\\/lv\\\/e-pood\\\/roku-dvieli\\\/dvieli-kremkrasas\\\/#breadcrumb\",\"itemListElement\":[{\"@type\":\"ListItem\",\"position\":1,\"name\":\"S\u0101kums\",\"item\":\"https:\\\/\\\/minubaltic.ee\\\/lv\\\/\"},{\"@type\":\"ListItem\",\"position\":2,\"name\":\"E-veikals\",\"item\":\"https:\\\/\\\/minubaltic.ee\\\/lv\\\/e-veikals\\\/\"},{\"@type\":\"ListItem\",\"position\":3,\"name\":\"Dvie\u013ci (kr\u0113mkr\u0101sas)\"}]},{\"@type\":\"WebSite\",\"@id\":\"https:\\\/\\\/minubaltic.ee\\\/lv\\\/#website\",\"url\":\"https:\\\/\\\/minubaltic.ee\\\/lv\\\/\",\"name\":\"minubaltic.ee\",\"description\":\"\",\"publisher\":{\"@id\":\"https:\\\/\\\/minubaltic.ee\\\/lv\\\/#organization\"},\"potentialAction\":[{\"@type\":\"SearchAction\",\"target\":{\"@type\":\"EntryPoint\",\"urlTemplate\":\"https:\\\/\\\/minubaltic.ee\\\/lv\\\/?s={search_term_string}\"},\"query-input\":{\"@type\":\"PropertyValueSpecification\",\"valueRequired\":true,\"valueName\":\"search_term_string\"}}],\"inLanguage\":\"lv-LV\"},{\"@type\":\"Organization\",\"@id\":\"https:\\\/\\\/minubaltic.ee\\\/lv\\\/#organization\",\"name\":\"Minu Baltic O\u00dc\",\"url\":\"https:\\\/\\\/minubaltic.ee\\\/lv\\\/\",\"logo\":{\"@type\":\"ImageObject\",\"inLanguage\":\"lv-LV\",\"@id\":\"https:\\\/\\\/minubaltic.ee\\\/lv\\\/#\\\/schema\\\/logo\\\/image\\\/\",\"url\":\"https:\\\/\\\/minubaltic.ee\\\/wp-content\\\/uploads\\\/2023\\\/10\\\/cropped-cropped-cropped-logo.png\",\"contentUrl\":\"https:\\\/\\\/minubaltic.ee\\\/wp-content\\\/uploads\\\/2023\\\/10\\\/cropped-cropped-cropped-logo.png\",\"width\":500,\"height\":237,\"caption\":\"Minu Baltic O\u00dc\"},\"image\":{\"@id\":\"https:\\\/\\\/minubaltic.ee\\\/lv\\\/#\\\/schema\\\/logo\\\/image\\\/\"},\"sameAs\":[\"https:\\\/\\\/www.facebook.com\\\/minubaltic\"]}]}<\/script>\n<!-- \/ Yoast SEO plugin. -->","yoast_head_json":{"title":"- Kokvilnas dvie\u013ci 1,99\u20ac, Dvie\u013ci 100% kokvilna","description":"Dvie\u013ci, Dvie\u013ci, Dvie\u013ci ar rok\u0101m, Dvie\u013ci, Dvie\u013ci ar kr\u0113mu, Dvie\u013ci, Dvie\u013ci, Dvie\u013ci ar rok\u0101m, Dvie\u013ci ar kr\u0113mu, M\u012bkstie dvie\u013ci, Labas cenas dvie\u013ci, Vannas dvie\u013ci, Vannas dvie\u013ci, Virtuves dvie\u013ci, Virtuves dvie\u013ci","robots":{"index":"index","follow":"follow","max-snippet":"max-snippet:-1","max-image-preview":"max-image-preview:large","max-video-preview":"max-video-preview:-1"},"canonical":"https:\/\/minubaltic.ee\/lv\/e-pood\/roku-dvieli\/dvieli-kremkrasas\/","og_locale":"lv_LV","og_type":"article","og_title":"- Kokvilnas dvie\u013ci 1,99\u20ac, Dvie\u013ci 100% kokvilna","og_description":"Dvie\u013ci, Dvie\u013ci, Dvie\u013ci ar rok\u0101m, Dvie\u013ci, Dvie\u013ci ar kr\u0113mu, Dvie\u013ci, Dvie\u013ci, Dvie\u013ci ar rok\u0101m, Dvie\u013ci ar kr\u0113mu, M\u012bkstie dvie\u013ci, Labas cenas dvie\u013ci, Vannas dvie\u013ci, Vannas dvie\u013ci, Virtuves dvie\u013ci, Virtuves dvie\u013ci","og_url":"https:\/\/minubaltic.ee\/lv\/e-pood\/roku-dvieli\/dvieli-kremkrasas\/","article_publisher":"https:\/\/www.facebook.com\/minubaltic","og_image":[{"width":800,"height":800,"url":"https:\/\/minubaltic.ee\/wp-content\/uploads\/2024\/01\/ratikpuv-12.jpeg","type":"image\/jpeg"}],"twitter_card":"summary_large_image","schema":{"@context":"https:\/\/schema.org","@graph":[{"@type":"WebPage","@id":"https:\/\/minubaltic.ee\/lv\/e-pood\/roku-dvieli\/dvieli-kremkrasas\/","url":"https:\/\/minubaltic.ee\/lv\/e-pood\/roku-dvieli\/dvieli-kremkrasas\/","name":"- Kokvilnas dvie\u013ci 1,99\u20ac, Dvie\u013ci 100% kokvilna","isPartOf":{"@id":"https:\/\/minubaltic.ee\/lv\/#website"},"primaryImageOfPage":{"@id":"https:\/\/minubaltic.ee\/lv\/e-pood\/roku-dvieli\/dvieli-kremkrasas\/#primaryimage"},"image":{"@id":"https:\/\/minubaltic.ee\/lv\/e-pood\/roku-dvieli\/dvieli-kremkrasas\/#primaryimage"},"thumbnailUrl":"https:\/\/minubaltic.ee\/wp-content\/uploads\/2024\/01\/ratikpuv-12.jpeg","datePublished":"2024-01-11T18:05:51+00:00","description":"Dvie\u013ci, Dvie\u013ci, Dvie\u013ci ar rok\u0101m, Dvie\u013ci, Dvie\u013ci ar kr\u0113mu, Dvie\u013ci, Dvie\u013ci, Dvie\u013ci ar rok\u0101m, Dvie\u013ci ar kr\u0113mu, M\u012bkstie dvie\u013ci, Labas cenas dvie\u013ci, Vannas dvie\u013ci, Vannas dvie\u013ci, Virtuves dvie\u013ci, Virtuves dvie\u013ci","breadcrumb":{"@id":"https:\/\/minubaltic.ee\/lv\/e-pood\/roku-dvieli\/dvieli-kremkrasas\/#breadcrumb"},"inLanguage":"lv-LV","potentialAction":[{"@type":"ReadAction","target":["https:\/\/minubaltic.ee\/lv\/e-pood\/roku-dvieli\/dvieli-kremkrasas\/"]}]},{"@type":"ImageObject","inLanguage":"lv-LV","@id":"https:\/\/minubaltic.ee\/lv\/e-pood\/roku-dvieli\/dvieli-kremkrasas\/#primaryimage","url":"https:\/\/minubaltic.ee\/wp-content\/uploads\/2024\/01\/ratikpuv-12.jpeg","contentUrl":"https:\/\/minubaltic.ee\/wp-content\/uploads\/2024\/01\/ratikpuv-12.jpeg","width":800,"height":800},{"@type":"BreadcrumbList","@id":"https:\/\/minubaltic.ee\/lv\/e-pood\/roku-dvieli\/dvieli-kremkrasas\/#breadcrumb","itemListElement":[{"@type":"ListItem","position":1,"name":"S\u0101kums","item":"https:\/\/minubaltic.ee\/lv\/"},{"@type":"ListItem","position":2,"name":"E-veikals","item":"https:\/\/minubaltic.ee\/lv\/e-veikals\/"},{"@type":"ListItem","position":3,"name":"Dvie\u013ci (kr\u0113mkr\u0101sas)"}]},{"@type":"WebSite","@id":"https:\/\/minubaltic.ee\/lv\/#website","url":"https:\/\/minubaltic.ee\/lv\/","name":"minubaltic.ee","description":"","publisher":{"@id":"https:\/\/minubaltic.ee\/lv\/#organization"},"potentialAction":[{"@type":"SearchAction","target":{"@type":"EntryPoint","urlTemplate":"https:\/\/minubaltic.ee\/lv\/?s={search_term_string}"},"query-input":{"@type":"PropertyValueSpecification","valueRequired":true,"valueName":"search_term_string"}}],"inLanguage":"lv-LV"},{"@type":"Organization","@id":"https:\/\/minubaltic.ee\/lv\/#organization","name":"Minu Baltic O\u00dc","url":"https:\/\/minubaltic.ee\/lv\/","logo":{"@type":"ImageObject","inLanguage":"lv-LV","@id":"https:\/\/minubaltic.ee\/lv\/#\/schema\/logo\/image\/","url":"https:\/\/minubaltic.ee\/wp-content\/uploads\/2023\/10\/cropped-cropped-cropped-logo.png","contentUrl":"https:\/\/minubaltic.ee\/wp-content\/uploads\/2023\/10\/cropped-cropped-cropped-logo.png","width":500,"height":237,"caption":"Minu Baltic O\u00dc"},"image":{"@id":"https:\/\/minubaltic.ee\/lv\/#\/schema\/logo\/image\/"},"sameAs":["https:\/\/www.facebook.com\/minubaltic"]}]}},"_links":{"self":[{"href":"https:\/\/minubaltic.ee\/lv\/wp-json\/wp\/v2\/product\/22278","targetHints":{"allow":["GET"]}}],"collection":[{"href":"https:\/\/minubaltic.ee\/lv\/wp-json\/wp\/v2\/product"}],"about":[{"href":"https:\/\/minubaltic.ee\/lv\/wp-json\/wp\/v2\/types\/product"}],"replies":[{"embeddable":true,"href":"https:\/\/minubaltic.ee\/lv\/wp-json\/wp\/v2\/comments?post=22278"}],"version-history":[{"count":0,"href":"https:\/\/minubaltic.ee\/lv\/wp-json\/wp\/v2\/product\/22278\/revisions"}],"wp:featuredmedia":[{"embeddable":true,"href":"https:\/\/minubaltic.ee\/lv\/wp-json\/wp\/v2\/media\/22279"}],"wp:attachment":[{"href":"https:\/\/minubaltic.ee\/lv\/wp-json\/wp\/v2\/media?parent=22278"}],"wp:term":[{"taxonomy":"product_brand","embeddable":true,"href":"https:\/\/minubaltic.ee\/lv\/wp-json\/wp\/v2\/product_brand?post=22278"},{"taxonomy":"product_cat","embeddable":true,"href":"https:\/\/minubaltic.ee\/lv\/wp-json\/wp\/v2\/product_cat?post=22278"},{"taxonomy":"product_tag","embeddable":true,"href":"https:\/\/minubaltic.ee\/lv\/wp-json\/wp\/v2\/product_tag?post=22278"}],"curies":[{"name":"wp","href":"https:\/\/api.w.org\/{rel}","templated":true}]}}