{"id":22247,"date":"2024-01-19T17:56:51","date_gmt":"2024-01-19T14:56:51","guid":{"rendered":"https:\/\/minubaltic.ee\/e-pood\/uncategorized\/ziepju-roze-davanu-kastite-zilganzala\/"},"modified":"2024-01-19T17:56:51","modified_gmt":"2024-01-19T14:56:51","slug":"ziepju-roze-davanu-kastite-zilganzala","status":"publish","type":"product","link":"https:\/\/minubaltic.ee\/lv\/e-pood\/davanas\/ziepju-roze-davanu-kastite-zilganzala\/","title":{"rendered":"Ziepju roze d\u0101vanu kast\u012bt\u0113 (zilganza\u013ca)"},"content":{"rendered":"<p><strong>Juvelierizstr\u0101d\u0101jumu kast\u012btes izm\u0113rs:<\/strong> 9 x 9 x 10,4 cm<br \/>\n<strong>D\u0101vanu maisi\u0146a izm\u0113rs:<\/strong> 15 x 9,5 x 4,5 cm<br \/>\n<strong>Apsveikuma kart\u012btes izm\u0113rs:<\/strong> 18 x 10,5 cm<br \/>\n<strong>Lieto\u0161ana:<\/strong> Ide\u0101li piem\u0113rots kaklarot\u0101m, kuloniem, gredzeniem, aproc\u0113m, auskariem un citiem aksesu\u0101riem.<br \/>\nKomplekt\u0101 <strong>ietilpst:<\/strong> 1 * juvelierizstr\u0101d\u0101jumu kast\u012bte ar ziepju kast\u012bti (neietver rotaslietas), 1 * apsveikuma kart\u012bte, 1 * d\u0101vanu maisi\u0146\u0161.<\/p>\n","protected":false},"excerpt":{"rendered":"<p>\u012apa\u0161\u012bbas: ar rok\u0101m darin\u0101t\u0101 ziepju roze rada romantisku atmosf\u0113ru.<br \/>\nJuvelierizstr\u0101d\u0101jumu kast\u012btes izm\u0113rs: 9 x 9 x 10,4 cm<br \/>\nD\u0101vanu maisi\u0146a izm\u0113rs: 15 x 9,5 x 4,5 cm<br \/>\nApsveikuma kart\u012btes izm\u0113rs: 18 x 10,5 cm<br \/>\nLieto\u0161ana: Ide\u0101li piem\u0113rots kaklarot\u0101m, kuloniem, gredzeniem, aproc\u0113m, auskariem un citiem aksesu\u0101riem.<br \/>\nKomplekt\u0101 ietilpst: 1 * juvelierizstr\u0101d\u0101jumu kast\u012bte ar ziepju kast\u012bti (neietver rotaslietas), 1 * apsveikuma kart\u012bte, 1 * d\u0101vanu maisi\u0146\u0161.<\/p>\n<p>\ud83c\udf39 Romantiska atmosf\u0113ra: ar rok\u0101m veidot\u0101 ziepju kaste rada romantisku atmosf\u0113ru, padarot to par ide\u0101lu vietu, kur glab\u0101t un izst\u0101d\u012bt savas m\u012b\u013c\u0101k\u0101s rotaslietas.<\/p>\n<p>\ud83c\udf80 Daudzpus\u012bga uzglab\u0101\u0161ana: rotaslietu kast\u012bte ir ide\u0101li piem\u0113rota kaklarot\u0101m, kuloniem, gredzeniem, rokasspr\u0101dzei, auskariem un citiem aksesu\u0101riem, nodro\u0161inot pietiekami daudz vietas, lai dro\u0161i uzglab\u0101tu un izst\u0101d\u012btu d\u0101rglietas.<\/p>\n<p>\ud83d\udc96 Burv\u012bgs stils: juvelierizstr\u0101d\u0101jumu kast\u012bte ir veidota ar uzman\u012bbu deta\u013c\u0101m, kas izstaro \u0161armu un eleganci, lai ikviena d\u0101vana b\u016btu \u012bpa\u0161a. Romantiskas rotaslietu kast\u012btes ir pieejamas da\u017e\u0101d\u0101s kr\u0101s\u0101s: pel\u0113k\u0101, za\u013c\u0101, tum\u0161i zil\u0101, meln\u0101 un roz\u0101.<\/p>\n","protected":false},"featured_media":22248,"comment_status":"open","ping_status":"closed","template":"","meta":[],"product_brand":[],"product_cat":[436,449],"product_tag":[459,460],"class_list":{"0":"post-22247","1":"product","2":"type-product","3":"status-publish","4":"has-post-thumbnail","6":"product_cat-davanas","7":"product_cat-ziepju-rozes","8":"product_tag-e-komercija","9":"product_tag-e-veikals","11":"first","12":"instock","13":"sale","14":"shipping-taxable","15":"purchasable","16":"product-type-simple"},"yoast_head":"<!-- This site is optimized with the Yoast SEO plugin v27.3 - https:\/\/yoast.com\/product\/yoast-seo-wordpress\/ -->\n<title>- Kingitused<\/title>\n<meta name=\"description\" content=\"Ziepju ro\u017eu d\u0101vanu kaste da\u017e\u0101d\u0101m rotasliet\u0101m ir burv\u012bgs un elegants aksesu\u0101rs, kas apvieno ziedu skaistumu ar rotaslietu kast\u012btes praktiskumu. Valent\u012bna dienas d\u0101vanas\" \/>\n<meta name=\"robots\" content=\"index, follow, max-snippet:-1, max-image-preview:large, max-video-preview:-1\" \/>\n<link rel=\"canonical\" href=\"https:\/\/minubaltic.ee\/lv\/e-pood\/davanas\/ziepju-roze-davanu-kastite-zilganzala\/\" \/>\n<meta property=\"og:locale\" content=\"lv_LV\" \/>\n<meta property=\"og:type\" content=\"article\" \/>\n<meta property=\"og:title\" content=\"- Kingitused\" \/>\n<meta property=\"og:description\" content=\"Ziepju ro\u017eu d\u0101vanu kaste da\u017e\u0101d\u0101m rotasliet\u0101m ir burv\u012bgs un elegants aksesu\u0101rs, kas apvieno ziedu skaistumu ar rotaslietu kast\u012btes praktiskumu. Valent\u012bna dienas d\u0101vanas\" \/>\n<meta property=\"og:url\" content=\"https:\/\/minubaltic.ee\/lv\/e-pood\/davanas\/ziepju-roze-davanu-kastite-zilganzala\/\" \/>\n<meta property=\"article:publisher\" content=\"https:\/\/www.facebook.com\/minubaltic\" \/>\n<meta property=\"og:image\" content=\"https:\/\/minubaltic.ee\/wp-content\/uploads\/2024\/01\/rs-1.jpg\" \/>\n\t<meta property=\"og:image:width\" content=\"800\" \/>\n\t<meta property=\"og:image:height\" content=\"800\" \/>\n\t<meta property=\"og:image:type\" content=\"image\/jpeg\" \/>\n<meta name=\"twitter:card\" content=\"summary_large_image\" \/>\n<script type=\"application\/ld+json\" class=\"yoast-schema-graph\">{\"@context\":\"https:\\\/\\\/schema.org\",\"@graph\":[{\"@type\":\"WebPage\",\"@id\":\"https:\\\/\\\/minubaltic.ee\\\/lv\\\/e-pood\\\/davanas\\\/ziepju-roze-davanu-kastite-zilganzala\\\/\",\"url\":\"https:\\\/\\\/minubaltic.ee\\\/lv\\\/e-pood\\\/davanas\\\/ziepju-roze-davanu-kastite-zilganzala\\\/\",\"name\":\"- Kingitused\",\"isPartOf\":{\"@id\":\"https:\\\/\\\/minubaltic.ee\\\/lv\\\/#website\"},\"primaryImageOfPage\":{\"@id\":\"https:\\\/\\\/minubaltic.ee\\\/lv\\\/e-pood\\\/davanas\\\/ziepju-roze-davanu-kastite-zilganzala\\\/#primaryimage\"},\"image\":{\"@id\":\"https:\\\/\\\/minubaltic.ee\\\/lv\\\/e-pood\\\/davanas\\\/ziepju-roze-davanu-kastite-zilganzala\\\/#primaryimage\"},\"thumbnailUrl\":\"https:\\\/\\\/minubaltic.ee\\\/wp-content\\\/uploads\\\/2024\\\/01\\\/rs-1.jpg\",\"datePublished\":\"2024-01-19T14:56:51+00:00\",\"description\":\"Ziepju ro\u017eu d\u0101vanu kaste da\u017e\u0101d\u0101m rotasliet\u0101m ir burv\u012bgs un elegants aksesu\u0101rs, kas apvieno ziedu skaistumu ar rotaslietu kast\u012btes praktiskumu. Valent\u012bna dienas d\u0101vanas\",\"breadcrumb\":{\"@id\":\"https:\\\/\\\/minubaltic.ee\\\/lv\\\/e-pood\\\/davanas\\\/ziepju-roze-davanu-kastite-zilganzala\\\/#breadcrumb\"},\"inLanguage\":\"lv-LV\",\"potentialAction\":[{\"@type\":\"ReadAction\",\"target\":[\"https:\\\/\\\/minubaltic.ee\\\/lv\\\/e-pood\\\/davanas\\\/ziepju-roze-davanu-kastite-zilganzala\\\/\"]}]},{\"@type\":\"ImageObject\",\"inLanguage\":\"lv-LV\",\"@id\":\"https:\\\/\\\/minubaltic.ee\\\/lv\\\/e-pood\\\/davanas\\\/ziepju-roze-davanu-kastite-zilganzala\\\/#primaryimage\",\"url\":\"https:\\\/\\\/minubaltic.ee\\\/wp-content\\\/uploads\\\/2024\\\/01\\\/rs-1.jpg\",\"contentUrl\":\"https:\\\/\\\/minubaltic.ee\\\/wp-content\\\/uploads\\\/2024\\\/01\\\/rs-1.jpg\",\"width\":800,\"height\":800},{\"@type\":\"BreadcrumbList\",\"@id\":\"https:\\\/\\\/minubaltic.ee\\\/lv\\\/e-pood\\\/davanas\\\/ziepju-roze-davanu-kastite-zilganzala\\\/#breadcrumb\",\"itemListElement\":[{\"@type\":\"ListItem\",\"position\":1,\"name\":\"S\u0101kums\",\"item\":\"https:\\\/\\\/minubaltic.ee\\\/lv\\\/\"},{\"@type\":\"ListItem\",\"position\":2,\"name\":\"E-veikals\",\"item\":\"https:\\\/\\\/minubaltic.ee\\\/lv\\\/e-veikals\\\/\"},{\"@type\":\"ListItem\",\"position\":3,\"name\":\"Ziepju roze d\u0101vanu kast\u012bt\u0113 (zilganza\u013ca)\"}]},{\"@type\":\"WebSite\",\"@id\":\"https:\\\/\\\/minubaltic.ee\\\/lv\\\/#website\",\"url\":\"https:\\\/\\\/minubaltic.ee\\\/lv\\\/\",\"name\":\"minubaltic.ee\",\"description\":\"\",\"publisher\":{\"@id\":\"https:\\\/\\\/minubaltic.ee\\\/lv\\\/#organization\"},\"potentialAction\":[{\"@type\":\"SearchAction\",\"target\":{\"@type\":\"EntryPoint\",\"urlTemplate\":\"https:\\\/\\\/minubaltic.ee\\\/lv\\\/?s={search_term_string}\"},\"query-input\":{\"@type\":\"PropertyValueSpecification\",\"valueRequired\":true,\"valueName\":\"search_term_string\"}}],\"inLanguage\":\"lv-LV\"},{\"@type\":\"Organization\",\"@id\":\"https:\\\/\\\/minubaltic.ee\\\/lv\\\/#organization\",\"name\":\"Minu Baltic O\u00dc\",\"url\":\"https:\\\/\\\/minubaltic.ee\\\/lv\\\/\",\"logo\":{\"@type\":\"ImageObject\",\"inLanguage\":\"lv-LV\",\"@id\":\"https:\\\/\\\/minubaltic.ee\\\/lv\\\/#\\\/schema\\\/logo\\\/image\\\/\",\"url\":\"https:\\\/\\\/minubaltic.ee\\\/wp-content\\\/uploads\\\/2023\\\/10\\\/cropped-cropped-cropped-logo.png\",\"contentUrl\":\"https:\\\/\\\/minubaltic.ee\\\/wp-content\\\/uploads\\\/2023\\\/10\\\/cropped-cropped-cropped-logo.png\",\"width\":500,\"height\":237,\"caption\":\"Minu Baltic O\u00dc\"},\"image\":{\"@id\":\"https:\\\/\\\/minubaltic.ee\\\/lv\\\/#\\\/schema\\\/logo\\\/image\\\/\"},\"sameAs\":[\"https:\\\/\\\/www.facebook.com\\\/minubaltic\"]}]}<\/script>\n<!-- \/ Yoast SEO plugin. -->","yoast_head_json":{"title":"- Kingitused","description":"Ziepju ro\u017eu d\u0101vanu kaste da\u017e\u0101d\u0101m rotasliet\u0101m ir burv\u012bgs un elegants aksesu\u0101rs, kas apvieno ziedu skaistumu ar rotaslietu kast\u012btes praktiskumu. Valent\u012bna dienas d\u0101vanas","robots":{"index":"index","follow":"follow","max-snippet":"max-snippet:-1","max-image-preview":"max-image-preview:large","max-video-preview":"max-video-preview:-1"},"canonical":"https:\/\/minubaltic.ee\/lv\/e-pood\/davanas\/ziepju-roze-davanu-kastite-zilganzala\/","og_locale":"lv_LV","og_type":"article","og_title":"- Kingitused","og_description":"Ziepju ro\u017eu d\u0101vanu kaste da\u017e\u0101d\u0101m rotasliet\u0101m ir burv\u012bgs un elegants aksesu\u0101rs, kas apvieno ziedu skaistumu ar rotaslietu kast\u012btes praktiskumu. Valent\u012bna dienas d\u0101vanas","og_url":"https:\/\/minubaltic.ee\/lv\/e-pood\/davanas\/ziepju-roze-davanu-kastite-zilganzala\/","article_publisher":"https:\/\/www.facebook.com\/minubaltic","og_image":[{"width":800,"height":800,"url":"https:\/\/minubaltic.ee\/wp-content\/uploads\/2024\/01\/rs-1.jpg","type":"image\/jpeg"}],"twitter_card":"summary_large_image","schema":{"@context":"https:\/\/schema.org","@graph":[{"@type":"WebPage","@id":"https:\/\/minubaltic.ee\/lv\/e-pood\/davanas\/ziepju-roze-davanu-kastite-zilganzala\/","url":"https:\/\/minubaltic.ee\/lv\/e-pood\/davanas\/ziepju-roze-davanu-kastite-zilganzala\/","name":"- Kingitused","isPartOf":{"@id":"https:\/\/minubaltic.ee\/lv\/#website"},"primaryImageOfPage":{"@id":"https:\/\/minubaltic.ee\/lv\/e-pood\/davanas\/ziepju-roze-davanu-kastite-zilganzala\/#primaryimage"},"image":{"@id":"https:\/\/minubaltic.ee\/lv\/e-pood\/davanas\/ziepju-roze-davanu-kastite-zilganzala\/#primaryimage"},"thumbnailUrl":"https:\/\/minubaltic.ee\/wp-content\/uploads\/2024\/01\/rs-1.jpg","datePublished":"2024-01-19T14:56:51+00:00","description":"Ziepju ro\u017eu d\u0101vanu kaste da\u017e\u0101d\u0101m rotasliet\u0101m ir burv\u012bgs un elegants aksesu\u0101rs, kas apvieno ziedu skaistumu ar rotaslietu kast\u012btes praktiskumu. Valent\u012bna dienas d\u0101vanas","breadcrumb":{"@id":"https:\/\/minubaltic.ee\/lv\/e-pood\/davanas\/ziepju-roze-davanu-kastite-zilganzala\/#breadcrumb"},"inLanguage":"lv-LV","potentialAction":[{"@type":"ReadAction","target":["https:\/\/minubaltic.ee\/lv\/e-pood\/davanas\/ziepju-roze-davanu-kastite-zilganzala\/"]}]},{"@type":"ImageObject","inLanguage":"lv-LV","@id":"https:\/\/minubaltic.ee\/lv\/e-pood\/davanas\/ziepju-roze-davanu-kastite-zilganzala\/#primaryimage","url":"https:\/\/minubaltic.ee\/wp-content\/uploads\/2024\/01\/rs-1.jpg","contentUrl":"https:\/\/minubaltic.ee\/wp-content\/uploads\/2024\/01\/rs-1.jpg","width":800,"height":800},{"@type":"BreadcrumbList","@id":"https:\/\/minubaltic.ee\/lv\/e-pood\/davanas\/ziepju-roze-davanu-kastite-zilganzala\/#breadcrumb","itemListElement":[{"@type":"ListItem","position":1,"name":"S\u0101kums","item":"https:\/\/minubaltic.ee\/lv\/"},{"@type":"ListItem","position":2,"name":"E-veikals","item":"https:\/\/minubaltic.ee\/lv\/e-veikals\/"},{"@type":"ListItem","position":3,"name":"Ziepju roze d\u0101vanu kast\u012bt\u0113 (zilganza\u013ca)"}]},{"@type":"WebSite","@id":"https:\/\/minubaltic.ee\/lv\/#website","url":"https:\/\/minubaltic.ee\/lv\/","name":"minubaltic.ee","description":"","publisher":{"@id":"https:\/\/minubaltic.ee\/lv\/#organization"},"potentialAction":[{"@type":"SearchAction","target":{"@type":"EntryPoint","urlTemplate":"https:\/\/minubaltic.ee\/lv\/?s={search_term_string}"},"query-input":{"@type":"PropertyValueSpecification","valueRequired":true,"valueName":"search_term_string"}}],"inLanguage":"lv-LV"},{"@type":"Organization","@id":"https:\/\/minubaltic.ee\/lv\/#organization","name":"Minu Baltic O\u00dc","url":"https:\/\/minubaltic.ee\/lv\/","logo":{"@type":"ImageObject","inLanguage":"lv-LV","@id":"https:\/\/minubaltic.ee\/lv\/#\/schema\/logo\/image\/","url":"https:\/\/minubaltic.ee\/wp-content\/uploads\/2023\/10\/cropped-cropped-cropped-logo.png","contentUrl":"https:\/\/minubaltic.ee\/wp-content\/uploads\/2023\/10\/cropped-cropped-cropped-logo.png","width":500,"height":237,"caption":"Minu Baltic O\u00dc"},"image":{"@id":"https:\/\/minubaltic.ee\/lv\/#\/schema\/logo\/image\/"},"sameAs":["https:\/\/www.facebook.com\/minubaltic"]}]}},"_links":{"self":[{"href":"https:\/\/minubaltic.ee\/lv\/wp-json\/wp\/v2\/product\/22247","targetHints":{"allow":["GET"]}}],"collection":[{"href":"https:\/\/minubaltic.ee\/lv\/wp-json\/wp\/v2\/product"}],"about":[{"href":"https:\/\/minubaltic.ee\/lv\/wp-json\/wp\/v2\/types\/product"}],"replies":[{"embeddable":true,"href":"https:\/\/minubaltic.ee\/lv\/wp-json\/wp\/v2\/comments?post=22247"}],"version-history":[{"count":0,"href":"https:\/\/minubaltic.ee\/lv\/wp-json\/wp\/v2\/product\/22247\/revisions"}],"wp:featuredmedia":[{"embeddable":true,"href":"https:\/\/minubaltic.ee\/lv\/wp-json\/wp\/v2\/media\/22248"}],"wp:attachment":[{"href":"https:\/\/minubaltic.ee\/lv\/wp-json\/wp\/v2\/media?parent=22247"}],"wp:term":[{"taxonomy":"product_brand","embeddable":true,"href":"https:\/\/minubaltic.ee\/lv\/wp-json\/wp\/v2\/product_brand?post=22247"},{"taxonomy":"product_cat","embeddable":true,"href":"https:\/\/minubaltic.ee\/lv\/wp-json\/wp\/v2\/product_cat?post=22247"},{"taxonomy":"product_tag","embeddable":true,"href":"https:\/\/minubaltic.ee\/lv\/wp-json\/wp\/v2\/product_tag?post=22247"}],"curies":[{"name":"wp","href":"https:\/\/api.w.org\/{rel}","templated":true}]}}